{"id":9414,"date":"2026-02-25T12:25:31","date_gmt":"2026-02-25T11:25:31","guid":{"rendered":"https:\/\/www.blakors.no\/kristiansand\/?page_id=9414"},"modified":"2026-02-25T15:08:26","modified_gmt":"2026-02-25T14:08:26","slug":"om-bla-kors-vennesla","status":"publish","type":"page","link":"https:\/\/www.blakors.no\/kristiansand\/virksomheter\/bla-kors-vennesla\/om-bla-kors-vennesla\/","title":{"rendered":"Om Bl\u00e5 Kors Vennesla"},"content":{"rendered":"<div class=\"custom-block-banner alignwide contenthalf\"><div class=\"banner-image\" style=\"background-image:url(https:\/\/www.blakors.no\/content\/uploads\/sites\/11\/2025\/05\/Stine-A.-Nilsen-1024x768.jpg)\"><\/div><div class=\"banner-inner\"><div><h1 id=\"i-sentrum-star-et-menneske\"  class=\"title small \" >I sentrum st\u00e5r et menneske<\/h1><p>Med hjerte, kunnskap og kraft skaper Bl\u00e5 Kors mulighet for mestring og mening. I over 15 \u00e5r har Bl\u00e5 Kors mulighetenes hus jobbet for at Vennesla skal v\u00e6re et bedre sted \u00e5 vokse opp i og \u00e5 bo i.<\/p><\/div><\/div><\/div>\n\n<nav class=\"is-responsive items-justified-center wp-block-navigation is-content-justification-center is-layout-flex wp-container-core-navigation-is-layout-16018d1d wp-block-navigation-is-layout-flex\" aria-label=\"Meny\" \n\t\t data-wp-interactive=\"core\/navigation\" data-wp-context='{\"overlayOpenedBy\":{\"click\":false,\"hover\":false,\"focus\":false},\"type\":\"overlay\",\"roleAttribute\":\"\",\"ariaLabel\":\"Meny\"}'><button aria-haspopup=\"dialog\" aria-label=\"\u00c5pne meny\" class=\"wp-block-navigation__responsive-container-open\" \n\t\t\t\tdata-wp-on-async--click=\"actions.openMenuOnClick\"\n\t\t\t\tdata-wp-on--keydown=\"actions.handleMenuKeydown\"\n\t\t\t><svg width=\"24\" height=\"24\" xmlns=\"http:\/\/www.w3.org\/2000\/svg\" viewBox=\"0 0 24 24\" aria-hidden=\"true\" focusable=\"false\"><rect x=\"4\" y=\"7.5\" width=\"16\" height=\"1.5\" \/><rect x=\"4\" y=\"15\" width=\"16\" height=\"1.5\" \/><\/svg><\/button>\n\t\t\t\t<div class=\"wp-block-navigation__responsive-container\"  id=\"modal-1\" \n\t\t\t\tdata-wp-class--has-modal-open=\"state.isMenuOpen\"\n\t\t\t\tdata-wp-class--is-menu-open=\"state.isMenuOpen\"\n\t\t\t\tdata-wp-watch=\"callbacks.initMenu\"\n\t\t\t\tdata-wp-on--keydown=\"actions.handleMenuKeydown\"\n\t\t\t\tdata-wp-on-async--focusout=\"actions.handleMenuFocusout\"\n\t\t\t\ttabindex=\"-1\"\n\t\t\t>\n\t\t\t\t\t<div class=\"wp-block-navigation__responsive-close\" tabindex=\"-1\">\n\t\t\t\t\t\t<div class=\"wp-block-navigation__responsive-dialog\" \n\t\t\t\tdata-wp-bind--aria-modal=\"state.ariaModal\"\n\t\t\t\tdata-wp-bind--aria-label=\"state.ariaLabel\"\n\t\t\t\tdata-wp-bind--role=\"state.roleAttribute\"\n\t\t\t>\n\t\t\t\t\t\t\t<button aria-label=\"Lukk meny\" class=\"wp-block-navigation__responsive-container-close\" \n\t\t\t\tdata-wp-on-async--click=\"actions.closeMenuOnClick\"\n\t\t\t><svg xmlns=\"http:\/\/www.w3.org\/2000\/svg\" viewBox=\"0 0 24 24\" width=\"24\" height=\"24\" aria-hidden=\"true\" focusable=\"false\"><path d=\"m13.06 12 6.47-6.47-1.06-1.06L12 10.94 5.53 4.47 4.47 5.53 10.94 12l-6.47 6.47 1.06 1.06L12 13.06l6.47 6.47 1.06-1.06L13.06 12Z\"><\/path><\/svg><\/button>\n\t\t\t\t\t\t\t<div class=\"wp-block-navigation__responsive-container-content\" \n\t\t\t\tdata-wp-watch=\"callbacks.focusFirstElement\"\n\t\t\t id=\"modal-1-content\">\n\t\t\t\t\t\t\t\t\n<div class=\"wp-block-buttons is-layout-flex wp-block-buttons-is-layout-flex\">\n<div class=\"wp-block-button\"><a class=\"wp-block-button__link wp-element-button\" href=\"https:\/\/www.blakors.no\/kristiansand\/virksomheter\/bla-kors-vennesla\/\">Bl\u00e5 Kors Vennesla<\/a><\/div>\n<\/div>\n\n<div class=\"wp-block-buttons is-layout-flex wp-block-buttons-is-layout-flex\">\n<div class=\"wp-block-button\"><a class=\"wp-block-button__link wp-element-button\" href=\"https:\/\/www.blakors.no\/kristiansand\/virksomheter\/bla-kors-vennesla\/arbeid-turer-aktiviteter\/\">Aktiviteter<\/a><\/div>\n<\/div>\n\n<div class=\"wp-block-buttons is-layout-flex wp-block-buttons-is-layout-flex\">\n<div class=\"wp-block-button\"><a class=\"wp-block-button__link wp-element-button\" href=\"https:\/\/www.blakors.no\/kristiansand\/virksomheter\/bla-kors-vennesla\/gruppetilbud\/\">Gruppetilbud<\/a><\/div>\n<\/div>\n\n<div class=\"wp-block-buttons is-layout-flex wp-block-buttons-is-layout-flex\">\n<div class=\"wp-block-button\"><a class=\"wp-block-button__link wp-element-button\" href=\"https:\/\/www.blakors.no\/kristiansand\/virksomheter\/bla-kors-vennesla\/om-bla-kors-vennesla\/\">Om Bl\u00e5 Kors Vennesla<\/a><\/div>\n<\/div>\n\n\t\t\t\t\t\t\t<\/div>\n\t\t\t\t\t\t<\/div>\n\t\t\t\t\t<\/div>\n\t\t\t\t<\/div><\/nav>\n\n\n<p><strong>Bl\u00e5 Kors mulighetenes hus er en frivillig organisasjon som ble startet i 2009. I 2025 ble vi en del av Bl\u00e5 Kors Kristiansand, og er n\u00e5 en virksomhet der. Vi tilbyr hjelp og st\u00f8tte for mennesker i ulike livssituasjoner, med tilbud innenfor forebyggende sosialt arbeid med en tydelig milj\u00f8profil.<\/strong><\/p>\n\n\n\n<p>Mange av dem som benytter seg av v\u00e5re tilbud har slitt, eller sliter fortsatt med ulike problemer knyttet til rus, arbeidsl\u00f8shet, d\u00e5rlig \u00f8konomi, psykiske utfordringer, kriminalitet og helseutfordringer. I tillegg er mange av de som benytter seg av tilbudet v\u00e5rt, flerkulturelle med behov for hjelp til integrering, f\u00e5 et st\u00f8rre nettverk og et sosialt felleskap.<\/p>\n\n\n\n<p>Vi \u00f8nsker \u00e5 bidra til varige endringer gjennom en langsiktig og helhetlig oppf\u00f8lging. Endringer skjer ved \u00e5 bruke god tid p\u00e5 den enkelte. Vi tilbyr individuell oppf\u00f8lging, men jobber ogs\u00e5 ut ifra en systemteoretisk tiln\u00e6rming. Det vil si at vi gir tilbud til familien og systemet individet befinner seg i, der det er \u00f8nskelig.<\/p>\n\n\n\n<blockquote class=\"wp-block-quote is-layout-flow wp-block-quote-is-layout-flow\">\n<p>Vi \u00f8nsker \u00e5 skape muligheter for mennesker og familier gjennom \u00e5 se deres ressurser, og der hele familiene kan f\u00e5 hjelp til \u00e5 bryte ut av uhensiktsmessige livsm\u00f8nstre de eventuelt befinner seg i.<\/p>\n<\/blockquote>\n\n\n\n<p><strong>M\u00e5lsetting:<\/strong><\/p>\n\n\n\n<ul class=\"wp-block-list\">\n<li>\u00c5 bidra til integrering.<\/li>\n\n\n\n<li>\u00c5 hjelpe med \u00e5 bryte uheldige m\u00f8nstre som videref\u00f8res i generasjoner.<\/li>\n\n\n\n<li>\u00c5 hjelpe med \u00e5 skape mening og mestring.<\/li>\n\n\n\n<li>\u00c5 legge til rette for prosesser som skaper positiv vekst og utvikling hos den enkelte og i det familiesystemet den enkelte er en del av.<\/li>\n\n\n\n<li>\u00c5 hjelpe folk ut i arbeid.<\/li>\n\n\n\n<li>\u00c5 hjelpe foreldre til \u00e5 m\u00f8te og forst\u00e5 barna sine signaler og behov.<\/li>\n\n\n\n<li>\u00c5 bidra til \u00f8kt nettverk og sosialt felleskap.<\/li>\n<\/ul>\n\n\n\n<h2 id=\"faglig-forankring\"  class=\"wp-block-heading\" >Faglig forankring<\/h2>\n\n\n<div class=\"t2-accordion wp-block-t2-accordion\" data-allow-multiple=\"1\" role=\"list\">\n<div class=\"t2-accordion-item wp-block-t2-accordion-item\" role=\"listitem\">\n\t\t\t<h2 class=\"t2-accordion-title\">\n\t\t\t\t<button type=\"button\" class=\"t2-accordion-trigger\" id=\"l\u00f8sningsfokusert-tiln\u00e6rming-(l\u00f8ft)\" aria-controls=\"accordion-panel\" aria-expanded=\"false\">\n\t\t\t\t\tL\u00f8sningsfokusert tiln\u00e6rming (L\u00d8FT)\n\t\t\t\t\t<span class=\"t2-accordion-icon is-closed-icon\"><svg xmlns=\"http:\/\/www.w3.org\/2000\/svg\" viewBox=\"0 0 24 24\" height=\"24\" width=\"24\" class=\"t2-icon t2-icon-chevrondown\" aria-hidden=\"true\" focusable=\"false\"><path d=\"M12 14.9c-.1 0-.3 0-.4-.1-.1 0-.2-.1-.3-.2L6.7 10c-.2-.1-.3-.4-.3-.6 0-.3.1-.5.3-.7.2-.2.4-.3.7-.3s.5.1.7.3l3.9 3.9 3.9-3.9c.2-.2.4-.3.7-.3.3 0 .5.1.7.3.2.2.3.4.3.7s-.1.5-.3.7l-4.6 4.6c-.1.1-.2.2-.3.2H12z\" fill=\"currentColor\" \/><\/svg><\/span>\n\t\t\t\t\t<span class=\"t2-accordion-icon is-open-icon\"><svg xmlns=\"http:\/\/www.w3.org\/2000\/svg\" viewBox=\"0 0 24 24\" height=\"24\" width=\"24\" class=\"t2-icon t2-icon-chevronup\" aria-hidden=\"true\" focusable=\"false\"><path d=\"M6.7 14.7c-.2-.2-.3-.4-.3-.7s.1-.5.3-.7l4.6-4.6c.1-.1.2-.2.3-.2.1 0 .2-.1.4-.1.1 0 .3 0 .4.1.1 0 .2.1.3.2l4.6 4.6c.2.2.3.4.3.7s-.1.5-.3.7c-.2.2-.4.3-.7.3s-.5-.1-.7-.3L12 10.8l-3.9 3.9c-.2.2-.4.3-.7.3s-.5-.1-.7-.3z\" fill=\"currentColor\" \/><\/svg><\/span>\n\t\t\t\t<\/button>\n\t\t\t<\/h2>\n\t\t\t<div class=\"t2-accordion-item__inner-container is-layout-flow\" id=\"accordion-panel\" aria-labelledby=\"l\u00f8sningsfokusert-tiln\u00e6rming-(l\u00f8ft)\" role=\"region\" hidden>\n\t\t\t\t\n\n<p><em>\u00abVi \u00f8nsker \u00e5 fokusere p\u00e5 den enkeltes ressurser<br>og ikke begrensinger\u00bb.<\/em><\/p>\n\n\n\n<p>Metodikken fra L\u00d8FT preger v\u00e5r veiledning p\u00e5 Bl\u00e5 Kors Mulighetenes hus. Det \u00e5 se muligheter og ressurser i m\u00f8te med mennesker fremfor \u00e5 ha et problemfokus er verdifullt. L\u00d8FT innenfor veiledning bygger p\u00e5\u030a at \u00ab\u00f8nsket endring\u00bb skjer raskere n\u00e5r vi leter etter det som virker, framfor \u00e5 finne ut av hva som ikke gj\u00f8r det. Hvordan vi bruker spr\u00e5ket har stor innvirkningen p\u00e5\u030a deltagerne og vi opplever at det \u00e5 ha et problemorientert spr\u00e5k i m\u00f8te med mennesker, ofte forsterker problemene. Med dette tenker vi at deltakeren kan oppleve en gjenskapelse av negative f\u00f8lelser rundt seg selv og egne utfordringer om man hele tiden konfronterer vedkomne med feil og mangler, fremfor \u00e5 l\u00f8fte ressursene til deltakeren.<\/p>\n\n\n\n<p>Vi fokuserer p\u00e5 alle de sm\u00e5\u030a, konkrete, realistiske endringene som vi ser hos den enkelte. P\u00e5\u030a denne m\u00e5ten vil sannsynligheten for \u00e5 lykkes \u00f8ke, og de sm\u00e5 forandringene vil etter hvert kunne utl\u00f8se st\u00f8rre forandringer.u selv fikk. Eller kanskje fordi du rett og slett vil bli en tryggere og mer tilstedev\u00e6rende mamma.<\/p>\n\n\n\t\t\t<\/div>\n\t\t<\/div>\n\n<div class=\"t2-accordion-item wp-block-t2-accordion-item\" role=\"listitem\">\n\t\t\t<h2 class=\"t2-accordion-title\">\n\t\t\t\t<button type=\"button\" class=\"t2-accordion-trigger\" id=\"systemteoretisk-tiln\u00e6rming\" aria-controls=\"accordion-panel-1\" aria-expanded=\"false\">\n\t\t\t\t\tSystemteoretisk tiln\u00e6rming\n\t\t\t\t\t<span class=\"t2-accordion-icon is-closed-icon\"><svg xmlns=\"http:\/\/www.w3.org\/2000\/svg\" viewBox=\"0 0 24 24\" height=\"24\" width=\"24\" class=\"t2-icon t2-icon-chevrondown\" aria-hidden=\"true\" focusable=\"false\"><path d=\"M12 14.9c-.1 0-.3 0-.4-.1-.1 0-.2-.1-.3-.2L6.7 10c-.2-.1-.3-.4-.3-.6 0-.3.1-.5.3-.7.2-.2.4-.3.7-.3s.5.1.7.3l3.9 3.9 3.9-3.9c.2-.2.4-.3.7-.3.3 0 .5.1.7.3.2.2.3.4.3.7s-.1.5-.3.7l-4.6 4.6c-.1.1-.2.2-.3.2H12z\" fill=\"currentColor\" \/><\/svg><\/span>\n\t\t\t\t\t<span class=\"t2-accordion-icon is-open-icon\"><svg xmlns=\"http:\/\/www.w3.org\/2000\/svg\" viewBox=\"0 0 24 24\" height=\"24\" width=\"24\" class=\"t2-icon t2-icon-chevronup\" aria-hidden=\"true\" focusable=\"false\"><path d=\"M6.7 14.7c-.2-.2-.3-.4-.3-.7s.1-.5.3-.7l4.6-4.6c.1-.1.2-.2.3-.2.1 0 .2-.1.4-.1.1 0 .3 0 .4.1.1 0 .2.1.3.2l4.6 4.6c.2.2.3.4.3.7s-.1.5-.3.7c-.2.2-.4.3-.7.3s-.5-.1-.7-.3L12 10.8l-3.9 3.9c-.2.2-.4.3-.7.3s-.5-.1-.7-.3z\" fill=\"currentColor\" \/><\/svg><\/span>\n\t\t\t\t<\/button>\n\t\t\t<\/h2>\n\t\t\t<div class=\"t2-accordion-item__inner-container is-layout-flow\" id=\"accordion-panel-1\" aria-labelledby=\"systemteoretisk-tiln\u00e6rming\" role=\"region\" hidden>\n\t\t\t\t\n\n<p><em>\u00abFor \u00e5 forst\u00e5 et individs utfordring, vil en systematisk tenkem\u00e5te kunne<\/em><br><em>hjelpe med \u00e5 se helheten i individets situasjon\u00bb.<\/em><\/p>\n\n\n\n<p>Bl\u00e5 kors mulighetenes hus bruker en systemteoretisk tiln\u00e6rming &nbsp;som en forst\u00e5elsesramme knyttet til hvordan vi ser og m\u00f8ter mennesker p\u00e5 (Nordahl, 2005). I tillegg er denne tiln\u00e6rmingen s\u00e6rlig sentral i kartleggingen av de familiene som kommer til oss og hvordan vi videre kan hjelpe dem.<\/p>\n\n\n\n<p>Vi mener at det er i samspill med v\u00e5re omgivelser at vi utvikler oss. Det vil si at ulike komponenter kan fremme eller hemme sunnhet, trivsel og gode oppvekstmuligheter for et individ. Dette skjer igjen i et komplekst system gjennom familie, skole, arbeidsliv og fritid. Vi mener derfor det er viktig \u00e5 ikke bare m\u00f8te hver enkelt som et individ med et problem, men se individet og utfordringen i sammenheng med det systemet individet er en del av (\u00d8stvik, 2009). selv fikk. Eller kanskje fordi du rett og slett vil bli en tryggere og mer tilstedev\u00e6rende pappa.<\/p>\n\n\n\t\t\t<\/div>\n\t\t<\/div>\n\n<div class=\"t2-accordion-item wp-block-t2-accordion-item\" role=\"listitem\">\n\t\t\t<h2 class=\"t2-accordion-title\">\n\t\t\t\t<button type=\"button\" class=\"t2-accordion-trigger\" id=\"traumebeisst-omsorg-(tbo)\" aria-controls=\"accordion-panel-2\" aria-expanded=\"false\">\n\t\t\t\t\tTraumebeisst omsorg (TBO)\n\t\t\t\t\t<span class=\"t2-accordion-icon is-closed-icon\"><svg xmlns=\"http:\/\/www.w3.org\/2000\/svg\" viewBox=\"0 0 24 24\" height=\"24\" width=\"24\" class=\"t2-icon t2-icon-chevrondown\" aria-hidden=\"true\" focusable=\"false\"><path d=\"M12 14.9c-.1 0-.3 0-.4-.1-.1 0-.2-.1-.3-.2L6.7 10c-.2-.1-.3-.4-.3-.6 0-.3.1-.5.3-.7.2-.2.4-.3.7-.3s.5.1.7.3l3.9 3.9 3.9-3.9c.2-.2.4-.3.7-.3.3 0 .5.1.7.3.2.2.3.4.3.7s-.1.5-.3.7l-4.6 4.6c-.1.1-.2.2-.3.2H12z\" fill=\"currentColor\" \/><\/svg><\/span>\n\t\t\t\t\t<span class=\"t2-accordion-icon is-open-icon\"><svg xmlns=\"http:\/\/www.w3.org\/2000\/svg\" viewBox=\"0 0 24 24\" height=\"24\" width=\"24\" class=\"t2-icon t2-icon-chevronup\" aria-hidden=\"true\" focusable=\"false\"><path d=\"M6.7 14.7c-.2-.2-.3-.4-.3-.7s.1-.5.3-.7l4.6-4.6c.1-.1.2-.2.3-.2.1 0 .2-.1.4-.1.1 0 .3 0 .4.1.1 0 .2.1.3.2l4.6 4.6c.2.2.3.4.3.7s-.1.5-.3.7c-.2.2-.4.3-.7.3s-.5-.1-.7-.3L12 10.8l-3.9 3.9c-.2.2-.4.3-.7.3s-.5-.1-.7-.3z\" fill=\"currentColor\" \/><\/svg><\/span>\n\t\t\t\t<\/button>\n\t\t\t<\/h2>\n\t\t\t<div class=\"t2-accordion-item__inner-container is-layout-flow\" id=\"accordion-panel-2\" aria-labelledby=\"traumebeisst-omsorg-(tbo)\" role=\"region\" hidden>\n\t\t\t\t\n\n<p>\u00ab<em>Vi \u00f8nsker \u00e5 se mennesker i lys av det de har opplevd,&nbsp;og i lys av det de IKKE har opplevd\u00bb.&nbsp;(RVTSs\u00f8r.no)<\/em><\/p>\n\n\n\n<p>Vi er opptatt av \u00e5 fremme en kultur hvor vi skal se hverandre nettopp i lys av det vi har opplevd. Dette inneb\u00e6rer respekt for hverandres reaksjonsm\u00f8nstre og at vi viser raushet overfor hverandre og ser hverandre. I en traumebevisst tiln\u00e6rming er man opptatt av \u00e5 ikke bare t\u00e5le det vonde mennesker har opplevd, men ogs\u00e5 og ettersp\u00f8r deres ressurser. Dette er en viktig tiln\u00e6rming s\u00e6rlig knyttet til barn- og ungdomsarbeidet v\u00e5rt. TBO er ikke en metode, men snarere en forst\u00e5elsesramme som tar h\u00f8yde for barn og unges livsbetingelser. Forst\u00e5elsesrammen vil kunne gi konkrete redskap i m\u00f8te med krevende og utfordrende adferd, samt en st\u00f8rre forst\u00e5else for hva adferden deres betyr (RVTS.s\u00f8r.no).<\/p>\n\n\n\n<p>Vi mener ogs\u00e5 at denne forst\u00e5elsesrammen kan videref\u00f8res til de voksne. S\u00e6rlig gjennom fokusgrupper er TBO en viktig tiln\u00e6rming. Innf\u00f8ring i TBO for deltakerne kan gi dem en st\u00f8rre forst\u00e5else av seg selv og hvordan det de har opplevd tidligere i livet, kan p\u00e5virke dem i dag.&nbsp;P\u00e5 den m\u00e5ten kan de bli bevisst p\u00e5 egne reaksjonsm\u00f8nstre og det kan v\u00e6re en vei til videre utvikling.&nbsp;Ved \u00e5 \u00f8ke deres kompetanse om hvordan hjernen fungerer og hvordan den formes fra tidlig barne\u00e5r, \u00e5pnes det opp for at de kan bryte et mulig arvelig m\u00f8nster som bringes videre fra deres oppvekst til egne barn.<\/p>\n\n\n\t\t\t<\/div>\n\t\t<\/div>\n<\/div>\n\n\n<h2 id=\"ansatte-og-tidgivere\"  class=\"wp-block-heading\" >Ansatte og Tidgivere<\/h2>\n\n\n\n<p>Bl\u00e5 Kors mulighetenes hus drives av seks ansatte i deltidsstillinger. I tillegg har vi mange uvurderlige mennesker som hver dag gir av sin tid hos oss. Vi driver med st\u00f8tte fra statlige- og kommunale midler, gaver fra bedrifter, private givere og omsetning fra kaf\u00e9 og arrangementer.<\/p>\n\n\n\n<p>Vi har fokus p\u00e5 b\u00e5de \u00abhjerte, kunnskap og kraft\u00bb: De ansatte p\u00e5 Bl\u00e5 Kors mulighetenes hus er fagpersoner fra flere ulike bransjer. Blant annet innen helse, sosialt arbeid, psykologi, teologi, pedagogikk, m.m.<\/p>\n\n\n\n<div class=\"wp-block-columns is-layout-flex wp-container-core-columns-is-layout-9d6595d7 wp-block-columns-is-layout-flex\">\n<div class=\"wp-block-column is-layout-flow wp-block-column-is-layout-flow\">\n<div class=\"custom-block-factbox\">\n\t<h3 id=\"fokusgrupper\"  ><span class=\"kt-blocks-info-box-link-wrap info-box-link kt-blocks-info-box-media-align-top kt-info-halign-center\">Fokusgrupper<\/span><\/h3>\n<p><span class=\"kt-blocks-info-box-link-wrap info-box-link kt-blocks-info-box-media-align-top kt-info-halign-center\">I gruppene legges det vekt p\u00e5 \u00e5 bygge trygge fellesskap som motiverer til gode livsprosesser. M\u00e5let med gruppene er \u00e5 fremme selvutvikling og oppleve mestring, i tillegg er dette et foreldreveiledende tilbud<\/span>.<\/p>\n<\/div>\n<\/div>\n\n\n\n<div class=\"wp-block-column is-layout-flow wp-block-column-is-layout-flow\">\n<div class=\"custom-block-factbox\">\n\t<h3 id=\"arbeidserfaring\"  >Arbeidserfaring<\/h3>\n<p><span class=\"kt-blocks-info-box-link-wrap info-box-link kt-blocks-info-box-media-align-top kt-info-halign-center\">Vi tilbyr ulike arenaer for \u00e5 opparbeide seg arbeidserfaring og aktivisering for mennesker som har utfordringer med \u00e5 m\u00f8te kravene i det ordin\u00e6re arbeidslivet. Hovedm\u00e5let er \u00e5 hjelpe deltakeren ut i arbeid i en ordin\u00e6r bedrift, videre utdanning eller annen aktivitet.<\/span><\/p>\n<\/div>\n<\/div>\n\n\n\n<div class=\"wp-block-column is-layout-flow wp-block-column-is-layout-flow\">\n<div class=\"custom-block-factbox\">\n\t<h3 id=\"aktiviteter\"  >Aktiviteter<\/h3>\n<p><span class=\"kt-blocks-info-box-link-wrap info-box-link kt-blocks-info-box-media-align-top kt-info-halign-center\">Har du lyst \u00e5 bli med og f\u00e5 et st\u00f8rre sosialt nettverk? Bl\u00e5 Kors mulighetenes hus arrangerer turer og aktiviteter. Alt fra turer i Dyreparken, F\u00e5rup, grillfest, gratis barnebursdag, lekeland, tur i skog og mark etc.<\/span><\/p>\n<\/div>\n<\/div>\n<\/div>\n","protected":false},"excerpt":{"rendered":"<p>Bl\u00e5 Kors mulighetenes hus er en frivillig organisasjon som ble startet i 2009. I 2025 ble vi en del av Bl\u00e5 Kors Kristiansand, og er n\u00e5 en virksomhet der. Vi tilbyr hjelp og st\u00f8tte for mennesker i ulike livssituasjoner, med tilbud innenfor forebyggende sosialt arbeid med en tydelig milj\u00f8profil. Mange av dem som benytter seg [&hellip;]<\/p>\n","protected":false},"author":25,"featured_media":9199,"parent":8606,"menu_order":0,"comment_status":"closed","ping_status":"closed","template":"","meta":{"_acf_changed":false,"_relevanssi_hide_post":"","_relevanssi_hide_content":"","_relevanssi_pin_for_all":"on","_relevanssi_pin_keywords":"bl&aring; kors vennesla","_relevanssi_unpin_keywords":"","_relevanssi_related_keywords":"","_relevanssi_related_include_ids":"","_relevanssi_related_exclude_ids":"","_relevanssi_related_no_append":"","_relevanssi_related_not_related":"","_relevanssi_related_posts":"4147,4130,3765,4095,4103,4163","_relevanssi_noindex_reason":"","_custom_cards_description":"","footnotes":""},"class_list":["post-9414","page","type-page","status-publish","has-post-thumbnail","hentry"],"acf":[],"_links":{"self":[{"href":"https:\/\/www.blakors.no\/kristiansand\/wp-json\/wp\/v2\/pages\/9414","targetHints":{"allow":["GET"]}}],"collection":[{"href":"https:\/\/www.blakors.no\/kristiansand\/wp-json\/wp\/v2\/pages"}],"about":[{"href":"https:\/\/www.blakors.no\/kristiansand\/wp-json\/wp\/v2\/types\/page"}],"author":[{"embeddable":true,"href":"https:\/\/www.blakors.no\/kristiansand\/wp-json\/wp\/v2\/users\/25"}],"replies":[{"embeddable":true,"href":"https:\/\/www.blakors.no\/kristiansand\/wp-json\/wp\/v2\/comments?post=9414"}],"version-history":[{"count":3,"href":"https:\/\/www.blakors.no\/kristiansand\/wp-json\/wp\/v2\/pages\/9414\/revisions"}],"predecessor-version":[{"id":9451,"href":"https:\/\/www.blakors.no\/kristiansand\/wp-json\/wp\/v2\/pages\/9414\/revisions\/9451"}],"up":[{"embeddable":true,"href":"https:\/\/www.blakors.no\/kristiansand\/wp-json\/wp\/v2\/pages\/8606"}],"wp:featuredmedia":[{"embeddable":true,"href":"https:\/\/www.blakors.no\/kristiansand\/wp-json\/wp\/v2\/media\/9199"}],"wp:attachment":[{"href":"https:\/\/www.blakors.no\/kristiansand\/wp-json\/wp\/v2\/media?parent=9414"}],"curies":[{"name":"wp","href":"https:\/\/api.w.org\/{rel}","templated":true}]}}