{"id":9424,"date":"2026-02-25T14:46:29","date_gmt":"2026-02-25T13:46:29","guid":{"rendered":"https:\/\/www.blakors.no\/kristiansand\/?page_id=9424"},"modified":"2026-03-24T14:05:01","modified_gmt":"2026-03-24T13:05:01","slug":"arbeid-turer-aktiviteter","status":"publish","type":"page","link":"https:\/\/www.blakors.no\/kristiansand\/virksomheter\/bla-kors-vennesla\/arbeid-turer-aktiviteter\/","title":{"rendered":"Arbeid, turer og aktiviteter"},"content":{"rendered":"<div class=\"custom-block-banner alignwide contenthalf\"><div class=\"banner-image\" style=\"background-image:url(https:\/\/www.blakors.no\/content\/uploads\/sites\/11\/2026\/02\/Barn-leker-1024x662.jpg)\"><\/div><div class=\"banner-inner\"><div><h1 id=\"arbeid-turer-og-aktiviteter\"  class=\"title small \" >Arbeid, turer og aktiviteter<\/h1><p>Gjennom m\u00e5lrettede tiltak, gode fellesskap og trygge aktiviteter \u00f8nsker vi \u00e5 forebygge ensomhet, rusproblemer, psykisk uhelse, fattigdom og andre former for utenforskap.<\/p><\/div><\/div><\/div>\n\n<nav class=\"is-responsive items-justified-center wp-block-navigation is-content-justification-center is-layout-flex wp-container-core-navigation-is-layout-16018d1d wp-block-navigation-is-layout-flex\" aria-label=\"Meny\" \n\t\t data-wp-interactive=\"core\/navigation\" data-wp-context='{\"overlayOpenedBy\":{\"click\":false,\"hover\":false,\"focus\":false},\"type\":\"overlay\",\"roleAttribute\":\"\",\"ariaLabel\":\"Meny\"}'><button aria-haspopup=\"dialog\" aria-label=\"\u00c5pne meny\" class=\"wp-block-navigation__responsive-container-open\" \n\t\t\t\tdata-wp-on-async--click=\"actions.openMenuOnClick\"\n\t\t\t\tdata-wp-on--keydown=\"actions.handleMenuKeydown\"\n\t\t\t><svg width=\"24\" height=\"24\" xmlns=\"http:\/\/www.w3.org\/2000\/svg\" viewBox=\"0 0 24 24\" aria-hidden=\"true\" focusable=\"false\"><rect x=\"4\" y=\"7.5\" width=\"16\" height=\"1.5\" \/><rect x=\"4\" y=\"15\" width=\"16\" height=\"1.5\" \/><\/svg><\/button>\n\t\t\t\t<div class=\"wp-block-navigation__responsive-container\"  id=\"modal-1\" \n\t\t\t\tdata-wp-class--has-modal-open=\"state.isMenuOpen\"\n\t\t\t\tdata-wp-class--is-menu-open=\"state.isMenuOpen\"\n\t\t\t\tdata-wp-watch=\"callbacks.initMenu\"\n\t\t\t\tdata-wp-on--keydown=\"actions.handleMenuKeydown\"\n\t\t\t\tdata-wp-on-async--focusout=\"actions.handleMenuFocusout\"\n\t\t\t\ttabindex=\"-1\"\n\t\t\t>\n\t\t\t\t\t<div class=\"wp-block-navigation__responsive-close\" tabindex=\"-1\">\n\t\t\t\t\t\t<div class=\"wp-block-navigation__responsive-dialog\" \n\t\t\t\tdata-wp-bind--aria-modal=\"state.ariaModal\"\n\t\t\t\tdata-wp-bind--aria-label=\"state.ariaLabel\"\n\t\t\t\tdata-wp-bind--role=\"state.roleAttribute\"\n\t\t\t>\n\t\t\t\t\t\t\t<button aria-label=\"Lukk meny\" class=\"wp-block-navigation__responsive-container-close\" \n\t\t\t\tdata-wp-on-async--click=\"actions.closeMenuOnClick\"\n\t\t\t><svg xmlns=\"http:\/\/www.w3.org\/2000\/svg\" viewBox=\"0 0 24 24\" width=\"24\" height=\"24\" aria-hidden=\"true\" focusable=\"false\"><path d=\"m13.06 12 6.47-6.47-1.06-1.06L12 10.94 5.53 4.47 4.47 5.53 10.94 12l-6.47 6.47 1.06 1.06L12 13.06l6.47 6.47 1.06-1.06L13.06 12Z\"><\/path><\/svg><\/button>\n\t\t\t\t\t\t\t<div class=\"wp-block-navigation__responsive-container-content\" \n\t\t\t\tdata-wp-watch=\"callbacks.focusFirstElement\"\n\t\t\t id=\"modal-1-content\">\n\t\t\t\t\t\t\t\t\n<div class=\"wp-block-buttons is-layout-flex wp-block-buttons-is-layout-flex\">\n<div class=\"wp-block-button\"><a class=\"wp-block-button__link wp-element-button\" href=\"https:\/\/www.blakors.no\/kristiansand\/virksomheter\/bla-kors-vennesla\/\">Bl\u00e5 Kors Vennesla<\/a><\/div>\n<\/div>\n\n<div class=\"wp-block-buttons is-layout-flex wp-block-buttons-is-layout-flex\">\n<div class=\"wp-block-button\"><a class=\"wp-block-button__link wp-element-button\" href=\"https:\/\/www.blakors.no\/kristiansand\/virksomheter\/bla-kors-vennesla\/arbeid-turer-aktiviteter\/\">Aktiviteter<\/a><\/div>\n<\/div>\n\n<div class=\"wp-block-buttons is-layout-flex wp-block-buttons-is-layout-flex\">\n<div class=\"wp-block-button\"><a class=\"wp-block-button__link wp-element-button\" href=\"https:\/\/www.blakors.no\/kristiansand\/virksomheter\/bla-kors-vennesla\/gruppetilbud\/\">Gruppetilbud<\/a><\/div>\n<\/div>\n\n<div class=\"wp-block-buttons is-layout-flex wp-block-buttons-is-layout-flex\">\n<div class=\"wp-block-button\"><a class=\"wp-block-button__link wp-element-button\" href=\"https:\/\/www.blakors.no\/kristiansand\/virksomheter\/bla-kors-vennesla\/om-bla-kors-vennesla\/\">Om Bl\u00e5 Kors Vennesla<\/a><\/div>\n<\/div>\n\n\t\t\t\t\t\t\t<\/div>\n\t\t\t\t\t\t<\/div>\n\t\t\t\t\t<\/div>\n\t\t\t\t<\/div><\/nav>\n\n\n<h2 id=\"turer-og-aktiviteter\"  class=\"wp-block-heading\" >Turer og aktiviteter<\/h2>\n\n\n\n<p><strong><strong>Vi arrangerer turer og aktiviteter for barnefamilier som har rusutfordringer, psyksisk uhelse og vedvarende lavinntekt tett p\u00e5 livet. M\u00e5let er \u00e5 skape gode opplevelser, trygge og sosiale fellesskap som gir mestring og mening. Og minner for livet.<\/strong><\/strong><\/p>\n\n\n\n<h3 id=\"malgrupper\"  class=\"wp-block-heading\" >M\u00e5lgrupper<\/h3>\n\n\n\n<p>Tilbudet gjelder for familier med barn i alderen 0-23 \u00e5r fra Vennesla. Dersom det er ledige plasser, kan famillier utenfor kommunen ogs\u00e5 f\u00e5 plass.&nbsp;Vi arrangerer turer i alle skolens ferier og ogs\u00e5 i enkelte dager og helger. V\u00e5rt m\u00e5l er at alle barn og deres familier skal ha mulighet til gode og g\u00f8yale opplevelser i l\u00f8pet av \u00e5ret. Turene og aktivitetene v\u00e5re finansieres med tilskudd fra Barne-, ungdoms- og familiedirektoratet. Vi mottar ogs\u00e5 gaver fra private, stiftelser, n\u00e6ringsliv og kommunen.<\/p>\n\n\n\n<p>Alle som fyller ut s\u00f8knadsskjemaet og som er i m\u00e5lgruppen for tiltaket (dvs. har utfordringer relatert til psykisk helse, rus eller \u00f8konomi) er kvalifiserte til \u00e5 v\u00e6re med p\u00e5 v\u00e5re turer og aktiviteter. Vi f\u00e5r mange s\u00f8knader til turene v\u00e5re, men det er begrenset antall plasser til hver tur. Dermed er det ikke sikkert du vil f\u00e5 plass p\u00e5 alle turene du s\u00f8ker p\u00e5. Vi venter til etter s\u00f8knadsfrist med \u00e5 tildele feriene.<\/p>\n\n\n\n<h3 id=\"hvordan-soke-om-plass\"  class=\"wp-block-heading\" >Hvordan s\u00f8ke om plass<\/h3>\n\n\n\n<p>S\u00f8knad sendes gjennom siden her. For \u00e5 f\u00e5 mulighet til \u00e5 bli med, er det viktig at du s\u00f8ker innen fristen som ligger under hver tur. Informasjon om n\u00e5r fristen g\u00e5r ut, samt n\u00e5r du vil f\u00e5 svar p\u00e5 om du har f\u00e5tt plass, st\u00e5r oppf\u00f8rt under hver tur. Det er viktig \u00e5 s\u00f8ke f\u00f8r s\u00f8knadsfristen og s\u00f8knader som kommer etter dette blir ikke vurdert.<\/p>\n\n\n\n<h3 id=\"personopplysninger\"  class=\"wp-block-heading\" >Personopplysninger<\/h3>\n\n\n\n<p>Ved \u00e5 sende inn en s\u00f8knad til Bl\u00e5 Kors Vennesla, samtykker jeg i at Bl\u00e5 Kors Vennesla behandler mine opplysninger i tr\u00e5d med det som st\u00e5r i personvernerkl\u00e6ringen og gjeldende regelverk.<\/p>\n\n\n\n<p>Ved \u00e5 krysse av p\u00e5 hvilken m\u00e5lgruppe jeg definerer meg og min familie, s\u00e5 samtykker jeg i \u00e5 dele disse opplysningene med Bl\u00e5 Kors Vennesla. Ved \u00e5 oppgi mine allergier, samtykker jeg til at Bl\u00e5 Kors Vennesla behandler helseopplysninger om meg. Form\u00e5let med \u00e5 oppgi allergier, er at Bl\u00e5 Kors Vennesla kan legge til rette for \u00e5 servere trygge og helsebringende m\u00e5ltider og vurdere en passende tur\/aktivitet tilpasset mine behov. Alle personopplysninger blir behandlet trygt, og deles kun med utvalgte personer som trenger opplysningene for \u00e5 legge til rette for tur\/aktivitet. Informasjonen Bl\u00e5 Kors Vennesla samler inn, slettes n\u00e5r vi ikke lenger har bruk for de, eller n\u00e5r du trekker ditt samtykke for behandling av personopplysninger.<\/p>\n\n\n\n<h2 id=\"turer-og-aktiviteter-du-kan-soke-plass-pa-i-2026\"  class=\"wp-block-heading alignwide has-text-align-center\" >Turer og aktiviteter du kan s\u00f8ke plass p\u00e5 i 2026:<\/h2>\n\n\n<div class=\"t2-featured-content-layout alignwide alignwide wp-block-blakors-multisite-query-loop wp-block-t2-featured-content-layout\" role=\"list\">\n\t\t\t\t<div class=\"t2-featured-single-post t2-featured-content-layout-col-4 t2-featured-content is-post-type-post category-turer-med-bla-kors-vennesla t2-featured-content-layout-col-4 wp-block-t2-featured-single-post\"><a class=\"t2-post-link wp-block-t2-post-link\" href=\"https:\/\/www.blakors.no\/kristiansand\/2026\/03\/24\/15-august-dagstur-til-kristiansand-dyrepark\/\">\n<figure style=\"--t2-focal-point: 50% 50%;\" class=\"t2-post-featured-image has-image-ratio-16-9 wp-block-t2-post-featured-image\"><img loading=\"lazy\" decoding=\"async\" width=\"1920\" height=\"1080\" src=\"https:\/\/www.blakors.no\/content\/uploads\/sites\/11\/2026\/03\/Dyreparken.jpg\" class=\"attachment-post-thumbnail size-post-thumbnail wp-post-image\" alt=\"Dyreparken\" srcset=\"https:\/\/www.blakors.no\/content\/uploads\/sites\/11\/2026\/03\/Dyreparken.jpg 1920w, https:\/\/www.blakors.no\/content\/uploads\/sites\/11\/2026\/03\/Dyreparken-300x169.jpg 300w, https:\/\/www.blakors.no\/content\/uploads\/sites\/11\/2026\/03\/Dyreparken-1024x576.jpg 1024w, https:\/\/www.blakors.no\/content\/uploads\/sites\/11\/2026\/03\/Dyreparken-768x432.jpg 768w, https:\/\/www.blakors.no\/content\/uploads\/sites\/11\/2026\/03\/Dyreparken-1536x864.jpg 1536w\" sizes=\"auto, (min-width: 782px) 768px, 100vw\" \/><\/figure>\n\n<div class=\"wp-block-group alignfull is-layout-flow wp-block-group-is-layout-flow\">\n\t<h2 id=\"15-august-dagstur-til-kristiansand-dyrepark\"  class=\"t2-post-title wp-block-t2-post-title\" >15. august: Dagstur til Kristiansand Dyrepark<\/h2>\n\t\n\t\t\t<div class=\"single-meta t2-post-excerpt card-description wp-block-blakors-meta-display\"><\/div>\n\t\n<\/div>\n\n<\/a>\n<\/div><div class=\"t2-featured-single-post t2-featured-content-layout-col-4 t2-featured-content is-post-type-post category-turer-med-bla-kors-vennesla t2-featured-content-layout-col-4 wp-block-t2-featured-single-post\"><a class=\"t2-post-link wp-block-t2-post-link\" href=\"https:\/\/www.blakors.no\/kristiansand\/2026\/03\/24\/23-juni-st-hans-aften-pa-vigeland-hovedgard\/\">\n<figure style=\"--t2-focal-point: 50% 50%;\" class=\"t2-post-featured-image has-image-ratio-16-9 wp-block-t2-post-featured-image\"><img loading=\"lazy\" decoding=\"async\" width=\"1920\" height=\"1280\" src=\"https:\/\/www.blakors.no\/content\/uploads\/sites\/11\/2026\/03\/StHans.jpg\" class=\"attachment-post-thumbnail size-post-thumbnail wp-post-image\" alt=\"St Hans aften\" srcset=\"https:\/\/www.blakors.no\/content\/uploads\/sites\/11\/2026\/03\/StHans.jpg 1920w, https:\/\/www.blakors.no\/content\/uploads\/sites\/11\/2026\/03\/StHans-300x200.jpg 300w, https:\/\/www.blakors.no\/content\/uploads\/sites\/11\/2026\/03\/StHans-1024x683.jpg 1024w, https:\/\/www.blakors.no\/content\/uploads\/sites\/11\/2026\/03\/StHans-768x512.jpg 768w, https:\/\/www.blakors.no\/content\/uploads\/sites\/11\/2026\/03\/StHans-1536x1024.jpg 1536w\" sizes=\"auto, (min-width: 782px) 768px, 100vw\" \/><\/figure>\n\n<div class=\"wp-block-group alignfull is-layout-flow wp-block-group-is-layout-flow\">\n\t<h2 id=\"23-juni-st-hans-aften-pa-vigeland-hovedgard\"  class=\"t2-post-title wp-block-t2-post-title\" >23. juni: St. Hans-aften p\u00e5 Vigeland Hovedg\u00e5rd<\/h2>\n\t\n\t\t\t<div class=\"single-meta t2-post-excerpt card-description wp-block-blakors-meta-display\"><\/div>\n\t\n<\/div>\n\n<\/a>\n<\/div><div class=\"t2-featured-single-post t2-featured-content-layout-col-4 t2-featured-content is-post-type-post category-turer-med-bla-kors-vennesla t2-featured-content-layout-col-4 wp-block-t2-featured-single-post\"><a class=\"t2-post-link wp-block-t2-post-link\" href=\"https:\/\/www.blakors.no\/kristiansand\/2026\/03\/24\/31-mai-grilltur-pa-odderoya\/\">\n<figure style=\"--t2-focal-point: 50% 50%;\" class=\"t2-post-featured-image has-image-ratio-16-9 wp-block-t2-post-featured-image\"><img loading=\"lazy\" decoding=\"async\" width=\"1920\" height=\"1282\" src=\"https:\/\/www.blakors.no\/content\/uploads\/sites\/11\/2026\/03\/Lekeplass.jpg\" class=\"attachment-post-thumbnail size-post-thumbnail wp-post-image\" alt=\"Lekeplass\" srcset=\"https:\/\/www.blakors.no\/content\/uploads\/sites\/11\/2026\/03\/Lekeplass.jpg 1920w, https:\/\/www.blakors.no\/content\/uploads\/sites\/11\/2026\/03\/Lekeplass-300x200.jpg 300w, https:\/\/www.blakors.no\/content\/uploads\/sites\/11\/2026\/03\/Lekeplass-1024x684.jpg 1024w, https:\/\/www.blakors.no\/content\/uploads\/sites\/11\/2026\/03\/Lekeplass-768x513.jpg 768w, https:\/\/www.blakors.no\/content\/uploads\/sites\/11\/2026\/03\/Lekeplass-1536x1026.jpg 1536w\" sizes=\"auto, (min-width: 782px) 768px, 100vw\" \/><\/figure>\n\n<div class=\"wp-block-group alignfull is-layout-flow wp-block-group-is-layout-flow\">\n\t<h2 id=\"31-mai-grilltur-pa-odderoya\"  class=\"t2-post-title wp-block-t2-post-title\" >31. mai: Grilltur p\u00e5 Odder\u00f8ya<\/h2>\n\t\n\t\t\t<div class=\"single-meta t2-post-excerpt card-description wp-block-blakors-meta-display\"><\/div>\n\t\n<\/div>\n\n<\/a>\n<\/div><div class=\"t2-featured-single-post t2-featured-content-layout-col-4 t2-featured-content is-post-type-post category-turer-med-bla-kors-vennesla t2-featured-content-layout-col-4 wp-block-t2-featured-single-post\"><a class=\"t2-post-link wp-block-t2-post-link\" href=\"https:\/\/www.blakors.no\/kristiansand\/2026\/03\/24\/6-mai-grillfest-pa-bla-kors-vennesla\/\">\n<figure style=\"--t2-focal-point: 50% 50%;\" class=\"t2-post-featured-image has-image-ratio-16-9 wp-block-t2-post-featured-image\"><img loading=\"lazy\" decoding=\"async\" width=\"1920\" height=\"1280\" src=\"https:\/\/www.blakors.no\/content\/uploads\/sites\/11\/2026\/03\/bbq.jpg\" class=\"attachment-post-thumbnail size-post-thumbnail wp-post-image\" alt=\"Grilling\" srcset=\"https:\/\/www.blakors.no\/content\/uploads\/sites\/11\/2026\/03\/bbq.jpg 1920w, https:\/\/www.blakors.no\/content\/uploads\/sites\/11\/2026\/03\/bbq-300x200.jpg 300w, https:\/\/www.blakors.no\/content\/uploads\/sites\/11\/2026\/03\/bbq-1024x683.jpg 1024w, https:\/\/www.blakors.no\/content\/uploads\/sites\/11\/2026\/03\/bbq-768x512.jpg 768w, https:\/\/www.blakors.no\/content\/uploads\/sites\/11\/2026\/03\/bbq-1536x1024.jpg 1536w\" sizes=\"auto, (min-width: 782px) 768px, 100vw\" \/><\/figure>\n\n<div class=\"wp-block-group alignfull is-layout-flow wp-block-group-is-layout-flow\">\n\t<h2 id=\"6-mai-grillfest-pa-bla-kors-vennesla\"  class=\"t2-post-title wp-block-t2-post-title\" >6. mai: Grillfest p\u00e5 Bl\u00e5 Kors Vennesla<\/h2>\n\t\n\t\t\t<div class=\"single-meta t2-post-excerpt card-description wp-block-blakors-meta-display\"><\/div>\n\t\n<\/div>\n\n<\/a>\n<\/div><div class=\"t2-featured-single-post t2-featured-content-layout-col-4 t2-featured-content is-post-type-post category-turer-med-bla-kors-vennesla t2-featured-content-layout-col-4 wp-block-t2-featured-single-post\"><a class=\"t2-post-link wp-block-t2-post-link\" href=\"https:\/\/www.blakors.no\/kristiansand\/2026\/03\/24\/18-april-hoyt-og-lavt-klatrepark\/\">\n<figure style=\"--t2-focal-point: 50% 50%;\" class=\"t2-post-featured-image has-image-ratio-16-9 wp-block-t2-post-featured-image\"><img loading=\"lazy\" decoding=\"async\" width=\"1920\" height=\"1280\" src=\"https:\/\/www.blakors.no\/content\/uploads\/sites\/11\/2026\/03\/zipline.jpg\" class=\"attachment-post-thumbnail size-post-thumbnail wp-post-image\" alt=\"Klatrepark\" srcset=\"https:\/\/www.blakors.no\/content\/uploads\/sites\/11\/2026\/03\/zipline.jpg 1920w, https:\/\/www.blakors.no\/content\/uploads\/sites\/11\/2026\/03\/zipline-300x200.jpg 300w, https:\/\/www.blakors.no\/content\/uploads\/sites\/11\/2026\/03\/zipline-1024x683.jpg 1024w, https:\/\/www.blakors.no\/content\/uploads\/sites\/11\/2026\/03\/zipline-768x512.jpg 768w, https:\/\/www.blakors.no\/content\/uploads\/sites\/11\/2026\/03\/zipline-1536x1024.jpg 1536w\" sizes=\"auto, (min-width: 782px) 768px, 100vw\" \/><\/figure>\n\n<div class=\"wp-block-group alignfull is-layout-flow wp-block-group-is-layout-flow\">\n\t<h2 id=\"18-april-hoyt-og-lavt-klatrepark\"  class=\"t2-post-title wp-block-t2-post-title\" >18. april: H\u00f8yt og Lavt klatrepark<\/h2>\n\t\n\t\t\t<div class=\"single-meta t2-post-excerpt card-description wp-block-blakors-meta-display\"><\/div>\n\t\n<\/div>\n\n<\/a>\n<\/div><div class=\"t2-featured-single-post t2-featured-content-layout-col-4 t2-featured-content is-post-type-post category-turer-med-bla-kors-vennesla t2-featured-content-layout-col-4 wp-block-t2-featured-single-post\"><a class=\"t2-post-link wp-block-t2-post-link\" href=\"https:\/\/www.blakors.no\/kristiansand\/2026\/03\/24\/29-mars-2026-paskeaktivitet-pa-gard\/\">\n<figure style=\"--t2-focal-point: 50% 50%;\" class=\"t2-post-featured-image has-image-ratio-16-9 wp-block-t2-post-featured-image\"><img loading=\"lazy\" decoding=\"async\" width=\"1920\" height=\"1275\" src=\"https:\/\/www.blakors.no\/content\/uploads\/sites\/11\/2026\/03\/lave.jpg\" class=\"attachment-post-thumbnail size-post-thumbnail wp-post-image\" alt=\"En l\u00e5ve\" srcset=\"https:\/\/www.blakors.no\/content\/uploads\/sites\/11\/2026\/03\/lave.jpg 1920w, https:\/\/www.blakors.no\/content\/uploads\/sites\/11\/2026\/03\/lave-300x199.jpg 300w, https:\/\/www.blakors.no\/content\/uploads\/sites\/11\/2026\/03\/lave-1024x680.jpg 1024w, https:\/\/www.blakors.no\/content\/uploads\/sites\/11\/2026\/03\/lave-768x510.jpg 768w, https:\/\/www.blakors.no\/content\/uploads\/sites\/11\/2026\/03\/lave-1536x1020.jpg 1536w\" sizes=\"auto, (min-width: 782px) 768px, 100vw\" \/><\/figure>\n\n<div class=\"wp-block-group alignfull is-layout-flow wp-block-group-is-layout-flow\">\n\t<h2 id=\"29-mars-2026-paskeaktivitet-pa-gard\"  class=\"t2-post-title wp-block-t2-post-title\" >29. mars 2026: P\u00e5skeaktivitet p\u00e5 g\u00e5rd<\/h2>\n\t\n\t\t\t<div class=\"single-meta t2-post-excerpt card-description wp-block-blakors-meta-display\"><\/div>\n\t\n<\/div>\n\n<\/a>\n<\/div>\n\t\t\t\t\n\t\t\t<\/div>\n\n\n<h3 id=\"tidligere-turer-og-aktiviteter-eller-soknadsfrist-har-passert-2025\"  class=\"wp-block-heading\" >Tidligere turer og aktiviteter, eller s\u00f8knadsfrist har passert (2025)<\/h3>\n\n\n\n<ul class=\"wp-block-list\">\n<li>Juletrehogst 06.12.25<\/li>\n\n\n\n<li>Bakedag p\u00e5 Bl\u00e5 Kors mulighetenes hus, 25.11.25<\/li>\n\n\n\n<li>Playworld 23.11.25<\/li>\n\n\n\n<li>Sv\u00f8mmehallen 19.11.25<\/li>\n\n\n\n<li>Kino 06.11.25<\/li>\n\n\n\n<li>Hallovenn p\u00e5 Bl\u00e5 Kors mulighetenes hus, 31.10.25<\/li>\n\n\n\n<li>Sv\u00f8mmehallen 15.10.25<\/li>\n\n\n\n<li>Sm\u00e5bruksidyll 29.09.25<\/li>\n\n\n\n<li>Sv\u00f8mmehallen 24.09.25<\/li>\n\n\n\n<li>QUIZ kveld p\u00e5 Bl\u00e5 Kors mulighetenes hus, 18.09.25<\/li>\n\n\n\n<li>H\u00f8yt og lavt 13.09.25<\/li>\n\n\n\n<li>Sv\u00f8mmehallen 27.08.25<\/li>\n\n\n\n<li>Pizza p\u00e5 Dolly Dimples 17.08.25<\/li>\n\n\n\n<li>Sankthansaften 23.06.25<\/li>\n\n\n\n<li>Sv\u00f8mmehallen 18.06.25<\/li>\n<\/ul>\n\n\n\n<h2 id=\"ta-gjerne-kontakt-for-mer-informasjon\"  class=\"wp-block-heading\" >Ta gjerne kontakt for mer informasjon<\/h2>\n\n\n\n<p><strong>Har du sp\u00f8rsm\u00e5l knyttet til v\u00e5re turer og aktiviteter kan du kontakte:<\/strong><\/p>\n\n\n<div class=\"wp-block-blakors-person-cards\">\n\t\t\t\n<div class=\"t2-featured-single-post compact-card-template t2-featured-content is-post-type-person compact-card-template wp-block-t2-featured-single-post\"><figure class=\"t2-post-featured-image has-image-ratio-1-1 wp-block-t2-post-featured-image\"><img decoding=\"async\" sizes=\"(min-width: 782px) 768px, 100vw\" class=\"fallback\" loading=\"lazy\" src=\"https:\/\/www.blakors.no\/content\/themes\/blakors\/assets\/icons\/t2-post-featured-image.svg\"><\/figure>\n\n<div class=\"wp-block-group alignfull is-layout-flow wp-block-group-is-layout-flow\">\n\t<div class=\"t2-post-dynamic-part is-source-filter filter-person_card_meta post-meta wp-block-t2-post-dynamic-part\"><div class=\"title\"><h2 id=\"chalotte-skjeggedal\"  class=\"t2-post-title wp-block-t2-post-title\" >Chalotte Skjeggedal<\/h2><p class=\"position\">Koordinator, Bl\u00e5 Kors Vennesla<\/p><\/div><div class=\"contact-info\"><p class=\"phone\"><a href=\"tel:+4799372695\">993 72 695<\/a><\/p><p class=\"email\"><a href=\"mailto:chalotte.skjeggedal@blakorskrs.no \">chalotte.skjeggedal@blakorskrs.no <\/a><\/p><\/div><\/div>\n<\/div>\n\n<\/div>\n\n\t\t<\/div>\n\n\n<h2 id=\"arbeidserfaring-og-integrering\"  class=\"wp-block-heading\" >Arbeidserfaring og integrering<\/h2>\n\n\n\n<p><strong>Mange som arbeider hos oss har opplevd at det ikke har v\u00e6rt plass til dem i det ordin\u00e6re arbeidslivet.<\/strong> <strong>Vi \u00f8nsker \u00e5 legge til rette for at man opplever mening og mestring. Vi har flere eksempler p\u00e5 personer som<\/strong> <strong>har g\u00e5tt videre ut i ordin\u00e6rt arbeid etter \u00e5 ha jobbet hos oss.<\/strong><\/p>\n\n\n\n<h3 id=\"vare-arbeidsarenaer\"  class=\"wp-block-heading\" >V\u00e5re arbeidsarenaer:<\/h3>\n\n\n\n<ul class=\"wp-block-list\">\n<li><strong>Kafeen<\/strong><br>Her vil du l\u00e6re deg kafedrift, matlaging og service i et spennende og hyggelig milj\u00f8.<br><\/li>\n\n\n\n<li><strong>Klestutlevering<\/strong> <strong>og matutlevering<\/strong><br>Her vil du f\u00e5 jobbe med \u00e5 organisere, samt levere ut mat og kl\u00e6r til mennesker som trenger det, i tillegg til arbeidserfaring, er dette en meningsfull jobb som er til hjelp og st\u00f8tte for mennesker i krevende livsituasjoner.<br><\/li>\n\n\n\n<li><strong>Sosialt arbeid<\/strong><br>Her er det mulig \u00e5 jobbe med gruppearbeid. Det legges vekt p\u00e5 erfaringskompetanse og personlig egnethet hvor du vil f\u00e5 oppf\u00f8lging og veiledning fra fagpersonell.<br><\/li>\n\n\n\n<li><strong>Vaktmestergruppe:<\/strong><br>Vi har en egen vaktmestergruppe hvor det er mulighet for \u00e5 opparbeide seg erfaring innenfor ulike, praktiske arbeidsoppgaver. Her utf\u00f8res enkle, praktiske oppgaver. Alt fra maling, s\u00f8ppelt\u00f8mming, montering av m\u00f8bler, enkelt snekkerarbeid m.m.<\/li>\n<\/ul>\n\n\n\n<h3 id=\"ta-gjerne-kontakt-for-mer-informasjon\"  class=\"wp-block-heading\" >Ta gjerne kontakt for mer informasjon<\/h3>\n\n\n\n<p>Sammen finner vi det rette tilbudet for deg.<\/p>\n\n\n<div class=\"no-image wp-block-blakors-person-cards\">\n\t\t\t\n<div class=\"t2-featured-single-post compact-card-template t2-featured-content is-post-type-person compact-card-template wp-block-t2-featured-single-post\"><figure class=\"t2-post-featured-image has-image-ratio-1-1 wp-block-t2-post-featured-image\"><img decoding=\"async\" sizes=\"(min-width: 782px) 768px, 100vw\" class=\"fallback\" loading=\"lazy\" src=\"https:\/\/www.blakors.no\/content\/themes\/blakors\/assets\/icons\/t2-post-featured-image.svg\"><\/figure>\n\n<div class=\"wp-block-group alignfull is-layout-flow wp-block-group-is-layout-flow\">\n\t<div class=\"t2-post-dynamic-part is-source-filter filter-person_card_meta post-meta wp-block-t2-post-dynamic-part\"><div class=\"title\"><h2 id=\"karianne-hillesund\"  class=\"t2-post-title wp-block-t2-post-title\" >Karianne Hillesund<\/h2><p class=\"position\">Kafeansvarlig, Bl\u00e5 Kors Vennesla<\/p><\/div><div class=\"contact-info\"><p class=\"phone\"><a href=\"tel:+4799724862\">997 24 862<\/a><\/p><p class=\"email\"><a href=\"mailto:karianne.a.hillesund@blakorskrs.no\">karianne.a.hillesund@blakorskrs.no<\/a><\/p><\/div><\/div>\n<\/div>\n\n<\/div>\n\n\t\t<\/div>\n\n\n<p><\/p>\n","protected":false},"excerpt":{"rendered":"<p>Turer og aktiviteter Vi arrangerer turer og aktiviteter for barnefamilier som har rusutfordringer, psyksisk uhelse og vedvarende lavinntekt tett p\u00e5 livet. M\u00e5let er \u00e5 skape gode opplevelser, trygge og sosiale fellesskap som gir mestring og mening. Og minner for livet. M\u00e5lgrupper Tilbudet gjelder for familier med barn i alderen 0-23 \u00e5r fra Vennesla. Dersom det [&hellip;]<\/p>\n","protected":false},"author":25,"featured_media":9429,"parent":8606,"menu_order":0,"comment_status":"closed","ping_status":"closed","template":"","meta":{"_acf_changed":false,"_relevanssi_hide_post":"","_relevanssi_hide_content":"","_relevanssi_pin_for_all":"on","_relevanssi_pin_keywords":"","_relevanssi_unpin_keywords":"","_relevanssi_related_keywords":"","_relevanssi_related_include_ids":"","_relevanssi_related_exclude_ids":"","_relevanssi_related_no_append":"","_relevanssi_related_not_related":"","_relevanssi_related_posts":"4147,4130,3765,4095,4103,4163","_relevanssi_noindex_reason":"","_custom_cards_description":"","footnotes":""},"class_list":["post-9424","page","type-page","status-publish","has-post-thumbnail","hentry"],"acf":[],"_links":{"self":[{"href":"https:\/\/www.blakors.no\/kristiansand\/wp-json\/wp\/v2\/pages\/9424","targetHints":{"allow":["GET"]}}],"collection":[{"href":"https:\/\/www.blakors.no\/kristiansand\/wp-json\/wp\/v2\/pages"}],"about":[{"href":"https:\/\/www.blakors.no\/kristiansand\/wp-json\/wp\/v2\/types\/page"}],"author":[{"embeddable":true,"href":"https:\/\/www.blakors.no\/kristiansand\/wp-json\/wp\/v2\/users\/25"}],"replies":[{"embeddable":true,"href":"https:\/\/www.blakors.no\/kristiansand\/wp-json\/wp\/v2\/comments?post=9424"}],"version-history":[{"count":5,"href":"https:\/\/www.blakors.no\/kristiansand\/wp-json\/wp\/v2\/pages\/9424\/revisions"}],"predecessor-version":[{"id":9576,"href":"https:\/\/www.blakors.no\/kristiansand\/wp-json\/wp\/v2\/pages\/9424\/revisions\/9576"}],"up":[{"embeddable":true,"href":"https:\/\/www.blakors.no\/kristiansand\/wp-json\/wp\/v2\/pages\/8606"}],"wp:featuredmedia":[{"embeddable":true,"href":"https:\/\/www.blakors.no\/kristiansand\/wp-json\/wp\/v2\/media\/9429"}],"wp:attachment":[{"href":"https:\/\/www.blakors.no\/kristiansand\/wp-json\/wp\/v2\/media?parent=9424"}],"curies":[{"name":"wp","href":"https:\/\/api.w.org\/{rel}","templated":true}]}}