{"id":1011,"date":"2020-09-02T10:48:41","date_gmt":"2020-09-02T08:48:41","guid":{"rendered":"https:\/\/www.blakors.no\/lade\/?page_id=1011"},"modified":"2023-09-22T14:57:12","modified_gmt":"2023-09-22T12:57:12","slug":"innhold-i-henvisning","status":"publish","type":"page","link":"https:\/\/www.blakors.no\/lade\/innhold-i-henvisning\/","title":{"rendered":"Send henvisning"},"content":{"rendered":"<div class=\"custom-block-banner alignwide contenthalf\"><div class=\"banner-image\" style=\"background-image:url(https:\/\/www.blakors.no\/content\/uploads\/sites\/12\/2020\/10\/Resepsjonen-Bla\u030a-Kors-Lade-Behandlingssenter-1-1024x721.jpg)\"><\/div><div class=\"banner-inner\"><div><h1 id=\"henvisning-til-bla-kors-klinikk-lade\"  class=\"title small \" >Henvisning til Bl\u00e5 Kors klinikk Lade<\/h1><p>Pasienter som har behov for rusbehandling kan s\u00f8kes til behandling ved Bl\u00e5 Kors klinikk Lade ved at henvisning sendes til St. Olavs Hospital, Klinikk for rus- og avhengighetsmedisin.<\/p><\/div><\/div><\/div>\n\n\n<h2 id=\"tverrfaglig-spesialistert-rusbehandling-tsb\"  class=\"wp-block-heading\" >Tverrfaglig spesialistert rusbehandling (TSB)<\/h2>\n\n\n\n<p>Bl\u00e5 Kors klinikk Lade har en driftsavtale med Helse Midt Norge om leveranse av tverrfaglig spesialistert rusbehandling (TSB). En henvisning med \u00f8nske om behandling hos oss kan sendes av fastlege, sosialtjeneste\/NAV, barneverntjenesten eller fra andre enheter innen spesialisthelsetjenesten. <\/p>\n\n\n\n<p>Henvisninger b\u00f8r utarbeides i n\u00e6rt samarbeid med pasienten og eventuelt p\u00e5r\u00f8rende. Har dere synspunkter p\u00e5 behandlingsniv\u00e5 eller et \u00f8nske om behandling hos oss,  s\u00e5 m\u00e5 dette framg\u00e5 tydelig av henvisningen, og dette m\u00e5 begrunnes. P\u00e5r\u00f8rende har tilsvarende tilbud, og kan henvises til oss. <\/p>\n\n\n\n<h2 id=\"henvisningen-ma-inneholde\"  class=\"wp-block-heading\" >Henvisningen m\u00e5 inneholde<\/h2>\n\n\n\n<ul class=\"wp-block-list\">\n<li>Pasientens \u00f8nsker om behandlingsniv\u00e5 og om hvor behandlingen b\u00f8r finne sted.&nbsp;<\/li>\n\n\n\n<li>Rusmiddelbruk og annen avhengighetsproblematikk.<\/li>\n\n\n\n<li>Samarbeidspartnere og andre hjelpeinstanser som pasienten er i kontakt med. Har pasienten individuell plan (IP), koordinator og ansvarsgruppe?<\/li>\n\n\n\n<li>Tidligere og n\u00e5v\u00e6rende behandlings- og oppf\u00f8lgingstiltak.<\/li>\n\n\n\n<li>Somatisk helse, levevaner og bruk av legemidler.<\/li>\n\n\n\n<li>Psykisk helse og bruk av legemidler (psykofarmaka). Vurdering av overdoserisiko og selvmordsfare.<\/li>\n\n\n\n<li>Sosiale forhold inkludert boligforhold, arbeid og utdannelse, \u00f8konomi og nettverk.<\/li>\n\n\n\n<li>Familieforhold, spesielt fokus p\u00e5 mindre\u00e5rige barn som p\u00e5r\u00f8rende og mindre\u00e5rige s\u00f8sken.<\/li>\n\n\n\n<li>Eventuell voldsrisiko.<\/li>\n\n\n\n<li>Spesielle hensyn (behov for tolk, oppm\u00f8tested, tilrettelegging, \u00f8nske om kj\u00f8nnsdelt behandling med mer).<\/li>\n\n\n\n<li>Eventuell migrasjonsbakgrunn.<\/li>\n<\/ul>\n\n\n\n<p><strong>Kontakt oss p\u00e5 telefon: 73 84 85 98 ved behov for veiledning eller dr\u00f8fting i utarbeidelse av en henvisning.<\/strong><\/p>\n\n\n\n<h2 id=\"henvisningen-sendes-til-utpekt-vurderingsinstans\"  class=\"wp-block-heading\" >Henvisningen sendes til utpekt vurderingsinstans<\/h2>\n\n\n\n<p>I Helse Midt-Norge RHF er adressene til vurderingsinstansene i HF-omr\u00e5dene:\u00a0<\/p>\n\n\n\n<p><strong>St. Olavs Hospital HF:<\/strong> Klinikk for rus og avhengighetsmedisin, Postboks 3250 (Pasienter over 30 \u00e5r og gravide) Torgarden, 7006 Trondheim <\/p>\n\n\n\n<p><strong>Helse M\u00f8re og Romsdal HF:<\/strong> Avdeling for tverrfaglig spesialisert rusbehandling (TSB) \u00c5lesund behandlingssenter, Vestmoa 27, 6018 \u00c5lesund <\/p>\n\n\n\n<p><strong>Helse Nord-Tr\u00f8ndelag HF:<\/strong> Klinikk for psykisk helsevern og rus, Postboks 333 7601 Levanger<\/p>\n\n\n\n<p><\/p>\n\n\n\n<h2 class=\"wp-block-heading\" id=\"vurderingsinstans\">Vurderingsinstans<\/h2>\n\n\n\n<p>Vurderingsinstansen vurderer om pasienten har rett til n\u00f8dvendig helsehjelp i TSB, p\u00e5 hvilket behandlingsniv\u00e5 (d\u00f8gn, poliklinikk, dagbehandling), n\u00e5r behandlingen b\u00f8r starte og hvilken behandlingsinstitusjon som kan ivareta pasientens behandlingsbehov.<\/p>\n\n\n\n<p>Resultatet av rettighetsvurderingen sendes som brev til pasienten med kopi til henviser. Her blir det ogs\u00e5 opplyst om frist for n\u00e5r behandlingen skal p\u00e5begynnes, og dato for behandlingsoppstart ved utpekt institusjon\/klinikk.<\/p>\n\n\n\n<h2 id=\"rett-til-hjelp-fra-spesialisthelsetjenesten\"  class=\"wp-block-heading\" >Rett til hjelp fra spesialisthelsetjenesten<\/h2>\n\n\n\n<p>Godkjenningsordningen i fritt behandlingsvalg ble avviklet 1. januar 2023. Du har rett til \u00e5 motta helsehjelp i <a href=\"https:\/\/www.helsenorge.no\/rettigheter\/sykehus-og-spesialist\/rett-til-nodvendig-helsehjelp\/\" target=\"_blank\" rel=\"noopener\">spesialisthelsetjenesten<\/a>, du har ogs\u00e5 rett til \u00e5 velge hvor du skal behandles. <\/p>\n","protected":false},"excerpt":{"rendered":"<p>Tverrfaglig spesialistert rusbehandling (TSB) Bl\u00e5 Kors klinikk Lade har en driftsavtale med Helse Midt Norge om leveranse av tverrfaglig spesialistert rusbehandling (TSB). En henvisning med \u00f8nske om behandling hos oss kan sendes av fastlege, sosialtjeneste\/NAV, barneverntjenesten eller fra andre enheter innen spesialisthelsetjenesten. Henvisninger b\u00f8r utarbeides i n\u00e6rt samarbeid med pasienten og eventuelt p\u00e5r\u00f8rende. Har dere [&hellip;]<\/p>\n","protected":false},"author":23,"featured_media":0,"parent":0,"menu_order":0,"comment_status":"closed","ping_status":"closed","template":"","meta":{"_acf_changed":false,"_relevanssi_hide_post":"","_relevanssi_hide_content":"","_relevanssi_pin_for_all":"","_relevanssi_pin_keywords":"","_relevanssi_unpin_keywords":"","_relevanssi_related_keywords":"","_relevanssi_related_include_ids":"","_relevanssi_related_exclude_ids":"","_relevanssi_related_no_append":"","_relevanssi_related_not_related":"","_relevanssi_related_posts":"7052,7039,7008,9426,7046,9498","_relevanssi_noindex_reason":"","sync_status":"","episode_type":"","audio_file":"","podmotor_file_id":"","podmotor_episode_id":"","castos_file_data":"","cover_image":"","cover_image_id":"","duration":"","filesize":"","filesize_raw":"","date_recorded":"","explicit":"","block":"","_custom_cards_description":"","footnotes":""},"class_list":["post-1011","page","type-page","status-publish","hentry"],"acf":[],"_links":{"self":[{"href":"https:\/\/www.blakors.no\/lade\/wp-json\/wp\/v2\/pages\/1011","targetHints":{"allow":["GET"]}}],"collection":[{"href":"https:\/\/www.blakors.no\/lade\/wp-json\/wp\/v2\/pages"}],"about":[{"href":"https:\/\/www.blakors.no\/lade\/wp-json\/wp\/v2\/types\/page"}],"author":[{"embeddable":true,"href":"https:\/\/www.blakors.no\/lade\/wp-json\/wp\/v2\/users\/23"}],"replies":[{"embeddable":true,"href":"https:\/\/www.blakors.no\/lade\/wp-json\/wp\/v2\/comments?post=1011"}],"version-history":[{"count":4,"href":"https:\/\/www.blakors.no\/lade\/wp-json\/wp\/v2\/pages\/1011\/revisions"}],"predecessor-version":[{"id":12969,"href":"https:\/\/www.blakors.no\/lade\/wp-json\/wp\/v2\/pages\/1011\/revisions\/12969"}],"wp:attachment":[{"href":"https:\/\/www.blakors.no\/lade\/wp-json\/wp\/v2\/media?parent=1011"}],"curies":[{"name":"wp","href":"https:\/\/api.w.org\/{rel}","templated":true}]}}