{"id":102,"date":"2020-06-11T15:22:30","date_gmt":"2020-06-11T13:22:30","guid":{"rendered":"https:\/\/www.blakors.no\/lade\/?page_id=102"},"modified":"2025-06-17T11:05:32","modified_gmt":"2025-06-17T09:05:32","slug":"avrusning","status":"publish","type":"page","link":"https:\/\/www.blakors.no\/lade\/avrusning\/","title":{"rendered":"Avrusningsavdelingen"},"content":{"rendered":"<div class=\"custom-block-banner alignwide contenthalf\"><div class=\"banner-image\" style=\"background-image:url(https:\/\/www.blakors.no\/content\/uploads\/sites\/12\/2020\/10\/Helsepersonell-i-arbeid-ved-Bla\u030a-Kors-Lade-Behandlingssenter-1024x660.jpg)\"><\/div><div class=\"banner-inner\"><div><h1 id=\"avrusningsavdelingen\"  class=\"title large \" >Avrusningsavdelingen<\/h1><p>Vi gir abstinensbehandling under medisinsk oppf\u00f8lging, og tilbyr avrusning for alle typer rusmidler.\r\nVi har stort fokus p\u00e5 tiltak for \u00e5 sikre rusfrihet under innleggelsen.<\/p><div class=\"wp-block-button is-style-primary small\"><a class=\"wp-block-button__link\" href=\"https:\/\/www.blakors.no\/lade\/kontakt-oss\/\" target=\"\">Kontakt oss<\/a><\/div><\/div><\/div><\/div>\n\n\n<h2 id=\"behandlingsopphold-for-avrusning\"  class=\"wp-block-heading\" >Behandlingsopphold for avrusning<\/h2>\n\n\n\n<p>Et opphold for avrusning er ett av flere viktige ledd i et behandlingsl\u00f8p. Oppholdets lengde blir individuelt vurdert, og varierer ut fra pasientens behov. Behandlingsplassene brukes i hovedsak til planlagte innleggelser, men det gis ogs\u00e5 tilbud om innleggelser p\u00e5 kort varsel der hvor det er n\u00f8dvendig med abstinensbehandling.<\/p>\n\n\n\n<p><strong>F\u00f8r innleggelse<\/strong> kartlegger v\u00e5rt polikliniske team pasientens situasjon og behov. Poliklinisk team (spesialsykepleiere og overleger) motiverer pasienten til innleggelse og informerer b\u00e5de pasient og eventuelt p\u00e5r\u00f8rende om hva en innleggelse vil inneb\u00e6re. I tillegg avklares praktiske forhold som er av betydning for oppholdet.<\/p>\n\n\n\n<p><strong>Under innleggelsen<\/strong> vektlegges medisinskfaglig avrusning gjennom systematisk bruk av velpr\u00f8vde scoringsverkt\u00f8y som gir grunnlag for individuelt tilpasset abstinensbehandling. Dette gjennomf\u00f8res med fokus p\u00e5 faglig medisinsk behandling og motiverende milj\u00f8terapeutisk oppf\u00f8lging.<\/p>\n\n\n\n<h2 class=\"wp-block-heading\" id=\"Somnofy-s\u00f8vnoverv\u00e5king\">Somnofy &#8211; s\u00f8vnoverv\u00e5king<\/h2>\n\n\n\n<p>Som ledd i behandlingen er det montert avansert s\u00f8vnoverv\u00e5king, Somnofy, p\u00e5 alle rom. Med dette \u00f8nsker vi \u00e5 gi b\u00e5de pasient og personal \u00f8kt innsikt i s\u00f8vnm\u00f8nsteret til den enkelte, og p\u00e5 denne m\u00e5ten tilpasse s\u00f8vnbehandlingen best mulig. Videre \u00f8nsker vi at dette skal gj\u00f8re at alle f\u00f8ler seg trygge n\u00e5r de er innlagt hos oss. <\/p>\n\n\n\n<figure class=\"wp-block-image aligncenter size-large is-resized\"><img loading=\"lazy\" decoding=\"async\" width=\"1024\" height=\"664\" src=\"https:\/\/www.blakors.no\/content\/uploads\/sites\/12\/2020\/10\/Antall-plasser-Bla\u030a-Kors-Lade-Behandlingssenter-1024x664.jpg\" alt=\"Lege sitter foran en PC. P\u00e5 veggen henger en stor skjerm som viser antall rom\" class=\"wp-image-10259\" style=\"width:795px;height:516px\" srcset=\"https:\/\/www.blakors.no\/content\/uploads\/sites\/12\/2020\/10\/Antall-plasser-Bla\u030a-Kors-Lade-Behandlingssenter-1024x664.jpg 1024w, https:\/\/www.blakors.no\/content\/uploads\/sites\/12\/2020\/10\/Antall-plasser-Bla\u030a-Kors-Lade-Behandlingssenter-300x194.jpg 300w, https:\/\/www.blakors.no\/content\/uploads\/sites\/12\/2020\/10\/Antall-plasser-Bla\u030a-Kors-Lade-Behandlingssenter-768x498.jpg 768w, https:\/\/www.blakors.no\/content\/uploads\/sites\/12\/2020\/10\/Antall-plasser-Bla\u030a-Kors-Lade-Behandlingssenter-1536x996.jpg 1536w, https:\/\/www.blakors.no\/content\/uploads\/sites\/12\/2020\/10\/Antall-plasser-Bla\u030a-Kors-Lade-Behandlingssenter.jpg 1600w\" sizes=\"auto, (max-width: 1024px) 100vw, 1024px\" \/><figcaption class=\"wp-element-caption\">Overlege leser av nattens s\u00f8vnregistrering.<\/figcaption><\/figure>\n\n\n\n<p><strong>Motivasjonsarbeid og stabiliseringstiltak<\/strong> av b\u00e5de somatisk og psykisk helse er ogs\u00e5 en del av tilbudet. Videre vektlegges samhandling med inns\u00f8kende instanser, oppf\u00f8lgingstjenesten i bostedskommunen, samt den virksomheten pasienten skal til for videre behandling, dersom dette er klart.<\/p>\n\n\n\n\t\t<div class=\"wp-block-lib-accentuated-link\">\n\t\t\t<a\n\t\t\t\tclass=\"lib-link__link\"\n\t\t\t\thref=\"https:\/\/www.blakors.no\/lade\/bildegalleri\/#bilder-fra-avrusingsavdelingen\"\n\t\t\t\ttarget=\"\"\n\t\t\t\trel=\"\"\n\t\t\t>\n\t\t\t\t\n\t\t\t\t<div class=\"lib-link__text-content\">\n\t\t\t\t\t<span class=\"lib-link__tagline\">\n\t\t\t\t\t\tbildegalleri\n\t\t\t\t\t<\/span>\n\n\t\t\t\t\t<h3 class=\"lib-link__title\">\n\t\t\t\t\t\tSe hvordan vi har det p\u00e5 avdelingen\n\t\t\t\t\t<\/h3>\n\n\t\t\t\t\t\n\t\t\t\t<\/div>\n\t\t\t<\/a>\n\t\t<\/div>\n\n\n<h2 id=\"elementer-i-behandlingsoppholdet\"  class=\"wp-block-heading\" >Elementer i behandlingsoppholdet<\/h2>\n\n\n\n<ul class=\"wp-block-list\">\n<li>Systematisk observasjon, og h\u00e5ndtering av somatiske og psykiske abstinensreaksjoner etter individuelle behov<\/li>\n\n\n\n<li>Stabiliseringstiltak: somatisk og psykisk tilstand<\/li>\n\n\n\n<li>Motivasjonsarbeid<\/li>\n\n\n\n<li>Kontakt med \u00f8vrig behandlingsapparat, samt hjemkommunes oppf\u00f8lgingstjeneste ved behov<\/li>\n<\/ul>\n\n\n\n<div class=\"wp-block-buttons is-content-justification-center is-layout-flex wp-block-buttons-is-layout-flex\">\n<div class=\"wp-block-button is-style-primary\"><a class=\"wp-block-button__link\" href=\"https:\/\/www.blakors.no\/lade\/sok-behandling\/\">Slik s\u00f8ker du behandling<\/a><\/div>\n<\/div>\n\n\n\n<h2 id=\"se-og-hor-mer-om-avdelingen\"  class=\"wp-block-heading\" >Se og h\u00f8r mer om avdelingen<\/h2>\n\n\n\n<figure class=\"wp-block-embed dekode-gtm-iframe-preview is-type-video is-provider-youtube wp-block-embed-youtube wp-embed-aspect-16-9 wp-has-aspect-ratio\"><div class=\"wp-block-embed__wrapper\">\n<iframe title=\"bkl avrusning Original\" width=\"500\" height=\"281\" data-cookieconsent=\"marketing\" data-cookieblock-src=\"https:\/\/www.youtube.com\/embed\/no5HTI6FPJk?list=PLUzMw58yw93ZXXjU_43UTWpp58oz8NRSN\"  allow=\"accelerometer; autoplay; clipboard-write; encrypted-media; gyroscope; picture-in-picture; web-share\" referrerpolicy=\"strict-origin-when-cross-origin\" allowfullscreen sandbox=\"allow-scripts allow-same-origin allow-popups allow-presentation allow-popups-to-escape-sandbox\"><\/iframe>\n\t\t<div class=\"cookieconsent-optout-marketing dekode-gtm-cookie-consent-video-placeholder\">\n\t\t\t<div class=\"dekode-gtm-cookie-consent is-block-core-embed is-provider-youtube\">\n\t\t\t\t\n\t\t\t<img decoding=\"async\" src=\"https:\/\/i.ytimg.com\/vi\/no5HTI6FPJk\/hqdefault.jpg\" alt=\"youtube\" \/>\n\t\t\t\t<div class=\"overlay\">\n\t\t\t\t\t<div class=\"cookie-info\">\n\t\t\t\t\t\t<h2 id=\"her-ligger-det-medieinnhold-fra-en-ekstern-kilde\"  >Her ligger det medieinnhold fra en ekstern kilde. <\/h2> \n\n<p>For \u00e5 se innholdet, m\u00e5 du endre samtykket ditt.<\/p>\n\n<p>Les mer om hvordan dataen din blir behandlet av eksterne kilder i personvernerkl\u00e6ringen v\u00e5r.<\/p>\n\t\t\t\t\t\t<p>\n\t\t\t\t\t\t\t<a title=\"Endre samtykke\" class=\"dekode-gtm-cookiebot-renew\" href=\"#\">Endre samtykke<\/a>\n\t\t\t\t\t\t\t\n\t\t\t\t\t\t<\/p>\n\t\t\t\t\t<\/div>\n\t\t\t\t<\/div>\n\t\t\t<\/div>\n\t\t<\/div>\n<\/div><\/figure>\n\n\n\n<h2 id=\"poliklinisk-team\"  class=\"wp-block-heading\" >Poliklinisk team<\/h2>\n\n\n\n<p>Poliklinisk team best\u00e5r av spesialsykepleiere og overlege. <\/p>\n\n\n\n<p><strong>F\u00f8r innleggelse<\/strong> kartlegger v\u00e5rt polikliniske team pasientens situasjon, \u00f8nsker og behov slik at avdelingen er best mulig forberedt til \u00e5 ta i mot pasienten. Poliklinisk team jobber med \u00e5 motivere pasienten til innleggelse og informerer b\u00e5de pasient og eventuelt p\u00e5r\u00f8rende om hva en innleggelse vil inneb\u00e6re. I tillegg avklares praktiske forhold som er av betydning for oppholdet. Poliklinisk team bidrar ogs\u00e5 til samhandling dersom andre instanser er involvert.<\/p>\n\n\n\n<p>Poliklinisk team tilbyr poliklinisk nedtrapping av benzodiazepiner i tett samarbeid med fastlege, hjemmesykepleien og \u00f8vrig kommunehelsetjeneste.<\/p>\n\n\n\n<h2 id=\"avrusning-hjemme\"  class=\"wp-block-heading\" >Avrusning hjemme<\/h2>\n\n\n\n<p>Vi har gode erfaringer med hjemmebasert avrusning som kan v\u00e6re et godt alternativ for noen. Vi gj\u00f8r alltid en grundig vurdering i forkant for \u00e5 sikre at dette er trygt. Underveis samarbeider vi med b\u00e5de kommunen der du bor og annen spesialisthelsetjeneste. <\/p>\n\n\n\n\t\t<div class=\"wp-block-lib-accentuated-link\">\n\t\t\t<a\n\t\t\t\tclass=\"lib-link__link\"\n\t\t\t\thref=\"https:\/\/www.blakors.no\/lade\/hjemmebasert-avrusning\/\"\n\t\t\t\ttarget=\"\"\n\t\t\t\trel=\"\"\n\t\t\t>\n\t\t\t\t\n\t\t\t\t<div class=\"lib-link__text-content\">\n\t\t\t\t\t<span class=\"lib-link__tagline\">\n\t\t\t\t\t\tLES MER \n\t\t\t\t\t<\/span>\n\n\t\t\t\t\t<h3 class=\"lib-link__title\">\n\t\t\t\t\t\tAvrusning hjemme\n\t\t\t\t\t<\/h3>\n\n\t\t\t\t\t\n\t\t\t\t<\/div>\n\t\t\t<\/a>\n\t\t<\/div>\n\n\n<figure class=\"wp-block-image aligncenter size-large is-resized\"><img loading=\"lazy\" decoding=\"async\" width=\"1024\" height=\"683\" src=\"https:\/\/www.blakors.no\/content\/uploads\/sites\/12\/2020\/10\/Oppf\u00f8lging-i-sengen_Bla\u030a-Kors-Lade-Behandlingssenter-1024x683.jpg\" alt=\"En mann ligger i sengen med dynen over seg, men han smiler. Ved siden av sitter det en faglig r\u00e5dgiver og smiler, med en bok i h\u00e5nden\" class=\"wp-image-10282\" style=\"width:798px;height:532px\" srcset=\"https:\/\/www.blakors.no\/content\/uploads\/sites\/12\/2020\/10\/Oppf\u00f8lging-i-sengen_Bla\u030a-Kors-Lade-Behandlingssenter-1024x683.jpg 1024w, https:\/\/www.blakors.no\/content\/uploads\/sites\/12\/2020\/10\/Oppf\u00f8lging-i-sengen_Bla\u030a-Kors-Lade-Behandlingssenter-300x200.jpg 300w, https:\/\/www.blakors.no\/content\/uploads\/sites\/12\/2020\/10\/Oppf\u00f8lging-i-sengen_Bla\u030a-Kors-Lade-Behandlingssenter-768x512.jpg 768w, https:\/\/www.blakors.no\/content\/uploads\/sites\/12\/2020\/10\/Oppf\u00f8lging-i-sengen_Bla\u030a-Kors-Lade-Behandlingssenter-1536x1024.jpg 1536w, https:\/\/www.blakors.no\/content\/uploads\/sites\/12\/2020\/10\/Oppf\u00f8lging-i-sengen_Bla\u030a-Kors-Lade-Behandlingssenter.jpg 1600w\" sizes=\"auto, (max-width: 1024px) 100vw, 1024px\" \/><\/figure>\n\n\n\n<h2 id=\"kontakt-oss\"  class=\"wp-block-heading\" >Kontakt oss<\/h2>\n\n\n<script type=\"text\/javascript\">\n\/* <![CDATA[ *\/\nvar gform;gform||(document.addEventListener(\"gform_main_scripts_loaded\",function(){gform.scriptsLoaded=!0}),document.addEventListener(\"gform\/theme\/scripts_loaded\",function(){gform.themeScriptsLoaded=!0}),window.addEventListener(\"DOMContentLoaded\",function(){gform.domLoaded=!0}),gform={domLoaded:!1,scriptsLoaded:!1,themeScriptsLoaded:!1,isFormEditor:()=>\"function\"==typeof InitializeEditor,callIfLoaded:function(o){return!(!gform.domLoaded||!gform.scriptsLoaded||!gform.themeScriptsLoaded&&!gform.isFormEditor()||(gform.isFormEditor()&&console.warn(\"The use of gform.initializeOnLoaded() is deprecated in the form editor context and will be removed in Gravity Forms 3.1.\"),o(),0))},initializeOnLoaded:function(o){gform.callIfLoaded(o)||(document.addEventListener(\"gform_main_scripts_loaded\",()=>{gform.scriptsLoaded=!0,gform.callIfLoaded(o)}),document.addEventListener(\"gform\/theme\/scripts_loaded\",()=>{gform.themeScriptsLoaded=!0,gform.callIfLoaded(o)}),window.addEventListener(\"DOMContentLoaded\",()=>{gform.domLoaded=!0,gform.callIfLoaded(o)}))},hooks:{action:{},filter:{}},addAction:function(o,r,e,t){gform.addHook(\"action\",o,r,e,t)},addFilter:function(o,r,e,t){gform.addHook(\"filter\",o,r,e,t)},doAction:function(o){gform.doHook(\"action\",o,arguments)},applyFilters:function(o){return gform.doHook(\"filter\",o,arguments)},removeAction:function(o,r){gform.removeHook(\"action\",o,r)},removeFilter:function(o,r,e){gform.removeHook(\"filter\",o,r,e)},addHook:function(o,r,e,t,n){null==gform.hooks[o][r]&&(gform.hooks[o][r]=[]);var d=gform.hooks[o][r];null==n&&(n=r+\"_\"+d.length),gform.hooks[o][r].push({tag:n,callable:e,priority:t=null==t?10:t})},doHook:function(r,o,e){var t;if(e=Array.prototype.slice.call(e,1),null!=gform.hooks[r][o]&&((o=gform.hooks[r][o]).sort(function(o,r){return o.priority-r.priority}),o.forEach(function(o){\"function\"!=typeof(t=o.callable)&&(t=window[t]),\"action\"==r?t.apply(null,e):e[0]=t.apply(null,e)})),\"filter\"==r)return e[0]},removeHook:function(o,r,t,n){var e;null!=gform.hooks[o][r]&&(e=(e=gform.hooks[o][r]).filter(function(o,r,e){return!!(null!=n&&n!=o.tag||null!=t&&t!=o.priority)}),gform.hooks[o][r]=e)}});\n\/* ]]> *\/\n<\/script>\n\n                <div class='gf_browser_gecko gform_wrapper gravity-theme gform-theme--no-framework' data-form-theme='gravity-theme' data-form-index='0' id='gform_wrapper_1' ><div id='gf_1' class='gform_anchor' tabindex='-1'><\/div>\n                        <div class='gform_heading'>\n                            <h3 id=\"kontaktskjema-for-henvendelser\"  class=\"gform_title\" >Kontaktskjema for henvendelser<\/h3>\n                            <p class='gform_description'>Legg igjen kontaktinformasjonen din og vi kontakter deg.<\/p>\n                        <\/div><form method='post' enctype='multipart\/form-data' target='gform_ajax_frame_1' id='gform_1'  action='\/lade\/wp-json\/wp\/v2\/pages\/102#gf_1' data-formid='1' novalidate><div class='gf_invisible ginput_recaptchav3' data-sitekey='6LdiTEscAAAAAJoxDlTUk71K3gvHBF5FWtc6faJY' data-tabindex='1'><input id=\"input_2d7a60f2b919364ce096d6d4aeca9888\" class=\"gfield_recaptcha_response\" type=\"hidden\" name=\"input_2d7a60f2b919364ce096d6d4aeca9888\" value=\"\"\/><\/div>\n                        <div class='gform-body gform_body'><ul id='gform_fields_1' class='gform_fields top_label form_sublabel_below description_below validation_below'><li id=\"field_1_7\" class=\"gfield gfield--type-text gfield_contains_required field_sublabel_below gfield--no-description field_description_below field_validation_below gfield_visibility_visible\"  ><label class='gfield_label gform-field-label' for='input_1_7'>Fornavn<span class=\"gfield_required\"><span class=\"gfield_required gfield_required_asterisk\">*<\/span><\/span><\/label><div class='ginput_container ginput_container_text'><input name='input_7' id='input_1_7' type='text' value='' class='medium'   tabindex='2'  aria-required=\"true\" aria-invalid=\"false\"   \/><\/div><\/li><li id=\"field_1_8\" class=\"gfield gfield--type-text gfield_contains_required field_sublabel_below gfield--no-description field_description_below field_validation_below gfield_visibility_visible\"  ><label class='gfield_label gform-field-label' for='input_1_8'>Etternavn<span class=\"gfield_required\"><span class=\"gfield_required gfield_required_asterisk\">*<\/span><\/span><\/label><div class='ginput_container ginput_container_text'><input name='input_8' id='input_1_8' type='text' value='' class='medium'   tabindex='3'  aria-required=\"true\" aria-invalid=\"false\"   \/><\/div><\/li><li id=\"field_1_2\" class=\"gfield gfield--type-email field_sublabel_below gfield--no-description field_description_below field_validation_below gfield_visibility_visible\"  ><label class='gfield_label gform-field-label' for='input_1_2'>E-post<\/label><div class='ginput_container ginput_container_email'>\n                            <input name='input_2' id='input_1_2' type='email' value='' class='medium' tabindex='4'    aria-invalid=\"false\"  \/>\n                        <\/div><\/li><li id=\"field_1_3\" class=\"gfield gfield--type-phone gfield_contains_required field_sublabel_below gfield--no-description field_description_below field_validation_below gfield_visibility_visible\"  ><label class='gfield_label gform-field-label' for='input_1_3'>Telefon<span class=\"gfield_required\"><span class=\"gfield_required gfield_required_asterisk\">*<\/span><\/span><\/label><div class='ginput_container ginput_container_phone'><input name='input_3' id='input_1_3' type='tel' value='' class='medium' tabindex='5'  aria-required=\"true\" aria-invalid=\"false\"   \/><\/div><\/li><\/ul><\/div>\n        <div class='gform-footer gform_footer top_label'> <input type='submit' id='gform_submit_button_1' class='gform_button button' onclick='gform.submission.handleButtonClick(this);' data-submission-type='submit' value='Send inn' tabindex='6' \/> <input type='hidden' name='gform_ajax' value='form_id=1&amp;title=1&amp;description=1&amp;tabindex=1&amp;theme=gravity-theme&amp;hash=40477bf817b55cf3588c0d9ff69478b3' \/>\n            <input type='hidden' class='gform_hidden' name='gform_submission_method' data-js='gform_submission_method_1' value='iframe' \/>\n            <input type='hidden' class='gform_hidden' name='gform_theme' data-js='gform_theme_1' id='gform_theme_1' value='gravity-theme' \/>\n            <input type='hidden' class='gform_hidden' name='gform_style_settings' data-js='gform_style_settings_1' id='gform_style_settings_1' value='' \/>\n            <input type='hidden' class='gform_hidden' name='is_submit_1' value='1' \/>\n            <input type='hidden' class='gform_hidden' name='gform_submit' value='1' \/>\n            \n            <input type='hidden' class='gform_hidden' name='gform_currency' data-currency='NOK' value='X3oq0SrWoPU8bRPjxC7aZqMWIkR10p+dBVNe\/g3J7i5H\/sTaDsIWBeV32rFGQrdUmwnMnTz+1vGecugr8Jynf5dLKNe09Q6vdN4P79pXfpiTbfo=' \/>\n            <input type='hidden' class='gform_hidden' name='gform_unique_id' value='' \/>\n            <input type='hidden' class='gform_hidden' name='state_1' value='WyJbXSIsIjA2NmNmMGYyOWQ3M2MwOWZhYTA5MmE3ZGQxMWNlYjQxIl0=' \/>\n            <input type='hidden' autocomplete='off' class='gform_hidden' name='gform_target_page_number_1' id='gform_target_page_number_1' value='0' \/>\n            <input type='hidden' autocomplete='off' class='gform_hidden' name='gform_source_page_number_1' id='gform_source_page_number_1' value='1' \/>\n            <input type='hidden' name='gform_field_values' value='' \/>\n            \n        <\/div>\n                        <\/form>\n                        <\/div>\n\t\t                <iframe style='display:none;width:0px;height:0px;' src='about:blank' name='gform_ajax_frame_1' id='gform_ajax_frame_1' title='This iframe contains the logic required to handle Ajax powered Gravity Forms.'><\/iframe>\n\t\t                <script type=\"text\/javascript\">\n\/* <![CDATA[ *\/\n gform.initializeOnLoaded( function() {gformInitSpinner( 1, 'https:\/\/www.blakors.no\/content\/plugins\/gravityforms\/images\/spinner.svg', true );jQuery('#gform_ajax_frame_1').on('load',function(){var contents = jQuery(this).contents().find('*').html();var is_postback = contents.indexOf('GF_AJAX_POSTBACK') >= 0;if(!is_postback){return;}var form_content = jQuery(this).contents().find('#gform_wrapper_1');var is_confirmation = jQuery(this).contents().find('#gform_confirmation_wrapper_1').length > 0;var is_redirect = contents.indexOf('gformRedirect(){') >= 0;var is_form = form_content.length > 0 && ! is_redirect && ! is_confirmation;var mt = parseInt(jQuery('html').css('margin-top'), 10) + parseInt(jQuery('body').css('margin-top'), 10) + 100;if(is_form){jQuery('#gform_wrapper_1').html(form_content.html());if(form_content.hasClass('gform_validation_error')){jQuery('#gform_wrapper_1').addClass('gform_validation_error');} else {jQuery('#gform_wrapper_1').removeClass('gform_validation_error');}setTimeout( function() { \/* delay the scroll by 50 milliseconds to fix a bug in chrome *\/ jQuery(document).scrollTop(jQuery('#gform_wrapper_1').offset().top - mt); }, 50 );if(window['gformInitDatepicker']) {gformInitDatepicker();}if(window['gformInitPriceFields']) {gformInitPriceFields();}var current_page = jQuery('#gform_source_page_number_1').val();gformInitSpinner( 1, 'https:\/\/www.blakors.no\/content\/plugins\/gravityforms\/images\/spinner.svg', true );jQuery(document).trigger('gform_page_loaded', [1, current_page]);window['gf_submitting_1'] = false;}else if(!is_redirect){var confirmation_content = jQuery(this).contents().find('.GF_AJAX_POSTBACK').html();if(!confirmation_content){confirmation_content = contents;}jQuery('#gform_wrapper_1').replaceWith(confirmation_content);jQuery(document).scrollTop(jQuery('#gf_1').offset().top - mt);jQuery(document).trigger('gform_confirmation_loaded', [1]);window['gf_submitting_1'] = false;wp.a11y.speak(jQuery('#gform_confirmation_message_1').text());}else{jQuery('#gform_1').append(contents);if(window['gformRedirect']) {gformRedirect();}}jQuery(document).trigger(\"gform_pre_post_render\", [{ formId: \"1\", currentPage: \"current_page\", abort: function() { this.preventDefault(); } }]);        if (event && event.defaultPrevented) {                return;        }        const gformWrapperDiv = document.getElementById( \"gform_wrapper_1\" );        if ( gformWrapperDiv ) {            const visibilitySpan = document.createElement( \"span\" );            visibilitySpan.id = \"gform_visibility_test_1\";            gformWrapperDiv.insertAdjacentElement( \"afterend\", visibilitySpan );        }        const visibilityTestDiv = document.getElementById( \"gform_visibility_test_1\" );        let postRenderFired = false;        function triggerPostRender() {            if ( postRenderFired ) {                return;            }            postRenderFired = true;            gform.core.triggerPostRenderEvents( 1, current_page );            if ( visibilityTestDiv ) {                visibilityTestDiv.parentNode.removeChild( visibilityTestDiv );            }        }        function debounce( func, wait, immediate ) {            var timeout;            return function() {                var context = this, args = arguments;                var later = function() {                    timeout = null;                    if ( !immediate ) func.apply( context, args );                };                var callNow = immediate && !timeout;                clearTimeout( timeout );                timeout = setTimeout( later, wait );                if ( callNow ) func.apply( context, args );            };        }        const debouncedTriggerPostRender = debounce( function() {            triggerPostRender();        }, 200 );        if ( visibilityTestDiv && visibilityTestDiv.offsetParent === null ) {            const observer = new MutationObserver( ( mutations ) => {                mutations.forEach( ( mutation ) => {                    if ( mutation.type === 'attributes' && visibilityTestDiv.offsetParent !== null ) {                        debouncedTriggerPostRender();                        observer.disconnect();                    }                });            });            observer.observe( document.body, {                attributes: true,                childList: false,                subtree: true,                attributeFilter: [ 'style', 'class' ],            });        } else {            triggerPostRender();        }    } );} ); \n\/* ]]> *\/\n<\/script>\n\n\n\n\t\t<div class=\"wp-block-lib-accentuated-link\">\n\t\t\t<a\n\t\t\t\tclass=\"lib-link__link\"\n\t\t\t\thref=\"https:\/\/www.blakors.no\/lade\/bildegalleri\/#bilder-fra-klinikkavdelingen\"\n\t\t\t\ttarget=\"\"\n\t\t\t\trel=\"\"\n\t\t\t>\n\t\t\t\t\n\t\t\t\t<div class=\"lib-link__text-content\">\n\t\t\t\t\t<span class=\"lib-link__tagline\">\n\t\t\t\t\t\tBildegalleri\n\t\t\t\t\t<\/span>\n\n\t\t\t\t\t<h3 class=\"lib-link__title\">\n\t\t\t\t\t\tSe hvordan vi har det p\u00e5 Lade\n\t\t\t\t\t<\/h3>\n\n\t\t\t\t\t\n\t\t\t\t<\/div>\n\t\t\t<\/a>\n\t\t<\/div>","protected":false},"excerpt":{"rendered":"<p>Behandlingsopphold for avrusning Et opphold for avrusning er ett av flere viktige ledd i et behandlingsl\u00f8p. Oppholdets lengde blir individuelt vurdert, og varierer ut fra pasientens behov. Behandlingsplassene brukes i hovedsak til planlagte innleggelser, men det gis ogs\u00e5 tilbud om innleggelser p\u00e5 kort varsel der hvor det er n\u00f8dvendig med abstinensbehandling. F\u00f8r innleggelse kartlegger v\u00e5rt [&hellip;]<\/p>\n","protected":false},"author":23,"featured_media":10267,"parent":0,"menu_order":0,"comment_status":"closed","ping_status":"closed","template":"","meta":{"_acf_changed":false,"_relevanssi_hide_post":"","_relevanssi_hide_content":"","_relevanssi_pin_for_all":"on","_relevanssi_pin_keywords":"Avrusing, avsrusning, avrusingsavdeling, avrusningsavdeling","_relevanssi_unpin_keywords":"","_relevanssi_related_keywords":"","_relevanssi_related_include_ids":"","_relevanssi_related_exclude_ids":"","_relevanssi_related_no_append":"","_relevanssi_related_not_related":"","_relevanssi_related_posts":"1","_relevanssi_noindex_reason":"","sync_status":"","episode_type":"","audio_file":"","podmotor_file_id":"","podmotor_episode_id":"","castos_file_data":"","cover_image":"","cover_image_id":"","duration":"","filesize":"","filesize_raw":"","date_recorded":"","explicit":"","block":"","_custom_cards_description":"","footnotes":""},"class_list":["post-102","page","type-page","status-publish","has-post-thumbnail","hentry"],"acf":[],"_links":{"self":[{"href":"https:\/\/www.blakors.no\/lade\/wp-json\/wp\/v2\/pages\/102","targetHints":{"allow":["GET"]}}],"collection":[{"href":"https:\/\/www.blakors.no\/lade\/wp-json\/wp\/v2\/pages"}],"about":[{"href":"https:\/\/www.blakors.no\/lade\/wp-json\/wp\/v2\/types\/page"}],"author":[{"embeddable":true,"href":"https:\/\/www.blakors.no\/lade\/wp-json\/wp\/v2\/users\/23"}],"replies":[{"embeddable":true,"href":"https:\/\/www.blakors.no\/lade\/wp-json\/wp\/v2\/comments?post=102"}],"version-history":[{"count":5,"href":"https:\/\/www.blakors.no\/lade\/wp-json\/wp\/v2\/pages\/102\/revisions"}],"predecessor-version":[{"id":13436,"href":"https:\/\/www.blakors.no\/lade\/wp-json\/wp\/v2\/pages\/102\/revisions\/13436"}],"wp:featuredmedia":[{"embeddable":true,"href":"https:\/\/www.blakors.no\/lade\/wp-json\/wp\/v2\/media\/10267"}],"wp:attachment":[{"href":"https:\/\/www.blakors.no\/lade\/wp-json\/wp\/v2\/media?parent=102"}],"curies":[{"name":"wp","href":"https:\/\/api.w.org\/{rel}","templated":true}]}}