{"id":10516,"date":"2020-10-15T19:29:01","date_gmt":"2020-10-15T17:29:01","guid":{"rendered":"https:\/\/www.blakors.no\/lade\/?page_id=10516"},"modified":"2022-03-31T14:52:12","modified_gmt":"2022-03-31T12:52:12","slug":"pakkeforlop","status":"publish","type":"page","link":"https:\/\/www.blakors.no\/lade\/pakkeforlop\/","title":{"rendered":"Pakkeforl\u00f8p"},"content":{"rendered":"\n<p>Fra <strong>1. januar 2019<\/strong> er det innf\u00f8rt en ordning med pakkeforl\u00f8p for pasienter som trenger behandling for en avhengighetstilstand, dvs. rusmiddelavhengighet, spilleproblemer og bruk av anabole androgene steroider. Pakkeforl\u00f8p skal sikre pasienter <strong>koordinerte og forutsigbare forl\u00f8p i spesialisthelsetjenesten<\/strong>. Behandlingen innenfor pakkeforl\u00f8pet skal v\u00e6re <strong>tilpasset den enkelte pasientens behov og \u00f8nsker.<\/strong><\/p>\n\n\n\n<h2 class=\"wp-block-heading\" id=\"h-malene-for-pakkeforlopene-er\">M\u00e5lene for pakkeforl\u00f8pene er:<\/h2>\n\n\n\n<ol class=\"wp-block-list\"><li>\u00f8kt brukermedvirkning og brukertilfredshet<\/li><li>sammenhengende og koordinerte pasientforl\u00f8p<\/li><li>unng\u00e5 un\u00f8dig ventetid<\/li><li>likeverdig tilbud til pasienter og p\u00e5r\u00f8rende uavhengig av hvor i landet de bor<\/li><li>bedre ivaretakelse av somatisk helse og gode levevaner<\/li><\/ol>\n\n\n\n<h2 class=\"wp-block-heading\" id=\"h-slik-starter-pakkeforlopet\">Slik starter pakkeforl\u00f8pet<\/h2>\n\n\n\n<p>Pakkeforl\u00f8pet starter allerede n\u00e5r en henvisning sendes til behandling i tverrfaglig spesialisert rusbehandling, og varer til pasienten skrives ut av behandling. Et forl\u00f8p kan omfatte flere behandlingsfaser etter hverandre med poliklinisk behandling og innleggelse i d\u00f8gnavdeling.<\/p>\n\n\n\n<h2 class=\"wp-block-heading\" id=\"h-brukermedvirkning\">Brukermedvirkning <\/h2>\n\n\n\n<p>Dette inneb\u00e6rer at pasientene har rett til \u00e5 medvirke, og at helsepersonell har plikt til \u00e5 involvere pasienten. Pasienten skal ses som en likeverdig partner i diskusjoner og bli h\u00f8rt n\u00e5r det tas beslutninger som ang\u00e5r hans\/hennes behandling. Pasientens eget \u00f8nske om hjelp skal ligge til grunn for de vurderinger og beslutninger som tas.<\/p>\n\n\n\n<p>B\u00e5de henvisere og ansatte i spesialisthelsetjenesten skal gi <strong>pasienter informasjon om hvilke behandlingstilbud som finnes<\/strong>. Dette skal gi pasienten mulighet til \u00e5 velge det tilbudet som passer best til pasientens behov og \u00f8nsker.<\/p>\n\n\n\n<h2 class=\"wp-block-heading\" id=\"h-forlopskoordinatorer\">Forl\u00f8pskoordinatorer<\/h2>\n\n\n\n<p>Alle behandlingssteder skal ha <strong>forl\u00f8pskoordinatorer <\/strong>som kan informere pasienter, p\u00e5r\u00f8rende og samarbeidspartnere om pakkeforl\u00f8p og behandlingstilbudene. N\u00e5r pasienten har f\u00e5tt en behandler p\u00e5 behandlingstedet, skal denne behandleren koordinere behandlingsforl\u00f8pet. Men pasienter kan ogs\u00e5 kontakte forl\u00f8pskoordinator hvis det er noe man lurer p\u00e5.<\/p>\n\n\n\n<p>I pakkeforl\u00f8pet legges det stor vekt p\u00e5 <strong>samarbeid med p\u00e5r\u00f8rende og kommunale hjelpetiltak<\/strong>. Pasient, p\u00e5r\u00f8rende og samarbeidspartnere skal inviteres p\u00e5 regelmessige <strong>samarbeidsm\u00f8ter.<\/strong> Pasienten m\u00e5 samtykke i hvem som deltar p\u00e5 slike m\u00f8ter.<\/p>\n\n\n\n<p>I pakkeforl\u00f8p skal det foretas regelmessige <strong>evaluering<\/strong> av om pasienten f\u00e5r den riktige behandlingen. Etter pasientens samtykke kan p\u00e5r\u00f8rende og samarbeidspartnere delta i slik evaluering.<\/p>\n\n\n\n<h2 class=\"wp-block-heading\" id=\"h-avslutning-av-pakkeforlopet\">Avslutning av pakkeforl\u00f8pet <\/h2>\n\n\n\n<p>Dette skjer etter gjensidig avtale mellom pasient, TSB og kommune\/fastlege, og fordrer at det foreligger en konkret, skriftlig plan for oppf\u00f8lging i kommunen. F\u00f8r behandlingen avsluttes skal det v\u00e6re et samarbeidsm\u00f8te der behandlingen evalueres.<\/p>\n\n\n\n<p>Mer informasjon om pakkeforl\u00f8p i tverrfaglig spesialisert rusbehandling finner du her:<\/p>\n\n\n\n<div class=\"wp-block-lib-accentuated-link\"><a class=\"lib-link__link\" href=\"https:\/\/helsedirektoratet.no\/retningslinjer\/rusbehandling-tsb-pakkeforlop\" rel=\"noreferrer noopener\" target=\"_blank\"><div class=\"lib-link__text-content\"><h6 id=\"retningslinjer\"  class=\"lib-link__tagline\" >Retningslinjer<\/h6><h3 id=\"rusbehandling\"  class=\"lib-link__title\" >Rusbehandling <\/h3><span class=\"lib-link__link-source\">helsedirektoratet.no<SVG viewBox=\"0 0 13 13\" xmlns=\"http:\/\/www.w3.org\/2000\/svg\" width=\"16\" height=\"16\">\n\t\t<Path d=\"M12.5,0h.15l0,0,0,0,0,0,0,0,0,0v0h0l0,0L12.85.15a.27.27,0,0,1,.07.08.08.08,0,0,1,0,0,.08.08,0,0,1,0,0s0,0,0,0A.43.43,0,0,1,13,.4h0v0a.09.09,0,0,1,0,0v4a.5.5,0,0,1-1,.09V1.71L5.52,8.19a.51.51,0,0,1-.71,0,.5.5,0,0,1,0-.64l0-.07L11.29,1H8.5A.5.5,0,0,1,8,.59V.5A.5.5,0,0,1,8.41,0H12.5ZM5.83,2a.5.5,0,0,1,.5.5A.49.49,0,0,1,5.92,3H1.83a.87.87,0,0,0-.59.24A.8.8,0,0,0,1,3.72v7.45a.87.87,0,0,0,.24.59.8.8,0,0,0,.48.23H9.17a.87.87,0,0,0,.59-.24.8.8,0,0,0,.23-.48V7.17a.5.5,0,0,1,.5-.5.49.49,0,0,1,.49.41v4.09a1.8,1.8,0,0,1-.54,1.29A1.76,1.76,0,0,1,9.33,13H1.83a1.8,1.8,0,0,1-1.29-.54A1.76,1.76,0,0,1,0,11.33V3.83A1.8,1.8,0,0,1,.54,2.54,1.76,1.76,0,0,1,1.67,2H5.83Z\"\/>\n<\/SVG>\n<\/span><\/div><\/a><\/div>\n\n\n\n<div class=\"wp-block-lib-accentuated-link\"><a class=\"lib-link__link\" href=\"https:\/\/data.stolav.no\/eqspublic\/pasientforlop\/docs\/doc_18625\/index.html\" rel=\"noreferrer noopener\" target=\"_blank\"><div class=\"lib-link__text-content\"><h6 id=\"les-ogsa\"  class=\"lib-link__tagline\" >Les ogs\u00e5<\/h6><h3 id=\"pasientforlop-hos-st-olavs-hospital\"  class=\"lib-link__title\" >Pasientforl\u00f8p hos St. Olavs Hospital<\/h3><span class=\"lib-link__link-source\">data.stolav.no<SVG viewBox=\"0 0 13 13\" xmlns=\"http:\/\/www.w3.org\/2000\/svg\" width=\"16\" height=\"16\">\n\t\t<Path d=\"M12.5,0h.15l0,0,0,0,0,0,0,0,0,0v0h0l0,0L12.85.15a.27.27,0,0,1,.07.08.08.08,0,0,1,0,0,.08.08,0,0,1,0,0s0,0,0,0A.43.43,0,0,1,13,.4h0v0a.09.09,0,0,1,0,0v4a.5.5,0,0,1-1,.09V1.71L5.52,8.19a.51.51,0,0,1-.71,0,.5.5,0,0,1,0-.64l0-.07L11.29,1H8.5A.5.5,0,0,1,8,.59V.5A.5.5,0,0,1,8.41,0H12.5ZM5.83,2a.5.5,0,0,1,.5.5A.49.49,0,0,1,5.92,3H1.83a.87.87,0,0,0-.59.24A.8.8,0,0,0,1,3.72v7.45a.87.87,0,0,0,.24.59.8.8,0,0,0,.48.23H9.17a.87.87,0,0,0,.59-.24.8.8,0,0,0,.23-.48V7.17a.5.5,0,0,1,.5-.5.49.49,0,0,1,.49.41v4.09a1.8,1.8,0,0,1-.54,1.29A1.76,1.76,0,0,1,9.33,13H1.83a1.8,1.8,0,0,1-1.29-.54A1.76,1.76,0,0,1,0,11.33V3.83A1.8,1.8,0,0,1,.54,2.54,1.76,1.76,0,0,1,1.67,2H5.83Z\"\/>\n<\/SVG>\n<\/span><\/div><\/a><\/div>\n\n\n\n<div class=\"wp-block-lib-accentuated-link\"><a class=\"lib-link__link\" href=\"https:\/\/helsenorge.no\/psykisk-helse\/pakkeforlop-for-psykisk-helse-og-rus\/hva-er-pakkeforlop-for-psykisk-helse-og-rus\" rel=\"noreferrer noopener\" target=\"_blank\"><div class=\"lib-link__text-content\"><h6 id=\"les-ogsa\"  class=\"lib-link__tagline\" >les ogs\u00e5<\/h6><h3 id=\"hva-er-pakkeforlop-for-psykisk-helse-og-rusme\"  class=\"lib-link__title\" >Hva er pakkeforl\u00f8p for psykisk helse og rus?me<\/h3><span class=\"lib-link__link-source\">helsenorge.no<SVG viewBox=\"0 0 13 13\" xmlns=\"http:\/\/www.w3.org\/2000\/svg\" width=\"16\" height=\"16\">\n\t\t<Path d=\"M12.5,0h.15l0,0,0,0,0,0,0,0,0,0v0h0l0,0L12.85.15a.27.27,0,0,1,.07.08.08.08,0,0,1,0,0,.08.08,0,0,1,0,0s0,0,0,0A.43.43,0,0,1,13,.4h0v0a.09.09,0,0,1,0,0v4a.5.5,0,0,1-1,.09V1.71L5.52,8.19a.51.51,0,0,1-.71,0,.5.5,0,0,1,0-.64l0-.07L11.29,1H8.5A.5.5,0,0,1,8,.59V.5A.5.5,0,0,1,8.41,0H12.5ZM5.83,2a.5.5,0,0,1,.5.5A.49.49,0,0,1,5.92,3H1.83a.87.87,0,0,0-.59.24A.8.8,0,0,0,1,3.72v7.45a.87.87,0,0,0,.24.59.8.8,0,0,0,.48.23H9.17a.87.87,0,0,0,.59-.24.8.8,0,0,0,.23-.48V7.17a.5.5,0,0,1,.5-.5.49.49,0,0,1,.49.41v4.09a1.8,1.8,0,0,1-.54,1.29A1.76,1.76,0,0,1,9.33,13H1.83a1.8,1.8,0,0,1-1.29-.54A1.76,1.76,0,0,1,0,11.33V3.83A1.8,1.8,0,0,1,.54,2.54,1.76,1.76,0,0,1,1.67,2H5.83Z\"\/>\n<\/SVG>\n<\/span><\/div><\/a><\/div>\n\n\n\n<p><\/p>\n","protected":false},"excerpt":{"rendered":"<p>Fra 1. januar 2019 er det innf\u00f8rt en ordning med pakkeforl\u00f8p for pasienter som trenger behandling for en avhengighetstilstand, dvs. rusmiddelavhengighet, spilleproblemer og bruk av anabole androgene steroider. Pakkeforl\u00f8p skal sikre pasienter koordinerte og forutsigbare forl\u00f8p i spesialisthelsetjenesten. Behandlingen innenfor pakkeforl\u00f8pet skal v\u00e6re tilpasset den enkelte pasientens behov og \u00f8nsker. M\u00e5lene for pakkeforl\u00f8pene er: \u00f8kt [&hellip;]<\/p>\n","protected":false},"author":28,"featured_media":0,"parent":0,"menu_order":0,"comment_status":"closed","ping_status":"closed","template":"","meta":{"_acf_changed":false,"_relevanssi_hide_post":"","_relevanssi_hide_content":"","_relevanssi_pin_for_all":"","_relevanssi_pin_keywords":"","_relevanssi_unpin_keywords":"","_relevanssi_related_keywords":"","_relevanssi_related_include_ids":"","_relevanssi_related_exclude_ids":"","_relevanssi_related_no_append":"","_relevanssi_related_not_related":"","_relevanssi_related_posts":"7226,9440,9590,9580,6830,7008","_relevanssi_noindex_reason":"","sync_status":"","episode_type":"","audio_file":"","podmotor_file_id":"","podmotor_episode_id":"","castos_file_data":"","cover_image":"","cover_image_id":"","duration":"","filesize":"","filesize_raw":"","date_recorded":"","explicit":"","block":"","_custom_cards_description":"","footnotes":""},"class_list":["post-10516","page","type-page","status-publish","hentry"],"acf":[],"_links":{"self":[{"href":"https:\/\/www.blakors.no\/lade\/wp-json\/wp\/v2\/pages\/10516","targetHints":{"allow":["GET"]}}],"collection":[{"href":"https:\/\/www.blakors.no\/lade\/wp-json\/wp\/v2\/pages"}],"about":[{"href":"https:\/\/www.blakors.no\/lade\/wp-json\/wp\/v2\/types\/page"}],"author":[{"embeddable":true,"href":"https:\/\/www.blakors.no\/lade\/wp-json\/wp\/v2\/users\/28"}],"replies":[{"embeddable":true,"href":"https:\/\/www.blakors.no\/lade\/wp-json\/wp\/v2\/comments?post=10516"}],"version-history":[{"count":14,"href":"https:\/\/www.blakors.no\/lade\/wp-json\/wp\/v2\/pages\/10516\/revisions"}],"predecessor-version":[{"id":12382,"href":"https:\/\/www.blakors.no\/lade\/wp-json\/wp\/v2\/pages\/10516\/revisions\/12382"}],"wp:attachment":[{"href":"https:\/\/www.blakors.no\/lade\/wp-json\/wp\/v2\/media?parent=10516"}],"curies":[{"name":"wp","href":"https:\/\/api.w.org\/{rel}","templated":true}]}}