{"id":11,"date":"2020-06-09T15:04:26","date_gmt":"2020-06-09T13:04:26","guid":{"rendered":"https:\/\/www.blakors.no\/lade\/?page_id=11"},"modified":"2025-05-16T12:32:56","modified_gmt":"2025-05-16T10:32:56","slug":"sok-behandling","status":"publish","type":"page","link":"https:\/\/www.blakors.no\/lade\/sok-behandling\/","title":{"rendered":"S\u00f8k behandling"},"content":{"rendered":"<div class=\"custom-block-banner alignwide contenthalf\"><div class=\"banner-image\" style=\"background-image:url(https:\/\/www.blakors.no\/content\/uploads\/sites\/12\/2020\/06\/Bla\u030a-Kors-Lade-Behandlinssenter-skilt-1024x682.jpg)\"><\/div><div class=\"banner-inner\"><div><h1 id=\"onsker-du-behandling-hos-oss\"  class=\"title small \" >\u00d8nsker du behandling hos oss<\/h1><p>Bl\u00e5 Kors klinikk Lade er en spesialisthelsetjeneste.\r\nVi er her for \u00e5 hjelpe deg. Har du sp\u00f8rsm\u00e5l, s\u00e5 ring oss gjerne for en uforpliktende samtale.  <\/p><div class=\"wp-block-button is-style-primary small\"><a class=\"wp-block-button__link\" href=\"https:\/\/www.blakors.no\/lade\/sok-behandling\/#h-ventetider\" target=\"\">Se ventetider<\/a><\/div><\/div><\/div><\/div>\n\n\n<h2 class=\"wp-block-heading\" id=\"h-slik-soker-du-behandling\">Slik s\u00f8ker du behandling<\/h2>\n\n\n\n<p>F\u00f8r vi kan gi deg et tilbud om behandling m\u00e5 vi motta en henvisning fra <a href=\"https:\/\/www.blakors.no\/lade\/innhold-i-henvisning\/#henvisningen-sendes-til-utpekt-vurderingsinstans\">utpekt vurderingsinstans<\/a>. Henvisningen m\u00e5 sendes hit fra din fastlege, NAV, barneverntjenesten, helsepersonell i somatisk sykehus eller psykisk helsevern. <strong>Det er viktig at dine \u00f8nsker og behov kommer tydelig fram.<\/strong> \u00d8nsker du \u00e5 bli behandlet hos oss, m\u00e5 dette st\u00e5 i henvisningen. <\/p>\n\n\n\n<p><a href=\"https:\/\/www.blakors.no\/lade\/rusbehandling\/\">Rusbehandling<\/a> kan gis i form av&nbsp;poliklinisk behandling p\u00e5 dagtid&nbsp;eller innleggelse til&nbsp;d\u00f8gnbehandling. Har du \u00f8nsker om hvilken type behandling du trenger, er det viktig at dette ogs\u00e5 kommer klart fram i henvisningen. Snakk med din fastlege om hva som vil passe best for deg. <\/p>\n\n\n\n<p>Egenandeler hos oss er de samme som i et tilsvarende offentlig behandlingstilbud.<\/p>\n\n\n\n<p>Tidligere inntakskonsulent forteller i denne podcasten hvordan man bli henvist til Bl\u00e5 Kors Lade Behandlingssenter.<\/p>\n\n\n\n<h2 class=\"wp-block-heading\" id=\"h-dette-skjer-etter-mottatt-henvisning\">Dette skjer etter mottatt henvisning<\/h2>\n\n\n\n<p>N\u00e5r henvisningen blir mottatt, blir det vurdert hvilken behandlingsinstitusjon som kan gi deg rett behandling. Samtidig blir det satt en frist for n\u00e5r behandlingen senest skal begynne. <\/p>\n\n\n\n<p>Dersom henvisningen din blir sendt til et annet behandlingssted enn opprinnelig \u00f8nsket, kan du benytte deg av retten til <a href=\"https:\/\/helsenorge.no\/rettigheter\/fritt-behandlingsvalg\" target=\"_blank\" rel=\"noopener\">fritt behandlingsvalg<\/a>. Dersom du \u00f8nsker det kan du kontakte behandlingsinstitusjonen du er henvist til, og be dem sende din henvisningen videre til \u00f8nsket plass. <\/p>\n\n\n\n<p>Underveis i behandlingsforl\u00f8pet, vil behandlere i samarbeid med deg, vurdere om det er behov for viderehenvisning til andre typer behandling.<\/p>\n\n\n\n<h2 class=\"wp-block-heading\" id=\"h-ventetider\"><\/h2>\n\n\n\n<p><\/p>\n","protected":false},"excerpt":{"rendered":"<p>Slik s\u00f8ker du behandling F\u00f8r vi kan gi deg et tilbud om behandling m\u00e5 vi motta en henvisning fra utpekt vurderingsinstans. Henvisningen m\u00e5 sendes hit fra din fastlege, NAV, barneverntjenesten, helsepersonell i somatisk sykehus eller psykisk helsevern. Det er viktig at dine \u00f8nsker og behov kommer tydelig fram. \u00d8nsker du \u00e5 bli behandlet hos oss, [&hellip;]<\/p>\n","protected":false},"author":23,"featured_media":0,"parent":0,"menu_order":0,"comment_status":"closed","ping_status":"closed","template":"","meta":{"_acf_changed":false,"_relevanssi_hide_post":"","_relevanssi_hide_content":"","_relevanssi_pin_for_all":"on","_relevanssi_pin_keywords":"S\u00f8k behandling, hvordan s\u00f8ke behandling, hvordan f\u00e5 behandling","_relevanssi_unpin_keywords":"","_relevanssi_related_keywords":"","_relevanssi_related_include_ids":"","_relevanssi_related_exclude_ids":"","_relevanssi_related_no_append":"","_relevanssi_related_not_related":"","_relevanssi_related_posts":"1","_relevanssi_noindex_reason":"","sync_status":"","episode_type":"","audio_file":"","podmotor_file_id":"","podmotor_episode_id":"","castos_file_data":"","cover_image":"","cover_image_id":"","duration":"","filesize":"","filesize_raw":"","date_recorded":"","explicit":"","block":"","_custom_cards_description":"","footnotes":""},"class_list":["post-11","page","type-page","status-publish","hentry"],"acf":[],"_links":{"self":[{"href":"https:\/\/www.blakors.no\/lade\/wp-json\/wp\/v2\/pages\/11","targetHints":{"allow":["GET"]}}],"collection":[{"href":"https:\/\/www.blakors.no\/lade\/wp-json\/wp\/v2\/pages"}],"about":[{"href":"https:\/\/www.blakors.no\/lade\/wp-json\/wp\/v2\/types\/page"}],"author":[{"embeddable":true,"href":"https:\/\/www.blakors.no\/lade\/wp-json\/wp\/v2\/users\/23"}],"replies":[{"embeddable":true,"href":"https:\/\/www.blakors.no\/lade\/wp-json\/wp\/v2\/comments?post=11"}],"version-history":[{"count":5,"href":"https:\/\/www.blakors.no\/lade\/wp-json\/wp\/v2\/pages\/11\/revisions"}],"predecessor-version":[{"id":13318,"href":"https:\/\/www.blakors.no\/lade\/wp-json\/wp\/v2\/pages\/11\/revisions\/13318"}],"wp:attachment":[{"href":"https:\/\/www.blakors.no\/lade\/wp-json\/wp\/v2\/media?parent=11"}],"curies":[{"name":"wp","href":"https:\/\/api.w.org\/{rel}","templated":true}]}}