{"id":121,"date":"2020-06-11T15:31:25","date_gmt":"2020-06-11T13:31:25","guid":{"rendered":"https:\/\/www.blakors.no\/lade\/?page_id=121"},"modified":"2025-10-02T12:04:28","modified_gmt":"2025-10-02T10:04:28","slug":"for-arbeidsgiver","status":"publish","type":"page","link":"https:\/\/www.blakors.no\/lade\/for-arbeidsgiver\/","title":{"rendered":"R\u00e5d til arbeidsgiver"},"content":{"rendered":"\n\n\n<h2 class=\"wp-block-heading\" id=\"h-skap-apenhet-og-fjern-tabu\">Skap \u00e5penhet og fjern tabu<\/h2>\n\n\n\n<p>Vi \u00f8nsker \u00e5 n\u00e5 ut til ledere, kollegaer og p\u00e5r\u00f8rende som \u00f8nsker gode r\u00e5d og veiledning om temaet rus og arbeidsliv. V\u00e5rt m\u00e5l er \u00e5 \u00f8ke kompetansen om et vanskelig tema, skape \u00e5penhet, og fjerne tabu. <\/p>\n\n\n\n<p>Gjennom v\u00e5rt samarbeid med bedriften kan vi hjelpe bedriftsledere \u00e5 l\u00f8fte fram de vanskelige sp\u00f8rsm\u00e5lene rundt alkoholbruk i ulike sosiale sammenhenger, og andre \u00abgr\u00e5soner\u00bb som bedrifter ofte har. Vi kan gjennom samtaler kartlegge bedriftens faktiske behov, og tilby v\u00e5r kompetanse i form av kurs, r\u00e5d og veiledning b\u00e5de til ledere, ansatte deres p\u00e5r\u00f8rende. <br><br>V\u00e5re r\u00e5dgivere har spesialisert seg p\u00e5 arbeidsliv og rus, og vi har et tett samarbeid b\u00e5de AKAN og bedriftshelsetjenesten. Vi deltar gjerne i bedriftens personalm\u00f8ter eller andre fora der rus- og avhengighet kan v\u00e6re et tema. Her kan vi snakke om rus og avhengighet fra et helt annet st\u00e5sted enn en bedriftsleder kan. <\/p>\n\n\n\n<h2 class=\"wp-block-heading\" id=\"h-grasoner\">Gr\u00e5soner<\/h2>\n\n\n\n<p>Vi tilbringer stadig mer tid sammen kollegaer i arbeidsrelaterte situasjoner utenom ordin\u00e6r arbeidstid. Alkohol inng\u00e5r ofte som en naturlig del av v\u00e5r omgang med kollegaer. disse situasjonene omtaler vi som gr\u00e5soner.<\/p>\n\n\n<h2 id=\"et-arbeidsliv-i-endring\"  >Et arbeidsliv i endring<\/h2><div class=\"t2-accordion wp-block-t2-accordion\" data-allow-multiple=\"1\" role=\"list\"><div class=\"t2-accordion-item wp-block-t2-accordion-item\" role=\"listitem\">\n\t\t\t<h3 class=\"t2-accordion-title\">\n\t\t\t\t<button type=\"button\" class=\"t2-accordion-trigger\" id=\"alkohol\" aria-controls=\"accordion-panel\" aria-expanded=\"false\">\n\t\t\t\t\tAlkohol\n\t\t\t\t\t<span class=\"t2-accordion-icon is-closed-icon\"><svg xmlns=\"http:\/\/www.w3.org\/2000\/svg\" viewBox=\"0 0 24 24\" height=\"24\" width=\"24\" class=\"t2-icon t2-icon-chevrondown\" aria-hidden=\"true\" focusable=\"false\"><path d=\"M12 14.9c-.1 0-.3 0-.4-.1-.1 0-.2-.1-.3-.2L6.7 10c-.2-.1-.3-.4-.3-.6 0-.3.1-.5.3-.7.2-.2.4-.3.7-.3s.5.1.7.3l3.9 3.9 3.9-3.9c.2-.2.4-.3.7-.3.3 0 .5.1.7.3.2.2.3.4.3.7s-.1.5-.3.7l-4.6 4.6c-.1.1-.2.2-.3.2H12z\" fill=\"currentColor\" \/><\/svg><\/span>\n\t\t\t\t\t<span class=\"t2-accordion-icon is-open-icon\"><svg xmlns=\"http:\/\/www.w3.org\/2000\/svg\" viewBox=\"0 0 24 24\" height=\"24\" width=\"24\" class=\"t2-icon t2-icon-chevronup\" aria-hidden=\"true\" focusable=\"false\"><path d=\"M6.7 14.7c-.2-.2-.3-.4-.3-.7s.1-.5.3-.7l4.6-4.6c.1-.1.2-.2.3-.2.1 0 .2-.1.4-.1.1 0 .3 0 .4.1.1 0 .2.1.3.2l4.6 4.6c.2.2.3.4.3.7s-.1.5-.3.7c-.2.2-.4.3-.7.3s-.5-.1-.7-.3L12 10.8l-3.9 3.9c-.2.2-.4.3-.7.3s-.5-.1-.7-.3z\" fill=\"currentColor\" \/><\/svg><\/span>\n\t\t\t\t<\/button>\n\t\t\t<\/h3>\n\t\t\t<div class=\"t2-accordion-item__inner-container is-layout-flow\" id=\"accordion-panel\" aria-labelledby=\"alkohol\" role=\"region\" hidden>\n\t\t\t\t\n\t\t\t\t<p>Vi tilbringer stadig mer tid sammen kollegaer i arbeidsrelaterte situasjoner utenom ordin\u00e6r arbeidstid. Arbeidskollegaer ses i mange tilfeller oftere enn familien gj\u00f8r, og kan oppfatte forandringer og d\u00e5rlige dager hos hverandre.<\/p>\n<p>Retningslinjer og holdningsarbeid er viktig i forbindelse med gr\u00e5soner. De kan senke terskelen for \u00e5 ta opp vanskelige tema, og gi rom for \u00e5 bry seg. En liten peptalk kan bidra til \u00e5 snu en uheldig utvikling, eller fange opp dem som trenger hjelp. Bevisstgj\u00f8ring omkring tema alkohol kan gi flere positive opplevelser for alle uansett hvordan man forholder seg til det; ved eget forbruk, for avholdende, de som har et problematisk forhold til det, og ikke minst for p\u00e5r\u00f8rende.<\/p>\n\n\t\t\t\n\t\t\t<\/div>\n\t\t<\/div><div class=\"t2-accordion-item wp-block-t2-accordion-item\" role=\"listitem\">\n\t\t\t<h3 class=\"t2-accordion-title\">\n\t\t\t\t<button type=\"button\" class=\"t2-accordion-trigger\" id=\"illegale-rusmidler\" aria-controls=\"accordion-panel-1\" aria-expanded=\"false\">\n\t\t\t\t\tIllegale rusmidler\n\t\t\t\t\t<span class=\"t2-accordion-icon is-closed-icon\"><svg xmlns=\"http:\/\/www.w3.org\/2000\/svg\" viewBox=\"0 0 24 24\" height=\"24\" width=\"24\" class=\"t2-icon t2-icon-chevrondown\" aria-hidden=\"true\" focusable=\"false\"><path d=\"M12 14.9c-.1 0-.3 0-.4-.1-.1 0-.2-.1-.3-.2L6.7 10c-.2-.1-.3-.4-.3-.6 0-.3.1-.5.3-.7.2-.2.4-.3.7-.3s.5.1.7.3l3.9 3.9 3.9-3.9c.2-.2.4-.3.7-.3.3 0 .5.1.7.3.2.2.3.4.3.7s-.1.5-.3.7l-4.6 4.6c-.1.1-.2.2-.3.2H12z\" fill=\"currentColor\" \/><\/svg><\/span>\n\t\t\t\t\t<span class=\"t2-accordion-icon is-open-icon\"><svg xmlns=\"http:\/\/www.w3.org\/2000\/svg\" viewBox=\"0 0 24 24\" height=\"24\" width=\"24\" class=\"t2-icon t2-icon-chevronup\" aria-hidden=\"true\" focusable=\"false\"><path d=\"M6.7 14.7c-.2-.2-.3-.4-.3-.7s.1-.5.3-.7l4.6-4.6c.1-.1.2-.2.3-.2.1 0 .2-.1.4-.1.1 0 .3 0 .4.1.1 0 .2.1.3.2l4.6 4.6c.2.2.3.4.3.7s-.1.5-.3.7c-.2.2-.4.3-.7.3s-.5-.1-.7-.3L12 10.8l-3.9 3.9c-.2.2-.4.3-.7.3s-.5-.1-.7-.3z\" fill=\"currentColor\" \/><\/svg><\/span>\n\t\t\t\t<\/button>\n\t\t\t<\/h3>\n\t\t\t<div class=\"t2-accordion-item__inner-container is-layout-flow\" id=\"accordion-panel-1\" aria-labelledby=\"illegale-rusmidler\" role=\"region\" hidden>\n\t\t\t\t\n\t\t\t\t<p>Utfordringer med illegale rusmidler er \u00f8kende. Avkriminaliseringsdebatten omkring hasj omtales misvisende som legalisering, og et \u00f8kende antall av Trondheims befolkning r\u00f8yker cannabis \u00e5penlyst. Arbeidstakere henter ogs\u00e5 engangsspr\u00f8yter! Hvor godt kjent er dette feltet for arbeidslivet, og synes vi det er greit at kollegaer bryter loven?<\/p>\n\n\t\t\t\n\t\t\t<\/div>\n\t\t<\/div><div class=\"t2-accordion-item wp-block-t2-accordion-item\" role=\"listitem\">\n\t\t\t<h3 class=\"t2-accordion-title\">\n\t\t\t\t<button type=\"button\" class=\"t2-accordion-trigger\" id=\"spillavhengighet\" aria-controls=\"accordion-panel-2\" aria-expanded=\"false\">\n\t\t\t\t\tSpillavhengighet\n\t\t\t\t\t<span class=\"t2-accordion-icon is-closed-icon\"><svg xmlns=\"http:\/\/www.w3.org\/2000\/svg\" viewBox=\"0 0 24 24\" height=\"24\" width=\"24\" class=\"t2-icon t2-icon-chevrondown\" aria-hidden=\"true\" focusable=\"false\"><path d=\"M12 14.9c-.1 0-.3 0-.4-.1-.1 0-.2-.1-.3-.2L6.7 10c-.2-.1-.3-.4-.3-.6 0-.3.1-.5.3-.7.2-.2.4-.3.7-.3s.5.1.7.3l3.9 3.9 3.9-3.9c.2-.2.4-.3.7-.3.3 0 .5.1.7.3.2.2.3.4.3.7s-.1.5-.3.7l-4.6 4.6c-.1.1-.2.2-.3.2H12z\" fill=\"currentColor\" \/><\/svg><\/span>\n\t\t\t\t\t<span class=\"t2-accordion-icon is-open-icon\"><svg xmlns=\"http:\/\/www.w3.org\/2000\/svg\" viewBox=\"0 0 24 24\" height=\"24\" width=\"24\" class=\"t2-icon t2-icon-chevronup\" aria-hidden=\"true\" focusable=\"false\"><path d=\"M6.7 14.7c-.2-.2-.3-.4-.3-.7s.1-.5.3-.7l4.6-4.6c.1-.1.2-.2.3-.2.1 0 .2-.1.4-.1.1 0 .3 0 .4.1.1 0 .2.1.3.2l4.6 4.6c.2.2.3.4.3.7s-.1.5-.3.7c-.2.2-.4.3-.7.3s-.5-.1-.7-.3L12 10.8l-3.9 3.9c-.2.2-.4.3-.7.3s-.5-.1-.7-.3z\" fill=\"currentColor\" \/><\/svg><\/span>\n\t\t\t\t<\/button>\n\t\t\t<\/h3>\n\t\t\t<div class=\"t2-accordion-item__inner-container is-layout-flow\" id=\"accordion-panel-2\" aria-labelledby=\"spillavhengighet\" role=\"region\" hidden>\n\t\t\t\t\n\t\t\t\t<p>Spillavhengighet, hva handler det om? \u00c5 sette seg i en vanskelig og tilsynelatende ul\u00f8selig situasjon, er skamfullt og n\u00e5del\u00f8st for den som sliter. En uskyldig flukt fra hverdagen, kan ende opp som et mareritt for den det rammer, og p\u00e5f\u00f8re livsvarige f\u00f8lger for en selv og sine n\u00e6rmeste! Spill legger mange liv i grus, b\u00e5de psykisk og \u00f8konomisk. Hvordan kan arbeidsplassen v\u00e6re en arena for forebygging og bistand?<\/p>\n<p>M\u00e5let v\u00e5rt er \u00e5 ivareta mennesker i arbeidslivet som har utviklet et problem for \u00e5 finne ut hva dette handler om. Vi \u00f8nsker \u00e5 n\u00e5 b\u00e5de ledere, kollegaer, og p\u00e5r\u00f8rende som trenger veiledning og st\u00f8tte. Virkemiddelet er \u00e5 \u00f8ke kompetansen p\u00e5 spill- og rusavhengighet i arbeidslivet, skape \u00e5penhet, og fjerne tabuet<\/p>\n\n\t\t\t\n\t\t\t<\/div>\n\t\t<\/div><\/div>\n\n\n<h2 class=\"wp-block-heading\" id=\"h-vi-tilbyr-folgende\">Vi tilbyr f\u00f8lgende:<\/h2>\n\n\n\n<ul class=\"wp-block-list\">\n<li>Kurs, veiledning og r\u00e5dgivning tilpasset den enkelte bedrifts behov.<\/li>\n\n\n\n<li>Veiledning til arbeidsgiver om behandlingstilbud for ansatte.<\/li>\n\n\n\n<li>Veiledning og behandling til p\u00e5r\u00f8rende som er ber\u00f8rt av andres avhengighet<\/li>\n\n\n\n<li>Poliklinisk behandling til pasient og p\u00e5r\u00f8rende<\/li>\n<\/ul>\n\n\n\n<h2 class=\"wp-block-heading\" id=\"h-kontakt-oss\">Kontakt oss<\/h2>\n\n\n\n<p><strong>Ta gjerne kontakt med oss for en uforpliktende samtale<\/strong> <strong>eller legg igjen kontaktinformasjon og vi kontakter deg. <\/strong><\/p>\n\n\n<script type=\"text\/javascript\">\n\/* <![CDATA[ *\/\nvar gform;gform||(document.addEventListener(\"gform_main_scripts_loaded\",function(){gform.scriptsLoaded=!0}),document.addEventListener(\"gform\/theme\/scripts_loaded\",function(){gform.themeScriptsLoaded=!0}),window.addEventListener(\"DOMContentLoaded\",function(){gform.domLoaded=!0}),gform={domLoaded:!1,scriptsLoaded:!1,themeScriptsLoaded:!1,isFormEditor:()=>\"function\"==typeof InitializeEditor,callIfLoaded:function(o){return!(!gform.domLoaded||!gform.scriptsLoaded||!gform.themeScriptsLoaded&&!gform.isFormEditor()||(gform.isFormEditor()&&console.warn(\"The use of gform.initializeOnLoaded() is deprecated in the form editor context and will be removed in Gravity Forms 3.1.\"),o(),0))},initializeOnLoaded:function(o){gform.callIfLoaded(o)||(document.addEventListener(\"gform_main_scripts_loaded\",()=>{gform.scriptsLoaded=!0,gform.callIfLoaded(o)}),document.addEventListener(\"gform\/theme\/scripts_loaded\",()=>{gform.themeScriptsLoaded=!0,gform.callIfLoaded(o)}),window.addEventListener(\"DOMContentLoaded\",()=>{gform.domLoaded=!0,gform.callIfLoaded(o)}))},hooks:{action:{},filter:{}},addAction:function(o,r,e,t){gform.addHook(\"action\",o,r,e,t)},addFilter:function(o,r,e,t){gform.addHook(\"filter\",o,r,e,t)},doAction:function(o){gform.doHook(\"action\",o,arguments)},applyFilters:function(o){return gform.doHook(\"filter\",o,arguments)},removeAction:function(o,r){gform.removeHook(\"action\",o,r)},removeFilter:function(o,r,e){gform.removeHook(\"filter\",o,r,e)},addHook:function(o,r,e,t,n){null==gform.hooks[o][r]&&(gform.hooks[o][r]=[]);var d=gform.hooks[o][r];null==n&&(n=r+\"_\"+d.length),gform.hooks[o][r].push({tag:n,callable:e,priority:t=null==t?10:t})},doHook:function(r,o,e){var t;if(e=Array.prototype.slice.call(e,1),null!=gform.hooks[r][o]&&((o=gform.hooks[r][o]).sort(function(o,r){return o.priority-r.priority}),o.forEach(function(o){\"function\"!=typeof(t=o.callable)&&(t=window[t]),\"action\"==r?t.apply(null,e):e[0]=t.apply(null,e)})),\"filter\"==r)return e[0]},removeHook:function(o,r,t,n){var e;null!=gform.hooks[o][r]&&(e=(e=gform.hooks[o][r]).filter(function(o,r,e){return!!(null!=n&&n!=o.tag||null!=t&&t!=o.priority)}),gform.hooks[o][r]=e)}});\n\/* ]]> *\/\n<\/script>\n\n                <div class='gf_browser_gecko gform_wrapper gravity-theme gform-theme--no-framework' data-form-theme='gravity-theme' data-form-index='0' id='gform_wrapper_1' ><div id='gf_1' class='gform_anchor' tabindex='-1'><\/div>\n                        <div class='gform_heading'>\n                            <h3 id=\"kontaktskjema-for-henvendelser\"  class=\"gform_title\" >Kontaktskjema for henvendelser<\/h3>\n                            <p class='gform_description'>Legg igjen kontaktinformasjonen din og vi kontakter deg.<\/p>\n                        <\/div><form method='post' enctype='multipart\/form-data' target='gform_ajax_frame_1' id='gform_1'  action='\/lade\/wp-json\/wp\/v2\/pages\/121#gf_1' data-formid='1' novalidate><div class='gf_invisible ginput_recaptchav3' data-sitekey='6LdiTEscAAAAAJoxDlTUk71K3gvHBF5FWtc6faJY' data-tabindex='1'><input id=\"input_9e4ac593f2b5cde8e633ad1c4ff5c880\" class=\"gfield_recaptcha_response\" type=\"hidden\" name=\"input_9e4ac593f2b5cde8e633ad1c4ff5c880\" value=\"\"\/><\/div>\n                        <div class='gform-body gform_body'><ul id='gform_fields_1' class='gform_fields top_label form_sublabel_below description_below validation_below'><li id=\"field_1_7\" class=\"gfield gfield--type-text gfield_contains_required field_sublabel_below gfield--no-description field_description_below field_validation_below gfield_visibility_visible\"  ><label class='gfield_label gform-field-label' for='input_1_7'>Fornavn<span class=\"gfield_required\"><span class=\"gfield_required gfield_required_asterisk\">*<\/span><\/span><\/label><div class='ginput_container ginput_container_text'><input name='input_7' id='input_1_7' type='text' value='' class='medium'   tabindex='2'  aria-required=\"true\" aria-invalid=\"false\"   \/><\/div><\/li><li id=\"field_1_8\" class=\"gfield gfield--type-text gfield_contains_required field_sublabel_below gfield--no-description field_description_below field_validation_below gfield_visibility_visible\"  ><label class='gfield_label gform-field-label' for='input_1_8'>Etternavn<span class=\"gfield_required\"><span class=\"gfield_required gfield_required_asterisk\">*<\/span><\/span><\/label><div class='ginput_container ginput_container_text'><input name='input_8' id='input_1_8' type='text' value='' class='medium'   tabindex='3'  aria-required=\"true\" aria-invalid=\"false\"   \/><\/div><\/li><li id=\"field_1_2\" class=\"gfield gfield--type-email field_sublabel_below gfield--no-description field_description_below field_validation_below gfield_visibility_visible\"  ><label class='gfield_label gform-field-label' for='input_1_2'>E-post<\/label><div class='ginput_container ginput_container_email'>\n                            <input name='input_2' id='input_1_2' type='email' value='' class='medium' tabindex='4'    aria-invalid=\"false\"  \/>\n                        <\/div><\/li><li id=\"field_1_3\" class=\"gfield gfield--type-phone gfield_contains_required field_sublabel_below gfield--no-description field_description_below field_validation_below gfield_visibility_visible\"  ><label class='gfield_label gform-field-label' for='input_1_3'>Telefon<span class=\"gfield_required\"><span class=\"gfield_required gfield_required_asterisk\">*<\/span><\/span><\/label><div class='ginput_container ginput_container_phone'><input name='input_3' id='input_1_3' type='tel' value='' class='medium' tabindex='5'  aria-required=\"true\" aria-invalid=\"false\"   \/><\/div><\/li><\/ul><\/div>\n        <div class='gform-footer gform_footer top_label'> <input type='submit' id='gform_submit_button_1' class='gform_button button' onclick='gform.submission.handleButtonClick(this);' data-submission-type='submit' value='Send inn' tabindex='6' \/> <input type='hidden' name='gform_ajax' value='form_id=1&amp;title=1&amp;description=1&amp;tabindex=1&amp;theme=gravity-theme&amp;hash=40477bf817b55cf3588c0d9ff69478b3' \/>\n            <input type='hidden' class='gform_hidden' name='gform_submission_method' data-js='gform_submission_method_1' value='iframe' \/>\n            <input type='hidden' class='gform_hidden' name='gform_theme' data-js='gform_theme_1' id='gform_theme_1' value='gravity-theme' \/>\n            <input type='hidden' class='gform_hidden' name='gform_style_settings' data-js='gform_style_settings_1' id='gform_style_settings_1' value='' \/>\n            <input type='hidden' class='gform_hidden' name='is_submit_1' value='1' \/>\n            <input type='hidden' class='gform_hidden' name='gform_submit' value='1' \/>\n            \n            <input type='hidden' class='gform_hidden' name='gform_currency' data-currency='NOK' value='gwDSDwhR5OVf6ajwet9Xgl0atKKTTw3TLxDTbU9WOlJn181gmBeBX4Tqq4M48MXl0l3FMStD9JP61kBXrN\/YJRXpNGB21qiGUejgY5syLAQesms=' \/>\n            <input type='hidden' class='gform_hidden' name='gform_unique_id' value='' \/>\n            <input type='hidden' class='gform_hidden' name='state_1' value='WyJbXSIsIjA2NmNmMGYyOWQ3M2MwOWZhYTA5MmE3ZGQxMWNlYjQxIl0=' \/>\n            <input type='hidden' autocomplete='off' class='gform_hidden' name='gform_target_page_number_1' id='gform_target_page_number_1' value='0' \/>\n            <input type='hidden' autocomplete='off' class='gform_hidden' name='gform_source_page_number_1' id='gform_source_page_number_1' value='1' \/>\n            <input type='hidden' name='gform_field_values' value='' \/>\n            \n        <\/div>\n                        <\/form>\n                        <\/div>\n\t\t                <iframe style='display:none;width:0px;height:0px;' src='about:blank' name='gform_ajax_frame_1' id='gform_ajax_frame_1' title='This iframe contains the logic required to handle Ajax powered Gravity Forms.'><\/iframe>\n\t\t                <script type=\"text\/javascript\">\n\/* <![CDATA[ *\/\n gform.initializeOnLoaded( function() {gformInitSpinner( 1, 'https:\/\/www.blakors.no\/content\/plugins\/gravityforms\/images\/spinner.svg', true );jQuery('#gform_ajax_frame_1').on('load',function(){var contents = jQuery(this).contents().find('*').html();var is_postback = contents.indexOf('GF_AJAX_POSTBACK') >= 0;if(!is_postback){return;}var form_content = jQuery(this).contents().find('#gform_wrapper_1');var is_confirmation = jQuery(this).contents().find('#gform_confirmation_wrapper_1').length > 0;var is_redirect = contents.indexOf('gformRedirect(){') >= 0;var is_form = form_content.length > 0 && ! is_redirect && ! is_confirmation;var mt = parseInt(jQuery('html').css('margin-top'), 10) + parseInt(jQuery('body').css('margin-top'), 10) + 100;if(is_form){jQuery('#gform_wrapper_1').html(form_content.html());if(form_content.hasClass('gform_validation_error')){jQuery('#gform_wrapper_1').addClass('gform_validation_error');} else {jQuery('#gform_wrapper_1').removeClass('gform_validation_error');}setTimeout( function() { \/* delay the scroll by 50 milliseconds to fix a bug in chrome *\/ jQuery(document).scrollTop(jQuery('#gform_wrapper_1').offset().top - mt); }, 50 );if(window['gformInitDatepicker']) {gformInitDatepicker();}if(window['gformInitPriceFields']) {gformInitPriceFields();}var current_page = jQuery('#gform_source_page_number_1').val();gformInitSpinner( 1, 'https:\/\/www.blakors.no\/content\/plugins\/gravityforms\/images\/spinner.svg', true );jQuery(document).trigger('gform_page_loaded', [1, current_page]);window['gf_submitting_1'] = false;}else if(!is_redirect){var confirmation_content = jQuery(this).contents().find('.GF_AJAX_POSTBACK').html();if(!confirmation_content){confirmation_content = contents;}jQuery('#gform_wrapper_1').replaceWith(confirmation_content);jQuery(document).scrollTop(jQuery('#gf_1').offset().top - mt);jQuery(document).trigger('gform_confirmation_loaded', [1]);window['gf_submitting_1'] = false;wp.a11y.speak(jQuery('#gform_confirmation_message_1').text());}else{jQuery('#gform_1').append(contents);if(window['gformRedirect']) {gformRedirect();}}jQuery(document).trigger(\"gform_pre_post_render\", [{ formId: \"1\", currentPage: \"current_page\", abort: function() { this.preventDefault(); } }]);        if (event && event.defaultPrevented) {                return;        }        const gformWrapperDiv = document.getElementById( \"gform_wrapper_1\" );        if ( gformWrapperDiv ) {            const visibilitySpan = document.createElement( \"span\" );            visibilitySpan.id = \"gform_visibility_test_1\";            gformWrapperDiv.insertAdjacentElement( \"afterend\", visibilitySpan );        }        const visibilityTestDiv = document.getElementById( \"gform_visibility_test_1\" );        let postRenderFired = false;        function triggerPostRender() {            if ( postRenderFired ) {                return;            }            postRenderFired = true;            gform.core.triggerPostRenderEvents( 1, current_page );            if ( visibilityTestDiv ) {                visibilityTestDiv.parentNode.removeChild( visibilityTestDiv );            }        }        function debounce( func, wait, immediate ) {            var timeout;            return function() {                var context = this, args = arguments;                var later = function() {                    timeout = null;                    if ( !immediate ) func.apply( context, args );                };                var callNow = immediate && !timeout;                clearTimeout( timeout );                timeout = setTimeout( later, wait );                if ( callNow ) func.apply( context, args );            };        }        const debouncedTriggerPostRender = debounce( function() {            triggerPostRender();        }, 200 );        if ( visibilityTestDiv && visibilityTestDiv.offsetParent === null ) {            const observer = new MutationObserver( ( mutations ) => {                mutations.forEach( ( mutation ) => {                    if ( mutation.type === 'attributes' && visibilityTestDiv.offsetParent !== null ) {                        debouncedTriggerPostRender();                        observer.disconnect();                    }                });            });            observer.observe( document.body, {                attributes: true,                childList: false,                subtree: true,                attributeFilter: [ 'style', 'class' ],            });        } else {            triggerPostRender();        }    } );} ); \n\/* ]]> *\/\n<\/script>\n","protected":false},"excerpt":{"rendered":"<p>Skap \u00e5penhet og fjern tabu Vi \u00f8nsker \u00e5 n\u00e5 ut til ledere, kollegaer og p\u00e5r\u00f8rende som \u00f8nsker gode r\u00e5d og veiledning om temaet rus og arbeidsliv. V\u00e5rt m\u00e5l er \u00e5 \u00f8ke kompetansen om et vanskelig tema, skape \u00e5penhet, og fjerne tabu. Gjennom v\u00e5rt samarbeid med bedriften kan vi hjelpe bedriftsledere \u00e5 l\u00f8fte fram de vanskelige [&hellip;]<\/p>\n","protected":false},"author":23,"featured_media":184,"parent":0,"menu_order":0,"comment_status":"closed","ping_status":"closed","template":"","meta":{"_acf_changed":false,"_relevanssi_hide_post":"","_relevanssi_hide_content":"","_relevanssi_pin_for_all":"on","_relevanssi_pin_keywords":"R\u00e5d til arbeidsgiver, behandling for arbeidgivere, ansatt som er rusavhengig, r\u00e5d om rus","_relevanssi_unpin_keywords":"","_relevanssi_related_keywords":"","_relevanssi_related_include_ids":"","_relevanssi_related_exclude_ids":"","_relevanssi_related_no_append":"","_relevanssi_related_not_related":"","_relevanssi_related_posts":"1","_relevanssi_noindex_reason":"","sync_status":"","episode_type":"","audio_file":"","podmotor_file_id":"","podmotor_episode_id":"","castos_file_data":"","cover_image":"","cover_image_id":"","duration":"","filesize":"","filesize_raw":"","date_recorded":"","explicit":"","block":"","_custom_cards_description":"","footnotes":""},"class_list":["post-121","page","type-page","status-publish","has-post-thumbnail","hentry"],"acf":[],"_links":{"self":[{"href":"https:\/\/www.blakors.no\/lade\/wp-json\/wp\/v2\/pages\/121","targetHints":{"allow":["GET"]}}],"collection":[{"href":"https:\/\/www.blakors.no\/lade\/wp-json\/wp\/v2\/pages"}],"about":[{"href":"https:\/\/www.blakors.no\/lade\/wp-json\/wp\/v2\/types\/page"}],"author":[{"embeddable":true,"href":"https:\/\/www.blakors.no\/lade\/wp-json\/wp\/v2\/users\/23"}],"replies":[{"embeddable":true,"href":"https:\/\/www.blakors.no\/lade\/wp-json\/wp\/v2\/comments?post=121"}],"version-history":[{"count":5,"href":"https:\/\/www.blakors.no\/lade\/wp-json\/wp\/v2\/pages\/121\/revisions"}],"predecessor-version":[{"id":13643,"href":"https:\/\/www.blakors.no\/lade\/wp-json\/wp\/v2\/pages\/121\/revisions\/13643"}],"wp:featuredmedia":[{"embeddable":true,"href":"https:\/\/www.blakors.no\/lade\/wp-json\/"}],"wp:attachment":[{"href":"https:\/\/www.blakors.no\/lade\/wp-json\/wp\/v2\/media?parent=121"}],"curies":[{"name":"wp","href":"https:\/\/api.w.org\/{rel}","templated":true}]}}