{"id":13392,"date":"2025-06-17T09:10:52","date_gmt":"2025-06-17T07:10:52","guid":{"rendered":"https:\/\/www.blakors.no\/lade\/?page_id=13392"},"modified":"2025-06-17T09:10:53","modified_gmt":"2025-06-17T07:10:53","slug":"brukerstyrt-plass","status":"publish","type":"page","link":"https:\/\/www.blakors.no\/lade\/brukerstyrt-plass\/","title":{"rendered":"Brukerstyrt plass"},"content":{"rendered":"\n<p>Veien mot \u00f8kt rusmestring er som regel ikke rett fram. Den kan v\u00e6re snirklete med ulike stopper underveis. Mange erfarer \u00e5 ta turer tilbake til gamle og destruktive rusm\u00f8nster. Slike tilbakeskritt gir smertefulle erfaringer, som kan gi potensiale for ny l\u00e6ring og styrket rusmestring. V\u00e5r behandling skal ta h\u00f8yde for at det er slik avhengighet arter seg for mange av pasientene v\u00e5re.<\/p>\n\n\n\n<h2 id=\"et-trygt-verktoy-ved-fare-for-tilbakefall\"  class=\"wp-block-heading\" >Et trygt verkt\u00f8y ved fare for tilbakefall<\/h2>\n\n\n\n<p>Vi har hatt brukerstyrte plasser i to av v\u00e5re behandlingstilbud siden 2022. Brukerstyrt plass inneb\u00e6rer at pasienten, etter \u00e5 ha gjennomf\u00f8rt innleggelse, kan skrive en kontrakt med avdelingen. Kontrakten gir pasienten mulighet til \u00e5 kontakte avdelingen og selv be om en kort innleggelse dersom en trenger det for \u00e5 forebygge tilbakefall til rusinntak. I Avdeling for alkohol- og medikamentavhengighet kan pasientene bruke en slik plass i 5-7 dager, mens Avdeling for gravide og sm\u00e5barnsfamilier tilbyr at de kan v\u00e6re i inntil 14 dager p\u00e5 brukerstyrt plass.<\/p>\n\n\n\n<h2 id=\"hva-skjer-pa-brukerstyrt-plass\"  class=\"wp-block-heading\" >Hva skjer p\u00e5 brukerstyrt plass?<\/h2>\n\n\n\n<p>En pasient som er p\u00e5 brukerstyrt plass, deltar oftest i det ordin\u00e6re behandlingsprogrammet med trening, grupper og samtaler med milj\u00f8terapeut. Ved behov tilbys ogs\u00e5 samtale med behandler, lege eller psykolog. Den korte innleggelsen hjelper pasientene til \u00e5 samle seg, f\u00e5 sortert det som er blitt kaotisk og reetablere verkt\u00f8y de trenger for \u00e5 opprettholde rus- og livsmestring. Det har vist seg at brukerstyrt seng er et sv\u00e6rt godt tilbud, og spesielt for kvinner, som gjerne \u00f8nsker korte innleggelser.<\/p>\n\n\n\n\t\t<div class=\"wp-block-lib-accentuated-link\">\n\t\t\t<a class=\"lib-link__link\" href=\"https:\/\/fontene.no\/fagartikler\/brukerstyrte-innleggelser-er-et-godt-virkemiddel-for-okt-rusmestring-6.47.920689.a082782539\" target=\"\" rel=\"noopener\">\n\t\t\t\t\n\t\t\t\t<div class=\"lib-link__text-content\">\n\t\t\t\t\t<span class=\"lib-link__tagline\">\n\t\t\t\t\t\tLES MER\n\t\t\t\t\t<\/span>\n\n\t\t\t\t\t<h3 class=\"lib-link__title\">\n\t\t\t\t\t\tFagartikkel i Fontene\n\t\t\t\t\t<\/h3>\n\n\t\t\t\t\t\n\t\t\t<span class=\"lib-link__link-source\">\n\t\t\t\tfontene.no\n\t\t\t\t<svg xmlns=\"http:\/\/www.w3.org\/2000\/svg\" viewBox=\"0 0 24 24\" height=\"24\" width=\"24\" class=\"t2-icon t2-icon-linkexternal\" aria-hidden=\"true\" focusable=\"false\"><path d=\"M5 21c-.5 0-1-.2-1.4-.6S3 19.6 3 19V5c0-.6.2-1 .6-1.4S4.5 3 5 3h6c.3 0 .5.1.7.3.2.2.3.4.3.7 0 .3-.1.5-.3.7-.2.2-.4.3-.7.3H5v14h14v-6c0-.3.1-.5.3-.7.2-.2.4-.3.7-.3s.5.1.7.3c.2.2.3.4.3.7v6c0 .6-.2 1-.6 1.4s-.8.6-1.4.6H5zm4-6c-.2-.2-.3-.4-.3-.7s.1-.5.3-.7L17.6 5H15c-.3 0-.5-.1-.7-.3-.2-.2-.3-.4-.3-.7 0-.3.1-.5.3-.7.2-.2.4-.3.7-.3h5c.3 0 .5.1.7.3.2.2.3.4.3.7v5c0 .3-.1.5-.3.7-.2.2-.4.3-.7.3s-.5-.1-.7-.3c-.2-.2-.3-.4-.3-.7V6.4L10.4 15c-.2.2-.4.3-.7.3s-.5-.1-.7-.3z\" fill=\"currentColor\" \/><\/svg>\n\t\t\t<\/span>\n\t\t\t\t<\/div>\n\t\t\t<\/a>\n\t\t<\/div>","protected":false},"excerpt":{"rendered":"<p>Veien mot \u00f8kt rusmestring er som regel ikke rett fram. Den kan v\u00e6re snirklete med ulike stopper underveis. Mange erfarer \u00e5 ta turer tilbake til gamle og destruktive rusm\u00f8nster. Slike tilbakeskritt gir smertefulle erfaringer, som kan gi potensiale for ny l\u00e6ring og styrket rusmestring. V\u00e5r behandling skal ta h\u00f8yde for at det er slik avhengighet [&hellip;]<\/p>\n","protected":false},"author":7,"featured_media":0,"parent":0,"menu_order":0,"comment_status":"closed","ping_status":"closed","template":"","meta":{"_acf_changed":false,"_relevanssi_hide_post":"","_relevanssi_hide_content":"","_relevanssi_pin_for_all":"","_relevanssi_pin_keywords":"","_relevanssi_unpin_keywords":"","_relevanssi_related_keywords":"","_relevanssi_related_include_ids":"","_relevanssi_related_exclude_ids":"","_relevanssi_related_no_append":"","_relevanssi_related_not_related":"","_relevanssi_related_posts":"11830,9139,7787,8963,9203,6942","_relevanssi_noindex_reason":"","sync_status":"","episode_type":"","audio_file":"","podmotor_file_id":"","podmotor_episode_id":"","castos_file_data":"","cover_image":"","cover_image_id":"","duration":"","filesize":"","filesize_raw":"","date_recorded":"","explicit":"","block":"","_custom_cards_description":"","footnotes":""},"class_list":["post-13392","page","type-page","status-publish","hentry"],"acf":[],"_links":{"self":[{"href":"https:\/\/www.blakors.no\/lade\/wp-json\/wp\/v2\/pages\/13392","targetHints":{"allow":["GET"]}}],"collection":[{"href":"https:\/\/www.blakors.no\/lade\/wp-json\/wp\/v2\/pages"}],"about":[{"href":"https:\/\/www.blakors.no\/lade\/wp-json\/wp\/v2\/types\/page"}],"author":[{"embeddable":true,"href":"https:\/\/www.blakors.no\/lade\/wp-json\/wp\/v2\/users\/7"}],"replies":[{"embeddable":true,"href":"https:\/\/www.blakors.no\/lade\/wp-json\/wp\/v2\/comments?post=13392"}],"version-history":[{"count":2,"href":"https:\/\/www.blakors.no\/lade\/wp-json\/wp\/v2\/pages\/13392\/revisions"}],"predecessor-version":[{"id":13394,"href":"https:\/\/www.blakors.no\/lade\/wp-json\/wp\/v2\/pages\/13392\/revisions\/13394"}],"wp:attachment":[{"href":"https:\/\/www.blakors.no\/lade\/wp-json\/wp\/v2\/media?parent=13392"}],"curies":[{"name":"wp","href":"https:\/\/api.w.org\/{rel}","templated":true}]}}