{"id":52,"date":"2020-06-11T14:22:42","date_gmt":"2020-06-11T12:22:42","guid":{"rendered":"https:\/\/www.blakors.no\/lade\/?page_id=52"},"modified":"2025-07-29T15:18:52","modified_gmt":"2025-07-29T13:18:52","slug":"brukerradet","status":"publish","type":"page","link":"https:\/\/www.blakors.no\/lade\/brukerradet\/","title":{"rendered":"Brukerr\u00e5det"},"content":{"rendered":"<div class=\"custom-block-banner alignwide contenthalf\"><div class=\"banner-image\" style=\"background-image:url(https:\/\/www.blakors.no\/content\/uploads\/sites\/12\/2020\/10\/Gruppeterapi-ved-Bla\u030a-Kors-Lade-Behandlingssenter-1024x661.jpg)\"><\/div><div class=\"banner-inner\"><div><h1 id=\"brukerradet\"  class=\"title large \" >Brukerr\u00e5det<\/h1><p>Brukerr\u00e5det ved Bl\u00e5 Kors klinikk Lade er en samarbeidsarena mellom bruker, organisasjoner og klinikken. <\/p><\/div><\/div><\/div>\n\n\n<p>Brukerr\u00e5det skal fremme brukerperspektivet i viktige saker og prosesser, og bidra til at bruker og p\u00e5r\u00f8rende blir h\u00f8rt gjennom \u00f8kt medvirkning. Brukerr\u00e5det ved Bl\u00e5 Kors klinikk Lade ble opprettet i 2016. Dette er det sittende styret:<\/p>\n\n\n<div class=\"no-image alignwide wp-block-blakors-person-cards\">\n\t\t\t\n<div class=\"t2-featured-single-post compact-card-template t2-featured-content is-post-type-person compact-card-template wp-block-t2-featured-single-post\"><figure class=\"t2-post-featured-image has-image-ratio-1-1 wp-block-t2-post-featured-image\"><img decoding=\"async\" sizes=\"(min-width: 782px) 768px, 100vw\" class=\"fallback\" loading=\"lazy\" src=\"https:\/\/www.blakors.no\/content\/themes\/blakors\/assets\/icons\/t2-post-featured-image.svg\"><\/figure>\n\n<div class=\"wp-block-group alignfull is-layout-flow wp-block-group-is-layout-flow\">\n\t<div class=\"t2-post-dynamic-part is-source-filter filter-person_card_meta post-meta wp-block-t2-post-dynamic-part\"><div class=\"title\"><h2 id=\"anders-aavik\"  class=\"t2-post-title wp-block-t2-post-title\" >Anders Aavik<\/h2><p class=\"position\">Leder<\/p><\/div><\/div>\n<\/div>\n\n<\/div>\n\n<div class=\"t2-featured-single-post compact-card-template t2-featured-content is-post-type-person compact-card-template wp-block-t2-featured-single-post\"><figure class=\"t2-post-featured-image has-image-ratio-1-1 wp-block-t2-post-featured-image\"><img decoding=\"async\" sizes=\"(min-width: 782px) 768px, 100vw\" class=\"fallback\" loading=\"lazy\" src=\"https:\/\/www.blakors.no\/content\/themes\/blakors\/assets\/icons\/t2-post-featured-image.svg\"><\/figure>\n\n<div class=\"wp-block-group alignfull is-layout-flow wp-block-group-is-layout-flow\">\n\t<div class=\"t2-post-dynamic-part is-source-filter filter-person_card_meta post-meta wp-block-t2-post-dynamic-part\"><div class=\"title\"><h2 id=\"representant-rio\"  class=\"t2-post-title wp-block-t2-post-title\" >Representant Rio<\/h2><p class=\"position\">Medlem, Rio<\/p><\/div><\/div>\n<\/div>\n\n<\/div>\n\n<div class=\"t2-featured-single-post compact-card-template t2-featured-content is-post-type-person compact-card-template wp-block-t2-featured-single-post\"><figure class=\"t2-post-featured-image has-image-ratio-1-1 wp-block-t2-post-featured-image\"><img decoding=\"async\" sizes=\"(min-width: 782px) 768px, 100vw\" class=\"fallback\" loading=\"lazy\" src=\"https:\/\/www.blakors.no\/content\/themes\/blakors\/assets\/icons\/t2-post-featured-image.svg\"><\/figure>\n\n<div class=\"wp-block-group alignfull is-layout-flow wp-block-group-is-layout-flow\">\n\t<div class=\"t2-post-dynamic-part is-source-filter filter-person_card_meta post-meta wp-block-t2-post-dynamic-part\"><div class=\"title\"><h2 id=\"representant-mental-helse\"  class=\"t2-post-title wp-block-t2-post-title\" >Representant Mental helse<\/h2><p class=\"position\">Medlem, Mental Helse<\/p><\/div><\/div>\n<\/div>\n\n<\/div>\n\n<div class=\"t2-featured-single-post compact-card-template t2-featured-content is-post-type-person compact-card-template wp-block-t2-featured-single-post\"><figure class=\"t2-post-featured-image has-image-ratio-1-1 wp-block-t2-post-featured-image\"><img decoding=\"async\" sizes=\"(min-width: 782px) 768px, 100vw\" class=\"fallback\" loading=\"lazy\" src=\"https:\/\/www.blakors.no\/content\/themes\/blakors\/assets\/icons\/t2-post-featured-image.svg\"><\/figure>\n\n<div class=\"wp-block-group alignfull is-layout-flow wp-block-group-is-layout-flow\">\n\t<div class=\"t2-post-dynamic-part is-source-filter filter-person_card_meta post-meta wp-block-t2-post-dynamic-part\"><div class=\"title\"><h2 id=\"representant-aa\"  class=\"t2-post-title wp-block-t2-post-title\" >Representant AA<\/h2><p class=\"position\">Medlem, Anonyme alkoholikere<\/p><\/div><\/div>\n<\/div>\n\n<\/div>\n\n<div class=\"t2-featured-single-post compact-card-template t2-featured-content is-post-type-person compact-card-template wp-block-t2-featured-single-post\"><figure class=\"t2-post-featured-image has-image-ratio-1-1 wp-block-t2-post-featured-image\"><img decoding=\"async\" sizes=\"(min-width: 782px) 768px, 100vw\" class=\"fallback\" loading=\"lazy\" src=\"https:\/\/www.blakors.no\/content\/themes\/blakors\/assets\/icons\/t2-post-featured-image.svg\"><\/figure>\n\n<div class=\"wp-block-group alignfull is-layout-flow wp-block-group-is-layout-flow\">\n\t<div class=\"t2-post-dynamic-part is-source-filter filter-person_card_meta post-meta wp-block-t2-post-dynamic-part\"><div class=\"title\"><h2 id=\"representant-fire\"  class=\"t2-post-title wp-block-t2-post-title\" >Representant FIRE<\/h2><p class=\"position\">Medlem, FIRE &#8211; Stiftelsen ett skritt videre<\/p><\/div><\/div>\n<\/div>\n\n<\/div>\n\n<div class=\"t2-featured-single-post compact-card-template t2-featured-content is-post-type-person compact-card-template wp-block-t2-featured-single-post\"><figure class=\"t2-post-featured-image has-image-ratio-1-1 wp-block-t2-post-featured-image\"><img decoding=\"async\" sizes=\"(min-width: 782px) 768px, 100vw\" class=\"fallback\" loading=\"lazy\" src=\"https:\/\/www.blakors.no\/content\/themes\/blakors\/assets\/icons\/t2-post-featured-image.svg\"><\/figure>\n\n<div class=\"wp-block-group alignfull is-layout-flow wp-block-group-is-layout-flow\">\n\t<div class=\"t2-post-dynamic-part is-source-filter filter-person_card_meta post-meta wp-block-t2-post-dynamic-part\"><div class=\"title\"><h2 id=\"representant-adhd-norge\"  class=\"t2-post-title wp-block-t2-post-title\" >Representant ADHD Norge<\/h2><p class=\"position\">Medlem, ADHD Norge<\/p><\/div><\/div>\n<\/div>\n\n<\/div>\n\n<div class=\"t2-featured-single-post compact-card-template t2-featured-content is-post-type-person compact-card-template wp-block-t2-featured-single-post\"><figure class=\"t2-post-featured-image has-image-ratio-1-1 wp-block-t2-post-featured-image\"><img decoding=\"async\" sizes=\"(min-width: 782px) 768px, 100vw\" class=\"fallback\" loading=\"lazy\" src=\"https:\/\/www.blakors.no\/content\/themes\/blakors\/assets\/icons\/t2-post-featured-image.svg\"><\/figure>\n\n<div class=\"wp-block-group alignfull is-layout-flow wp-block-group-is-layout-flow\">\n\t<div class=\"t2-post-dynamic-part is-source-filter filter-person_card_meta post-meta wp-block-t2-post-dynamic-part\"><div class=\"title\"><h2 id=\"representant-a-larm\"  class=\"t2-post-title wp-block-t2-post-title\" >Representant, A-larm<\/h2><p class=\"position\">Medlem, A-larm<\/p><\/div><\/div>\n<\/div>\n\n<\/div>\n\n<div class=\"t2-featured-single-post compact-card-template t2-featured-content is-post-type-person compact-card-template wp-block-t2-featured-single-post\"><figure class=\"t2-post-featured-image has-image-ratio-1-1 wp-block-t2-post-featured-image\"><img decoding=\"async\" sizes=\"(min-width: 782px) 768px, 100vw\" class=\"fallback\" loading=\"lazy\" src=\"https:\/\/www.blakors.no\/content\/themes\/blakors\/assets\/icons\/t2-post-featured-image.svg\"><\/figure>\n\n<div class=\"wp-block-group alignfull is-layout-flow wp-block-group-is-layout-flow\">\n\t<div class=\"t2-post-dynamic-part is-source-filter filter-person_card_meta post-meta wp-block-t2-post-dynamic-part\"><div class=\"title\"><h2 id=\"representant-na\"  class=\"t2-post-title wp-block-t2-post-title\" >Representant, NA<\/h2><p class=\"position\">Medlem, Anonyme narkomane<\/p><\/div><\/div>\n<\/div>\n\n<\/div>\n\n<div class=\"t2-featured-single-post compact-card-template t2-featured-content is-post-type-person compact-card-template wp-block-t2-featured-single-post\"><figure class=\"t2-post-featured-image has-image-ratio-1-1 wp-block-t2-post-featured-image\"><img decoding=\"async\" sizes=\"(min-width: 782px) 768px, 100vw\" class=\"fallback\" loading=\"lazy\" src=\"https:\/\/www.blakors.no\/content\/themes\/blakors\/assets\/icons\/t2-post-featured-image.svg\"><\/figure>\n\n<div class=\"wp-block-group alignfull is-layout-flow wp-block-group-is-layout-flow\">\n\t<div class=\"t2-post-dynamic-part is-source-filter filter-person_card_meta post-meta wp-block-t2-post-dynamic-part\"><div class=\"title\"><h2 id=\"jan-elverum\"  class=\"t2-post-title wp-block-t2-post-title\" >Jan Elverum<\/h2><p class=\"position\">Direkt\u00f8r og medlem, Bl\u00e5 Kors klinikk Lade<\/p><\/div><div class=\"contact-info\"><p class=\"phone\"><a href=\"tel:+4792031316\">920 31 316<\/a><\/p><p class=\"email\"><a href=\"mailto: jan.elverum@ladebs.no\"> jan.elverum@ladebs.no<\/a><\/p><\/div><\/div>\n<\/div>\n\n<\/div>\n\n\n\n<div class=\"t2-featured-single-post compact-card-template t2-featured-content is-post-type-person compact-card-template wp-block-t2-featured-single-post\"><figure class=\"t2-post-featured-image has-image-ratio-1-1 wp-block-t2-post-featured-image\"><img decoding=\"async\" sizes=\"(min-width: 782px) 768px, 100vw\" class=\"fallback\" loading=\"lazy\" src=\"https:\/\/www.blakors.no\/content\/themes\/blakors\/assets\/icons\/t2-post-featured-image.svg\"><\/figure>\n\n<div class=\"wp-block-group alignfull is-layout-flow wp-block-group-is-layout-flow\">\n\t<div class=\"t2-post-dynamic-part is-source-filter filter-person_card_meta post-meta wp-block-t2-post-dynamic-part\"><div class=\"title\"><h2 id=\"perka-mekiassen\"  class=\"t2-post-title wp-block-t2-post-title\" >Perka Mekiassen<\/h2><p class=\"position\">Erfaringsmedarbeider, Bl\u00e5 Kors klinikk Lade<\/p><\/div><div class=\"contact-info\"><p class=\"phone\"><a href=\"tel:+4748867161\">488 67 161<\/a><\/p><p class=\"email\"><a href=\"mailto:perka.mekiassen@blakors.no\">perka.mekiassen@blakors.no<\/a><\/p><\/div><\/div>\n<\/div>\n\n<\/div>\n\n\t\t<\/div>","protected":false},"excerpt":{"rendered":"<p>Brukerr\u00e5det skal fremme brukerperspektivet i viktige saker og prosesser, og bidra til at bruker og p\u00e5r\u00f8rende blir h\u00f8rt gjennom \u00f8kt medvirkning. Brukerr\u00e5det ved Bl\u00e5 Kors klinikk Lade ble opprettet i 2016. Dette er det sittende styret:<\/p>\n","protected":false},"author":23,"featured_media":10266,"parent":0,"menu_order":0,"comment_status":"closed","ping_status":"closed","template":"","meta":{"_acf_changed":false,"_relevanssi_hide_post":"","_relevanssi_hide_content":"","_relevanssi_pin_for_all":"on","_relevanssi_pin_keywords":"Brukerr\u00e5d, brukerr\u00e5det, samarbeidsarena","_relevanssi_unpin_keywords":"","_relevanssi_related_keywords":"","_relevanssi_related_include_ids":"","_relevanssi_related_exclude_ids":"","_relevanssi_related_no_append":"","_relevanssi_related_not_related":"","_relevanssi_related_posts":"1","_relevanssi_noindex_reason":"","sync_status":"","episode_type":"","audio_file":"","podmotor_file_id":"","podmotor_episode_id":"","castos_file_data":"","cover_image":"","cover_image_id":"","duration":"","filesize":"","filesize_raw":"","date_recorded":"","explicit":"","block":"","_custom_cards_description":"","footnotes":""},"class_list":["post-52","page","type-page","status-publish","has-post-thumbnail","hentry"],"acf":[],"_links":{"self":[{"href":"https:\/\/www.blakors.no\/lade\/wp-json\/wp\/v2\/pages\/52","targetHints":{"allow":["GET"]}}],"collection":[{"href":"https:\/\/www.blakors.no\/lade\/wp-json\/wp\/v2\/pages"}],"about":[{"href":"https:\/\/www.blakors.no\/lade\/wp-json\/wp\/v2\/types\/page"}],"author":[{"embeddable":true,"href":"https:\/\/www.blakors.no\/lade\/wp-json\/wp\/v2\/users\/23"}],"replies":[{"embeddable":true,"href":"https:\/\/www.blakors.no\/lade\/wp-json\/wp\/v2\/comments?post=52"}],"version-history":[{"count":5,"href":"https:\/\/www.blakors.no\/lade\/wp-json\/wp\/v2\/pages\/52\/revisions"}],"predecessor-version":[{"id":13472,"href":"https:\/\/www.blakors.no\/lade\/wp-json\/wp\/v2\/pages\/52\/revisions\/13472"}],"wp:featuredmedia":[{"embeddable":true,"href":"https:\/\/www.blakors.no\/lade\/wp-json\/wp\/v2\/media\/10266"}],"wp:attachment":[{"href":"https:\/\/www.blakors.no\/lade\/wp-json\/wp\/v2\/media?parent=52"}],"curies":[{"name":"wp","href":"https:\/\/api.w.org\/{rel}","templated":true}]}}