{"id":885,"date":"2020-08-31T11:18:28","date_gmt":"2020-08-31T09:18:28","guid":{"rendered":"https:\/\/www.blakors.no\/lade\/?page_id=885"},"modified":"2024-04-18T12:51:51","modified_gmt":"2024-04-18T10:51:51","slug":"bildegalleri","status":"publish","type":"page","link":"https:\/\/www.blakors.no\/lade\/bildegalleri\/","title":{"rendered":"Bilder fra Bl\u00e5 kors klinikk Lade"},"content":{"rendered":"\t<div class=\"custom-block-gallery\" data-pswp-uid=\"6a053b58c4861\">\n\t\t<ul class=\"gallery\">\n\t\t\t\t\t\t\t<li class=\"gallery-item\" data-pswp-pid=\"0\">\n\t\t\t\t\t<img loading=\"lazy\" decoding=\"async\" src=\"https:\/\/www.blakors.no\/content\/uploads\/sites\/12\/2020\/10\/Kokken-lager-mat-768x571.jpg\" alt=\"En kokk i hvitt smiler bredt, Han forbereder snitter med blasnt annet r\u00f8kelaks\" width=\"1024\" height=\"762\" \/>\n\t\t\t\t\t\t\t\t\t\t\t<figcaption>Kj\u00f8kkensjefen lager snitter<\/figcaption>\n\t\t\t\t\t\t\t\t\t<\/li>\n\t\t\t\t\t\t\t\t<li class=\"gallery-item\" data-pswp-pid=\"1\">\n\t\t\t\t\t<img loading=\"lazy\" decoding=\"async\" src=\"https:\/\/www.blakors.no\/content\/uploads\/sites\/12\/2020\/10\/Kokkene-lager-mat-ved-Bla\u030a-Kors-Lade-Behandlingssenter-768x509.jpg\" alt=\"To kokker st\u00e5r ved siden av hverandre og forbereder mat. Han ene skj\u00e6rer sopp\" width=\"1024\" height=\"679\" \/>\n\t\t\t\t\t\t\t\t\t\t\t<figcaption>Rune og Kay lager mat p\u00e5 kj\u00f8kkenet<\/figcaption>\n\t\t\t\t\t\t\t\t\t<\/li>\n\t\t\t\t\t\t\t\t<li class=\"gallery-item\" data-pswp-pid=\"2\">\n\t\t\t\t\t<img loading=\"lazy\" decoding=\"async\" src=\"https:\/\/www.blakors.no\/content\/uploads\/sites\/12\/2020\/10\/Pasienten-tar-seg-mat-768x488.jpg\" alt=\"En mann st\u00e5r ved buffe og skal velge seg noe \u00e5 spise. Det er fra en salatbar. Det er ogs\u00e5 en kokk som st\u00e5r der og viser han\" width=\"1024\" height=\"651\" \/>\n\t\t\t\t\t\t\t\t\t\t\t<figcaption>Salatbar i kantina v\u00e5r Lade Bli Mat. <\/figcaption>\n\t\t\t\t\t\t\t\t\t<\/li>\n\t\t\t\t\t\t\t\t<li class=\"gallery-item\" data-pswp-pid=\"3\">\n\t\t\t\t\t<img loading=\"lazy\" decoding=\"async\" src=\"https:\/\/www.blakors.no\/content\/uploads\/sites\/12\/2020\/07\/Venterom-768x512.jpg\" alt=\"\" width=\"1024\" height=\"683\" \/>\n\t\t\t\t\t\t\t\t\t\t\t<figcaption>Bilde fra venterom. Malerier p\u00e5 veggen er malt av tidligere pasienter. <\/figcaption>\n\t\t\t\t\t\t\t\t\t<\/li>\n\t\t\t\t\t\t\t\t<li class=\"gallery-item\" data-pswp-pid=\"4\">\n\t\t\t\t\t<img loading=\"lazy\" decoding=\"async\" src=\"https:\/\/www.blakors.no\/content\/uploads\/sites\/12\/2020\/07\/kantina-v\u00e5r-768x512.jpg\" alt=\"\" width=\"1024\" height=\"683\" \/>\n\t\t\t\t\t\t\t\t\t\t\t<figcaption>Bilder fra kantina v\u00e5r. &quot; Lade Bli Mat&quot;<\/figcaption>\n\t\t\t\t\t\t\t\t\t<\/li>\n\t\t\t\t\t\t\t\t<li class=\"gallery-item\" data-pswp-pid=\"5\">\n\t\t\t\t\t<img loading=\"lazy\" decoding=\"async\" src=\"https:\/\/www.blakors.no\/content\/uploads\/sites\/12\/2020\/07\/H\u00f8st-LBS-hovedinngang-768x512.jpg\" alt=\"\" width=\"1024\" height=\"683\" \/>\n\t\t\t\t\t\t\t\t\t\t\t<figcaption>Hovedinngangen. Det er h\u00f8st.<\/figcaption>\n\t\t\t\t\t\t\t\t\t<\/li>\n\t\t\t\t\t\t\t\t<li class=\"gallery-item\" data-pswp-pid=\"6\">\n\t\t\t\t\t<img loading=\"lazy\" decoding=\"async\" src=\"https:\/\/www.blakors.no\/content\/uploads\/sites\/12\/2020\/07\/H\u00f8st-Lade-behandlingssenter-768x512.jpg\" alt=\"\" width=\"1024\" height=\"683\" \/>\n\t\t\t\t\t\t\t\t\t\t\t<figcaption>Uteomr\u00e5de ved inngangspartiet <\/figcaption>\n\t\t\t\t\t\t\t\t\t<\/li>\n\t\t\t\t\t\t\t\t<li class=\"gallery-item\" data-pswp-pid=\"7\">\n\t\t\t\t\t<img loading=\"lazy\" decoding=\"async\" src=\"https:\/\/www.blakors.no\/content\/uploads\/sites\/12\/2020\/10\/Bilen-til-Bla\u030a-Kors-Lade-Behandlingssenter-768x510.jpg\" alt=\"Varebilen i gr\u00e5tt til Bla\u030a Kors Lade Behandlingssenter. Det sitter en mann i den\" width=\"1024\" height=\"680\" \/>\n\t\t\t\t\t\t\t\t\t\t\t<figcaption>Driftsleder i firmabil<\/figcaption>\n\t\t\t\t\t\t\t\t\t<\/li>\n\t\t\t\t\t\t\t\t<li class=\"gallery-item\" data-pswp-pid=\"8\">\n\t\t\t\t\t<img loading=\"lazy\" decoding=\"async\" src=\"https:\/\/www.blakors.no\/content\/uploads\/sites\/12\/2020\/10\/Sitter-samlet-utenfor-inngangen-768x512.jpg\" alt=\"Fire mennesker sitter ute ved et bord og drikker kaffe. En smiler, mens andre ser alvorlige ut. Det er to menn og to kvinner\" width=\"1024\" height=\"683\" \/>\n\t\t\t\t\t\t\t\t\t\t\t<figcaption>P\u00e5 benken utenfor hovedinngangen<\/figcaption>\n\t\t\t\t\t\t\t\t\t<\/li>\n\t\t\t\t\t\t\t\t<li class=\"gallery-item\" data-pswp-pid=\"9\">\n\t\t\t\t\t<img loading=\"lazy\" decoding=\"async\" src=\"https:\/\/www.blakors.no\/content\/uploads\/sites\/12\/2020\/10\/Ansatte-spiser-lunsj-sammen-768x505.jpg\" alt=\"Ansatte hos Bl\u00e5 Kors Lade Behandlingssenter sitter samlet rundt lunsjbordet. De har deilig lunsj med niste og fruktfat\" width=\"1024\" height=\"673\" \/>\n\t\t\t\t\t\t\t\t\t\t\t<figcaption>Felles lunsj i kantina<\/figcaption>\n\t\t\t\t\t\t\t\t\t<\/li>\n\t\t\t\t\t\t\t\t<li class=\"gallery-item\" data-pswp-pid=\"10\">\n\t\t\t\t\t<img loading=\"lazy\" decoding=\"async\" src=\"https:\/\/www.blakors.no\/content\/uploads\/sites\/12\/2020\/10\/En-mann-sitter-pa\u030a-venterommet-med-armer-i-kors-768x511.jpg\" alt=\"En mann sitter pa\u030a venterommet med armer i kors. Det er et innbydende rom med en gr\u00f8nn sofa, blomst p\u00e5 bordet og kunst p\u00e5 veggene\" width=\"1024\" height=\"681\" \/>\n\t\t\t\t\t\t\t\t\t\t\t<figcaption>Pasient venterommet<\/figcaption>\n\t\t\t\t\t\t\t\t\t<\/li>\n\t\t\t\t\t\t\t\t<li class=\"gallery-item\" data-pswp-pid=\"11\">\n\t\t\t\t\t<img loading=\"lazy\" decoding=\"async\" src=\"https:\/\/www.blakors.no\/content\/uploads\/sites\/12\/2020\/10\/Jan-Elverum-direkt\u00f8r-ved-Bla\u030a-Kors-Lade-Behandlingssenter-768x519.jpg\" alt=\"Jan Elverum direkt\u00f8r som smiler\" width=\"1024\" height=\"692\" \/>\n\t\t\t\t\t\t\t\t\t\t\t<figcaption>Direkt\u00f8r Jan Elverum<\/figcaption>\n\t\t\t\t\t\t\t\t\t<\/li>\n\t\t\t\t\t\t\t\t<li class=\"gallery-item\" data-pswp-pid=\"12\">\n\t\t\t\t\t<img loading=\"lazy\" decoding=\"async\" src=\"https:\/\/www.blakors.no\/content\/uploads\/sites\/12\/2020\/10\/Erfaringskonsulent-Perka-Eriksen-768x512.jpg\" alt=\"Perka Eriksen erfaringskonsulent. Han st\u00e5r foran en farget vegg og holder henen i buksalomma\" width=\"1024\" height=\"683\" \/>\n\t\t\t\t\t\t\t\t\t\t\t<figcaption>Perka Eriksen v\u00e5r Erfaringsmedarbeider<\/figcaption>\n\t\t\t\t\t\t\t\t\t<\/li>\n\t\t\t\t\t\t\t\t<li class=\"gallery-item\" data-pswp-pid=\"13\">\n\t\t\t\t\t<img loading=\"lazy\" decoding=\"async\" src=\"https:\/\/www.blakors.no\/content\/uploads\/sites\/12\/2020\/10\/Resepsjonen-Bla\u030a-Kors-Lade-Behandlingssenter-1-768x541.jpg\" alt=\"En dame sitter i resepsjonen og holder i en telefon\" width=\"1024\" height=\"721\" \/>\n\t\t\t\t\t\t\t\t\t\t\t<figcaption>Resepsjonsdamen v\u00e5r<\/figcaption>\n\t\t\t\t\t\t\t\t\t<\/li>\n\t\t\t\t\t\t\t\t<li class=\"gallery-item\" data-pswp-pid=\"14\">\n\t\t\t\t\t<img loading=\"lazy\" decoding=\"async\" src=\"https:\/\/www.blakors.no\/content\/uploads\/sites\/12\/2020\/08\/IMG_0620-768x539.jpg\" alt=\"\" width=\"1024\" height=\"719\" \/>\n\t\t\t\t\t\t\t\t\t\t\t<figcaption>Det pyntes til hageselskap<\/figcaption>\n\t\t\t\t\t\t\t\t\t<\/li>\n\t\t\t\t\t\t\t\t<li class=\"gallery-item\" data-pswp-pid=\"15\">\n\t\t\t\t\t<img loading=\"lazy\" decoding=\"async\" src=\"https:\/\/www.blakors.no\/content\/uploads\/sites\/12\/2020\/10\/Ansatt-Bla\u030a-Kors-Lade-Behandlingssenter-768x1152.jpg\" alt=\"En mann st\u00e5r foran en oransje vegg. Han smiler. Han har p\u00e5 seg en t-skjorte der det st\u00e5r on air. Han leder podcast-sendingen hos Bl\u00e5 Kors Lade Behandlingssenter\" width=\"683\" height=\"1024\" \/>\n\t\t\t\t\t\t\t\t\t\t\t<figcaption>Ivar Lang\u00e5s lager PodPrat p\u00e5 LBS<\/figcaption>\n\t\t\t\t\t\t\t\t\t<\/li>\n\t\t\t\t\t\t\t\t<li class=\"gallery-item\" data-pswp-pid=\"16\">\n\t\t\t\t\t<img loading=\"lazy\" decoding=\"async\" src=\"https:\/\/www.blakors.no\/content\/uploads\/sites\/12\/2020\/08\/velkommen-til-lade-768x512.jpg\" alt=\"\" width=\"1024\" height=\"683\" \/>\n\t\t\t\t\t\t\t\t\t\t\t<figcaption>Ute ved hovedinngangen v\u00e5r<\/figcaption>\n\t\t\t\t\t\t\t\t\t<\/li>\n\t\t\t\t\t\t\t\t<li class=\"gallery-item\" data-pswp-pid=\"17\">\n\t\t\t\t\t<img loading=\"lazy\" decoding=\"async\" src=\"https:\/\/www.blakors.no\/content\/uploads\/sites\/12\/2020\/07\/fra-resepsjonen-v\u00e5r-768x510.jpg\" alt=\"To damer st\u00e5r i resepsjonen. Hun ene snakker i telefonen mens hun andre peker p\u00e5 PC-skjermen\" width=\"1024\" height=\"680\" \/>\n\t\t\t\t\t\t\t\t\t\t\t<figcaption>To av v\u00e5re damer i resepsjonen<\/figcaption>\n\t\t\t\t\t\t\t\t\t<\/li>\n\t\t\t\t\t\t\t\t<li class=\"gallery-item\" data-pswp-pid=\"18\">\n\t\t\t\t\t<img loading=\"lazy\" decoding=\"async\" src=\"https:\/\/www.blakors.no\/content\/uploads\/sites\/12\/2020\/04\/foto-sak-1\u00c5se-Prestvik-Lade-scaled-1-768x512.jpg\" alt=\"\" width=\"1024\" height=\"683\" \/>\n\t\t\t\t\t\t\t\t\t\t\t<figcaption>Fagsjef \u00c5se Prestvik<\/figcaption>\n\t\t\t\t\t\t\t\t\t<\/li>\n\t\t\t\t\t\t\t\t<li class=\"gallery-item\" data-pswp-pid=\"19\">\n\t\t\t\t\t<img loading=\"lazy\" decoding=\"async\" src=\"https:\/\/www.blakors.no\/content\/uploads\/sites\/12\/2020\/09\/En-dame-som-kaster-768x576.jpg\" alt=\"\" width=\"800\" height=\"600\" \/>\n\t\t\t\t\t\t\t\t\t\t\t<figcaption>Kubb-turnering i Hagen<\/figcaption>\n\t\t\t\t\t\t\t\t\t<\/li>\n\t\t\t\t\t\t\t\t<li class=\"gallery-item\" data-pswp-pid=\"20\">\n\t\t\t\t\t<img loading=\"lazy\" decoding=\"async\" src=\"https:\/\/www.blakors.no\/content\/uploads\/sites\/12\/2018\/05\/IMG_0004trim-scaled-1-768x512.jpg\" alt=\"\" width=\"1024\" height=\"683\" \/>\n\t\t\t\t\t\t\t\t\t\t\t<figcaption>Bilde fra treningsrommet v\u00e5rt<\/figcaption>\n\t\t\t\t\t\t\t\t\t<\/li>\n\t\t\t\t\t\t\t\t<li class=\"gallery-item\" data-pswp-pid=\"21\">\n\t\t\t\t\t<img loading=\"lazy\" decoding=\"async\" src=\"https:\/\/www.blakors.no\/content\/uploads\/sites\/12\/2018\/05\/DSC9544kapell-768x511.jpg\" alt=\"\" width=\"1024\" height=\"682\" \/>\n\t\t\t\t\t\t\t\t\t\t\t<figcaption>Stillerommet v\u00e5rt<\/figcaption>\n\t\t\t\t\t\t\t\t\t<\/li>\n\t\t\t\t\t\t\t\t<li class=\"gallery-item\" data-pswp-pid=\"22\">\n\t\t\t\t\t<img loading=\"lazy\" decoding=\"async\" src=\"https:\/\/www.blakors.no\/content\/uploads\/sites\/12\/2019\/06\/Renhold-768x576.jpg\" alt=\"\" width=\"1024\" height=\"768\" \/>\n\t\t\t\t\t\t\t\t\t\t\t<figcaption>V\u00e5re alltid blide og dyktige renholdspersonell.<\/figcaption>\n\t\t\t\t\t\t\t\t\t<\/li>\n\t\t\t\t\t\t\t\t<li class=\"gallery-item\" data-pswp-pid=\"23\">\n\t\t\t\t\t<img loading=\"lazy\" decoding=\"async\" src=\"https:\/\/www.blakors.no\/content\/uploads\/sites\/12\/2019\/06\/IMG_3647.jpg\" alt=\"Flyfoto LBS\" width=\"526\" height=\"792\" \/>\n\t\t\t\t\t\t\t\t\t\t\t<figcaption>Flyfoto av Bl\u00e5 Kors Lade Behandlingssenter.<\/figcaption>\n\t\t\t\t\t\t\t\t\t<\/li>\n\t\t\t\t\t\t\t\t<li class=\"gallery-item\" data-pswp-pid=\"24\">\n\t\t\t\t\t<img loading=\"lazy\" decoding=\"async\" src=\"https:\/\/www.blakors.no\/content\/uploads\/sites\/12\/2020\/08\/IMG_0639-1-768x499.jpg\" alt=\"Grilling i hagen\" width=\"1024\" height=\"666\" \/>\n\t\t\t\t\t\t\t\t\t\t\t<figcaption>Hageselskap med grilling og kubb-turnering<\/figcaption>\n\t\t\t\t\t\t\t\t\t<\/li>\n\t\t\t\t\t\t\t\t<li class=\"gallery-item\" data-pswp-pid=\"25\">\n\t\t\t\t\t<img loading=\"lazy\" decoding=\"async\" src=\"https:\/\/www.blakors.no\/content\/uploads\/sites\/12\/2020\/10\/Faglig-samling-768x500.jpg\" alt=\"Fagsamling der Frode Kavli presenterer. Det er seks andre mennesker rundt et bord\" width=\"1024\" height=\"666\" \/>\n\t\t\t\t\t\t\t\t\t\t\t<figcaption>Undervisning <\/figcaption>\n\t\t\t\t\t\t\t\t\t<\/li>\n\t\t\t\t\t\t\t\t<li class=\"gallery-item\" data-pswp-pid=\"26\">\n\t\t\t\t\t<img loading=\"lazy\" decoding=\"async\" src=\"https:\/\/www.blakors.no\/content\/uploads\/sites\/12\/2019\/06\/fullsizeoutput_5425-scaled-1-768x1024.jpeg\" alt=\"\" width=\"768\" height=\"1024\" \/>\n\t\t\t\t\t\t\t\t\t\t\t<figcaption> Vi lar oss ofte friste av nybakte kanelsnurrer fra kantina.<\/figcaption>\n\t\t\t\t\t\t\t\t\t<\/li>\n\t\t\t\t\t\t\t\t<li class=\"gallery-item\" data-pswp-pid=\"27\">\n\t\t\t\t\t<img loading=\"lazy\" decoding=\"async\" src=\"https:\/\/www.blakors.no\/content\/uploads\/sites\/12\/2020\/10\/Fra-Hagen-1-1-768x576.jpg\" alt=\"\" width=\"1024\" height=\"768\" \/>\n\t\t\t\t\t\t\t\t\t\t\t<figcaption>Hagen v\u00e5r.<\/figcaption>\n\t\t\t\t\t\t\t\t\t<\/li>\n\t\t\t\t\t\t\t\t<li class=\"gallery-item\" data-pswp-pid=\"28\">\n\t\t\t\t\t<img loading=\"lazy\" decoding=\"async\" src=\"https:\/\/www.blakors.no\/content\/uploads\/sites\/12\/2020\/10\/Fra-hagen-1-768x1024.jpg\" alt=\"\" width=\"768\" height=\"1024\" \/>\n\t\t\t\t\t\t\t\t\t\t\t<figcaption>Hagekonsert med Koronavakt \ud83d\ude42<\/figcaption>\n\t\t\t\t\t\t\t\t\t<\/li>\n\t\t\t\t\t\t\t\t<li class=\"gallery-item\" data-pswp-pid=\"29\">\n\t\t\t\t\t<img loading=\"lazy\" decoding=\"async\" src=\"https:\/\/www.blakors.no\/content\/uploads\/sites\/12\/2020\/10\/Fra-hagekonsert-3-768x576.jpg\" alt=\"\" width=\"1024\" height=\"768\" \/>\n\t\t\t\t\t\t\t\t\t\t\t<figcaption>Hagekonsert med Adrian J\u00f8rgensen.<\/figcaption>\n\t\t\t\t\t\t\t\t\t<\/li>\n\t\t\t\t\t\t\t\t<li class=\"gallery-item\" data-pswp-pid=\"30\">\n\t\t\t\t\t<img loading=\"lazy\" decoding=\"async\" src=\"https:\/\/www.blakors.no\/content\/uploads\/sites\/12\/2020\/10\/Fra-hagekonsert-2-768x576.jpg\" alt=\"\" width=\"1024\" height=\"768\" \/>\n\t\t\t\t\t\t\t\t\t<\/li>\n\t\t\t\t\t\t\t\t<li class=\"gallery-item\" data-pswp-pid=\"31\">\n\t\t\t\t\t<img loading=\"lazy\" decoding=\"async\" src=\"https:\/\/www.blakors.no\/content\/uploads\/sites\/12\/2018\/05\/IMG_6706-scaled-1-768x576.jpg\" alt=\"Faste sykkeldager\" width=\"1024\" height=\"768\" \/>\n\t\t\t\t\t\t\t\t\t\t\t<figcaption>Bilder fra den \u00e5rlige Sykkeldagen.<\/figcaption>\n\t\t\t\t\t\t\t\t\t<\/li>\n\t\t\t\t\t\t<\/ul>\n\t<\/div>\n","protected":false},"excerpt":{"rendered":"","protected":false},"author":23,"featured_media":10382,"parent":0,"menu_order":0,"comment_status":"closed","ping_status":"closed","template":"","meta":{"_acf_changed":false,"_relevanssi_hide_post":"","_relevanssi_hide_content":"","_relevanssi_pin_for_all":"on","_relevanssi_pin_keywords":"Bildegalleri, fasiliteter","_relevanssi_unpin_keywords":"","_relevanssi_related_keywords":"","_relevanssi_related_include_ids":"","_relevanssi_related_exclude_ids":"","_relevanssi_related_no_append":"","_relevanssi_related_not_related":"","_relevanssi_related_posts":"7921,7302,7071,7401,9580,7382","_relevanssi_noindex_reason":"","sync_status":"","episode_type":"","audio_file":"","podmotor_file_id":"","podmotor_episode_id":"","castos_file_data":"","cover_image":"","cover_image_id":"","duration":"","filesize":"","filesize_raw":"","date_recorded":"","explicit":"","block":"","_custom_cards_description":"","footnotes":""},"class_list":["post-885","page","type-page","status-publish","has-post-thumbnail","hentry"],"acf":[],"_links":{"self":[{"href":"https:\/\/www.blakors.no\/lade\/wp-json\/wp\/v2\/pages\/885","targetHints":{"allow":["GET"]}}],"collection":[{"href":"https:\/\/www.blakors.no\/lade\/wp-json\/wp\/v2\/pages"}],"about":[{"href":"https:\/\/www.blakors.no\/lade\/wp-json\/wp\/v2\/types\/page"}],"author":[{"embeddable":true,"href":"https:\/\/www.blakors.no\/lade\/wp-json\/wp\/v2\/users\/23"}],"replies":[{"embeddable":true,"href":"https:\/\/www.blakors.no\/lade\/wp-json\/wp\/v2\/comments?post=885"}],"version-history":[{"count":5,"href":"https:\/\/www.blakors.no\/lade\/wp-json\/wp\/v2\/pages\/885\/revisions"}],"predecessor-version":[{"id":13163,"href":"https:\/\/www.blakors.no\/lade\/wp-json\/wp\/v2\/pages\/885\/revisions\/13163"}],"wp:featuredmedia":[{"embeddable":true,"href":"https:\/\/www.blakors.no\/lade\/wp-json\/wp\/v2\/media\/10382"}],"wp:attachment":[{"href":"https:\/\/www.blakors.no\/lade\/wp-json\/wp\/v2\/media?parent=885"}],"curies":[{"name":"wp","href":"https:\/\/api.w.org\/{rel}","templated":true}]}}