{"id":92,"date":"2020-06-11T15:01:06","date_gmt":"2020-06-11T13:01:06","guid":{"rendered":"https:\/\/www.blakors.no\/lade\/?page_id=92"},"modified":"2025-05-25T17:37:33","modified_gmt":"2025-05-25T15:37:33","slug":"for-helsepersonell","status":"publish","type":"page","link":"https:\/\/www.blakors.no\/lade\/for-helsepersonell\/","title":{"rendered":"For helsepersonell"},"content":{"rendered":"<div class=\"custom-block-banner alignwide contenthalf\"><div class=\"banner-image\" style=\"background-image:url(https:\/\/www.blakors.no\/content\/uploads\/sites\/12\/2020\/10\/Medisiner-ved-Bla\u030a-Kors-Lade-Behandlingssenter-1024x634.jpg)\"><\/div><div class=\"banner-inner\"><div><h1 id=\"helsepersonell\"  class=\"title large \" >Helsepersonell<\/h1><p>Mennesker som har et rusproblem, pengespilleavhengighet eller problemskapende dataspilling, kan henvises til tverrfaglig spesialisert behandling (TSB) hos Bl\u00e5 Kors Lade Behandlingssenter. <\/p><\/div><\/div><\/div>\n\n\n<p>Bl\u00e5 Kors Lade Behandlingssenter har en l\u00f8pende driftsavtale med Helse Midt Norge om leveranse av tverrfaglig spesialistert rusbehandling. Henvisning til behandling i tverrfaglig spesialisert behandling for rusmiddelavhengighet (TSB) kan sendes av fastlege, sosialtjeneste\/NAV, barneverntjenesten eller fra andre enheter innen spesialisthelsetjenesten. <\/p>\n\n\n\n<p>Henvisninger b\u00f8r utarbeides i n\u00e6rt samarbeid med pasienten og eventuelle p\u00e5r\u00f8rende. P\u00e5r\u00f8rende har tilsvarende tilbud, og kan henvises til oss. <\/p>\n\n\n\n<p>Dersom henviser og\/eller pasient har synspunkter om behandlingsniv\u00e5 eller et \u00f8nske om behandling ved Bl\u00e5 Kors Lade Behandlingssenter, m\u00e5 dette framg\u00e5 tydelig av henvisningen og \u00f8nsket m\u00e5 begrunnes.<\/p>\n\n\n\n<h2 id=\"henvisning-sendes-til-utpekt-vurderingsinstans\"  class=\"wp-block-heading\" >Henvisning sendes til utpekt vurderingsinstans<\/h2>\n\n\n\n<p>I Helse Midt-Norge RHF er adressene til vurderingsinstansene i HF-omr\u00e5dene:&nbsp;<\/p>\n\n\n\n<figure class=\"wp-block-table alignwide is-style-regular\"><table class=\"has-fixed-layout\"><tbody><tr><td><strong>St. Olavs Hospital HF<\/strong><\/td><td class=\"has-text-align-left\" data-align=\"left\"><br>Klinikk for rus og avhengighetsmedisin<br><\/td><td>Postboks 3250, Torgarden<\/td><td>7006 Trondheim<\/td><td>For pasienter over 30 \u00e5r<\/td><\/tr><tr><td><strong>St. Olavs Hospital HF<\/strong><\/td><td class=\"has-text-align-left\" data-align=\"left\">Psykiatrisk ungdomsteam<\/td><td>Postboks 3250, Torgarden<\/td><td>7006 Trondheim&nbsp;<\/td><td>For pasienter under 30 \u00e5r<\/td><\/tr><tr><td><strong>Helse M\u00f8re og Romsdal HF<\/strong><\/td><td class=\"has-text-align-left\" data-align=\"left\">Avdeling for tverrfaglig spesialisert rusbehandling (TSB), \u00c5lesund Behandlingssenter<\/td><td>Vestmoa 27<\/td><td>6018 \u00c5lesund&nbsp;<\/td><td><\/td><\/tr><tr><td><strong>Helse Nord-Tr\u00f8ndelag HF<\/strong><\/td><td class=\"has-text-align-left\" data-align=\"left\">Klinikk for psykisk helsevern og rus<\/td><td>Postboks 333<\/td><td>7601 Levanger<\/td><td><\/td><\/tr><\/tbody><\/table><\/figure>\n\n\n\n<p><strong>Kontakt Bl\u00e5 Kors Lade Behandlingssenter p\u00e5 telefon: 73 84 85 00 ved behov for veiledning eller dr\u00f8fting i utarbeidelse av en henvisning. <\/strong><\/p>\n\n\n\n\t\t<div class=\"wp-block-lib-accentuated-link\">\n\t\t\t<a\n\t\t\t\tclass=\"lib-link__link\"\n\t\t\t\thref=\"https:\/\/www.blakors.no\/lade\/innhold-i-henvisning\/\"\n\t\t\t\ttarget=\"\"\n\t\t\t\trel=\"\"\n\t\t\t>\n\t\t\t\t\n\t\t\t\t<div class=\"lib-link__text-content\">\n\t\t\t\t\t<span class=\"lib-link__tagline\">\n\t\t\t\t\t\tFinn ut\n\t\t\t\t\t<\/span>\n\n\t\t\t\t\t<h3 class=\"lib-link__title\">\n\t\t\t\t\t\tInformasjon om hva en henvisning b\u00f8r inneholde\n\t\t\t\t\t<\/h3>\n\n\t\t\t\t\t\n\t\t\t\t<\/div>\n\t\t\t<\/a>\n\t\t<\/div>\n\n\n<h2 id=\"vurderingsinstans\"  class=\"wp-block-heading\" >Vurderingsinstans<\/h2>\n\n\n\n<p>Vurderingsinstansen vurderer om pasienten har rett til n\u00f8dvendig helsehjelp i TSB, p\u00e5 hvilket behandlingsniv\u00e5 (d\u00f8gn, poliklinikk, dagbehandling), n\u00e5r behandlingen b\u00f8r starte og hvilken behandlingsinstitusjon som kan ivareta pasientens behandlingsbehov. <\/p>\n\n\n\n<p>Resultatet av rettighetsvurderingen skal sendes som brev til pasienten med kopi til henviser. Her blir det ogs\u00e5 opplyst om frist for n\u00e5r behandlingen skal p\u00e5begynnes, og dato for behandlingsoppstart ved utpekt institusjon\/klinikk. <br><br>Hvis pasienten har f\u00e5tt et tilbud om behandlingsstart ved en annen behandlingsinstitusjon enn Bl\u00e5 Kors Lade Behandlingssenter, kan pasienten benytte seg av retten til\u00a0<a href=\"https:\/\/helsenorge.no\/rettigheter\/fritt-behandlingsvalg\" target=\"_blank\" rel=\"noopener\">fritt behandlingsvalg<\/a>\u00a0og velge Bl\u00e5 Kors Lade Behandlingssenter som sitt behandlingssted.<\/p>\n\n\n\n<h2 id=\"aktuelt\"  class=\"wp-block-heading has-text-align-left\" >Aktuelt<\/h2>\n\n\n<div class=\"t2-featured-content-layout alignwide alignwide wp-block-t2-featured-content-layout\" role=\"list\">\n<div class=\"t2-featured-single-post t2-featured-content is-post-type-post category-alkohol-og-rusbehandling category-forskning wp-block-t2-featured-single-post t2-featured-content-layout-col-6\" role=\"listitem\"><a class=\"t2-post-link wp-block-t2-post-link\" href=\"https:\/\/www.blakors.no\/lade\/2020\/06\/11\/oksytocin-nesespray-ble-brukt-for-a-redusere-abstinens\/\">\n<figure style=\"--t2-focal-point: 50% 50%;\" class=\"t2-post-featured-image has-image-ratio-16-9 wp-block-t2-post-featured-image\"><img loading=\"lazy\" decoding=\"async\" width=\"1030\" height=\"686\" src=\"https:\/\/www.blakors.no\/content\/uploads\/sites\/12\/2020\/06\/Bla\u030a-Kors-Lade-Behandlinssenter-skilt.jpg\" class=\"attachment-post-thumbnail size-post-thumbnail wp-post-image\" alt=\"Inngangspartiet til Bl\u00e5 Kors Lade Behandlingssenter i Trondheim\" srcset=\"https:\/\/www.blakors.no\/content\/uploads\/sites\/12\/2020\/06\/Bla\u030a-Kors-Lade-Behandlinssenter-skilt.jpg 1030w, https:\/\/www.blakors.no\/content\/uploads\/sites\/12\/2020\/06\/Bla\u030a-Kors-Lade-Behandlinssenter-skilt-300x200.jpg 300w, https:\/\/www.blakors.no\/content\/uploads\/sites\/12\/2020\/06\/Bla\u030a-Kors-Lade-Behandlinssenter-skilt-1024x682.jpg 1024w, https:\/\/www.blakors.no\/content\/uploads\/sites\/12\/2020\/06\/Bla\u030a-Kors-Lade-Behandlinssenter-skilt-768x512.jpg 768w\" sizes=\"auto, (min-width: 782px) 650px, 100vw\" \/><\/figure>\n\n<div class=\"wp-block-group alignfull is-layout-flow wp-block-group-is-layout-flow\">\n\t<h2 id=\"oksytocin-nesespray-ble-brukt-for-a-redusere-abstinens\"  class=\"t2-post-title wp-block-t2-post-title\" >Oksytocin nesespray ble brukt for \u00e5 redusere abstinens<\/h2>\n\t<div class=\"wp-block-post-date__modified-date wp-block-post-date\"><time datetime=\"2020-08-19T08:17:17+02:00\">19. august 2020<\/time><\/div>\n\t\t\t<div class=\"single-meta t2-post-excerpt card-description wp-block-blakors-meta-display\"><\/div>\n\t\n<\/div>\n\n<\/a>\n<\/div>\n\n<div class=\"t2-featured-single-post t2-featured-content is-post-type-post category-forskning wp-block-t2-featured-single-post t2-featured-content-layout-col-6\" role=\"listitem\"><a class=\"t2-post-link wp-block-t2-post-link\" href=\"https:\/\/www.blakors.no\/lade\/2020\/06\/11\/okt-kunnskap-om-behandlingsresultat\/\">\n<figure style=\"--t2-focal-point: 50% 50%;\" class=\"t2-post-featured-image has-image-ratio-16-9 wp-block-t2-post-featured-image\"><img loading=\"lazy\" decoding=\"async\" width=\"1030\" height=\"772\" src=\"https:\/\/www.blakors.no\/content\/uploads\/sites\/12\/2020\/06\/Klinikkavdelingen-til-Bla\u030a-Kors-Lade-Behandlingssenter.jpg\" class=\"attachment-post-thumbnail size-post-thumbnail wp-post-image\" alt=\"Fra Klinikkavdelingen til Bl\u00e5 Kors Lade Behandlingssenter. Ser en sofa, to stoler, et bord og noen planter\" srcset=\"https:\/\/www.blakors.no\/content\/uploads\/sites\/12\/2020\/06\/Klinikkavdelingen-til-Bla\u030a-Kors-Lade-Behandlingssenter.jpg 1030w, https:\/\/www.blakors.no\/content\/uploads\/sites\/12\/2020\/06\/Klinikkavdelingen-til-Bla\u030a-Kors-Lade-Behandlingssenter-300x225.jpg 300w, https:\/\/www.blakors.no\/content\/uploads\/sites\/12\/2020\/06\/Klinikkavdelingen-til-Bla\u030a-Kors-Lade-Behandlingssenter-1024x768.jpg 1024w, https:\/\/www.blakors.no\/content\/uploads\/sites\/12\/2020\/06\/Klinikkavdelingen-til-Bla\u030a-Kors-Lade-Behandlingssenter-768x576.jpg 768w\" sizes=\"auto, (min-width: 782px) 650px, 100vw\" \/><\/figure>\n\n<div class=\"wp-block-group alignfull is-layout-flow wp-block-group-is-layout-flow\">\n\t<h2 id=\"okt-kunnskap-om-behandlingsresultat\"  class=\"t2-post-title wp-block-t2-post-title\" >\u00d8kt kunnskap om behandlingsresultat<\/h2>\n\t<div class=\"wp-block-post-date__modified-date wp-block-post-date\"><time datetime=\"2020-06-15T11:27:54+02:00\">15. juni 2020<\/time><\/div>\n\t\t\t<div class=\"single-meta t2-post-excerpt card-description wp-block-blakors-meta-display\"><\/div>\n\t\n<\/div>\n\n<\/a>\n<\/div>\n<\/div>","protected":false},"excerpt":{"rendered":"<p>Bl\u00e5 Kors Lade Behandlingssenter har en l\u00f8pende driftsavtale med Helse Midt Norge om leveranse av tverrfaglig spesialistert rusbehandling. Henvisning til behandling i tverrfaglig spesialisert behandling for rusmiddelavhengighet (TSB) kan sendes av fastlege, sosialtjeneste\/NAV, barneverntjenesten eller fra andre enheter innen spesialisthelsetjenesten. Henvisninger b\u00f8r utarbeides i n\u00e6rt samarbeid med pasienten og eventuelle p\u00e5r\u00f8rende. P\u00e5r\u00f8rende har tilsvarende tilbud, [&hellip;]<\/p>\n","protected":false},"author":23,"featured_media":0,"parent":0,"menu_order":0,"comment_status":"closed","ping_status":"closed","template":"","meta":{"_acf_changed":false,"_relevanssi_hide_post":"","_relevanssi_hide_content":"","_relevanssi_pin_for_all":"","_relevanssi_pin_keywords":"","_relevanssi_unpin_keywords":"","_relevanssi_related_keywords":"","_relevanssi_related_include_ids":"","_relevanssi_related_exclude_ids":"","_relevanssi_related_no_append":"","_relevanssi_related_not_related":"","_relevanssi_related_posts":"1","_relevanssi_noindex_reason":"","sync_status":"","episode_type":"","audio_file":"","podmotor_file_id":"","podmotor_episode_id":"","castos_file_data":"","cover_image":"","cover_image_id":"","duration":"","filesize":"","filesize_raw":"","date_recorded":"","explicit":"","block":"","_custom_cards_description":"","footnotes":""},"class_list":["post-92","page","type-page","status-publish","hentry"],"acf":[],"_links":{"self":[{"href":"https:\/\/www.blakors.no\/lade\/wp-json\/wp\/v2\/pages\/92","targetHints":{"allow":["GET"]}}],"collection":[{"href":"https:\/\/www.blakors.no\/lade\/wp-json\/wp\/v2\/pages"}],"about":[{"href":"https:\/\/www.blakors.no\/lade\/wp-json\/wp\/v2\/types\/page"}],"author":[{"embeddable":true,"href":"https:\/\/www.blakors.no\/lade\/wp-json\/wp\/v2\/users\/23"}],"replies":[{"embeddable":true,"href":"https:\/\/www.blakors.no\/lade\/wp-json\/wp\/v2\/comments?post=92"}],"version-history":[{"count":5,"href":"https:\/\/www.blakors.no\/lade\/wp-json\/wp\/v2\/pages\/92\/revisions"}],"predecessor-version":[{"id":13352,"href":"https:\/\/www.blakors.no\/lade\/wp-json\/wp\/v2\/pages\/92\/revisions\/13352"}],"wp:attachment":[{"href":"https:\/\/www.blakors.no\/lade\/wp-json\/wp\/v2\/media?parent=92"}],"curies":[{"name":"wp","href":"https:\/\/api.w.org\/{rel}","templated":true}]}}