{"id":932,"date":"2020-09-01T12:18:56","date_gmt":"2020-09-01T10:18:56","guid":{"rendered":"https:\/\/www.blakors.no\/lade\/?page_id=932"},"modified":"2025-05-25T17:40:37","modified_gmt":"2025-05-25T15:40:37","slug":"rusbehandling","status":"publish","type":"page","link":"https:\/\/www.blakors.no\/lade\/rusbehandling\/","title":{"rendered":"Rusbehandling"},"content":{"rendered":"\n<p>Bl\u00e5 Kors klinikk Lade tilbyr tverrfaglig, spesialisert rusbehandling (TSB) for mennesker med avhengighet for rusmidler, alkohol og medikamenter. Vi har ulike behandlingstilbud, som du kan lese mer om under.<\/p>\n\n\n<div class=\"t2-featured-content-layout alignwide alignwide wp-block-t2-featured-content-layout\" role=\"list\">\n<div class=\"t2-featured-single-post t2-featured-content is-post-type-page wp-block-t2-featured-single-post\" role=\"listitem\"><a class=\"t2-post-link wp-block-t2-post-link\" href=\"https:\/\/www.blakors.no\/lade\/bruk-av-illegale-rusmidler\/\">\n<figure style=\"--t2-focal-point: 50% 50%;\" class=\"t2-post-featured-image has-image-ratio-16-9 wp-block-t2-post-featured-image\"><img loading=\"lazy\" decoding=\"async\" width=\"1080\" height=\"1080\" src=\"https:\/\/www.blakors.no\/content\/uploads\/sites\/12\/2020\/10\/Rusbehandling-som-hjelper.jpg\" class=\"attachment-post-thumbnail size-post-thumbnail wp-post-image\" alt=\"En behandler hos Bl\u00e5 Kors Lade Behandlingssenter tar et grep om skulderen til en mann vennskapelig og smiler\" srcset=\"https:\/\/www.blakors.no\/content\/uploads\/sites\/12\/2020\/10\/Rusbehandling-som-hjelper.jpg 1080w, https:\/\/www.blakors.no\/content\/uploads\/sites\/12\/2020\/10\/Rusbehandling-som-hjelper-300x300.jpg 300w, https:\/\/www.blakors.no\/content\/uploads\/sites\/12\/2020\/10\/Rusbehandling-som-hjelper-1024x1024.jpg 1024w, https:\/\/www.blakors.no\/content\/uploads\/sites\/12\/2020\/10\/Rusbehandling-som-hjelper-150x150.jpg 150w, https:\/\/www.blakors.no\/content\/uploads\/sites\/12\/2020\/10\/Rusbehandling-som-hjelper-768x768.jpg 768w\" sizes=\"auto, (min-width: 782px) 768px, 100vw\" \/><\/figure>\n\n<div class=\"wp-block-group alignfull is-layout-flow wp-block-group-is-layout-flow\">\n\t<h2 id=\"bruk-av-illegale-rusmidler\"  class=\"t2-post-title wp-block-t2-post-title\" >Bruk av illegale rusmidler<\/h2>\n\t<div class=\"wp-block-post-date__modified-date wp-block-post-date\"><time datetime=\"2022-12-23T11:22:21+01:00\">23. desember 2022<\/time><\/div>\n\t\t\t<div class=\"single-meta t2-post-excerpt card-description wp-block-blakors-meta-display\"><\/div>\n\t\n<\/div>\n\n<\/a>\n<\/div>\n\n<div class=\"t2-featured-single-post t2-featured-content is-post-type-page wp-block-t2-featured-single-post\" role=\"listitem\"><a class=\"t2-post-link wp-block-t2-post-link\" href=\"https:\/\/www.blakors.no\/lade\/medikamentavhengighet\/\">\n<figure style=\"--t2-focal-point: 50% 50%;\" class=\"t2-post-featured-image has-image-ratio-16-9 wp-block-t2-post-featured-image\"><img loading=\"lazy\" decoding=\"async\" width=\"1600\" height=\"1064\" src=\"https:\/\/www.blakors.no\/content\/uploads\/sites\/12\/2020\/10\/En-mann-sitter-pa\u030a-venterommet-med-armer-i-kors.jpg\" class=\"attachment-post-thumbnail size-post-thumbnail wp-post-image\" alt=\"En mann sitter pa\u030a venterommet med armer i kors. Det er et innbydende rom med en gr\u00f8nn sofa, blomst p\u00e5 bordet og kunst p\u00e5 veggene\" srcset=\"https:\/\/www.blakors.no\/content\/uploads\/sites\/12\/2020\/10\/En-mann-sitter-pa\u030a-venterommet-med-armer-i-kors.jpg 1600w, https:\/\/www.blakors.no\/content\/uploads\/sites\/12\/2020\/10\/En-mann-sitter-pa\u030a-venterommet-med-armer-i-kors-300x200.jpg 300w, https:\/\/www.blakors.no\/content\/uploads\/sites\/12\/2020\/10\/En-mann-sitter-pa\u030a-venterommet-med-armer-i-kors-1024x681.jpg 1024w, https:\/\/www.blakors.no\/content\/uploads\/sites\/12\/2020\/10\/En-mann-sitter-pa\u030a-venterommet-med-armer-i-kors-768x511.jpg 768w, https:\/\/www.blakors.no\/content\/uploads\/sites\/12\/2020\/10\/En-mann-sitter-pa\u030a-venterommet-med-armer-i-kors-1536x1021.jpg 1536w\" sizes=\"auto, (min-width: 782px) 768px, 100vw\" \/><\/figure>\n\n<div class=\"wp-block-group alignfull is-layout-flow wp-block-group-is-layout-flow\">\n\t<h2 id=\"medikamentavhengighet\"  class=\"t2-post-title wp-block-t2-post-title\" >Medikamentavhengighet<\/h2>\n\t<div class=\"wp-block-post-date__modified-date wp-block-post-date\"><time datetime=\"2024-06-17T11:19:46+02:00\">17. juni 2024<\/time><\/div>\n\t\t\t<div class=\"single-meta t2-post-excerpt card-description wp-block-blakors-meta-display\"><\/div>\n\t\n<\/div>\n\n<\/a>\n<\/div>\n\n<div class=\"t2-featured-single-post t2-featured-content is-post-type-page wp-block-t2-featured-single-post\" role=\"listitem\"><a class=\"t2-post-link wp-block-t2-post-link\" href=\"https:\/\/www.blakors.no\/lade\/alkoholavhengighet\/\">\n<figure style=\"--t2-focal-point: 50% 50%;\" class=\"t2-post-featured-image has-image-ratio-16-9 wp-block-t2-post-featured-image\"><img loading=\"lazy\" decoding=\"async\" width=\"1600\" height=\"1108\" src=\"https:\/\/www.blakors.no\/content\/uploads\/sites\/12\/2020\/10\/En-dame-som-venter-utenfor.jpg\" class=\"attachment-post-thumbnail size-post-thumbnail wp-post-image\" alt=\"En dame venter i et venterom. Hun skal ha samtale. En terapeut kommer synlig fram ved d\u00f8ra for \u00e5 ta henne imot. Hun smiler litt og ser i en brosjyre\" srcset=\"https:\/\/www.blakors.no\/content\/uploads\/sites\/12\/2020\/10\/En-dame-som-venter-utenfor.jpg 1600w, https:\/\/www.blakors.no\/content\/uploads\/sites\/12\/2020\/10\/En-dame-som-venter-utenfor-300x208.jpg 300w, https:\/\/www.blakors.no\/content\/uploads\/sites\/12\/2020\/10\/En-dame-som-venter-utenfor-1024x709.jpg 1024w, https:\/\/www.blakors.no\/content\/uploads\/sites\/12\/2020\/10\/En-dame-som-venter-utenfor-768x532.jpg 768w, https:\/\/www.blakors.no\/content\/uploads\/sites\/12\/2020\/10\/En-dame-som-venter-utenfor-1536x1064.jpg 1536w\" sizes=\"auto, (min-width: 782px) 768px, 100vw\" \/><\/figure>\n\n<div class=\"wp-block-group alignfull is-layout-flow wp-block-group-is-layout-flow\">\n\t<h2 id=\"alkoholavhengighet\"  class=\"t2-post-title wp-block-t2-post-title\" >Alkoholavhengighet<\/h2>\n\t<div class=\"wp-block-post-date__modified-date wp-block-post-date\"><time datetime=\"2023-11-06T23:28:14+01:00\">6. november 2023<\/time><\/div>\n\t\t\t<div class=\"single-meta t2-post-excerpt card-description wp-block-blakors-meta-display\"><\/div>\n\t\n<\/div>\n\n<\/a>\n<\/div>\n\n<div class=\"t2-featured-single-post t2-featured-content is-post-type-page wp-block-t2-featured-single-post\" role=\"listitem\"><a class=\"t2-post-link wp-block-t2-post-link\" href=\"https:\/\/www.blakors.no\/lade\/gravide-og-smabarnsfamilier\/\">\n<figure style=\"--t2-focal-point: 50% 50%;\" class=\"t2-post-featured-image has-image-ratio-16-9 wp-block-t2-post-featured-image\"><img loading=\"lazy\" decoding=\"async\" width=\"1030\" height=\"543\" src=\"https:\/\/www.blakors.no\/content\/uploads\/sites\/12\/2020\/06\/Inkludering-av-familien-ved-rusbehandling.jpg\" class=\"attachment-post-thumbnail size-post-thumbnail wp-post-image\" alt=\"Fire voksne og et barn g\u00e5r en tur i skogen\" srcset=\"https:\/\/www.blakors.no\/content\/uploads\/sites\/12\/2020\/06\/Inkludering-av-familien-ved-rusbehandling.jpg 1030w, https:\/\/www.blakors.no\/content\/uploads\/sites\/12\/2020\/06\/Inkludering-av-familien-ved-rusbehandling-300x158.jpg 300w, https:\/\/www.blakors.no\/content\/uploads\/sites\/12\/2020\/06\/Inkludering-av-familien-ved-rusbehandling-1024x540.jpg 1024w, https:\/\/www.blakors.no\/content\/uploads\/sites\/12\/2020\/06\/Inkludering-av-familien-ved-rusbehandling-768x405.jpg 768w\" sizes=\"auto, (min-width: 782px) 768px, 100vw\" \/><\/figure>\n\n<div class=\"wp-block-group alignfull is-layout-flow wp-block-group-is-layout-flow\">\n\t<h2 id=\"gravide-og-smabarnsfamilier\"  class=\"t2-post-title wp-block-t2-post-title\" >Gravide og Sm\u00e5barnsfamilier<\/h2>\n\t<div class=\"wp-block-post-date__modified-date wp-block-post-date\"><time datetime=\"2024-04-18T13:29:31+02:00\">18. april 2024<\/time><\/div>\n\t\t\t<div class=\"single-meta t2-post-excerpt card-description wp-block-blakors-meta-display\"><\/div>\n\t\n<\/div>\n\n<\/a>\n<\/div>\n\n<div class=\"t2-featured-single-post t2-featured-content is-post-type-page wp-block-t2-featured-single-post\" role=\"listitem\"><a class=\"t2-post-link wp-block-t2-post-link\" href=\"https:\/\/www.blakors.no\/lade\/parorende\/\">\n<figure style=\"--t2-focal-point: 50% 50%;\" class=\"t2-post-featured-image has-image-ratio-16-9 wp-block-t2-post-featured-image\"><img loading=\"lazy\" decoding=\"async\" width=\"1600\" height=\"1045\" src=\"https:\/\/www.blakors.no\/content\/uploads\/sites\/12\/2020\/10\/Samtaleterapi-med-pa\u030ar\u00f8rende.jpg\" class=\"attachment-post-thumbnail size-post-thumbnail wp-post-image\" alt=\"En r\u00e5dgiver og en mor og s\u00f8nn sitter rundt et bord og prater. De smiler alle tre\" srcset=\"https:\/\/www.blakors.no\/content\/uploads\/sites\/12\/2020\/10\/Samtaleterapi-med-pa\u030ar\u00f8rende.jpg 1600w, https:\/\/www.blakors.no\/content\/uploads\/sites\/12\/2020\/10\/Samtaleterapi-med-pa\u030ar\u00f8rende-300x196.jpg 300w, https:\/\/www.blakors.no\/content\/uploads\/sites\/12\/2020\/10\/Samtaleterapi-med-pa\u030ar\u00f8rende-1024x669.jpg 1024w, https:\/\/www.blakors.no\/content\/uploads\/sites\/12\/2020\/10\/Samtaleterapi-med-pa\u030ar\u00f8rende-768x502.jpg 768w, https:\/\/www.blakors.no\/content\/uploads\/sites\/12\/2020\/10\/Samtaleterapi-med-pa\u030ar\u00f8rende-1536x1003.jpg 1536w\" sizes=\"auto, (min-width: 782px) 768px, 100vw\" \/><\/figure>\n\n<div class=\"wp-block-group alignfull is-layout-flow wp-block-group-is-layout-flow\">\n\t<h2 id=\"parorende-tilbud\"  class=\"t2-post-title wp-block-t2-post-title\" >P\u00e5r\u00f8rende tilbud<\/h2>\n\t<div class=\"wp-block-post-date__modified-date wp-block-post-date\"><time datetime=\"2024-03-15T09:26:58+01:00\">15. mars 2024<\/time><\/div>\n\t\t\t<div class=\"single-meta t2-post-excerpt card-description wp-block-blakors-meta-display\"><\/div>\n\t\n<\/div>\n\n<\/a>\n<\/div>\n\n<div class=\"t2-featured-single-post t2-featured-content is-post-type-page wp-block-t2-featured-single-post\" role=\"listitem\"><a class=\"t2-post-link wp-block-t2-post-link\" href=\"https:\/\/www.blakors.no\/lade\/for-arbeidsgiver\/\">\n<figure class=\"t2-post-featured-image has-image-ratio-16-9 wp-block-t2-post-featured-image\"><img decoding=\"async\" sizes=\"(min-width: 782px) 768px, 100vw\" class=\"fallback\" loading=\"lazy\" src=\"https:\/\/www.blakors.no\/content\/themes\/blakors\/assets\/icons\/t2-post-featured-image.svg\"><\/figure>\n\n<div class=\"wp-block-group alignfull is-layout-flow wp-block-group-is-layout-flow\">\n\t<h2 id=\"rad-til-arbeidsgiver\"  class=\"t2-post-title wp-block-t2-post-title\" >R\u00e5d til arbeidsgiver<\/h2>\n\t<div class=\"wp-block-post-date__modified-date wp-block-post-date\"><time datetime=\"2025-10-02T12:04:28+02:00\">2. oktober 2025<\/time><\/div>\n\t\t\t<div class=\"single-meta t2-post-excerpt card-description wp-block-blakors-meta-display\"><\/div>\n\t\n<\/div>\n\n<\/a>\n<\/div>\n\n<div class=\"t2-featured-single-post t2-featured-content is-post-type-page wp-block-t2-featured-single-post\" role=\"listitem\"><a class=\"t2-post-link wp-block-t2-post-link\" href=\"https:\/\/www.blakors.no\/lade\/ambulante-tjenester\/\">\n<figure style=\"--t2-focal-point: 50% 50%;\" class=\"t2-post-featured-image has-image-ratio-16-9 wp-block-t2-post-featured-image\"><img loading=\"lazy\" decoding=\"async\" width=\"1600\" height=\"1067\" src=\"https:\/\/www.blakors.no\/content\/uploads\/sites\/12\/2020\/10\/Sitter-samlet-utenfor-inngangen.jpg\" class=\"attachment-post-thumbnail size-post-thumbnail wp-post-image\" alt=\"Fire mennesker sitter ute ved et bord og drikker kaffe. En smiler, mens andre ser alvorlige ut. Det er to menn og to kvinner\" srcset=\"https:\/\/www.blakors.no\/content\/uploads\/sites\/12\/2020\/10\/Sitter-samlet-utenfor-inngangen.jpg 1600w, https:\/\/www.blakors.no\/content\/uploads\/sites\/12\/2020\/10\/Sitter-samlet-utenfor-inngangen-300x200.jpg 300w, https:\/\/www.blakors.no\/content\/uploads\/sites\/12\/2020\/10\/Sitter-samlet-utenfor-inngangen-1024x683.jpg 1024w, https:\/\/www.blakors.no\/content\/uploads\/sites\/12\/2020\/10\/Sitter-samlet-utenfor-inngangen-768x512.jpg 768w, https:\/\/www.blakors.no\/content\/uploads\/sites\/12\/2020\/10\/Sitter-samlet-utenfor-inngangen-1536x1024.jpg 1536w\" sizes=\"auto, (min-width: 782px) 768px, 100vw\" \/><\/figure>\n\n<div class=\"wp-block-group alignfull is-layout-flow wp-block-group-is-layout-flow\">\n\t<h2 id=\"ambulante-tjenester\"  class=\"t2-post-title wp-block-t2-post-title\" >Ambulante tjenester<\/h2>\n\t<div class=\"wp-block-post-date__modified-date wp-block-post-date\"><time datetime=\"2024-03-15T09:17:00+01:00\">15. mars 2024<\/time><\/div>\n\t\t\t<div class=\"single-meta t2-post-excerpt card-description wp-block-blakors-meta-display\"><\/div>\n\t\n<\/div>\n\n<\/a>\n<\/div>\n<\/div>","protected":false},"excerpt":{"rendered":"<p>Bl\u00e5 Kors klinikk Lade tilbyr tverrfaglig, spesialisert rusbehandling (TSB) for mennesker med avhengighet for rusmidler, alkohol og medikamenter. Vi har ulike behandlingstilbud, som du kan lese mer om under.<\/p>\n","protected":false},"author":23,"featured_media":10151,"parent":0,"menu_order":0,"comment_status":"closed","ping_status":"closed","template":"","meta":{"_acf_changed":false,"_relevanssi_hide_post":"","_relevanssi_hide_content":"","_relevanssi_pin_for_all":"on","_relevanssi_pin_keywords":"Rusbehandling, rus, behandling","_relevanssi_unpin_keywords":"","_relevanssi_related_keywords":"","_relevanssi_related_include_ids":"","_relevanssi_related_exclude_ids":"","_relevanssi_related_no_append":"","_relevanssi_related_not_related":"","_relevanssi_related_posts":"9498,7264,9557,9580,9440,7096","_relevanssi_noindex_reason":"","sync_status":"","episode_type":"","audio_file":"","podmotor_file_id":"","podmotor_episode_id":"","castos_file_data":"","cover_image":"","cover_image_id":"","duration":"","filesize":"","filesize_raw":"","date_recorded":"","explicit":"","block":"","_custom_cards_description":"","footnotes":""},"class_list":["post-932","page","type-page","status-publish","has-post-thumbnail","hentry"],"acf":[],"_links":{"self":[{"href":"https:\/\/www.blakors.no\/lade\/wp-json\/wp\/v2\/pages\/932","targetHints":{"allow":["GET"]}}],"collection":[{"href":"https:\/\/www.blakors.no\/lade\/wp-json\/wp\/v2\/pages"}],"about":[{"href":"https:\/\/www.blakors.no\/lade\/wp-json\/wp\/v2\/types\/page"}],"author":[{"embeddable":true,"href":"https:\/\/www.blakors.no\/lade\/wp-json\/wp\/v2\/users\/23"}],"replies":[{"embeddable":true,"href":"https:\/\/www.blakors.no\/lade\/wp-json\/wp\/v2\/comments?post=932"}],"version-history":[{"count":4,"href":"https:\/\/www.blakors.no\/lade\/wp-json\/wp\/v2\/pages\/932\/revisions"}],"predecessor-version":[{"id":13354,"href":"https:\/\/www.blakors.no\/lade\/wp-json\/wp\/v2\/pages\/932\/revisions\/13354"}],"wp:featuredmedia":[{"embeddable":true,"href":"https:\/\/www.blakors.no\/lade\/wp-json\/wp\/v2\/media\/10151"}],"wp:attachment":[{"href":"https:\/\/www.blakors.no\/lade\/wp-json\/wp\/v2\/media?parent=932"}],"curies":[{"name":"wp","href":"https:\/\/api.w.org\/{rel}","templated":true}]}}