{"id":9886,"date":"2020-09-25T10:52:17","date_gmt":"2020-09-25T08:52:17","guid":{"rendered":"https:\/\/www.blakors.no\/lade\/?page_id=9886"},"modified":"2023-11-06T23:28:14","modified_gmt":"2023-11-06T22:28:14","slug":"alkoholavhengighet","status":"publish","type":"page","link":"https:\/\/www.blakors.no\/lade\/alkoholavhengighet\/","title":{"rendered":"Alkoholavhengighet"},"content":{"rendered":"<div class=\"custom-block-banner alignwide contenthalf\"><div class=\"banner-image\" style=\"background-image:url(https:\/\/www.blakors.no\/content\/uploads\/sites\/12\/2020\/10\/En-dame-som-venter-utenfor-1024x709.jpg)\"><\/div><div class=\"banner-inner\"><div><h1 id=\"alkoholavhengighet\"  class=\"title large \" >Alkoholavhengighet<\/h1><p>Alkoholavhengighet er v\u00e5r vanligste avhengighet og vi regner med at om lag 5 \u2013 10 % av den voksne befolkning er avhengige av alkohol i v\u00e5rt land.<\/p><div class=\"wp-block-button is-style-primary small\"><a class=\"wp-block-button__link\" href=\"https:\/\/www.blakors.no\/lade\/kontakt-oss\/\" target=\"\">Kontakt oss<\/a><\/div><\/div><\/div><\/div>\n\n\n<p>Hva avhengighet til alkohol inneb\u00e6rer er et defisjonssp\u00f8rsm\u00e5l. For noen vil et relativt lite, men jevnt alkoholinntak medf\u00f8re en liten grad av opplevd avhengighet. For andre vil en omfattende bruk av rusmidler f\u00f8re til b\u00e5de en fysisk og psykologisk avhengighet. Dette p\u00e5virker hjernens funksjoner. <\/p>\n\n\n\n<p>P\u00e5r\u00f8rende, venner og arbeidskolleger merker ofte avhengigheten til en person lenge f\u00f8r personen selv innr\u00f8mmer for seg selv og omgivelsene \u00e5 ha utviklet en avhengighet.&nbsp;<\/p>\n\n\n\n<p>Forst\u00e5elsen av rusavhengighet som ligger til grunn for behandlingen ved Bl\u00e5 Kors klinikk Lade, er at rusproblemer blir forst\u00e5tt b\u00e5de som<strong><em> avhengighets-problematikk<\/em> <\/strong>og som en <b><i>probleml\u00f8sningsstrategi<\/i><\/b>, og der rusen fyller en eller flere viktige funksjoner, sosialt eller psykologisk hos det enkelte individ.&nbsp;&nbsp;<\/p>\n\n\n\n\t\t<div class=\"wp-block-lib-accentuated-link\">\n\t\t\t<a\n\t\t\t\tclass=\"lib-link__link\"\n\t\t\t\thref=\"https:\/\/www.blakors.no\/lade\/parorende\/\"\n\t\t\t\ttarget=\"\"\n\t\t\t\trel=\"\"\n\t\t\t>\n\t\t\t\t\n\t\t\t\t<div class=\"lib-link__text-content\">\n\t\t\t\t\t<span class=\"lib-link__tagline\">\n\t\t\t\t\t\ttilbud\n\t\t\t\t\t<\/span>\n\n\t\t\t\t\t<h3 class=\"lib-link__title\">\n\t\t\t\t\t\tVi hjelper deg som er p\u00e5r\u00f8rende\n\t\t\t\t\t<\/h3>\n\n\t\t\t\t\t\n\t\t\t\t<\/div>\n\t\t\t<\/a>\n\t\t<\/div>\n\n\n<h2 class=\"wp-block-heading\" id=\"h-biologi\">Biologi&nbsp;<\/h2>\n\n\n\n<p>Biologiske faktorer spiller en viktig rolle i psykologisk utvikling. Kunnskapen om arv tyder p\u00e5 at noen mennesker er mer biologisk og psykologisk disponert for \u00e5 utvikle avhengighet. <\/p>\n\n\n\n<p>Det finnes trolig flere genetiske faktorer som kan \u00f8ke risikoen for avhengighet gjennom p\u00e5virkning av hvordan den enkelte opplever rusen og gjennom p\u00e5virkning av personlighetsutviklingen. Vi vet ogs\u00e5 at rusmiddelinntak griper direkte inn i hjernens funksjon, og at langvarig bruk kan det medf\u00f8re endringer i sentralnervesystemet. <\/p>\n\n\n\n<p>Kognitive funksjonsforstyrrelser som f\u00f8lge av misbruket kan v\u00e6re av midlertidig eller varig art, og i tillegg kan et for h\u00f8yt alkoholkonsum f\u00f8re til \u00f8kt sykelighet og nedsatt helsetilstand. Alkoholmisbruk framkaller ogs\u00e5 psykiske symptomer i akutt rus, under abstinensfaser eller ved langvarig bruk, og forverrer ofte andre underliggende psykiske lidelser.&nbsp;<\/p>\n\n\n\n<h2 id=\"kvinner-og-rusproblemer\"  class=\"wp-block-heading\" >Kvinner og rusproblemer<strong> <\/strong><\/h2>\n\n\n\n<p>En tredel av pasientene i rusbehandling er kvinner. Men trolig er antall kvinner med rusmiddelproblemer langt st\u00f8rre enn det faktiske antallet som er i behandling.<\/p>\n\n\n\n<p>Avhengighet av alkohol er den vanligste rusbrukslidelsen. Kvinner t\u00e5ler ikke alkohol like godt som menn. Det har blant annet sammenheng med at kvinner i snitt har mindre kropp, og leveren som bryter ned alkohol er mindre. Ny forskning tyder p\u00e5 at kvinner utvikler b\u00e5de avhengighet og leversykdom raskere enn menn.<\/p>\n\n\n\n<p>I Bl\u00e5 Kors setter vi v\u00e5ren 2023 fokus p\u00e5 kvinner og alkohol. Hvordan kan vi i st\u00f8rre grad tilrettelegge tilbudene for kvinner og gj\u00f8re det lettere for kvinner \u00e5 s\u00f8ke hjelp?<\/p>\n\n\n\n<p>Noen forteller om mye skam og at skam har v\u00e6rt til hinder for \u00e5 fortelle om problemene. Nina og Camilla bryter tabuer n\u00e5r de \u00e5pent forteller om sine alkoholproblemer og hvordan de opplevde det som trygt \u00e5 komme i behandling:<\/p>\n\n\n\n<figure class=\"wp-block-embed dekode-gtm-iframe-preview is-type-video is-provider-youtube wp-block-embed-youtube wp-embed-aspect-16-9 wp-has-aspect-ratio\"><div class=\"wp-block-embed__wrapper\">\n<iframe title=\"Camilla og Nina om behandling\" width=\"500\" height=\"281\" data-cookieconsent=\"marketing\" data-cookieblock-src=\"https:\/\/www.youtube.com\/embed\/xHn_QzXDX24?feature=oembed\"  allow=\"accelerometer; autoplay; clipboard-write; encrypted-media; gyroscope; picture-in-picture; web-share\" referrerpolicy=\"strict-origin-when-cross-origin\" allowfullscreen sandbox=\"allow-scripts allow-same-origin allow-popups allow-presentation allow-popups-to-escape-sandbox\"><\/iframe>\n\t\t<div class=\"cookieconsent-optout-marketing dekode-gtm-cookie-consent-video-placeholder\">\n\t\t\t<div class=\"dekode-gtm-cookie-consent is-block-core-embed is-provider-youtube\">\n\t\t\t\t\n\t\t\t<img decoding=\"async\" src=\"https:\/\/i.ytimg.com\/vi\/xHn_QzXDX24\/hqdefault.jpg\" alt=\"youtube\" \/>\n\t\t\t\t<div class=\"overlay\">\n\t\t\t\t\t<div class=\"cookie-info\">\n\t\t\t\t\t\t<h2 id=\"her-ligger-det-medieinnhold-fra-en-ekstern-kilde\"  >Her ligger det medieinnhold fra en ekstern kilde. <\/h2> \n\n<p>For \u00e5 se innholdet, m\u00e5 du endre samtykket ditt.<\/p>\n\n<p>Les mer om hvordan dataen din blir behandlet av eksterne kilder i personvernerkl\u00e6ringen v\u00e5r.<\/p>\n\t\t\t\t\t\t<p>\n\t\t\t\t\t\t\t<a title=\"Endre samtykke\" class=\"dekode-gtm-cookiebot-renew\" href=\"#\">Endre samtykke<\/a>\n\t\t\t\t\t\t\t\n\t\t\t\t\t\t<\/p>\n\t\t\t\t\t<\/div>\n\t\t\t\t<\/div>\n\t\t\t<\/div>\n\t\t<\/div>\n<\/div><\/figure>\n\n\n\n<h2 class=\"wp-block-heading\" id=\"h-automatisert-avhengighet\">Automatisert avhengighet&nbsp;<\/h2>\n\n\n\n<p>Alkohol-avhengigheten kommer som oftest til uttrykk i form av automatiserte tanke- og handlingsm\u00f8nstre, og emosjonelle reaksjonsm\u00f8nstre knyttet til selve inntaket av alkohol. En slik avhengighet utvikles fordi alkoholbruken blir et middel nettopp til \u00e5 h\u00e5ndtere sosiale eller psykologiske problemer. <\/p>\n\n\n\n<p>Rusbehandling ved Bl\u00e5 Kors klinikk Lade er innrettet mot \u00e5 bryte automatiserte m\u00f8nstre, og er en invitasjon til \u00e5 utvikle andre l\u00f8sningsstrategier enn de uheldige handlingsm\u00f8nstre som lett f\u00f8rer til et stadig st\u00f8rre alkoholkonsum.&nbsp;<\/p>\n\n\n\n<h2 class=\"wp-block-heading\" id=\"h-mange-pavirkninger-og-komplekse-sammenhenger\">Mange p\u00e5virkninger og komplekse sammenhenger&nbsp;<\/h2>\n\n\n\n<p>Utvikling av alkoholavhengighet p\u00e5virkes alts\u00e5 b\u00e5de av: <\/p>\n\n\n\n<ul class=\"wp-block-list\">\n<li>Genetikk<\/li>\n\n\n\n<li>Fysiologiske prosesser<\/li>\n\n\n\n<li>Personlighet<\/li>\n\n\n\n<li>Livssituasjon<\/li>\n\n\n\n<li>Sosiale og kulturelle forhold<\/li>\n<\/ul>\n\n\n\n<p>I tillegg vet vi at forbruket av alkohol ogs\u00e5 p\u00e5virkes av selve tilgjengeligheten av rusmidler, det vil si antall salgssteder, pris og geografi. Vi drikker for eksempel mer n\u00e5r vi er p\u00e5 ferie i syden, hvor tilgjengeligheten er lettere og prisen lavere. <\/p>\n\n\n\n<div class=\"wp-block-buttons is-content-justification-center is-layout-flex wp-block-buttons-is-layout-flex\">\n<div class=\"wp-block-button is-style-primary\"><a class=\"wp-block-button__link\" href=\"https:\/\/www.blakors.no\/lade\/sok-behandling\/\">Slik s\u00f8ker du behandling<\/a><\/div>\n<\/div>\n\n\n\n<h2 class=\"wp-block-heading\" id=\"h-behandling\">Behandling<\/h2>\n\n\n\n<p>Hvordan disse faktorene virker enkeltvis og sammen, varierer fra person til person. Derfor m\u00e5 behandling av rusavhengighet v\u00e6re multimetodisk og helhetlig integrert, og ta h\u00f8yde for variasjoner mellom individer og hos det enkelte individ over tid.<\/p>\n\n\n\n<figure class=\"wp-block-image aligncenter size-large is-resized\"><img loading=\"lazy\" decoding=\"async\" width=\"1024\" height=\"696\" src=\"https:\/\/www.blakors.no\/content\/uploads\/sites\/12\/2020\/10\/Poliklinisk-behandling-med-terapeut-1024x696.jpg\" alt=\"\" class=\"wp-image-10380\" style=\"width:620px;height:420px\" srcset=\"https:\/\/www.blakors.no\/content\/uploads\/sites\/12\/2020\/10\/Poliklinisk-behandling-med-terapeut-1024x696.jpg 1024w, https:\/\/www.blakors.no\/content\/uploads\/sites\/12\/2020\/10\/Poliklinisk-behandling-med-terapeut-300x204.jpg 300w, https:\/\/www.blakors.no\/content\/uploads\/sites\/12\/2020\/10\/Poliklinisk-behandling-med-terapeut-768x522.jpg 768w, https:\/\/www.blakors.no\/content\/uploads\/sites\/12\/2020\/10\/Poliklinisk-behandling-med-terapeut-1536x1044.jpg 1536w, https:\/\/www.blakors.no\/content\/uploads\/sites\/12\/2020\/10\/Poliklinisk-behandling-med-terapeut.jpg 1600w\" sizes=\"auto, (max-width: 1024px) 100vw, 1024px\" \/><\/figure>\n\n\n\n<p>Vi inviterer pasienten til \u00e5 h\u00e5ndtere b\u00e5de de fysiologiske mekanismene knyttet til rus-sug, abstinens og toleranseutvikling, samtidig som det m\u00e5 arbeides med bevisstgj\u00f8ring rundt rusens spesifikke funksjon for den enkelte p\u00e5 en rekke livsomr\u00e5der: &nbsp;<\/p>\n\n\n\n<ul class=\"wp-block-list\">\n<li>Alkoholbruk som angstdemping<\/li>\n\n\n\n<li>Selvmedisinering av depresjon eller smerteproblematikk<\/li>\n\n\n\n<li>H\u00e5ndtering av sorg, skam og ensomhetsf\u00f8lelse<\/li>\n\n\n\n<li>Flukt fra sosiale belastninger og prestasjonskrav<\/li>\n\n\n\n<li>Reaksjon p\u00e5 mistilpasning og isolasjon<\/li>\n<\/ul>\n\n\n\n<p>Dette er vanlige funksjoner hvor alkoholen har f\u00e5tt en belastende funksjon.<\/p>\n\n\n\n\t\t<div class=\"wp-block-lib-accentuated-link\">\n\t\t\t<a\n\t\t\t\tclass=\"lib-link__link\"\n\t\t\t\thref=\"https:\/\/www.blakors.no\/lade\/avrusning\/\"\n\t\t\t\ttarget=\"\"\n\t\t\t\trel=\"\"\n\t\t\t>\n\t\t\t\t\n\t\t\t\t<div class=\"lib-link__text-content\">\n\t\t\t\t\t<span class=\"lib-link__tagline\">\n\t\t\t\t\t\tBehandling\n\t\t\t\t\t<\/span>\n\n\t\t\t\t\t<h3 class=\"lib-link__title\">\n\t\t\t\t\t\tD\u00f8gnbehandling ved Klinikken\n\t\t\t\t\t<\/h3>\n\n\t\t\t\t\t\n\t\t\t\t<\/div>\n\t\t\t<\/a>\n\t\t<\/div>\n\n\n<h2 class=\"wp-block-heading\" id=\"h-alkohol-og-traumer\">Alkohol og traumer&nbsp;<\/h2>\n\n\n\n<p>For pasienter som har vokst opp i et milj\u00f8 med omsorgssvikt, vold, seksuelle overgrep og lite utviklingsst\u00f8ttene samspill, er rusproblematikken sammenvevd med alvorlig personlighetsproblematikk i form av emosjonell skjevutvikling, relasjonsskader og atferdsproblematikk. Denne typen problematikk er ofte forsterket gjennom traumatiske opplevelser, relasjonsproblemer\/-brudd, vold og overgrep og utst\u00f8ting i voksenlivet. <\/p>\n\n\n\n<p>Behandling av pasienter med en slik sammenveving av rusavhengighet, personlighets-problematikk og en ruspreget livsstil\/identitet m\u00e5 ha som m\u00e5l \u00e5 utvikle en personlighets-struktur og personlighetsmessige ressurser som setter pasienten i stand til \u00e5 skape levelige livsbetingelser for seg selv, og en forbedret relasjons-kompetanse som gj\u00f8r det mulig \u00e5 etablere og utvikle n\u00e6re relasjoner.&nbsp;<\/p>\n\n\n<script type=\"text\/javascript\">\n\/* <![CDATA[ *\/\nvar gform;gform||(document.addEventListener(\"gform_main_scripts_loaded\",function(){gform.scriptsLoaded=!0}),document.addEventListener(\"gform\/theme\/scripts_loaded\",function(){gform.themeScriptsLoaded=!0}),window.addEventListener(\"DOMContentLoaded\",function(){gform.domLoaded=!0}),gform={domLoaded:!1,scriptsLoaded:!1,themeScriptsLoaded:!1,isFormEditor:()=>\"function\"==typeof InitializeEditor,callIfLoaded:function(o){return!(!gform.domLoaded||!gform.scriptsLoaded||!gform.themeScriptsLoaded&&!gform.isFormEditor()||(gform.isFormEditor()&&console.warn(\"The use of gform.initializeOnLoaded() is deprecated in the form editor context and will be removed in Gravity Forms 3.1.\"),o(),0))},initializeOnLoaded:function(o){gform.callIfLoaded(o)||(document.addEventListener(\"gform_main_scripts_loaded\",()=>{gform.scriptsLoaded=!0,gform.callIfLoaded(o)}),document.addEventListener(\"gform\/theme\/scripts_loaded\",()=>{gform.themeScriptsLoaded=!0,gform.callIfLoaded(o)}),window.addEventListener(\"DOMContentLoaded\",()=>{gform.domLoaded=!0,gform.callIfLoaded(o)}))},hooks:{action:{},filter:{}},addAction:function(o,r,e,t){gform.addHook(\"action\",o,r,e,t)},addFilter:function(o,r,e,t){gform.addHook(\"filter\",o,r,e,t)},doAction:function(o){gform.doHook(\"action\",o,arguments)},applyFilters:function(o){return gform.doHook(\"filter\",o,arguments)},removeAction:function(o,r){gform.removeHook(\"action\",o,r)},removeFilter:function(o,r,e){gform.removeHook(\"filter\",o,r,e)},addHook:function(o,r,e,t,n){null==gform.hooks[o][r]&&(gform.hooks[o][r]=[]);var d=gform.hooks[o][r];null==n&&(n=r+\"_\"+d.length),gform.hooks[o][r].push({tag:n,callable:e,priority:t=null==t?10:t})},doHook:function(r,o,e){var t;if(e=Array.prototype.slice.call(e,1),null!=gform.hooks[r][o]&&((o=gform.hooks[r][o]).sort(function(o,r){return o.priority-r.priority}),o.forEach(function(o){\"function\"!=typeof(t=o.callable)&&(t=window[t]),\"action\"==r?t.apply(null,e):e[0]=t.apply(null,e)})),\"filter\"==r)return e[0]},removeHook:function(o,r,t,n){var e;null!=gform.hooks[o][r]&&(e=(e=gform.hooks[o][r]).filter(function(o,r,e){return!!(null!=n&&n!=o.tag||null!=t&&t!=o.priority)}),gform.hooks[o][r]=e)}});\n\/* ]]> *\/\n<\/script>\n\n                <div class='gf_browser_gecko gform_wrapper gravity-theme gform-theme--no-framework' data-form-theme='gravity-theme' data-form-index='0' id='gform_wrapper_1' ><div id='gf_1' class='gform_anchor' tabindex='-1'><\/div>\n                        <div class='gform_heading'>\n                            <h3 id=\"kontaktskjema-for-henvendelser\"  class=\"gform_title\" >Kontaktskjema for henvendelser<\/h3>\n                            <p class='gform_description'>Legg igjen kontaktinformasjonen din og vi kontakter deg.<\/p>\n                        <\/div><form method='post' enctype='multipart\/form-data' target='gform_ajax_frame_1' id='gform_1'  action='\/lade\/wp-json\/wp\/v2\/pages\/9886#gf_1' data-formid='1' novalidate><div class='gf_invisible ginput_recaptchav3' data-sitekey='6LdiTEscAAAAAJoxDlTUk71K3gvHBF5FWtc6faJY' data-tabindex='1'><input id=\"input_2d7a60f2b919364ce096d6d4aeca9888\" class=\"gfield_recaptcha_response\" type=\"hidden\" name=\"input_2d7a60f2b919364ce096d6d4aeca9888\" value=\"\"\/><\/div>\n                        <div class='gform-body gform_body'><ul id='gform_fields_1' class='gform_fields top_label form_sublabel_below description_below validation_below'><li id=\"field_1_7\" class=\"gfield gfield--type-text gfield_contains_required field_sublabel_below gfield--no-description field_description_below field_validation_below gfield_visibility_visible\"  ><label class='gfield_label gform-field-label' for='input_1_7'>Fornavn<span class=\"gfield_required\"><span class=\"gfield_required gfield_required_asterisk\">*<\/span><\/span><\/label><div class='ginput_container ginput_container_text'><input name='input_7' id='input_1_7' type='text' value='' class='medium'   tabindex='2'  aria-required=\"true\" aria-invalid=\"false\"   \/><\/div><\/li><li id=\"field_1_8\" class=\"gfield gfield--type-text gfield_contains_required field_sublabel_below gfield--no-description field_description_below field_validation_below gfield_visibility_visible\"  ><label class='gfield_label gform-field-label' for='input_1_8'>Etternavn<span class=\"gfield_required\"><span class=\"gfield_required gfield_required_asterisk\">*<\/span><\/span><\/label><div class='ginput_container ginput_container_text'><input name='input_8' id='input_1_8' type='text' value='' class='medium'   tabindex='3'  aria-required=\"true\" aria-invalid=\"false\"   \/><\/div><\/li><li id=\"field_1_2\" class=\"gfield gfield--type-email field_sublabel_below gfield--no-description field_description_below field_validation_below gfield_visibility_visible\"  ><label class='gfield_label gform-field-label' for='input_1_2'>E-post<\/label><div class='ginput_container ginput_container_email'>\n                            <input name='input_2' id='input_1_2' type='email' value='' class='medium' tabindex='4'    aria-invalid=\"false\"  \/>\n                        <\/div><\/li><li id=\"field_1_3\" class=\"gfield gfield--type-phone gfield_contains_required field_sublabel_below gfield--no-description field_description_below field_validation_below gfield_visibility_visible\"  ><label class='gfield_label gform-field-label' for='input_1_3'>Telefon<span class=\"gfield_required\"><span class=\"gfield_required gfield_required_asterisk\">*<\/span><\/span><\/label><div class='ginput_container ginput_container_phone'><input name='input_3' id='input_1_3' type='tel' value='' class='medium' tabindex='5'  aria-required=\"true\" aria-invalid=\"false\"   \/><\/div><\/li><\/ul><\/div>\n        <div class='gform-footer gform_footer top_label'> <input type='submit' id='gform_submit_button_1' class='gform_button button' onclick='gform.submission.handleButtonClick(this);' data-submission-type='submit' value='Send inn' tabindex='6' \/> <input type='hidden' name='gform_ajax' value='form_id=1&amp;title=1&amp;description=1&amp;tabindex=1&amp;theme=gravity-theme&amp;hash=40477bf817b55cf3588c0d9ff69478b3' \/>\n            <input type='hidden' class='gform_hidden' name='gform_submission_method' data-js='gform_submission_method_1' value='iframe' \/>\n            <input type='hidden' class='gform_hidden' name='gform_theme' data-js='gform_theme_1' id='gform_theme_1' value='gravity-theme' \/>\n            <input type='hidden' class='gform_hidden' name='gform_style_settings' data-js='gform_style_settings_1' id='gform_style_settings_1' value='' \/>\n            <input type='hidden' class='gform_hidden' name='is_submit_1' value='1' \/>\n            <input type='hidden' class='gform_hidden' name='gform_submit' value='1' \/>\n            \n            <input type='hidden' class='gform_hidden' name='gform_currency' data-currency='NOK' value='YLxs0Pk339XHDhB+DXfszpVoaYrb36PzH2DNUejHpdxplQq77xfB02so\/87jYKOYxIKpw81EDiYfzUk8mHvVLppiITUmDJEtofAoe+S291Mz0LA=' \/>\n            <input type='hidden' class='gform_hidden' name='gform_unique_id' value='' \/>\n            <input type='hidden' class='gform_hidden' name='state_1' value='WyJbXSIsIjA2NmNmMGYyOWQ3M2MwOWZhYTA5MmE3ZGQxMWNlYjQxIl0=' \/>\n            <input type='hidden' autocomplete='off' class='gform_hidden' name='gform_target_page_number_1' id='gform_target_page_number_1' value='0' \/>\n            <input type='hidden' autocomplete='off' class='gform_hidden' name='gform_source_page_number_1' id='gform_source_page_number_1' value='1' \/>\n            <input type='hidden' name='gform_field_values' value='' \/>\n            \n        <\/div>\n                        <\/form>\n                        <\/div>\n\t\t                <iframe style='display:none;width:0px;height:0px;' src='about:blank' name='gform_ajax_frame_1' id='gform_ajax_frame_1' title='This iframe contains the logic required to handle Ajax powered Gravity Forms.'><\/iframe>\n\t\t                <script type=\"text\/javascript\">\n\/* <![CDATA[ *\/\n gform.initializeOnLoaded( function() {gformInitSpinner( 1, 'https:\/\/www.blakors.no\/content\/plugins\/gravityforms\/images\/spinner.svg', true );jQuery('#gform_ajax_frame_1').on('load',function(){var contents = jQuery(this).contents().find('*').html();var is_postback = contents.indexOf('GF_AJAX_POSTBACK') >= 0;if(!is_postback){return;}var form_content = jQuery(this).contents().find('#gform_wrapper_1');var is_confirmation = jQuery(this).contents().find('#gform_confirmation_wrapper_1').length > 0;var is_redirect = contents.indexOf('gformRedirect(){') >= 0;var is_form = form_content.length > 0 && ! is_redirect && ! is_confirmation;var mt = parseInt(jQuery('html').css('margin-top'), 10) + parseInt(jQuery('body').css('margin-top'), 10) + 100;if(is_form){jQuery('#gform_wrapper_1').html(form_content.html());if(form_content.hasClass('gform_validation_error')){jQuery('#gform_wrapper_1').addClass('gform_validation_error');} else {jQuery('#gform_wrapper_1').removeClass('gform_validation_error');}setTimeout( function() { \/* delay the scroll by 50 milliseconds to fix a bug in chrome *\/ jQuery(document).scrollTop(jQuery('#gform_wrapper_1').offset().top - mt); }, 50 );if(window['gformInitDatepicker']) {gformInitDatepicker();}if(window['gformInitPriceFields']) {gformInitPriceFields();}var current_page = jQuery('#gform_source_page_number_1').val();gformInitSpinner( 1, 'https:\/\/www.blakors.no\/content\/plugins\/gravityforms\/images\/spinner.svg', true );jQuery(document).trigger('gform_page_loaded', [1, current_page]);window['gf_submitting_1'] = false;}else if(!is_redirect){var confirmation_content = jQuery(this).contents().find('.GF_AJAX_POSTBACK').html();if(!confirmation_content){confirmation_content = contents;}jQuery('#gform_wrapper_1').replaceWith(confirmation_content);jQuery(document).scrollTop(jQuery('#gf_1').offset().top - mt);jQuery(document).trigger('gform_confirmation_loaded', [1]);window['gf_submitting_1'] = false;wp.a11y.speak(jQuery('#gform_confirmation_message_1').text());}else{jQuery('#gform_1').append(contents);if(window['gformRedirect']) {gformRedirect();}}jQuery(document).trigger(\"gform_pre_post_render\", [{ formId: \"1\", currentPage: \"current_page\", abort: function() { this.preventDefault(); } }]);        if (event && event.defaultPrevented) {                return;        }        const gformWrapperDiv = document.getElementById( \"gform_wrapper_1\" );        if ( gformWrapperDiv ) {            const visibilitySpan = document.createElement( \"span\" );            visibilitySpan.id = \"gform_visibility_test_1\";            gformWrapperDiv.insertAdjacentElement( \"afterend\", visibilitySpan );        }        const visibilityTestDiv = document.getElementById( \"gform_visibility_test_1\" );        let postRenderFired = false;        function triggerPostRender() {            if ( postRenderFired ) {                return;            }            postRenderFired = true;            gform.core.triggerPostRenderEvents( 1, current_page );            if ( visibilityTestDiv ) {                visibilityTestDiv.parentNode.removeChild( visibilityTestDiv );            }        }        function debounce( func, wait, immediate ) {            var timeout;            return function() {                var context = this, args = arguments;                var later = function() {                    timeout = null;                    if ( !immediate ) func.apply( context, args );                };                var callNow = immediate && !timeout;                clearTimeout( timeout );                timeout = setTimeout( later, wait );                if ( callNow ) func.apply( context, args );            };        }        const debouncedTriggerPostRender = debounce( function() {            triggerPostRender();        }, 200 );        if ( visibilityTestDiv && visibilityTestDiv.offsetParent === null ) {            const observer = new MutationObserver( ( mutations ) => {                mutations.forEach( ( mutation ) => {                    if ( mutation.type === 'attributes' && visibilityTestDiv.offsetParent !== null ) {                        debouncedTriggerPostRender();                        observer.disconnect();                    }                });            });            observer.observe( document.body, {                attributes: true,                childList: false,                subtree: true,                attributeFilter: [ 'style', 'class' ],            });        } else {            triggerPostRender();        }    } );} ); \n\/* ]]> *\/\n<\/script>\n","protected":false},"excerpt":{"rendered":"<p>Hva avhengighet til alkohol inneb\u00e6rer er et defisjonssp\u00f8rsm\u00e5l. For noen vil et relativt lite, men jevnt alkoholinntak medf\u00f8re en liten grad av opplevd avhengighet. For andre vil en omfattende bruk av rusmidler f\u00f8re til b\u00e5de en fysisk og psykologisk avhengighet. Dette p\u00e5virker hjernens funksjoner. P\u00e5r\u00f8rende, venner og arbeidskolleger merker ofte avhengigheten til en person lenge [&hellip;]<\/p>\n","protected":false},"author":23,"featured_media":10376,"parent":0,"menu_order":0,"comment_status":"closed","ping_status":"closed","template":"","meta":{"_acf_changed":false,"_relevanssi_hide_post":"","_relevanssi_hide_content":"","_relevanssi_pin_for_all":"on","_relevanssi_pin_keywords":"alkoholavhengighet, rusbehandling, alkoholavhengig","_relevanssi_unpin_keywords":"","_relevanssi_related_keywords":"","_relevanssi_related_include_ids":"","_relevanssi_related_exclude_ids":"","_relevanssi_related_no_append":"","_relevanssi_related_not_related":"","_relevanssi_related_posts":"7079,7256,7921,7039,7008,7264","_relevanssi_noindex_reason":"","sync_status":"","episode_type":"","audio_file":"","podmotor_file_id":"","podmotor_episode_id":"","castos_file_data":"","cover_image":"","cover_image_id":"","duration":"","filesize":"","filesize_raw":"","date_recorded":"","explicit":"","block":"","_custom_cards_description":"","footnotes":""},"class_list":["post-9886","page","type-page","status-publish","has-post-thumbnail","hentry"],"acf":[],"_links":{"self":[{"href":"https:\/\/www.blakors.no\/lade\/wp-json\/wp\/v2\/pages\/9886","targetHints":{"allow":["GET"]}}],"collection":[{"href":"https:\/\/www.blakors.no\/lade\/wp-json\/wp\/v2\/pages"}],"about":[{"href":"https:\/\/www.blakors.no\/lade\/wp-json\/wp\/v2\/types\/page"}],"author":[{"embeddable":true,"href":"https:\/\/www.blakors.no\/lade\/wp-json\/wp\/v2\/users\/23"}],"replies":[{"embeddable":true,"href":"https:\/\/www.blakors.no\/lade\/wp-json\/wp\/v2\/comments?post=9886"}],"version-history":[{"count":6,"href":"https:\/\/www.blakors.no\/lade\/wp-json\/wp\/v2\/pages\/9886\/revisions"}],"predecessor-version":[{"id":13395,"href":"https:\/\/www.blakors.no\/lade\/wp-json\/wp\/v2\/pages\/9886\/revisions\/13395"}],"wp:featuredmedia":[{"embeddable":true,"href":"https:\/\/www.blakors.no\/lade\/wp-json\/wp\/v2\/media\/10376"}],"wp:attachment":[{"href":"https:\/\/www.blakors.no\/lade\/wp-json\/wp\/v2\/media?parent=9886"}],"curies":[{"name":"wp","href":"https:\/\/api.w.org\/{rel}","templated":true}]}}