{"id":9888,"date":"2020-09-25T10:52:41","date_gmt":"2020-09-25T08:52:41","guid":{"rendered":"https:\/\/www.blakors.no\/lade\/?page_id=9888"},"modified":"2024-06-17T11:19:46","modified_gmt":"2024-06-17T09:19:46","slug":"medikamentavhengighet","status":"publish","type":"page","link":"https:\/\/www.blakors.no\/lade\/medikamentavhengighet\/","title":{"rendered":"Medikamentavhengighet"},"content":{"rendered":"<div class=\"custom-block-banner alignwide contenthalf\"><div class=\"banner-image\" style=\"background-image:url(https:\/\/www.blakors.no\/content\/uploads\/sites\/12\/2020\/10\/En-mann-sitter-pa\u030a-venterommet-med-armer-i-kors-1024x681.jpg)\"><\/div><div class=\"banner-inner\"><div><h1 id=\"medikamentavhengighet\"  class=\"title large \" >Medikamentavhengighet<\/h1><p>Medikamentavhengighet henger hovedsakelig sammen med bruk av vanedannende medikamenter som blir foreskrevet fra lege eller skaffes illegalt. Avhengighet handler om at bruken over noe tid utvikler seg til et problem b\u00e5de for den som inntar medikamentene og dens n\u00e6rmeste<\/p><div class=\"wp-block-button is-style-primary small\"><a class=\"wp-block-button__link\" href=\"https:\/\/www.blakors.no\/lade\/kontakt-oss\/\" target=\"\">Kontakt oss<\/a><\/div><\/div><\/div><\/div>\n\n\n<p>Medikamentavhengigheten vil etter hvert p\u00e5virke de fleste livsomr\u00e5der som fysisk og psykisk helse, \u00f8konomi, arbeid\/skole og familie\/nettverk.<\/p>\n\n\n\n<h3 id=\"tre-hovedgrupper-medikamenter\"  class=\"wp-block-heading\" ><strong>Tre hovedgrupper medikamenter<\/strong><\/h3>\n\n\n\n<p>Vanedannende medikamenter kan deles inn i tre hovedgrupper:<\/p>\n\n\n\n<ul class=\"wp-block-list\">\n<li>Angstdempende\/beroligende benzodiazepiner som Valium, Vival, Stesolid, Sobril med flere<\/li>\n\n\n\n<li>Smertestillende medikamenter som Paralgin forte, Kodein, Pinex forte, Oxynorm med flere<\/li>\n\n\n\n<li>Sovemedisiner (hypnotika) som Mogadon, Apodorm, Imovane med flere<\/li>\n<\/ul>\n\n\n\n<p>Folkehelseinstituttet (2022) formidler bekymring over at 10.000 flere personer bruker smertestillende i form av opioider i 2019 sammenlignet med tall fra 2011.<\/p>\n\n\n\n\t\t<div class=\"wp-block-lib-accentuated-link\">\n\t\t\t<a\n\t\t\t\tclass=\"lib-link__link\"\n\t\t\t\thref=\"https:\/\/www.blakors.no\/lade\/avdeling-for-alkohol-og-medikamentavhengighet\/\"\n\t\t\t\ttarget=\"\"\n\t\t\t\trel=\"\"\n\t\t\t>\n\t\t\t\t\n\t\t\t\t<div class=\"lib-link__text-content\">\n\t\t\t\t\t<span class=\"lib-link__tagline\">\n\t\t\t\t\t\tLes ogs\u00e5\n\t\t\t\t\t<\/span>\n\n\t\t\t\t\t<h3 class=\"lib-link__title\">\n\t\t\t\t\t\tAvdeling for alkohol- og medikamentavhengighet \n\t\t\t\t\t<\/h3>\n\n\t\t\t\t\t\n\t\t\t\t<\/div>\n\t\t\t<\/a>\n\t\t<\/div>\n\n\n<h3 id=\"utvikling-av-toleranse\"  class=\"wp-block-heading\" ><strong>Utvikling av toleranse<\/strong><\/h3>\n\n\n\n<p>Legen foreskriver vanligvis vanedannende medikamenter for en kort periode hvor pasienten f\u00f8lges tett, ogs\u00e5 fordi det er stor fare for \u00e5 utvikle avhengighet. Dette skyldes medikamentenes egenskaper (styrke, halveringstid, bivirkninger mm), og at en over tid utvikler toleranse og m\u00e5 ta h\u00f8yere doser for \u00e5 oppn\u00e5 \u00f8nsket effekt.<\/p>\n\n\n\n<p>Det er ikke uvanlig at en person som utvikler medikamentavhengighet kombinerer inntak av vanedannende medikamenter med alkohol eller andre rusmidler for \u00f8kt (rus)effekt.<\/p>\n\n\n\n<figure class=\"wp-block-image size-large\"><img loading=\"lazy\" decoding=\"async\" width=\"1024\" height=\"709\" src=\"https:\/\/www.blakors.no\/content\/uploads\/sites\/12\/2020\/10\/En-dame-som-venter-utenfor-1024x709.jpg\" alt=\"En dame venter i et venterom. Hun skal ha samtale. En terapeut kommer synlig fram ved d\u00f8ra for \u00e5 ta henne imot. Hun smiler litt og ser i en brosjyre\" class=\"wp-image-10376\" srcset=\"https:\/\/www.blakors.no\/content\/uploads\/sites\/12\/2020\/10\/En-dame-som-venter-utenfor-1024x709.jpg 1024w, https:\/\/www.blakors.no\/content\/uploads\/sites\/12\/2020\/10\/En-dame-som-venter-utenfor-300x208.jpg 300w, https:\/\/www.blakors.no\/content\/uploads\/sites\/12\/2020\/10\/En-dame-som-venter-utenfor-768x532.jpg 768w, https:\/\/www.blakors.no\/content\/uploads\/sites\/12\/2020\/10\/En-dame-som-venter-utenfor-1536x1064.jpg 1536w, https:\/\/www.blakors.no\/content\/uploads\/sites\/12\/2020\/10\/En-dame-som-venter-utenfor.jpg 1600w\" sizes=\"auto, (max-width: 1024px) 100vw, 1024px\" \/><\/figure>\n\n\n\n<p><strong>Vanlige symptomer p\u00e5 medikamentavhengighet<\/strong><\/p>\n\n\n\n<ul class=\"wp-block-list\">\n<li>At du selv eller andre mener du tar for mye tabletter<\/li>\n\n\n\n<li>At du tar mer enn det som legen foreskriver eller som er anbefalt for preparatet<\/li>\n\n\n\n<li>Du har sterk lyst eller trang til \u00e5 ta legemiddelet<\/li>\n\n\n\n<li>Du f\u00e5r fysisk og\/ eller psykisk ubehag om du ikke tar medikamentet<\/li>\n\n\n\n<li>Medikamentet tar stor plass i hverdagen din og i tankene dine<\/li>\n\n\n\n<li>Du kjenner deg d\u00e5rlig og tar mer av medikamentet for \u00e5 f\u00f8le deg bedre, uten \u00e5 oppn\u00e5 \u00f8nsket effekt<\/li>\n\n\n\n<li>Du tar medikamentet for \u00e5 fungere bedre sosialt<\/li>\n\n\n\n<li>Det er vanskelig \u00e5 st\u00e5 opp, sove og \u00e5 gjennomf\u00f8re aktiviteter uten \u00e5 innta medikamentet<\/li>\n\n\n\n<li>Det er vanskelig \u00e5 konsentrere seg og du husker d\u00e5rligere<\/li>\n<\/ul>\n\n\n\n<h3 id=\"slik-legger-vi-opp-behandlingen\"  class=\"wp-block-heading\" ><strong>Slik legger vi opp behandlingen<\/strong><\/h3>\n\n\n\n<p>Vi starter med \u00e5 kartlegge din medikamentbruk: hvor mye og hvor ofte, hvordan fungerer dette i hverdagen for deg og dine n\u00e6rmeste, for helsa di og din sosiale situasjon? Hender det at du kombinerer bruk av medikamenter med andre rusmidler, for eksempel alkohol?<\/p>\n\n\n\n<p>En d\u00f8gninnleggelse vil gi en skjermet ramme. Hverdagen er p\u00e5 avstand og det hjelper pasientene til \u00f8kt fokus p\u00e5 endring av medikamentbruk, h\u00e5ndtere abstinenser og \u00e5 f\u00e5 gode verkt\u00f8y til \u00e5 mestre avhengigheten og livet p\u00e5 en bedre m\u00e5te.<\/p>\n\n\n\n<p>Noen vil trenge en innleggelse i<a href=\"https:\/\/www.blakors.no\/lade\/avrusning\/\"> Avrusingsavdelingen<\/a> f\u00f8r en eventuell overf\u00f8ring til <a href=\"https:\/\/www.blakors.no\/lade\/avdeling-for-alkohol-og-medikamentavhengighet\/\">Avdeling for alkohol- og medikamentavhengighet<\/a>. I Avrusingsavdelingen vil pasienten og eventuelt p\u00e5r\u00f8rende bli involvert i en nedtrappingsplan, da det for mange ikke vil v\u00e6re anbefalt \u00e5 slutte for br\u00e5tt.<\/p>\n\n\n\n<p>Behandlingen ved Avdeling for alkohol- og medikamentavhengighet er en kombinasjon av individualsamtaler, gruppeterapi, fysisk aktivitet og trening og milj\u00f8terapi. Mange opplever det som sv\u00e6rt nyttig \u00e5 m\u00f8te andre i lignende situasjon, som de kan sparre med og f\u00e5 tips fra.<\/p>\n\n\n\n\t\t<div class=\"wp-block-lib-accentuated-link\">\n\t\t\t<a\n\t\t\t\tclass=\"lib-link__link\"\n\t\t\t\thref=\"https:\/\/www.blakors.no\/lade\/fysisk-aktivitet\/\"\n\t\t\t\ttarget=\"\"\n\t\t\t\trel=\"\"\n\t\t\t>\n\t\t\t\t\n\t\t\t\t<div class=\"lib-link__text-content\">\n\t\t\t\t\t<span class=\"lib-link__tagline\">\n\t\t\t\t\t\tLes ogs\u00e5\n\t\t\t\t\t<\/span>\n\n\t\t\t\t\t<h3 class=\"lib-link__title\">\n\t\t\t\t\t\tFysisk aktivitet\n\t\t\t\t\t<\/h3>\n\n\t\t\t\t\t\n\t\t\t\t<\/div>\n\t\t\t<\/a>\n\t\t<\/div>\n\n\n<h3 id=\"kontakt-oss\"  class=\"wp-block-heading\" ><strong>Kontakt oss<\/strong><\/h3>\n\n\n\n<p>Har du sp\u00f8rsm\u00e5l om medikamentavhengighet eller v\u00e5rt behandlingstilbud, enten fordi du selv eller en du bryr deg om sliter med bruk av medikamenter? <a href=\"https:\/\/www.blakors.no\/lade\/kontakt-oss\/\">Ta gjerne kontakt med oss.<\/a><\/p>\n\n\n\n<p><\/p>\n\n\n<script type=\"text\/javascript\">\n\/* <![CDATA[ *\/\nvar gform;gform||(document.addEventListener(\"gform_main_scripts_loaded\",function(){gform.scriptsLoaded=!0}),document.addEventListener(\"gform\/theme\/scripts_loaded\",function(){gform.themeScriptsLoaded=!0}),window.addEventListener(\"DOMContentLoaded\",function(){gform.domLoaded=!0}),gform={domLoaded:!1,scriptsLoaded:!1,themeScriptsLoaded:!1,isFormEditor:()=>\"function\"==typeof InitializeEditor,callIfLoaded:function(o){return!(!gform.domLoaded||!gform.scriptsLoaded||!gform.themeScriptsLoaded&&!gform.isFormEditor()||(gform.isFormEditor()&&console.warn(\"The use of gform.initializeOnLoaded() is deprecated in the form editor context and will be removed in Gravity Forms 3.1.\"),o(),0))},initializeOnLoaded:function(o){gform.callIfLoaded(o)||(document.addEventListener(\"gform_main_scripts_loaded\",()=>{gform.scriptsLoaded=!0,gform.callIfLoaded(o)}),document.addEventListener(\"gform\/theme\/scripts_loaded\",()=>{gform.themeScriptsLoaded=!0,gform.callIfLoaded(o)}),window.addEventListener(\"DOMContentLoaded\",()=>{gform.domLoaded=!0,gform.callIfLoaded(o)}))},hooks:{action:{},filter:{}},addAction:function(o,r,e,t){gform.addHook(\"action\",o,r,e,t)},addFilter:function(o,r,e,t){gform.addHook(\"filter\",o,r,e,t)},doAction:function(o){gform.doHook(\"action\",o,arguments)},applyFilters:function(o){return gform.doHook(\"filter\",o,arguments)},removeAction:function(o,r){gform.removeHook(\"action\",o,r)},removeFilter:function(o,r,e){gform.removeHook(\"filter\",o,r,e)},addHook:function(o,r,e,t,n){null==gform.hooks[o][r]&&(gform.hooks[o][r]=[]);var d=gform.hooks[o][r];null==n&&(n=r+\"_\"+d.length),gform.hooks[o][r].push({tag:n,callable:e,priority:t=null==t?10:t})},doHook:function(r,o,e){var t;if(e=Array.prototype.slice.call(e,1),null!=gform.hooks[r][o]&&((o=gform.hooks[r][o]).sort(function(o,r){return o.priority-r.priority}),o.forEach(function(o){\"function\"!=typeof(t=o.callable)&&(t=window[t]),\"action\"==r?t.apply(null,e):e[0]=t.apply(null,e)})),\"filter\"==r)return e[0]},removeHook:function(o,r,t,n){var e;null!=gform.hooks[o][r]&&(e=(e=gform.hooks[o][r]).filter(function(o,r,e){return!!(null!=n&&n!=o.tag||null!=t&&t!=o.priority)}),gform.hooks[o][r]=e)}});\n\/* ]]> *\/\n<\/script>\n\n                <div class='gf_browser_gecko gform_wrapper gravity-theme gform-theme--no-framework' data-form-theme='gravity-theme' data-form-index='0' id='gform_wrapper_1' ><div id='gf_1' class='gform_anchor' tabindex='-1'><\/div>\n                        <div class='gform_heading'>\n                            <h3 id=\"kontaktskjema-for-henvendelser\"  class=\"gform_title\" >Kontaktskjema for henvendelser<\/h3>\n                            <p class='gform_description'>Legg igjen kontaktinformasjonen din og vi kontakter deg.<\/p>\n                        <\/div><form method='post' enctype='multipart\/form-data' target='gform_ajax_frame_1' id='gform_1'  action='\/lade\/wp-json\/wp\/v2\/pages\/9888#gf_1' data-formid='1' novalidate><div class='gf_invisible ginput_recaptchav3' data-sitekey='6LdiTEscAAAAAJoxDlTUk71K3gvHBF5FWtc6faJY' data-tabindex='1'><input id=\"input_2d7a60f2b919364ce096d6d4aeca9888\" class=\"gfield_recaptcha_response\" type=\"hidden\" name=\"input_2d7a60f2b919364ce096d6d4aeca9888\" value=\"\"\/><\/div>\n                        <div class='gform-body gform_body'><ul id='gform_fields_1' class='gform_fields top_label form_sublabel_below description_below validation_below'><li id=\"field_1_7\" class=\"gfield gfield--type-text gfield_contains_required field_sublabel_below gfield--no-description field_description_below field_validation_below gfield_visibility_visible\"  ><label class='gfield_label gform-field-label' for='input_1_7'>Fornavn<span class=\"gfield_required\"><span class=\"gfield_required gfield_required_asterisk\">*<\/span><\/span><\/label><div class='ginput_container ginput_container_text'><input name='input_7' id='input_1_7' type='text' value='' class='medium'   tabindex='2'  aria-required=\"true\" aria-invalid=\"false\"   \/><\/div><\/li><li id=\"field_1_8\" class=\"gfield gfield--type-text gfield_contains_required field_sublabel_below gfield--no-description field_description_below field_validation_below gfield_visibility_visible\"  ><label class='gfield_label gform-field-label' for='input_1_8'>Etternavn<span class=\"gfield_required\"><span class=\"gfield_required gfield_required_asterisk\">*<\/span><\/span><\/label><div class='ginput_container ginput_container_text'><input name='input_8' id='input_1_8' type='text' value='' class='medium'   tabindex='3'  aria-required=\"true\" aria-invalid=\"false\"   \/><\/div><\/li><li id=\"field_1_2\" class=\"gfield gfield--type-email field_sublabel_below gfield--no-description field_description_below field_validation_below gfield_visibility_visible\"  ><label class='gfield_label gform-field-label' for='input_1_2'>E-post<\/label><div class='ginput_container ginput_container_email'>\n                            <input name='input_2' id='input_1_2' type='email' value='' class='medium' tabindex='4'    aria-invalid=\"false\"  \/>\n                        <\/div><\/li><li id=\"field_1_3\" class=\"gfield gfield--type-phone gfield_contains_required field_sublabel_below gfield--no-description field_description_below field_validation_below gfield_visibility_visible\"  ><label class='gfield_label gform-field-label' for='input_1_3'>Telefon<span class=\"gfield_required\"><span class=\"gfield_required gfield_required_asterisk\">*<\/span><\/span><\/label><div class='ginput_container ginput_container_phone'><input name='input_3' id='input_1_3' type='tel' value='' class='medium' tabindex='5'  aria-required=\"true\" aria-invalid=\"false\"   \/><\/div><\/li><\/ul><\/div>\n        <div class='gform-footer gform_footer top_label'> <input type='submit' id='gform_submit_button_1' class='gform_button button' onclick='gform.submission.handleButtonClick(this);' data-submission-type='submit' value='Send inn' tabindex='6' \/> <input type='hidden' name='gform_ajax' value='form_id=1&amp;title=1&amp;description=1&amp;tabindex=1&amp;theme=gravity-theme&amp;hash=40477bf817b55cf3588c0d9ff69478b3' \/>\n            <input type='hidden' class='gform_hidden' name='gform_submission_method' data-js='gform_submission_method_1' value='iframe' \/>\n            <input type='hidden' class='gform_hidden' name='gform_theme' data-js='gform_theme_1' id='gform_theme_1' value='gravity-theme' \/>\n            <input type='hidden' class='gform_hidden' name='gform_style_settings' data-js='gform_style_settings_1' id='gform_style_settings_1' value='' \/>\n            <input type='hidden' class='gform_hidden' name='is_submit_1' value='1' \/>\n            <input type='hidden' class='gform_hidden' name='gform_submit' value='1' \/>\n            \n            <input type='hidden' class='gform_hidden' name='gform_currency' data-currency='NOK' value='5uL+q9xEmKcODR7cBgtoODXVecbAuaQ8Tsb9ooX3j9FkiCXb7wBmNfbQFwwjwQn4fVCC1tfDt6H\/ae73PP8NfSvJ6jCQz+fm\/VBbnRlRNiomaRI=' \/>\n            <input type='hidden' class='gform_hidden' name='gform_unique_id' value='' \/>\n            <input type='hidden' class='gform_hidden' name='state_1' value='WyJbXSIsIjA2NmNmMGYyOWQ3M2MwOWZhYTA5MmE3ZGQxMWNlYjQxIl0=' \/>\n            <input type='hidden' autocomplete='off' class='gform_hidden' name='gform_target_page_number_1' id='gform_target_page_number_1' value='0' \/>\n            <input type='hidden' autocomplete='off' class='gform_hidden' name='gform_source_page_number_1' id='gform_source_page_number_1' value='1' \/>\n            <input type='hidden' name='gform_field_values' value='' \/>\n            \n        <\/div>\n                        <\/form>\n                        <\/div>\n\t\t                <iframe style='display:none;width:0px;height:0px;' src='about:blank' name='gform_ajax_frame_1' id='gform_ajax_frame_1' title='This iframe contains the logic required to handle Ajax powered Gravity Forms.'><\/iframe>\n\t\t                <script type=\"text\/javascript\">\n\/* <![CDATA[ *\/\n gform.initializeOnLoaded( function() {gformInitSpinner( 1, 'https:\/\/www.blakors.no\/content\/plugins\/gravityforms\/images\/spinner.svg', true );jQuery('#gform_ajax_frame_1').on('load',function(){var contents = jQuery(this).contents().find('*').html();var is_postback = contents.indexOf('GF_AJAX_POSTBACK') >= 0;if(!is_postback){return;}var form_content = jQuery(this).contents().find('#gform_wrapper_1');var is_confirmation = jQuery(this).contents().find('#gform_confirmation_wrapper_1').length > 0;var is_redirect = contents.indexOf('gformRedirect(){') >= 0;var is_form = form_content.length > 0 && ! is_redirect && ! is_confirmation;var mt = parseInt(jQuery('html').css('margin-top'), 10) + parseInt(jQuery('body').css('margin-top'), 10) + 100;if(is_form){jQuery('#gform_wrapper_1').html(form_content.html());if(form_content.hasClass('gform_validation_error')){jQuery('#gform_wrapper_1').addClass('gform_validation_error');} else {jQuery('#gform_wrapper_1').removeClass('gform_validation_error');}setTimeout( function() { \/* delay the scroll by 50 milliseconds to fix a bug in chrome *\/ jQuery(document).scrollTop(jQuery('#gform_wrapper_1').offset().top - mt); }, 50 );if(window['gformInitDatepicker']) {gformInitDatepicker();}if(window['gformInitPriceFields']) {gformInitPriceFields();}var current_page = jQuery('#gform_source_page_number_1').val();gformInitSpinner( 1, 'https:\/\/www.blakors.no\/content\/plugins\/gravityforms\/images\/spinner.svg', true );jQuery(document).trigger('gform_page_loaded', [1, current_page]);window['gf_submitting_1'] = false;}else if(!is_redirect){var confirmation_content = jQuery(this).contents().find('.GF_AJAX_POSTBACK').html();if(!confirmation_content){confirmation_content = contents;}jQuery('#gform_wrapper_1').replaceWith(confirmation_content);jQuery(document).scrollTop(jQuery('#gf_1').offset().top - mt);jQuery(document).trigger('gform_confirmation_loaded', [1]);window['gf_submitting_1'] = false;wp.a11y.speak(jQuery('#gform_confirmation_message_1').text());}else{jQuery('#gform_1').append(contents);if(window['gformRedirect']) {gformRedirect();}}jQuery(document).trigger(\"gform_pre_post_render\", [{ formId: \"1\", currentPage: \"current_page\", abort: function() { this.preventDefault(); } }]);        if (event && event.defaultPrevented) {                return;        }        const gformWrapperDiv = document.getElementById( \"gform_wrapper_1\" );        if ( gformWrapperDiv ) {            const visibilitySpan = document.createElement( \"span\" );            visibilitySpan.id = \"gform_visibility_test_1\";            gformWrapperDiv.insertAdjacentElement( \"afterend\", visibilitySpan );        }        const visibilityTestDiv = document.getElementById( \"gform_visibility_test_1\" );        let postRenderFired = false;        function triggerPostRender() {            if ( postRenderFired ) {                return;            }            postRenderFired = true;            gform.core.triggerPostRenderEvents( 1, current_page );            if ( visibilityTestDiv ) {                visibilityTestDiv.parentNode.removeChild( visibilityTestDiv );            }        }        function debounce( func, wait, immediate ) {            var timeout;            return function() {                var context = this, args = arguments;                var later = function() {                    timeout = null;                    if ( !immediate ) func.apply( context, args );                };                var callNow = immediate && !timeout;                clearTimeout( timeout );                timeout = setTimeout( later, wait );                if ( callNow ) func.apply( context, args );            };        }        const debouncedTriggerPostRender = debounce( function() {            triggerPostRender();        }, 200 );        if ( visibilityTestDiv && visibilityTestDiv.offsetParent === null ) {            const observer = new MutationObserver( ( mutations ) => {                mutations.forEach( ( mutation ) => {                    if ( mutation.type === 'attributes' && visibilityTestDiv.offsetParent !== null ) {                        debouncedTriggerPostRender();                        observer.disconnect();                    }                });            });            observer.observe( document.body, {                attributes: true,                childList: false,                subtree: true,                attributeFilter: [ 'style', 'class' ],            });        } else {            triggerPostRender();        }    } );} ); \n\/* ]]> *\/\n<\/script>\n","protected":false},"excerpt":{"rendered":"<p>Medikamentavhengigheten vil etter hvert p\u00e5virke de fleste livsomr\u00e5der som fysisk og psykisk helse, \u00f8konomi, arbeid\/skole og familie\/nettverk. Tre hovedgrupper medikamenter Vanedannende medikamenter kan deles inn i tre hovedgrupper: Folkehelseinstituttet (2022) formidler bekymring over at 10.000 flere personer bruker smertestillende i form av opioider i 2019 sammenlignet med tall fra 2011. Utvikling av toleranse Legen foreskriver [&hellip;]<\/p>\n","protected":false},"author":23,"featured_media":10377,"parent":0,"menu_order":0,"comment_status":"closed","ping_status":"closed","template":"","meta":{"_acf_changed":false,"_relevanssi_hide_post":"","_relevanssi_hide_content":"","_relevanssi_pin_for_all":"on","_relevanssi_pin_keywords":"Medikamentavhengighet, avhengig av piller, avhengig av medisiner, pilleavhengighet","_relevanssi_unpin_keywords":"","_relevanssi_related_keywords":"","_relevanssi_related_include_ids":"","_relevanssi_related_exclude_ids":"","_relevanssi_related_no_append":"","_relevanssi_related_not_related":"","_relevanssi_related_posts":"7071,9203,7096,9440,7087,7039","_relevanssi_noindex_reason":"","sync_status":"","episode_type":"","audio_file":"","podmotor_file_id":"","podmotor_episode_id":"","castos_file_data":"","cover_image":"","cover_image_id":"","duration":"","filesize":"","filesize_raw":"","date_recorded":"","explicit":"","block":"","_custom_cards_description":"","footnotes":""},"class_list":["post-9888","page","type-page","status-publish","has-post-thumbnail","hentry"],"acf":[],"_links":{"self":[{"href":"https:\/\/www.blakors.no\/lade\/wp-json\/wp\/v2\/pages\/9888","targetHints":{"allow":["GET"]}}],"collection":[{"href":"https:\/\/www.blakors.no\/lade\/wp-json\/wp\/v2\/pages"}],"about":[{"href":"https:\/\/www.blakors.no\/lade\/wp-json\/wp\/v2\/types\/page"}],"author":[{"embeddable":true,"href":"https:\/\/www.blakors.no\/lade\/wp-json\/wp\/v2\/users\/23"}],"replies":[{"embeddable":true,"href":"https:\/\/www.blakors.no\/lade\/wp-json\/wp\/v2\/comments?post=9888"}],"version-history":[{"count":4,"href":"https:\/\/www.blakors.no\/lade\/wp-json\/wp\/v2\/pages\/9888\/revisions"}],"predecessor-version":[{"id":13221,"href":"https:\/\/www.blakors.no\/lade\/wp-json\/wp\/v2\/pages\/9888\/revisions\/13221"}],"wp:featuredmedia":[{"embeddable":true,"href":"https:\/\/www.blakors.no\/lade\/wp-json\/wp\/v2\/media\/10377"}],"wp:attachment":[{"href":"https:\/\/www.blakors.no\/lade\/wp-json\/wp\/v2\/media?parent=9888"}],"curies":[{"name":"wp","href":"https:\/\/api.w.org\/{rel}","templated":true}]}}