{"id":12637,"date":"2026-03-06T14:06:48","date_gmt":"2026-03-06T13:06:48","guid":{"rendered":"https:\/\/www.blakors.no\/ressursbank\/?page_id=12637"},"modified":"2026-03-16T12:39:20","modified_gmt":"2026-03-16T11:39:20","slug":"undervisningsopplegg","status":"publish","type":"page","link":"https:\/\/www.blakors.no\/ressursbank\/undervisningsopplegg\/","title":{"rendered":"Undervisningsopplegg"},"content":{"rendered":"\n<p>Her finner du en oversikt over <strong>ferdige undervisningsopplegg <\/strong>til <strong>mellomtrinn, ungdomsskole og videreg\u00e5ende<\/strong>. Disse oppleggene gir l\u00e6rere og andre fagpersoner konkrete verkt\u00f8y for undervisning, refleksjon og samtale i klasserommet om tema knyttet til rusmidler, psykisk helse, mobbing og mer.<\/p>\n\n\n<ul class=\"t2-link-list has-5-items has-auto-columns wp-block-t2-link-list\">\n\t<li class=\"has-background has-blue-light-background-color t2-link-list-item wp-block-t2-link-list-item\">\n\t\t<a\n\t\t\thref=\"https:\/\/www.blakors.no\/ressursbank\/undervisningsopplegg-om-rusmidler-for-ungdom\"\n\t\t\tclass=\"t2-link-list-item__link t2-link-list__icon--right\"\n\t\t\t\t\t>\n\t\t\t<span class=\"t2-link-list-item__icon\"><span class=\"t2-link-list-item__icon-box\"><\/span><svg xmlns=\"http:\/\/www.w3.org\/2000\/svg\" viewBox=\"0 0 24 24\" height=\"24\" width=\"24\" class=\"t2-icon t2-icon-arrowforward\" aria-hidden=\"true\" focusable=\"false\"><path d=\"M11.3 19.3c-.2-.2-.3-.4-.3-.7 0-.3.1-.5.3-.7l4.9-4.9H5c-.3 0-.5-.1-.7-.3-.2-.2-.3-.4-.3-.7s.1-.5.3-.7c.2-.2.4-.3.7-.3h11.2l-4.9-4.9c-.2-.2-.3-.4-.3-.7 0-.3.1-.5.3-.7.2-.2.4-.3.7-.3s.5.1.7.3l6.6 6.6c.1.1.2.2.2.3 0 .1.1.3.1.4 0 .1 0 .3-.1.4 0 .1-.1.2-.2.3l-6.6 6.6c-.2.2-.4.3-.7.3s-.5-.1-.7-.3z\" fill=\"currentColor\" \/><\/svg><\/span>\t\t\t<div class=\"t2-link-list-item__content\">\n\n\t\t\t\t\n\t\t\t\t<span id=\"link-list-item-text\" class=\"t2-link-list-item__text\">\n\t\t\t\t\tAlkohol og annen rus\t\t\t\t<\/span>\n\t\t\t\t<span id=\"link-list-item-description\" class=\"t2-link-list-item__description\">Ungdomsskole og VGS<\/span>\t\t\t<\/div>\n\t\t<\/a>\n\t<\/li>\n\t\n\n\t<li class=\"has-background has-blue-light-background-color t2-link-list-item wp-block-t2-link-list-item\">\n\t\t<a\n\t\t\thref=\"https:\/\/www.blakors.no\/ressursbank\/velg-selv-en-film-om-gruppepress\/\"\n\t\t\tclass=\"t2-link-list-item__link t2-link-list__icon--right\"\n\t\t\t\t\t>\n\t\t\t<span class=\"t2-link-list-item__icon\"><span class=\"t2-link-list-item__icon-box\"><\/span><svg xmlns=\"http:\/\/www.w3.org\/2000\/svg\" viewBox=\"0 0 24 24\" height=\"24\" width=\"24\" class=\"t2-icon t2-icon-arrowforward\" aria-hidden=\"true\" focusable=\"false\"><path d=\"M11.3 19.3c-.2-.2-.3-.4-.3-.7 0-.3.1-.5.3-.7l4.9-4.9H5c-.3 0-.5-.1-.7-.3-.2-.2-.3-.4-.3-.7s.1-.5.3-.7c.2-.2.4-.3.7-.3h11.2l-4.9-4.9c-.2-.2-.3-.4-.3-.7 0-.3.1-.5.3-.7.2-.2.4-.3.7-.3s.5.1.7.3l6.6 6.6c.1.1.2.2.2.3 0 .1.1.3.1.4 0 .1 0 .3-.1.4 0 .1-.1.2-.2.3l-6.6 6.6c-.2.2-.4.3-.7.3s-.5-.1-.7-.3z\" fill=\"currentColor\" \/><\/svg><\/span>\t\t\t<div class=\"t2-link-list-item__content\">\n\n\t\t\t\t\n\t\t\t\t<span id=\"link-list-item-text-1\" class=\"t2-link-list-item__text\">\n\t\t\t\t\tGruppepress\t\t\t\t<\/span>\n\t\t\t\t<span id=\"link-list-item-description-1\" class=\"t2-link-list-item__description\">Mellomtrinn og ungdomsskole<\/span>\t\t\t<\/div>\n\t\t<\/a>\n\t<\/li>\n\t\n\n\t<li class=\"has-background has-blue-light-background-color t2-link-list-item wp-block-t2-link-list-item\">\n\t\t<a\n\t\t\thref=\"https:\/\/www.blakors.no\/ressursbank\/undervisningsopplegg-for-ungdomsskoler-om-mobbing\/\"\n\t\t\tclass=\"t2-link-list-item__link t2-link-list__icon--right\"\n\t\t\t\t\t>\n\t\t\t<span class=\"t2-link-list-item__icon\"><span class=\"t2-link-list-item__icon-box\"><\/span><svg xmlns=\"http:\/\/www.w3.org\/2000\/svg\" viewBox=\"0 0 24 24\" height=\"24\" width=\"24\" class=\"t2-icon t2-icon-arrowforward\" aria-hidden=\"true\" focusable=\"false\"><path d=\"M11.3 19.3c-.2-.2-.3-.4-.3-.7 0-.3.1-.5.3-.7l4.9-4.9H5c-.3 0-.5-.1-.7-.3-.2-.2-.3-.4-.3-.7s.1-.5.3-.7c.2-.2.4-.3.7-.3h11.2l-4.9-4.9c-.2-.2-.3-.4-.3-.7 0-.3.1-.5.3-.7.2-.2.4-.3.7-.3s.5.1.7.3l6.6 6.6c.1.1.2.2.2.3 0 .1.1.3.1.4 0 .1 0 .3-.1.4 0 .1-.1.2-.2.3l-6.6 6.6c-.2.2-.4.3-.7.3s-.5-.1-.7-.3z\" fill=\"currentColor\" \/><\/svg><\/span>\t\t\t<div class=\"t2-link-list-item__content\">\n\n\t\t\t\t\n\t\t\t\t<span id=\"link-list-item-text-2\" class=\"t2-link-list-item__text\">\n\t\t\t\t\tMobbing\t\t\t\t<\/span>\n\t\t\t\t<span id=\"link-list-item-description-2\" class=\"t2-link-list-item__description\">Ungdomsskole<\/span>\t\t\t<\/div>\n\t\t<\/a>\n\t<\/li>\n\t\n\n\t<li class=\"has-background has-blue-light-background-color t2-link-list-item wp-block-t2-link-list-item\">\n\t\t<a\n\t\t\thref=\"https:\/\/www.blakors.no\/ressursbank\/undervisningsopplegg-til-verdensdagen-for-psykisk-helse\/\"\n\t\t\tclass=\"t2-link-list-item__link t2-link-list__icon--right\"\n\t\t\t\t\t>\n\t\t\t<span class=\"t2-link-list-item__icon\"><span class=\"t2-link-list-item__icon-box\"><\/span><svg xmlns=\"http:\/\/www.w3.org\/2000\/svg\" viewBox=\"0 0 24 24\" height=\"24\" width=\"24\" class=\"t2-icon t2-icon-arrowforward\" aria-hidden=\"true\" focusable=\"false\"><path d=\"M11.3 19.3c-.2-.2-.3-.4-.3-.7 0-.3.1-.5.3-.7l4.9-4.9H5c-.3 0-.5-.1-.7-.3-.2-.2-.3-.4-.3-.7s.1-.5.3-.7c.2-.2.4-.3.7-.3h11.2l-4.9-4.9c-.2-.2-.3-.4-.3-.7 0-.3.1-.5.3-.7.2-.2.4-.3.7-.3s.5.1.7.3l6.6 6.6c.1.1.2.2.2.3 0 .1.1.3.1.4 0 .1 0 .3-.1.4 0 .1-.1.2-.2.3l-6.6 6.6c-.2.2-.4.3-.7.3s-.5-.1-.7-.3z\" fill=\"currentColor\" \/><\/svg><\/span>\t\t\t<div class=\"t2-link-list-item__content\">\n\n\t\t\t\t\n\t\t\t\t<span id=\"link-list-item-text-3\" class=\"t2-link-list-item__text\">\n\t\t\t\t\tVennskap og kommunikasjon \t\t\t\t<\/span>\n\t\t\t\t<span id=\"link-list-item-description-3\" class=\"t2-link-list-item__description\">Mellomtrinn og ungdomsskole &#8211; til verdensdagen for psykisk helse<\/span>\t\t\t<\/div>\n\t\t<\/a>\n\t<\/li>\n\t\n\n\t<li class=\"has-background has-blue-light-background-color t2-link-list-item wp-block-t2-link-list-item\">\n\t\t<a\n\t\t\thref=\"\"\n\t\t\tclass=\"t2-link-list-item__link t2-link-list__icon--right\"\n\t\t\t\t\t>\n\t\t\t<span class=\"t2-link-list-item__icon\"><span class=\"t2-link-list-item__icon-box\"><\/span><svg xmlns=\"http:\/\/www.w3.org\/2000\/svg\" viewBox=\"0 0 24 24\" height=\"24\" width=\"24\" class=\"t2-icon t2-icon-arrowforward\" aria-hidden=\"true\" focusable=\"false\"><path d=\"M11.3 19.3c-.2-.2-.3-.4-.3-.7 0-.3.1-.5.3-.7l4.9-4.9H5c-.3 0-.5-.1-.7-.3-.2-.2-.3-.4-.3-.7s.1-.5.3-.7c.2-.2.4-.3.7-.3h11.2l-4.9-4.9c-.2-.2-.3-.4-.3-.7 0-.3.1-.5.3-.7.2-.2.4-.3.7-.3s.5.1.7.3l6.6 6.6c.1.1.2.2.2.3 0 .1.1.3.1.4 0 .1 0 .3-.1.4 0 .1-.1.2-.2.3l-6.6 6.6c-.2.2-.4.3-.7.3s-.5-.1-.7-.3z\" fill=\"currentColor\" \/><\/svg><\/span>\t\t\t<div class=\"t2-link-list-item__content\">\n\n\t\t\t\t\n\t\t\t\t<span id=\"link-list-item-text-4\" class=\"t2-link-list-item__text\">\n\t\t\t\t\tEtiske dilemma\t\t\t\t<\/span>\n\t\t\t\t<span id=\"link-list-item-description-4\" class=\"t2-link-list-item__description\">Mellomtrinn og ungdomsskole (kommer snart)<\/span>\t\t\t<\/div>\n\t\t<\/a>\n\t<\/li>\n\t\n<\/ul>\n\n\n<p>Se ogs\u00e5 v\u00e5re gratis og engasjerende <a href=\"https:\/\/www.blakors.no\/ressursbank\/snakkekort\/\" data-type=\"page\" data-id=\"201\">snakkekort<\/a> og <a href=\"https:\/\/www.blakors.no\/ressursbank\/kahoot-quizer\/\" data-type=\"page\" data-id=\"6380\">quizer<\/a> &#8211; til klassens time eller som en del av undervisningen. <\/p>\n\n\n\n<figure class=\"wp-block-image size-full\"><img decoding=\"async\" srcset=\"https:\/\/v.imgi.no\/blakors-10766-5b6540d5050c7923f20aaeaf0dea0a85-150x100\/_y1a4701.webp 150w, https:\/\/v.imgi.no\/blakors-10766-5b6540d5050c7923f20aaeaf0dea0a85-300x200\/_y1a4701.webp 300w, https:\/\/v.imgi.no\/blakors-10766-5b6540d5050c7923f20aaeaf0dea0a85-768x512\/_y1a4701.webp 768w, https:\/\/v.imgi.no\/blakors-10766-5b6540d5050c7923f20aaeaf0dea0a85-1024x683\/_y1a4701.webp 1024w, https:\/\/v.imgi.no\/blakors-10766-5b6540d5050c7923f20aaeaf0dea0a85-1536x1025\/_y1a4701.webp 1536w, https:\/\/v.imgi.no\/blakors-10766-5b6540d5050c7923f20aaeaf0dea0a85-2048x1366\/_y1a4701.webp 2048w, https:\/\/v.imgi.no\/blakors-10766-5b6540d5050c7923f20aaeaf0dea0a85-300x200\/_y1a4701.webp 300w, https:\/\/v.imgi.no\/blakors-10766-5b6540d5050c7923f20aaeaf0dea0a85-450x300\/_y1a4701.webp 450w, https:\/\/v.imgi.no\/blakors-10766-5b6540d5050c7923f20aaeaf0dea0a85-200x133\/_y1a4701.webp 200w, https:\/\/v.imgi.no\/blakors-10766-5b6540d5050c7923f20aaeaf0dea0a85-300x200\/_y1a4701.webp 300w, https:\/\/v.imgi.no\/blakors-10766-5b6540d5050c7923f20aaeaf0dea0a85-400x267\/_y1a4701.webp 400w, https:\/\/v.imgi.no\/blakors-10766-5b6540d5050c7923f20aaeaf0dea0a85-600x400\/_y1a4701.webp 600w\" sizes=\"(max-width: 2048px) 100vw, 2048px\" src=\"https:\/\/v.imgi.no\/blakors-10766-5b6540d5050c7923f20aaeaf0dea0a85-8192x5464\/_y1a4701.webp\" alt=\"L\u00e6rer observerer to elever ved pulter i klasserommet dekorert med julelys. Mannen har p\u00e5 seg en svart genser, jentene har langt h\u00e5r.\" class=\"imageshop-document-id-7543492 wp-image-10766\"\/><figcaption class=\"wp-element-caption\">I Bl\u00e5 Kors sin ressursbank finner du en rekke undervisningsopplegg og materiell til samtale for barn, ungdom og foreldre<\/figcaption><\/figure>\n\n\n\n\t\t<div class=\"wp-block-blakors-expanding-fact-box has-background has-pink-light-background-color\">\n\t\t\t<h3 id=\"hvem-passer-dette-for\"  class=\"blakors-fact-box__title\" >Hvem passer dette for?<\/h3>\n\t\t\t<div class=\"blakors-fact-box__content\">\n\t\t\t\t\n\n<p>Disse samtale- og undervisningsressursene egner seg for alle som jobber med barn og ungdom.<\/p>\n\n\n\n<p>Husk at du ogs\u00e5 kan finne mer materiell til foreldrem\u00f8ter, samtale og grupper, p\u00e5 v\u00e5re sider. Bruk menyen i topp for \u00e5 sortere etter alder, eller tema. <\/p>\n\n\n\n<p>For eksempel: <\/p>\n\n\n\n<ul class=\"wp-block-list\">\n<li><a href=\"https:\/\/www.blakors.no\/ressursbank\/psykisk-helse-og-livsmestring\/\">Psykisk helse, mobbing og livsmestring<\/a><\/li>\n\n\n\n<li><a href=\"https:\/\/www.blakors.no\/ressursbank\/alkohol-og-andre-rusmidler\/\">Alkohol og andre rusmidler<\/a><\/li>\n\n\n\n<li><a href=\"https:\/\/www.blakors.no\/ressursbank\/gaming-og-sosiale-medier\/\">Gaming og sosiale medier<\/a><\/li>\n<\/ul>\n\n\n\n<p>Ros, ris eller innspill?&nbsp;<a href=\"https:\/\/www.blakors.no\/ressursbank\/barnehage\/\">Ta kontakt<\/a>&nbsp;med oss!<\/p>\n\n\n\t\t\t<\/div>\n\t\t\t<div class=\"blakors-fact-box__toggle\">\n\t\t\t\t<button class=\"blakors-fact-box__button\"><svg xmlns=\"http:\/\/www.w3.org\/2000\/svg\" viewBox=\"0 0 17.367 17.367\"><path d=\"M0-8.684v-2.133H13.2L7.16-16.91l1.523-1.523L17.367-9.75,8.684-1.066,7.109-2.59,13.2-8.684Z\" transform=\"translate(0 18.434)\" \/><\/svg><\/button>\n\t\t\t<\/div>\n\t\t<\/div>\n<div class=\"dekode-module-was-this-helpful\">\n\t<div class=\"\">\n\t\t<h2>Var dette nyttig?<\/h2>\n\t\t<form id=\"dekode-wth-form\">\n\t\t\t<button id=\"dekode-wth-yes\" class=\"button\" name=\"dekode-wth-feedback\" type=\"submit\"\n\t\t\t\t\tvalue=\"1\">Ja<\/button>\n\t\t\t<button id=\"dekode-wth-no\" class=\"button\" name=\"dekode-wth-feedback\" type=\"submit\"\n\t\t\t\t\tvalue=\"0\">Nei<\/button>\n\t\t\t<input type=\"hidden\" name=\"post_id\" value=\"12637\"\/>\n\t\t<\/form>\n\t<\/div>\n<\/div>\n","protected":false},"excerpt":{"rendered":"<p>Her finner du en oversikt over ferdige undervisningsopplegg til mellomtrinn, ungdomsskole og videreg\u00e5ende. Disse oppleggene gir l\u00e6rere og andre fagpersoner konkrete verkt\u00f8y for undervisning, refleksjon og samtale i klasserommet om tema knyttet til rusmidler, psykisk helse, mobbing og mer. Se ogs\u00e5 v\u00e5re gratis og engasjerende snakkekort og quizer &#8211; til klassens time eller som en [&hellip;]<\/p>\n","protected":false},"author":21,"featured_media":10766,"parent":0,"menu_order":0,"comment_status":"closed","ping_status":"closed","template":"","meta":{"_acf_changed":false,"_relevanssi_hide_post":"","_relevanssi_hide_content":"","_relevanssi_pin_for_all":"","_relevanssi_pin_keywords":"","_relevanssi_unpin_keywords":"","_relevanssi_related_keywords":"","_relevanssi_related_include_ids":"","_relevanssi_related_exclude_ids":"","_relevanssi_related_no_append":"","_relevanssi_related_not_related":"","_relevanssi_related_posts":"8644,998,7514,7087","_relevanssi_noindex_reason":"","_custom_cards_description":"Undervisningsopplegg til mellomtrinn, ungdomsskole og videreg\u00e5ende skole","footnotes":""},"class_list":["post-12637","page","type-page","status-publish","has-post-thumbnail","hentry"],"acf":[],"_links":{"self":[{"href":"https:\/\/www.blakors.no\/ressursbank\/wp-json\/wp\/v2\/pages\/12637","targetHints":{"allow":["GET"]}}],"collection":[{"href":"https:\/\/www.blakors.no\/ressursbank\/wp-json\/wp\/v2\/pages"}],"about":[{"href":"https:\/\/www.blakors.no\/ressursbank\/wp-json\/wp\/v2\/types\/page"}],"author":[{"embeddable":true,"href":"https:\/\/www.blakors.no\/ressursbank\/wp-json\/wp\/v2\/users\/21"}],"replies":[{"embeddable":true,"href":"https:\/\/www.blakors.no\/ressursbank\/wp-json\/wp\/v2\/comments?post=12637"}],"version-history":[{"count":5,"href":"https:\/\/www.blakors.no\/ressursbank\/wp-json\/wp\/v2\/pages\/12637\/revisions"}],"predecessor-version":[{"id":12871,"href":"https:\/\/www.blakors.no\/ressursbank\/wp-json\/wp\/v2\/pages\/12637\/revisions\/12871"}],"wp:featuredmedia":[{"embeddable":true,"href":"https:\/\/www.blakors.no\/ressursbank\/wp-json\/wp\/v2\/media\/10766"}],"wp:attachment":[{"href":"https:\/\/www.blakors.no\/ressursbank\/wp-json\/wp\/v2\/media?parent=12637"}],"curies":[{"name":"wp","href":"https:\/\/api.w.org\/{rel}","templated":true}]}}