{"id":1264,"date":"2021-06-17T11:22:24","date_gmt":"2021-06-17T09:22:24","guid":{"rendered":"https:\/\/www.blakors.no\/ressursbank\/?page_id=1264"},"modified":"2025-10-21T12:56:04","modified_gmt":"2025-10-21T10:56:04","slug":"hvordan-utvikle-diakonalt-ungdomsarbeid","status":"publish","type":"page","link":"https:\/\/www.blakors.no\/ressursbank\/hvordan-utvikle-diakonalt-ungdomsarbeid\/","title":{"rendered":"Hvordan utvikle diakonalt ungdomsarbeid?"},"content":{"rendered":"\n<div class=\"wp-block-lib-header alignfull hide\"><div class=\"image-wrapper\"><img decoding=\"async\" src=\"https:\/\/www.blakors.no\/content\/uploads\/sites\/22\/2021\/06\/Ole-Tobias-Bla-Kors-Konferanse.png\"\/><\/div><div class=\"header-innercontent\">\n\n<\/div><\/div>\n\n\n\n<p>I denne konferansen f\u00e5r du blant annet r\u00e5d om hvordan skape en kultur for innovasjon, historier og r\u00e5d om hvordan fange opp ungdom som faller utenfor, gode eksempler p\u00e5 nyskapende og diakonalt ungdomsarbeid.<\/p>\n\n\n\n<figure class=\"wp-block-embed dekode-gtm-iframe-preview is-type-video is-provider-youtube wp-block-embed-youtube wp-embed-aspect-16-9 wp-has-aspect-ratio\"><div class=\"wp-block-embed__wrapper\">\n<iframe title=\"Digital konferanse: Nyskapende ungdomsarbeid\" width=\"500\" height=\"281\" data-cookieconsent=\"marketing\" data-cookieblock-src=\"https:\/\/www.youtube.com\/embed\/XhDbsf0LWQw?start=5&#038;feature=oembed\"  allow=\"accelerometer; autoplay; clipboard-write; encrypted-media; gyroscope; picture-in-picture; web-share\" referrerpolicy=\"strict-origin-when-cross-origin\" allowfullscreen sandbox=\"allow-scripts allow-same-origin allow-popups allow-presentation allow-popups-to-escape-sandbox\"><\/iframe>\n\t\t<div class=\"cookieconsent-optout-marketing dekode-gtm-cookie-consent-video-placeholder\">\n\t\t\t<div class=\"dekode-gtm-cookie-consent is-block-core-embed is-provider-youtube\">\n\t\t\t\t\n\t\t\t<img decoding=\"async\" src=\"https:\/\/i.ytimg.com\/vi\/XhDbsf0LWQw\/hqdefault.jpg\" alt=\"youtube\" \/>\n\t\t\t\t<div class=\"overlay\">\n\t\t\t\t\t<div class=\"cookie-info\">\n\t\t\t\t\t\t<h2 id=\"her-ligger-det-medieinnhold-fra-en-ekstern-kilde\"  >Her ligger det medieinnhold fra en ekstern kilde. <\/h2> \n\n<p>For \u00e5 se innholdet, m\u00e5 du endre samtykket ditt.<\/p>\n\n<p>Les mer om hvordan dataen din blir behandlet av eksterne kilder i personvernerkl\u00e6ringen v\u00e5r.<\/p>\n\t\t\t\t\t\t<p>\n\t\t\t\t\t\t\t<a title=\"Endre samtykke\" class=\"dekode-gtm-cookiebot-renew\" href=\"#\">Endre samtykke<\/a>\n\t\t\t\t\t\t\t\n\t\t\t\t\t\t<\/p>\n\t\t\t\t\t<\/div>\n\t\t\t\t<\/div>\n\t\t\t<\/div>\n\t\t<\/div>\n<\/div><figcaption class=\"wp-element-caption\">0.42: Velkommen   4.14:Hvordan skaper vi en innovasjonskultur?  21.13: BaseCamp: nyskapende samarbeid i praksis  30.24: Se de usynlige ungdommene   52.40: Kulturinnslag fra St. Jakob kirken i Bergen 58.46: Snakkekort som metode    1.13.08: Nyskapende m\u00f8teplasser for ungdom (Forandringshuset og Gamingpresten)   1.27.55: Diakonalt ungdomsarbeid: tips og r\u00e5d til menigheter (Ukirke Stavanger og Fredheim Arena)   1.44.28: Takk for i dag. <\/figcaption><\/figure>\n\n\n\n<p>Program (klikk p\u00e5 lenken for \u00e5 sendes direkte til den delen av opptaket):<\/p>\n\n\n\n<p><\/p>\n\n\n\n<p>Her finner du powerpointpresentasjoner og nyttige lenker. <\/p>\n\n\n\n<div class=\"wp-block-media-text alignwide is-stacked-on-mobile\" style=\"grid-template-columns:29% auto\"><figure class=\"wp-block-media-text__media\"><img decoding=\"async\" src=\"https:\/\/www.blakors.no\/content\/uploads\/2020\/08\/Lars-kobro-5.jpg\" alt=\"\" class=\"wp-image-14559 size-full\"\/><\/figure><div class=\"wp-block-media-text__content\">\n<p><strong>Lars Kobro<\/strong> er en av de ledende forskerne i Norge innen innovasjon. Han holdt foredraget: <em>Hvordan skape kultur for innovasjon? Syv sprang mot en mer innovativ virksomhet. <\/em>Les ogs\u00e5 <a href=\"https:\/\/www.helsebiblioteket.no\/kvalitetsforbedring\/metoder-og-verktoy\/veileder-til-ledere-som-vil-skape-en-innovasjonskultur#tips\" target=\"_blank\" rel=\"noopener\">31 tips til ledere som vil skape en innovasjonskultur<\/a>.<\/p>\n\n\n\n\t\t<div class=\"wp-block-lib-accentuated-link\">\n\t\t\t<a class=\"lib-link__link\" href=\"https:\/\/www.blakors.no\/content\/uploads\/2020\/10\/Lars-Kobro-Hvordan-skape-innovasjonskultur.pptx\" target=\"\" rel=\"\">\n\t\t\t\t\n\t\t\t\t<div class=\"lib-link__text-content\">\n\t\t\t\t\t<span class=\"lib-link__tagline\">\n\t\t\t\t\t\tlast ned\n\t\t\t\t\t<\/span>\n\n\t\t\t\t\t<h3 class=\"lib-link__title\">\n\t\t\t\t\t\tForedragspresentasjon\n\t\t\t\t\t<\/h3>\n\n\t\t\t\t\t\n\t\t\t<span class=\"lib-link__link-source\">\n\t\t\t\tpptx\n\t\t\t\t<svg xmlns=\"http:\/\/www.w3.org\/2000\/svg\" viewBox=\"0 0 24 24\" height=\"24\" width=\"24\" class=\"t2-icon t2-icon-filedownload\" aria-hidden=\"true\" focusable=\"false\"><path d=\"M12 15.6c-.1 0-.3 0-.4-.1-.1 0-.2-.1-.3-.2l-3.6-3.6c-.2-.2-.3-.4-.3-.7s.1-.5.3-.7c.2-.2.4-.3.7-.3.3 0 .5.1.7.3l1.9 1.9V5c0-.3.1-.5.3-.7.2-.2.4-.3.7-.3s.5.1.7.3c.2.2.3.4.3.7v7.2l1.9-1.9c.2-.2.4-.3.7-.3.3 0 .5.1.7.3.2.2.3.4.3.7s-.1.5-.3.7l-3.6 3.6c-.1.1-.2.2-.3.2-.1.1-.3.1-.4.1zM6 20c-.5 0-1-.2-1.4-.6S4 18.6 4 18v-2c0-.3.1-.5.3-.7.2-.2.4-.3.7-.3s.5.1.7.3c.2.2.3.4.3.7v2h12v-2c0-.3.1-.5.3-.7.2-.2.4-.3.7-.3s.5.1.7.3c.2.2.3.4.3.7v2c0 .6-.2 1-.6 1.4s-.8.6-1.4.6H6z\" fill=\"currentColor\" \/><\/svg>\n\t\t\t<\/span>\n\t\t\t\t<\/div>\n\t\t\t<\/a>\n\t\t<\/div><\/div><\/div>\n\n\n\n<div class=\"wp-block-media-text alignwide is-stacked-on-mobile\" style=\"grid-template-columns:30% auto\"><figure class=\"wp-block-media-text__media\"><img decoding=\"async\" src=\"https:\/\/www.blakors.no\/content\/uploads\/2020\/10\/Ole-tobias-privat-bilde-1024x691.jpg\" alt=\"\" class=\"wp-image-17250 size-full\"\/><\/figure><div class=\"wp-block-media-text__content\">\n<p><strong>Ole Tobias Mehn-Andersen,<\/strong> brukerr\u00e5det til <a href=\"https:\/\/www.blakors.no\/kompasset\/\">Bl\u00e5 Kors kompasset<\/a>, et landsdekkende gratis tilbud til unge som har vokst opp i et hjem med alkohol- eller andre rusproblemer. <\/p>\n\n\n\n<p>Er du bekymret for et barn eller ungdom? Her f\u00e5r du <a href=\"https:\/\/www.blakors.no\/fagside\/bekymret-for-et-barn-veileder\/\">5 gode r\u00e5d. <\/a><\/p>\n<\/div><\/div>\n\n\n\n<div class=\"wp-block-media-text alignwide is-stacked-on-mobile\" style=\"grid-template-columns:30% auto\"><figure class=\"wp-block-media-text__media\"><img decoding=\"async\" src=\"https:\/\/www.blakors.no\/content\/uploads\/2020\/09\/Hiwot-Hailu.jpg\" alt=\"\" class=\"wp-image-16061 size-full\"\/><\/figure><div class=\"wp-block-media-text__content\">\n<p><strong>Hiwot Hailu,<\/strong> leder ved <a href=\"https:\/\/forandringshuset.no\/\" target=\"_blank\" rel=\"noopener\">KFUK-KFUM Forandringshuset<\/a> Haugesund, fortalte om hvordan de bruker &laquo;troverdige ambassad\u00f8rer&raquo; for \u00e5 rekruttere mer mangfoldig.<\/p>\n\n\n\n\t\t<div class=\"wp-block-lib-accentuated-link\">\n\t\t\t<a class=\"lib-link__link\" href=\"https:\/\/www.blakors.no\/content\/uploads\/2020\/10\/Hiwot-Hailu-Forandringshuset-presentasjon.pptx\" target=\"\" rel=\"\">\n\t\t\t\t\n\t\t\t\t<div class=\"lib-link__text-content\">\n\t\t\t\t\t<span class=\"lib-link__tagline\">\n\t\t\t\t\t\tse ogs\u00e5\n\t\t\t\t\t<\/span>\n\n\t\t\t\t\t<h3 class=\"lib-link__title\">\n\t\t\t\t\t\tPresentasjon av Forandringshuset\n\t\t\t\t\t<\/h3>\n\n\t\t\t\t\t\n\t\t\t<span class=\"lib-link__link-source\">\n\t\t\t\tpptx\n\t\t\t\t<svg xmlns=\"http:\/\/www.w3.org\/2000\/svg\" viewBox=\"0 0 24 24\" height=\"24\" width=\"24\" class=\"t2-icon t2-icon-filedownload\" aria-hidden=\"true\" focusable=\"false\"><path d=\"M12 15.6c-.1 0-.3 0-.4-.1-.1 0-.2-.1-.3-.2l-3.6-3.6c-.2-.2-.3-.4-.3-.7s.1-.5.3-.7c.2-.2.4-.3.7-.3.3 0 .5.1.7.3l1.9 1.9V5c0-.3.1-.5.3-.7.2-.2.4-.3.7-.3s.5.1.7.3c.2.2.3.4.3.7v7.2l1.9-1.9c.2-.2.4-.3.7-.3.3 0 .5.1.7.3.2.2.3.4.3.7s-.1.5-.3.7l-3.6 3.6c-.1.1-.2.2-.3.2-.1.1-.3.1-.4.1zM6 20c-.5 0-1-.2-1.4-.6S4 18.6 4 18v-2c0-.3.1-.5.3-.7.2-.2.4-.3.7-.3s.5.1.7.3c.2.2.3.4.3.7v2h12v-2c0-.3.1-.5.3-.7.2-.2.4-.3.7-.3s.5.1.7.3c.2.2.3.4.3.7v2c0 .6-.2 1-.6 1.4s-.8.6-1.4.6H6z\" fill=\"currentColor\" \/><\/svg>\n\t\t\t<\/span>\n\t\t\t\t<\/div>\n\t\t\t<\/a>\n\t\t<\/div>\n\n\n<p>D\u00e5rlig \u00f8konomi kan ogs\u00e5 v\u00e6re et hinder. Bruk <a href=\"https:\/\/www.allemed.no\/verktoykasse\/frivillige-organisasjoner\" target=\"_blank\" rel=\"noopener\">dialogverkt\u00f8yet ALLEmed <\/a>for \u00e5&nbsp;gi flere barn og unge mulighet til \u00e5 delta i fritidsaktivitet.<\/p>\n<\/div><\/div>\n\n\n\n<ul class=\"wp-block-list\">\n<li><strong>Ingeborg \u00d8rjas\u00e6ter <\/strong>fortalte om den rykende ferske ressursen <a href=\"https:\/\/www.blakors.no\/for-barn-og-ungdom\/snakkekort\/\">Bl\u00e5 Kors Snakkekort<\/a>, en kortstokk med sp\u00f8rsm\u00e5l og dilemma om aktuelle tema i ungdommers liv: alkohol, rus, sosiale medier, gaming, mobbing og seksualitet. <\/li>\n\n\n\n<li><strong>Jon Andreas Tjentland<\/strong> er ungdomsdiakon og daglig leder for<a href=\"https:\/\/www.basecamp-sotra.no\/\" target=\"_blank\" rel=\"noopener\"> BaseCamp Sotra<\/a>.<\/li>\n\n\n\n<li><strong>Lars Ivar Brattsberg<\/strong> driver youtubekanalen <a href=\"https:\/\/www.youtube.com\/channel\/UCKbsZM9i8YWCDY_RgZwIuOA\" target=\"_blank\" rel=\"noopener\">Gamingpresten<\/a>. Han oppfordrer menigheter til \u00e5 arrangere LAN (det vil si, \u00e5 invitere til at spillere m\u00f8tes for \u00e5 spille sammen p\u00e5 et lokalt nettverk). Se ogs\u00e5 Bl\u00e5 Kors sin temaside <a href=\"https:\/\/www.blakors.no\/fagside\/gaming-og-dataspilling\/\">Gaming &#8211; til bekymring og begeistring <\/a><\/li>\n\n\n\n<li><strong>Anne Margrethe Ree Sunde <\/strong>ved <a href=\"https:\/\/www.facebook.com\/ukirkestavanger\" target=\"_blank\" rel=\"noreferrer noopener\">U-kirke Stavanger<\/a> og <strong>Astrid Mong Gard<\/strong> ved <a href=\"http:\/\/fredheimarena.no\/menighet\/\" target=\"_blank\" rel=\"noopener\">Fredheim Arena<\/a> gav tips og grep til diakonalt menighetsarbeid med ungdommer og unge voksne.<\/li>\n<\/ul>\n\n\n\n<div class=\"custom-block-cta no-icon\">\n\t<div class=\"text-button-container\"><div class=\"text\">Vil du se flere ressurser og tips til deg som jobber i menighet?<\/div><div class=\"wp-block-button is-style-primary\"><a class=\"wp-block-button__link\" href=\"https:\/\/www.blakors.no\/ressursbank\/menighet\/\" target=\"\">Klikk her<\/a><\/div><\/div><\/div>\n\n\n\n<p><a href=\"https:\/\/www.blakors.no\/ressursbank\/nyskapende-arbeid-med-unge\/\">Konferansene om nyskapende diakonalt arbeid<\/a> st\u00f8ttes \u00f8konomisk av Helsedirektoratet og Kirker\u00e5det for Den norske kirke.<\/p>\n\n<div class=\"dekode-module-was-this-helpful\">\n\t<div class=\"\">\n\t\t<h2>Var dette nyttig?<\/h2>\n\t\t<form id=\"dekode-wth-form\">\n\t\t\t<button id=\"dekode-wth-yes\" class=\"button\" name=\"dekode-wth-feedback\" type=\"submit\"\n\t\t\t\t\tvalue=\"1\">Ja<\/button>\n\t\t\t<button id=\"dekode-wth-no\" class=\"button\" name=\"dekode-wth-feedback\" type=\"submit\"\n\t\t\t\t\tvalue=\"0\">Nei<\/button>\n\t\t\t<input type=\"hidden\" name=\"post_id\" value=\"1264\"\/>\n\t\t<\/form>\n\t<\/div>\n<\/div>\n","protected":false},"excerpt":{"rendered":"<p>I denne konferansen f\u00e5r du blant annet r\u00e5d om hvordan skape en kultur for innovasjon, historier og r\u00e5d om hvordan fange opp ungdom som faller utenfor, gode eksempler p\u00e5 nyskapende og diakonalt ungdomsarbeid. Program (klikk p\u00e5 lenken for \u00e5 sendes direkte til den delen av opptaket): Her finner du powerpointpresentasjoner og nyttige lenker. Ole Tobias [&hellip;]<\/p>\n","protected":false},"author":21,"featured_media":1267,"parent":0,"menu_order":0,"comment_status":"closed","ping_status":"closed","template":"","meta":{"_acf_changed":false,"_relevanssi_hide_post":"","_relevanssi_hide_content":"","_relevanssi_pin_for_all":"","_relevanssi_pin_keywords":"","_relevanssi_unpin_keywords":"","_relevanssi_related_keywords":"","_relevanssi_related_include_ids":"","_relevanssi_related_exclude_ids":"","_relevanssi_related_no_append":"","_relevanssi_related_not_related":"","_relevanssi_related_posts":"998,1","_relevanssi_noindex_reason":"","_custom_cards_description":"","footnotes":""},"class_list":["post-1264","page","type-page","status-publish","has-post-thumbnail","hentry"],"acf":[],"_links":{"self":[{"href":"https:\/\/www.blakors.no\/ressursbank\/wp-json\/wp\/v2\/pages\/1264","targetHints":{"allow":["GET"]}}],"collection":[{"href":"https:\/\/www.blakors.no\/ressursbank\/wp-json\/wp\/v2\/pages"}],"about":[{"href":"https:\/\/www.blakors.no\/ressursbank\/wp-json\/wp\/v2\/types\/page"}],"author":[{"embeddable":true,"href":"https:\/\/www.blakors.no\/ressursbank\/wp-json\/wp\/v2\/users\/21"}],"replies":[{"embeddable":true,"href":"https:\/\/www.blakors.no\/ressursbank\/wp-json\/wp\/v2\/comments?post=1264"}],"version-history":[{"count":5,"href":"https:\/\/www.blakors.no\/ressursbank\/wp-json\/wp\/v2\/pages\/1264\/revisions"}],"predecessor-version":[{"id":11115,"href":"https:\/\/www.blakors.no\/ressursbank\/wp-json\/wp\/v2\/pages\/1264\/revisions\/11115"}],"wp:featuredmedia":[{"embeddable":true,"href":"https:\/\/www.blakors.no\/ressursbank\/wp-json\/wp\/v2\/media\/1267"}],"wp:attachment":[{"href":"https:\/\/www.blakors.no\/ressursbank\/wp-json\/wp\/v2\/media?parent=1264"}],"curies":[{"name":"wp","href":"https:\/\/api.w.org\/{rel}","templated":true}]}}