{"id":244,"date":"2021-04-12T14:38:58","date_gmt":"2021-04-12T12:38:58","guid":{"rendered":"https:\/\/www.blakors.no\/ressursbank\/?page_id=244"},"modified":"2025-07-30T08:44:28","modified_gmt":"2025-07-30T06:44:28","slug":"bestill-foredrag-om-gaming","status":"publish","type":"page","link":"https:\/\/www.blakors.no\/ressursbank\/bestill-foredrag-om-gaming\/","title":{"rendered":"Foredrag om gaming"},"content":{"rendered":"<div class=\"custom-block-banner alignwide contenthalf\"><div class=\"banner-image\" style=\"background-image:url(https:\/\/www.blakors.no\/content\/uploads\/sites\/22\/2021\/06\/Dataspilling-problem-Bl\u00e5-Kors-1024x608.png)\"><\/div><div class=\"banner-inner\"><div><h1 id=\"vil-du-ha-gamingforedrag-pa-din-skole\"  class=\"title small \" >Vil du ha gamingforedrag p\u00e5 din skole? <\/h1><p>Mange foreldre er usikre p\u00e5 hvordan de skal h\u00e5ndtere barnas digitale hverdag og dataspilling. Bestill foredrag til din skole, enten fysisk eller digitalt.\r\n\r\n\r\n<\/p><\/div><\/div><\/div>\n\n\n<h2 id=\"bestill-foredrag-om-gaming\"  class=\"wp-block-heading\" >Bestill foredrag om gaming<\/h2>\n\n\n\n<p>Dataspilling er til stor glede for barn, unge og voksne. Samtidig er gaming en kilde til konflikt i mange hjem, og kan skape problemer b\u00e5de hos spilleren og de rundt spilleren. <\/p>\n\n\n\n<p>Bl\u00e5 Kors og Barnevakten har utviklet foredrag om gaming til b\u00e5de barneskolen og ungdomsskolen. Foredraget kan gjennomf\u00f8res fysisk eller digitalt. Klikk p\u00e5 lenkene nedenfor for \u00e5 lese mer om foredraget, priser og bestilling p\u00e5 Barnevakten sine nettsider (\u00e5pnes i nye fane):<\/p>\n\n\n\n<div class=\"wp-block-buttons is-layout-flex wp-block-buttons-is-layout-flex\">\n<div class=\"wp-block-button is-style-fill\"><a class=\"wp-block-button__link has-blue-dark-background-color has-background wp-element-button\" href=\"https:\/\/www.barnevakten.no\/foredrag\/foredragstilbud\/skole\/gamingforedrag\/\" target=\"_blank\" rel=\"noreferrer noopener\">Bestill foredrag &#8211; barneskole<\/a><\/div>\n<\/div>\n\n\n\n<div class=\"wp-block-buttons is-layout-flex wp-block-buttons-is-layout-flex\">\n<div class=\"wp-block-button\"><a class=\"wp-block-button__link has-blue-dark-background-color has-background wp-element-button\" href=\"https:\/\/www.barnevakten.no\/foredrag-ungdomsskole\/gamingkveld-ung-pa-nett\/\" target=\"_blank\" rel=\"noreferrer noopener\">Bestill foredrag &#8211; ungdomsskole<\/a><\/div>\n<\/div>\n\n\n\n<h3 class=\"wp-block-heading\" id=\"tema-i-foredraget\"><strong>Tema i foredrage<\/strong>t:<\/h3>\n\n\n\n<ul class=\"wp-block-list\">\n<li>Hva er positivt med dataspill og hva kan v\u00e6re utfordrende?<\/li>\n\n\n\n<li>Smarte valg og gode rammer for barn og ungdom som gamer.<\/li>\n\n\n\n<li>Tips og praktiske r\u00e5d for \u00e5 engasjere deg i barnas spilling.<\/li>\n\n\n\n<li>Mulighet for dialog og sp\u00f8rsm\u00e5l.<\/li>\n<\/ul>\n\n\n\n<div class=\"wp-block-group has-brown-light-background-color has-background is-layout-constrained wp-block-group-is-layout-constrained\">\n<h3 id=\"visste-du-at\"  class=\"wp-block-heading\" ><strong>Visste du at?<\/strong><\/h3>\n\n\n\n<p><strong>3 av 4 barn spiller<\/strong> <strong>dataspill<\/strong>, if\u00f8lge Medietilsynets unders\u00f8kelser (Barn og Medier, 2022). Samtidig kjenner omtrent halvparten av foreldre p\u00e5 en bekymring omkring barnas spilling (Ipsos\/Bl\u00e5 Kors, 2021). Foreldre kan bekymre seg for tidsbruk, uegna innhold eller til og med spillavhengighet.<\/p>\n<\/div>\n\n\n\n<h2 id=\"snakk-om-gaming-pa-foreldremotet\"  class=\"wp-block-heading\" >Snakk om gaming p\u00e5 foreldrem\u00f8tet<\/h2>\n\n\n\n<p>Bl\u00e5 Kors har ogs\u00e5 utviklet <a href=\"https:\/\/www.blakors.no\/ressursbank\/tips-og-praktiske-rad-for-a-engasjere-deg-i-ungdommens-spilling\/\">samtaleressurser om gaming til foreldrem\u00f8tet<\/a> &#8211; med videoer, quiz og samtalekort om gaming du kan fritt ta i bruk. Kombiner gjerne dette med samtaler om barns digitale liv, sosiale medier eller lignende. <\/p>\n\n\n\n<figure class=\"wp-block-embed dekode-gtm-iframe-preview is-type-video is-provider-youtube wp-block-embed-youtube wp-embed-aspect-16-9 wp-has-aspect-ratio\"><div class=\"wp-block-embed__wrapper\">\n <iframe title=\"Snakk med barnet om spillet\" width=\"500\" height=\"281\" data-cookieconsent=\"marketing\" data-cookieblock-src=\"https:\/\/www.youtube.com\/embed\/Rntl0hPUkzg?feature=oembed\"  allow=\"accelerometer; autoplay; clipboard-write; encrypted-media; gyroscope; picture-in-picture; web-share\" referrerpolicy=\"strict-origin-when-cross-origin\" allowfullscreen sandbox=\"allow-scripts allow-same-origin allow-popups allow-presentation allow-popups-to-escape-sandbox\"><\/iframe>\n\t\t<div class=\"cookieconsent-optout-marketing dekode-gtm-cookie-consent-video-placeholder\">\n\t\t\t<div class=\"dekode-gtm-cookie-consent is-block-core-embed is-provider-youtube\">\n\t\t\t\t\n\t\t\t<img decoding=\"async\" src=\"https:\/\/i.ytimg.com\/vi\/\/hqdefault.jpg\" alt=\"youtube\" \/>\n\t\t\t\t<div class=\"overlay\">\n\t\t\t\t\t<div class=\"cookie-info\">\n\t\t\t\t\t\t<h2 id=\"her-ligger-det-medieinnhold-fra-en-ekstern-kilde\"  >Her ligger det medieinnhold fra en ekstern kilde. <\/h2> \n\n<p>For \u00e5 se innholdet, m\u00e5 du endre samtykket ditt.<\/p>\n\n<p>Les mer om hvordan dataen din blir behandlet av eksterne kilder i personvernerkl\u00e6ringen v\u00e5r.<\/p>\n\t\t\t\t\t\t<p>\n\t\t\t\t\t\t\t<a title=\"Endre samtykke\" class=\"dekode-gtm-cookiebot-renew\" href=\"#\">Endre samtykke<\/a>\n\t\t\t\t\t\t\t\n\t\t\t\t\t\t<\/p>\n\t\t\t\t\t<\/div>\n\t\t\t\t<\/div>\n\t\t\t<\/div>\n\t\t<\/div>\n<\/div><figcaption class=\"wp-element-caption\">Eksempel p\u00e5 en av filmene som kan brukes som samtalestarter p\u00e5 foreldrem\u00f8tet<\/figcaption><\/figure>\n\n\n\n<h3 class=\"wp-block-heading\" id=\"h-sporsmal\"><strong>Sp\u00f8rsm\u00e5l?<\/strong><\/h3>\n\n\n\n<p>Ta kontakt med oss! Se ogs\u00e5 v\u00e5re temasider med innsikt om <a href=\"https:\/\/www.blakors.no\/fagside\/gaming-og-dataspilling\/\">barn og gaming<\/a> og <a href=\"https:\/\/www.blakors.no\/fagside\/dataspillavhengighet\/\">dataspillavhengighet<\/a>.<\/p>\n\n\n<div class=\"wp-block-blakors-person-cards\">\n\t\t\t\n<div class=\"t2-featured-single-post compact-card-template t2-featured-content is-post-type-person compact-card-template wp-block-t2-featured-single-post\"><figure style=\"--t2-focal-point: 50% 50%;\" class=\"t2-post-featured-image has-image-ratio-1-1 wp-block-t2-post-featured-image\"><img loading=\"lazy\" decoding=\"async\" width=\"940\" height=\"1024\" src=\"https:\/\/www.blakors.no\/content\/uploads\/sites\/22\/2021\/05\/Hanne-Backe-Hansen-Bl\u00e5-Kors.jpg\" class=\"attachment-post-thumbnail size-post-thumbnail wp-post-image\" alt=\"Bilde av Hanne Backe-Hansen, r\u00e5dgiver i Bl\u00e5 Kors\" srcset=\"https:\/\/www.blakors.no\/content\/uploads\/sites\/22\/2021\/05\/Hanne-Backe-Hansen-Bl\u00e5-Kors.jpg 940w, https:\/\/www.blakors.no\/content\/uploads\/sites\/22\/2021\/05\/Hanne-Backe-Hansen-Bl\u00e5-Kors-275x300.jpg 275w, https:\/\/www.blakors.no\/content\/uploads\/sites\/22\/2021\/05\/Hanne-Backe-Hansen-Bl\u00e5-Kors-768x837.jpg 768w\" sizes=\"auto, (min-width: 782px) 768px, 100vw\" \/><\/figure>\n\n<div class=\"wp-block-group alignfull is-layout-flow wp-block-group-is-layout-flow\">\n\t<div class=\"t2-post-dynamic-part is-source-filter filter-person_card_meta post-meta wp-block-t2-post-dynamic-part\"><div class=\"title\"><h2 id=\"hanne-backe-hansen\"  class=\"t2-post-title wp-block-t2-post-title\" >Hanne Backe-Hansen<\/h2><p class=\"position\">R\u00e5dgiver Forebygging<\/p><\/div><div class=\"contact-info\"><p class=\"phone\"><a href=\"tel:+4795074452\">+47 950 74 452<\/a><\/p><p class=\"email\"><a href=\"mailto:hanne.backe-hansen@blakors.no\">hanne.backe-hansen@blakors.no<\/a><\/p><\/div><\/div>\n<\/div>\n\n<\/div>\n\n\t\t<\/div>\n\n\n<h2 class=\"wp-block-heading alignwide\" id=\"h-relaterte-ressurser\">Relatert innhold<\/h2>\n\n\n<div class=\"t2-featured-content-layout alignwide alignwide wp-block-t2-featured-content-layout\" role=\"list\">\n<div class=\"t2-featured-single-post t2-featured-content show-description is-post-type-page wp-block-t2-featured-single-post\" role=\"listitem\"><a class=\"t2-post-link wp-block-t2-post-link\" href=\"https:\/\/www.blakors.no\/ressursbank\/en-dokumentarserie-om-gaming\/\">\n<figure style=\"--t2-focal-point: 50% 50%;\" class=\"t2-post-featured-image has-image-ratio-16-9 wp-block-t2-post-featured-image\"><img loading=\"lazy\" decoding=\"async\" width=\"1033\" height=\"636\" src=\"https:\/\/www.blakors.no\/content\/uploads\/sites\/22\/2021\/04\/erling.jpg\" class=\"attachment-post-thumbnail size-post-thumbnail wp-post-image\" alt=\"Erling er en stjerne i spillverden\" srcset=\"https:\/\/www.blakors.no\/content\/uploads\/sites\/22\/2021\/04\/erling.jpg 1033w, https:\/\/www.blakors.no\/content\/uploads\/sites\/22\/2021\/04\/erling-300x185.jpg 300w, https:\/\/www.blakors.no\/content\/uploads\/sites\/22\/2021\/04\/erling-1024x630.jpg 1024w, https:\/\/www.blakors.no\/content\/uploads\/sites\/22\/2021\/04\/erling-768x473.jpg 768w\" sizes=\"auto, (min-width: 782px) 768px, 100vw\" \/><\/figure>\n\n<div class=\"wp-block-group alignfull is-layout-flow wp-block-group-is-layout-flow\">\n\t<h2 id=\"dokumentar-om-gaming-en-innforing-til-gaminguniverset\"  class=\"t2-post-title wp-block-t2-post-title\" >Dokumentar om gaming &#8211; en innf\u00f8ring til gaminguniverset<\/h2>\n\t<div class=\"wp-block-post-date__modified-date wp-block-post-date\"><time datetime=\"2025-05-26T09:57:44+02:00\">26. mai 2025<\/time><\/div>\n\t\t\t<div class=\"single-meta t2-post-excerpt card-description wp-block-blakors-meta-display\"><\/div>\n\t\n<\/div>\n\n<\/a>\n<\/div>\n\n<div class=\"t2-featured-single-post t2-featured-content show-description is-post-type-page wp-block-t2-featured-single-post\" role=\"listitem\"><a class=\"t2-post-link wp-block-t2-post-link\" href=\"https:\/\/www.blakors.no\/ressursbank\/samtaleopplegg-for-voksne-og-barn-om-nett-og-spill\/\">\n<figure style=\"--t2-focal-point: 50% 50%;\" class=\"t2-post-featured-image has-image-ratio-16-9 wp-block-t2-post-featured-image\"><img loading=\"lazy\" decoding=\"async\" width=\"648\" height=\"443\" src=\"https:\/\/www.blakors.no\/content\/uploads\/sites\/22\/2021\/04\/Skjermbilde.png\" class=\"attachment-post-thumbnail size-post-thumbnail wp-post-image\" alt=\"\" srcset=\"https:\/\/www.blakors.no\/content\/uploads\/sites\/22\/2021\/04\/Skjermbilde.png 648w, https:\/\/www.blakors.no\/content\/uploads\/sites\/22\/2021\/04\/Skjermbilde-300x205.png 300w\" sizes=\"auto, (min-width: 782px) 768px, 100vw\" \/><\/figure>\n\n<div class=\"wp-block-group alignfull is-layout-flow wp-block-group-is-layout-flow\">\n\t<h2 id=\"hvordan-hjelpe-barn-a-fa-en-trygg-digital-hverdag\"  class=\"t2-post-title wp-block-t2-post-title\" >Hvordan hjelpe barn \u00e5 f\u00e5 en trygg digital hverdag?<\/h2>\n\t<div class=\"wp-block-post-date__modified-date wp-block-post-date\"><time datetime=\"2025-05-26T10:04:04+02:00\">26. mai 2025<\/time><\/div>\n\t\t\t<div class=\"single-meta t2-post-excerpt card-description wp-block-blakors-meta-display\"><\/div>\n\t\n<\/div>\n\n<\/a>\n<\/div>\n\n<div class=\"t2-featured-single-post t2-featured-content show-description is-post-type-page wp-block-t2-featured-single-post\" role=\"listitem\"><a class=\"t2-post-link wp-block-t2-post-link\" href=\"https:\/\/www.blakors.no\/ressursbank\/snakkekort\/\">\n<figure style=\"--t2-focal-point: 50% 50%;\" class=\"t2-post-featured-image has-image-ratio-16-9 wp-block-t2-post-featured-image\"><img loading=\"lazy\" decoding=\"async\" width=\"478\" height=\"481\" src=\"https:\/\/www.blakors.no\/content\/uploads\/sites\/22\/2024\/03\/Snakkekort-mobil.jpg\" class=\"attachment-post-thumbnail size-post-thumbnail wp-post-image\" alt=\"\" srcset=\"https:\/\/www.blakors.no\/content\/uploads\/sites\/22\/2024\/03\/Snakkekort-mobil.jpg 478w, https:\/\/www.blakors.no\/content\/uploads\/sites\/22\/2024\/03\/Snakkekort-mobil-298x300.jpg 298w, https:\/\/www.blakors.no\/content\/uploads\/sites\/22\/2024\/03\/Snakkekort-mobil-150x150.jpg 150w, https:\/\/www.blakors.no\/content\/uploads\/sites\/22\/2024\/03\/Snakkekort-mobil-200x200.jpg 200w\" sizes=\"auto, (min-width: 782px) 768px, 100vw\" \/><\/figure>\n\n<div class=\"wp-block-group alignfull is-layout-flow wp-block-group-is-layout-flow\">\n\t<h2 id=\"snakkekort\"  class=\"t2-post-title wp-block-t2-post-title\" >Snakkekort<\/h2>\n\t<div class=\"wp-block-post-date__modified-date wp-block-post-date\"><time datetime=\"2026-04-23T11:15:18+02:00\">23. april 2026<\/time><\/div>\n\t\t\t<div class=\"single-meta t2-post-excerpt card-description wp-block-blakors-meta-display\">Samtaleverkt\u00f8y om alkohol, psykisk helse, ungdomstid og mer<\/div>\n\t\n<\/div>\n\n<\/a>\n<\/div>\n<\/div>\n\n\n<div style=\"height:50px\" aria-hidden=\"true\" class=\"wp-block-spacer\"><\/div>\n\n\n\n<div class=\"wp-block-lib-header alignfull hide\"><div class=\"image-wrapper\"><img decoding=\"async\" src=\"https:\/\/www.blakors.no\/content\/uploads\/sites\/22\/2021\/06\/Dataspilling-problem-Bl\u00e5-Kors.png\"\/><\/div><div class=\"header-innercontent\">\n\n<\/div><\/div>\n\n<div class=\"dekode-module-was-this-helpful\">\n\t<div class=\"\">\n\t\t<h2>Var dette nyttig?<\/h2>\n\t\t<form id=\"dekode-wth-form\">\n\t\t\t<button id=\"dekode-wth-yes\" class=\"button\" name=\"dekode-wth-feedback\" type=\"submit\"\n\t\t\t\t\tvalue=\"1\">Ja<\/button>\n\t\t\t<button id=\"dekode-wth-no\" class=\"button\" name=\"dekode-wth-feedback\" type=\"submit\"\n\t\t\t\t\tvalue=\"0\">Nei<\/button>\n\t\t\t<input type=\"hidden\" name=\"post_id\" value=\"244\"\/>\n\t\t<\/form>\n\t<\/div>\n<\/div>\n","protected":false},"excerpt":{"rendered":"<p>Bestill foredrag om gaming Dataspilling er til stor glede for barn, unge og voksne. Samtidig er gaming en kilde til konflikt i mange hjem, og kan skape problemer b\u00e5de hos spilleren og de rundt spilleren. Bl\u00e5 Kors og Barnevakten har utviklet foredrag om gaming til b\u00e5de barneskolen og ungdomsskolen. Foredraget kan gjennomf\u00f8res fysisk eller digitalt. [&hellip;]<\/p>\n","protected":false},"author":11,"featured_media":1080,"parent":0,"menu_order":0,"comment_status":"closed","ping_status":"closed","template":"","meta":{"_acf_changed":false,"_relevanssi_hide_post":"","_relevanssi_hide_content":"","_relevanssi_pin_for_all":"","_relevanssi_pin_keywords":"","_relevanssi_unpin_keywords":"","_relevanssi_related_keywords":"","_relevanssi_related_include_ids":"","_relevanssi_related_exclude_ids":"","_relevanssi_related_no_append":"","_relevanssi_related_not_related":"","_relevanssi_related_posts":"1","_relevanssi_noindex_reason":"","_custom_cards_description":"","footnotes":""},"class_list":["post-244","page","type-page","status-publish","has-post-thumbnail","hentry"],"acf":[],"_links":{"self":[{"href":"https:\/\/www.blakors.no\/ressursbank\/wp-json\/wp\/v2\/pages\/244","targetHints":{"allow":["GET"]}}],"collection":[{"href":"https:\/\/www.blakors.no\/ressursbank\/wp-json\/wp\/v2\/pages"}],"about":[{"href":"https:\/\/www.blakors.no\/ressursbank\/wp-json\/wp\/v2\/types\/page"}],"author":[{"embeddable":true,"href":"https:\/\/www.blakors.no\/ressursbank\/wp-json\/wp\/v2\/users\/11"}],"replies":[{"embeddable":true,"href":"https:\/\/www.blakors.no\/ressursbank\/wp-json\/wp\/v2\/comments?post=244"}],"version-history":[{"count":5,"href":"https:\/\/www.blakors.no\/ressursbank\/wp-json\/wp\/v2\/pages\/244\/revisions"}],"predecessor-version":[{"id":9380,"href":"https:\/\/www.blakors.no\/ressursbank\/wp-json\/wp\/v2\/pages\/244\/revisions\/9380"}],"wp:featuredmedia":[{"embeddable":true,"href":"https:\/\/www.blakors.no\/ressursbank\/wp-json\/wp\/v2\/media\/1080"}],"wp:attachment":[{"href":"https:\/\/www.blakors.no\/ressursbank\/wp-json\/wp\/v2\/media?parent=244"}],"curies":[{"name":"wp","href":"https:\/\/api.w.org\/{rel}","templated":true}]}}