{"id":307,"date":"2021-04-19T05:36:37","date_gmt":"2021-04-19T03:36:37","guid":{"rendered":"https:\/\/www.blakors.no\/ressursbank\/?page_id=307"},"modified":"2025-07-30T08:44:48","modified_gmt":"2025-07-30T06:44:48","slug":"nyskapende-arbeid-med-unge","status":"publish","type":"page","link":"https:\/\/www.blakors.no\/ressursbank\/nyskapende-arbeid-med-unge\/","title":{"rendered":"Nyskapende arbeid med unge"},"content":{"rendered":"\n<div class=\"wp-block-lib-header alignfull hide\"><div class=\"image-wrapper\"><img decoding=\"async\" src=\"https:\/\/www.blakors.no\/content\/uploads\/sites\/22\/2021\/04\/3-scaled.jpg\" alt=\"header\"\/><\/div><div class=\"header-innercontent\"><\/div><\/div>\n\n\n<div class=\"custom-block-banner alignwide contenthalf\"><div class=\"banner-image\" style=\"background-image:url(https:\/\/www.blakors.no\/content\/uploads\/sites\/22\/2021\/04\/3-1024x683.jpg)\"><\/div><div class=\"banner-inner\"><div><h1 id=\"slik-starter-du-opp-barne-og-ungdomsarbeid\"  class=\"title small \" >Slik starter du opp barne- og ungdomsarbeid<\/h1><p>Barn og unge trenger trygge fellesskap mer enn noensinne. Vi har samlet verkt\u00f8y og inspirasjon slik at kirker, kommuner og frivilligheten sammen kan skape resultater.<\/p><\/div><\/div><\/div>\n\n<h2 id=\"sammendrag\"  >Sammendrag<\/h2><div class=\"t2-accordion wp-block-t2-accordion\" data-allow-multiple=\"1\" role=\"list\"><div class=\"t2-accordion-item wp-block-t2-accordion-item\" role=\"listitem\">\n\t\t\t<h3 class=\"t2-accordion-title\">\n\t\t\t\t<button type=\"button\" class=\"t2-accordion-trigger\" id=\"hva-finner-du-her?\" aria-controls=\"accordion-panel\" aria-expanded=\"false\">\n\t\t\t\t\tHva finner du her?\n\t\t\t\t\t<span class=\"t2-accordion-icon is-closed-icon\"><svg xmlns=\"http:\/\/www.w3.org\/2000\/svg\" viewBox=\"0 0 24 24\" height=\"24\" width=\"24\" class=\"t2-icon t2-icon-chevrondown\" aria-hidden=\"true\" focusable=\"false\"><path d=\"M12 14.9c-.1 0-.3 0-.4-.1-.1 0-.2-.1-.3-.2L6.7 10c-.2-.1-.3-.4-.3-.6 0-.3.1-.5.3-.7.2-.2.4-.3.7-.3s.5.1.7.3l3.9 3.9 3.9-3.9c.2-.2.4-.3.7-.3.3 0 .5.1.7.3.2.2.3.4.3.7s-.1.5-.3.7l-4.6 4.6c-.1.1-.2.2-.3.2H12z\" fill=\"currentColor\" \/><\/svg><\/span>\n\t\t\t\t\t<span class=\"t2-accordion-icon is-open-icon\"><svg xmlns=\"http:\/\/www.w3.org\/2000\/svg\" viewBox=\"0 0 24 24\" height=\"24\" width=\"24\" class=\"t2-icon t2-icon-chevronup\" aria-hidden=\"true\" focusable=\"false\"><path d=\"M6.7 14.7c-.2-.2-.3-.4-.3-.7s.1-.5.3-.7l4.6-4.6c.1-.1.2-.2.3-.2.1 0 .2-.1.4-.1.1 0 .3 0 .4.1.1 0 .2.1.3.2l4.6 4.6c.2.2.3.4.3.7s-.1.5-.3.7c-.2.2-.4.3-.7.3s-.5-.1-.7-.3L12 10.8l-3.9 3.9c-.2.2-.4.3-.7.3s-.5-.1-.7-.3z\" fill=\"currentColor\" \/><\/svg><\/span>\n\t\t\t\t<\/button>\n\t\t\t<\/h3>\n\t\t\t<div class=\"t2-accordion-item__inner-container is-layout-flow\" id=\"accordion-panel\" aria-labelledby=\"hva-finner-du-her?\" role=\"region\" hidden>\n\t\t\t\t\n\t\t\t\t<p>Vi har samlet veiledere og digitale konferanser for \u00e5 gj\u00f8re det enklere \u00e5 komme i gang med barne- og ungdomsarbeid. Her finner du b\u00e5de inspirasjon, tips og praktiske verkt\u00f8y som gj\u00f8r arbeidet enklere.<\/p>\n<p>V\u00e5rt m\u00e5l er \u00e5 sette kirker, kommuner og frivilligheten i stand til \u00e5 utvikle treffsikre tilbud for barn og ungdom, og spesielt de som faller utenfor.<\/p>\n<p><\/p>\n<p><\/p>\n\n\t\t\t\n\t\t\t<\/div>\n\t\t<\/div><div class=\"t2-accordion-item wp-block-t2-accordion-item\" role=\"listitem\">\n\t\t\t<h3 class=\"t2-accordion-title\">\n\t\t\t\t<button type=\"button\" class=\"t2-accordion-trigger\" id=\"hvem-er-materiellet-for?\" aria-controls=\"accordion-panel-1\" aria-expanded=\"false\">\n\t\t\t\t\tHvem er materiellet for?\n\t\t\t\t\t<span class=\"t2-accordion-icon is-closed-icon\"><svg xmlns=\"http:\/\/www.w3.org\/2000\/svg\" viewBox=\"0 0 24 24\" height=\"24\" width=\"24\" class=\"t2-icon t2-icon-chevrondown\" aria-hidden=\"true\" focusable=\"false\"><path d=\"M12 14.9c-.1 0-.3 0-.4-.1-.1 0-.2-.1-.3-.2L6.7 10c-.2-.1-.3-.4-.3-.6 0-.3.1-.5.3-.7.2-.2.4-.3.7-.3s.5.1.7.3l3.9 3.9 3.9-3.9c.2-.2.4-.3.7-.3.3 0 .5.1.7.3.2.2.3.4.3.7s-.1.5-.3.7l-4.6 4.6c-.1.1-.2.2-.3.2H12z\" fill=\"currentColor\" \/><\/svg><\/span>\n\t\t\t\t\t<span class=\"t2-accordion-icon is-open-icon\"><svg xmlns=\"http:\/\/www.w3.org\/2000\/svg\" viewBox=\"0 0 24 24\" height=\"24\" width=\"24\" class=\"t2-icon t2-icon-chevronup\" aria-hidden=\"true\" focusable=\"false\"><path d=\"M6.7 14.7c-.2-.2-.3-.4-.3-.7s.1-.5.3-.7l4.6-4.6c.1-.1.2-.2.3-.2.1 0 .2-.1.4-.1.1 0 .3 0 .4.1.1 0 .2.1.3.2l4.6 4.6c.2.2.3.4.3.7s-.1.5-.3.7c-.2.2-.4.3-.7.3s-.5-.1-.7-.3L12 10.8l-3.9 3.9c-.2.2-.4.3-.7.3s-.5-.1-.7-.3z\" fill=\"currentColor\" \/><\/svg><\/span>\n\t\t\t\t<\/button>\n\t\t\t<\/h3>\n\t\t\t<div class=\"t2-accordion-item__inner-container is-layout-flow\" id=\"accordion-panel-1\" aria-labelledby=\"hvem-er-materiellet-for?\" role=\"region\" hidden>\n\t\t\t\t\n\t\t\t\t<p>Veilederen og konferansene p\u00e5 denne siden er myntet p\u00e5 deg som jobber med barn og unge, eller i virksomhet som utvikler tilbud for barn og unge.<\/p>\n<p>M\u00e5let er \u00e5 gj\u00f8re det enklere \u00e5 utvikle treffsikre tilbud, fange opp barn og unge som faller utenfor og bygge trygge lokalsamfunn \u00e5 vokse opp i.<\/p>\n<p>Flere av de st\u00f8rste akt\u00f8rene i kirke-Norge st\u00e5r bak innholdet. Derfor er det s\u00e6rlig relevant for alle som jobber i menighet eller diakonal virksomhet.<\/p>\n\n\t\t\t\n\t\t\t<\/div>\n\t\t<\/div><div class=\"t2-accordion-item wp-block-t2-accordion-item\" role=\"listitem\">\n\t\t\t<h3 class=\"t2-accordion-title\">\n\t\t\t\t<button type=\"button\" class=\"t2-accordion-trigger\" id=\"slik-bruker-du-materiellet\" aria-controls=\"accordion-panel-2\" aria-expanded=\"false\">\n\t\t\t\t\tSlik bruker du materiellet\n\t\t\t\t\t<span class=\"t2-accordion-icon is-closed-icon\"><svg xmlns=\"http:\/\/www.w3.org\/2000\/svg\" viewBox=\"0 0 24 24\" height=\"24\" width=\"24\" class=\"t2-icon t2-icon-chevrondown\" aria-hidden=\"true\" focusable=\"false\"><path d=\"M12 14.9c-.1 0-.3 0-.4-.1-.1 0-.2-.1-.3-.2L6.7 10c-.2-.1-.3-.4-.3-.6 0-.3.1-.5.3-.7.2-.2.4-.3.7-.3s.5.1.7.3l3.9 3.9 3.9-3.9c.2-.2.4-.3.7-.3.3 0 .5.1.7.3.2.2.3.4.3.7s-.1.5-.3.7l-4.6 4.6c-.1.1-.2.2-.3.2H12z\" fill=\"currentColor\" \/><\/svg><\/span>\n\t\t\t\t\t<span class=\"t2-accordion-icon is-open-icon\"><svg xmlns=\"http:\/\/www.w3.org\/2000\/svg\" viewBox=\"0 0 24 24\" height=\"24\" width=\"24\" class=\"t2-icon t2-icon-chevronup\" aria-hidden=\"true\" focusable=\"false\"><path d=\"M6.7 14.7c-.2-.2-.3-.4-.3-.7s.1-.5.3-.7l4.6-4.6c.1-.1.2-.2.3-.2.1 0 .2-.1.4-.1.1 0 .3 0 .4.1.1 0 .2.1.3.2l4.6 4.6c.2.2.3.4.3.7s-.1.5-.3.7c-.2.2-.4.3-.7.3s-.5-.1-.7-.3L12 10.8l-3.9 3.9c-.2.2-.4.3-.7.3s-.5-.1-.7-.3z\" fill=\"currentColor\" \/><\/svg><\/span>\n\t\t\t\t<\/button>\n\t\t\t<\/h3>\n\t\t\t<div class=\"t2-accordion-item__inner-container is-layout-flow\" id=\"accordion-panel-2\" aria-labelledby=\"slik-bruker-du-materiellet\" role=\"region\" hidden>\n\t\t\t\t\n\t\t\t\t<p>Du kan lese veilederen p\u00e5 egen h\u00e5nd eller bruke den som utgangspunkt for diskusjon i grupper.<\/p>\n<p>Velg ut de delene av konferansene som er mest aktuelle for deg. Se det gjerne ogs\u00e5 sammen med kollegaer eller frivillige for \u00e5 sette i gang samtale.<\/p>\n\n\t\t\t\n\t\t\t<\/div>\n\t\t<\/div><\/div>\n\n\n<h2 class=\"wp-block-heading\" id=\"h-veileder\">Veileder<\/h2>\n\n\n\n<p>Mange \u00f8nsker \u00e5 gj\u00f8re en forskjell for ungdom i lokalsamfunnet. Men veien fra id\u00e9 til handling kan v\u00e6re lang. I denne veilederen f\u00e5r du r\u00e5d og eksempler for \u00e5 komme i gang.<\/p>\n\n\n<div class=\"t2-featured-content-layout alignwide alignwide wp-block-t2-featured-content-layout\" role=\"list\">\n<div class=\"t2-featured-single-post t2-featured-content is-post-type-page wp-block-t2-featured-single-post t2-featured-content-layout-col-8\" role=\"listitem\"><a class=\"t2-post-link wp-block-t2-post-link\" href=\"https:\/\/www.blakors.no\/ressursbank\/nyskapende-arbeid-med-unge\/veileder\/\">\n<figure style=\"--t2-focal-point: 50% 50%;\" class=\"t2-post-featured-image has-image-ratio-16-9 wp-block-t2-post-featured-image\"><img loading=\"lazy\" decoding=\"async\" width=\"1920\" height=\"1143\" src=\"https:\/\/www.blakors.no\/content\/uploads\/sites\/22\/2021\/10\/nima-sarram-29N29M6O9nU-unsplash.jpg\" class=\"attachment-post-thumbnail size-post-thumbnail wp-post-image\" alt=\"Ungdom smiler\" srcset=\"https:\/\/www.blakors.no\/content\/uploads\/sites\/22\/2021\/10\/nima-sarram-29N29M6O9nU-unsplash.jpg 1920w, https:\/\/www.blakors.no\/content\/uploads\/sites\/22\/2021\/10\/nima-sarram-29N29M6O9nU-unsplash-300x179.jpg 300w, https:\/\/www.blakors.no\/content\/uploads\/sites\/22\/2021\/10\/nima-sarram-29N29M6O9nU-unsplash-1024x610.jpg 1024w, https:\/\/www.blakors.no\/content\/uploads\/sites\/22\/2021\/10\/nima-sarram-29N29M6O9nU-unsplash-768x457.jpg 768w, https:\/\/www.blakors.no\/content\/uploads\/sites\/22\/2021\/10\/nima-sarram-29N29M6O9nU-unsplash-1536x914.jpg 1536w\" sizes=\"auto, (min-width: 782px) 866px, 100vw\" \/><\/figure>\n\n<div class=\"wp-block-group alignfull is-layout-flow wp-block-group-is-layout-flow\">\n\t<h2 id=\"6-rad-til-deg-som-vil-starte-noe-for-ungdom\"  class=\"t2-post-title wp-block-t2-post-title\" >6 r\u00e5d til deg som vil starte noe for ungdom<\/h2>\n\t<div class=\"wp-block-post-date__modified-date wp-block-post-date\"><time datetime=\"2025-07-30T08:45:51+02:00\">30. juli 2025<\/time><\/div>\n\t\t\t<div class=\"single-meta t2-post-excerpt card-description wp-block-blakors-meta-display\"><\/div>\n\t\n<\/div>\n\n<\/a>\n<\/div>\n<\/div>\n\n\n<h2 class=\"wp-block-heading\" id=\"h-digitale-konferanser\">Digitale konferanser <\/h2>\n\n\n\n<p>Her finner du opptak av konferanser hvor du kan l\u00e6re mer om nyskapende arbeid med barn og unge fra mange ulike hold.<\/p>\n\n\n<div class=\"t2-featured-content-layout alignwide alignwide wp-block-t2-featured-content-layout\" role=\"list\">\n<div class=\"t2-featured-single-post t2-featured-content is-post-type-page wp-block-t2-featured-single-post t2-featured-content-layout-col-6\" role=\"listitem\"><a class=\"t2-post-link wp-block-t2-post-link\" href=\"https:\/\/www.blakors.no\/ressursbank\/hvordan-utvikle-diakonalt-ungdomsarbeid\/\">\n<figure style=\"--t2-focal-point: 50% 50%;\" class=\"t2-post-featured-image has-image-ratio-16-9 wp-block-t2-post-featured-image\"><img loading=\"lazy\" decoding=\"async\" width=\"400\" height=\"340\" src=\"https:\/\/www.blakors.no\/content\/uploads\/sites\/22\/2021\/06\/Ole-Tobias-Bla-Kors-Konferanse.png\" class=\"attachment-post-thumbnail size-post-thumbnail wp-post-image\" alt=\"Ung mann ser inn i kamera\" srcset=\"https:\/\/www.blakors.no\/content\/uploads\/sites\/22\/2021\/06\/Ole-Tobias-Bla-Kors-Konferanse.png 400w, https:\/\/www.blakors.no\/content\/uploads\/sites\/22\/2021\/06\/Ole-Tobias-Bla-Kors-Konferanse-300x255.png 300w\" sizes=\"auto, (min-width: 782px) 650px, 100vw\" \/><\/figure>\n\n<div class=\"wp-block-group alignfull is-layout-flow wp-block-group-is-layout-flow\">\n\t<h2 id=\"hvordan-utvikle-diakonalt-ungdomsarbeid\"  class=\"t2-post-title wp-block-t2-post-title\" >Hvordan utvikle diakonalt ungdomsarbeid?<\/h2>\n\t<div class=\"wp-block-post-date__modified-date wp-block-post-date\"><time datetime=\"2025-10-21T12:56:04+02:00\">21. oktober 2025<\/time><\/div>\n\t\t\t<div class=\"single-meta t2-post-excerpt card-description wp-block-blakors-meta-display\"><\/div>\n\t\n<\/div>\n\n<\/a>\n<\/div>\n\n<div class=\"t2-featured-single-post t2-featured-content is-post-type-page wp-block-t2-featured-single-post t2-featured-content-layout-col-6\" role=\"listitem\"><a class=\"t2-post-link wp-block-t2-post-link\" href=\"https:\/\/www.blakors.no\/ressursbank\/nyskapende-arbeid-med-unge\/tenke-nytt-og-sammen-for-a-na-unges-behov\/\">\n<figure style=\"--t2-focal-point: 50% 50%;\" class=\"t2-post-featured-image has-image-ratio-16-9 wp-block-t2-post-featured-image\"><img loading=\"lazy\" decoding=\"async\" width=\"906\" height=\"637\" src=\"https:\/\/www.blakors.no\/content\/uploads\/sites\/22\/2021\/06\/Bl\u00e5-Kors-Konferanse-Alan-Akali-nyskapende-samarbeid.png\" class=\"attachment-post-thumbnail size-post-thumbnail wp-post-image\" alt=\"Ung mann sitter i stol og snakker\" srcset=\"https:\/\/www.blakors.no\/content\/uploads\/sites\/22\/2021\/06\/Bl\u00e5-Kors-Konferanse-Alan-Akali-nyskapende-samarbeid.png 906w, https:\/\/www.blakors.no\/content\/uploads\/sites\/22\/2021\/06\/Bl\u00e5-Kors-Konferanse-Alan-Akali-nyskapende-samarbeid-300x211.png 300w, https:\/\/www.blakors.no\/content\/uploads\/sites\/22\/2021\/06\/Bl\u00e5-Kors-Konferanse-Alan-Akali-nyskapende-samarbeid-768x540.png 768w\" sizes=\"auto, (min-width: 782px) 650px, 100vw\" \/><\/figure>\n\n<div class=\"wp-block-group alignfull is-layout-flow wp-block-group-is-layout-flow\">\n\t<h2 id=\"tenke-nytt-og-sammen-for-a-mote-unges-behov\"  class=\"t2-post-title wp-block-t2-post-title\" >Tenke nytt og sammen for \u00e5 m\u00f8te unges behov<\/h2>\n\t<div class=\"wp-block-post-date__modified-date wp-block-post-date\"><time datetime=\"2025-06-16T14:20:54+02:00\">16. juni 2025<\/time><\/div>\n\t\t\t<div class=\"single-meta t2-post-excerpt card-description wp-block-blakors-meta-display\"><\/div>\n\t\n<\/div>\n\n<\/a>\n<\/div>\n<\/div>\n\n\n<div class=\"custom-block-cta no-icon\">\n\t<div class=\"text-button-container\"><div class=\"text\">Jobber du i menighet?<\/div><div class=\"wp-block-button is-style-primary\"><a class=\"wp-block-button__link\" href=\"https:\/\/www.blakors.no\/menighet\/\" target=\"\">Klikk her for nyttige ressurser<\/a><\/div><\/div><\/div>\n\n\n\n<h2 class=\"wp-block-heading\" id=\"h-sp-rsm-l-ta-kontakt\">Sp\u00f8rsm\u00e5l? Ta kontakt<\/h2>\n\n\n\n<p>Prosjektet er initiert av Bl\u00e5 Kors og arrangeres i samarbeid med brede lag av kirke-Norge, med&nbsp;Norges Kristne R\u00e5d,&nbsp;Kirker\u00e5det\/Den norske Kirke,&nbsp;KFUK-KFUM&nbsp;, KA &#8211; Arbeidsgiverorganisasjon for kirkelige virksomheter og&nbsp;Metodistkirken i Norge som samarbeidspartnere.<\/p>\n\n\n\n<p>Arbeidet er utviklet med st\u00f8tte fra Den Norske kirke &#8211; Kirker\u00e5det og Helsedirektoratet.<\/p>\n\n\n<div class=\"wp-block-blakors-person-cards\">\n\t\t\t\n<div class=\"t2-featured-single-post compact-card-template t2-featured-content is-post-type-person compact-card-template wp-block-t2-featured-single-post\"><figure style=\"--t2-focal-point: 50% 50%;\" class=\"t2-post-featured-image has-image-ratio-1-1 wp-block-t2-post-featured-image\"><img loading=\"lazy\" decoding=\"async\" width=\"1080\" height=\"1080\" src=\"https:\/\/www.blakors.no\/content\/uploads\/sites\/22\/2021\/05\/Headshot-liten-fil.png\" class=\"attachment-post-thumbnail size-post-thumbnail wp-post-image\" alt=\"\" srcset=\"https:\/\/www.blakors.no\/content\/uploads\/sites\/22\/2021\/05\/Headshot-liten-fil.png 1080w, https:\/\/www.blakors.no\/content\/uploads\/sites\/22\/2021\/05\/Headshot-liten-fil-300x300.png 300w, https:\/\/www.blakors.no\/content\/uploads\/sites\/22\/2021\/05\/Headshot-liten-fil-1024x1024.png 1024w, https:\/\/www.blakors.no\/content\/uploads\/sites\/22\/2021\/05\/Headshot-liten-fil-150x150.png 150w, https:\/\/www.blakors.no\/content\/uploads\/sites\/22\/2021\/05\/Headshot-liten-fil-768x768.png 768w, https:\/\/www.blakors.no\/content\/uploads\/sites\/22\/2021\/05\/Headshot-liten-fil-200x200.png 200w\" sizes=\"auto, (min-width: 782px) 768px, 100vw\" \/><\/figure>\n\n<div class=\"wp-block-group alignfull is-layout-flow wp-block-group-is-layout-flow\">\n\t<div class=\"t2-post-dynamic-part is-source-filter filter-person_card_meta post-meta wp-block-t2-post-dynamic-part\"><div class=\"title\"><h2 id=\"janne-dale-hauger\"  class=\"t2-post-title wp-block-t2-post-title\" >Janne Dale Hauger<\/h2><p class=\"position\">R\u00e5dgiver Forebygging<\/p><\/div><div class=\"contact-info\"><p class=\"phone\"><a href=\"tel:+4740514194\">+4740514194<\/a><\/p><p class=\"email\"><a href=\"mailto:janne.hauger@blakors.no\">janne.hauger@blakors.no<\/a><\/p><\/div><\/div>\n<\/div>\n\n<\/div>\n\n\t\t<\/div>\n<div class=\"dekode-module-was-this-helpful\">\n\t<div class=\"\">\n\t\t<h2>Var dette nyttig?<\/h2>\n\t\t<form id=\"dekode-wth-form\">\n\t\t\t<button id=\"dekode-wth-yes\" class=\"button\" name=\"dekode-wth-feedback\" type=\"submit\"\n\t\t\t\t\tvalue=\"1\">Ja<\/button>\n\t\t\t<button id=\"dekode-wth-no\" class=\"button\" name=\"dekode-wth-feedback\" type=\"submit\"\n\t\t\t\t\tvalue=\"0\">Nei<\/button>\n\t\t\t<input type=\"hidden\" name=\"post_id\" value=\"307\"\/>\n\t\t<\/form>\n\t<\/div>\n<\/div>\n","protected":false},"excerpt":{"rendered":"<p>Veileder Mange \u00f8nsker \u00e5 gj\u00f8re en forskjell for ungdom i lokalsamfunnet. Men veien fra id\u00e9 til handling kan v\u00e6re lang. I denne veilederen f\u00e5r du r\u00e5d og eksempler for \u00e5 komme i gang. Digitale konferanser Her finner du opptak av konferanser hvor du kan l\u00e6re mer om nyskapende arbeid med barn og unge fra mange [&hellip;]<\/p>\n","protected":false},"author":21,"featured_media":309,"parent":0,"menu_order":0,"comment_status":"closed","ping_status":"closed","template":"","meta":{"_acf_changed":false,"_relevanssi_hide_post":"","_relevanssi_hide_content":"","_relevanssi_pin_for_all":"","_relevanssi_pin_keywords":"","_relevanssi_unpin_keywords":"","_relevanssi_related_keywords":"","_relevanssi_related_include_ids":"","_relevanssi_related_exclude_ids":"","_relevanssi_related_no_append":"","_relevanssi_related_not_related":"","_relevanssi_related_posts":"1","_relevanssi_noindex_reason":"","_custom_cards_description":"","footnotes":""},"class_list":["post-307","page","type-page","status-publish","has-post-thumbnail","hentry"],"acf":[],"_links":{"self":[{"href":"https:\/\/www.blakors.no\/ressursbank\/wp-json\/wp\/v2\/pages\/307","targetHints":{"allow":["GET"]}}],"collection":[{"href":"https:\/\/www.blakors.no\/ressursbank\/wp-json\/wp\/v2\/pages"}],"about":[{"href":"https:\/\/www.blakors.no\/ressursbank\/wp-json\/wp\/v2\/types\/page"}],"author":[{"embeddable":true,"href":"https:\/\/www.blakors.no\/ressursbank\/wp-json\/wp\/v2\/users\/21"}],"replies":[{"embeddable":true,"href":"https:\/\/www.blakors.no\/ressursbank\/wp-json\/wp\/v2\/comments?post=307"}],"version-history":[{"count":5,"href":"https:\/\/www.blakors.no\/ressursbank\/wp-json\/wp\/v2\/pages\/307\/revisions"}],"predecessor-version":[{"id":9381,"href":"https:\/\/www.blakors.no\/ressursbank\/wp-json\/wp\/v2\/pages\/307\/revisions\/9381"}],"wp:featuredmedia":[{"embeddable":true,"href":"https:\/\/www.blakors.no\/ressursbank\/wp-json\/wp\/v2\/media\/309"}],"wp:attachment":[{"href":"https:\/\/www.blakors.no\/ressursbank\/wp-json\/wp\/v2\/media?parent=307"}],"curies":[{"name":"wp","href":"https:\/\/api.w.org\/{rel}","templated":true}]}}