{"id":336,"date":"2021-04-19T06:11:51","date_gmt":"2021-04-19T04:11:51","guid":{"rendered":"https:\/\/www.blakors.no\/ressursbank\/?page_id=336"},"modified":"2026-01-19T15:09:03","modified_gmt":"2026-01-19T14:09:03","slug":"slik-kan-din-menighet-bidra","status":"publish","type":"page","link":"https:\/\/www.blakors.no\/ressursbank\/menighet\/slik-kan-din-menighet-bidra\/","title":{"rendered":"Slik kan din menighet bidra"},"content":{"rendered":"\n<p><\/p>\n\n\n<div class=\"custom-block-banner alignwide is-style-default contenthalf\"><div class=\"banner-image\" style=\"background-image:url(https:\/\/v.imgi.no\/blakors-8623-e3043048aec588afa30718f00f668507-1024x683\/portrait-of-happy-child-girl-with-hair-braids-in-w-2024-12-06-19-34-48-utc.webp)\"><\/div><div class=\"banner-inner\"><div><h1 id=\"slik-kan-din-menighet-bidra\"  class=\"title small \" >Slik kan din menighet bidra<\/h1><p>Din menighet kan gi h\u00e5p og st\u00f8tte ved \u00e5 samle inn penger til Bl\u00e5 Kors sitt arbeid. <\/p><\/div><\/div><\/div>\n\n\n<div class=\"wp-block-lib-header alignfull hide\"><div class=\"image-wrapper\"><img decoding=\"async\" src=\"https:\/\/www.blakors.no\/content\/uploads\/sites\/22\/2021\/10\/Bla-Kors-Juleannonse-Jente-med-bamse-1-1.jpg\" \/><\/div><div class=\"header-innercontent\">\n\n<\/div><\/div>\n\n\n\n<div class=\"wp-block-rank-math-toc-block\" id=\"rank-math-toc\"><h3 class=\"title-wrapper\"><button id=\"her-finner-du\" class=\"blakors-table-of-contents-toggle\" aria-expanded=\"true\">\n\t\t\t<strong>Her finner du: <\/strong>\n\t\t\t<svg xmlns=\"http:\/\/www.w3.org\/2000\/svg\" viewBox=\"0 0 24 24\" height=\"24\" width=\"24\" class=\"t2-icon t2-icon-chevrondown\" aria-hidden=\"true\" focusable=\"false\"><path d=\"M12 14.9c-.1 0-.3 0-.4-.1-.1 0-.2-.1-.3-.2L6.7 10c-.2-.1-.3-.4-.3-.6 0-.3.1-.5.3-.7.2-.2.4-.3.7-.3s.5.1.7.3l3.9 3.9 3.9-3.9c.2-.2.4-.3.7-.3.3 0 .5.1.7.3.2.2.3.4.3.7s-.1.5-.3.7l-4.6 4.6c-.1.1-.2.2-.3.2H12z\" fill=\"currentColor\" \/><\/svg>\n\t\t<\/button><\/h3><nav><ul><li class=\"\"><a href=\"#h-stott-oss-ved-a-ta-inn-annonse-eller-plakat\">St\u00f8tt oss ved \u00e5 ta inn annonse eller henge opp plakat<\/a><\/li><li class=\"\"><a href=\"#h-derfor-er-deres-stotte-viktig\">Derfor er deres st\u00f8tte viktig<\/a><\/li><li class=\"\"><a href=\"#h-ressurser-til-gudstjeneste-og-kollekt\">Ressurser til gudstjeneste og kollekt<\/a><\/li><li class=\"\"><a href=\"#h-andre-mater-a-bidra\">Andre m\u00e5ter \u00e5 bidra<\/a><\/li><li class=\"\"><a href=\"#h-sporsmal-ta-kontakt\">Sp\u00f8rsm\u00e5l? Ta kontakt!<\/a><\/li><li class=\"\"><a href=\"#relaterte-ressurser\">Relaterte ressurser:<\/a><\/li><\/ul><\/nav><\/div>\n\n\n\n<h2 class=\"wp-block-heading\" id=\"h-stott-oss-ved-a-ta-inn-annonse-eller-plakat\">St\u00f8tt oss ved \u00e5 ta inn annonse eller henge opp plakat <\/h2>\n\n\n\n<p>Har dere litt plass til overs i menighetsbladet? Mange barnefamilier vi m\u00f8ter, trenger veiledning, varme m\u00e5ltider og penger til kl\u00e6r og utstyr. Bl\u00e5 Kors er klare for \u00e5 hjelpe, og trenger all st\u00f8tten vi kan f\u00e5. St\u00f8tten betyr mye!<\/p>\n\n\n\n<p>Sett gjerne inn en annonse i menighetsbladet deres som oppfordrer lesere til \u00e5 st\u00f8tte Bl\u00e5 Kors sitt arbeid. <\/p>\n\n\n\n<p>Har dere ikke menighetsblad? <\/p>\n\n\n\n<ul class=\"wp-block-list\">\n<li><a href=\"https:\/\/www.blakors.no\/content\/uploads\/2025\/04\/A4.png\">Printe ut en plakat<\/a> og heng den opp i menighetens lokaler<\/li>\n\n\n\n<li>Del Bl\u00e5 Kors sitt vipps-nummer 936679 p\u00e5 deres Facebook-sider eller andre steder der informasjon deles til menigheten.<\/li>\n<\/ul>\n\n\n\n<p><strong>Last ned annonse her:<\/strong><\/p>\n\n\n\n<ul class=\"wp-block-list\">\n<li><a href=\"https:\/\/www.blakors.no\/content\/uploads\/2025\/04\/246x107.png\" data-type=\"URL\" data-id=\"https:\/\/www.blakors.no\/content\/uploads\/2023\/10\/BK_oktober_2023_annonse_liggende_246x107_WEB.pdf\">Annonse &#8211; liggende 246x107mm<\/a><\/li>\n\n\n\n<li><a href=\"https:\/\/www.blakors.no\/content\/uploads\/2025\/04\/71x46.png\">Annonse &#8211; st\u00e5ende 71x46mm<\/a><\/li>\n\n\n\n<li><a href=\"https:\/\/www.blakors.no\/content\/uploads\/2025\/04\/90x96.png\">Annonse &#8211; st\u00e5ende 90x96mm<\/a><\/li>\n\n\n\n<li><a href=\"https:\/\/www.blakors.no\/content\/uploads\/2025\/04\/A4.png\">Plakat <\/a>i A4-format<\/li>\n<\/ul>\n\n\n\n<div class=\"custom-block-factbox is-style-violet\">\n\t<p>Midlene n\u00e5r frem. Her kan du lese om <a href=\"https:\/\/www.blakors.no\/stott-oss\/dette-gar-din-stotte-til\/\">hva pengene bidrar til<\/a>. Bl\u00e5 Kors er ogs\u00e5 medlem av Innsamlingskontrollen.<\/p>\n<p>Dersom dere \u00f8nsker \u00e5 st\u00f8tte et \u00f8remerket form\u00e5l eller har sp\u00f8rsm\u00e5l om samarbeid, kontakt markedsr\u00e5dgiver <a href=\"mailto:kathrine.toppe@blakors.no\">Kathrine Toppe<\/a>.<\/p>\n<\/div>\n\n\n\n<h2 class=\"wp-block-heading\" id=\"h-derfor-er-deres-stotte-viktig\">Derfor er deres st\u00f8tte viktig<\/h2>\n\n\n\n<p>I over 100 har Bl\u00e5 Kors jobbet med oppvekst, avhengighet og inkludering. Vi st\u00f8tter familier som strever, og tilbyr behandling, veiledning og gode opplevelser. Dette er viktig fordi: <\/p>\n\n\n\n<ul class=\"wp-block-list\">\n<li>Over 1 av 10 barn vokser opp med en forelder med et alvorlig alkoholmisbruk eller alvorlig psykisk lidelse. <\/li>\n\n\n\n<li>Vi lever i en tid der levekostnadene er h\u00f8ye. Utfordringene forverrer situasjonen til som allerede har det vanskelig hjemme.<\/li>\n\n\n\n<li>Med menighetens st\u00f8tte kan vi gi flere barn og unge en tryggere barndom. Bl\u00e5 Kors-arbeidet bygger p\u00e5 et kristent og diakonalt menneskesyn.<\/li>\n<\/ul>\n\n\n\n<h2 class=\"wp-block-heading\" id=\"h-ressurser-til-gudstjeneste-og-kollekt\">Ressurser til gudstjeneste og kollekt<\/h2>\n\n\n\n<p>Her er noen ressurser som kan tas i bruk i gudstjenester eller p\u00e5 m\u00f8ter med kollekt \/ innsamling til Bl\u00e5 Kors.<\/p>\n\n\n\n<div class=\"wp-block-media-text alignwide is-stacked-on-mobile\" style=\"grid-template-columns:44% auto\"><figure class=\"wp-block-media-text__media\"><img loading=\"lazy\" decoding=\"async\" width=\"1024\" height=\"576\" src=\"https:\/\/www.blakors.no\/content\/uploads\/sites\/22\/2023\/02\/Bla\u030akors5-1024x576.jpg\" alt=\"\" class=\"wp-image-3930 size-full\" srcset=\"https:\/\/www.blakors.no\/content\/uploads\/sites\/22\/2023\/02\/Bla\u030akors5-1024x576.jpg 1024w, https:\/\/www.blakors.no\/content\/uploads\/sites\/22\/2023\/02\/Bla\u030akors5-300x169.jpg 300w, https:\/\/www.blakors.no\/content\/uploads\/sites\/22\/2023\/02\/Bla\u030akors5-768x432.jpg 768w, https:\/\/www.blakors.no\/content\/uploads\/sites\/22\/2023\/02\/Bla\u030akors5-1536x864.jpg 1536w, https:\/\/www.blakors.no\/content\/uploads\/sites\/22\/2023\/02\/Bla\u030akors5-scaled.jpg 2048w\" sizes=\"auto, (max-width: 1024px) 100vw, 1024px\" \/><\/figure><div class=\"wp-block-media-text__content\">\n<p><strong>Forslag til kunngj\u00f8ringstekst\/Informasjon om innsamlingen<\/strong>:<\/p>\n\n\n\n<p><em>Ofringen i dag g\u00e5r til Bl\u00e5 Kors sitt landsomfattende arbeid. De jobber for et inkluderende samfunn, en trygg oppvekst og med \u00e5 redusere skadevirkninger av alkohol og annen avhengighet. <\/em><\/p>\n\n\n\n<p><em>Bl\u00e5 Kors tilbyr behandling, har tilbud for barnefamilier og p\u00e5r\u00f8rende, og jobber forebyggende. Tilbudene er gratis. For \u00e5 n\u00e5 flere, trenger Bl\u00e5 Kors pengest\u00f8tte. Takk for den viktige gaven du gir!<\/em><\/p>\n<\/div><\/div>\n\n\n\n<p>Dersom du \u00f8nsker litt mer informasjon \u00e5 dele i gudstjenesten, kan du ogs\u00e5 ta i bruk denne <a href=\"https:\/\/www.blakors.no\/content\/uploads\/sites\/22\/2022\/04\/Powerpoint-kollekt-Bla-Kors.pptx\">powerpointpresentasjonen <\/a>med litt fakta og bilder. <\/p>\n\n\n\n<p>Her finner du ogs\u00e5 noen <a href=\"https:\/\/www.blakors.no\/content\/uploads\/2021\/02\/Ressurser-til-bruk-i-gudstjeneste.docx\">forslag til b\u00f8nner, salmer og lovsanger<\/a> p\u00e5 bokm\u00e5l og nynorsk som kan tas i bruk i en gudstjeneste med kollekt til Bl\u00e5 Kors. <\/p>\n\n\n\n<p id=\"h-film-som-kan-vises-under-gudstjenesten\"><strong>Film som kan vises under gudstjenesten:<\/strong><\/p>\n\n\n\n<figure class=\"wp-block-embed dekode-gtm-iframe-preview is-type-video is-provider-youtube wp-block-embed-youtube wp-embed-aspect-16-9 wp-has-aspect-ratio\"><div class=\"wp-block-embed__wrapper\">\n<iframe title=\"Har du plass til en til?\" width=\"500\" height=\"281\" data-cookieconsent=\"marketing\" data-cookieblock-src=\"https:\/\/www.youtube.com\/embed\/WFcLTmLCans?list=PLUzMw58yw93bm0_7ty85VaecN8GIzTHoe\"  allow=\"accelerometer; autoplay; clipboard-write; encrypted-media; gyroscope; picture-in-picture; web-share\" referrerpolicy=\"strict-origin-when-cross-origin\" allowfullscreen sandbox=\"allow-scripts allow-same-origin allow-popups allow-presentation allow-popups-to-escape-sandbox\"><\/iframe>\n\t\t<div class=\"cookieconsent-optout-marketing dekode-gtm-cookie-consent-video-placeholder\">\n\t\t\t<div class=\"dekode-gtm-cookie-consent is-block-core-embed is-provider-youtube\">\n\t\t\t\t\n\t\t\t<img decoding=\"async\" src=\"https:\/\/i.ytimg.com\/vi\/WFcLTmLCans\/hqdefault.jpg\" alt=\"youtube\" \/>\n\t\t\t\t<div class=\"overlay\">\n\t\t\t\t\t<div class=\"cookie-info\">\n\t\t\t\t\t\t<h2 id=\"her-ligger-det-medieinnhold-fra-en-ekstern-kilde\"  >Her ligger det medieinnhold fra en ekstern kilde. <\/h2> \n\n<p>For \u00e5 se innholdet, m\u00e5 du endre samtykket ditt.<\/p>\n\n<p>Les mer om hvordan dataen din blir behandlet av eksterne kilder i personvernerkl\u00e6ringen v\u00e5r.<\/p>\n\t\t\t\t\t\t<p>\n\t\t\t\t\t\t\t<a title=\"Endre samtykke\" class=\"dekode-gtm-cookiebot-renew\" href=\"#\">Endre samtykke<\/a>\n\t\t\t\t\t\t\t\n\t\t\t\t\t\t<\/p>\n\t\t\t\t\t<\/div>\n\t\t\t\t<\/div>\n\t\t\t<\/div>\n\t\t<\/div>\n<\/div><figcaption class=\"wp-element-caption\">Filmsnutt med oppfordring til inkludering i hverdagen (1 min)<\/figcaption><\/figure>\n\n\n\n<p>P\u00e5 v\u00e5r <a href=\"https:\/\/www.youtube.com\/channel\/UCndjYJ7PwWJOcPfazJjlQDA\" target=\"_blank\" rel=\"noopener\">Youtubekanal<\/a> finner du flere filmer som kan brukes i gudstjeneste eller p\u00e5 m\u00f8ter. <\/p>\n\n\n\n<div class=\"custom-block-factbox is-style-green\">\n\t<p><b>SLIK KAN DU ST\u00d8TTE<\/b><\/p>\n<p><strong>VIPPS:\u00a0 936679 <\/strong>\u00a0(valgfritt bel\u00f8p)<\/p>\n<p><strong>Bankkonto:\u00a0<\/strong> \u00a03201 52 74165<\/p>\n<\/div>\n\n\n\n<h2 class=\"wp-block-heading\" id=\"h-andre-mater-a-bidra\">Andre m\u00e5ter \u00e5 bidra<\/h2>\n\n\n\n<p>Kun kreativiteten setter en stopper. Her er et par forslag til andre aktiviteter: <\/p>\n\n\n\n<ul class=\"wp-block-list\">\n<li><strong>Arranger st\u00f8ttekonsert<\/strong> til inntekt for Bl\u00e5 Kors. Inviter lokale kor og artister. Hva med for eksempel en sommerkonsert til inntekt for <a href=\"https:\/\/www.blakors.no\/ferier\/\">Bl\u00e5 Kors ferier<\/a>?<\/li>\n\n\n\n<li><strong>Inviter til temakveld<\/strong> om alkohol, annen rus eller avhengighet. Ta kontakt om dere \u00f8nsker \u00e5 invitere noen fra Bl\u00e5 Kors til \u00e5 holde foredrag, enten fysisk eller digitalt. Hva med for eksempel foreldreforedrag om <a href=\"https:\/\/www.blakors.no\/fagside\/tenaringsforeldre-og-alkohol\/\">ten\u00e5ringer og rusmidler<\/a> eller <a href=\"https:\/\/www.blakors.no\/fagside\/drikkepress-og-alkoholvaner\/\">drikkepress og alkoholvaner<\/a>?<\/li>\n\n\n\n<li><strong>Ta kontakt med med en <a href=\"http:\/\/www.blakors.no\/her-er-vi\">lokal Bl\u00e5 Kors virksomhet<\/a><\/strong>. H\u00f8r om det er noe dere kan samarbeide om eller bidra til, for eksempel gjennom innsamling, b\u00f8nn eller <a href=\"https:\/\/www.blakors.no\/tidgiver\/\">frivillig arbeid<\/a>. <\/li>\n<\/ul>\n\n\n\n\t\t<div class=\"wp-block-lib-accentuated-link\">\n\t\t\t<a class=\"lib-link__link\" href=\"https:\/\/www.facebook.com\/oslomisjonskirke\/videos\/770002363936410\" target=\"\" rel=\"noopener\">\n\t\t\t\t\n\t\t\t\t<div class=\"lib-link__text-content\">\n\t\t\t\t\t<span class=\"lib-link__tagline\">\n\t\t\t\t\t\tLa deg inspirere:\n\t\t\t\t\t<\/span>\n\n\t\t\t\t\t<h3 class=\"lib-link__title\">\n\t\t\t\t\t\tTematorsdag i Oslo Misjonskirke Betlehem: Alkohol og rus, hva er det godt for?\n\t\t\t\t\t<\/h3>\n\n\t\t\t\t\t\n\t\t\t<span class=\"lib-link__link-source\">\n\t\t\t\twww.facebook.com\n\t\t\t\t<svg xmlns=\"http:\/\/www.w3.org\/2000\/svg\" viewBox=\"0 0 24 24\" height=\"24\" width=\"24\" class=\"t2-icon t2-icon-linkexternal\" aria-hidden=\"true\" focusable=\"false\"><path d=\"M5 21c-.5 0-1-.2-1.4-.6S3 19.6 3 19V5c0-.6.2-1 .6-1.4S4.5 3 5 3h6c.3 0 .5.1.7.3.2.2.3.4.3.7 0 .3-.1.5-.3.7-.2.2-.4.3-.7.3H5v14h14v-6c0-.3.1-.5.3-.7.2-.2.4-.3.7-.3s.5.1.7.3c.2.2.3.4.3.7v6c0 .6-.2 1-.6 1.4s-.8.6-1.4.6H5zm4-6c-.2-.2-.3-.4-.3-.7s.1-.5.3-.7L17.6 5H15c-.3 0-.5-.1-.7-.3-.2-.2-.3-.4-.3-.7 0-.3.1-.5.3-.7.2-.2.4-.3.7-.3h5c.3 0 .5.1.7.3.2.2.3.4.3.7v5c0 .3-.1.5-.3.7-.2.2-.4.3-.7.3s-.5-.1-.7-.3c-.2-.2-.3-.4-.3-.7V6.4L10.4 15c-.2.2-.4.3-.7.3s-.5-.1-.7-.3z\" fill=\"currentColor\" \/><\/svg>\n\t\t\t<\/span>\n\t\t\t\t<\/div>\n\t\t\t<\/a>\n\t\t<\/div>\n\n\n<h2 class=\"wp-block-heading\" id=\"h-sporsmal-ta-kontakt\">Sp\u00f8rsm\u00e5l? Ta kontakt!<\/h2>\n\n\n<div class=\"wp-block-blakors-person-cards\">\n\t\t\t\n<div class=\"t2-featured-single-post compact-card-template t2-featured-content is-post-type-person compact-card-template wp-block-t2-featured-single-post\"><figure style=\"--t2-focal-point: 50% 50%;\" class=\"t2-post-featured-image has-image-ratio-1-1 wp-block-t2-post-featured-image\"><img loading=\"lazy\" decoding=\"async\" width=\"1080\" height=\"1080\" src=\"https:\/\/www.blakors.no\/content\/uploads\/sites\/22\/2021\/05\/Headshot-liten-fil.png\" class=\"attachment-post-thumbnail size-post-thumbnail wp-post-image\" alt=\"\" srcset=\"https:\/\/www.blakors.no\/content\/uploads\/sites\/22\/2021\/05\/Headshot-liten-fil.png 1080w, https:\/\/www.blakors.no\/content\/uploads\/sites\/22\/2021\/05\/Headshot-liten-fil-300x300.png 300w, https:\/\/www.blakors.no\/content\/uploads\/sites\/22\/2021\/05\/Headshot-liten-fil-1024x1024.png 1024w, https:\/\/www.blakors.no\/content\/uploads\/sites\/22\/2021\/05\/Headshot-liten-fil-150x150.png 150w, https:\/\/www.blakors.no\/content\/uploads\/sites\/22\/2021\/05\/Headshot-liten-fil-768x768.png 768w, https:\/\/www.blakors.no\/content\/uploads\/sites\/22\/2021\/05\/Headshot-liten-fil-200x200.png 200w\" sizes=\"auto, (min-width: 782px) 768px, 100vw\" \/><\/figure>\n\n<div class=\"wp-block-group alignfull is-layout-flow wp-block-group-is-layout-flow\">\n\t<div class=\"t2-post-dynamic-part is-source-filter filter-person_card_meta post-meta wp-block-t2-post-dynamic-part\"><div class=\"title\"><h2 id=\"janne-dale-hauger\"  class=\"t2-post-title wp-block-t2-post-title\" >Janne Dale Hauger<\/h2><p class=\"position\">R\u00e5dgiver Forebygging<\/p><\/div><div class=\"contact-info\"><p class=\"phone\"><a href=\"tel:+4740514194\">+4740514194<\/a><\/p><p class=\"email\"><a href=\"mailto:janne.hauger@blakors.no\">janne.hauger@blakors.no<\/a><\/p><\/div><\/div>\n<\/div>\n\n<\/div>\n\n\t\t<\/div>\n\n\n<h2 class=\"wp-block-heading\" id=\"relaterte-ressurser\">Relaterte ressurser:<\/h2>\n\n\n<div class=\"t2-featured-content-layout alignwide alignwide wp-block-t2-featured-content-layout\" role=\"list\">\n<div class=\"t2-featured-single-post t2-featured-content is-post-type-page wp-block-t2-featured-single-post\" role=\"listitem\"><a class=\"t2-post-link wp-block-t2-post-link\" href=\"https:\/\/www.blakors.no\/ressursbank\/menighet\/\">\n<figure style=\"--t2-focal-point: 50% 50%;\" class=\"t2-post-featured-image has-image-ratio-16-9 wp-block-t2-post-featured-image\"><img loading=\"lazy\" decoding=\"async\" width=\"800\" height=\"533\" src=\"https:\/\/v.imgi.no\/blakors-8613-eb82faf327cb7ba767a910efb7c1eee1-800x533\/2025_05_jy1a2480corr-800px-1.webp\" class=\"attachment-post-thumbnail size-post-thumbnail wp-post-image\" alt=\"\" srcset=\"https:\/\/v.imgi.no\/blakors-8613-eb82faf327cb7ba767a910efb7c1eee1-150x100\/2025_05_jy1a2480corr-800px-1.webp 150w, https:\/\/v.imgi.no\/blakors-8613-eb82faf327cb7ba767a910efb7c1eee1-300x200\/2025_05_jy1a2480corr-800px-1.webp 300w, https:\/\/v.imgi.no\/blakors-8613-eb82faf327cb7ba767a910efb7c1eee1-768x511\/2025_05_jy1a2480corr-800px-1.webp 768w, https:\/\/v.imgi.no\/blakors-8613-eb82faf327cb7ba767a910efb7c1eee1-800x533\/2025_05_jy1a2480corr-800px-1.webp 800w, https:\/\/v.imgi.no\/blakors-8613-eb82faf327cb7ba767a910efb7c1eee1-800x533\/2025_05_jy1a2480corr-800px-1.webp 800w, https:\/\/v.imgi.no\/blakors-8613-eb82faf327cb7ba767a910efb7c1eee1-800x533\/2025_05_jy1a2480corr-800px-1.webp 800w, https:\/\/v.imgi.no\/blakors-8613-eb82faf327cb7ba767a910efb7c1eee1-300x200\/2025_05_jy1a2480corr-800px-1.webp 300w, https:\/\/v.imgi.no\/blakors-8613-eb82faf327cb7ba767a910efb7c1eee1-450x300\/2025_05_jy1a2480corr-800px-1.webp 450w, https:\/\/v.imgi.no\/blakors-8613-eb82faf327cb7ba767a910efb7c1eee1-200x133\/2025_05_jy1a2480corr-800px-1.webp 200w, https:\/\/v.imgi.no\/blakors-8613-eb82faf327cb7ba767a910efb7c1eee1-800x533\/2025_05_jy1a2480corr-800px-1.webp 800w, https:\/\/v.imgi.no\/blakors-8613-eb82faf327cb7ba767a910efb7c1eee1-300x200\/2025_05_jy1a2480corr-800px-1.webp 300w, https:\/\/v.imgi.no\/blakors-8613-eb82faf327cb7ba767a910efb7c1eee1-400x267\/2025_05_jy1a2480corr-800px-1.webp 400w, https:\/\/v.imgi.no\/blakors-8613-eb82faf327cb7ba767a910efb7c1eee1-600x400\/2025_05_jy1a2480corr-800px-1.webp 600w, https:\/\/v.imgi.no\/blakors-8613-eb82faf327cb7ba767a910efb7c1eee1-800x533\/2025_05_jy1a2480corr-800px-1.webp 800w, https:\/\/v.imgi.no\/blakors-8613-eb82faf327cb7ba767a910efb7c1eee1-800x533\/2025_05_jy1a2480corr-800px-1.webp 800w\" sizes=\"auto, (min-width: 782px) 768px, 100vw\" \/><\/figure>\n\n<div class=\"wp-block-group alignfull is-layout-flow wp-block-group-is-layout-flow\">\n\t<h2 id=\"materiell-til-menigheter\"  class=\"t2-post-title wp-block-t2-post-title\" >Materiell til menigheter<\/h2>\n\t<div class=\"wp-block-post-date__modified-date wp-block-post-date\"><time datetime=\"2026-04-22T12:47:04+02:00\">22. april 2026<\/time><\/div>\n\t\t\t<div class=\"single-meta t2-post-excerpt card-description wp-block-blakors-meta-display\"><\/div>\n\t\n<\/div>\n\n<\/a>\n<\/div>\n\n<div class=\"t2-featured-single-post t2-featured-content is-post-type-page wp-block-t2-featured-single-post\" role=\"listitem\"><a class=\"t2-post-link wp-block-t2-post-link\" href=\"https:\/\/www.blakors.no\/ressursbank\/snakkekort\/\">\n<figure style=\"--t2-focal-point: 50% 50%;\" class=\"t2-post-featured-image has-image-ratio-16-9 wp-block-t2-post-featured-image\"><img loading=\"lazy\" decoding=\"async\" width=\"478\" height=\"481\" src=\"https:\/\/www.blakors.no\/content\/uploads\/sites\/22\/2024\/03\/Snakkekort-mobil.jpg\" class=\"attachment-post-thumbnail size-post-thumbnail wp-post-image\" alt=\"\" srcset=\"https:\/\/www.blakors.no\/content\/uploads\/sites\/22\/2024\/03\/Snakkekort-mobil.jpg 478w, https:\/\/www.blakors.no\/content\/uploads\/sites\/22\/2024\/03\/Snakkekort-mobil-298x300.jpg 298w, https:\/\/www.blakors.no\/content\/uploads\/sites\/22\/2024\/03\/Snakkekort-mobil-150x150.jpg 150w, https:\/\/www.blakors.no\/content\/uploads\/sites\/22\/2024\/03\/Snakkekort-mobil-200x200.jpg 200w\" sizes=\"auto, (min-width: 782px) 768px, 100vw\" \/><\/figure>\n\n<div class=\"wp-block-group alignfull is-layout-flow wp-block-group-is-layout-flow\">\n\t<h2 id=\"snakkekort\"  class=\"t2-post-title wp-block-t2-post-title\" >Snakkekort<\/h2>\n\t<div class=\"wp-block-post-date__modified-date wp-block-post-date\"><time datetime=\"2026-04-23T11:15:18+02:00\">23. april 2026<\/time><\/div>\n\t\t\t<div class=\"single-meta t2-post-excerpt card-description wp-block-blakors-meta-display\">Samtaleverkt\u00f8y om alkohol, psykisk helse, ungdomstid og mer<\/div>\n\t\n<\/div>\n\n<\/a>\n<\/div>\n\n<div class=\"t2-featured-single-post t2-featured-content is-post-type-page wp-block-t2-featured-single-post\" role=\"listitem\"><a class=\"t2-post-link wp-block-t2-post-link\" href=\"https:\/\/www.blakors.no\/ressursbank\/nyskapende-arbeid-med-unge\/\">\n<figure style=\"--t2-focal-point: 50% 50%;\" class=\"t2-post-featured-image has-image-ratio-16-9 wp-block-t2-post-featured-image\"><img loading=\"lazy\" decoding=\"async\" width=\"2048\" height=\"1365\" src=\"https:\/\/www.blakors.no\/content\/uploads\/sites\/22\/2021\/04\/3-scaled.jpg\" class=\"attachment-post-thumbnail size-post-thumbnail wp-post-image\" alt=\"Jente holder stjerneskudd\" srcset=\"https:\/\/www.blakors.no\/content\/uploads\/sites\/22\/2021\/04\/3-scaled.jpg 2048w, https:\/\/www.blakors.no\/content\/uploads\/sites\/22\/2021\/04\/3-300x200.jpg 300w, https:\/\/www.blakors.no\/content\/uploads\/sites\/22\/2021\/04\/3-1024x683.jpg 1024w, https:\/\/www.blakors.no\/content\/uploads\/sites\/22\/2021\/04\/3-768x512.jpg 768w, https:\/\/www.blakors.no\/content\/uploads\/sites\/22\/2021\/04\/3-1536x1024.jpg 1536w\" sizes=\"auto, (min-width: 782px) 768px, 100vw\" \/><\/figure>\n\n<div class=\"wp-block-group alignfull is-layout-flow wp-block-group-is-layout-flow\">\n\t<h2 id=\"nyskapende-arbeid-med-unge\"  class=\"t2-post-title wp-block-t2-post-title\" >Nyskapende arbeid med unge<\/h2>\n\t<div class=\"wp-block-post-date__modified-date wp-block-post-date\"><time datetime=\"2025-07-30T08:44:48+02:00\">30. juli 2025<\/time><\/div>\n\t\t\t<div class=\"single-meta t2-post-excerpt card-description wp-block-blakors-meta-display\"><\/div>\n\t\n<\/div>\n\n<\/a>\n<\/div>\n<\/div>\n<div class=\"dekode-module-was-this-helpful\">\n\t<div class=\"\">\n\t\t<h2>Var dette nyttig?<\/h2>\n\t\t<form id=\"dekode-wth-form\">\n\t\t\t<button id=\"dekode-wth-yes\" class=\"button\" name=\"dekode-wth-feedback\" type=\"submit\"\n\t\t\t\t\tvalue=\"1\">Ja<\/button>\n\t\t\t<button id=\"dekode-wth-no\" class=\"button\" name=\"dekode-wth-feedback\" type=\"submit\"\n\t\t\t\t\tvalue=\"0\">Nei<\/button>\n\t\t\t<input type=\"hidden\" name=\"post_id\" value=\"336\"\/>\n\t\t<\/form>\n\t<\/div>\n<\/div>\n","protected":false},"excerpt":{"rendered":"<p>St\u00f8tt oss ved \u00e5 ta inn annonse eller henge opp plakat Har dere litt plass til overs i menighetsbladet? Mange barnefamilier vi m\u00f8ter, trenger veiledning, varme m\u00e5ltider og penger til kl\u00e6r og utstyr. Bl\u00e5 Kors er klare for \u00e5 hjelpe, og trenger all st\u00f8tten vi kan f\u00e5. St\u00f8tten betyr mye! Sett gjerne inn en annonse [&hellip;]<\/p>\n","protected":false},"author":21,"featured_media":8623,"parent":224,"menu_order":0,"comment_status":"closed","ping_status":"closed","template":"","meta":{"_acf_changed":false,"_relevanssi_hide_post":"","_relevanssi_hide_content":"","_relevanssi_pin_for_all":"","_relevanssi_pin_keywords":"","_relevanssi_unpin_keywords":"","_relevanssi_related_keywords":"","_relevanssi_related_include_ids":"","_relevanssi_related_exclude_ids":"","_relevanssi_related_no_append":"","_relevanssi_related_not_related":"","_relevanssi_related_posts":"1","_relevanssi_noindex_reason":"","_custom_cards_description":"","footnotes":""},"class_list":["post-336","page","type-page","status-publish","has-post-thumbnail","hentry"],"acf":[],"_links":{"self":[{"href":"https:\/\/www.blakors.no\/ressursbank\/wp-json\/wp\/v2\/pages\/336","targetHints":{"allow":["GET"]}}],"collection":[{"href":"https:\/\/www.blakors.no\/ressursbank\/wp-json\/wp\/v2\/pages"}],"about":[{"href":"https:\/\/www.blakors.no\/ressursbank\/wp-json\/wp\/v2\/types\/page"}],"author":[{"embeddable":true,"href":"https:\/\/www.blakors.no\/ressursbank\/wp-json\/wp\/v2\/users\/21"}],"replies":[{"embeddable":true,"href":"https:\/\/www.blakors.no\/ressursbank\/wp-json\/wp\/v2\/comments?post=336"}],"version-history":[{"count":6,"href":"https:\/\/www.blakors.no\/ressursbank\/wp-json\/wp\/v2\/pages\/336\/revisions"}],"predecessor-version":[{"id":12255,"href":"https:\/\/www.blakors.no\/ressursbank\/wp-json\/wp\/v2\/pages\/336\/revisions\/12255"}],"up":[{"embeddable":true,"href":"https:\/\/www.blakors.no\/ressursbank\/wp-json\/wp\/v2\/pages\/224"}],"wp:featuredmedia":[{"embeddable":true,"href":"https:\/\/www.blakors.no\/ressursbank\/wp-json\/wp\/v2\/media\/8623"}],"wp:attachment":[{"href":"https:\/\/www.blakors.no\/ressursbank\/wp-json\/wp\/v2\/media?parent=336"}],"curies":[{"name":"wp","href":"https:\/\/api.w.org\/{rel}","templated":true}]}}