{"id":6563,"date":"2024-06-13T11:14:55","date_gmt":"2024-06-13T09:14:55","guid":{"rendered":"https:\/\/www.blakors.no\/ressursbank\/?page_id=6563"},"modified":"2026-03-16T12:15:28","modified_gmt":"2026-03-16T11:15:28","slug":"mobbing","status":"publish","type":"page","link":"https:\/\/www.blakors.no\/ressursbank\/undervisningsopplegg\/mobbing\/","title":{"rendered":"Undervisningsopplegg for ungdomsskoler om mobbing"},"content":{"rendered":"<div class=\"custom-block-banner alignwide contenthalf\"><div class=\"banner-image\" style=\"background-image:url(https:\/\/www.blakors.no\/content\/uploads\/sites\/22\/2024\/06\/Tara-klasserom-1024x540.jpg)\"><\/div><div class=\"banner-inner\"><div><h1 id=\"hvordan-snakke-med-ungdom-om-mobbing\"  class=\"title small \" >Hvordan snakke med ungdom om mobbing?<\/h1><p>Bl\u00e5 Kors SnakkOmMobbing.no har utarbeidet et pedagogiske opplegg tilpasset ungdomsskolen. Innholdet omhandler mobbing og best\u00e5r av videosnutter, refleksjonssp\u00f8rsm\u00e5l, oppgaver, m.m.<\/p><\/div><\/div><\/div>\n\n<h2 id=\"sammendrag\"  >Sammendrag<\/h2><div class=\"t2-accordion wp-block-t2-accordion\" data-allow-multiple=\"1\" role=\"list\"><div class=\"t2-accordion-item wp-block-t2-accordion-item\" role=\"listitem\">\n\t\t\t<h3 class=\"t2-accordion-title\">\n\t\t\t\t<button type=\"button\" class=\"t2-accordion-trigger\" id=\"hva-finner-du-her?\" aria-controls=\"accordion-panel\" aria-expanded=\"false\">\n\t\t\t\t\tHva finner du her?\n\t\t\t\t\t<span class=\"t2-accordion-icon is-closed-icon\"><svg xmlns=\"http:\/\/www.w3.org\/2000\/svg\" viewBox=\"0 0 24 24\" height=\"24\" width=\"24\" class=\"t2-icon t2-icon-chevrondown\" aria-hidden=\"true\" focusable=\"false\"><path d=\"M12 14.9c-.1 0-.3 0-.4-.1-.1 0-.2-.1-.3-.2L6.7 10c-.2-.1-.3-.4-.3-.6 0-.3.1-.5.3-.7.2-.2.4-.3.7-.3s.5.1.7.3l3.9 3.9 3.9-3.9c.2-.2.4-.3.7-.3.3 0 .5.1.7.3.2.2.3.4.3.7s-.1.5-.3.7l-4.6 4.6c-.1.1-.2.2-.3.2H12z\" fill=\"currentColor\" \/><\/svg><\/span>\n\t\t\t\t\t<span class=\"t2-accordion-icon is-open-icon\"><svg xmlns=\"http:\/\/www.w3.org\/2000\/svg\" viewBox=\"0 0 24 24\" height=\"24\" width=\"24\" class=\"t2-icon t2-icon-chevronup\" aria-hidden=\"true\" focusable=\"false\"><path d=\"M6.7 14.7c-.2-.2-.3-.4-.3-.7s.1-.5.3-.7l4.6-4.6c.1-.1.2-.2.3-.2.1 0 .2-.1.4-.1.1 0 .3 0 .4.1.1 0 .2.1.3.2l4.6 4.6c.2.2.3.4.3.7s-.1.5-.3.7c-.2.2-.4.3-.7.3s-.5-.1-.7-.3L12 10.8l-3.9 3.9c-.2.2-.4.3-.7.3s-.5-.1-.7-.3z\" fill=\"currentColor\" \/><\/svg><\/span>\n\t\t\t\t<\/button>\n\t\t\t<\/h3>\n\t\t\t<div class=\"t2-accordion-item__inner-container is-layout-flow\" id=\"accordion-panel\" aria-labelledby=\"hva-finner-du-her?\" role=\"region\" hidden>\n\t\t\t\t\n\t\t\t\t<p>Her finner du to <strong>undervisningsopplegg<\/strong> til bruk med ungdom.<\/p>\n<p><strong>\u00abSnitcher du,d\u00f8r du\u00bb<\/strong> er mest omfattende og inkluderer ogs\u00e5 en egen veileder til l\u00e6rer.<\/p>\n<p><strong>\u00abMobbet\/mobber\u00bb<\/strong> kan brukes med kun powerpointpresentasjonen og inneholder bl.a. en del \u00f8velser og videosnutter.<\/p>\n<p>Det pedagogiske materiellet best\u00e5r av blant annet powerpointpresentasjoner, videosnutter og refleksjonssp\u00f8rsm\u00e5l.<\/p>\n<p>Opplegget er utvilket av SnakkOmMobbing.no, en gratis chat-tjeneste for barn og unge..<\/p>\n\n\t\t\t\n\t\t\t<\/div>\n\t\t<\/div><div class=\"t2-accordion-item wp-block-t2-accordion-item\" role=\"listitem\">\n\t\t\t<h3 class=\"t2-accordion-title\">\n\t\t\t\t<button type=\"button\" class=\"t2-accordion-trigger\" id=\"hvem-er-materiellet-for?\" aria-controls=\"accordion-panel-1\" aria-expanded=\"false\">\n\t\t\t\t\tHvem er materiellet for?\n\t\t\t\t\t<span class=\"t2-accordion-icon is-closed-icon\"><svg xmlns=\"http:\/\/www.w3.org\/2000\/svg\" viewBox=\"0 0 24 24\" height=\"24\" width=\"24\" class=\"t2-icon t2-icon-chevrondown\" aria-hidden=\"true\" focusable=\"false\"><path d=\"M12 14.9c-.1 0-.3 0-.4-.1-.1 0-.2-.1-.3-.2L6.7 10c-.2-.1-.3-.4-.3-.6 0-.3.1-.5.3-.7.2-.2.4-.3.7-.3s.5.1.7.3l3.9 3.9 3.9-3.9c.2-.2.4-.3.7-.3.3 0 .5.1.7.3.2.2.3.4.3.7s-.1.5-.3.7l-4.6 4.6c-.1.1-.2.2-.3.2H12z\" fill=\"currentColor\" \/><\/svg><\/span>\n\t\t\t\t\t<span class=\"t2-accordion-icon is-open-icon\"><svg xmlns=\"http:\/\/www.w3.org\/2000\/svg\" viewBox=\"0 0 24 24\" height=\"24\" width=\"24\" class=\"t2-icon t2-icon-chevronup\" aria-hidden=\"true\" focusable=\"false\"><path d=\"M6.7 14.7c-.2-.2-.3-.4-.3-.7s.1-.5.3-.7l4.6-4.6c.1-.1.2-.2.3-.2.1 0 .2-.1.4-.1.1 0 .3 0 .4.1.1 0 .2.1.3.2l4.6 4.6c.2.2.3.4.3.7s-.1.5-.3.7c-.2.2-.4.3-.7.3s-.5-.1-.7-.3L12 10.8l-3.9 3.9c-.2.2-.4.3-.7.3s-.5-.1-.7-.3z\" fill=\"currentColor\" \/><\/svg><\/span>\n\t\t\t\t<\/button>\n\t\t\t<\/h3>\n\t\t\t<div class=\"t2-accordion-item__inner-container is-layout-flow\" id=\"accordion-panel-1\" aria-labelledby=\"hvem-er-materiellet-for?\" role=\"region\" hidden>\n\t\t\t\t\n\t\t\t\t<div class=\"page\" title=\"Page 2\">\n<div class=\"section\">\n<div class=\"layoutArea\">\n<div class=\"column\">\n<p>Opplegget er utviklet for ungdomsskolen og passer best til klasseromsundervisning. Opplegget kan ogs\u00e5 tas i bruk av andre som \u00f8nsker \u00e5 sette mobbing p\u00e5 dagsorden.<\/p>\n<\/div>\n<\/div>\n<\/div>\n<\/div>\n\n\t\t\t\n\t\t\t<\/div>\n\t\t<\/div><div class=\"t2-accordion-item wp-block-t2-accordion-item\" role=\"listitem\">\n\t\t\t<h3 class=\"t2-accordion-title\">\n\t\t\t\t<button type=\"button\" class=\"t2-accordion-trigger\" id=\"slik-bruker-du-materiellet\" aria-controls=\"accordion-panel-2\" aria-expanded=\"false\">\n\t\t\t\t\tSlik bruker du materiellet\n\t\t\t\t\t<span class=\"t2-accordion-icon is-closed-icon\"><svg xmlns=\"http:\/\/www.w3.org\/2000\/svg\" viewBox=\"0 0 24 24\" height=\"24\" width=\"24\" class=\"t2-icon t2-icon-chevrondown\" aria-hidden=\"true\" focusable=\"false\"><path d=\"M12 14.9c-.1 0-.3 0-.4-.1-.1 0-.2-.1-.3-.2L6.7 10c-.2-.1-.3-.4-.3-.6 0-.3.1-.5.3-.7.2-.2.4-.3.7-.3s.5.1.7.3l3.9 3.9 3.9-3.9c.2-.2.4-.3.7-.3.3 0 .5.1.7.3.2.2.3.4.3.7s-.1.5-.3.7l-4.6 4.6c-.1.1-.2.2-.3.2H12z\" fill=\"currentColor\" \/><\/svg><\/span>\n\t\t\t\t\t<span class=\"t2-accordion-icon is-open-icon\"><svg xmlns=\"http:\/\/www.w3.org\/2000\/svg\" viewBox=\"0 0 24 24\" height=\"24\" width=\"24\" class=\"t2-icon t2-icon-chevronup\" aria-hidden=\"true\" focusable=\"false\"><path d=\"M6.7 14.7c-.2-.2-.3-.4-.3-.7s.1-.5.3-.7l4.6-4.6c.1-.1.2-.2.3-.2.1 0 .2-.1.4-.1.1 0 .3 0 .4.1.1 0 .2.1.3.2l4.6 4.6c.2.2.3.4.3.7s-.1.5-.3.7c-.2.2-.4.3-.7.3s-.5-.1-.7-.3L12 10.8l-3.9 3.9c-.2.2-.4.3-.7.3s-.5-.1-.7-.3z\" fill=\"currentColor\" \/><\/svg><\/span>\n\t\t\t\t<\/button>\n\t\t\t<\/h3>\n\t\t\t<div class=\"t2-accordion-item__inner-container is-layout-flow\" id=\"accordion-panel-2\" aria-labelledby=\"slik-bruker-du-materiellet\" role=\"region\" hidden>\n\t\t\t\t\n\t\t\t\t<p>Undervisningsoppleggene er ferdig utformet som Powerpoint-presentasjon med st\u00f8tteark for l\u00e6rer, og kan benyttes uten bearbeidelse.<\/p>\n<p>Forberedelse:<\/p>\n<ul>\n<li>Se over powerpointen og tih\u00f8rende filmer og l\u00e6rerveiledning. Velg hvilket av de to undervisningsoppleggene du \u00f8nsker \u00e5 bruke<\/li>\n<li>S\u00f8rg for at du har tilgang til skjerm med lydavspilling og internett.<\/li>\n<\/ul>\n<p>Gjennomf\u00f8ring:<\/p>\n<ul>\n<li>Vis powerpointen og f\u00f8lg instruksene i den og l\u00e6rerveiledningen.<\/li>\n<\/ul>\n<p>&nbsp;<\/p>\n\n\t\t\t\n\t\t\t<\/div>\n\t\t<\/div><\/div>\n\n\n<h2 id=\"undervisningsopplegg-1-4-skoletimer\"  class=\"wp-block-heading\" >Undervisningsopplegg (1-4 skoletimer) <\/h2>\n\n\n\n<div class=\"wp-block-media-text is-stacked-on-mobile\"><figure class=\"wp-block-media-text__media\"><img loading=\"lazy\" decoding=\"async\" width=\"622\" height=\"613\" src=\"https:\/\/www.blakors.no\/content\/uploads\/sites\/22\/2024\/07\/snitcher-dor-du.png\" alt=\"\" class=\"wp-image-6892 size-full\" srcset=\"https:\/\/www.blakors.no\/content\/uploads\/sites\/22\/2024\/07\/snitcher-dor-du.png 622w, https:\/\/www.blakors.no\/content\/uploads\/sites\/22\/2024\/07\/snitcher-dor-du-300x296.png 300w\" sizes=\"auto, (max-width: 622px) 100vw, 622px\" \/><\/figure><div class=\"wp-block-media-text__content\">\n<p>Opplegget &laquo;Snitcher du, d\u00f8r du&raquo; best\u00e5r av to deler og kan brukes i 1-4 skoletimer, avhengig av hvilke oppgaver man velger og refleksjon i klasserommet. <\/p>\n\n\n\n<div class=\"wp-block-buttons is-layout-flex wp-block-buttons-is-layout-flex\">\n<div class=\"wp-block-button is-style-primary\"><a class=\"wp-block-button__link has-white-color has-blue-background-color has-text-color has-background has-link-color wp-element-button\" href=\"https:\/\/snakkommobbing.no\/wp-content\/uploads\/2023\/02\/Bla-Kors-Snitcher-du-dor-du.pptx\" target=\"_blank\" rel=\"noopener\">Last ned powerpoint-presentasjonen<\/a><\/div>\n<\/div>\n<\/div><\/div>\n\n\n\n<p>L\u00e6rerveiledningen innholder detaljert manus til hver side i powerpointen, slik at det er enkelt \u00e5 gjennomf\u00f8re. <\/p>\n\n\n\n<div class=\"wp-block-buttons is-layout-flex wp-block-buttons-is-layout-flex\">\n<div class=\"wp-block-button is-style-primary\"><a class=\"wp-block-button__link has-white-color has-blue-background-color has-text-color has-background has-link-color wp-element-button\" href=\"https:\/\/snakkommobbing.no\/wp-content\/uploads\/2023\/02\/Bla-Kors-Snitcher-du-dor-du.pdf\" target=\"_blank\" rel=\"noopener\">Last ned l\u00e6rerveiledning <\/a><\/div>\n<\/div>\n\n\n\n<h2 id=\"undervisningsopplegg-1-2-skoletimer\"  class=\"wp-block-heading\" >Undervisningsopplegg (1-2 skoletimer)<\/h2>\n\n\n\n<div class=\"wp-block-media-text is-stacked-on-mobile\"><figure class=\"wp-block-media-text__media\"><img loading=\"lazy\" decoding=\"async\" width=\"605\" height=\"437\" src=\"https:\/\/www.blakors.no\/content\/uploads\/sites\/22\/2024\/07\/mobbet-mobber.png\" alt=\"\" class=\"wp-image-6889 size-full\" srcset=\"https:\/\/www.blakors.no\/content\/uploads\/sites\/22\/2024\/07\/mobbet-mobber.png 605w, https:\/\/www.blakors.no\/content\/uploads\/sites\/22\/2024\/07\/mobbet-mobber-300x217.png 300w\" sizes=\"auto, (max-width: 605px) 100vw, 605px\" \/><\/figure><div class=\"wp-block-media-text__content\">\n<p>Presentasjonen &laquo;Mobbet\/Mobber&raquo; kan brukes selvstendig uten egen l\u00e6rerveiledning. Innholdet best\u00e5r av refleksjonsoppgaver, videosnutter og \u00f8velser. <\/p>\n\n\n\n<div class=\"wp-block-buttons is-layout-flex wp-block-buttons-is-layout-flex\">\n<div class=\"wp-block-button is-style-primary\"><a class=\"wp-block-button__link has-white-color has-blue-background-color has-text-color has-background has-link-color wp-element-button\" href=\"https:\/\/www.blakors.no\/content\/uploads\/sites\/22\/2024\/09\/BlaKors\u2013SnakkOmMobbing-Mobber-2022.pptx\">Last ned powerpoint-presentasjonen<\/a><\/div>\n<\/div>\n\n\n\n<p>Opplegget kan brukes i 1-2 skoletimer, avhengig av hvilke oppgaver man velger og refleksjon i klasserommet.<\/p>\n<\/div><\/div>\n\n\n\n\t\t<div class=\"wp-block-lib-accentuated-link\">\n\t\t\t<a class=\"lib-link__link\" href=\"https:\/\/www.blakors.no\/ressursbank\/snakkekort\/mobbing\/\" target=\"\" rel=\"\">\n\t\t\t\t\n\t\t\t\t<div class=\"lib-link__text-content\">\n\t\t\t\t\t<span class=\"lib-link__tagline\">\n\t\t\t\t\t\tSe ogs\u00e5\n\t\t\t\t\t<\/span>\n\n\t\t\t\t\t<h3 class=\"lib-link__title\">\n\t\t\t\t\t\tSnakkekort om mobbing &#8211; enkelt og fleksibelt\n\t\t\t\t\t<\/h3>\n\n\t\t\t\t\t\n\t\t\t\t<\/div>\n\t\t\t<\/a>\n\t\t<\/div>\n\n\n\t\t<div class=\"wp-block-blakors-expanding-fact-box has-background has-brown-light-background-color\">\n\t\t\t<h3 id=\"utviklet-av-fagfolk\"  class=\"blakors-fact-box__title\" >Utviklet av fagfolk<\/h3>\n\t\t\t<div class=\"blakors-fact-box__content\">\n\t\t\t\t\n\n<p>Materiellet er utviklet av Bl\u00e5 Kors chat-senter som driver chat-tjenestene <a href=\"https:\/\/snakkommobbing.no\" target=\"_blank\" rel=\"noopener\">SnakkOmMobbing.no<\/a> og <a href=\"https:\/\/snakkompsyken.no\" target=\"_blank\" rel=\"noopener\">SnakkOmPsyken<\/a>.no, i samarbeid med Oddemarka skole, Grim skole og Oasen skole Str\u00f8mme i Kristiansand.<\/p>\n\n\n\n<p>SnakkOmMobbing har siden etableringen i 2015 snakket med 35.000 (2022) barn og unge p\u00e5 chat som setter ord p\u00e5 sin opplevelse av mobbing. Unders\u00f8kelser viser at 60.000 barn og unge utsettes for mobbing hvert \u00e5r, og bare halvparten v\u00e5ger \u00e5 si ifra. <\/p>\n\n\n\n<p>Vi vet at kompleksiteten i mobbesituasjoner kan gj\u00f8re det utfordrende for de voksne \u00e5 m\u00f8te barn og unge i deres opplevelse og sette inn de tiltakene som f\u00f8rer til endring.<\/p>\n\n\n\t\t\t<\/div>\n\t\t\t<div class=\"blakors-fact-box__toggle\">\n\t\t\t\t<button class=\"blakors-fact-box__button\"><svg xmlns=\"http:\/\/www.w3.org\/2000\/svg\" viewBox=\"0 0 17.367 17.367\"><path d=\"M0-8.684v-2.133H13.2L7.16-16.91l1.523-1.523L17.367-9.75,8.684-1.066,7.109-2.59,13.2-8.684Z\" transform=\"translate(0 18.434)\" \/><\/svg><\/button>\n\t\t\t<\/div>\n\t\t<\/div>\n\n\n<h2 id=\"sporsmal\"  class=\"wp-block-heading\" >Sp\u00f8rsm\u00e5l? <\/h2>\n\n\n\n<p>Har du sp\u00f8rsm\u00e5l, eller \u00f8nsker mer informasjon? Ta kontakt med <a href=\"mailto:chat-senter@blakors.no\">Bl\u00e5 Kors chat-senter<\/a>.<\/p>\n\n\n\n<h2 id=\"relaterte-ressurser\"  class=\"wp-block-heading\" >Relaterte ressurser:<\/h2>\n\n\n<div class=\"t2-featured-content-layout alignwide alignwide wp-block-t2-featured-content-layout\" role=\"list\">\n<div class=\"t2-featured-single-post t2-featured-content show-description is-post-type-page wp-block-t2-featured-single-post\" role=\"listitem\"><a class=\"t2-post-link wp-block-t2-post-link\" href=\"https:\/\/www.blakors.no\/ressursbank\/snakkommobbing-ressursen\/\">\n<figure style=\"--t2-focal-point: 50% 50%;\" class=\"t2-post-featured-image has-image-ratio-16-9 wp-block-t2-post-featured-image\"><img loading=\"lazy\" decoding=\"async\" width=\"2000\" height=\"1546\" src=\"https:\/\/www.blakors.no\/content\/uploads\/sites\/22\/2022\/03\/3-C-selvskading.png\" class=\"attachment-post-thumbnail size-post-thumbnail wp-post-image\" alt=\"Selvf\u00f8lelse Illstr: Oscar Jansen\" srcset=\"https:\/\/www.blakors.no\/content\/uploads\/sites\/22\/2022\/03\/3-C-selvskading.png 2000w, https:\/\/www.blakors.no\/content\/uploads\/sites\/22\/2022\/03\/3-C-selvskading-300x232.png 300w, https:\/\/www.blakors.no\/content\/uploads\/sites\/22\/2022\/03\/3-C-selvskading-1024x792.png 1024w, https:\/\/www.blakors.no\/content\/uploads\/sites\/22\/2022\/03\/3-C-selvskading-768x594.png 768w, https:\/\/www.blakors.no\/content\/uploads\/sites\/22\/2022\/03\/3-C-selvskading-1536x1187.png 1536w\" sizes=\"auto, (min-width: 782px) 768px, 100vw\" \/><\/figure>\n\n<div class=\"wp-block-group alignfull is-layout-flow wp-block-group-is-layout-flow\">\n\t<h2 id=\"snakkommobbing-programmet\"  class=\"t2-post-title wp-block-t2-post-title\" >SnakkOmMobbing-programmet<\/h2>\n\t<div class=\"wp-block-post-date__modified-date wp-block-post-date\"><time datetime=\"2026-01-21T14:16:57+01:00\">21. januar 2026<\/time><\/div>\n\t\t\t<div class=\"single-meta t2-post-excerpt card-description wp-block-blakors-meta-display\"><\/div>\n\t\n<\/div>\n\n<\/a>\n<\/div>\n\n<div class=\"t2-featured-single-post t2-featured-content show-description is-post-type-page wp-block-t2-featured-single-post\" role=\"listitem\"><a class=\"t2-post-link wp-block-t2-post-link\" href=\"https:\/\/www.blakors.no\/ressursbank\/undervisningsopplegg\/rusmidler\/\">\n<figure style=\"--t2-focal-point: 50% 50%;\" class=\"t2-post-featured-image has-image-ratio-16-9 wp-block-t2-post-featured-image\"><img loading=\"lazy\" decoding=\"async\" width=\"1200\" height=\"629\" src=\"https:\/\/www.blakors.no\/content\/uploads\/sites\/22\/2021\/09\/Hvordan-snakke-med-ungdom-om-rus.jpg\" class=\"attachment-post-thumbnail size-post-thumbnail wp-post-image\" alt=\"Barn og en voksen sitter i ring\" srcset=\"https:\/\/www.blakors.no\/content\/uploads\/sites\/22\/2021\/09\/Hvordan-snakke-med-ungdom-om-rus.jpg 1200w, https:\/\/www.blakors.no\/content\/uploads\/sites\/22\/2021\/09\/Hvordan-snakke-med-ungdom-om-rus-300x157.jpg 300w, https:\/\/www.blakors.no\/content\/uploads\/sites\/22\/2021\/09\/Hvordan-snakke-med-ungdom-om-rus-1024x537.jpg 1024w, https:\/\/www.blakors.no\/content\/uploads\/sites\/22\/2021\/09\/Hvordan-snakke-med-ungdom-om-rus-768x403.jpg 768w\" sizes=\"auto, (min-width: 782px) 768px, 100vw\" \/><\/figure>\n\n<div class=\"wp-block-group alignfull is-layout-flow wp-block-group-is-layout-flow\">\n\t<h2 id=\"hvordan-snakke-med-ungdom-om-rus\"  class=\"t2-post-title wp-block-t2-post-title\" >Hvordan snakke med ungdom om rus?<\/h2>\n\t<div class=\"wp-block-post-date__modified-date wp-block-post-date\"><time datetime=\"2026-03-16T12:13:49+01:00\">16. mars 2026<\/time><\/div>\n\t\t\t<div class=\"single-meta t2-post-excerpt card-description wp-block-blakors-meta-display\"><\/div>\n\t\n<\/div>\n\n<\/a>\n<\/div>\n\n<div class=\"t2-featured-single-post t2-featured-content show-description is-post-type-page wp-block-t2-featured-single-post\" role=\"listitem\"><a class=\"t2-post-link wp-block-t2-post-link\" href=\"https:\/\/www.blakors.no\/ressursbank\/snakkekort\/\">\n<figure style=\"--t2-focal-point: 50% 50%;\" class=\"t2-post-featured-image has-image-ratio-16-9 wp-block-t2-post-featured-image\"><img loading=\"lazy\" decoding=\"async\" width=\"478\" height=\"481\" src=\"https:\/\/www.blakors.no\/content\/uploads\/sites\/22\/2024\/03\/Snakkekort-mobil.jpg\" class=\"attachment-post-thumbnail size-post-thumbnail wp-post-image\" alt=\"\" srcset=\"https:\/\/www.blakors.no\/content\/uploads\/sites\/22\/2024\/03\/Snakkekort-mobil.jpg 478w, https:\/\/www.blakors.no\/content\/uploads\/sites\/22\/2024\/03\/Snakkekort-mobil-298x300.jpg 298w, https:\/\/www.blakors.no\/content\/uploads\/sites\/22\/2024\/03\/Snakkekort-mobil-150x150.jpg 150w, https:\/\/www.blakors.no\/content\/uploads\/sites\/22\/2024\/03\/Snakkekort-mobil-200x200.jpg 200w\" sizes=\"auto, (min-width: 782px) 768px, 100vw\" \/><\/figure>\n\n<div class=\"wp-block-group alignfull is-layout-flow wp-block-group-is-layout-flow\">\n\t<h2 id=\"snakkekort\"  class=\"t2-post-title wp-block-t2-post-title\" >Snakkekort<\/h2>\n\t<div class=\"wp-block-post-date__modified-date wp-block-post-date\"><time datetime=\"2026-04-23T11:15:18+02:00\">23. april 2026<\/time><\/div>\n\t\t\t<div class=\"single-meta t2-post-excerpt card-description wp-block-blakors-meta-display\">Samtaleverkt\u00f8y om alkohol, psykisk helse, ungdomstid og mer<\/div>\n\t\n<\/div>\n\n<\/a>\n<\/div>\n<\/div>\n<div class=\"dekode-module-was-this-helpful\">\n\t<div class=\"\">\n\t\t<h2>Var dette nyttig?<\/h2>\n\t\t<form id=\"dekode-wth-form\">\n\t\t\t<button id=\"dekode-wth-yes\" class=\"button\" name=\"dekode-wth-feedback\" type=\"submit\"\n\t\t\t\t\tvalue=\"1\">Ja<\/button>\n\t\t\t<button id=\"dekode-wth-no\" class=\"button\" name=\"dekode-wth-feedback\" type=\"submit\"\n\t\t\t\t\tvalue=\"0\">Nei<\/button>\n\t\t\t<input type=\"hidden\" name=\"post_id\" value=\"6563\"\/>\n\t\t<\/form>\n\t<\/div>\n<\/div>\n","protected":false},"excerpt":{"rendered":"<p>Undervisningsopplegg (1-4 skoletimer) L\u00e6rerveiledningen innholder detaljert manus til hver side i powerpointen, slik at det er enkelt \u00e5 gjennomf\u00f8re. Undervisningsopplegg (1-2 skoletimer) Sp\u00f8rsm\u00e5l? Har du sp\u00f8rsm\u00e5l, eller \u00f8nsker mer informasjon? Ta kontakt med Bl\u00e5 Kors chat-senter. Relaterte ressurser: Var dette nyttig? Ja Nei<\/p>\n","protected":false},"author":25,"featured_media":6566,"parent":12637,"menu_order":0,"comment_status":"closed","ping_status":"closed","template":"","meta":{"_acf_changed":false,"_relevanssi_hide_post":"","_relevanssi_hide_content":"","_relevanssi_pin_for_all":"on","_relevanssi_pin_keywords":"","_relevanssi_unpin_keywords":"","_relevanssi_related_keywords":"","_relevanssi_related_include_ids":"","_relevanssi_related_exclude_ids":"","_relevanssi_related_no_append":"","_relevanssi_related_not_related":"","_relevanssi_related_posts":"998","_relevanssi_noindex_reason":"","_custom_cards_description":"","footnotes":""},"class_list":["post-6563","page","type-page","status-publish","has-post-thumbnail","hentry"],"acf":[],"_links":{"self":[{"href":"https:\/\/www.blakors.no\/ressursbank\/wp-json\/wp\/v2\/pages\/6563","targetHints":{"allow":["GET"]}}],"collection":[{"href":"https:\/\/www.blakors.no\/ressursbank\/wp-json\/wp\/v2\/pages"}],"about":[{"href":"https:\/\/www.blakors.no\/ressursbank\/wp-json\/wp\/v2\/types\/page"}],"author":[{"embeddable":true,"href":"https:\/\/www.blakors.no\/ressursbank\/wp-json\/wp\/v2\/users\/25"}],"replies":[{"embeddable":true,"href":"https:\/\/www.blakors.no\/ressursbank\/wp-json\/wp\/v2\/comments?post=6563"}],"version-history":[{"count":4,"href":"https:\/\/www.blakors.no\/ressursbank\/wp-json\/wp\/v2\/pages\/6563\/revisions"}],"predecessor-version":[{"id":12869,"href":"https:\/\/www.blakors.no\/ressursbank\/wp-json\/wp\/v2\/pages\/6563\/revisions\/12869"}],"up":[{"embeddable":true,"href":"https:\/\/www.blakors.no\/ressursbank\/wp-json\/wp\/v2\/pages\/12637"}],"wp:featuredmedia":[{"embeddable":true,"href":"https:\/\/www.blakors.no\/ressursbank\/wp-json\/wp\/v2\/media\/6566"}],"wp:attachment":[{"href":"https:\/\/www.blakors.no\/ressursbank\/wp-json\/wp\/v2\/media?parent=6563"}],"curies":[{"name":"wp","href":"https:\/\/api.w.org\/{rel}","templated":true}]}}