{"id":7879,"date":"2025-01-31T16:33:13","date_gmt":"2025-01-31T15:33:13","guid":{"rendered":"https:\/\/www.blakors.no\/ressursbank\/?page_id=7879"},"modified":"2025-01-31T16:54:13","modified_gmt":"2025-01-31T15:54:13","slug":"hvordan-bruke-kart-og-kompass","status":"publish","type":"page","link":"https:\/\/www.blakors.no\/ressursbank\/hvordan-bruke-kart-og-kompass\/","title":{"rendered":"Hvordan bruke kart og kompass"},"content":{"rendered":"\n<p><strong>Tips og r\u00e5d til \u00e5 hjelpe barn, unge og familier \u00e5 bli kjent med kart og kompass. <\/strong><\/p>\n\n\n\n<div class=\"wp-block-rank-math-toc-block\" id=\"rank-math-toc\"><h2 class=\"title-wrapper\"><button id=\"innhold\" class=\"blakors-table-of-contents-toggle\" aria-expanded=\"true\">\n\t\t\tInnhold\n\t\t\t<svg xmlns=\"http:\/\/www.w3.org\/2000\/svg\" viewBox=\"0 0 24 24\" height=\"24\" width=\"24\" class=\"t2-icon t2-icon-chevrondown\" aria-hidden=\"true\" focusable=\"false\"><path d=\"M12 14.9c-.1 0-.3 0-.4-.1-.1 0-.2-.1-.3-.2L6.7 10c-.2-.1-.3-.4-.3-.6 0-.3.1-.5.3-.7.2-.2.4-.3.7-.3s.5.1.7.3l3.9 3.9 3.9-3.9c.2-.2.4-.3.7-.3.3 0 .5.1.7.3.2.2.3.4.3.7s-.1.5-.3.7l-4.6 4.6c-.1.1-.2.2-.3.2H12z\" fill=\"currentColor\" \/><\/svg>\n\t\t<\/button><\/h2><nav><ul><li><a href=\"#kart-og-kompass-for-nybegynnere\">Kart og kompass for nybegynnere<\/a><ul><li><a href=\"#fint-a-vite-om-kart\">Fint \u00e5 vite om kart<\/a><\/li><li><a href=\"#fint-a-vite-om-kompass\">Fint \u00e5 vite om kompass<\/a><\/li><\/ul><\/li><li><a href=\"#kart-og-kompass-oppgaver\">Slik bruker du kart og kompass<\/a><\/li><li><a href=\"#kart-og-kompass-oppgaver-1\">Kart og kompass oppgaver<\/a><\/li><li><a href=\"#lek-med-kart-og-kompass-sjoroverdag\">Lek med kart og kompass: Sj\u00f8r\u00f8verdag<\/a><\/li><\/ul><\/nav><\/div>\n\n\n\n<h2 class=\"wp-block-heading\" id=\"kart-og-kompass-for-nybegynnere\">Kart og kompass for nybegynnere<\/h2>\n\n\n\n<h3 class=\"wp-block-heading\" id=\"fint-a-vite-om-kart\"><strong>Fint \u00e5 vite om kart<\/strong><\/h3>\n\n\n\n<p>Nord er alltid oppover p\u00e5 kartet. Alle kart har fargekoder for \u00e5 gj\u00f8re det enklere \u00e5 lese.<\/p>\n\n\n\n<div class=\"wp-block-columns is-layout-flex wp-container-core-columns-is-layout-9d6595d7 wp-block-columns-is-layout-flex\">\n<div class=\"wp-block-column is-layout-flow wp-block-column-is-layout-flow\" style=\"flex-basis:50%\">\n<figure class=\"wp-block-image size-large\"><img loading=\"lazy\" decoding=\"async\" width=\"1024\" height=\"682\" src=\"https:\/\/www.blakors.no\/content\/uploads\/sites\/22\/2025\/01\/annie-spratt-kZO9xqmO_TA-unsplash-1024x682.jpg\" alt=\"\" class=\"wp-image-7881\" srcset=\"https:\/\/www.blakors.no\/content\/uploads\/sites\/22\/2025\/01\/annie-spratt-kZO9xqmO_TA-unsplash-1024x682.jpg 1024w, https:\/\/www.blakors.no\/content\/uploads\/sites\/22\/2025\/01\/annie-spratt-kZO9xqmO_TA-unsplash-300x200.jpg 300w, https:\/\/www.blakors.no\/content\/uploads\/sites\/22\/2025\/01\/annie-spratt-kZO9xqmO_TA-unsplash-768x511.jpg 768w, https:\/\/www.blakors.no\/content\/uploads\/sites\/22\/2025\/01\/annie-spratt-kZO9xqmO_TA-unsplash-1536x1022.jpg 1536w, https:\/\/www.blakors.no\/content\/uploads\/sites\/22\/2025\/01\/annie-spratt-kZO9xqmO_TA-unsplash.jpg 1920w\" sizes=\"auto, (max-width: 1024px) 100vw, 1024px\" \/><figcaption class=\"wp-element-caption\">Illustrasjonsbilde\/Pixabay. <\/figcaption><\/figure>\n<\/div>\n\n\n\n<div class=\"wp-block-column is-layout-flow wp-block-column-is-layout-flow\" style=\"flex-basis:50%\">\n<ul class=\"wp-block-list\">\n<li>Bl\u00e5tt = Vann<\/li>\n\n\n\n<li>Gr\u00f8nt = Skog<\/li>\n\n\n\n<li>Gult = Jorde\/dyrket mark<\/li>\n\n\n\n<li>Sort = Bygninger, veier og sti<\/li>\n\n\n\n<li>Hvitt = H\u00f8yfjell og sn\u00f8<\/li>\n\n\n\n<li>R\u00f8dt = Merket tursti og turisthytter<\/li>\n<\/ul>\n<\/div>\n<\/div>\n\n\n\n<p><strong>M\u00e5lestokk<\/strong><br>M\u00e5lestokk forteller hvor mye kartet er skalert i forhold til virkeligheten.<\/p>\n\n\n\n<ul class=\"wp-block-list\">\n<li>1:50 000 betyr at 1 cm p\u00e5 kartet er det samme som 500 meter i terrenget.<\/li>\n\n\n\n<li>1:25 000 betyr at 1 cm p\u00e5 kartet er det samme som 250 meter i terrenget.<\/li>\n<\/ul>\n\n\n\n<p><strong>H\u00f8ydekurve<\/strong><br>De brune linjene p\u00e5 kartet kalles h\u00f8ydekurver. Det er disse som gir oss informasjon om h\u00f8ydeforskjell i terrenget. N\u00e5r de brune linjene ligger tett, betyr det at det er bratt i terrenget.<\/p>\n\n\n\n<h3 class=\"wp-block-heading\" id=\"fint-a-vite-om-kompass\"><strong>Fint \u00e5 vite om kompass<\/strong><\/h3>\n\n\n\n<p>Et kompass skal vise i hvilken retning nord ligger. Det skal hjelpe deg \u00e5 finne hvilken retning du skal g\u00e5 fra ett punkt til et annet. <\/p>\n\n\n\n<p>Kompassn\u00e5len er magnetisk og vil alltid stille seg parallelt med jordens magnetfelt fra s\u00f8r til nord. P\u00e5 den m\u00e5ten forteller n\u00e5len oss i hvilken retning nord ligger. Pilen som peker mot den vannrette linjen av kompasset, er marsjretningen.<\/p>\n\n\n\n\t\t<div class=\"wp-block-blakors-expanding-fact-box has-background has-blue-light-background-color\">\n\t\t\t<h3 id=\"fakta-om-kompass\"  class=\"blakors-fact-box__title\" >Fakta om kompass<\/h3>\n\t\t\t<div class=\"blakors-fact-box__content\">\n\t\t\t\t\n\n<p>Kompasshuset kan dreies og er delt inn i 360 grader.<\/p>\n\n\n\n<p><strong>Det finnes to typer kompass<\/strong>, platekompass og speilkompass.<br><br>Platekompass er det mest vanlige og fungerer fint til \u00e5 orientere og m\u00e5le avstand med. Med et speilkompass er det enklere \u00e5 holde kursen n\u00e5r en g\u00e5r p\u00e5 lengre tur.<\/p>\n\n\n\n<p><strong>Geografisk og magnetisk nordpol<\/strong><\/p>\n\n\n\n<p>Kompassn\u00e5len er magnetisk og trekkes mot jordens magnetfelt. Dette feltet er i konstant endring og aldri 100% i samsvar med faktisk nord. Dette kalles for misvisning.<\/p>\n\n\n\n<p>Kartene peker mot den geografiske nordpol og kompasset mot den magnetiske polen. Det gj\u00f8r at vi f\u00e5r en liten misvisning som vi m\u00e5 korrigere alt etter hvor vi er i landet. Misvisningen er oppgitt p\u00e5 alle turkart.<\/p>\n\n\n\t\t\t<\/div>\n\t\t\t<div class=\"blakors-fact-box__toggle\">\n\t\t\t\t<button class=\"blakors-fact-box__button\"><svg xmlns=\"http:\/\/www.w3.org\/2000\/svg\" viewBox=\"0 0 17.367 17.367\"><path d=\"M0-8.684v-2.133H13.2L7.16-16.91l1.523-1.523L17.367-9.75,8.684-1.066,7.109-2.59,13.2-8.684Z\" transform=\"translate(0 18.434)\" \/><\/svg><\/button>\n\t\t\t<\/div>\n\t\t<\/div>\n\n\n<h2 class=\"wp-block-heading\" id=\"kart-og-kompass-oppgaver\">Slik bruker du kart og kompass<\/h2>\n\n\n\n<p>1. Start med \u00e5 orientere kartet<strong>.<\/strong> Det vil si \u00e5 legge kartet riktig i forhold til terrenget. Nord p\u00e5 kartet (som alltid er oppover p\u00e5 kartet) skal peke mot den geografiske nordpol.<br>Legg kompasset p\u00e5 kartet, med kanten av kompasset langs en av linjene som g\u00e5r nord-s\u00f8r p\u00e5 kartet. Drei s\u00e5 kompasset og kart sammen til kompassn\u00e5la peker mot toppen av kartet.<\/p>\n\n\n\n<p>2. Legg langsiden av kompasset fra der du st\u00e5r til dit du skal. Marsjpila skal peke mot det stedet du skal. <\/p>\n\n\n\n<p>3. Vri kompasshuset slik at kompassets nordlinjer inne i kompasshuset, ligger samme vei som kartets nordlinjer. Linjene skal da bli parallelle. Kompasshusets \u00abN\u00bb m\u00e5 peke mot nord p\u00e5 kartet og kompasset m\u00e5 ligge i ro mens du vrir.<\/p>\n\n\n\n<p>4. Hold kart og kompass vannrett. Snu deg, kart og kompass rundt til magnetn\u00e5la peker samme retning som nordpila i bunnen av kompasset. Pass p\u00e5 at den r\u00f8de enden av kompassn\u00e5la peker mot \u00abN\u00bb i kompasshuset.<\/p>\n\n\n\n<p>5. G\u00e5 den retningen marsjpila viser. Se i terrenget hvor det er best \u00e5 g\u00e5.<\/p>\n\n\n\n<figure class=\"wp-block-embed dekode-gtm-iframe-preview is-type-video is-provider-youtube wp-block-embed-youtube wp-embed-aspect-16-9 wp-has-aspect-ratio\"><div class=\"wp-block-embed__wrapper\">\n<iframe title=\"Slik bruker du kart og kompass\" width=\"500\" height=\"281\" data-cookieconsent=\"marketing\" data-cookieblock-src=\"https:\/\/www.youtube.com\/embed\/5QHYsdVJWNI?feature=oembed\"  allow=\"accelerometer; autoplay; clipboard-write; encrypted-media; gyroscope; picture-in-picture; web-share\" referrerpolicy=\"strict-origin-when-cross-origin\" allowfullscreen sandbox=\"allow-scripts allow-same-origin allow-popups allow-presentation allow-popups-to-escape-sandbox\"><\/iframe>\n\t\t<div class=\"cookieconsent-optout-marketing dekode-gtm-cookie-consent-video-placeholder\">\n\t\t\t<div class=\"dekode-gtm-cookie-consent is-block-core-embed is-provider-youtube\">\n\t\t\t\t\n\t\t\t<img decoding=\"async\" src=\"https:\/\/i.ytimg.com\/vi\/5QHYsdVJWNI\/hqdefault.jpg\" alt=\"youtube\" \/>\n\t\t\t\t<div class=\"overlay\">\n\t\t\t\t\t<div class=\"cookie-info\">\n\t\t\t\t\t\t<h2 id=\"her-ligger-det-medieinnhold-fra-en-ekstern-kilde\"  >Her ligger det medieinnhold fra en ekstern kilde. <\/h2> \n\n<p>For \u00e5 se innholdet, m\u00e5 du endre samtykket ditt.<\/p>\n\n<p>Les mer om hvordan dataen din blir behandlet av eksterne kilder i personvernerkl\u00e6ringen v\u00e5r.<\/p>\n\t\t\t\t\t\t<p>\n\t\t\t\t\t\t\t<a title=\"Endre samtykke\" class=\"dekode-gtm-cookiebot-renew\" href=\"#\">Endre samtykke<\/a>\n\t\t\t\t\t\t\t\n\t\t\t\t\t\t<\/p>\n\t\t\t\t\t<\/div>\n\t\t\t\t<\/div>\n\t\t\t<\/div>\n\t\t<\/div>\n<\/div><figcaption class=\"wp-element-caption\">Denne korte videoen fra Turistforeningen viser hvordan du bruker kart og kompass<\/figcaption><\/figure>\n\n\n\n<ol class=\"wp-block-list\"><\/ol>\n\n\n\n<h2 class=\"wp-block-heading\" id=\"kart-og-kompass-oppgaver-1\">Kart og kompass oppgaver<\/h2>\n\n\n\n<p>Lek og l\u00e6r for \u00e5 la deltakerne bli kjent med kart og kompass. Her kommer noen forslag til aktiviteter: <\/p>\n\n\n\n<p><strong>Kart<\/strong><br>La deltaker finne igjen symboler p\u00e5 kartet: <\/p>\n\n\n\n<ul class=\"wp-block-list\">\n<li>Lite vann og stort vann.<\/li>\n\n\n\n<li>Bekk og elv<\/li>\n\n\n\n<li>Skog og myr<\/li>\n\n\n\n<li>Sti og vei<\/li>\n<\/ul>\n\n\n\n<p>Forklar de brune h\u00f8ydekurvene. Der de er tett, er det bratt. Der de er lengre fra hverandre, er det slakt.<\/p>\n\n\n\n<p>La deltaker peke p\u00e5 hvor det kan lurt \u00e5 g\u00e5 for \u00e5 komme seg til toppen av fjellet. Diskuter sammen. Bruk fantasien og lek med kartet.<\/p>\n\n\n\n<p><strong>Kompass<\/strong><\/p>\n\n\n\n<ul class=\"wp-block-list\">\n<li>La deltaker f\u00e5 et kompass rundt halsen og \u00f8ve p\u00e5 \u00e5 f\u00e5 nordpila i kompasshuset til \u00e5 ligge i det r\u00f8de feltet. G\u00e5 i marsjretningen.<\/li>\n\n\n\n<li>Vri p\u00e5 kompasshuset og snu dere til nordpila ligger i det r\u00f8de feltet igjen, s\u00e5 i den nye marsjretningen. Lek med nordpila og retning. <\/li>\n\n\n\n<li>Vri p\u00e5 kompasshuset og g\u00e5 i ulike retninger. Forklar at nordpila alltid vil peke mot nord, samme hvordan du vrir p\u00e5 kompasshuset. La deltaker peke hvor nord er.<\/li>\n<\/ul>\n\n\n\n<figure class=\"wp-block-image size-large\"><img loading=\"lazy\" decoding=\"async\" width=\"1024\" height=\"681\" src=\"https:\/\/www.blakors.no\/content\/uploads\/sites\/22\/2025\/01\/hendrik-morkel-eAtOTvnkQI-unsplash-1024x681.jpg\" alt=\"\" class=\"wp-image-7882\" srcset=\"https:\/\/www.blakors.no\/content\/uploads\/sites\/22\/2025\/01\/hendrik-morkel-eAtOTvnkQI-unsplash-1024x681.jpg 1024w, https:\/\/www.blakors.no\/content\/uploads\/sites\/22\/2025\/01\/hendrik-morkel-eAtOTvnkQI-unsplash-300x199.jpg 300w, https:\/\/www.blakors.no\/content\/uploads\/sites\/22\/2025\/01\/hendrik-morkel-eAtOTvnkQI-unsplash-768x510.jpg 768w, https:\/\/www.blakors.no\/content\/uploads\/sites\/22\/2025\/01\/hendrik-morkel-eAtOTvnkQI-unsplash-1536x1021.jpg 1536w, https:\/\/www.blakors.no\/content\/uploads\/sites\/22\/2025\/01\/hendrik-morkel-eAtOTvnkQI-unsplash.jpg 1920w\" sizes=\"auto, (max-width: 1024px) 100vw, 1024px\" \/><figcaption class=\"wp-element-caption\">Illustrasjonsbilde\/Unsplash. <\/figcaption><\/figure>\n\n\n\n<h2 class=\"wp-block-heading\" id=\"lek-med-kart-og-kompass-sjoroverdag\">Lek med kart og kompass: Sj\u00f8r\u00f8verdag<\/h2>\n\n\n\n<p>En artig m\u00e5te \u00e5 l\u00e6re om kart og kompass p\u00e5, er \u00e5 arrangere en sj\u00f8r\u00f8verdag med skattejakt.<br><br>Tegn et enkelt kart over omr\u00e5det eller bruk et orienteringskart. M\u00e5let er at deltakerne skal l\u00e6re om nord \u2013 s\u00f8r \u2013 \u00f8st og vest. Og hvordan vi kan bruke kart og kompass.<\/p>\n\n\n\n<div class=\"wp-block-columns is-layout-flex wp-container-core-columns-is-layout-9d6595d7 wp-block-columns-is-layout-flex\">\n<div class=\"wp-block-column is-layout-flow wp-block-column-is-layout-flow\" style=\"flex-basis:50%\">\n<p>Tegn inn himmelretningene nord \u2013 s\u00f8r \u2013 \u00f8st og vest. Og finn et punkt i hver av retningene som deltakerne skal finne ved hjelp av kompasskurs.<\/p>\n\n\n\n<p>Heng opp en lapp eller refleks med et tall p\u00e5. Dette skal til slutt utgj\u00f8re en firesifret kode: koden til skatten.<\/p>\n<\/div>\n\n\n\n<div class=\"wp-block-column is-layout-flow wp-block-column-is-layout-flow\" style=\"flex-basis:50%\">\n<figure class=\"wp-block-image size-large\"><img loading=\"lazy\" decoding=\"async\" width=\"1024\" height=\"682\" src=\"https:\/\/www.blakors.no\/content\/uploads\/sites\/22\/2025\/01\/chest-4051166_1280_pixabay-1024x682.jpg\" alt=\"\" class=\"wp-image-7880\" srcset=\"https:\/\/www.blakors.no\/content\/uploads\/sites\/22\/2025\/01\/chest-4051166_1280_pixabay-1024x682.jpg 1024w, https:\/\/www.blakors.no\/content\/uploads\/sites\/22\/2025\/01\/chest-4051166_1280_pixabay-300x200.jpg 300w, https:\/\/www.blakors.no\/content\/uploads\/sites\/22\/2025\/01\/chest-4051166_1280_pixabay-768x512.jpg 768w, https:\/\/www.blakors.no\/content\/uploads\/sites\/22\/2025\/01\/chest-4051166_1280_pixabay.jpg 1280w\" sizes=\"auto, (max-width: 1024px) 100vw, 1024px\" \/><figcaption class=\"wp-element-caption\">Illustrasjonsbilde, Pixabay. <\/figcaption><\/figure>\n<\/div>\n<\/div>\n\n\n\n<p>L\u00e6r deltakerne hvordan de tar ut kompasskurs ved \u00e5 se p\u00e5 kartet og bruke kompasset. Deltakerne samler tallene til en kode. N\u00e5r alle har funnet koden, kan skatten \u00e5pnes.<br><br>Bruk gjerne sykkell\u00e5s eller lignende for \u00e5 l\u00e5se inn skatten.<\/p>\n\n\n\n<p><strong>Tips til sj\u00f8r\u00f8verdag:<\/strong><\/p>\n\n\n\n<ul class=\"wp-block-list\">\n<li>Let etter skatten ved hjelp av kart og kompass <\/li>\n\n\n\n<li>Server \u00abSkalkens\u00bb kyllinggryte \u2013 se oppskrift p\u00e5 kyllinggryte under oppskrifter til mat p\u00e5 b\u00e5l og stormkj\u00f8kken<\/li>\n\n\n\n<li>Etabler \u00abSunnivas leirsted\u00bb. Med tak over hodet, kanskje noen lyslenker, b\u00e5l og deilige sitteplasser.<\/li>\n\n\n\n<li>\u00abG\u00e5 planken og hopp i havet\u00bb &#8211; Gj\u00f8r \u00f8velse \u00abterrengl\u00f8ype i blinde\u00bb som st\u00e5r under aktiviteter sommer.<\/li>\n<\/ul>\n\n\n\n\t\t<div class=\"wp-block-blakors-expanding-fact-box has-background has-pink-light-background-color\">\n\t\t\t<h3 id=\"oving-repetisjon-og-oving\"  class=\"blakors-fact-box__title\" >\u00d8ving, repetisjon og \u00f8ving<\/h3>\n\t\t\t<div class=\"blakors-fact-box__content\">\n\t\t\t\t\n\n<p>Kart og kompass krever \u00f8ving, repetisjon og \u00f8ving. Det \u00e5 gjenkjenne symboler p\u00e5 kart krever at en jevnlig tar fram kartet og oppdager sm\u00e5 og store symboler. Til slutt gir symbolene mening og kartet blir et bilde p\u00e5 hvordan terrenget er.<\/p>\n\n\n\n<p>Det \u00e5 leke med kart og kompass er en investering i trygg ferdsel og sikkerhet p\u00e5 tur.<\/p>\n\n\n\t\t\t<\/div>\n\t\t\t<div class=\"blakors-fact-box__toggle\">\n\t\t\t\t<button class=\"blakors-fact-box__button\"><svg xmlns=\"http:\/\/www.w3.org\/2000\/svg\" viewBox=\"0 0 17.367 17.367\"><path d=\"M0-8.684v-2.133H13.2L7.16-16.91l1.523-1.523L17.367-9.75,8.684-1.066,7.109-2.59,13.2-8.684Z\" transform=\"translate(0 18.434)\" \/><\/svg><\/button>\n\t\t\t<\/div>\n\t\t<\/div>\n\n\n<div class=\"wp-block-buttons is-layout-flex wp-block-buttons-is-layout-flex\">\n<div class=\"wp-block-button\"><a class=\"wp-block-button__link wp-element-button\" href=\"https:\/\/www.blakors.no\/ressursbank\/friluftlivshandboka\/\">Tilbake til hovedside: Friluftsh\u00e5ndboka<\/a><\/div>\n<\/div>\n\n<div class=\"dekode-module-was-this-helpful\">\n\t<div class=\"\">\n\t\t<h2>Var dette nyttig?<\/h2>\n\t\t<form id=\"dekode-wth-form\">\n\t\t\t<button id=\"dekode-wth-yes\" class=\"button\" name=\"dekode-wth-feedback\" type=\"submit\"\n\t\t\t\t\tvalue=\"1\">Ja<\/button>\n\t\t\t<button id=\"dekode-wth-no\" class=\"button\" name=\"dekode-wth-feedback\" type=\"submit\"\n\t\t\t\t\tvalue=\"0\">Nei<\/button>\n\t\t\t<input type=\"hidden\" name=\"post_id\" value=\"7879\"\/>\n\t\t<\/form>\n\t<\/div>\n<\/div>\n","protected":false},"excerpt":{"rendered":"<p>Tips og r\u00e5d til \u00e5 hjelpe barn, unge og familier \u00e5 bli kjent med kart og kompass. Kart og kompass for nybegynnere Fint \u00e5 vite om kart Nord er alltid oppover p\u00e5 kartet. Alle kart har fargekoder for \u00e5 gj\u00f8re det enklere \u00e5 lese. M\u00e5lestokkM\u00e5lestokk forteller hvor mye kartet er skalert i forhold til virkeligheten. [&hellip;]<\/p>\n","protected":false},"author":21,"featured_media":0,"parent":0,"menu_order":0,"comment_status":"closed","ping_status":"closed","template":"","meta":{"_acf_changed":false,"_relevanssi_hide_post":"","_relevanssi_hide_content":"","_relevanssi_pin_for_all":"","_relevanssi_pin_keywords":"","_relevanssi_unpin_keywords":"","_relevanssi_related_keywords":"","_relevanssi_related_include_ids":"","_relevanssi_related_exclude_ids":"","_relevanssi_related_no_append":"","_relevanssi_related_not_related":"","_relevanssi_related_posts":"998,7087,7514","_relevanssi_noindex_reason":"","_custom_cards_description":"","footnotes":""},"class_list":["post-7879","page","type-page","status-publish","hentry"],"acf":[],"_links":{"self":[{"href":"https:\/\/www.blakors.no\/ressursbank\/wp-json\/wp\/v2\/pages\/7879","targetHints":{"allow":["GET"]}}],"collection":[{"href":"https:\/\/www.blakors.no\/ressursbank\/wp-json\/wp\/v2\/pages"}],"about":[{"href":"https:\/\/www.blakors.no\/ressursbank\/wp-json\/wp\/v2\/types\/page"}],"author":[{"embeddable":true,"href":"https:\/\/www.blakors.no\/ressursbank\/wp-json\/wp\/v2\/users\/21"}],"replies":[{"embeddable":true,"href":"https:\/\/www.blakors.no\/ressursbank\/wp-json\/wp\/v2\/comments?post=7879"}],"version-history":[{"count":5,"href":"https:\/\/www.blakors.no\/ressursbank\/wp-json\/wp\/v2\/pages\/7879\/revisions"}],"predecessor-version":[{"id":7894,"href":"https:\/\/www.blakors.no\/ressursbank\/wp-json\/wp\/v2\/pages\/7879\/revisions\/7894"}],"wp:attachment":[{"href":"https:\/\/www.blakors.no\/ressursbank\/wp-json\/wp\/v2\/media?parent=7879"}],"curies":[{"name":"wp","href":"https:\/\/api.w.org\/{rel}","templated":true}]}}