{"id":8003,"date":"2025-02-08T16:09:36","date_gmt":"2025-02-08T15:09:36","guid":{"rendered":"https:\/\/www.blakors.no\/ressursbank\/?page_id=8003"},"modified":"2025-05-26T10:53:43","modified_gmt":"2025-05-26T08:53:43","slug":"bli-kjent-leker","status":"publish","type":"page","link":"https:\/\/www.blakors.no\/ressursbank\/veileder-i-naturbasert-familiearbeid\/bli-kjent-leker\/","title":{"rendered":"Bli-kjent-leker"},"content":{"rendered":"\n<p><strong>Bryt isen med disse lekene for barn, unge og familier. Lekene passer for alle og kan brukes hvor som helst. <\/strong><\/p>\n\n\n\n<div class=\"wp-block-rank-math-toc-block\" id=\"rank-math-toc\"><h2 class=\"title-wrapper\"><button id=\"innhold\" class=\"blakors-table-of-contents-toggle\" aria-expanded=\"true\">\n\t\t\tInnhold\n\t\t\t<svg xmlns=\"http:\/\/www.w3.org\/2000\/svg\" viewBox=\"0 0 24 24\" height=\"24\" width=\"24\" class=\"t2-icon t2-icon-chevrondown\" aria-hidden=\"true\" focusable=\"false\"><path d=\"M12 14.9c-.1 0-.3 0-.4-.1-.1 0-.2-.1-.3-.2L6.7 10c-.2-.1-.3-.4-.3-.6 0-.3.1-.5.3-.7.2-.2.4-.3.7-.3s.5.1.7.3l3.9 3.9 3.9-3.9c.2-.2.4-.3.7-.3.3 0 .5.1.7.3.2.2.3.4.3.7s-.1.5-.3.7l-4.6 4.6c-.1.1-.2.2-.3.2H12z\" fill=\"currentColor\" \/><\/svg>\n\t\t<\/button><\/h2><nav><ul><li><a href=\"#bli-kjent-leker\">Favoritt-ting<\/a><\/li><li><a href=\"#to-ting-og-en-logn-1\">To ting og en l\u00f8gn<\/a><\/li><li><a href=\"#to-ting-og-en-logn\">Aktivitetskort i naturen<\/a><\/li><li><a href=\"#finn-din-turpartner\">Finn din turpartner<\/a><\/li><li><a href=\"#hvem-er-du\">Hvem er du?<\/a><\/li><li><a href=\"#flere-bli-kjent-leker\">Flere bli kjent leker<\/a><\/li><li><a href=\"#r\">Relatert innhold<\/a><\/li><\/ul><\/nav><\/div>\n\n\n\n<h2 class=\"wp-block-heading\" id=\"bli-kjent-leker\">Favoritt-ting<\/h2>\n\n\n\n<p>Deltakerne stiller seg i en sirkel, og en person begynner med \u00e5 si &laquo;Min favoritt er\u2026&raquo;. Deretter sier personen noe som er en av favoritt-tingene deres, for eksempel favorittfarge eller favorittmat. <\/p>\n\n\n\n<div class=\"wp-block-columns is-layout-flex wp-container-core-columns-is-layout-9d6595d7 wp-block-columns-is-layout-flex\">\n<div class=\"wp-block-column is-layout-flow wp-block-column-is-layout-flow\">\n<p>Personen til venstre for dem m\u00e5 s\u00e5 gjenta setningen og legge til sin egen favoritt-ting, og s\u00e5 videre rundt sirkelen. Dette gir deltakerne muligheten til \u00e5 dele litt om seg selv og l\u00e6re litt om de andre.<\/p>\n<\/div>\n\n\n\n<div class=\"wp-block-column is-layout-flow wp-block-column-is-layout-flow\">\n<figure class=\"wp-block-image size-large\"><img loading=\"lazy\" decoding=\"async\" width=\"1024\" height=\"682\" src=\"https:\/\/www.blakors.no\/content\/uploads\/sites\/22\/2025\/02\/dog-3823325_1280-1-1024x682.jpg\" alt=\"\" class=\"wp-image-8006\" srcset=\"https:\/\/www.blakors.no\/content\/uploads\/sites\/22\/2025\/02\/dog-3823325_1280-1-1024x682.jpg 1024w, https:\/\/www.blakors.no\/content\/uploads\/sites\/22\/2025\/02\/dog-3823325_1280-1-300x200.jpg 300w, https:\/\/www.blakors.no\/content\/uploads\/sites\/22\/2025\/02\/dog-3823325_1280-1-768x512.jpg 768w, https:\/\/www.blakors.no\/content\/uploads\/sites\/22\/2025\/02\/dog-3823325_1280-1.jpg 1280w\" sizes=\"auto, (max-width: 1024px) 100vw, 1024px\" \/><figcaption class=\"wp-element-caption\">Noen har kanskje et favorittdyr? Illustrasjonsfoto\/Pixabay<\/figcaption><\/figure>\n<\/div>\n<\/div>\n\n\n\n<h2 class=\"wp-block-heading\" id=\"to-ting-og-en-logn-1\">To ting og en l\u00f8gn<\/h2>\n\n\n\n<p>Deltakerne blir bedt om \u00e5 finne to ting som er sanne og \u00e9n ting som er en l\u00f8gn om seg selv. De presenterer s\u00e5 de tre tingene, og resten av gruppen skal gjette hvilken som er l\u00f8gnen. <\/p>\n\n\n\n<p>Dette er en morsom m\u00e5te \u00e5 l\u00e6re om hverandre p\u00e5 og kan gi et godt grunnlag for videre samtaler.<\/p>\n\n\n\n<h2 class=\"wp-block-heading\" id=\"to-ting-og-en-logn\">Aktivitetskort i naturen<\/h2>\n\n\n\n<p>Last ned og skriv ut <a href=\"https:\/\/www.blakors.no\/content\/uploads\/sites\/22\/2025\/02\/Aktivitetskort.pdf\">aktivitetskortene<\/a>. De egner seg aller best i naturen. Bruk n\u00e6romr\u00e5det eller dra ut p\u00e5 tur. <\/p>\n\n\n\n<p>Kortene kan brukes p\u00e5 mange forskjellige m\u00e5ter, her er noen eksempler:<\/p>\n\n\n\n<ul class=\"wp-block-list\">\n<li><strong>Trekk ett kort i fellesskap og be alle gj\u00f8re aktiviteten<\/strong> (innenfor en gitt tidsramme)<\/li>\n\n\n\n<li>Del opp i grupper og <strong>be alle gruppene trekke 3 kort<\/strong> som de skal gjennomf\u00f8re (i l\u00f8pet av dagen, akkurat n\u00e5,  samtidig som de beveger seg fra ett sted til et annet)<\/li>\n\n\n\n<li><strong>Bruk kortene som poster i en natursti<\/strong> (enten med eller uten en gitt tidsramme)<\/li>\n<\/ul>\n\n\n\n<blockquote class=\"wp-block-quote is-layout-flow wp-block-quote-is-layout-flow\">\n<p>Finn noe i naturen som du synes er fint eller rart og vis det til de andre<\/p>\n<cite>&#8211; eksempel p\u00e5 aktivitetskort<\/cite><\/blockquote>\n\n\n\n<h2 class=\"wp-block-heading\" id=\"finn-din-turpartner\">Finn din turpartner<\/h2>\n\n\n\n<p>Deltakerne deles inn i par og f\u00e5r fem minutter til \u00e5 snakke med hverandre. Deretter bytter de par og m\u00e5 finne en ny partner. Dette gjentas til alle har snakket med alle.<\/p>\n\n\n\n<p>Etterp\u00e5 kan hver person gi en kort introduksjon av sin turpartner og fortelle hva de har l\u00e6rt om dem. Dette kan hjelpe deltakerne til \u00e5 bli mer komfortable med hverandre og skape en positiv gruppedynamikk.<\/p>\n\n\n\n\t\t<div class=\"wp-block-lib-accentuated-link\">\n\t\t\t<a\n\t\t\t\tclass=\"lib-link__link\"\n\t\t\t\thref=\"https:\/\/www.blakors.no\/ressursbank\/snakkekort\/\"\n\t\t\t\ttarget=\"\"\n\t\t\t\trel=\"\"\n\t\t\t>\n\t\t\t\t\n\t\t\t\t<div class=\"lib-link__text-content\">\n\t\t\t\t\t<span class=\"lib-link__tagline\">\n\t\t\t\t\t\tSe ogs\u00e5: \n\t\t\t\t\t<\/span>\n\n\t\t\t\t\t<h3 class=\"lib-link__title\">\n\t\t\t\t\t\tSnakkekort for \u00e5 bli kjent\n\t\t\t\t\t<\/h3>\n\n\t\t\t\t\t\n\t\t\t\t<\/div>\n\t\t\t<\/a>\n\t\t<\/div>\n\n\n<figure class=\"wp-block-image aligncenter size-large is-resized\"><img loading=\"lazy\" decoding=\"async\" width=\"1024\" height=\"682\" src=\"https:\/\/www.blakors.no\/content\/uploads\/sites\/22\/2025\/02\/women-2586042_1280-1024x682.jpg\" alt=\"\" class=\"wp-image-8273\" style=\"width:536px;height:auto\" srcset=\"https:\/\/www.blakors.no\/content\/uploads\/sites\/22\/2025\/02\/women-2586042_1280-1024x682.jpg 1024w, https:\/\/www.blakors.no\/content\/uploads\/sites\/22\/2025\/02\/women-2586042_1280-300x200.jpg 300w, https:\/\/www.blakors.no\/content\/uploads\/sites\/22\/2025\/02\/women-2586042_1280-768x511.jpg 768w, https:\/\/www.blakors.no\/content\/uploads\/sites\/22\/2025\/02\/women-2586042_1280.jpg 1280w\" sizes=\"auto, (max-width: 1024px) 100vw, 1024px\" \/><figcaption class=\"wp-element-caption\">Illustrasjonsfoto\/Pixabay. <\/figcaption><\/figure>\n\n\n\n<h2 class=\"wp-block-heading\" id=\"hvem-er-du\">Hvem er du?<\/h2>\n\n\n\n<p>Deltakere og gruppeledere f\u00e5r tre lapper der de skriver en ting de liker, en ting de er redd for og noe spesielt de har gjort. Lappene brettes sammen og trekkes en etter en. <\/p>\n\n\n\n<p>Alle st\u00e5r i ring. Alle f\u00e5r trekke minst en lapp som de leser h\u00f8yt. Alle som kjenner seg igjen i det som st\u00e5 p\u00e5 lappen g\u00e5r inn i midten av ringen og gir \u00abgive me five\u00bb til de andre som st\u00e5r i ringen.<\/p>\n\n\n\n<h2 class=\"wp-block-heading\" id=\"flere-bli-kjent-leker\">Flere bli kjent leker<\/h2>\n\n\n\n<ol class=\"wp-block-list\">\n<li><strong>Rekker: <\/strong>Alle deltakerne stiller seg p\u00e5 en rekke f.eks alfabetisk etter forbokstav i navnet, hvor mange \u00e5r de er eller hvor de bor.<\/li>\n\n\n\n<li><strong>Navnelek: <\/strong>Kaste kongle til hverandre for \u00e5 l\u00e6re navn Eks: f\u00f8rst si bare navnet en etter en. S\u00e5 kaste til en tilfeldig og si: jeg heter (navn) og jeg kjenner (navnet til den de kaster til).<\/li>\n\n\n\n<li><strong>Navnelek:<\/strong> Klaske p\u00e5 l\u00e5r, klappe, knipse med en h\u00e5nd om gangen si eget navn, si navnet til den som st\u00e5r ved siden av.<\/li>\n\n\n\n<li><strong>Hilse p\u00e5 \u00abrare m\u00e5ter\u00bb<\/strong> og\/eller som et dyr.<\/li>\n<\/ol>\n\n\n\n<div class=\"wp-block-group has-pink-light-background-color has-background is-layout-constrained wp-block-group-is-layout-constrained\">\n<p><strong>Tips:<\/strong><\/p>\n\n\n\n<ul class=\"wp-block-list\">\n<li>La barna komme med forslag til aktiviteter.<\/li>\n\n\n\n<li>Velg leker\/aktiviteter som f\u00e5r fram barnets styrker og gir mulighet for \u00e5 f\u00f8le at de mestrer.<\/li>\n\n\n\n<li>Det kan gjerne v\u00e6re utfordrende leker\/aktiviteter, men gi i tilfelle mulighet for gradvis \u00f8kt vanskelighetsgrad som de kan mestre, helst i samarbeid med foresatte.<\/li>\n<\/ul>\n<\/div>\n\n\n\n<hr class=\"wp-block-separator has-alpha-channel-opacity\"\/>\n\n\n\n<p>Lekene p\u00e5 denne siden er hentet fra Veilederen for naturbasert familiearbeid. Trykk p\u00e5 lenken nedenfor for \u00e5 l\u00e6re mer, og finne flere aktiviteter til bruk med barn og familier.<\/p>\n\n\n\n<div class=\"wp-block-buttons is-layout-flex wp-block-buttons-is-layout-flex\">\n<div class=\"wp-block-button\"><a class=\"wp-block-button__link wp-element-button\" href=\"https:\/\/www.blakors.no\/ressursbank\/veileder-i-naturbasert-familiearbeid\/\">Tilbake til hovedside: UTFAM veileder<\/a><\/div>\n<\/div>\n\n\n\n<h2 class=\"wp-block-heading\" id=\"r\">Relatert innhold<\/h2>\n\n\n<div class=\"t2-featured-content-layout alignwide alignwide wp-block-t2-featured-content-layout\" role=\"list\">\n<div class=\"t2-featured-single-post t2-featured-content show-description is-post-type-page wp-block-t2-featured-single-post\" role=\"listitem\"><a class=\"t2-post-link wp-block-t2-post-link\" href=\"https:\/\/www.blakors.no\/ressursbank\/friluftlivshandboka\/\">\n<figure style=\"--t2-focal-point: 50% 50%;\" class=\"t2-post-featured-image has-image-ratio-16-9 wp-block-t2-post-featured-image\"><img loading=\"lazy\" decoding=\"async\" width=\"665\" height=\"443\" src=\"https:\/\/www.blakors.no\/content\/uploads\/sites\/22\/2025\/02\/tur.jpg\" class=\"attachment-post-thumbnail size-post-thumbnail wp-post-image\" alt=\"\" srcset=\"https:\/\/www.blakors.no\/content\/uploads\/sites\/22\/2025\/02\/tur.jpg 665w, https:\/\/www.blakors.no\/content\/uploads\/sites\/22\/2025\/02\/tur-300x200.jpg 300w\" sizes=\"auto, (min-width: 782px) 768px, 100vw\" \/><\/figure>\n\n<div class=\"wp-block-group alignfull is-layout-flow wp-block-group-is-layout-flow\">\n\t<h2 id=\"friluftlivshandboka\"  class=\"t2-post-title wp-block-t2-post-title\" >Friluftlivsh\u00e5ndboka<\/h2>\n\t<div class=\"wp-block-post-date__modified-date wp-block-post-date\"><time datetime=\"2025-04-02T12:10:07+02:00\">2. april 2025<\/time><\/div>\n\t\t\t<div class=\"single-meta t2-post-excerpt card-description wp-block-blakors-meta-display\">For barn, unge og familier. Aktiviteter og leker, friluftlivskunnskap og tips til motivasjon.<\/div>\n\t\n<\/div>\n\n<\/a>\n<\/div>\n\n<div class=\"t2-featured-single-post t2-featured-content show-description is-post-type-page wp-block-t2-featured-single-post\" role=\"listitem\"><a class=\"t2-post-link wp-block-t2-post-link\" href=\"https:\/\/www.blakors.no\/ressursbank\/snakkekort\/\">\n<figure style=\"--t2-focal-point: 50% 50%;\" class=\"t2-post-featured-image has-image-ratio-16-9 wp-block-t2-post-featured-image\"><img loading=\"lazy\" decoding=\"async\" width=\"478\" height=\"481\" src=\"https:\/\/www.blakors.no\/content\/uploads\/sites\/22\/2024\/03\/Snakkekort-mobil.jpg\" class=\"attachment-post-thumbnail size-post-thumbnail wp-post-image\" alt=\"\" srcset=\"https:\/\/www.blakors.no\/content\/uploads\/sites\/22\/2024\/03\/Snakkekort-mobil.jpg 478w, https:\/\/www.blakors.no\/content\/uploads\/sites\/22\/2024\/03\/Snakkekort-mobil-298x300.jpg 298w, https:\/\/www.blakors.no\/content\/uploads\/sites\/22\/2024\/03\/Snakkekort-mobil-150x150.jpg 150w, https:\/\/www.blakors.no\/content\/uploads\/sites\/22\/2024\/03\/Snakkekort-mobil-200x200.jpg 200w\" sizes=\"auto, (min-width: 782px) 768px, 100vw\" \/><\/figure>\n\n<div class=\"wp-block-group alignfull is-layout-flow wp-block-group-is-layout-flow\">\n\t<h2 id=\"snakkekort\"  class=\"t2-post-title wp-block-t2-post-title\" >Snakkekort<\/h2>\n\t<div class=\"wp-block-post-date__modified-date wp-block-post-date\"><time datetime=\"2026-02-02T15:06:59+01:00\">2. februar 2026<\/time><\/div>\n\t\t\t<div class=\"single-meta t2-post-excerpt card-description wp-block-blakors-meta-display\">Samtaleverkt\u00f8y om alkohol, psykisk helse, ungdomstid og mer<\/div>\n\t\n<\/div>\n\n<\/a>\n<\/div>\n\n<div class=\"t2-featured-single-post t2-featured-content show-description is-post-type-page wp-block-t2-featured-single-post\" role=\"listitem\"><a class=\"t2-post-link wp-block-t2-post-link\" href=\"https:\/\/www.blakors.no\/ressursbank\/friluftlivshandboka\/friluftsliv-om-varen-aktivitetsforslag\/\">\n<figure style=\"--t2-focal-point: 50% 50%;\" class=\"t2-post-featured-image has-image-ratio-16-9 wp-block-t2-post-featured-image\"><img loading=\"lazy\" decoding=\"async\" width=\"1280\" height=\"855\" src=\"https:\/\/www.blakors.no\/content\/uploads\/sites\/22\/2025\/02\/ladybug-1480102_1280.jpg\" class=\"attachment-post-thumbnail size-post-thumbnail wp-post-image\" alt=\"\" srcset=\"https:\/\/www.blakors.no\/content\/uploads\/sites\/22\/2025\/02\/ladybug-1480102_1280.jpg 1280w, https:\/\/www.blakors.no\/content\/uploads\/sites\/22\/2025\/02\/ladybug-1480102_1280-300x200.jpg 300w, https:\/\/www.blakors.no\/content\/uploads\/sites\/22\/2025\/02\/ladybug-1480102_1280-1024x684.jpg 1024w, https:\/\/www.blakors.no\/content\/uploads\/sites\/22\/2025\/02\/ladybug-1480102_1280-768x513.jpg 768w\" sizes=\"auto, (min-width: 782px) 768px, 100vw\" \/><\/figure>\n\n<div class=\"wp-block-group alignfull is-layout-flow wp-block-group-is-layout-flow\">\n\t<h2 id=\"aktiviteter-og-leker-i-naturen-varen\"  class=\"t2-post-title wp-block-t2-post-title\" >Aktiviteter og leker i naturen &#8211; v\u00e5ren<\/h2>\n\t<div class=\"wp-block-post-date__modified-date wp-block-post-date\"><time datetime=\"2025-05-26T10:50:03+02:00\">26. mai 2025<\/time><\/div>\n\t\t\t<div class=\"single-meta t2-post-excerpt card-description wp-block-blakors-meta-display\">V\u00e5ren er en fin tid \u00e5 oppdage og utforske naturen. Her finner du forslag til aktiviteter, leker, og faktakunnskap som du kan bruke p\u00e5 tur med barn, unge og familier.<\/div>\n\t\n<\/div>\n\n<\/a>\n<\/div>\n<\/div>\n<div class=\"dekode-module-was-this-helpful\">\n\t<div class=\"\">\n\t\t<h2>Var dette nyttig?<\/h2>\n\t\t<form id=\"dekode-wth-form\">\n\t\t\t<button id=\"dekode-wth-yes\" class=\"button\" name=\"dekode-wth-feedback\" type=\"submit\"\n\t\t\t\t\tvalue=\"1\">Ja<\/button>\n\t\t\t<button id=\"dekode-wth-no\" class=\"button\" name=\"dekode-wth-feedback\" type=\"submit\"\n\t\t\t\t\tvalue=\"0\">Nei<\/button>\n\t\t\t<input type=\"hidden\" name=\"post_id\" value=\"8003\"\/>\n\t\t<\/form>\n\t<\/div>\n<\/div>\n","protected":false},"excerpt":{"rendered":"<p>Bryt isen med disse lekene for barn, unge og familier. Lekene passer for alle og kan brukes hvor som helst. Favoritt-ting Deltakerne stiller seg i en sirkel, og en person begynner med \u00e5 si &laquo;Min favoritt er\u2026&raquo;. Deretter sier personen noe som er en av favoritt-tingene deres, for eksempel favorittfarge eller favorittmat. Personen til venstre [&hellip;]<\/p>\n","protected":false},"author":21,"featured_media":8006,"parent":8002,"menu_order":0,"comment_status":"closed","ping_status":"closed","template":"","meta":{"_acf_changed":false,"_relevanssi_hide_post":"","_relevanssi_hide_content":"","_relevanssi_pin_for_all":"","_relevanssi_pin_keywords":"","_relevanssi_unpin_keywords":"","_relevanssi_related_keywords":"","_relevanssi_related_include_ids":"","_relevanssi_related_exclude_ids":"","_relevanssi_related_no_append":"","_relevanssi_related_not_related":"","_relevanssi_related_posts":"7087,7514,998","_relevanssi_noindex_reason":"","_custom_cards_description":"For barn, unge og voksne.","footnotes":""},"class_list":["post-8003","page","type-page","status-publish","has-post-thumbnail","hentry"],"acf":[],"_links":{"self":[{"href":"https:\/\/www.blakors.no\/ressursbank\/wp-json\/wp\/v2\/pages\/8003","targetHints":{"allow":["GET"]}}],"collection":[{"href":"https:\/\/www.blakors.no\/ressursbank\/wp-json\/wp\/v2\/pages"}],"about":[{"href":"https:\/\/www.blakors.no\/ressursbank\/wp-json\/wp\/v2\/types\/page"}],"author":[{"embeddable":true,"href":"https:\/\/www.blakors.no\/ressursbank\/wp-json\/wp\/v2\/users\/21"}],"replies":[{"embeddable":true,"href":"https:\/\/www.blakors.no\/ressursbank\/wp-json\/wp\/v2\/comments?post=8003"}],"version-history":[{"count":4,"href":"https:\/\/www.blakors.no\/ressursbank\/wp-json\/wp\/v2\/pages\/8003\/revisions"}],"predecessor-version":[{"id":8776,"href":"https:\/\/www.blakors.no\/ressursbank\/wp-json\/wp\/v2\/pages\/8003\/revisions\/8776"}],"up":[{"embeddable":true,"href":"https:\/\/www.blakors.no\/ressursbank\/wp-json\/wp\/v2\/pages\/8002"}],"wp:featuredmedia":[{"embeddable":true,"href":"https:\/\/www.blakors.no\/ressursbank\/wp-json\/wp\/v2\/media\/8006"}],"wp:attachment":[{"href":"https:\/\/www.blakors.no\/ressursbank\/wp-json\/wp\/v2\/media?parent=8003"}],"curies":[{"name":"wp","href":"https:\/\/api.w.org\/{rel}","templated":true}]}}