{"id":807,"date":"2021-05-21T14:16:43","date_gmt":"2021-05-21T12:16:43","guid":{"rendered":"https:\/\/www.blakors.no\/ressursbank\/?page_id=807"},"modified":"2026-03-16T12:14:30","modified_gmt":"2026-03-16T11:14:30","slug":"dilemma","status":"publish","type":"page","link":"https:\/\/www.blakors.no\/ressursbank\/undervisningsopplegg\/dilemma\/","title":{"rendered":"Samtaleopplegg om dilemma"},"content":{"rendered":"\n<div class=\"wp-block-lib-header alignfull hide\"><div class=\"image-wrapper\"><img decoding=\"async\" src=\"https:\/\/www.blakors.no\/content\/uploads\/sites\/22\/2021\/05\/Dilemmaer-til-diskusjon-Bla\u030a-Kors-ressursbank.jpg\"\/><\/div><div class=\"header-innercontent\">\n\n<\/div><\/div>\n\n\n\n<p> <strong>Hvordan hjelpe barn h\u00e5ndtere vanskelige dilemma? Her finner du forslag til hvordan du kan ta opp dette. <\/strong> <\/p>\n\n\n\n<h2 id=\"dilemma\"  class=\"wp-block-heading has-text-align-center\" >Dilemma<\/h2>\n\n\n\n<p class=\"has-text-align-left\"><strong>Samtaleopplegg til bruk med filmen \u00abVelg Selv\u00bb <a href=\"https:\/\/www.blakors.no\/ressursbank\/velg-selv-en-film-om-gruppepress\/\" target=\"_blank\" data-type=\"link\" data-id=\"https:\/\/www.blakors.no\/ressursbank\/velg-selv-en-film-om-gruppepress\/\" rel=\"noreferrer noopener\">www.blakors.no\/velgselv\/<\/a><br>Les denne teksten h\u00f8yt eller bruk dine egne ord.<\/strong><\/p>\n\n\n\n<p class=\"has-text-align-left\">Last ned som PDF <a href=\"https:\/\/www.blakors.no\/content\/uploads\/sites\/22\/2026\/03\/Dilemma-med-nye-bilder-og-tekst.pdf\" target=\"_blank\" rel=\"noreferrer noopener\">her<\/a><br><\/p>\n\n\n\n<h2 id=\"introduksjon\"  class=\"wp-block-heading has-text-align-center\" >Introduksjon<\/h2>\n\n\n\n<p class=\"has-text-align-left\">Hva er et dilemma? Har noen et eksempel p\u00e5 et dilemma?<\/p>\n\n\n\n<p class=\"has-text-align-left\">Et dilemma er n\u00e5r man m\u00e5 ta et valg og er usikker p\u00e5 hva som er rett \u00e5 gj\u00f8re. I filmen ser du sm\u00e5 og store dilemmaer. Ei jente sitter i sofaen alene og ser p\u00e5 noe p\u00e5 iPaden, som vi tror hun vet at ikke er for barn. Det er mye innhold som er tilgjengelig p\u00e5 nett, via nettbrett og smarttelefoner, men det er ikke alt som er laget for at barn skal se det.<\/p>\n\n\n\n<p class=\"has-text-align-left\">Kanskje har du sett p\u00e5 noe som du synes var ekkelt \u00e5 se p\u00e5, men du t\u00f8r ikke si det til en voksen fordi du er redd for \u00e5 f\u00e5 kjeft? Det kan v\u00e6re store og sm\u00e5 dilemmaer, alvorlige eller hverdagslige. I denne \u00f8velsen f\u00e5r du \u00f8ve deg p\u00e5 \u00e5 ta stilling til ulike dilemmaer her og n\u00e5. Fra et mindre alvorlig perspektiv. Det er et tenkt scenario. Hva velger du?<br><\/p>\n\n\n\n<div class=\"wp-block-group has-lila-light-background-color has-background is-layout-constrained wp-block-group-is-layout-constrained\">\n<div class=\"wp-block-group is-layout-constrained wp-block-group-is-layout-constrained\">\n<h3 id=\"ovelse-knuts-dilemma\"  class=\"wp-block-heading has-text-align-left\" ><mark style=\"background-color:#DCD9FC\" class=\"has-inline-color\">\u00d8velse: Knuts dilemma<\/mark><\/h3>\n\n\n\n<div class=\"wp-block-group is-layout-constrained wp-block-group-is-layout-constrained\">\n<div class=\"wp-block-group is-layout-constrained wp-block-group-is-layout-constrained\">\n<p class=\"has-text-align-left has-lila-light-background-color has-background\"><mark style=\"background-color:#DCD9FC\" class=\"has-inline-color\">Knut er p\u00e5 bursdagsfest hos Lotta. Han ser at Mona, en annen klassevenninne, ved et uhell velter en iPad slik at den knuses. Det er ingen andre som ser det. Mona ser seg flau rundt i rommet og legger den opp ned slik at ingen ser at den er knust. Etterp\u00e5 ser hun lettet ut, siden hun tror at ingen har sett henne og later som om ingenting har skjedd. Neste dag ringer Lotta til Knut. Foreldrene er rasende fordi den nye iPaden til pappaen er knust. N\u00e5 kan dere v\u00e6re med \u00e5 bestemme hva Knut skal gj\u00f8re.<\/mark><\/p>\n\n\n\n<p class=\"has-text-align-left has-lila-light-background-color has-background\">Les setningene nedenfor h\u00f8yt og be barna g\u00e5 til det ene hj\u00f8rnet av rommet hvis svaret er ja og det andre hj\u00f8rnet av rommet hvis svaret er nei. De som \u00f8nsker kan utdype svaret sitt:<\/p>\n\n\n\n<ul class=\"wp-block-list\">\n<li class=\"has-lila-light-background-color has-background\">Lotta ringer Knut og forteller at iPaden er knust. Skal Knut fortelle til Lotta at han s\u00e5 Mona velte iPaden?<\/li>\n\n\n\n<li class=\"has-lila-light-background-color has-background\">Knut snakker med Mona, sier at han s\u00e5 hva som skjedde. Mona nekter og sier at Knut ikke skal bry seg. B\u00f8r Knut likevel fortelle Lotta hva som skjedde p\u00e5 festen?<\/li>\n\n\n\n<li class=\"has-lila-light-background-color has-background\">Lotta kommer bort til Knut i friminuttet. Hun forteller at hun mistenker en annen som var p\u00e5 festen for \u00e5 ha knust iPaden. Dette er en god kamerat av Knut. Hva skal Knut n\u00e5 gj\u00f8re, skal han si det til Lotta?<\/li>\n<\/ul>\n\n\n\n<p class=\"has-lila-light-background-color has-background\">Flere sp\u00f8rsm\u00e5l til samtalen:<\/p>\n\n\n\n<ul class=\"wp-block-list\">\n<li class=\"has-lila-light-background-color has-background\">Hva om du var Lotta, hva ville du at Knut skulle si?<\/li>\n\n\n\n<li class=\"has-lila-light-background-color has-background\">Hva om du var kameraten som ble uskyldig anklaget, hva ville du at Knut skulle gj\u00f8re?<\/li>\n\n\n\n<li class=\"has-lila-light-background-color has-background\">Hva kan du tape ved \u00e5 si hva som har skjedd?<\/li>\n\n\n\n<li class=\"has-lila-light-background-color has-background\">Hva kan du vinne med \u00e5 si hva som har skjedd?<\/li>\n\n\n\n<li class=\"has-lila-light-background-color has-background\">Hva hvis det kommer frem at du har sett det og ikke har sagt noe?<\/li>\n\n\n\n<li class=\"has-lila-light-background-color has-background\">Har dere opplevd andre situasjoner hvor dere har hatt problemer med \u00e5 bestemme dere for \u00e5 si i fra eller ikke (p\u00e5 skolen, med s\u00f8sken og s\u00e5 videre.<\/li>\n<\/ul>\n<\/div>\n<\/div>\n<\/div>\n<\/div>\n\n\n\n<h2 id=\"avslutning\"  class=\"wp-block-heading has-text-align-center\" >Avslutning<\/h2>\n\n\n\n<p>Av og til er det fryktelig vanskelig \u00e5 vite om man skal si i fra, selv om vi vet det er riktig \u00e5 si ifra. Det kan v\u00e6re vanskelig \u00e5 konsentrere seg og tenke p\u00e5 noe annet fordi vi bare tenker p\u00e5 at vi burde sagt noe. Vi har d\u00e5rlig samvittighet eller skammer oss. Kanskje fordi vi ikke sa fra med en gang. Da har vi et dilemma, hva velger du? Hva gj\u00f8r du n\u00e5r du har d\u00e5rlig samvittighet eller skammer deg over noe du har gjort eller noe du ikke har gjort? <\/p>\n\n\n\n<p>Uansett om det er en stor eller liten ting du tenker p\u00e5, kan du snakke med en voksen om hvordan du har det og hva du tenker p\u00e5. De voksne kan hjelpe og st\u00f8tte deg i \u00e5 ta et valg slik at du f\u00e5r det bedre.<\/p>\n\n\n\n<h2 class=\"wp-block-heading\" id=\"h-annet-nyttig-materiell\">Annet nyttig materiell: <\/h2>\n\n\n\n<ul class=\"wp-block-list\">\n<li><a href=\"https:\/\/www.youtube.com\/watch?v=D6Jhwaq9e-M\" target=\"_blank\" rel=\"noopener\">Hva er et dilemma?<\/a> (Film, 2,5 min)<\/li>\n\n\n\n<li><a href=\"https:\/\/www.youtube.com\/watch?v=QLK6XldRBpI\" target=\"_blank\" rel=\"noopener\">Hvordan ta et godt valg?<\/a> (Film, 2 min)<\/li>\n\n\n\n<li><a href=\"https:\/\/www.blakors.no\/ressursbank\/snakkekort\/\">Snakkekort <\/a>(En kortstokk med sp\u00f8rsm\u00e5l og dilemma. Se kategoriene mobbing, gaming og sosiale medier) <\/li>\n<\/ul>\n\n\n\n<div class=\"custom-block-cta\">\n\t<div class=\"icon\"><\/div><div class=\"text-button-container\"><div class=\"text\">Se alle 5 samtaleoppleggene til filmen &quot;Velg Selv&quot;<\/div><div class=\"wp-block-button is-style-primary\"><a class=\"wp-block-button__link\" href=\"https:\/\/www.blakors.no\/ressursbank\/velg-selv-en-film-om-gruppepress\/\" target=\"\">Tilbake til hovedsiden<\/a><\/div><\/div><\/div>\n\n\n\n<figure class=\"wp-block-embed dekode-gtm-iframe-preview is-type-video is-provider-youtube wp-block-embed-youtube wp-embed-aspect-16-9 wp-has-aspect-ratio\"><div class=\"wp-block-embed__wrapper\">\n<iframe title=\"Velg selv Bl\u00e5 Kors\" width=\"500\" height=\"281\" data-cookieconsent=\"marketing\" data-cookieblock-src=\"https:\/\/www.youtube.com\/embed\/8569jB-WHrM?feature=oembed\"  allow=\"accelerometer; autoplay; clipboard-write; encrypted-media; gyroscope; picture-in-picture; web-share\" referrerpolicy=\"strict-origin-when-cross-origin\" allowfullscreen sandbox=\"allow-scripts allow-same-origin allow-popups allow-presentation allow-popups-to-escape-sandbox\"><\/iframe>\n\t\t<div class=\"cookieconsent-optout-marketing dekode-gtm-cookie-consent-video-placeholder\">\n\t\t\t<div class=\"dekode-gtm-cookie-consent is-block-core-embed is-provider-youtube\">\n\t\t\t\t\n\t\t\t<img decoding=\"async\" src=\"https:\/\/i.ytimg.com\/vi\/8569jB-WHrM\/hqdefault.jpg\" alt=\"youtube\" \/>\n\t\t\t\t<div class=\"overlay\">\n\t\t\t\t\t<div class=\"cookie-info\">\n\t\t\t\t\t\t<h2 id=\"her-ligger-det-medieinnhold-fra-en-ekstern-kilde\"  >Her ligger det medieinnhold fra en ekstern kilde. <\/h2> \n\n<p>For \u00e5 se innholdet, m\u00e5 du endre samtykket ditt.<\/p>\n\n<p>Les mer om hvordan dataen din blir behandlet av eksterne kilder i personvernerkl\u00e6ringen v\u00e5r.<\/p>\n\t\t\t\t\t\t<p>\n\t\t\t\t\t\t\t<a title=\"Endre samtykke\" class=\"dekode-gtm-cookiebot-renew\" href=\"#\">Endre samtykke<\/a>\n\t\t\t\t\t\t\t\n\t\t\t\t\t\t<\/p>\n\t\t\t\t\t<\/div>\n\t\t\t\t<\/div>\n\t\t\t<\/div>\n\t\t<\/div>\n<\/div><figcaption class=\"wp-element-caption\">Filmen &laquo;Velg Selv&raquo; kan brukes for \u00e5 ta opp aktuelle utfordringer i barns liv<\/figcaption><\/figure>\n\n<div class=\"dekode-module-was-this-helpful\">\n\t<div class=\"\">\n\t\t<h2>Var dette nyttig?<\/h2>\n\t\t<form id=\"dekode-wth-form\">\n\t\t\t<button id=\"dekode-wth-yes\" class=\"button\" name=\"dekode-wth-feedback\" type=\"submit\"\n\t\t\t\t\tvalue=\"1\">Ja<\/button>\n\t\t\t<button id=\"dekode-wth-no\" class=\"button\" name=\"dekode-wth-feedback\" type=\"submit\"\n\t\t\t\t\tvalue=\"0\">Nei<\/button>\n\t\t\t<input type=\"hidden\" name=\"post_id\" value=\"807\"\/>\n\t\t<\/form>\n\t<\/div>\n<\/div>\n","protected":false},"excerpt":{"rendered":"<p>Hvordan hjelpe barn h\u00e5ndtere vanskelige dilemma? Her finner du forslag til hvordan du kan ta opp dette. Dilemma Samtaleopplegg til bruk med filmen \u00abVelg Selv\u00bb www.blakors.no\/velgselv\/Les denne teksten h\u00f8yt eller bruk dine egne ord. Last ned som PDF her Introduksjon Hva er et dilemma? Har noen et eksempel p\u00e5 et dilemma? Et dilemma er n\u00e5r [&hellip;]<\/p>\n","protected":false},"author":23,"featured_media":814,"parent":12637,"menu_order":0,"comment_status":"closed","ping_status":"closed","template":"","meta":{"_acf_changed":false,"_relevanssi_hide_post":"","_relevanssi_hide_content":"","_relevanssi_pin_for_all":"on","_relevanssi_pin_keywords":"Dilemma, dilemmaer, dilemmaer til diskusjon, samtaleopplegg om dilemmaer, dilemma for barn, dilemmaer for barn","_relevanssi_unpin_keywords":"","_relevanssi_related_keywords":"","_relevanssi_related_include_ids":"","_relevanssi_related_exclude_ids":"","_relevanssi_related_no_append":"","_relevanssi_related_not_related":"","_relevanssi_related_posts":"1,572","_relevanssi_noindex_reason":"","_custom_cards_description":"","footnotes":""},"class_list":["post-807","page","type-page","status-publish","has-post-thumbnail","hentry"],"acf":[],"_links":{"self":[{"href":"https:\/\/www.blakors.no\/ressursbank\/wp-json\/wp\/v2\/pages\/807","targetHints":{"allow":["GET"]}}],"collection":[{"href":"https:\/\/www.blakors.no\/ressursbank\/wp-json\/wp\/v2\/pages"}],"about":[{"href":"https:\/\/www.blakors.no\/ressursbank\/wp-json\/wp\/v2\/types\/page"}],"author":[{"embeddable":true,"href":"https:\/\/www.blakors.no\/ressursbank\/wp-json\/wp\/v2\/users\/23"}],"replies":[{"embeddable":true,"href":"https:\/\/www.blakors.no\/ressursbank\/wp-json\/wp\/v2\/comments?post=807"}],"version-history":[{"count":5,"href":"https:\/\/www.blakors.no\/ressursbank\/wp-json\/wp\/v2\/pages\/807\/revisions"}],"predecessor-version":[{"id":12736,"href":"https:\/\/www.blakors.no\/ressursbank\/wp-json\/wp\/v2\/pages\/807\/revisions\/12736"}],"up":[{"embeddable":true,"href":"https:\/\/www.blakors.no\/ressursbank\/wp-json\/wp\/v2\/pages\/12637"}],"wp:featuredmedia":[{"embeddable":true,"href":"https:\/\/www.blakors.no\/ressursbank\/wp-json\/wp\/v2\/media\/814"}],"wp:attachment":[{"href":"https:\/\/www.blakors.no\/ressursbank\/wp-json\/wp\/v2\/media?parent=807"}],"curies":[{"name":"wp","href":"https:\/\/api.w.org\/{rel}","templated":true}]}}