{"id":845,"date":"2021-05-21T14:56:09","date_gmt":"2021-05-21T12:56:09","guid":{"rendered":"https:\/\/www.blakors.no\/ressursbank\/?page_id=845"},"modified":"2026-03-10T14:17:37","modified_gmt":"2026-03-10T13:17:37","slug":"kroppskrenkelse","status":"publish","type":"page","link":"https:\/\/www.blakors.no\/ressursbank\/undervisningsopplegg\/gruppepress\/kroppskrenkelse\/","title":{"rendered":"Samtaleopplegg om kropp og krenkelser"},"content":{"rendered":"\n<p><strong><strong>Hvordan snakke med barn om kropp, grenser og deling av seksualiserte bilder? Her finner du forslag til hvordan du kan ta opp dette. <\/strong><\/strong><\/p>\n\n\n\n<div class=\"wp-block-group is-layout-constrained wp-block-group-is-layout-constrained\">\n<h2 id=\"kropp-og-krenkelser\"  class=\"wp-block-heading has-text-align-center\" ><strong>Kropp og krenkelser<\/strong><strong><\/strong><\/h2>\n\n\n\n<p><strong>Samtaleopplegg til bruk med filmen \u00abVelg Selv\u00bb (<\/strong><a href=\"https:\/\/www.blakors.no\/ressursbank\/velg-selv-en-film-om-gruppepress\/\" target=\"_blank\" rel=\"noreferrer noopener\"><strong>www.blakors.no\/velgselv\/<\/strong><\/a><strong>). \u00a0<\/strong><\/p>\n\n\n\n<p><strong>Les denne teksten h\u00f8yt eller bruk dine egne ord.<\/strong><strong><\/strong><\/p>\n\n\n\n<p>Last ned som PDF <a href=\"https:\/\/www.blakors.no\/content\/uploads\/sites\/22\/2026\/03\/Kropp-og-krenkelser-samtaleopplegg.pdf\" target=\"_blank\" data-type=\"link\" data-id=\"https:\/\/www.blakors.no\/content\/uploads\/sites\/22\/2026\/03\/Gruppepress-Samtaleopplegg.pdf\" rel=\"noreferrer noopener\">her<\/a><\/p>\n<\/div>\n\n\n\n<div class=\"wp-block-group is-layout-constrained wp-block-group-is-layout-constrained\">\n<h2 id=\"introduksjon\"  class=\"wp-block-heading has-text-align-center\" >Introduksjon<\/h2>\n\n\n\n<p>P\u00e5 filmen ser du en jente som tar h\u00e5nden til en gutt. Tror dere gutten likte det? Hva kunne gutten sagt eller gjort hvis han ikke likte det? Tror dere jenta tok h\u00e5nden hans fordi hun ville det selv, eller fordi noen hadde utfordret henne til \u00e5 gj\u00f8re det, for \u00e5 se om hun turte?<\/p>\n<\/div>\n\n\n\n<div class=\"wp-block-group is-layout-constrained wp-block-group-is-layout-constrained\">\n<div class=\"wp-block-group has-lila-light-background-color has-background is-layout-constrained wp-block-group-is-layout-constrained\">\n<h2 id=\"ovelse\"  class=\"wp-block-heading\" >\u00d8velse<\/h2>\n\n\n\n<p>Tegn omrisset av en kropp p\u00e5 en tavle, flip-over, stort ark eller lignende.<\/p>\n\n\n\n<p>Sp\u00f8r barna om hvor p\u00e5 kroppen de synes det er greit \u00e5 bli tatt p\u00e5, og hvor de ikke liker \u00e5 bli tatt p\u00e5. De kan tegne med gr\u00f8nn tusj der som de synes det er ok \u00e5 bli tatt p\u00e5, og r\u00f8d tusj der de ikke vil bli tatt p\u00e5. Eller de kan si det h\u00f8yt mens lederen peker p\u00e5 ulike deler av krop-pen om det er \u00abr\u00f8d sone\u00bb eller \u00abgr\u00f8nn sone\u00bb, og s\u00e5 kan lederen markere.<\/p>\n\n\n\n<p>Er alle enige, eller er det noen omr\u00e5der som noen synes er r\u00f8de, og andre synes er gr\u00f8nne? Er det forskjell p\u00e5 hvem som tar p\u00e5 deg? <\/p>\n\n\n\n<p>Hva kan du gj\u00f8re eller si dersom noen tar deg p\u00e5 et \u00abr\u00f8dt\u00bb sted p\u00e5 kroppen din?<\/p>\n<\/div>\n<\/div>\n\n\n\n<div class=\"wp-block-group is-layout-constrained wp-block-group-is-layout-constrained\">\n<h2 id=\"dele-bilder-i-sosiale-medier\"  class=\"wp-block-heading has-text-align-center\" >Dele bilder i sosiale medier<\/h2>\n\n\n\n<p>Se p\u00e5 figuren med r\u00f8de og gr\u00f8nne soner igjen. Sp\u00f8r barna hva de ville gjort dersom noen sendte dem et bilde av en del av kroppen som er i r\u00f8d sone.<\/p>\n\n\n\n<ul class=\"wp-block-list\">\n<li><strong>Ville de vist det til en voksen?<\/strong><\/li>\n\n\n\n<li><strong>Ville de sendt det videre til noen venner?<\/strong><\/li>\n\n\n\n<li><strong>Ville de ledd?<\/strong><\/li>\n\n\n\n<li><strong>Ville de synes det var flaut? Spennende? G\u00f8y?<\/strong><\/li>\n\n\n\n<li><strong>Ville de sende et bilde tilbake?<\/strong><\/li>\n<\/ul>\n<\/div>\n\n\n\n<div class=\"wp-block-group is-layout-constrained wp-block-group-is-layout-constrained\">\n<h2 id=\"avslutning\"  class=\"wp-block-heading has-text-align-center\" >Avslutning<\/h2>\n\n\n\n<p>Hva synes dere om \u00e5 snakke om kroppen? Hvis du bekymrer deg for kroppen din, eller for noe andre gj\u00f8r med sin kropp eller med din kropp, snakk med en voksen du stoler p\u00e5 om det! Det er ikke meningen at du skal finne ut av alt selv! Men du m\u00e5 velge selv om du vil si ifra eller ikke<\/p>\n<\/div>\n\n\n\n<h2 class=\"wp-block-heading\" id=\"h-mer-nyttig-materiell\">Mer nyttig materiell: <\/h2>\n\n\n\n<ul class=\"wp-block-list\">\n<li><a href=\"https:\/\/www.youtube.com\/watch?v=wun-cabmMu4\" target=\"_blank\" rel=\"noopener\">Skal jeg sende nudes?<\/a> (Film, 2 minutter)<\/li>\n\n\n\n<li><a href=\"https:\/\/www.youtube.com\/watch?v=wun-cabmMu4\" target=\"_blank\" rel=\"noopener\">Hva skjer n\u00e5r du er forelska? <\/a>(Film, 2 minutter)<\/li>\n\n\n\n<li><a href=\"https:\/\/www.blakors.no\/ressursbank\/snakkekort\/\">Snakkekort <\/a>(En kortstokk med sp\u00f8rsm\u00e5l og dilemma. OBS: noen av sp\u00f8rsm\u00e5lene i kategorien seksualitet egner seg best for eldre ungdommer, velg ut sp\u00f8rsm\u00e5lene som passer for din gruppe.)<\/li>\n<\/ul>\n\n\n\n<div class=\"custom-block-cta\">\n\t<div class=\"icon\"><\/div><div class=\"text-button-container\"><div class=\"text\">Se alle fem samtaleoppleggene til filmen \u00abVelg selv\u00bb<\/div><div class=\"wp-block-button is-style-primary\"><a class=\"wp-block-button__link\" href=\"https:\/\/www.blakors.no\/ressursbank\/velg-selv-en-film-om-gruppepress\/\" target=\"\">Tilbake til hovedsiden<\/a><\/div><\/div><\/div>\n\n\n\n<figure class=\"wp-block-embed dekode-gtm-iframe-preview is-type-video is-provider-youtube wp-block-embed-youtube wp-embed-aspect-16-9 wp-has-aspect-ratio\"><div class=\"wp-block-embed__wrapper\">\n<iframe title=\"Velg selv Bl\u00e5 Kors\" width=\"500\" height=\"281\" data-cookieconsent=\"marketing\" data-cookieblock-src=\"https:\/\/www.youtube.com\/embed\/8569jB-WHrM?feature=oembed\"  allow=\"accelerometer; autoplay; clipboard-write; encrypted-media; gyroscope; picture-in-picture; web-share\" referrerpolicy=\"strict-origin-when-cross-origin\" allowfullscreen sandbox=\"allow-scripts allow-same-origin allow-popups allow-presentation allow-popups-to-escape-sandbox\"><\/iframe>\n\t\t<div class=\"cookieconsent-optout-marketing dekode-gtm-cookie-consent-video-placeholder\">\n\t\t\t<div class=\"dekode-gtm-cookie-consent is-block-core-embed is-provider-youtube\">\n\t\t\t\t\n\t\t\t<img decoding=\"async\" src=\"https:\/\/i.ytimg.com\/vi\/8569jB-WHrM\/hqdefault.jpg\" alt=\"youtube\" \/>\n\t\t\t\t<div class=\"overlay\">\n\t\t\t\t\t<div class=\"cookie-info\">\n\t\t\t\t\t\t<h2 id=\"her-ligger-det-medieinnhold-fra-en-ekstern-kilde\"  >Her ligger det medieinnhold fra en ekstern kilde. <\/h2> \n\n<p>For \u00e5 se innholdet, m\u00e5 du endre samtykket ditt.<\/p>\n\n<p>Les mer om hvordan dataen din blir behandlet av eksterne kilder i personvernerkl\u00e6ringen v\u00e5r.<\/p>\n\t\t\t\t\t\t<p>\n\t\t\t\t\t\t\t<a title=\"Endre samtykke\" class=\"dekode-gtm-cookiebot-renew\" href=\"#\">Endre samtykke<\/a>\n\t\t\t\t\t\t\t\n\t\t\t\t\t\t<\/p>\n\t\t\t\t\t<\/div>\n\t\t\t\t<\/div>\n\t\t\t<\/div>\n\t\t<\/div>\n<\/div><figcaption class=\"wp-element-caption\">Filmen \u00abVelg Selv\u00bb kan brukes for \u00e5 ta opp aktuelle utfordringer i barns liv<\/figcaption><\/figure>\n\n<div class=\"dekode-module-was-this-helpful\">\n\t<div class=\"\">\n\t\t<h2>Var dette nyttig?<\/h2>\n\t\t<form id=\"dekode-wth-form\">\n\t\t\t<button id=\"dekode-wth-yes\" class=\"button\" name=\"dekode-wth-feedback\" type=\"submit\"\n\t\t\t\t\tvalue=\"1\">Ja<\/button>\n\t\t\t<button id=\"dekode-wth-no\" class=\"button\" name=\"dekode-wth-feedback\" type=\"submit\"\n\t\t\t\t\tvalue=\"0\">Nei<\/button>\n\t\t\t<input type=\"hidden\" name=\"post_id\" value=\"845\"\/>\n\t\t<\/form>\n\t<\/div>\n<\/div>\n","protected":false},"excerpt":{"rendered":"<p>Hvordan snakke med barn om kropp, grenser og deling av seksualiserte bilder? Her finner du forslag til hvordan du kan ta opp dette. Kropp og krenkelser Samtaleopplegg til bruk med filmen \u00abVelg Selv\u00bb (www.blakors.no\/velgselv\/). \u00a0 Les denne teksten h\u00f8yt eller bruk dine egne ord. Last ned som PDF her Introduksjon P\u00e5 filmen ser du en [&hellip;]<\/p>\n","protected":false},"author":23,"featured_media":850,"parent":212,"menu_order":0,"comment_status":"closed","ping_status":"closed","template":"","meta":{"_acf_changed":false,"_relevanssi_hide_post":"","_relevanssi_hide_content":"","_relevanssi_pin_for_all":"on","_relevanssi_pin_keywords":"Kropp og krenkelser, arbeid med tweens, kroppskrenkelse, samtaleopplegg om kropp og krenkelser","_relevanssi_unpin_keywords":"","_relevanssi_related_keywords":"","_relevanssi_related_include_ids":"","_relevanssi_related_exclude_ids":"","_relevanssi_related_no_append":"","_relevanssi_related_not_related":"","_relevanssi_related_posts":"572,1","_relevanssi_noindex_reason":"","_custom_cards_description":"","footnotes":""},"class_list":["post-845","page","type-page","status-publish","has-post-thumbnail","hentry"],"acf":[],"_links":{"self":[{"href":"https:\/\/www.blakors.no\/ressursbank\/wp-json\/wp\/v2\/pages\/845","targetHints":{"allow":["GET"]}}],"collection":[{"href":"https:\/\/www.blakors.no\/ressursbank\/wp-json\/wp\/v2\/pages"}],"about":[{"href":"https:\/\/www.blakors.no\/ressursbank\/wp-json\/wp\/v2\/types\/page"}],"author":[{"embeddable":true,"href":"https:\/\/www.blakors.no\/ressursbank\/wp-json\/wp\/v2\/users\/23"}],"replies":[{"embeddable":true,"href":"https:\/\/www.blakors.no\/ressursbank\/wp-json\/wp\/v2\/comments?post=845"}],"version-history":[{"count":4,"href":"https:\/\/www.blakors.no\/ressursbank\/wp-json\/wp\/v2\/pages\/845\/revisions"}],"predecessor-version":[{"id":12741,"href":"https:\/\/www.blakors.no\/ressursbank\/wp-json\/wp\/v2\/pages\/845\/revisions\/12741"}],"up":[{"embeddable":true,"href":"https:\/\/www.blakors.no\/ressursbank\/wp-json\/wp\/v2\/pages\/212"}],"wp:featuredmedia":[{"embeddable":true,"href":"https:\/\/www.blakors.no\/ressursbank\/wp-json\/wp\/v2\/media\/850"}],"wp:attachment":[{"href":"https:\/\/www.blakors.no\/ressursbank\/wp-json\/wp\/v2\/media?parent=845"}],"curies":[{"name":"wp","href":"https:\/\/api.w.org\/{rel}","templated":true}]}}