{"id":110,"date":"2023-10-27T18:39:02","date_gmt":"2023-10-27T16:39:02","guid":{"rendered":"https:\/\/www.blakors.no\/spilleavhengighet\/?page_id=110"},"modified":"2025-11-11T11:19:31","modified_gmt":"2025-11-11T10:19:31","slug":"fjernbasert-behandling","status":"publish","type":"page","link":"https:\/\/www.blakors.no\/spilleavhengighet\/fjernbasert-behandling\/","title":{"rendered":"Fjernbasert behandling"},"content":{"rendered":"\n\t<div style=\"--t2-hero-dim:0;\" class=\"t2-hero t2-hero-content-position-center-left t2-hero-has-dim-0 alignfull wp-block-t2-hero has-background has-lila-light-background-color\">\n\t\t\n\t\t<div class=\"t2-hero__header\"><div class=\"t2-hero__header__content\">\n\n<h1 id=\"ukentlig-oppfolging-for-spilleavhengige-over-nett-og-telefon\"  class=\"wp-block-heading\" >Ukentlig oppf\u00f8lging for spilleavhengige over nett og telefon<\/h1>\n\n\n\n<p>Oppf\u00f8lgingen best\u00e5r av skriftlige arbeidsoppgaver og ukentlige telefonsamtaler med en fast terapeut over ca. 3 m\u00e5neder. <\/p>\n\n\n\n<p>Tilbudet er gratis og krever ikke legehenvisning, det er 18-\u00e5rs aldersgrense og du logger inn med BankID.<\/p>\n\n\n\n<p>NB! Det er for tiden stor p\u00e5gang, derav noe ventetid. <\/p>\n\n\n\n<div class=\"wp-block-buttons is-layout-flex wp-block-buttons-is-layout-flex\">\n<div class=\"wp-block-button\"><a class=\"wp-block-button__link wp-element-button\" href=\"https:\/\/login2.checkwareonline.com\/v2\/fjernbasert\/respondent\/\" target=\"_blank\" rel=\"noopener\">Logg inn\/registrer deg<\/a><\/div>\n<\/div>\n\n<\/div><\/div>\n\t<\/div>\n\n\n<div class=\"wp-block-lib-header alignfull hide\"><div class=\"image-wrapper\"><img decoding=\"async\" src=\"https:\/\/www.blakors.no\/content\/uploads\/sites\/39\/2025\/01\/laptop-og-headset.jpg\" alt=\"header\"\/><\/div><div class=\"header-innercontent\"><\/div><\/div>\n\n\n\n<h2 id=\"om-tilbudet\"  class=\"wp-block-heading\" >Om tilbudet<\/h2>\n\n\n\n<p><strong><em>Fjernbasert behandling for spilleavhengige<\/em> er et lavterskeltilbud for mennesker som \u00f8nsker \u00e5 bryte med et negativt spillm\u00f8nster. Det er ikke krav om diagnose eller henvisning, at du selv vil gj\u00f8re grep for \u00e5 slutte med spill er tilstrekkelig. Registrer deg via lenken under og vi vil ringe deg innen 4 virkedager, om vi ikke treffer deg p\u00e5 telefon etter flere fors\u00f8k og du ikke ringer tilbake s\u00e5 avsluttes tilbudet fra v\u00e5r side. <br><\/strong><\/p>\n\n\n<ul class=\"t2-link-list has-2-items has-1-columns wp-block-t2-link-list\">\n\t<li class=\"has-background has-green-light-background-color t2-link-list-item wp-block-t2-link-list-item\">\n\t\t<a href=\"https:\/\/login2.checkwareonline.com\/v2\/fjernbasert\/respondent\/\" class=\"t2-link-list-item__link t2-link-list__icon--right\" target=\"_blank\" rel=\"noopener\">\n\t\t\t<span class=\"t2-link-list-item__icon\"><span class=\"t2-link-list-item__icon-box\"><\/span><svg xmlns=\"http:\/\/www.w3.org\/2000\/svg\" viewBox=\"0 0 24 24\" height=\"24\" width=\"24\" class=\"t2-icon t2-icon-arrowforward\" aria-hidden=\"true\" focusable=\"false\"><path d=\"M11.3 19.3c-.2-.2-.3-.4-.3-.7 0-.3.1-.5.3-.7l4.9-4.9H5c-.3 0-.5-.1-.7-.3-.2-.2-.3-.4-.3-.7s.1-.5.3-.7c.2-.2.4-.3.7-.3h11.2l-4.9-4.9c-.2-.2-.3-.4-.3-.7 0-.3.1-.5.3-.7.2-.2.4-.3.7-.3s.5.1.7.3l6.6 6.6c.1.1.2.2.2.3 0 .1.1.3.1.4 0 .1 0 .3-.1.4 0 .1-.1.2-.2.3l-6.6 6.6c-.2.2-.4.3-.7.3s-.5-.1-.7-.3z\" fill=\"currentColor\" \/><\/svg><\/span>\t\t\t<div class=\"t2-link-list-item__content\">\n\n\t\t\t\t\n\t\t\t\t<span id=\"link-list-item-text\" class=\"t2-link-list-item__text\">\n\t\t\t\t\t\u00d8nsker du kostnadsfri oppf\u00f8lging via telefon og nett?\t\t\t\t<\/span>\n\t\t\t\t<span id=\"link-list-item-description\" class=\"t2-link-list-item__description\">Registrer deg f\u00e5r deltagelse i Fjernbasert behandling for spilleavhengige, og en av v\u00e5re terapeuter kontakter deg p\u00e5 telefon.  <\/span>\t\t\t<\/div>\n\t\t<\/a>\n\t<\/li>\n\t\n\n\t<li class=\"has-background has-green-light-background-color t2-link-list-item wp-block-t2-link-list-item\">\n\t\t<a href=\"https:\/\/login2.checkwareonline.com\/v2\/fjernbasert\/respondent\/\" class=\"t2-link-list-item__link t2-link-list__icon--right\" target=\"_blank\" rel=\"noopener\">\n\t\t\t<span class=\"t2-link-list-item__icon\"><span class=\"t2-link-list-item__icon-box\"><\/span><svg xmlns=\"http:\/\/www.w3.org\/2000\/svg\" viewBox=\"0 0 24 24\" height=\"24\" width=\"24\" class=\"t2-icon t2-icon-arrowforward\" aria-hidden=\"true\" focusable=\"false\"><path d=\"M11.3 19.3c-.2-.2-.3-.4-.3-.7 0-.3.1-.5.3-.7l4.9-4.9H5c-.3 0-.5-.1-.7-.3-.2-.2-.3-.4-.3-.7s.1-.5.3-.7c.2-.2.4-.3.7-.3h11.2l-4.9-4.9c-.2-.2-.3-.4-.3-.7 0-.3.1-.5.3-.7.2-.2.4-.3.7-.3s.5.1.7.3l6.6 6.6c.1.1.2.2.2.3 0 .1.1.3.1.4 0 .1 0 .3-.1.4 0 .1-.1.2-.2.3l-6.6 6.6c-.2.2-.4.3-.7.3s-.5-.1-.7-.3z\" fill=\"currentColor\" \/><\/svg><\/span>\t\t\t<div class=\"t2-link-list-item__content\">\n\n\t\t\t\t\n\t\t\t\t<span id=\"link-list-item-text-1\" class=\"t2-link-list-item__text\">\n\t\t\t\t\tEr du allerede registrert?\t\t\t\t<\/span>\n\t\t\t\t<span id=\"link-list-item-description-1\" class=\"t2-link-list-item__description\">P\u00e5logging for deg som har startet behandlingsprogrammet.<\/span>\t\t\t<\/div>\n\t\t<\/a>\n\t<\/li>\n\t\n<\/ul>\n\n\n<h2 id=\"for-oppstart\"  class=\"wp-block-heading\" >F\u00f8r oppstart<\/h2>\n\n\n\n<p>Etter du har meldt deg p\u00e5 vil du bli kontaktet av en av v\u00e5re terapeuter innen 4 virkedager, n\u00e5r vi treffer deg er det \u00f8nskelig \u00e5 lage en avtale for en forsamtale. Det handler om \u00e5 ta en grundigere prat om dine tanker og \u00f8nsker for veien videre, gi deg nok informasjon om dette tilbudet &#8211; og at vi blir litt bedre kjent f\u00f8r oppstart. P\u00e5 denne m\u00e5ten kan vi ogs\u00e5 dr\u00f8fte hvorvidt det er behov for annen type oppf\u00f8lging i tillegg, parallelle utfordringer man kan s\u00f8ke hjelp for etc. <\/p>\n\n\n\n<p>\u00d8konomi er ofte et betent tema. En uoversiktlig og kaotisk \u00f8konomisk situasjon, spillegjeld og inkassokrav gj\u00f8r ikke tilv\u00e6relsen noe enklere. Dette er faktorer som ogs\u00e5 kan trigge videre u\u00f8nsket spilling, typiske feiltanker er gjerne knyttet til troen eller \u00f8nsket om storgevinst. Dessverre skjer det motsatte og det er stor risiko for \u00e5 grave seg enda lenger ned. Vi anbefaler p\u00e5 det varmeste \u00e5 s\u00f8ke bistand hos \u00f8konomisk r\u00e5dgiver i sin hjemkommune, dette er ofte via NAV og det er et kostnadsfritt tilbud. Les mer <a href=\"https:\/\/www.nav.no\/sosiale-tjenester\" target=\"_blank\" rel=\"noopener\">HER<\/a><\/p>\n\n\n\n<div class=\"wp-block-group is-layout-flow wp-block-group-is-layout-flow\">\n<h2 id=\"underveis-i-forlopet\"  class=\"wp-block-heading\" >Underveis i forl\u00f8pet<\/h2>\n\n\n\n<p>Du og din terapeut avtaler helst en fast dag og tid for ukentlige samtaler, dette gj\u00f8r at forl\u00f8pet er mest mulig forutsigbart for b\u00e5de deg og din terapeut. Det er fleksibelt og skal passe deg best mulig ut fra din hverdag og timeplan, vi \u00f8nsker \u00e5 tilrettelegge best mulig for deg og din tid. Samtalene legges til dagtid, mellom kl. 08:00 til kl. 15:00. Det er viktig at du gir beskjed om avtalt samtale ikke passer, da kan vi lett flytte p\u00e5 den til neste ledige tid. Ved gjentatte avtalebrudd og at vi ikke f\u00e5r beskjed fra deg s\u00e5 avsluttes tilbudet fra v\u00e5r side.<\/p>\n\n\n\n<p>Skriftlige arbeidsoppgaver sendes mellom hver samtale, dette er sentrale tema i endringsarbeidet og danner utgangspunkt for neste samtale. Det handler ikke om \u00e5 skrive mest mulig, men \u00e5 gj\u00f8re seg noen refleksjoner som dr\u00f8ftes i kommende samtale. Egenarbeid mellom samtalene \u00f8ker effekten av denne oppf\u00f8lgingen. <\/p>\n\n\n\n<p><strong>Tema i forl\u00f8pet er blant annet:<\/strong><\/p>\n\n\n\n<ul class=\"wp-block-list\">\n<li>Motivasjon\/m\u00e5lsetting; skape en slitesterk beslutning<\/li>\n\n\n\n<li>Styrke innsikt og troen p\u00e5 seg selv<\/li>\n\n\n\n<li>Kartlegge risikosituasjoner og dr\u00f8fte tiltak for \u00e5 begrense spill<\/li>\n\n\n\n<li>Analysere spillsituasjoner for bedre forst\u00e5else av egen spilling<\/li>\n\n\n\n<li>Dr\u00f8fte sosiale og \u00f8konomiske konsekvenser, hvilke l\u00f8sninger som finnes<\/li>\n\n\n\n<li>Finne noe annet meningsfullt \u00e5 bruke tiden p\u00e5<\/li>\n<\/ul>\n\n\n\n<p>Behandlingsperioden varer&nbsp;i ca. 12 uker.<\/p>\n<\/div>\n\n\n\n<div class=\"wp-block-group is-layout-flow wp-block-group-is-layout-flow\">\n<h2 id=\"etter-fullfort-oppfolging\"  class=\"wp-block-heading\" >Etter fullf\u00f8rt oppf\u00f8lging<\/h2>\n\n\n\n<p>Du f\u00e5r tilbud om oppf\u00f8lgingssamtaler etter behandlingens slutt, dette legges i f\u00f8rste omgang til rundt 3 m\u00e5neder etter siste samtale. Vi gir r\u00e5d og anbefalinger om videre hjelp ut fra dine behov, ettervern er viktig for mange. Selvhjelpsgrupper eller andre samtaler kan v\u00e6re nyttig, mange av de vi snakker med opps\u00f8ker gruppesamtaler hos <a href=\"https:\/\/spillavhengighet.no\/?utm_source=google&amp;utm_medium=search&amp;utm_campaign=brand&amp;utm_term=gen&amp;gad_source=1&amp;gclid=EAIaIQobChMImsnSv5zrigMVPxSiAx169gYcEAAYASAAEgLqZfD_BwE\" target=\"_blank\" rel=\"noopener\">Spillavhengighet Norge<\/a> &#8211; det \u00e5 m\u00f8te andre mennesker i samme situasjon kan ha en sv\u00e6rt god terapeutisk effekt. Ved akutt fare for tilbakefall eller annet som gir behov for samtale, husk ogs\u00e5 at <a href=\"https:\/\/hjelpelinjen.no\/\" target=\"_blank\" rel=\"noopener\">Hjelpelinjen<\/a> er tilgjengelig.<\/p>\n<\/div>\n\n\n\n<div class=\"wp-block-buttons is-content-justification-center is-layout-flex wp-container-core-buttons-is-layout-16018d1d wp-block-buttons-is-layout-flex\">\n<div class=\"wp-block-button\"><a class=\"wp-block-button__link wp-element-button\" href=\"https:\/\/login2.checkwareonline.com\/v2\/fjernbasert\/respondent\/\" target=\"_blank\" rel=\"noopener\">Registrer deg<\/a><\/div>\n<\/div>\n\n\n\n<h2 id=\"les-mer-om-spilleavhengighet\"  class=\"wp-block-heading\" >Les mer om spilleavhengighet<\/h2>\n\n\n<div class=\"t2-featured-content-layout alignwide alignwide wp-block-t2-featured-content-layout\" role=\"list\">\n<div class=\"t2-featured-single-post t2-featured-content is-post-type-post category-kategori category-spilleavhengighet wp-block-t2-featured-single-post\" role=\"listitem\"><a class=\"t2-post-link wp-block-t2-post-link\" href=\"https:\/\/www.blakors.no\/nyheter\/spilleavhengighet-blakors-kasper-historie\/\">\n<figure style=\"--t2-focal-point: 50% 50%;\" class=\"t2-post-featured-image has-image-ratio-16-9 wp-block-t2-post-featured-image\"><img loading=\"lazy\" decoding=\"async\" width=\"5876\" height=\"3978\" src=\"https:\/\/v.imgi.no\/blakors-50201-754c311c3a72f16755b2498da54fbe3f-5876x3978\/rygg.webp\" class=\"attachment-post-thumbnail size-post-thumbnail wp-post-image\" alt=\"\" srcset=\"https:\/\/v.imgi.no\/blakors-50201-754c311c3a72f16755b2498da54fbe3f-150x102\/rygg.webp 150w, https:\/\/v.imgi.no\/blakors-50201-754c311c3a72f16755b2498da54fbe3f-300x203\/rygg.webp 300w, https:\/\/v.imgi.no\/blakors-50201-754c311c3a72f16755b2498da54fbe3f-768x519\/rygg.webp 768w, https:\/\/v.imgi.no\/blakors-50201-754c311c3a72f16755b2498da54fbe3f-1024x693\/rygg.webp 1024w, https:\/\/v.imgi.no\/blakors-50201-754c311c3a72f16755b2498da54fbe3f-1536x1040\/rygg.webp 1536w, https:\/\/v.imgi.no\/blakors-50201-754c311c3a72f16755b2498da54fbe3f-2048x1386\/rygg.webp 2048w, https:\/\/v.imgi.no\/blakors-50201-754c311c3a72f16755b2498da54fbe3f-300x203\/rygg.webp 300w, https:\/\/v.imgi.no\/blakors-50201-754c311c3a72f16755b2498da54fbe3f-450x305\/rygg.webp 450w, https:\/\/v.imgi.no\/blakors-50201-754c311c3a72f16755b2498da54fbe3f-200x135\/rygg.webp 200w, https:\/\/v.imgi.no\/blakors-50201-754c311c3a72f16755b2498da54fbe3f-300x203\/rygg.webp 300w, https:\/\/v.imgi.no\/blakors-50201-754c311c3a72f16755b2498da54fbe3f-400x271\/rygg.webp 400w, https:\/\/v.imgi.no\/blakors-50201-754c311c3a72f16755b2498da54fbe3f-600x406\/rygg.webp 600w\" sizes=\"auto, (min-width: 782px) 768px, 100vw\" \/><\/figure>\n\n<div class=\"wp-block-group alignfull is-layout-flow wp-block-group-is-layout-flow\">\n\t<h2 id=\"spillingen-tok-over-livet-men-kasper-tok-det-tilbake\"  class=\"t2-post-title wp-block-t2-post-title\" >Spillingen tok over livet \u2013 men Kasper tok det tilbake\u00a0<\/h2>\n\t<div class=\"wp-block-post-date__modified-date wp-block-post-date\"><time datetime=\"2025-10-31T15:00:28+01:00\">31. oktober 2025<\/time><\/div>\n\t\t\t<div class=\"single-meta t2-post-excerpt card-description wp-block-blakors-meta-display\"><\/div>\n\t\n<\/div>\n\n<\/a>\n<\/div>\n\n<div class=\"t2-featured-single-post t2-featured-content is-post-type-article theme-penge-og-dataspillavhengighet wp-block-t2-featured-single-post\" role=\"listitem\"><a class=\"t2-post-link wp-block-t2-post-link\" href=\"https:\/\/www.blakors.no\/fagside\/pengespillavhengighet\/\">\n<figure style=\"--t2-focal-point: 50% 50%;\" class=\"t2-post-featured-image has-image-ratio-16-9 wp-block-t2-post-featured-image\"><img loading=\"lazy\" decoding=\"async\" width=\"2048\" height=\"1436\" src=\"https:\/\/www.blakors.no\/content\/uploads\/2021\/12\/Blakors-spilling-Kveld-8420-scaled.jpg\" class=\"attachment-post-thumbnail size-post-thumbnail wp-post-image\" alt=\"En mann sitter i sofaen og spiller pengespill p\u00e5 telefonen med et konsentrert utrykk i ansiktet.\" srcset=\"https:\/\/www.blakors.no\/content\/uploads\/2021\/12\/Blakors-spilling-Kveld-8420-scaled.jpg 2048w, https:\/\/www.blakors.no\/content\/uploads\/2021\/12\/Blakors-spilling-Kveld-8420-scaled-300x210.jpg 300w, https:\/\/www.blakors.no\/content\/uploads\/2021\/12\/Blakors-spilling-Kveld-8420-scaled-1024x718.jpg 1024w, https:\/\/www.blakors.no\/content\/uploads\/2021\/12\/Blakors-spilling-Kveld-8420-scaled-768x539.jpg 768w, https:\/\/www.blakors.no\/content\/uploads\/2021\/12\/Blakors-spilling-Kveld-8420-scaled-1536x1077.jpg 1536w\" sizes=\"auto, (min-width: 782px) 768px, 100vw\" \/><\/figure>\n\n<div class=\"wp-block-group alignfull is-layout-flow wp-block-group-is-layout-flow\">\n\t<h2 id=\"pengespillavhengighet\"  class=\"t2-post-title wp-block-t2-post-title\" >Pengespillavhengighet<\/h2>\n\t<div class=\"wp-block-post-date__modified-date wp-block-post-date\"><time datetime=\"2025-10-21T12:57:36+02:00\">21. oktober 2025<\/time><\/div>\n\t\t\t<div class=\"single-meta t2-post-excerpt card-description wp-block-blakors-meta-display\"><\/div>\n\t\n<\/div>\n\n<\/a>\n<\/div>\n\n<div class=\"t2-featured-single-post t2-featured-content is-post-type-article theme-penge-og-dataspillavhengighet place-oslo place-oslo-by wp-block-t2-featured-single-post\" role=\"listitem\"><a class=\"t2-post-link wp-block-t2-post-link\" href=\"https:\/\/www.blakors.no\/fagside\/dataspillavhengighet\/\">\n<figure style=\"--t2-focal-point: 50% 50%;\" class=\"t2-post-featured-image has-image-ratio-16-9 wp-block-t2-post-featured-image\"><img loading=\"lazy\" decoding=\"async\" width=\"3840\" height=\"2560\" src=\"https:\/\/www.blakors.no\/content\/uploads\/2020\/01\/COLOURBOX42360784-scaled.jpg\" class=\"attachment-post-thumbnail size-post-thumbnail wp-post-image\" alt=\"Ung stresset gutt foran pc skjerm\" srcset=\"https:\/\/www.blakors.no\/content\/uploads\/2020\/01\/COLOURBOX42360784-scaled.jpg 3840w, https:\/\/www.blakors.no\/content\/uploads\/2020\/01\/COLOURBOX42360784-300x200.jpg 300w, https:\/\/www.blakors.no\/content\/uploads\/2020\/01\/COLOURBOX42360784-1024x683.jpg 1024w, https:\/\/www.blakors.no\/content\/uploads\/2020\/01\/COLOURBOX42360784-768x512.jpg 768w, https:\/\/www.blakors.no\/content\/uploads\/2020\/01\/COLOURBOX42360784-1536x1024.jpg 1536w, https:\/\/www.blakors.no\/content\/uploads\/2020\/01\/COLOURBOX42360784-2048x1365.jpg 2048w\" sizes=\"auto, (min-width: 782px) 768px, 100vw\" \/><\/figure>\n\n<div class=\"wp-block-group alignfull is-layout-flow wp-block-group-is-layout-flow\">\n\t<h2 id=\"dataspillavhengighet\"  class=\"t2-post-title wp-block-t2-post-title\" >Dataspillavhengighet<\/h2>\n\t<div class=\"wp-block-post-date__modified-date wp-block-post-date\"><time datetime=\"2025-05-24T08:48:55+02:00\">24. mai 2025<\/time><\/div>\n\t\t\t<div class=\"single-meta t2-post-excerpt card-description wp-block-blakors-meta-display\"><\/div>\n\t\n<\/div>\n\n<\/a>\n<\/div>\n<\/div>","protected":false},"excerpt":{"rendered":"<p>Om tilbudet Fjernbasert behandling for spilleavhengige er et lavterskeltilbud for mennesker som \u00f8nsker \u00e5 bryte med et negativt spillm\u00f8nster. Det er ikke krav om diagnose eller henvisning, at du selv vil gj\u00f8re grep for \u00e5 slutte med spill er tilstrekkelig. Registrer deg via lenken under og vi vil ringe deg innen 4 virkedager, om vi [&hellip;]<\/p>\n","protected":false},"author":105,"featured_media":430,"parent":0,"menu_order":0,"comment_status":"closed","ping_status":"closed","template":"","meta":{"_acf_changed":false,"_relevanssi_hide_post":"","_relevanssi_hide_content":"","_relevanssi_pin_for_all":"on","_relevanssi_pin_keywords":"fjernbasert behandling, fjernbasert behandling av spillavhengige, spillavhengig behandling, fjernbasert spillavhengighetsbehandling, nettbasert behandling, nettbasert spilleavhengighet behandling, pengespillavhengighet behandling","_relevanssi_unpin_keywords":"","_relevanssi_related_keywords":"","_relevanssi_related_include_ids":"","_relevanssi_related_exclude_ids":"","_relevanssi_related_no_append":"","_relevanssi_related_not_related":"","_relevanssi_related_posts":"1","_relevanssi_noindex_reason":"","_custom_cards_description":"","footnotes":""},"class_list":["post-110","page","type-page","status-publish","has-post-thumbnail","hentry"],"acf":[],"_links":{"self":[{"href":"https:\/\/www.blakors.no\/spilleavhengighet\/wp-json\/wp\/v2\/pages\/110","targetHints":{"allow":["GET"]}}],"collection":[{"href":"https:\/\/www.blakors.no\/spilleavhengighet\/wp-json\/wp\/v2\/pages"}],"about":[{"href":"https:\/\/www.blakors.no\/spilleavhengighet\/wp-json\/wp\/v2\/types\/page"}],"author":[{"embeddable":true,"href":"https:\/\/www.blakors.no\/spilleavhengighet\/wp-json\/wp\/v2\/users\/105"}],"replies":[{"embeddable":true,"href":"https:\/\/www.blakors.no\/spilleavhengighet\/wp-json\/wp\/v2\/comments?post=110"}],"version-history":[{"count":5,"href":"https:\/\/www.blakors.no\/spilleavhengighet\/wp-json\/wp\/v2\/pages\/110\/revisions"}],"predecessor-version":[{"id":585,"href":"https:\/\/www.blakors.no\/spilleavhengighet\/wp-json\/wp\/v2\/pages\/110\/revisions\/585"}],"wp:featuredmedia":[{"embeddable":true,"href":"https:\/\/www.blakors.no\/spilleavhengighet\/wp-json\/wp\/v2\/media\/430"}],"wp:attachment":[{"href":"https:\/\/www.blakors.no\/spilleavhengighet\/wp-json\/wp\/v2\/media?parent=110"}],"curies":[{"name":"wp","href":"https:\/\/api.w.org\/{rel}","templated":true}]}}