{"id":159,"date":"2023-10-31T08:14:34","date_gmt":"2023-10-31T07:14:34","guid":{"rendered":"https:\/\/www.blakors.no\/spilleavhengighet\/?page_id=159"},"modified":"2025-10-20T13:13:21","modified_gmt":"2025-10-20T11:13:21","slug":"parorende-til-spilleavhengig","status":"publish","type":"page","link":"https:\/\/www.blakors.no\/spilleavhengighet\/parorende-til-spilleavhengig\/","title":{"rendered":"P\u00e5r\u00f8rende"},"content":{"rendered":"\n\t<div style=\"--t2-hero-dim:0;\" class=\"t2-hero t2-hero-content-position-center-left t2-hero-has-dim-0 alignfull wp-block-t2-hero has-background has-lila-light-background-color\">\n\t\t\n\t\t<div class=\"t2-hero__header\"><div class=\"t2-hero__header__content\">\n\n<h1 id=\"oppfolging-for-naerstaende-av-spilleavhengige\"  class=\"wp-block-heading\" >Oppf\u00f8lging for n\u00e6rst\u00e5ende av spilleavhengige<\/h1>\n\n\n\n<p>Mennesker som lever tett p\u00e5 spilleavhengighet kan ha det like vanskelig som spilleren selv, samtidig kan det oppleves utfordrende \u00e5 s\u00f8ke hjelp for sin egen del.<\/p>\n\n\n\n<p>Dette tilbudet retter seg mot p\u00e5r\u00f8rende og n\u00e6rst\u00e5ende av spilleavhengige. <br>All kommunikasjon foreg\u00e5r over telefon og nett. Tilbudet er gratis.<\/p>\n\n\n\n<div class=\"wp-block-buttons is-layout-flex wp-block-buttons-is-layout-flex\">\n<div class=\"wp-block-button\"><a class=\"wp-block-button__link wp-element-button\" href=\"https:\/\/login2.checkwareonline.com\/v2\/fjernbasert\/respondent\/\" target=\"_blank\" rel=\"noopener\">Logg inn\/registrer deg<\/a><\/div>\n<\/div>\n\n<\/div><\/div>\n\t<\/div>\n\n<div class=\"t2-accordion t2-faq wp-block-t2-faq\" role=\"list\">\n\n\t\t<div class=\"has-background has-green-light-background-color t2-faq-item t2-accordion-item wp-block-t2-faq-item\" role=\"listitem\">\n\t\t\t<h3 class=\"t2-faq-title t2-accordion-title\" id=\"hvem-er-p\u00e5r\u00f8rende?\">\n\t\t\t\t<button\n\t\t\t\t\taria-controls=\"faq-panel\"\n\t\t\t\t\taria-expanded=\"false\"\n\t\t\t\t\tclass=\"t2-faq-trigger t2-accordion-trigger\"\n\t\t\t\t\tid=\"faq-item\"\n\t\t\t\t\ttype=\"button\"\n\t\t\t\t>\n\t\t\t\t\tHvem er p\u00e5r\u00f8rende?\n\t\t\t\t\t<span class=\"t2-faq-icon t2-accordion-icon is-closed-icon\"><svg xmlns=\"http:\/\/www.w3.org\/2000\/svg\" viewBox=\"0 0 24 24\" height=\"24\" width=\"24\" class=\"t2-icon t2-icon-chevrondown\" aria-hidden=\"true\" focusable=\"false\"><path d=\"M12 14.9c-.1 0-.3 0-.4-.1-.1 0-.2-.1-.3-.2L6.7 10c-.2-.1-.3-.4-.3-.6 0-.3.1-.5.3-.7.2-.2.4-.3.7-.3s.5.1.7.3l3.9 3.9 3.9-3.9c.2-.2.4-.3.7-.3.3 0 .5.1.7.3.2.2.3.4.3.7s-.1.5-.3.7l-4.6 4.6c-.1.1-.2.2-.3.2H12z\" fill=\"currentColor\" \/><\/svg><\/span>\n\t\t\t\t\t<span class=\"t2-faq-icon t2-accordion-icon is-open-icon\"><svg xmlns=\"http:\/\/www.w3.org\/2000\/svg\" viewBox=\"0 0 24 24\" height=\"24\" width=\"24\" class=\"t2-icon t2-icon-chevronup\" aria-hidden=\"true\" focusable=\"false\"><path d=\"M6.7 14.7c-.2-.2-.3-.4-.3-.7s.1-.5.3-.7l4.6-4.6c.1-.1.2-.2.3-.2.1 0 .2-.1.4-.1.1 0 .3 0 .4.1.1 0 .2.1.3.2l4.6 4.6c.2.2.3.4.3.7s-.1.5-.3.7c-.2.2-.4.3-.7.3s-.5-.1-.7-.3L12 10.8l-3.9 3.9c-.2.2-.4.3-.7.3s-.5-.1-.7-.3z\" fill=\"currentColor\" \/><\/svg><\/span>\n\t\t\t\t<\/button>\n\t\t\t<\/h3>\n\t\t\t<div\n\t\t\t\taria-labelledby=\"faq-item\"\n\t\t\t\tclass=\"t2-faq-item__inner-container t2-accordion-item__inner-container is-layout-flow\"\n\t\t\t\tid=\"faq-panel\"\n\t\t\t\trole=\"region\"\n\t\t\t\thidden\n\t\t\t>\n\t\t\t\t\n\n<p>P\u00e5r\u00f8rende kan v\u00e6re n\u00e6r familie, slektning, venn, arbeidsgiver eller kollega av en som har spilleproblemer.<\/p>\n\n\n\n<p>Det stilles ikke krav til at spilleren selv g\u00e5r i behandling.<\/p>\n\n\n\t\t\t<\/div>\n\t\t<\/div>\n\t\t\n\n\n\t\t<div class=\"has-background has-green-light-background-color t2-faq-item t2-accordion-item wp-block-t2-faq-item\" role=\"listitem\">\n\t\t\t<h3 class=\"t2-faq-title t2-accordion-title\" id=\"hva-skjer-etter-at-jeg-har-meldt-meg-p\u00e5?\">\n\t\t\t\t<button\n\t\t\t\t\taria-controls=\"faq-panel-1\"\n\t\t\t\t\taria-expanded=\"false\"\n\t\t\t\t\tclass=\"t2-faq-trigger t2-accordion-trigger\"\n\t\t\t\t\tid=\"faq-item-1\"\n\t\t\t\t\ttype=\"button\"\n\t\t\t\t>\n\t\t\t\t\tHva skjer etter at jeg har meldt meg p\u00e5?\n\t\t\t\t\t<span class=\"t2-faq-icon t2-accordion-icon is-closed-icon\"><svg xmlns=\"http:\/\/www.w3.org\/2000\/svg\" viewBox=\"0 0 24 24\" height=\"24\" width=\"24\" class=\"t2-icon t2-icon-chevrondown\" aria-hidden=\"true\" focusable=\"false\"><path d=\"M12 14.9c-.1 0-.3 0-.4-.1-.1 0-.2-.1-.3-.2L6.7 10c-.2-.1-.3-.4-.3-.6 0-.3.1-.5.3-.7.2-.2.4-.3.7-.3s.5.1.7.3l3.9 3.9 3.9-3.9c.2-.2.4-.3.7-.3.3 0 .5.1.7.3.2.2.3.4.3.7s-.1.5-.3.7l-4.6 4.6c-.1.1-.2.2-.3.2H12z\" fill=\"currentColor\" \/><\/svg><\/span>\n\t\t\t\t\t<span class=\"t2-faq-icon t2-accordion-icon is-open-icon\"><svg xmlns=\"http:\/\/www.w3.org\/2000\/svg\" viewBox=\"0 0 24 24\" height=\"24\" width=\"24\" class=\"t2-icon t2-icon-chevronup\" aria-hidden=\"true\" focusable=\"false\"><path d=\"M6.7 14.7c-.2-.2-.3-.4-.3-.7s.1-.5.3-.7l4.6-4.6c.1-.1.2-.2.3-.2.1 0 .2-.1.4-.1.1 0 .3 0 .4.1.1 0 .2.1.3.2l4.6 4.6c.2.2.3.4.3.7s-.1.5-.3.7c-.2.2-.4.3-.7.3s-.5-.1-.7-.3L12 10.8l-3.9 3.9c-.2.2-.4.3-.7.3s-.5-.1-.7-.3z\" fill=\"currentColor\" \/><\/svg><\/span>\n\t\t\t\t<\/button>\n\t\t\t<\/h3>\n\t\t\t<div\n\t\t\t\taria-labelledby=\"faq-item-1\"\n\t\t\t\tclass=\"t2-faq-item__inner-container t2-accordion-item__inner-container is-layout-flow\"\n\t\t\t\tid=\"faq-panel-1\"\n\t\t\t\trole=\"region\"\n\t\t\t\thidden\n\t\t\t>\n\t\t\t\t\n\n<p>Etter at du har meldt deg p\u00e5 til p\u00e5r\u00f8rendesamtaler, er du registrert som samtaledeltaker i v\u00e5rt system. <br>Vi \u00f8nsker \u00e5 hjelpe deg s\u00e5 raskt som mulig, og din terapeut tar kontakt med deg innen en uke for \u00e5 avtale oppstartssamtale. <br>Denne samtalen er helt uforpliktende. Hensikten er \u00e5 informere deg om tilbudet v\u00e5rt og h\u00f8re litt innledende om din situasjon og tanker om hva du \u00f8nsker at vi skal snakke om videre.<\/p>\n\n\n\t\t\t<\/div>\n\t\t<\/div>\n\t\t\n\n\n\t\t<div class=\"has-background has-green-light-background-color t2-faq-item t2-accordion-item wp-block-t2-faq-item\" role=\"listitem\">\n\t\t\t<h3 class=\"t2-faq-title t2-accordion-title\" id=\"hva-er-innholdet-i-samtalene?\">\n\t\t\t\t<button\n\t\t\t\t\taria-controls=\"faq-panel-2\"\n\t\t\t\t\taria-expanded=\"false\"\n\t\t\t\t\tclass=\"t2-faq-trigger t2-accordion-trigger\"\n\t\t\t\t\tid=\"faq-item-2\"\n\t\t\t\t\ttype=\"button\"\n\t\t\t\t>\n\t\t\t\t\tHva er innholdet i samtalene?\n\t\t\t\t\t<span class=\"t2-faq-icon t2-accordion-icon is-closed-icon\"><svg xmlns=\"http:\/\/www.w3.org\/2000\/svg\" viewBox=\"0 0 24 24\" height=\"24\" width=\"24\" class=\"t2-icon t2-icon-chevrondown\" aria-hidden=\"true\" focusable=\"false\"><path d=\"M12 14.9c-.1 0-.3 0-.4-.1-.1 0-.2-.1-.3-.2L6.7 10c-.2-.1-.3-.4-.3-.6 0-.3.1-.5.3-.7.2-.2.4-.3.7-.3s.5.1.7.3l3.9 3.9 3.9-3.9c.2-.2.4-.3.7-.3.3 0 .5.1.7.3.2.2.3.4.3.7s-.1.5-.3.7l-4.6 4.6c-.1.1-.2.2-.3.2H12z\" fill=\"currentColor\" \/><\/svg><\/span>\n\t\t\t\t\t<span class=\"t2-faq-icon t2-accordion-icon is-open-icon\"><svg xmlns=\"http:\/\/www.w3.org\/2000\/svg\" viewBox=\"0 0 24 24\" height=\"24\" width=\"24\" class=\"t2-icon t2-icon-chevronup\" aria-hidden=\"true\" focusable=\"false\"><path d=\"M6.7 14.7c-.2-.2-.3-.4-.3-.7s.1-.5.3-.7l4.6-4.6c.1-.1.2-.2.3-.2.1 0 .2-.1.4-.1.1 0 .3 0 .4.1.1 0 .2.1.3.2l4.6 4.6c.2.2.3.4.3.7s-.1.5-.3.7c-.2.2-.4.3-.7.3s-.5-.1-.7-.3L12 10.8l-3.9 3.9c-.2.2-.4.3-.7.3s-.5-.1-.7-.3z\" fill=\"currentColor\" \/><\/svg><\/span>\n\t\t\t\t<\/button>\n\t\t\t<\/h3>\n\t\t\t<div\n\t\t\t\taria-labelledby=\"faq-item-2\"\n\t\t\t\tclass=\"t2-faq-item__inner-container t2-accordion-item__inner-container is-layout-flow\"\n\t\t\t\tid=\"faq-panel-2\"\n\t\t\t\trole=\"region\"\n\t\t\t\thidden\n\t\t\t>\n\t\t\t\t\n\n<p>Dine utfordringer og behov som p\u00e5r\u00f8rende danner utgangspunkt for samtalene. Vi \u00f8nsker at du skal bli lyttet til i den situasjonen du st\u00e5r oppe i, og f\u00e5 mulighet til \u00e5 jobbe med det som er vanskelig over tid.<\/p>\n\n\n\n<ul class=\"wp-block-list\">\n<li>Hvor er det skoen trykker mest? <\/li>\n\n\n\n<li>Hva er den st\u00f8rste utfordringen din n\u00e5?<br>Vi kan hjelpe med \u00e5 sortere i hva vi kan jobbe med her.<\/li>\n<\/ul>\n\n\n\n<p>Samtidig har vi kunnskap om ulike tema det kan v\u00e6re aktuelt \u00e5 snakke om for \u00e5 komme videre i din situasjon, og kunnskap om andre akt\u00f8rer som ogs\u00e5 kan v\u00e6re hjelpsomme for deg.<\/p>\n\n\n\t\t\t<\/div>\n\t\t<\/div>\n\t\t\n\n\n\t\t<div class=\"has-background has-green-light-background-color t2-faq-item t2-accordion-item wp-block-t2-faq-item\" role=\"listitem\">\n\t\t\t<h3 class=\"t2-faq-title t2-accordion-title\" id=\"hvordan-foreg\u00e5r-samtalene?\">\n\t\t\t\t<button\n\t\t\t\t\taria-controls=\"faq-panel-3\"\n\t\t\t\t\taria-expanded=\"false\"\n\t\t\t\t\tclass=\"t2-faq-trigger t2-accordion-trigger\"\n\t\t\t\t\tid=\"faq-item-3\"\n\t\t\t\t\ttype=\"button\"\n\t\t\t\t>\n\t\t\t\t\tHvordan foreg\u00e5r samtalene?\n\t\t\t\t\t<span class=\"t2-faq-icon t2-accordion-icon is-closed-icon\"><svg xmlns=\"http:\/\/www.w3.org\/2000\/svg\" viewBox=\"0 0 24 24\" height=\"24\" width=\"24\" class=\"t2-icon t2-icon-chevrondown\" aria-hidden=\"true\" focusable=\"false\"><path d=\"M12 14.9c-.1 0-.3 0-.4-.1-.1 0-.2-.1-.3-.2L6.7 10c-.2-.1-.3-.4-.3-.6 0-.3.1-.5.3-.7.2-.2.4-.3.7-.3s.5.1.7.3l3.9 3.9 3.9-3.9c.2-.2.4-.3.7-.3.3 0 .5.1.7.3.2.2.3.4.3.7s-.1.5-.3.7l-4.6 4.6c-.1.1-.2.2-.3.2H12z\" fill=\"currentColor\" \/><\/svg><\/span>\n\t\t\t\t\t<span class=\"t2-faq-icon t2-accordion-icon is-open-icon\"><svg xmlns=\"http:\/\/www.w3.org\/2000\/svg\" viewBox=\"0 0 24 24\" height=\"24\" width=\"24\" class=\"t2-icon t2-icon-chevronup\" aria-hidden=\"true\" focusable=\"false\"><path d=\"M6.7 14.7c-.2-.2-.3-.4-.3-.7s.1-.5.3-.7l4.6-4.6c.1-.1.2-.2.3-.2.1 0 .2-.1.4-.1.1 0 .3 0 .4.1.1 0 .2.1.3.2l4.6 4.6c.2.2.3.4.3.7s-.1.5-.3.7c-.2.2-.4.3-.7.3s-.5-.1-.7-.3L12 10.8l-3.9 3.9c-.2.2-.4.3-.7.3s-.5-.1-.7-.3z\" fill=\"currentColor\" \/><\/svg><\/span>\n\t\t\t\t<\/button>\n\t\t\t<\/h3>\n\t\t\t<div\n\t\t\t\taria-labelledby=\"faq-item-3\"\n\t\t\t\tclass=\"t2-faq-item__inner-container t2-accordion-item__inner-container is-layout-flow\"\n\t\t\t\tid=\"faq-panel-3\"\n\t\t\t\trole=\"region\"\n\t\t\t\thidden\n\t\t\t>\n\t\t\t\t\n\n<p>Samtalene legges til ukedager i tidsrommet mellom klokka 08.00-15.00. Det er ofte lurt \u00e5 planlegge for faste samtaledager, der det er mulig. Dette gj\u00f8r forl\u00f8pet mest mulig forutsigbart for b\u00e5de deg og din terapeut. Sammen finner vi tid som passer best mulig ut fra din hverdag og timeplan.<\/p>\n\n\n\n<p>Dersom du ikke kan stille til neste oppsatte time, er det viktig at du gir beskjed s\u00e5 raskt som mulig, slik at vi kan finne ny samtaletid for deg.<\/p>\n\n\n\n<p>Den f\u00f8rste ordin\u00e6re timen setter vi av 90 minutter til samtalen. Det gj\u00f8r vi fordi vi \u00f8nsker at du skal gis tid til \u00e5 fortelle din historie om det som er vanskelig, og vi \u00f8nsker \u00e5 lytte n\u00f8ye til det du forteller. Hvor mye tid hver enkelt benytter, vil nok variere, men vi \u00f8nsker \u00e5 skape et rom der du skal f\u00f8le at vi har god tid sammen. -Hva strever du mest med? Hva er det viktigst \u00e5 jobbe med n\u00e5? Sammen prioriterer vi utfordringene dine, og terapeuten skisserer et forel\u00f8pig samtaleforl\u00f8p.<\/p>\n\n\n\t\t\t<\/div>\n\t\t<\/div>\n\t\t\n<\/div>\n\n\n<hr class=\"wp-block-separator has-alpha-channel-opacity is-style-wide\"\/>\n\n\n\n<h2 id=\"nyttige-tips\"  class=\"wp-block-heading\" >Nyttige tips<\/h2>\n\n\n\n<ul class=\"wp-block-list\">\n<li>S\u00f8k profesjonell hjelp og delta i st\u00f8ttegrupper for p\u00e5r\u00f8rende.<\/li>\n\n\n\n<li>L\u00e6r mer om spilleavhengighet.<\/li>\n\n\n\n<li>Ta vare p\u00e5 din egen helse og velv\u00e6re.<\/li>\n\n\n\n<li>Kommuniser \u00e5pent med den som er avhengig.<\/li>\n\n\n\n<li>Etabler tydelige grenser og avtaler.<\/li>\n\n\n\n<li>Delta i behandlingsprosessen om n\u00f8dvendig.<\/li>\n\n\n\n<li>S\u00f8k r\u00e5d fra st\u00f8tteorganisasjoner.<\/li>\n\n\n\n<li>Bygg et st\u00f8ttenettverk med familie og venner.<\/li>\n<\/ul>\n\n\n\n<p>\u00c5 v\u00e6re p\u00e5r\u00f8rende kan v\u00e6re utfordrende, men med st\u00f8tte kan du bedre h\u00e5ndtere situasjonen.<\/p>\n\n\n\n<figure class=\"wp-block-embed dekode-gtm-iframe-preview is-type-video is-provider-youtube wp-block-embed-youtube wp-embed-aspect-16-9 wp-has-aspect-ratio\"><div class=\"wp-block-embed__wrapper\">\n<iframe title=\"P\u00e5r\u00f8rende - spilleproblem\" width=\"500\" height=\"281\" data-cookieconsent=\"marketing\" data-cookieblock-src=\"https:\/\/www.youtube.com\/embed\/fg5BSFmkrjc?feature=oembed\"  allow=\"accelerometer; autoplay; clipboard-write; encrypted-media; gyroscope; picture-in-picture; web-share\" referrerpolicy=\"strict-origin-when-cross-origin\" allowfullscreen sandbox=\"allow-scripts allow-same-origin allow-popups allow-presentation allow-popups-to-escape-sandbox\"><\/iframe>\n\t\t<div class=\"cookieconsent-optout-marketing dekode-gtm-cookie-consent-video-placeholder\">\n\t\t\t<div class=\"dekode-gtm-cookie-consent is-block-core-embed is-provider-youtube\">\n\t\t\t\t\n\t\t\t<img decoding=\"async\" src=\"https:\/\/i.ytimg.com\/vi\/fg5BSFmkrjc\/hqdefault.jpg\" alt=\"youtube\" \/>\n\t\t\t\t<div class=\"overlay\">\n\t\t\t\t\t<div class=\"cookie-info\">\n\t\t\t\t\t\t<h2 id=\"her-ligger-det-medieinnhold-fra-en-ekstern-kilde\"  >Her ligger det medieinnhold fra en ekstern kilde. <\/h2> \n\n<p>For \u00e5 se innholdet, m\u00e5 du endre samtykket ditt.<\/p>\n\n<p>Les mer om hvordan dataen din blir behandlet av eksterne kilder i personvernerkl\u00e6ringen v\u00e5r.<\/p>\n\t\t\t\t\t\t<p>\n\t\t\t\t\t\t\t<a title=\"Endre samtykke\" class=\"dekode-gtm-cookiebot-renew\" href=\"#\">Endre samtykke<\/a>\n\t\t\t\t\t\t\t\n\t\t\t\t\t\t<\/p>\n\t\t\t\t\t<\/div>\n\t\t\t\t<\/div>\n\t\t\t<\/div>\n\t\t<\/div>\n<\/div><\/figure>\n\n\n\n<div class=\"wp-block-group alignfull has-lila-light-background-color has-background is-layout-constrained wp-block-group-is-layout-constrained\">\n<h2 id=\"podcast-om-a-vaere-parorende\"  class=\"wp-block-heading\" >Podcast om \u00e5 v\u00e6re p\u00e5r\u00f8rende<\/h2>\n\n\n\n<p>Anne Bols\u00f8 forteller sin sterke historie om \u00e5 v\u00e6re p\u00e5r\u00f8rende til en med et alvorlig spilleproblem.<\/p>\n\n\n\n<div class=\"wp-block-buttons is-content-justification-left is-layout-flex wp-container-core-buttons-is-layout-fdcfc74e wp-block-buttons-is-layout-flex\">\n<div class=\"wp-block-button\"><a class=\"wp-block-button__link wp-element-button\" href=\"https:\/\/www.buzzsprout.com\/1464034\/episodes\/13138124\" target=\"_blank\" rel=\"noopener\">H\u00f8r p\u00e5 podcasten her<\/a><\/div>\n<\/div>\n<\/div>\n\n\n\n<h2 id=\"les-mer-om-spilleavhengighet\"  class=\"wp-block-heading alignwide\" ><strong>Les mer om spilleavhengighet<\/strong><\/h2>\n\n\n<div class=\"t2-featured-content-layout alignwide alignwide wp-block-t2-featured-content-layout\" role=\"list\">\n<div class=\"t2-featured-single-post t2-featured-content is-post-type-post category-kategori category-spilleavhengighet wp-block-t2-featured-single-post\" role=\"listitem\"><a class=\"t2-post-link wp-block-t2-post-link\" href=\"https:\/\/www.blakors.no\/nyheter\/spilleavhengighet-blakors-kasper-historie\/\">\n<figure style=\"--t2-focal-point: 50% 50%;\" class=\"t2-post-featured-image has-image-ratio-16-9 wp-block-t2-post-featured-image\"><img loading=\"lazy\" decoding=\"async\" width=\"5876\" height=\"3978\" src=\"https:\/\/v.imgi.no\/blakors-50201-754c311c3a72f16755b2498da54fbe3f-5876x3978\/rygg.webp\" class=\"attachment-post-thumbnail size-post-thumbnail wp-post-image\" alt=\"\" srcset=\"https:\/\/v.imgi.no\/blakors-50201-754c311c3a72f16755b2498da54fbe3f-150x102\/rygg.webp 150w, https:\/\/v.imgi.no\/blakors-50201-754c311c3a72f16755b2498da54fbe3f-300x203\/rygg.webp 300w, https:\/\/v.imgi.no\/blakors-50201-754c311c3a72f16755b2498da54fbe3f-768x519\/rygg.webp 768w, https:\/\/v.imgi.no\/blakors-50201-754c311c3a72f16755b2498da54fbe3f-1024x693\/rygg.webp 1024w, https:\/\/v.imgi.no\/blakors-50201-754c311c3a72f16755b2498da54fbe3f-1536x1040\/rygg.webp 1536w, https:\/\/v.imgi.no\/blakors-50201-754c311c3a72f16755b2498da54fbe3f-2048x1386\/rygg.webp 2048w, https:\/\/v.imgi.no\/blakors-50201-754c311c3a72f16755b2498da54fbe3f-300x203\/rygg.webp 300w, https:\/\/v.imgi.no\/blakors-50201-754c311c3a72f16755b2498da54fbe3f-450x305\/rygg.webp 450w, https:\/\/v.imgi.no\/blakors-50201-754c311c3a72f16755b2498da54fbe3f-200x135\/rygg.webp 200w, https:\/\/v.imgi.no\/blakors-50201-754c311c3a72f16755b2498da54fbe3f-300x203\/rygg.webp 300w, https:\/\/v.imgi.no\/blakors-50201-754c311c3a72f16755b2498da54fbe3f-400x271\/rygg.webp 400w, https:\/\/v.imgi.no\/blakors-50201-754c311c3a72f16755b2498da54fbe3f-600x406\/rygg.webp 600w\" sizes=\"auto, (min-width: 782px) 768px, 100vw\" \/><\/figure>\n\n<div class=\"wp-block-group alignfull is-layout-flow wp-block-group-is-layout-flow\">\n\t<h2 id=\"spillingen-tok-over-livet-men-kasper-tok-det-tilbake\"  class=\"t2-post-title wp-block-t2-post-title\" >Spillingen tok over livet \u2013 men Kasper tok det tilbake\u00a0<\/h2>\n\t<div class=\"wp-block-post-date__modified-date wp-block-post-date\"><time datetime=\"2025-10-31T15:00:28+01:00\">31. oktober 2025<\/time><\/div>\n\t\t\t<div class=\"single-meta t2-post-excerpt card-description wp-block-blakors-meta-display\"><\/div>\n\t\n<\/div>\n\n<\/a>\n<\/div>\n\n<div class=\"t2-featured-single-post t2-featured-content is-post-type-article theme-penge-og-dataspillavhengighet wp-block-t2-featured-single-post\" role=\"listitem\"><a class=\"t2-post-link wp-block-t2-post-link\" href=\"https:\/\/www.blakors.no\/fagside\/pengespillavhengighet\/\">\n<figure style=\"--t2-focal-point: 50% 50%;\" class=\"t2-post-featured-image has-image-ratio-16-9 wp-block-t2-post-featured-image\"><img loading=\"lazy\" decoding=\"async\" width=\"2048\" height=\"1436\" src=\"https:\/\/www.blakors.no\/content\/uploads\/2021\/12\/Blakors-spilling-Kveld-8420-scaled.jpg\" class=\"attachment-post-thumbnail size-post-thumbnail wp-post-image\" alt=\"En mann sitter i sofaen og spiller pengespill p\u00e5 telefonen med et konsentrert utrykk i ansiktet.\" srcset=\"https:\/\/www.blakors.no\/content\/uploads\/2021\/12\/Blakors-spilling-Kveld-8420-scaled.jpg 2048w, https:\/\/www.blakors.no\/content\/uploads\/2021\/12\/Blakors-spilling-Kveld-8420-scaled-300x210.jpg 300w, https:\/\/www.blakors.no\/content\/uploads\/2021\/12\/Blakors-spilling-Kveld-8420-scaled-1024x718.jpg 1024w, https:\/\/www.blakors.no\/content\/uploads\/2021\/12\/Blakors-spilling-Kveld-8420-scaled-768x539.jpg 768w, https:\/\/www.blakors.no\/content\/uploads\/2021\/12\/Blakors-spilling-Kveld-8420-scaled-1536x1077.jpg 1536w\" sizes=\"auto, (min-width: 782px) 768px, 100vw\" \/><\/figure>\n\n<div class=\"wp-block-group alignfull is-layout-flow wp-block-group-is-layout-flow\">\n\t<h2 id=\"pengespillavhengighet\"  class=\"t2-post-title wp-block-t2-post-title\" >Pengespillavhengighet<\/h2>\n\t<div class=\"wp-block-post-date__modified-date wp-block-post-date\"><time datetime=\"2025-10-21T12:57:36+02:00\">21. oktober 2025<\/time><\/div>\n\t\t\t<div class=\"single-meta t2-post-excerpt card-description wp-block-blakors-meta-display\"><\/div>\n\t\n<\/div>\n\n<\/a>\n<\/div>\n\n<div class=\"t2-featured-single-post t2-featured-content is-post-type-article theme-penge-og-dataspillavhengighet place-oslo place-oslo-by wp-block-t2-featured-single-post\" role=\"listitem\"><a class=\"t2-post-link wp-block-t2-post-link\" href=\"https:\/\/www.blakors.no\/fagside\/dataspillavhengighet\/\">\n<figure style=\"--t2-focal-point: 50% 50%;\" class=\"t2-post-featured-image has-image-ratio-16-9 wp-block-t2-post-featured-image\"><img loading=\"lazy\" decoding=\"async\" width=\"3840\" height=\"2560\" src=\"https:\/\/www.blakors.no\/content\/uploads\/2020\/01\/COLOURBOX42360784-scaled.jpg\" class=\"attachment-post-thumbnail size-post-thumbnail wp-post-image\" alt=\"Ung stresset gutt foran pc skjerm\" srcset=\"https:\/\/www.blakors.no\/content\/uploads\/2020\/01\/COLOURBOX42360784-scaled.jpg 3840w, https:\/\/www.blakors.no\/content\/uploads\/2020\/01\/COLOURBOX42360784-300x200.jpg 300w, https:\/\/www.blakors.no\/content\/uploads\/2020\/01\/COLOURBOX42360784-1024x683.jpg 1024w, https:\/\/www.blakors.no\/content\/uploads\/2020\/01\/COLOURBOX42360784-768x512.jpg 768w, https:\/\/www.blakors.no\/content\/uploads\/2020\/01\/COLOURBOX42360784-1536x1024.jpg 1536w, https:\/\/www.blakors.no\/content\/uploads\/2020\/01\/COLOURBOX42360784-2048x1365.jpg 2048w\" sizes=\"auto, (min-width: 782px) 768px, 100vw\" \/><\/figure>\n\n<div class=\"wp-block-group alignfull is-layout-flow wp-block-group-is-layout-flow\">\n\t<h2 id=\"dataspillavhengighet\"  class=\"t2-post-title wp-block-t2-post-title\" >Dataspillavhengighet<\/h2>\n\t<div class=\"wp-block-post-date__modified-date wp-block-post-date\"><time datetime=\"2025-05-24T08:48:55+02:00\">24. mai 2025<\/time><\/div>\n\t\t\t<div class=\"single-meta t2-post-excerpt card-description wp-block-blakors-meta-display\"><\/div>\n\t\n<\/div>\n\n<\/a>\n<\/div>\n<\/div>","protected":false},"excerpt":{"rendered":"<p>Nyttige tips \u00c5 v\u00e6re p\u00e5r\u00f8rende kan v\u00e6re utfordrende, men med st\u00f8tte kan du bedre h\u00e5ndtere situasjonen. Podcast om \u00e5 v\u00e6re p\u00e5r\u00f8rende Anne Bols\u00f8 forteller sin sterke historie om \u00e5 v\u00e6re p\u00e5r\u00f8rende til en med et alvorlig spilleproblem. Les mer om spilleavhengighet<\/p>\n","protected":false},"author":105,"featured_media":170,"parent":0,"menu_order":0,"comment_status":"closed","ping_status":"closed","template":"","meta":{"_acf_changed":false,"_relevanssi_hide_post":"","_relevanssi_hide_content":"","_relevanssi_pin_for_all":"","_relevanssi_pin_keywords":"","_relevanssi_unpin_keywords":"","_relevanssi_related_keywords":"","_relevanssi_related_include_ids":"","_relevanssi_related_exclude_ids":"","_relevanssi_related_no_append":"","_relevanssi_related_not_related":"","_relevanssi_related_posts":"1","_relevanssi_noindex_reason":"","_custom_cards_description":"","footnotes":""},"class_list":["post-159","page","type-page","status-publish","has-post-thumbnail","hentry"],"acf":[],"_links":{"self":[{"href":"https:\/\/www.blakors.no\/spilleavhengighet\/wp-json\/wp\/v2\/pages\/159","targetHints":{"allow":["GET"]}}],"collection":[{"href":"https:\/\/www.blakors.no\/spilleavhengighet\/wp-json\/wp\/v2\/pages"}],"about":[{"href":"https:\/\/www.blakors.no\/spilleavhengighet\/wp-json\/wp\/v2\/types\/page"}],"author":[{"embeddable":true,"href":"https:\/\/www.blakors.no\/spilleavhengighet\/wp-json\/wp\/v2\/users\/105"}],"replies":[{"embeddable":true,"href":"https:\/\/www.blakors.no\/spilleavhengighet\/wp-json\/wp\/v2\/comments?post=159"}],"version-history":[{"count":6,"href":"https:\/\/www.blakors.no\/spilleavhengighet\/wp-json\/wp\/v2\/pages\/159\/revisions"}],"predecessor-version":[{"id":577,"href":"https:\/\/www.blakors.no\/spilleavhengighet\/wp-json\/wp\/v2\/pages\/159\/revisions\/577"}],"wp:featuredmedia":[{"embeddable":true,"href":"https:\/\/www.blakors.no\/spilleavhengighet\/wp-json\/wp\/v2\/media\/170"}],"wp:attachment":[{"href":"https:\/\/www.blakors.no\/spilleavhengighet\/wp-json\/wp\/v2\/media?parent=159"}],"curies":[{"name":"wp","href":"https:\/\/api.w.org\/{rel}","templated":true}]}}