{"id":291,"date":"2023-12-20T12:25:59","date_gmt":"2023-12-20T11:25:59","guid":{"rendered":"https:\/\/www.blakors.no\/spilleavhengighet\/?page_id=291"},"modified":"2025-10-20T13:12:39","modified_gmt":"2025-10-20T11:12:39","slug":"hjelpelinjen","status":"publish","type":"page","link":"https:\/\/www.blakors.no\/spilleavhengighet\/hjelpelinjen\/","title":{"rendered":"Hjelpelinjen"},"content":{"rendered":"\n\t<div style=\"--t2-hero-dim:0;\" class=\"t2-hero t2-hero-content-position-center-left t2-hero-has-dim-0 alignfull wp-block-t2-hero has-background has-lila-light-background-color\">\n\t\t\n\t\t<div class=\"t2-hero__header\"><div class=\"t2-hero__header__content\">\n\n<h1 id=\"hjelpelinjen-for-spilleavhengige-800-800-40\"  class=\"wp-block-heading\" >Hjelpelinjen for spilleavhengige (800 800 40)<\/h1>\n\n\n\n<p>P\u00e5 Hjelpelinjen kan du ta kontakt helt anonymt for r\u00e5d og veiledning knyttet til spillproblematikk. <\/p>\n\n\n\n<p>Tilbudet gjelder b\u00e5de for spillere og de rundt spilleren.<\/p>\n\n\n\n<p>Kontakt oss via telefon, chat eller e-post.&nbsp;<\/p>\n\n<\/div><\/div>\n\t<\/div>\n\n\n<div class=\"wp-block-buttons is-content-justification-center is-layout-flex wp-container-core-buttons-is-layout-16018d1d wp-block-buttons-is-layout-flex\">\n<div class=\"wp-block-button\"><a class=\"wp-block-button__link has-white-color has-blue-background-color has-text-color has-background has-link-color wp-element-button\" href=\"https:\/\/hjelpelinjen.no\/\" target=\"_blank\" rel=\"noreferrer noopener\">G\u00e5 til hjelpelinjen.no<\/a><\/div>\n<\/div>\n\n\n\n<div class=\"wp-block-lib-header alignfull hide\"><div class=\"header-innercontent\"><\/div><\/div>\n\n\n\n<div class=\"wp-block-group alignwide is-content-justification-left is-layout-constrained wp-container-core-group-is-layout-8c890d92 wp-block-group-is-layout-constrained\">\n<h2 id=\"apningstider\"  class=\"wp-block-heading\" >\u00c5pningstider<\/h2>\n\n\n\n<p>Hjelpelinjen (800 800 40) er \u00e5pen fra kl. 09:00 til kl. 18:00 p\u00e5 hverdager. <\/p>\n\n\n\n<p>Du kan chatte med oss mellom kl. 11:00 og 15:00. <\/p>\n\n\n\n<p>L\u00f8rdager og s\u00f8ndager stengt.<\/p>\n\n\n\n<h2 id=\"hva-gjor-hjelpelinjen\"  class=\"wp-block-heading\" >Hva gj\u00f8r Hjelpelinjen?<\/h2>\n\n\n\n<ul class=\"wp-block-list\">\n<li>Bist\u00e5r mennesker i krise&nbsp;<\/li>\n\n\n\n<li>Gir st\u00f8tte, r\u00e5d og veiledning&nbsp;<\/li>\n\n\n\n<li>Viser til annen hjelp og tilgjengelige behandlingstilbud&nbsp;<\/li>\n\n\n\n<li>Snakker om ulike m\u00e5ter for \u00e5 begrense spilling<\/li>\n\n\n\n<li>Forklarer om hvordan avhengighet fungerer<\/li>\n\n\n\n<li>Gir grunnleggende \u00f8konomisk r\u00e5dgivning&nbsp;<\/li>\n\n\n\n<li>Tilbyr gratis spillblokkering (betfilter)&nbsp;&nbsp;&nbsp;<\/li>\n<\/ul>\n\n\n\n<h2 id=\"om-hjelpelinjen\"  class=\"wp-block-heading\" >Om Hjelpelinjen<\/h2>\n\n\n\n<div class=\"wp-block-columns alignwide are-vertically-aligned-top gruppe-nedre is-layout-flex wp-container-core-columns-is-layout-9d6595d7 wp-block-columns-is-layout-flex\">\n<div class=\"wp-block-column is-vertically-aligned-top is-layout-flow wp-block-column-is-layout-flow\">\n<p>Hjelpelinjen har v\u00e6rt i drift siden 2003 og hjulpet mange mennesker med utfordringer knyttet til spill. Tjenesten er organisert som et samarbeid mellom Lotteritilsynet og Bl\u00e5 Kors. <\/p>\n\n\n\n<p>Selve driften er lagt til Bl\u00e5 Kors spilleavhengighet &#8211; et fagmilj\u00f8 med spisskompetanse p\u00e5 spilleavhengighet.<\/p>\n\n\n\n<p>Lotteritilsynet har resultatansvar og ansvar for informasjon. Det betyr at Lotteritilsynet samler anonym informasjon og statistikk om spilleavhengighet. Du kan lese mer om dette i <a href=\"https:\/\/hjelpelinjen.no\/personvern\/\" target=\"_blank\" rel=\"noopener\">personvernerkl\u00e6ringen<\/a>. <\/p>\n<\/div>\n<\/div>\n\n\n\n<p>\u00c5rlig statistikk p\u00e5 henvendelser : <a href=\"https:\/\/hjelpelinjen.no\/fakta-om-spel\/kunnskap-og-statistikk\/\" target=\"_blank\" rel=\"noreferrer noopener\">Kunnskap og statistikk &#8211; Hjelpelinjen<\/a>&nbsp;<\/p>\n<\/div>\n\n\n\n<div class=\"wp-block-group alignwide is-content-justification-left is-layout-constrained wp-container-core-group-is-layout-8c890d92 wp-block-group-is-layout-constrained\">\n<hr class=\"wp-block-separator alignwide has-alpha-channel-opacity is-style-wide\"\/>\n\n\n\n<div class=\"wp-block-group alignwide is-layout-flow wp-block-group-is-layout-flow\">\n<h2 class=\"wp-block-heading has-text-align-center has-blue-dark-color has-text-color\" id=\"h-\">Andre tilbud<\/h2>\n\n\n\n<h3 class=\"wp-block-heading has-blue-dark-color has-text-color\" id=\"fjernbasert-behandling\"><strong>Ukentlig oppf\u00f8lging for spilleavhengige over nett og telefon<\/strong><\/h3>\n\n\n\n<p>Tilbudet er kostnadsfritt og det er ikke krav om henvisning for \u00e5 delta. Oppf\u00f8lgingen varer i cirka 3 m\u00e5neder.<\/p>\n\n\n\n<div class=\"wp-block-buttons is-layout-flex wp-block-buttons-is-layout-flex\">\n<div class=\"wp-block-button\"><a class=\"wp-block-button__link has-white-color has-blue-background-color has-text-color has-background wp-element-button\" href=\"https:\/\/www.blakors.no\/spilleavhengighet\/fjernbasert-behandling\/\"><strong>Les mer om fjernbasert behandling<\/strong><\/a><\/div>\n<\/div>\n\n\n\n<h3 id=\"bla-kors-klinikker-med-behandling-for-spillbehandling\"  class=\"wp-block-heading has-blue-dark-color has-text-color\" ><strong>Bl\u00e5 Kors klinikker med behandling for spillbehandling<\/strong><\/h3>\n\n\n\n<p>Ta kontakt med fastlegen, NAV eller psykolog&nbsp;og f\u00e5 en henvisning til oss.<\/p>\n\n\n\n<p>Bl\u00e5 Kors tilbyr behandling for spilleavhengighet, b\u00e5de p\u00e5 klinikk og fjernbasert behandling.<\/p>\n\n\n\n<p>Her tilbys ogs\u00e5 behandling for spilleavhengige med pengespill- og dataspillproblematikk. Behandlingen best\u00e5r av individualterapi, korttidsterapi, gruppeterapi, par- og familiebehandling, psykomotorisk fysioterapi og \u00f8konomisk r\u00e5dgivning.<br>All behandling hos oss tar hensyn til hva pasientens \u00f8nsker.<\/p>\n\n\n<div class=\"t2-featured-content-layout alignwide alignwide wp-block-t2-featured-content-layout\" role=\"list\">\n<div class=\"t2-featured-single-post t2-featured-content is-post-type-institution theme-alkohol-og-rusbehandling theme-parorende theme-penge-og-dataspillavhengighet place-oslo-by place-oslo wp-block-t2-featured-single-post\" role=\"listitem\"><a class=\"t2-post-link wp-block-t2-post-link\" href=\"https:\/\/www.blakors.no\/virksomhet\/poliklinikk-oslo\/\">\n<figure style=\"--t2-focal-point: 50% 50%;\" class=\"t2-post-featured-image has-image-ratio-16-9 wp-block-t2-post-featured-image\"><img loading=\"lazy\" decoding=\"async\" width=\"1500\" height=\"1000\" src=\"https:\/\/www.blakors.no\/content\/uploads\/2019\/11\/Poliklinikk-Oslo-20-1966.jpg\" class=\"attachment-post-thumbnail size-post-thumbnail wp-post-image\" alt=\"Tre damer som sitter i en sofa\" srcset=\"https:\/\/www.blakors.no\/content\/uploads\/2019\/11\/Poliklinikk-Oslo-20-1966.jpg 1500w, https:\/\/www.blakors.no\/content\/uploads\/2019\/11\/Poliklinikk-Oslo-20-1966-300x200.jpg 300w, https:\/\/www.blakors.no\/content\/uploads\/2019\/11\/Poliklinikk-Oslo-20-1966-1024x683.jpg 1024w, https:\/\/www.blakors.no\/content\/uploads\/2019\/11\/Poliklinikk-Oslo-20-1966-768x512.jpg 768w\" sizes=\"auto, (min-width: 782px) 768px, 100vw\" \/><\/figure>\n\n<div class=\"wp-block-group alignfull is-layout-flow wp-block-group-is-layout-flow\">\n\t<h2 id=\"bla-kors-klinikk-oslo-sentrum\"  class=\"t2-post-title wp-block-t2-post-title\" >Bl\u00e5 Kors klinikk Oslo sentrum<\/h2>\n\t<div class=\"wp-block-post-date__modified-date wp-block-post-date\"><time datetime=\"2022-03-03T22:11:47+01:00\">3. mars 2022<\/time><\/div>\n\t\t\t<div class=\"single-meta t2-post-excerpt card-description wp-block-blakors-meta-display\"><\/div>\n\t\n<\/div>\n\n<\/a>\n<\/div>\n\n<div class=\"t2-featured-single-post t2-featured-content is-post-type-institution theme-alkohol-og-rusbehandling theme-barn-unge-og-familie theme-parorende theme-penge-og-dataspillavhengighet place-vestfold-telemark place-skien wp-block-t2-featured-single-post\" role=\"listitem\"><a class=\"t2-post-link wp-block-t2-post-link\" href=\"https:\/\/www.blakors.no\/virksomhet\/klinikk-skien\/\">\n<figure style=\"--t2-focal-point: 50% 50%;\" class=\"t2-post-featured-image has-image-ratio-16-9 wp-block-t2-post-featured-image\"><img loading=\"lazy\" decoding=\"async\" width=\"1500\" height=\"1000\" src=\"https:\/\/www.blakors.no\/content\/uploads\/2019\/09\/Bl\u00e5kors-Borgestad-9471.jpg\" class=\"attachment-post-thumbnail size-post-thumbnail wp-post-image\" alt=\"Kvinne og mann i resepsjon\" srcset=\"https:\/\/www.blakors.no\/content\/uploads\/2019\/09\/Bl\u00e5kors-Borgestad-9471.jpg 1500w, https:\/\/www.blakors.no\/content\/uploads\/2019\/09\/Bl\u00e5kors-Borgestad-9471-300x200.jpg 300w, https:\/\/www.blakors.no\/content\/uploads\/2019\/09\/Bl\u00e5kors-Borgestad-9471-1024x683.jpg 1024w, https:\/\/www.blakors.no\/content\/uploads\/2019\/09\/Bl\u00e5kors-Borgestad-9471-768x512.jpg 768w\" sizes=\"auto, (min-width: 782px) 768px, 100vw\" \/><\/figure>\n\n<div class=\"wp-block-group alignfull is-layout-flow wp-block-group-is-layout-flow\">\n\t<h2 id=\"bla-kors-klinikk-skien\"  class=\"t2-post-title wp-block-t2-post-title\" >Bl\u00e5 Kors klinikk Skien<\/h2>\n\t<div class=\"wp-block-post-date__modified-date wp-block-post-date\"><time datetime=\"2023-07-03T15:36:29+02:00\">3. juli 2023<\/time><\/div>\n\t\t\t<div class=\"single-meta t2-post-excerpt card-description wp-block-blakors-meta-display\"><\/div>\n\t\n<\/div>\n\n<\/a>\n<\/div>\n\n<div class=\"t2-featured-single-post t2-featured-content is-post-type-institution theme-alkohol-og-rusbehandling theme-barn-unge-og-familie theme-parorende theme-penge-og-dataspillavhengighet place-haugesund place-rogaland wp-block-t2-featured-single-post\" role=\"listitem\"><a class=\"t2-post-link wp-block-t2-post-link\" href=\"https:\/\/www.blakors.no\/virksomhet\/bla-kors-haugaland\/\">\n<figure style=\"--t2-focal-point: 50% 50%;\" class=\"t2-post-featured-image has-image-ratio-16-9 wp-block-t2-post-featured-image\"><img loading=\"lazy\" decoding=\"async\" width=\"3840\" height=\"2341\" src=\"https:\/\/www.blakors.no\/content\/uploads\/2018\/11\/Pasient-Bla\u030a-Kors-Haugaland-A-senter-scaled.jpg\" class=\"attachment-post-thumbnail size-post-thumbnail wp-post-image\" alt=\"To damer har en dialog og snakker sammen. Dene damen har p\u00e5 seg en sekk. De smiler begge to\" srcset=\"https:\/\/www.blakors.no\/content\/uploads\/2018\/11\/Pasient-Bla\u030a-Kors-Haugaland-A-senter-scaled.jpg 3840w, https:\/\/www.blakors.no\/content\/uploads\/2018\/11\/Pasient-Bla\u030a-Kors-Haugaland-A-senter-300x183.jpg 300w, https:\/\/www.blakors.no\/content\/uploads\/2018\/11\/Pasient-Bla\u030a-Kors-Haugaland-A-senter-1024x624.jpg 1024w, https:\/\/www.blakors.no\/content\/uploads\/2018\/11\/Pasient-Bla\u030a-Kors-Haugaland-A-senter-768x468.jpg 768w, https:\/\/www.blakors.no\/content\/uploads\/2018\/11\/Pasient-Bla\u030a-Kors-Haugaland-A-senter-1536x936.jpg 1536w, https:\/\/www.blakors.no\/content\/uploads\/2018\/11\/Pasient-Bla\u030a-Kors-Haugaland-A-senter-2048x1248.jpg 2048w\" sizes=\"auto, (min-width: 782px) 768px, 100vw\" \/><\/figure>\n\n<div class=\"wp-block-group alignfull is-layout-flow wp-block-group-is-layout-flow\">\n\t<h2 id=\"bla-kors-klinikk-haugaland\"  class=\"t2-post-title wp-block-t2-post-title\" >Bl\u00e5 Kors klinikk Haugaland<\/h2>\n\t<div class=\"wp-block-post-date__modified-date wp-block-post-date\"><time datetime=\"2022-11-30T15:08:54+01:00\">30. november 2022<\/time><\/div>\n\t\t\t<div class=\"single-meta t2-post-excerpt card-description wp-block-blakors-meta-display\"><\/div>\n\t\n<\/div>\n\n<\/a>\n<\/div>\n<\/div>\n\n\n\t\t<div class=\"wp-block-lib-accentuated-link\">\n\t\t\t<a class=\"lib-link__link\" href=\"https:\/\/www.blakors.no\/klinikk-oslo-sentrum\/pengespillavhengighet\/\" target=\"\" rel=\"\">\n\t\t\t\t\n\t\t\t\t<div class=\"lib-link__text-content\">\n\t\t\t\t\t<span class=\"lib-link__tagline\">\n\t\t\t\t\t\tLes mer om\n\t\t\t\t\t<\/span>\n\n\t\t\t\t\t<h3 class=\"lib-link__title\">\n\t\t\t\t\t\tPengespillavhengighet &#8211; Bl\u00e5 Kors klinikk Oslo sentrum\n\t\t\t\t\t<\/h3>\n\n\t\t\t\t\t\n\t\t\t\t<\/div>\n\t\t\t<\/a>\n\t\t<\/div>\n\n\n\t\t<div class=\"wp-block-lib-accentuated-link\">\n\t\t\t<a class=\"lib-link__link\" href=\"https:\/\/www.blakors.no\/klinikk-oslo-sentrum\/dataspillavhengighet\/\" target=\"\" rel=\"\">\n\t\t\t\t\n\t\t\t\t<div class=\"lib-link__text-content\">\n\t\t\t\t\t<span class=\"lib-link__tagline\">\n\t\t\t\t\t\tLes mer om\n\t\t\t\t\t<\/span>\n\n\t\t\t\t\t<h3 class=\"lib-link__title\">\n\t\t\t\t\t\tDataspillavhengighet &#8211; Bl\u00e5 Kors klinikk Oslo sentrum\n\t\t\t\t\t<\/h3>\n\n\t\t\t\t\t\n\t\t\t\t<\/div>\n\t\t\t<\/a>\n\t\t<\/div><\/div>\n\n\n\n<h2 id=\"les-mer-om-spilleavhengighet\"  class=\"wp-block-heading alignwide\" >Les mer om spilleavhengighet<\/h2>\n\n\n\n<hr class=\"wp-block-separator alignwide has-alpha-channel-opacity is-style-wide\"\/>\n\n\n<div class=\"t2-featured-content-layout alignwide alignwide wp-block-t2-featured-content-layout\" role=\"list\">\n<div class=\"t2-featured-single-post t2-featured-content is-post-type-post category-kategori category-spilleavhengighet wp-block-t2-featured-single-post\" role=\"listitem\"><a class=\"t2-post-link wp-block-t2-post-link\" href=\"https:\/\/www.blakors.no\/nyheter\/spilleavhengighet-blakors-kasper-historie\/\">\n<figure style=\"--t2-focal-point: 50% 50%;\" class=\"t2-post-featured-image has-image-ratio-16-9 wp-block-t2-post-featured-image\"><img loading=\"lazy\" decoding=\"async\" width=\"5876\" height=\"3978\" src=\"https:\/\/v.imgi.no\/blakors-50201-754c311c3a72f16755b2498da54fbe3f-5876x3978\/rygg.webp\" class=\"attachment-post-thumbnail size-post-thumbnail wp-post-image\" alt=\"\" srcset=\"https:\/\/v.imgi.no\/blakors-50201-754c311c3a72f16755b2498da54fbe3f-150x102\/rygg.webp 150w, https:\/\/v.imgi.no\/blakors-50201-754c311c3a72f16755b2498da54fbe3f-300x203\/rygg.webp 300w, https:\/\/v.imgi.no\/blakors-50201-754c311c3a72f16755b2498da54fbe3f-768x519\/rygg.webp 768w, https:\/\/v.imgi.no\/blakors-50201-754c311c3a72f16755b2498da54fbe3f-1024x693\/rygg.webp 1024w, https:\/\/v.imgi.no\/blakors-50201-754c311c3a72f16755b2498da54fbe3f-1536x1040\/rygg.webp 1536w, https:\/\/v.imgi.no\/blakors-50201-754c311c3a72f16755b2498da54fbe3f-2048x1386\/rygg.webp 2048w, https:\/\/v.imgi.no\/blakors-50201-754c311c3a72f16755b2498da54fbe3f-300x203\/rygg.webp 300w, https:\/\/v.imgi.no\/blakors-50201-754c311c3a72f16755b2498da54fbe3f-450x305\/rygg.webp 450w, https:\/\/v.imgi.no\/blakors-50201-754c311c3a72f16755b2498da54fbe3f-200x135\/rygg.webp 200w, https:\/\/v.imgi.no\/blakors-50201-754c311c3a72f16755b2498da54fbe3f-300x203\/rygg.webp 300w, https:\/\/v.imgi.no\/blakors-50201-754c311c3a72f16755b2498da54fbe3f-400x271\/rygg.webp 400w, https:\/\/v.imgi.no\/blakors-50201-754c311c3a72f16755b2498da54fbe3f-600x406\/rygg.webp 600w\" sizes=\"auto, (min-width: 782px) 768px, 100vw\" \/><\/figure>\n\n<div class=\"wp-block-group alignfull is-layout-flow wp-block-group-is-layout-flow\">\n\t<h2 id=\"spillingen-tok-over-livet-men-kasper-tok-det-tilbake\"  class=\"t2-post-title wp-block-t2-post-title\" >Spillingen tok over livet \u2013 men Kasper tok det tilbake\u00a0<\/h2>\n\t<div class=\"wp-block-post-date__modified-date wp-block-post-date\"><time datetime=\"2025-10-31T15:00:28+01:00\">31. oktober 2025<\/time><\/div>\n\t\t\t<div class=\"single-meta t2-post-excerpt card-description wp-block-blakors-meta-display\"><\/div>\n\t\n<\/div>\n\n<\/a>\n<\/div>\n\n<div class=\"t2-featured-single-post t2-featured-content is-post-type-article theme-penge-og-dataspillavhengighet wp-block-t2-featured-single-post\" role=\"listitem\"><a class=\"t2-post-link wp-block-t2-post-link\" href=\"https:\/\/www.blakors.no\/fagside\/pengespillavhengighet\/\">\n<figure style=\"--t2-focal-point: 50% 50%;\" class=\"t2-post-featured-image has-image-ratio-16-9 wp-block-t2-post-featured-image\"><img loading=\"lazy\" decoding=\"async\" width=\"2048\" height=\"1436\" src=\"https:\/\/www.blakors.no\/content\/uploads\/2021\/12\/Blakors-spilling-Kveld-8420-scaled.jpg\" class=\"attachment-post-thumbnail size-post-thumbnail wp-post-image\" alt=\"En mann sitter i sofaen og spiller pengespill p\u00e5 telefonen med et konsentrert utrykk i ansiktet.\" srcset=\"https:\/\/www.blakors.no\/content\/uploads\/2021\/12\/Blakors-spilling-Kveld-8420-scaled.jpg 2048w, https:\/\/www.blakors.no\/content\/uploads\/2021\/12\/Blakors-spilling-Kveld-8420-scaled-300x210.jpg 300w, https:\/\/www.blakors.no\/content\/uploads\/2021\/12\/Blakors-spilling-Kveld-8420-scaled-1024x718.jpg 1024w, https:\/\/www.blakors.no\/content\/uploads\/2021\/12\/Blakors-spilling-Kveld-8420-scaled-768x539.jpg 768w, https:\/\/www.blakors.no\/content\/uploads\/2021\/12\/Blakors-spilling-Kveld-8420-scaled-1536x1077.jpg 1536w\" sizes=\"auto, (min-width: 782px) 768px, 100vw\" \/><\/figure>\n\n<div class=\"wp-block-group alignfull is-layout-flow wp-block-group-is-layout-flow\">\n\t<h2 id=\"pengespillavhengighet\"  class=\"t2-post-title wp-block-t2-post-title\" >Pengespillavhengighet<\/h2>\n\t<div class=\"wp-block-post-date__modified-date wp-block-post-date\"><time datetime=\"2025-10-21T12:57:36+02:00\">21. oktober 2025<\/time><\/div>\n\t\t\t<div class=\"single-meta t2-post-excerpt card-description wp-block-blakors-meta-display\"><\/div>\n\t\n<\/div>\n\n<\/a>\n<\/div>\n\n<div class=\"t2-featured-single-post t2-featured-content is-post-type-article theme-penge-og-dataspillavhengighet place-oslo place-oslo-by wp-block-t2-featured-single-post\" role=\"listitem\"><a class=\"t2-post-link wp-block-t2-post-link\" href=\"https:\/\/www.blakors.no\/fagside\/dataspillavhengighet\/\">\n<figure style=\"--t2-focal-point: 50% 50%;\" class=\"t2-post-featured-image has-image-ratio-16-9 wp-block-t2-post-featured-image\"><img loading=\"lazy\" decoding=\"async\" width=\"3840\" height=\"2560\" src=\"https:\/\/www.blakors.no\/content\/uploads\/2020\/01\/COLOURBOX42360784-scaled.jpg\" class=\"attachment-post-thumbnail size-post-thumbnail wp-post-image\" alt=\"Ung stresset gutt foran pc skjerm\" srcset=\"https:\/\/www.blakors.no\/content\/uploads\/2020\/01\/COLOURBOX42360784-scaled.jpg 3840w, https:\/\/www.blakors.no\/content\/uploads\/2020\/01\/COLOURBOX42360784-300x200.jpg 300w, https:\/\/www.blakors.no\/content\/uploads\/2020\/01\/COLOURBOX42360784-1024x683.jpg 1024w, https:\/\/www.blakors.no\/content\/uploads\/2020\/01\/COLOURBOX42360784-768x512.jpg 768w, https:\/\/www.blakors.no\/content\/uploads\/2020\/01\/COLOURBOX42360784-1536x1024.jpg 1536w, https:\/\/www.blakors.no\/content\/uploads\/2020\/01\/COLOURBOX42360784-2048x1365.jpg 2048w\" sizes=\"auto, (min-width: 782px) 768px, 100vw\" \/><\/figure>\n\n<div class=\"wp-block-group alignfull is-layout-flow wp-block-group-is-layout-flow\">\n\t<h2 id=\"dataspillavhengighet\"  class=\"t2-post-title wp-block-t2-post-title\" >Dataspillavhengighet<\/h2>\n\t<div class=\"wp-block-post-date__modified-date wp-block-post-date\"><time datetime=\"2025-05-24T08:48:55+02:00\">24. mai 2025<\/time><\/div>\n\t\t\t<div class=\"single-meta t2-post-excerpt card-description wp-block-blakors-meta-display\"><\/div>\n\t\n<\/div>\n\n<\/a>\n<\/div>\n<\/div>\n\n\n<div style=\"height:50px\" aria-hidden=\"true\" class=\"wp-block-spacer\"><\/div>\n<\/div>\n","protected":false},"excerpt":{"rendered":"<p>\u00c5pningstider Hjelpelinjen (800 800 40) er \u00e5pen fra kl. 09:00 til kl. 18:00 p\u00e5 hverdager. Du kan chatte med oss mellom kl. 11:00 og 15:00. L\u00f8rdager og s\u00f8ndager stengt. Hva gj\u00f8r Hjelpelinjen? Om Hjelpelinjen Hjelpelinjen har v\u00e6rt i drift siden 2003 og hjulpet mange mennesker med utfordringer knyttet til spill. Tjenesten er organisert som et [&hellip;]<\/p>\n","protected":false},"author":105,"featured_media":0,"parent":0,"menu_order":0,"comment_status":"closed","ping_status":"closed","template":"","meta":{"_acf_changed":false,"_relevanssi_hide_post":"","_relevanssi_hide_content":"","_relevanssi_pin_for_all":"","_relevanssi_pin_keywords":"","_relevanssi_unpin_keywords":"","_relevanssi_related_keywords":"","_relevanssi_related_include_ids":"","_relevanssi_related_exclude_ids":"","_relevanssi_related_no_append":"","_relevanssi_related_not_related":"","_relevanssi_related_posts":"1","_relevanssi_noindex_reason":"","_custom_cards_description":"","footnotes":""},"class_list":["post-291","page","type-page","status-publish","hentry"],"acf":[],"_links":{"self":[{"href":"https:\/\/www.blakors.no\/spilleavhengighet\/wp-json\/wp\/v2\/pages\/291","targetHints":{"allow":["GET"]}}],"collection":[{"href":"https:\/\/www.blakors.no\/spilleavhengighet\/wp-json\/wp\/v2\/pages"}],"about":[{"href":"https:\/\/www.blakors.no\/spilleavhengighet\/wp-json\/wp\/v2\/types\/page"}],"author":[{"embeddable":true,"href":"https:\/\/www.blakors.no\/spilleavhengighet\/wp-json\/wp\/v2\/users\/105"}],"replies":[{"embeddable":true,"href":"https:\/\/www.blakors.no\/spilleavhengighet\/wp-json\/wp\/v2\/comments?post=291"}],"version-history":[{"count":4,"href":"https:\/\/www.blakors.no\/spilleavhengighet\/wp-json\/wp\/v2\/pages\/291\/revisions"}],"predecessor-version":[{"id":573,"href":"https:\/\/www.blakors.no\/spilleavhengighet\/wp-json\/wp\/v2\/pages\/291\/revisions\/573"}],"wp:attachment":[{"href":"https:\/\/www.blakors.no\/spilleavhengighet\/wp-json\/wp\/v2\/media?parent=291"}],"curies":[{"name":"wp","href":"https:\/\/api.w.org\/{rel}","templated":true}]}}