{"id":9,"date":"2023-10-27T08:06:32","date_gmt":"2023-10-27T06:06:32","guid":{"rendered":"https:\/\/www.blakors.no\/spilleavhengighet\/?page_id=9"},"modified":"2026-04-07T15:28:04","modified_gmt":"2026-04-07T13:28:04","slug":"bla-kors-spilleavhengighet","status":"publish","type":"page","link":"https:\/\/www.blakors.no\/spilleavhengighet\/","title":{"rendered":"Bl\u00e5 Kors spilleavhengighet"},"content":{"rendered":"\n\t<div style=\"--t2-hero-dim:0;\" class=\"t2-hero t2-hero-content-position-center-left t2-hero-has-dim-0 alignfull wp-block-t2-hero\">\n\t\t\n\t\t<div class=\"t2-hero__header\"><div class=\"t2-hero__header__content\">\n\n<h1 class=\"wp-block-heading\" id=\"gratis-og-diskre-hjelp-for-spilleavhengighet\">Gratis og lett tilgjengelig hjelp for spilleavhengighet<\/h1>\n\n\n\n<p id=\"block-08f9f222-3577-4dd0-bdfd-4f4b1bb0b477\">Spilleavhengighet er ofte en skjult lidelse som gir store negative konsekvenser.<br>Skyld og skamf\u00f8lelse gj\u00f8r dette vanskelig \u00e5 snakke om, men hos oss kan du f\u00e5 hjelp anonymt.<\/p>\n\n\n\n<p>Det \u00e5 snakke med noen er et viktig f\u00f8rste steg for en spillefri tilv\u00e6relse.<\/p>\n\n<\/div><\/div>\n\t<\/div>\n\n\n<h2 class=\"wp-block-heading has-text-align-left\" id=\"nb-grunnet-paske-kan-det-oppsta-noe-lenger-ventetid-ved-pamelding\"><\/h2>\n\n\n\n<div class=\"wp-block-rank-math-toc-block\" id=\"rank-math-toc\"><p class=\"title-wrapper\"><button id=\"hopp-til\" class=\"blakors-table-of-contents-toggle\" aria-expanded=\"true\">\n\t\t\t<strong>Hopp til<\/strong>\n\t\t\t<svg xmlns=\"http:\/\/www.w3.org\/2000\/svg\" viewBox=\"0 0 24 24\" height=\"24\" width=\"24\" class=\"t2-icon t2-icon-chevrondown\" aria-hidden=\"true\" focusable=\"false\"><path d=\"M12 14.9c-.1 0-.3 0-.4-.1-.1 0-.2-.1-.3-.2L6.7 10c-.2-.1-.3-.4-.3-.6 0-.3.1-.5.3-.7.2-.2.4-.3.7-.3s.5.1.7.3l3.9 3.9 3.9-3.9c.2-.2.4-.3.7-.3.3 0 .5.1.7.3.2.2.3.4.3.7s-.1.5-.3.7l-4.6 4.6c-.1.1-.2.2-.3.2H12z\" fill=\"currentColor\" \/><\/svg>\n\t\t<\/button><\/p><nav><ul><li class=\"\"><a href=\"#nb-grunnet-paske-kan-det-oppsta-noe-lenger-ventetid-ved-pamelding\">Anonym telefon og chat<\/a><\/li><li class=\"\"><a href=\"#hjelpelinjen-for-spilleavhengige-anonym-telefon-og-chat\">Fjernbasert behandling <\/a><\/li><li class=\"\"><a href=\"#hjelpelinjen-for-spilleavhengige-anonym-telefon-og-chat-1\">Samtaler for p\u00e5r\u00f8rende<\/a><\/li><li class=\"\"><a href=\"#hjelpelinjen-for-spilleavhengige-anonym-telefon-og-chat-1-1\">Oppf\u00f8lging for n\u00e6rst\u00e5ende av spilleavhengige over nett og telefon<\/a><\/li><li class=\"\"><a href=\"#hor-pa-var-podcast-om-spill\">H\u00f8r p\u00e5 v\u00e5r podcast om spill<\/a><\/li><\/ul><\/nav><\/div>\n\n\n\n<div class=\"wp-block-lib-header alignfull hide\"><div class=\"image-wrapper\"><img decoding=\"async\" src=\"https:\/\/www.blakors.no\/content\/uploads\/sites\/39\/2023\/10\/Bla-Kors-spilleavhengighet-fjernbasert-behandling.jpg\" alt=\"header\"\/><\/div><div class=\"header-innercontent\"><\/div><\/div>\n\n\n\n<div class=\"wp-block-group alignwide has-blue-light-background-color has-background is-layout-constrained wp-block-group-is-layout-constrained\">\n<h2 class=\"wp-block-heading alignfull\" id=\"hjelpelinjen-for-spilleavhengige-anonym-telefon-og-chat\">Hjelpelinjen for spilleavhengige \u2013 anonym telefon og chat<\/h2>\n\n\n\n<p>Har du et spilleproblem, eller st\u00e5r du n\u00e6r en som spiller? Hjelpelinjen tilbyr hjelp over telefon og chat. Alle samtaler med oss er anonyme og gratis.<\/p>\n\n\n\n<div class=\"wp-block-buttons is-content-justification-left is-layout-flex wp-container-core-buttons-is-layout-fdcfc74e wp-block-buttons-is-layout-flex\">\n<div class=\"wp-block-button\"><a class=\"wp-block-button__link has-text-align-left wp-element-button\" href=\"https:\/\/hjelpelinjen.no\" target=\"_blank\" rel=\"noopener\">G\u00e5 direkte til Hjelpelinjen.no<\/a><\/div>\n<\/div>\n\n\n\n\t\t<div class=\"wp-block-lib-accentuated-link\">\n\t\t\t<a class=\"lib-link__link\" href=\"https:\/\/www.blakors.no\/spilleavhengighet\/hjelpelinjen\/\" target=\"\" rel=\"\">\n\t\t\t\t\n\t\t\t\t<div class=\"lib-link__text-content\">\n\t\t\t\t\t<span class=\"lib-link__tagline\">\n\t\t\t\t\t\t\u00d8nsker du \u00e5 vite mer?\n\t\t\t\t\t<\/span>\n\n\t\t\t\t\t<h3 class=\"lib-link__title\">\n\t\t\t\t\t\tLes mer om Hjelpelinjen\n\t\t\t\t\t<\/h3>\n\n\t\t\t\t\t\n\t\t\t\t<\/div>\n\t\t\t<\/a>\n\t\t<\/div><\/div>\n\n\n\n<div class=\"wp-block-group alignwide has-blue-light-background-color has-background is-layout-constrained wp-block-group-is-layout-constrained\">\n<h2 class=\"wp-block-heading alignfull\" id=\"hjelpelinjen-for-spilleavhengige-anonym-telefon-og-chat-1\">Ukentlig oppf\u00f8lging over nett og telefon<\/h2>\n\n\n\n<p>Tilbudet er kostnadsfritt og det er ikke krav om henvisning for \u00e5 delta. Oppf\u00f8lgingen varer i cirka 3 m\u00e5neder. <\/p>\n\n\n\n<div class=\"wp-block-buttons is-layout-flex wp-block-buttons-is-layout-flex\">\n<div class=\"wp-block-button\"><a class=\"wp-block-button__link wp-element-button\" href=\"https:\/\/login2.checkwareonline.com\/v2\/fjernbasert\/respondent\/\" target=\"_blank\" rel=\"noopener\">Registrering \/ Logg inn<\/a><\/div>\n<\/div>\n\n\n\n\t\t<div class=\"wp-block-lib-accentuated-link\">\n\t\t\t<a class=\"lib-link__link\" href=\"https:\/\/www.blakors.no\/spilleavhengighet\/fjernbasert-behandling\/\" target=\"\" rel=\"\">\n\t\t\t\t\n\t\t\t\t<div class=\"lib-link__text-content\">\n\t\t\t\t\t<span class=\"lib-link__tagline\">\n\t\t\t\t\t\t\u00d8nsker du \u00e5 vite mer?\n\t\t\t\t\t<\/span>\n\n\t\t\t\t\t<h3 class=\"lib-link__title\">\n\t\t\t\t\t\tLes mer om fjernbasert spillbehandling\n\t\t\t\t\t<\/h3>\n\n\t\t\t\t\t\n\t\t\t\t<\/div>\n\t\t\t<\/a>\n\t\t<\/div><\/div>\n\n\n\n<div class=\"wp-block-group alignwide has-blue-light-background-color has-background is-layout-constrained wp-block-group-is-layout-constrained\">\n<h2 class=\"wp-block-heading alignfull\" id=\"hjelpelinjen-for-spilleavhengige-anonym-telefon-og-chat-1-1\">Oppf\u00f8lging for n\u00e6rst\u00e5ende av spilleavhengige over nett og telefon<\/h2>\n\n\n\n<p>P\u00e5r\u00f8rendesamtaler er et gratis og fleksibelt tilbud rettet mot mennesker som st\u00e5r n\u00e6r noen med spilleproblemer.<\/p>\n\n\n\n<p>Tilbudet inneb\u00e6rer ukentlig oppf\u00f8lging over telefon med varighet p\u00e5 inntil 12 samtaler. Det stilles ikke krav til at spilleren selv g\u00e5r i behandling. Utgangspunktet er den enkeltes behov og opplevde utfordringer knyttet til konsekvenser av spilling i n\u00e6r familie.<\/p>\n\n\n\n<div class=\"wp-block-buttons is-layout-flex wp-block-buttons-is-layout-flex\">\n<div class=\"wp-block-button\"><a class=\"wp-block-button__link wp-element-button\" href=\"https:\/\/login2.checkwareonline.com\/v2\/fjernbasert\/respondent\/\" target=\"_blank\" rel=\"noopener\">Meld deg p\u00e5<\/a><\/div>\n<\/div>\n\n\n\n\t\t<div class=\"wp-block-lib-accentuated-link\">\n\t\t\t<a class=\"lib-link__link\" href=\"https:\/\/www.blakors.no\/spilleavhengighet\/parorende-til-spilleavhengig\/\" target=\"\" rel=\"\">\n\t\t\t\t\n\t\t\t\t<div class=\"lib-link__text-content\">\n\t\t\t\t\t<span class=\"lib-link__tagline\">\n\t\t\t\t\t\t\u00d8nsker du \u00e5 vite mer?\n\t\t\t\t\t<\/span>\n\n\t\t\t\t\t<h3 class=\"lib-link__title\">\n\t\t\t\t\t\tLes mer om \u00e5 v\u00e6re p\u00e5r\u00f8rende\n\t\t\t\t\t<\/h3>\n\n\t\t\t\t\t\n\t\t\t\t<\/div>\n\t\t\t<\/a>\n\t\t<\/div><\/div>\n\n\n\n<h2 class=\"wp-block-heading has-black-color has-text-color\" id=\"bla-kors-klinikker-med-behandling-for-spillbehandling\">Tradisjonell behandling for spilleavhengighet<\/h2>\n\n\n\n<p>I Bl\u00e5 Kors finnes det ogs\u00e5 poliklinisk behandling for spilleavhengighet. <br>Behandlingen best\u00e5r av individualterapi, korttidsterapi, gruppeterapi, par- og familiebehandling, psykomotorisk fysioterapi og \u00f8konomisk r\u00e5dgivning.<br>All behandling tar hensyn til pasientens \u00f8nsker.<\/p>\n\n\n\n<p>Ta kontakt med fastlegen, NAV eller psykolog&nbsp;for \u00e5 f\u00e5 en henvisning til en av klinikkene nedenfor. <\/p>\n\n\n<div class=\"t2-featured-content-layout alignwide alignwide wp-block-t2-featured-content-layout\" role=\"list\">\n<div class=\"t2-featured-single-post t2-featured-content is-post-type-institution theme-alkohol-og-rusbehandling theme-parorende theme-penge-og-dataspillavhengighet place-oslo-by place-oslo wp-block-t2-featured-single-post\" role=\"listitem\"><a class=\"t2-post-link wp-block-t2-post-link\" href=\"https:\/\/www.blakors.no\/virksomhet\/poliklinikk-oslo\/\">\n<figure style=\"--t2-focal-point: 50% 50%;\" class=\"t2-post-featured-image has-image-ratio-16-9 wp-block-t2-post-featured-image\"><img loading=\"lazy\" decoding=\"async\" width=\"1500\" height=\"1000\" src=\"https:\/\/www.blakors.no\/content\/uploads\/2019\/11\/Poliklinikk-Oslo-20-1966.jpg\" class=\"attachment-post-thumbnail size-post-thumbnail wp-post-image\" alt=\"Tre damer som sitter i en sofa\" srcset=\"https:\/\/www.blakors.no\/content\/uploads\/2019\/11\/Poliklinikk-Oslo-20-1966.jpg 1500w, https:\/\/www.blakors.no\/content\/uploads\/2019\/11\/Poliklinikk-Oslo-20-1966-300x200.jpg 300w, https:\/\/www.blakors.no\/content\/uploads\/2019\/11\/Poliklinikk-Oslo-20-1966-1024x683.jpg 1024w, https:\/\/www.blakors.no\/content\/uploads\/2019\/11\/Poliklinikk-Oslo-20-1966-768x512.jpg 768w\" sizes=\"auto, (min-width: 782px) 768px, 100vw\" \/><\/figure>\n\n<div class=\"wp-block-group alignfull is-layout-flow wp-block-group-is-layout-flow\">\n\t<h2 id=\"bla-kors-klinikk-oslo-sentrum\"  class=\"t2-post-title wp-block-t2-post-title\" >Bl\u00e5 Kors klinikk Oslo sentrum<\/h2>\n\t<div class=\"wp-block-post-date__modified-date wp-block-post-date\"><time datetime=\"2022-03-03T22:11:47+01:00\">3. mars 2022<\/time><\/div>\n\t\t\t<div class=\"single-meta t2-post-excerpt card-description wp-block-blakors-meta-display\"><\/div>\n\t\n<\/div>\n\n<\/a>\n<\/div>\n\n<div class=\"t2-featured-single-post t2-featured-content is-post-type-institution theme-alkohol-og-rusbehandling theme-barn-unge-og-familie theme-parorende theme-penge-og-dataspillavhengighet place-vestfold-telemark place-skien wp-block-t2-featured-single-post\" role=\"listitem\"><a class=\"t2-post-link wp-block-t2-post-link\" href=\"https:\/\/www.blakors.no\/virksomhet\/klinikk-skien\/\">\n<figure style=\"--t2-focal-point: 50% 50%;\" class=\"t2-post-featured-image has-image-ratio-16-9 wp-block-t2-post-featured-image\"><img loading=\"lazy\" decoding=\"async\" width=\"1500\" height=\"1000\" src=\"https:\/\/www.blakors.no\/content\/uploads\/2019\/09\/Bl\u00e5kors-Borgestad-9471.jpg\" class=\"attachment-post-thumbnail size-post-thumbnail wp-post-image\" alt=\"Kvinne og mann i resepsjon\" srcset=\"https:\/\/www.blakors.no\/content\/uploads\/2019\/09\/Bl\u00e5kors-Borgestad-9471.jpg 1500w, https:\/\/www.blakors.no\/content\/uploads\/2019\/09\/Bl\u00e5kors-Borgestad-9471-300x200.jpg 300w, https:\/\/www.blakors.no\/content\/uploads\/2019\/09\/Bl\u00e5kors-Borgestad-9471-1024x683.jpg 1024w, https:\/\/www.blakors.no\/content\/uploads\/2019\/09\/Bl\u00e5kors-Borgestad-9471-768x512.jpg 768w\" sizes=\"auto, (min-width: 782px) 768px, 100vw\" \/><\/figure>\n\n<div class=\"wp-block-group alignfull is-layout-flow wp-block-group-is-layout-flow\">\n\t<h2 id=\"bla-kors-klinikk-skien\"  class=\"t2-post-title wp-block-t2-post-title\" >Bl\u00e5 Kors klinikk Skien<\/h2>\n\t<div class=\"wp-block-post-date__modified-date wp-block-post-date\"><time datetime=\"2023-07-03T15:36:29+02:00\">3. juli 2023<\/time><\/div>\n\t\t\t<div class=\"single-meta t2-post-excerpt card-description wp-block-blakors-meta-display\"><\/div>\n\t\n<\/div>\n\n<\/a>\n<\/div>\n\n<div class=\"t2-featured-single-post t2-featured-content is-post-type-institution theme-alkohol-og-rusbehandling theme-barn-unge-og-familie theme-parorende theme-penge-og-dataspillavhengighet place-haugesund place-rogaland wp-block-t2-featured-single-post\" role=\"listitem\"><a class=\"t2-post-link wp-block-t2-post-link\" href=\"https:\/\/www.blakors.no\/virksomhet\/bla-kors-haugaland\/\">\n<figure style=\"--t2-focal-point: 50% 50%;\" class=\"t2-post-featured-image has-image-ratio-16-9 wp-block-t2-post-featured-image\"><img loading=\"lazy\" decoding=\"async\" width=\"3840\" height=\"2341\" src=\"https:\/\/www.blakors.no\/content\/uploads\/2018\/11\/Pasient-Bla\u030a-Kors-Haugaland-A-senter-scaled.jpg\" class=\"attachment-post-thumbnail size-post-thumbnail wp-post-image\" alt=\"To damer har en dialog og snakker sammen. Dene damen har p\u00e5 seg en sekk. De smiler begge to\" srcset=\"https:\/\/www.blakors.no\/content\/uploads\/2018\/11\/Pasient-Bla\u030a-Kors-Haugaland-A-senter-scaled.jpg 3840w, https:\/\/www.blakors.no\/content\/uploads\/2018\/11\/Pasient-Bla\u030a-Kors-Haugaland-A-senter-300x183.jpg 300w, https:\/\/www.blakors.no\/content\/uploads\/2018\/11\/Pasient-Bla\u030a-Kors-Haugaland-A-senter-1024x624.jpg 1024w, https:\/\/www.blakors.no\/content\/uploads\/2018\/11\/Pasient-Bla\u030a-Kors-Haugaland-A-senter-768x468.jpg 768w, https:\/\/www.blakors.no\/content\/uploads\/2018\/11\/Pasient-Bla\u030a-Kors-Haugaland-A-senter-1536x936.jpg 1536w, https:\/\/www.blakors.no\/content\/uploads\/2018\/11\/Pasient-Bla\u030a-Kors-Haugaland-A-senter-2048x1248.jpg 2048w\" sizes=\"auto, (min-width: 782px) 768px, 100vw\" \/><\/figure>\n\n<div class=\"wp-block-group alignfull is-layout-flow wp-block-group-is-layout-flow\">\n\t<h2 id=\"bla-kors-klinikk-haugaland\"  class=\"t2-post-title wp-block-t2-post-title\" >Bl\u00e5 Kors klinikk Haugaland<\/h2>\n\t<div class=\"wp-block-post-date__modified-date wp-block-post-date\"><time datetime=\"2022-11-30T15:08:54+01:00\">30. november 2022<\/time><\/div>\n\t\t\t<div class=\"single-meta t2-post-excerpt card-description wp-block-blakors-meta-display\"><\/div>\n\t\n<\/div>\n\n<\/a>\n<\/div>\n<\/div>\n\n\n<h2 class=\"wp-block-heading\" id=\"fakta-om-spilleavhengighet\">Les mer om spilleavhengighet<\/h2>\n\n\n\n<hr class=\"wp-block-separator alignwide has-alpha-channel-opacity is-style-wide\"\/>\n\n\n<div class=\"t2-featured-content-layout alignwide alignwide wp-block-t2-featured-content-layout\" role=\"list\">\n<div class=\"t2-featured-single-post t2-featured-content is-post-type-post category-kategori category-spilleavhengighet wp-block-t2-featured-single-post\" role=\"listitem\"><a class=\"t2-post-link wp-block-t2-post-link\" href=\"https:\/\/www.blakors.no\/nyheter\/spilleavhengighet-blakors-kasper-historie\/\">\n<figure style=\"--t2-focal-point: 50% 50%;\" class=\"t2-post-featured-image has-image-ratio-16-9 wp-block-t2-post-featured-image\"><img loading=\"lazy\" decoding=\"async\" width=\"5876\" height=\"3978\" src=\"https:\/\/v.imgi.no\/blakors-50201-754c311c3a72f16755b2498da54fbe3f-5876x3978\/rygg.webp\" class=\"attachment-post-thumbnail size-post-thumbnail wp-post-image\" alt=\"\" srcset=\"https:\/\/v.imgi.no\/blakors-50201-754c311c3a72f16755b2498da54fbe3f-150x102\/rygg.webp 150w, https:\/\/v.imgi.no\/blakors-50201-754c311c3a72f16755b2498da54fbe3f-300x203\/rygg.webp 300w, https:\/\/v.imgi.no\/blakors-50201-754c311c3a72f16755b2498da54fbe3f-768x519\/rygg.webp 768w, https:\/\/v.imgi.no\/blakors-50201-754c311c3a72f16755b2498da54fbe3f-1024x693\/rygg.webp 1024w, https:\/\/v.imgi.no\/blakors-50201-754c311c3a72f16755b2498da54fbe3f-1536x1040\/rygg.webp 1536w, https:\/\/v.imgi.no\/blakors-50201-754c311c3a72f16755b2498da54fbe3f-2048x1386\/rygg.webp 2048w, https:\/\/v.imgi.no\/blakors-50201-754c311c3a72f16755b2498da54fbe3f-300x203\/rygg.webp 300w, https:\/\/v.imgi.no\/blakors-50201-754c311c3a72f16755b2498da54fbe3f-450x305\/rygg.webp 450w, https:\/\/v.imgi.no\/blakors-50201-754c311c3a72f16755b2498da54fbe3f-200x135\/rygg.webp 200w, https:\/\/v.imgi.no\/blakors-50201-754c311c3a72f16755b2498da54fbe3f-300x203\/rygg.webp 300w, https:\/\/v.imgi.no\/blakors-50201-754c311c3a72f16755b2498da54fbe3f-400x271\/rygg.webp 400w, https:\/\/v.imgi.no\/blakors-50201-754c311c3a72f16755b2498da54fbe3f-600x406\/rygg.webp 600w\" sizes=\"auto, (min-width: 782px) 768px, 100vw\" \/><\/figure>\n\n<div class=\"wp-block-group alignfull is-layout-flow wp-block-group-is-layout-flow\">\n\t<h2 id=\"spillingen-tok-over-livet-men-kasper-tok-det-tilbake\"  class=\"t2-post-title wp-block-t2-post-title\" >Spillingen tok over livet \u2013 men Kasper tok det tilbake\u00a0<\/h2>\n\t<div class=\"wp-block-post-date__modified-date wp-block-post-date\"><time datetime=\"2025-10-31T15:00:28+01:00\">31. oktober 2025<\/time><\/div>\n\t\t\t<div class=\"single-meta t2-post-excerpt card-description wp-block-blakors-meta-display\"><\/div>\n\t\n<\/div>\n\n<\/a>\n<\/div>\n\n<div class=\"t2-featured-single-post t2-featured-content is-post-type-article theme-penge-og-dataspillavhengighet wp-block-t2-featured-single-post\" role=\"listitem\"><a class=\"t2-post-link wp-block-t2-post-link\" href=\"https:\/\/www.blakors.no\/fagside\/pengespillavhengighet\/\">\n<figure style=\"--t2-focal-point: 50% 50%;\" class=\"t2-post-featured-image has-image-ratio-16-9 wp-block-t2-post-featured-image\"><img loading=\"lazy\" decoding=\"async\" width=\"2048\" height=\"1436\" src=\"https:\/\/www.blakors.no\/content\/uploads\/2021\/12\/Blakors-spilling-Kveld-8420-scaled.jpg\" class=\"attachment-post-thumbnail size-post-thumbnail wp-post-image\" alt=\"En mann sitter i sofaen og spiller pengespill p\u00e5 telefonen med et konsentrert utrykk i ansiktet.\" srcset=\"https:\/\/www.blakors.no\/content\/uploads\/2021\/12\/Blakors-spilling-Kveld-8420-scaled.jpg 2048w, https:\/\/www.blakors.no\/content\/uploads\/2021\/12\/Blakors-spilling-Kveld-8420-scaled-300x210.jpg 300w, https:\/\/www.blakors.no\/content\/uploads\/2021\/12\/Blakors-spilling-Kveld-8420-scaled-1024x718.jpg 1024w, https:\/\/www.blakors.no\/content\/uploads\/2021\/12\/Blakors-spilling-Kveld-8420-scaled-768x539.jpg 768w, https:\/\/www.blakors.no\/content\/uploads\/2021\/12\/Blakors-spilling-Kveld-8420-scaled-1536x1077.jpg 1536w\" sizes=\"auto, (min-width: 782px) 768px, 100vw\" \/><\/figure>\n\n<div class=\"wp-block-group alignfull is-layout-flow wp-block-group-is-layout-flow\">\n\t<h2 id=\"pengespillavhengighet\"  class=\"t2-post-title wp-block-t2-post-title\" >Pengespillavhengighet<\/h2>\n\t<div class=\"wp-block-post-date__modified-date wp-block-post-date\"><time datetime=\"2025-10-21T12:57:36+02:00\">21. oktober 2025<\/time><\/div>\n\t\t\t<div class=\"single-meta t2-post-excerpt card-description wp-block-blakors-meta-display\"><\/div>\n\t\n<\/div>\n\n<\/a>\n<\/div>\n\n<div class=\"t2-featured-single-post t2-featured-content is-post-type-article theme-penge-og-dataspillavhengighet place-oslo place-oslo-by wp-block-t2-featured-single-post\" role=\"listitem\"><a class=\"t2-post-link wp-block-t2-post-link\" href=\"https:\/\/www.blakors.no\/fagside\/dataspillavhengighet\/\">\n<figure style=\"--t2-focal-point: 50% 50%;\" class=\"t2-post-featured-image has-image-ratio-16-9 wp-block-t2-post-featured-image\"><img loading=\"lazy\" decoding=\"async\" width=\"3840\" height=\"2560\" src=\"https:\/\/www.blakors.no\/content\/uploads\/2020\/01\/COLOURBOX42360784-scaled.jpg\" class=\"attachment-post-thumbnail size-post-thumbnail wp-post-image\" alt=\"Ung stresset gutt foran pc skjerm\" srcset=\"https:\/\/www.blakors.no\/content\/uploads\/2020\/01\/COLOURBOX42360784-scaled.jpg 3840w, https:\/\/www.blakors.no\/content\/uploads\/2020\/01\/COLOURBOX42360784-300x200.jpg 300w, https:\/\/www.blakors.no\/content\/uploads\/2020\/01\/COLOURBOX42360784-1024x683.jpg 1024w, https:\/\/www.blakors.no\/content\/uploads\/2020\/01\/COLOURBOX42360784-768x512.jpg 768w, https:\/\/www.blakors.no\/content\/uploads\/2020\/01\/COLOURBOX42360784-1536x1024.jpg 1536w, https:\/\/www.blakors.no\/content\/uploads\/2020\/01\/COLOURBOX42360784-2048x1365.jpg 2048w\" sizes=\"auto, (min-width: 782px) 768px, 100vw\" \/><\/figure>\n\n<div class=\"wp-block-group alignfull is-layout-flow wp-block-group-is-layout-flow\">\n\t<h2 id=\"dataspillavhengighet\"  class=\"t2-post-title wp-block-t2-post-title\" >Dataspillavhengighet<\/h2>\n\t<div class=\"wp-block-post-date__modified-date wp-block-post-date\"><time datetime=\"2025-05-24T08:48:55+02:00\">24. mai 2025<\/time><\/div>\n\t\t\t<div class=\"single-meta t2-post-excerpt card-description wp-block-blakors-meta-display\"><\/div>\n\t\n<\/div>\n\n<\/a>\n<\/div>\n<\/div>\n\n<ul class=\"t2-link-list has-1-items has-auto-columns wp-block-t2-link-list\">\n\t<li class=\"has-background has-lila-light-background-color t2-link-list-item wp-block-t2-link-list-item\">\n\t\t<a href=\"https:\/\/www.blakors.no\/content\/uploads\/sites\/39\/2026\/01\/BKspill_A5handout.pdf\" class=\"t2-link-list-item__link t2-link-list__icon--right\">\n\t\t\t<span class=\"t2-link-list-item__icon\"><span class=\"t2-link-list-item__icon-box\"><\/span><svg xmlns=\"http:\/\/www.w3.org\/2000\/svg\" viewBox=\"0 0 24 24\" height=\"24\" width=\"24\" class=\"t2-icon t2-icon-arrowforward\" aria-hidden=\"true\" focusable=\"false\"><path d=\"M11.3 19.3c-.2-.2-.3-.4-.3-.7 0-.3.1-.5.3-.7l4.9-4.9H5c-.3 0-.5-.1-.7-.3-.2-.2-.3-.4-.3-.7s.1-.5.3-.7c.2-.2.4-.3.7-.3h11.2l-4.9-4.9c-.2-.2-.3-.4-.3-.7 0-.3.1-.5.3-.7.2-.2.4-.3.7-.3s.5.1.7.3l6.6 6.6c.1.1.2.2.2.3 0 .1.1.3.1.4 0 .1 0 .3-.1.4 0 .1-.1.2-.2.3l-6.6 6.6c-.2.2-.4.3-.7.3s-.5-.1-.7-.3z\" fill=\"currentColor\" \/><\/svg><\/span>\t\t\t<div class=\"t2-link-list-item__content\">\n\n\t\t\t\t\n\t\t\t\t<span id=\"link-list-item-text\" class=\"t2-link-list-item__text\">\n\t\t\t\t\tSkriv ut og gj\u00f8r hjelpen tilgjengelig\t\t\t\t<\/span>\n\t\t\t\t<span id=\"link-list-item-description\" class=\"t2-link-list-item__description\">Denne korte A5-handouten (2 sider) gir oversikt over v\u00e5re gratis og lett tilgjengelige hjelpetilbud. Passer for skolehelsetjeneste, NAV, fastlegekontor og andre som m\u00f8ter mennesker med utfordringer knyttet til spill. Skyld og skam gj\u00f8r det vanskelig \u00e5 be om hjelp, skriv ut denne og gj\u00f8r tilbudene synlig i dine lokaler. Et enkelt steg for at flere kan finne veien til hjelp!<\/span>\t\t\t<\/div>\n\t\t<\/a>\n\t<\/li>\n\t\n<\/ul>\n\n\n<div class=\"wp-block-group alignfull has-green-light-background-color has-background is-layout-constrained wp-block-group-is-layout-constrained\">\n<h2 class=\"wp-block-heading\" id=\"hor-pa-var-podcast-om-spill\">H\u00f8r p\u00e5 v\u00e5r podcast om spill<\/h2>\n\n\n\n<p>Spillradioen er en podcast med m\u00e5l om \u00e5 l\u00f8fte kunnskap og styrke dialogen rundt spillproblematikk. Podcasten er et samarbeid mellom KORUS \u00f8st og Bl\u00e5 Kors spilleavhengighet.&nbsp;<\/p>\n\n\n\n<p><a href=\"https:\/\/www.buzzsprout.com\/1464034\" target=\"_blank\" rel=\"noopener\">G\u00e5 til Spillradioen<\/a><\/p>\n\n\n\n<figure class=\"wp-block-embed dekode-gtm-iframe-preview is-type-rich is-provider-spotify wp-block-embed-spotify wp-embed-aspect-21-9 wp-has-aspect-ratio\"><div class=\"wp-block-embed__wrapper\">\n<iframe title=\"Spotify Embed: N\u00e5r gaming f\u00f8rer til pengeproblemer (m\/ Forbrukerr\u00e5det)\" style=\"border-radius: 12px\" width=\"100%\" height=\"152\" frameborder=\"0\" allowfullscreen allow=\"autoplay; clipboard-write; encrypted-media; fullscreen; picture-in-picture\" loading=\"lazy\" data-cookieconsent=\"marketing\" data-cookieblock-src=\"https:\/\/open.spotify.com\/embed\/show\/0SOqOpm9pe224VehUFh91W?si=c8acb0f27e954740&amp;utm_source=oembed\"><\/iframe>\n\t\t<div class=\"cookieconsent-optout-marketing dekode-gtm-cookie-consent-video-placeholder\">\n\t\t\t<div class=\"dekode-gtm-cookie-consent is-block-core-embed is-provider-spotify\">\n\t\t\t\t\n\t\t\t<img decoding=\"async\" src=\"https:\/\/image-cdn-fa.spotifycdn.com\/image\/ab67656300005f1fdf65239d6a0e44db0b92cb55\" alt=\"spotify\" \/>\n\t\t\t\t<div class=\"overlay\">\n\t\t\t\t\t<div class=\"cookie-info\">\n\t\t\t\t\t\t<h2 id=\"her-ligger-det-medieinnhold-fra-en-ekstern-kilde\"  >Her ligger det medieinnhold fra en ekstern kilde. <\/h2> \n\n<p>For \u00e5 se innholdet, m\u00e5 du endre samtykket ditt.<\/p>\n\n<p>Les mer om hvordan dataen din blir behandlet av eksterne kilder i personvernerkl\u00e6ringen v\u00e5r.<\/p>\n\t\t\t\t\t\t<p>\n\t\t\t\t\t\t\t<a title=\"Endre samtykke\" class=\"dekode-gtm-cookiebot-renew\" href=\"#\">Endre samtykke<\/a>\n\t\t\t\t\t\t\t\n\t\t\t\t\t\t<\/p>\n\t\t\t\t\t<\/div>\n\t\t\t\t<\/div>\n\t\t\t<\/div>\n\t\t<\/div>\n<\/div><\/figure>\n\n\n\n<p class=\"has-text-align-right has-black-color has-text-color\"><\/p>\n<\/div>\n","protected":false},"excerpt":{"rendered":"<p>Hjelpelinjen for spilleavhengige \u2013 anonym telefon og chat Har du et spilleproblem, eller st\u00e5r du n\u00e6r en som spiller? Hjelpelinjen tilbyr hjelp over telefon og chat. Alle samtaler med oss er anonyme og gratis. Ukentlig oppf\u00f8lging over nett og telefon Tilbudet er kostnadsfritt og det er ikke krav om henvisning for \u00e5 delta. Oppf\u00f8lgingen varer [&hellip;]<\/p>\n","protected":false},"author":105,"featured_media":34,"parent":0,"menu_order":0,"comment_status":"closed","ping_status":"closed","template":"","meta":{"_acf_changed":false,"_relevanssi_hide_post":"","_relevanssi_hide_content":"","_relevanssi_pin_for_all":"on","_relevanssi_pin_keywords":"spilleavhengighet, bl\u00e5 kors spilleavhengighet, spillavhengighet, dataspillavhengighet, pengespillavhengighet, gambling, gaming, avhengig av spill, avhengig av spilling, avhengig av pengespill, avhengig av dataspill, hjelpelinjen, fjernbasert behandling, fjernbasert spillebehandling, spillebehandling, ","_relevanssi_unpin_keywords":"","_relevanssi_related_keywords":"","_relevanssi_related_include_ids":"","_relevanssi_related_exclude_ids":"","_relevanssi_related_no_append":"","_relevanssi_related_not_related":"","_relevanssi_related_posts":"1","_relevanssi_noindex_reason":"","_custom_cards_description":"","footnotes":""},"class_list":["post-9","page","type-page","status-publish","has-post-thumbnail","hentry"],"acf":[],"_links":{"self":[{"href":"https:\/\/www.blakors.no\/spilleavhengighet\/wp-json\/wp\/v2\/pages\/9","targetHints":{"allow":["GET"]}}],"collection":[{"href":"https:\/\/www.blakors.no\/spilleavhengighet\/wp-json\/wp\/v2\/pages"}],"about":[{"href":"https:\/\/www.blakors.no\/spilleavhengighet\/wp-json\/wp\/v2\/types\/page"}],"author":[{"embeddable":true,"href":"https:\/\/www.blakors.no\/spilleavhengighet\/wp-json\/wp\/v2\/users\/105"}],"replies":[{"embeddable":true,"href":"https:\/\/www.blakors.no\/spilleavhengighet\/wp-json\/wp\/v2\/comments?post=9"}],"version-history":[{"count":5,"href":"https:\/\/www.blakors.no\/spilleavhengighet\/wp-json\/wp\/v2\/pages\/9\/revisions"}],"predecessor-version":[{"id":683,"href":"https:\/\/www.blakors.no\/spilleavhengighet\/wp-json\/wp\/v2\/pages\/9\/revisions\/683"}],"wp:featuredmedia":[{"embeddable":true,"href":"https:\/\/www.blakors.no\/spilleavhengighet\/wp-json\/wp\/v2\/media\/34"}],"wp:attachment":[{"href":"https:\/\/www.blakors.no\/spilleavhengighet\/wp-json\/wp\/v2\/media?parent=9"}],"curies":[{"name":"wp","href":"https:\/\/api.w.org\/{rel}","templated":true}]}}