{"id":111,"date":"2019-11-15T15:11:59","date_gmt":"2019-11-15T14:11:59","guid":{"rendered":"https:\/\/www.blakors.no\/stegforsteg\/?page_id=111"},"modified":"2021-02-10T15:21:21","modified_gmt":"2021-02-10T14:21:21","slug":"aktiviteter-som-metode","status":"publish","type":"page","link":"https:\/\/www.blakors.no\/stegforsteg\/aktiviteter-som-metode\/","title":{"rendered":"Aktiviteter som metode"},"content":{"rendered":"\n<p>Nye deltagere gjennomf\u00f8rer en kartleggingssamtale hvor\ninteresser, behov, dr\u00f8mmer og utfordringer defineres, og m\u00e5l og aktiviteter\nvelges.&nbsp;<\/p>\n\n\n\n<p>Selv om det er aktiviteter som er i fokus er det samspillet og relasjonen mellom enkeltmenneskene som er det spesielle og det som skaper energi og framdrift.&nbsp; <\/p>\n","protected":false},"excerpt":{"rendered":"<p>Nye deltagere gjennomf\u00f8rer en kartleggingssamtale hvor interesser, behov, dr\u00f8mmer og utfordringer defineres, og m\u00e5l og aktiviteter velges.&nbsp; Selv om det er aktiviteter som er i fokus er det samspillet og relasjonen mellom enkeltmenneskene som er det spesielle og det som skaper energi og framdrift.&nbsp;<\/p>\n","protected":false},"author":10,"featured_media":0,"parent":0,"menu_order":0,"comment_status":"closed","ping_status":"closed","template":"","meta":{"_acf_changed":false,"_relevanssi_hide_post":"","_relevanssi_hide_content":"","_relevanssi_pin_for_all":"on","_relevanssi_pin_keywords":"aktiviteter, relasjoner","_relevanssi_unpin_keywords":"","_relevanssi_related_keywords":"","_relevanssi_related_include_ids":"","_relevanssi_related_exclude_ids":"","_relevanssi_related_no_append":"","_relevanssi_related_not_related":"","_relevanssi_related_posts":"1,1384","_relevanssi_noindex_reason":"","_custom_cards_description":"","footnotes":""},"class_list":["post-111","page","type-page","status-publish","hentry"],"acf":[],"_links":{"self":[{"href":"https:\/\/www.blakors.no\/stegforsteg\/wp-json\/wp\/v2\/pages\/111","targetHints":{"allow":["GET"]}}],"collection":[{"href":"https:\/\/www.blakors.no\/stegforsteg\/wp-json\/wp\/v2\/pages"}],"about":[{"href":"https:\/\/www.blakors.no\/stegforsteg\/wp-json\/wp\/v2\/types\/page"}],"author":[{"embeddable":true,"href":"https:\/\/www.blakors.no\/stegforsteg\/wp-json\/wp\/v2\/users\/10"}],"replies":[{"embeddable":true,"href":"https:\/\/www.blakors.no\/stegforsteg\/wp-json\/wp\/v2\/comments?post=111"}],"version-history":[{"count":4,"href":"https:\/\/www.blakors.no\/stegforsteg\/wp-json\/wp\/v2\/pages\/111\/revisions"}],"predecessor-version":[{"id":930,"href":"https:\/\/www.blakors.no\/stegforsteg\/wp-json\/wp\/v2\/pages\/111\/revisions\/930"}],"wp:attachment":[{"href":"https:\/\/www.blakors.no\/stegforsteg\/wp-json\/wp\/v2\/media?parent=111"}],"curies":[{"name":"wp","href":"https:\/\/api.w.org\/{rel}","templated":true}]}}