{"id":186,"date":"2019-11-21T16:06:17","date_gmt":"2019-11-21T15:06:17","guid":{"rendered":"https:\/\/www.blakors.no\/stegforsteg\/?page_id=186"},"modified":"2025-08-12T11:03:04","modified_gmt":"2025-08-12T09:03:04","slug":"tiltak","status":"publish","type":"page","link":"https:\/\/www.blakors.no\/stegforsteg\/faglig-grunnlag\/tiltak\/","title":{"rendered":"Tiltak &#8211; hva vi gj\u00f8r"},"content":{"rendered":"<div class=\"custom-block-banner alignwide contenthalf\"><div class=\"banner-image\" style=\"background-image:url(https:\/\/www.blakors.no\/content\/uploads\/sites\/5\/2019\/11\/31I1609-693x1024.jpg)\"><\/div><div class=\"banner-inner\"><div><h1 id=\"tiltak-hva-vi-gjor\"  class=\"title large \" >Tiltak &#8211; hva vi gj\u00f8r<\/h1><p>Hvilke tiltak som deltakerne i Bl\u00e5 Kors steg for steg gj\u00f8r er like forskjellige som deltakerne selv, men felles for de fleste er et \u00f8nske om \u00e5 bygge sosiale nettverk. <\/p><\/div><\/div><\/div>\n\n\n<p>Bolig, \u00f8konomi, arbeid og fritid er ogs\u00e5 viktige livsomr\u00e5der for v\u00e5re deltakere. Deltakeren bestemmer hva som er viktigst, her og n\u00e5, og sammen lager vi en plan for \u00e5 ta steg i riktig retning. <\/p>\n\n\n\n<h2 id=\"aktivitetstiltak\"  class=\"wp-block-heading\" ><strong>Aktivitetstiltak<\/strong><\/h2>\n\n\n\n<p>For deltakerne er det \u00e5 fylle fritiden med mening ofte en utfordring. Mange deltakere har ikke opplevd \u00e5 ha fritid og Steg for Steg tilrettelegger for at deltakere introduseres for ulike aktiviteter. <br><br>Dette kan v\u00e6re kulturaktiviteter som; kino, kunst, musikk, teater eller fysisk aktivitet som; g\u00e5turer, fotball, sv\u00f8mming, bowling.&nbsp; M\u00e5let er at den enkelte skal finne sin aktivitet eller hobby, og samtidig bygge nettverk.&nbsp; <\/p>\n\n\n<h2 id=\"oppfolgingstiltak\"  >Oppf\u00f8lgingstiltak<\/h2><div class=\"t2-accordion wp-block-t2-accordion\" data-allow-multiple=\"1\" role=\"list\"><div class=\"t2-accordion-item wp-block-t2-accordion-item\" role=\"listitem\">\n\t\t\t<h3 class=\"t2-accordion-title\">\n\t\t\t\t<button type=\"button\" class=\"t2-accordion-trigger\" id=\"systematisert-hverdagsst\u00f8tte\" aria-controls=\"accordion-panel\" aria-expanded=\"false\">\n\t\t\t\t\tSystematisert hverdagsst\u00f8tte\n\t\t\t\t\t<span class=\"t2-accordion-icon is-closed-icon\"><svg xmlns=\"http:\/\/www.w3.org\/2000\/svg\" viewBox=\"0 0 24 24\" height=\"24\" width=\"24\" class=\"t2-icon t2-icon-chevrondown\" aria-hidden=\"true\" focusable=\"false\"><path d=\"M12 14.9c-.1 0-.3 0-.4-.1-.1 0-.2-.1-.3-.2L6.7 10c-.2-.1-.3-.4-.3-.6 0-.3.1-.5.3-.7.2-.2.4-.3.7-.3s.5.1.7.3l3.9 3.9 3.9-3.9c.2-.2.4-.3.7-.3.3 0 .5.1.7.3.2.2.3.4.3.7s-.1.5-.3.7l-4.6 4.6c-.1.1-.2.2-.3.2H12z\" fill=\"currentColor\" \/><\/svg><\/span>\n\t\t\t\t\t<span class=\"t2-accordion-icon is-open-icon\"><svg xmlns=\"http:\/\/www.w3.org\/2000\/svg\" viewBox=\"0 0 24 24\" height=\"24\" width=\"24\" class=\"t2-icon t2-icon-chevronup\" aria-hidden=\"true\" focusable=\"false\"><path d=\"M6.7 14.7c-.2-.2-.3-.4-.3-.7s.1-.5.3-.7l4.6-4.6c.1-.1.2-.2.3-.2.1 0 .2-.1.4-.1.1 0 .3 0 .4.1.1 0 .2.1.3.2l4.6 4.6c.2.2.3.4.3.7s-.1.5-.3.7c-.2.2-.4.3-.7.3s-.5-.1-.7-.3L12 10.8l-3.9 3.9c-.2.2-.4.3-.7.3s-.5-.1-.7-.3z\" fill=\"currentColor\" \/><\/svg><\/span>\n\t\t\t\t<\/button>\n\t\t\t<\/h3>\n\t\t\t<div class=\"t2-accordion-item__inner-container is-layout-flow\" id=\"accordion-panel\" aria-labelledby=\"systematisert-hverdagsst\u00f8tte\" role=\"region\" hidden>\n\t\t\t\t\n\t\t\t\t<p>\u00d8konomi, handle m\u00f8bler, mat, transporttjeneste, kontakt med myndigheter og lignende. <\/p>\n\n\t\t\t\n\t\t\t<\/div>\n\t\t<\/div><div class=\"t2-accordion-item wp-block-t2-accordion-item\" role=\"listitem\">\n\t\t\t<h3 class=\"t2-accordion-title\">\n\t\t\t\t<button type=\"button\" class=\"t2-accordion-trigger\" id=\"arbeid-og-skole\" aria-controls=\"accordion-panel-1\" aria-expanded=\"false\">\n\t\t\t\t\tArbeid og skole\n\t\t\t\t\t<span class=\"t2-accordion-icon is-closed-icon\"><svg xmlns=\"http:\/\/www.w3.org\/2000\/svg\" viewBox=\"0 0 24 24\" height=\"24\" width=\"24\" class=\"t2-icon t2-icon-chevrondown\" aria-hidden=\"true\" focusable=\"false\"><path d=\"M12 14.9c-.1 0-.3 0-.4-.1-.1 0-.2-.1-.3-.2L6.7 10c-.2-.1-.3-.4-.3-.6 0-.3.1-.5.3-.7.2-.2.4-.3.7-.3s.5.1.7.3l3.9 3.9 3.9-3.9c.2-.2.4-.3.7-.3.3 0 .5.1.7.3.2.2.3.4.3.7s-.1.5-.3.7l-4.6 4.6c-.1.1-.2.2-.3.2H12z\" fill=\"currentColor\" \/><\/svg><\/span>\n\t\t\t\t\t<span class=\"t2-accordion-icon is-open-icon\"><svg xmlns=\"http:\/\/www.w3.org\/2000\/svg\" viewBox=\"0 0 24 24\" height=\"24\" width=\"24\" class=\"t2-icon t2-icon-chevronup\" aria-hidden=\"true\" focusable=\"false\"><path d=\"M6.7 14.7c-.2-.2-.3-.4-.3-.7s.1-.5.3-.7l4.6-4.6c.1-.1.2-.2.3-.2.1 0 .2-.1.4-.1.1 0 .3 0 .4.1.1 0 .2.1.3.2l4.6 4.6c.2.2.3.4.3.7s-.1.5-.3.7c-.2.2-.4.3-.7.3s-.5-.1-.7-.3L12 10.8l-3.9 3.9c-.2.2-.4.3-.7.3s-.5-.1-.7-.3z\" fill=\"currentColor\" \/><\/svg><\/span>\n\t\t\t\t<\/button>\n\t\t\t<\/h3>\n\t\t\t<div class=\"t2-accordion-item__inner-container is-layout-flow\" id=\"accordion-panel-1\" aria-labelledby=\"arbeid-og-skole\" role=\"region\" hidden>\n\t\t\t\t\n\t\t\t\t<p>Arbeidsplassen er den viktigste arenaen for \u00e5 bygge nettverk og oppleve sosial tilh\u00f8righet og inkludering, i tillegg til mestring og \u00f8konomisk frihet. Utifra kartleggingen st\u00f8tter Bl\u00e5 Kors steg for steg den enkelte i \u00e5 realisere sine \u00f8nsker. Ofte handler det om \u00e5 bygge opp motivasjon og selvtillit til \u00e5 innta arbeidsmarkedet eller skolene. Tidgivere med egen erfaring fra arbeidslivet spiller en sentral rolle i dette arbeidet, Bl\u00e5 Kors steg for steg sitt samarbeid med bedrifter \u00f8ker sjansen og mulighetene for arbeidstrening.  <\/p>\n\n\t\t\t\n\t\t\t<\/div>\n\t\t<\/div><div class=\"t2-accordion-item wp-block-t2-accordion-item\" role=\"listitem\">\n\t\t\t<h3 class=\"t2-accordion-title\">\n\t\t\t\t<button type=\"button\" class=\"t2-accordion-trigger\" id=\"bolig-og-oppf\u00f8lging\" aria-controls=\"accordion-panel-2\" aria-expanded=\"false\">\n\t\t\t\t\tBolig og oppf\u00f8lging\n\t\t\t\t\t<span class=\"t2-accordion-icon is-closed-icon\"><svg xmlns=\"http:\/\/www.w3.org\/2000\/svg\" viewBox=\"0 0 24 24\" height=\"24\" width=\"24\" class=\"t2-icon t2-icon-chevrondown\" aria-hidden=\"true\" focusable=\"false\"><path d=\"M12 14.9c-.1 0-.3 0-.4-.1-.1 0-.2-.1-.3-.2L6.7 10c-.2-.1-.3-.4-.3-.6 0-.3.1-.5.3-.7.2-.2.4-.3.7-.3s.5.1.7.3l3.9 3.9 3.9-3.9c.2-.2.4-.3.7-.3.3 0 .5.1.7.3.2.2.3.4.3.7s-.1.5-.3.7l-4.6 4.6c-.1.1-.2.2-.3.2H12z\" fill=\"currentColor\" \/><\/svg><\/span>\n\t\t\t\t\t<span class=\"t2-accordion-icon is-open-icon\"><svg xmlns=\"http:\/\/www.w3.org\/2000\/svg\" viewBox=\"0 0 24 24\" height=\"24\" width=\"24\" class=\"t2-icon t2-icon-chevronup\" aria-hidden=\"true\" focusable=\"false\"><path d=\"M6.7 14.7c-.2-.2-.3-.4-.3-.7s.1-.5.3-.7l4.6-4.6c.1-.1.2-.2.3-.2.1 0 .2-.1.4-.1.1 0 .3 0 .4.1.1 0 .2.1.3.2l4.6 4.6c.2.2.3.4.3.7s-.1.5-.3.7c-.2.2-.4.3-.7.3s-.5-.1-.7-.3L12 10.8l-3.9 3.9c-.2.2-.4.3-.7.3s-.5-.1-.7-.3z\" fill=\"currentColor\" \/><\/svg><\/span>\n\t\t\t\t<\/button>\n\t\t\t<\/h3>\n\t\t\t<div class=\"t2-accordion-item__inner-container is-layout-flow\" id=\"accordion-panel-2\" aria-labelledby=\"bolig-og-oppf\u00f8lging\" role=\"region\" hidden>\n\t\t\t\t\n\t\t\t\t<p>Et trygt sted \u00e5 bo er essensielt for et godt liv. Mange av deltakerne har bak seg mange ustabile boforhold og Bl\u00e5 Kors steg for steg bidrar til at dette m\u00f8nsteret brytes. Dette gj\u00f8r vi gjennom \u00e5 bist\u00e5 med \u00e5 skaffe bolig, og det \u00e5 skape et hjem. Tidgivere bidrar ved \u00e5 bli med p\u00e5 visning, innkj\u00f8p, innredning, hverdagskompetanse og lignende. I tillegg er det \u00e5  skape et hjem av en bolig ofte en erfaring deltakerne mangler. Derfor vil bo-oppf\u00f8lging v\u00e6re aktuelt tilbud for mange. Dette kombineres ofte med systematisert hverdagsst\u00f8tte som nevnt tidligere. <\/p>\n\n\t\t\t\n\t\t\t<\/div>\n\t\t<\/div><div class=\"t2-accordion-item wp-block-t2-accordion-item\" role=\"listitem\">\n\t\t\t<h3 class=\"t2-accordion-title\">\n\t\t\t\t<button type=\"button\" class=\"t2-accordion-trigger\" id=\"temakvelder\" aria-controls=\"accordion-panel-3\" aria-expanded=\"false\">\n\t\t\t\t\tTemakvelder\n\t\t\t\t\t<span class=\"t2-accordion-icon is-closed-icon\"><svg xmlns=\"http:\/\/www.w3.org\/2000\/svg\" viewBox=\"0 0 24 24\" height=\"24\" width=\"24\" class=\"t2-icon t2-icon-chevrondown\" aria-hidden=\"true\" focusable=\"false\"><path d=\"M12 14.9c-.1 0-.3 0-.4-.1-.1 0-.2-.1-.3-.2L6.7 10c-.2-.1-.3-.4-.3-.6 0-.3.1-.5.3-.7.2-.2.4-.3.7-.3s.5.1.7.3l3.9 3.9 3.9-3.9c.2-.2.4-.3.7-.3.3 0 .5.1.7.3.2.2.3.4.3.7s-.1.5-.3.7l-4.6 4.6c-.1.1-.2.2-.3.2H12z\" fill=\"currentColor\" \/><\/svg><\/span>\n\t\t\t\t\t<span class=\"t2-accordion-icon is-open-icon\"><svg xmlns=\"http:\/\/www.w3.org\/2000\/svg\" viewBox=\"0 0 24 24\" height=\"24\" width=\"24\" class=\"t2-icon t2-icon-chevronup\" aria-hidden=\"true\" focusable=\"false\"><path d=\"M6.7 14.7c-.2-.2-.3-.4-.3-.7s.1-.5.3-.7l4.6-4.6c.1-.1.2-.2.3-.2.1 0 .2-.1.4-.1.1 0 .3 0 .4.1.1 0 .2.1.3.2l4.6 4.6c.2.2.3.4.3.7s-.1.5-.3.7c-.2.2-.4.3-.7.3s-.5-.1-.7-.3L12 10.8l-3.9 3.9c-.2.2-.4.3-.7.3s-.5-.1-.7-.3z\" fill=\"currentColor\" \/><\/svg><\/span>\n\t\t\t\t<\/button>\n\t\t\t<\/h3>\n\t\t\t<div class=\"t2-accordion-item__inner-container is-layout-flow\" id=\"accordion-panel-3\" aria-labelledby=\"temakvelder\" role=\"region\" hidden>\n\t\t\t\t\n\t\t\t\t<p>Temakvelder er en sentral del av Bl\u00e5 Kors steg for stegs tilbud. Disse holdes jevnlig, og tar utgangspunkt i utfordringer og temaer som er relevante for deltakerne i deres prosess. Sosial kompetanse, \u00f8konomi, bolig, ern\u00e6ring eller arbeid er noen eksempler p\u00e5 temaer. Her brukes b\u00e5de interne og eksterne ressurser for \u00e5 tilby god oppl\u00e6ring med h\u00f8y overf\u00f8ringsverdi. <\/p>\n\n\t\t\t\n\t\t\t<\/div>\n\t\t<\/div><div class=\"t2-accordion-item wp-block-t2-accordion-item\" role=\"listitem\">\n\t\t\t<h3 class=\"t2-accordion-title\">\n\t\t\t\t<button type=\"button\" class=\"t2-accordion-trigger\" id=\"kurs-i-hverdagskompetanse\" aria-controls=\"accordion-panel-4\" aria-expanded=\"false\">\n\t\t\t\t\tKurs i hverdagskompetanse\n\t\t\t\t\t<span class=\"t2-accordion-icon is-closed-icon\"><svg xmlns=\"http:\/\/www.w3.org\/2000\/svg\" viewBox=\"0 0 24 24\" height=\"24\" width=\"24\" class=\"t2-icon t2-icon-chevrondown\" aria-hidden=\"true\" focusable=\"false\"><path d=\"M12 14.9c-.1 0-.3 0-.4-.1-.1 0-.2-.1-.3-.2L6.7 10c-.2-.1-.3-.4-.3-.6 0-.3.1-.5.3-.7.2-.2.4-.3.7-.3s.5.1.7.3l3.9 3.9 3.9-3.9c.2-.2.4-.3.7-.3.3 0 .5.1.7.3.2.2.3.4.3.7s-.1.5-.3.7l-4.6 4.6c-.1.1-.2.2-.3.2H12z\" fill=\"currentColor\" \/><\/svg><\/span>\n\t\t\t\t\t<span class=\"t2-accordion-icon is-open-icon\"><svg xmlns=\"http:\/\/www.w3.org\/2000\/svg\" viewBox=\"0 0 24 24\" height=\"24\" width=\"24\" class=\"t2-icon t2-icon-chevronup\" aria-hidden=\"true\" focusable=\"false\"><path d=\"M6.7 14.7c-.2-.2-.3-.4-.3-.7s.1-.5.3-.7l4.6-4.6c.1-.1.2-.2.3-.2.1 0 .2-.1.4-.1.1 0 .3 0 .4.1.1 0 .2.1.3.2l4.6 4.6c.2.2.3.4.3.7s-.1.5-.3.7c-.2.2-.4.3-.7.3s-.5-.1-.7-.3L12 10.8l-3.9 3.9c-.2.2-.4.3-.7.3s-.5-.1-.7-.3z\" fill=\"currentColor\" \/><\/svg><\/span>\n\t\t\t\t<\/button>\n\t\t\t<\/h3>\n\t\t\t<div class=\"t2-accordion-item__inner-container is-layout-flow\" id=\"accordion-panel-4\" aria-labelledby=\"kurs-i-hverdagskompetanse\" role=\"region\" hidden>\n\t\t\t\t\n\t\t\t\t<p>Bl\u00e5 Kors har utviklet et kursprogram i hverdagskompetanse. Kurset inneholder b\u00e5de gruppeundervisning og erfaringsdeling. <\/p>\n\n\t\t\t\n\t\t\t<\/div>\n\t\t<\/div><\/div>\n\n<div class=\"custom-block-banner alignwide contenthalf\"><div class=\"banner-image\" style=\"background-image:url(https:\/\/www.blakors.no\/content\/uploads\/sites\/5\/2019\/11\/31I1047-1024x660.jpg)\"><\/div><div class=\"banner-inner\"><div><h2 id=\"stotte-i-hverdagen\"  class=\"title large \" >St\u00f8tte i hverdagen<\/h2><p>V\u00e5re tidgivere har ulik kompetanse innenfor \u00f8konomi, data, jus og lignende. <\/p><\/div><\/div><\/div>\n\n\n<h2 id=\"nettverkstiltak\"  class=\"wp-block-heading\" ><strong>Nettverkstiltak <\/strong><\/h2>\n\n\n\n<h3 id=\"nettverkskartlegging\"  class=\"wp-block-heading\" ><strong>Nettverkskartlegging<\/strong><\/h3>\n\n\n\n<p>Vi ser p\u00e5 historisk og n\u00e5v\u00e6rende sosiale nettverk, og lager deretter et kart over \u00f8nsket fremtidig nettverk. Slik blir deltakeren bevisst p\u00e5 hvem som er en del av nettverket, og hvem som mangler.  <br><br>Deretter lager deltakeren en plan for hvordan nettverket skal forsterkes gjennom ulike handlinger og aktiviteter. Mennesker som verken har jobb eller familie de bor sammen med i det daglige, opplever en mer utfordrende situasjon n\u00e5r det gjelder sosial kontakt. <br><br>De m\u00e5 selv skape sosiale arenaer hvor de kan treffe mennesker de \u00f8nsker kontakt med, for eksempel i eget bomilj\u00f8 og i valg av fritidsaktiviteter og foreninger som styres av hvilke interesser vedkommende har. <br><br>Det avgj\u00f8rende er da om man er \u00e5pen for og t\u00f8r \u00e5 ta kontakt, om en har det som kalles sosiale ferdigheter. Tidgiverne er et sentralt virkemiddel og en d\u00f8r\u00e5pner inn til sosiale arenaer og relasjoner.&nbsp;&nbsp;<\/p>\n\n\n\n<h3 id=\"kobling-til-andre-tilbud\"  class=\"wp-block-heading\" ><strong>Kobling til andre tilbud<\/strong><\/h3>\n\n\n\n<p>Mange deltakere \u00f8nsker kontakt med nye milj\u00f8er, som for eksempel en idrettsklubb eller et sangkor, men sosial utrygghet st\u00e5r i veien. Bl\u00e5 Kors bidrar til at deltakeren kobles med lag, foreninger eller organisasjoner i lokalsamfunnet. <br><br>Tidgivere blir her en d\u00f8r\u00e5pner inn til nye arenaer. Bl\u00e5 Kors bygger nettverk av relevante aktivitetstilbud, organisasjoner, idrettsklubber, treningstilbud, kulturinstitusjoner. I noen tilfeller rekrutterer ogs\u00e5 Bl\u00e5 Kors Tidgivere fra de ulike tilbudene. <\/p>\n\n\n\n<h2 id=\"les-mer-om\"  class=\"wp-block-heading\" >Les mer om<\/h2>\n\n\n<ul class=\"t2-link-list has-2-items has-auto-columns wp-block-t2-link-list\">\n\t<li class=\"has-background has-lila-light-background-color t2-link-list-item wp-block-t2-link-list-item\">\n\t\t<a\n\t\t\thref=\"https:\/\/www.blakors.no\/stegforsteg\/tilbud\/tiltak\/\"\n\t\t\tclass=\"t2-link-list-item__link t2-link-list__icon--right\"\n\t\t\t\t\t>\n\t\t\t<span class=\"t2-link-list-item__icon\"><span class=\"t2-link-list-item__icon-box\"><\/span><svg xmlns=\"http:\/\/www.w3.org\/2000\/svg\" viewBox=\"0 0 24 24\" height=\"24\" width=\"24\" class=\"t2-icon t2-icon-arrowforward\" aria-hidden=\"true\" focusable=\"false\"><path d=\"M11.3 19.3c-.2-.2-.3-.4-.3-.7 0-.3.1-.5.3-.7l4.9-4.9H5c-.3 0-.5-.1-.7-.3-.2-.2-.3-.4-.3-.7s.1-.5.3-.7c.2-.2.4-.3.7-.3h11.2l-4.9-4.9c-.2-.2-.3-.4-.3-.7 0-.3.1-.5.3-.7.2-.2.4-.3.7-.3s.5.1.7.3l6.6 6.6c.1.1.2.2.2.3 0 .1.1.3.1.4 0 .1 0 .3-.1.4 0 .1-.1.2-.2.3l-6.6 6.6c-.2.2-.4.3-.7.3s-.5-.1-.7-.3z\" fill=\"currentColor\" \/><\/svg><\/span>\t\t\t<div class=\"t2-link-list-item__content\">\n\n\t\t\t\t\n\t\t\t\t<span id=\"link-list-item-text\" class=\"t2-link-list-item__text\">\n\t\t\t\t\tMetoder\t\t\t\t<\/span>\n\t\t\t\t\t\t\t<\/div>\n\t\t<\/a>\n\t<\/li>\n\t\n\n\t<li class=\"has-background has-lila-light-background-color t2-link-list-item wp-block-t2-link-list-item\">\n\t\t<a\n\t\t\thref=\"https:\/\/www.blakors.no\/stegforsteg\/tilbud\/faglig-grunnlag\/\"\n\t\t\tclass=\"t2-link-list-item__link t2-link-list__icon--right\"\n\t\t\t\t\t>\n\t\t\t<span class=\"t2-link-list-item__icon\"><span class=\"t2-link-list-item__icon-box\"><\/span><svg xmlns=\"http:\/\/www.w3.org\/2000\/svg\" viewBox=\"0 0 24 24\" height=\"24\" width=\"24\" class=\"t2-icon t2-icon-arrowforward\" aria-hidden=\"true\" focusable=\"false\"><path d=\"M11.3 19.3c-.2-.2-.3-.4-.3-.7 0-.3.1-.5.3-.7l4.9-4.9H5c-.3 0-.5-.1-.7-.3-.2-.2-.3-.4-.3-.7s.1-.5.3-.7c.2-.2.4-.3.7-.3h11.2l-4.9-4.9c-.2-.2-.3-.4-.3-.7 0-.3.1-.5.3-.7.2-.2.4-.3.7-.3s.5.1.7.3l6.6 6.6c.1.1.2.2.2.3 0 .1.1.3.1.4 0 .1 0 .3-.1.4 0 .1-.1.2-.2.3l-6.6 6.6c-.2.2-.4.3-.7.3s-.5-.1-.7-.3z\" fill=\"currentColor\" \/><\/svg><\/span>\t\t\t<div class=\"t2-link-list-item__content\">\n\n\t\t\t\t\n\t\t\t\t<span id=\"link-list-item-text-1\" class=\"t2-link-list-item__text\">\n\t\t\t\t\tFaglig grunnlag\t\t\t\t<\/span>\n\t\t\t\t\t\t\t<\/div>\n\t\t<\/a>\n\t<\/li>\n\t\n<\/ul>","protected":false},"excerpt":{"rendered":"<p>Bolig, \u00f8konomi, arbeid og fritid er ogs\u00e5 viktige livsomr\u00e5der for v\u00e5re deltakere. Deltakeren bestemmer hva som er viktigst, her og n\u00e5, og sammen lager vi en plan for \u00e5 ta steg i riktig retning. Aktivitetstiltak For deltakerne er det \u00e5 fylle fritiden med mening ofte en utfordring. Mange deltakere har ikke opplevd \u00e5 ha fritid [&hellip;]<\/p>\n","protected":false},"author":10,"featured_media":0,"parent":7,"menu_order":0,"comment_status":"closed","ping_status":"closed","template":"","meta":{"_acf_changed":false,"_relevanssi_hide_post":"","_relevanssi_hide_content":"","_relevanssi_pin_for_all":"on","_relevanssi_pin_keywords":"Hva Bl\u00e5 Kors steg for steg gj\u00f8r, hvordan jobber Steg for Steg","_relevanssi_unpin_keywords":"","_relevanssi_related_keywords":"","_relevanssi_related_include_ids":"","_relevanssi_related_exclude_ids":"","_relevanssi_related_no_append":"","_relevanssi_related_not_related":"","_relevanssi_related_posts":"1","_relevanssi_noindex_reason":"","_custom_cards_description":"","footnotes":""},"class_list":["post-186","page","type-page","status-publish","hentry"],"acf":[],"_links":{"self":[{"href":"https:\/\/www.blakors.no\/stegforsteg\/wp-json\/wp\/v2\/pages\/186","targetHints":{"allow":["GET"]}}],"collection":[{"href":"https:\/\/www.blakors.no\/stegforsteg\/wp-json\/wp\/v2\/pages"}],"about":[{"href":"https:\/\/www.blakors.no\/stegforsteg\/wp-json\/wp\/v2\/types\/page"}],"author":[{"embeddable":true,"href":"https:\/\/www.blakors.no\/stegforsteg\/wp-json\/wp\/v2\/users\/10"}],"replies":[{"embeddable":true,"href":"https:\/\/www.blakors.no\/stegforsteg\/wp-json\/wp\/v2\/comments?post=186"}],"version-history":[{"count":5,"href":"https:\/\/www.blakors.no\/stegforsteg\/wp-json\/wp\/v2\/pages\/186\/revisions"}],"predecessor-version":[{"id":2665,"href":"https:\/\/www.blakors.no\/stegforsteg\/wp-json\/wp\/v2\/pages\/186\/revisions\/2665"}],"up":[{"embeddable":true,"href":"https:\/\/www.blakors.no\/stegforsteg\/wp-json\/wp\/v2\/pages\/7"}],"wp:attachment":[{"href":"https:\/\/www.blakors.no\/stegforsteg\/wp-json\/wp\/v2\/media?parent=186"}],"curies":[{"name":"wp","href":"https:\/\/api.w.org\/{rel}","templated":true}]}}