{"id":74,"date":"2019-11-15T14:22:31","date_gmt":"2019-11-15T13:22:31","guid":{"rendered":"https:\/\/www.blakors.no\/stegforsteg\/?page_id=74"},"modified":"2025-02-10T14:16:59","modified_gmt":"2025-02-10T13:16:59","slug":"hverdagskompetanse","status":"publish","type":"page","link":"https:\/\/www.blakors.no\/stegforsteg\/hverdagskompetanse\/","title":{"rendered":"Hverdagskompetanse"},"content":{"rendered":"\n<p> Mye av det som f\u00e5r hverdagen til \u00e5 g\u00e5 rundt er stille kunnskap. Den bygges opp av erfaring, og over tid. Bl\u00e5 Kors steg for steg kaller det hverdagskompetanse &#8211; praktiske og sosiale ferdigheter som er n\u00f8dvendige for \u00e5 f\u00e5 til et \u00abvanlig liv\u00bb.<\/p>\n\n\n\n<p>\u00c5 v\u00e6re trygg p\u00e5 hvordan man gj\u00f8r helt vanlige ting er ingen selvf\u00f8lge, men det er viktig. Hverdagskompetanse gir mulighet til \u00e5 m\u00f8te livet og det offentlige rom med en st\u00f8rre trygghet.<\/p>\n\n\n\n<div class=\"wp-block-button is-style-primary\"><a class=\"wp-block-button__link wp-element-button\" href=\"https:\/\/www.blakors.no\/hverdagskompetanse\/\">Til programmet for Hverdagskompetanse<\/a><\/div>\n\n\n\n<h2 id=\"tidgivere\"  class=\"wp-block-heading\" >Tidgivere<\/h2>\n\n\n\n<p>Deltakeren i Bl\u00e5 Kors steg for steg kan, med st\u00f8tte fra Tidgivere (frivillige) og veiledere, bruke den tiden som trengs for \u00e5 opp\u00f8ve sin hverdagskompetanse og n\u00e5 egendefinerte m\u00e5l.<\/p>\n\n\n\n<h2 id=\"et-vanlig-liv\"  class=\"wp-block-heading\" >&laquo;Et vanlig liv&raquo;<\/h2>\n\n\n\n<p>Bl\u00e5 Kors steg for steg er et overgangstilbud for mennesker med avhengighetsproblematikk og et \u00f8nske om et \u00abvanlig liv\u00bb. Tilbudet er tilgjengelig for deltakeren f\u00f8r, under og etter behandling. I m\u00e5lgruppen er ogs\u00e5 mennesker som ikke har gjennomf\u00f8rt behandling, men som p\u00e5 egenh\u00e5nd har klart \u00e5 komme ut av avhengighet.<\/p>\n\n\n\n<h2 id=\"veiledning\"  class=\"wp-block-heading\" >Veiledning<\/h2>\n\n\n\n<p>Bl\u00e5 Kors steg for steg tilbyr kartlegging og veiledning, har kunnskap om rus- og psykisk helse, god oversikt over hjelpeapparatet, rettigheter og plikter, bolig og \u00f8konomi. I tillegg benyttes tidgivere, som bidrar med variert kompetanse og egenskaper.<\/p>\n\n\n\n<h2 id=\"forskning-viser\"  class=\"wp-block-heading\" >Forskning viser<\/h2>\n\n\n\n<p>I FAFO-rapporten &laquo;Bedre livsmestring og sosial\ninkludering&raquo; (2019) [LINK), er det gjort en behovsanalyse av Bl\u00e5 Kors Steg\nfor Steg og Gaten\u00e6re tiltak. Dette er den f\u00f8rste av tre rapporter i en\nf\u00f8lgeevaluering FAFO utf\u00f8rer p\u00e5 oppdag av Bl\u00e5 Kors.<\/p>\n\n\n\n<p>Rapporten bekrefter hvor vesentlig det er \u00e5 bygge<br>hverdagskompetanse. Det styrker selvbildet og selvf\u00f8lelsen og \u00f8ker<br>sannsynligheten for en vellykket bedringsprosess. Bl\u00e5 Kors steg for steg<br>tilrettelegger for at deltakeren kan jobbe med dette p\u00e5 sin egen m\u00e5te<\/p>\n","protected":false},"excerpt":{"rendered":"<p>Mye av det som f\u00e5r hverdagen til \u00e5 g\u00e5 rundt er stille kunnskap. Den bygges opp av erfaring, og over tid. Bl\u00e5 Kors steg for steg kaller det hverdagskompetanse &#8211; praktiske og sosiale ferdigheter som er n\u00f8dvendige for \u00e5 f\u00e5 til et \u00abvanlig liv\u00bb. \u00c5 v\u00e6re trygg p\u00e5 hvordan man gj\u00f8r helt vanlige ting er [&hellip;]<\/p>\n","protected":false},"author":10,"featured_media":0,"parent":0,"menu_order":0,"comment_status":"closed","ping_status":"closed","template":"","meta":{"_acf_changed":false,"_relevanssi_hide_post":"","_relevanssi_hide_content":"","_relevanssi_pin_for_all":"","_relevanssi_pin_keywords":"","_relevanssi_unpin_keywords":"","_relevanssi_related_keywords":"","_relevanssi_related_include_ids":"","_relevanssi_related_exclude_ids":"","_relevanssi_related_no_append":"","_relevanssi_related_not_related":"","_relevanssi_related_posts":"1","_relevanssi_noindex_reason":"","_custom_cards_description":"","footnotes":""},"class_list":["post-74","page","type-page","status-publish","hentry"],"acf":[],"_links":{"self":[{"href":"https:\/\/www.blakors.no\/stegforsteg\/wp-json\/wp\/v2\/pages\/74","targetHints":{"allow":["GET"]}}],"collection":[{"href":"https:\/\/www.blakors.no\/stegforsteg\/wp-json\/wp\/v2\/pages"}],"about":[{"href":"https:\/\/www.blakors.no\/stegforsteg\/wp-json\/wp\/v2\/types\/page"}],"author":[{"embeddable":true,"href":"https:\/\/www.blakors.no\/stegforsteg\/wp-json\/wp\/v2\/users\/10"}],"replies":[{"embeddable":true,"href":"https:\/\/www.blakors.no\/stegforsteg\/wp-json\/wp\/v2\/comments?post=74"}],"version-history":[{"count":5,"href":"https:\/\/www.blakors.no\/stegforsteg\/wp-json\/wp\/v2\/pages\/74\/revisions"}],"predecessor-version":[{"id":1742,"href":"https:\/\/www.blakors.no\/stegforsteg\/wp-json\/wp\/v2\/pages\/74\/revisions\/1742"}],"wp:attachment":[{"href":"https:\/\/www.blakors.no\/stegforsteg\/wp-json\/wp\/v2\/media?parent=74"}],"curies":[{"name":"wp","href":"https:\/\/api.w.org\/{rel}","templated":true}]}}