{"id":92,"date":"2019-11-15T14:42:24","date_gmt":"2019-11-15T13:42:24","guid":{"rendered":"https:\/\/www.blakors.no\/stegforsteg\/?page_id=92"},"modified":"2025-07-29T14:22:22","modified_gmt":"2025-07-29T12:22:22","slug":"analyse-og-behov","status":"publish","type":"page","link":"https:\/\/www.blakors.no\/stegforsteg\/analyse-og-behov\/","title":{"rendered":"Analyse og behov"},"content":{"rendered":"\n<h2 class=\"wp-block-heading\" id=\"h-sammensatte-behov\">Sammensatte behov<\/h2>\n\n\n\n<p>Brukerne har ofte sammensatte behov, og det er behov for nye l\u00f8sninger som g\u00e5r p\u00e5 tvers av strukturene i offentlig sektor (Ulfrstad 2007, Hansen mfl. 2013: 21-22). <br><br>Flere rapporter har pekt p\u00e5 utfordringer knyttet til manglende sosial inkludering, deltakelse i arbeid og aktivitet, ensomhet som utfordringer for personer med rusproblemer (se f.eks. Hansen 2006, Hansen 2017). Mangel p\u00e5 innhold i livet og sosialt nettverk kan bidra til forsterkede marginaliseringsprosesser. <\/p>\n\n\n\n<h2 class=\"wp-block-heading\" id=\"h-manglende-sosialt-nettverk\">Manglende sosialt nettverk<\/h2>\n\n\n\n<p>Grunnlagsrapporten for f\u00f8lgeevalueringen av opptrappingsplanen for rusfeltet dokumenterer ogs\u00e5 utfordringene knyttet til manglende sosialt nettverk, manglende deltakelse i arbeid og aktivitet blant personer med rusproblemer (Hansen mfl. 2018). <br><br>De frivillige organisasjonene spiller en aktiv rolle i tilbudet til rusmiddelavhengige. Hvilken rolle de friville skal spille er diskutert, men oftest poengteres det at de frivillige kan v\u00e6re et viktig supplement til det offentlige tilbudet (Gautun. Dr\u00f8pping og Fl\u00f8tten 2005). <br><br>Et annet poeng er at de friville organisasjonene innenfor tjenester til utsatte grupper ofte kan bidra til sosial innovasjon ved \u00e5 identifisere hull i tjenestetilbudet og bidra til utvikling av l\u00f8sninger som m\u00f8ter brukernes behov p\u00e5 nye m\u00e5ter (Hansen mfl. 2013). <\/p>\n\n\n\n<h2 class=\"wp-block-heading\" id=\"h-glippsoner\">Glippsoner<\/h2>\n\n\n\n<p>Ettervern og oppf\u00f8lgingstjenester der bolig, arbeid og aktivitet prioriteres, er et av innsatsomr\u00e5dene i opptrappingsplanen (Opptrappingsplanen for rusfeltet 2016-2020). Et av hovedm\u00e5lene i planen er at alle skal ha en aktiv og meningsfylt tilv\u00e6relse. Cirka 50 % av pasientene som har gjennomf\u00f8rt rusbehandling i Norge faller tilbake til et liv i aktiv rus etter endt behandling. <br><br>Den mest kritiske fasen for tilbakefall er de tre f\u00f8rste m\u00e5nedene etter behandling. I behovsanalysen Et helt vanlig liv(Int\u00e9ra ResearchLab 2004) fremg\u00e5r det at sosial angst er utbredt blant mennesker som er ferdig i rusbehandling og i rehabilitering. <br><br>Mange vegrer seg for \u00e5 opps\u00f8ke milj\u00f8er og situasjoner hvor de f\u00f8ler seg fremmede og utenfor. \u00d8nsket om \u00e5 f\u00e5 nye nettverk og bli kjent med mennesker utenfor rusmilj\u00f8et er sterkt, og oppfattes som avgj\u00f8rende for \u00e5 kunne klare \u00e5 etablere et rusfritt liv.<\/p>\n\n\n\n<h2 class=\"wp-block-heading\" id=\"h-indre-struktur\">Indre struktur<\/h2>\n\n\n\n<p>Mange deltakere er institusjonalisert etter flere behandlings -og rehabiliteringsforl\u00f8p. Deltakerne har vendt seg til at rutiner, vaner og aktiviteter er en del av en ytre struktur. N\u00e5r denne strukturen faller bort, kan det v\u00e6re krevende \u00e5 etablere sin egen struktur. <br><br>Risikoen for resignasjon og sosial isolasjon er stor, og mye av det positive som er bygget opp gjennom behandling og rehabilitering st\u00e5r p\u00e5 spill. Derfor er det viktig at mennesker som er p\u00e5 vei ut i \u00abdet vanlige livet\u00bb, som de har \u00f8nsket seg s\u00e5 lenge, tilbys en oppf\u00f8lging som best mulig ivaretar grunnleggende menneskelige behov. <\/p>\n\n\n\n<h2 class=\"wp-block-heading\" id=\"h-faglig-enighet\">Faglig enighet<\/h2>\n\n\n\n<p>I over 30 \u00e5r har det v\u00e6rt politisk og faglig enighet om viktigheten av at et vellykket behandlingsforl\u00f8p inkluderer et godt tilbud etter utskriving fra institusjon. I rapporter og stortingsmeldinger omtales dette gjerne som \u00abhelhetlige behandlings -og rehabiliteringsforl\u00f8p med s\u00f8ml\u00f8se overganger\u00bb. <br><br>Det gj\u00f8res mye godt arbeid i b\u00e5de offentlig, privat og frivillig sektor, og det mangler ikke p\u00e5 aktivitetstilbud for m\u00e5lgruppen. Kommunene har i samarbeid med TSB ansvaret for \u00e5 tilrettelegge for et individuelt oppf\u00f8lgingstilbud, ofte kalt ettervern. <\/p>\n\n\n\n<h2 class=\"wp-block-heading\" id=\"h-mangfold-av-ulike-akt-rer\">Mangfold av ulike akt\u00f8rer<\/h2>\n\n\n\n<p>Rusavhengige som Bl\u00e5 Kors m\u00f8ter i sine virksomheter forteller at det ofte er tilfeldigheter som avgj\u00f8r hvilken st\u00f8tte rusavhengige f\u00e5r i den kritiske fasen etter endt behandling. Et mangfold av ulike akt\u00f8rer gir mange tilbud i oppf\u00f8lgingsfasen etter behandling, men f\u00e5 bist\u00e5r den enkelte med \u00e5 utvikle sin individuelle plan hvor den enkelte f\u00e5r brukt tilbudene til \u00e5 n\u00e5 sine m\u00e5l og \u00f8nsker.<\/p>\n\n\n\n<p>Bl\u00e5 Kors steg for steg \u00f8nsker \u00e5 st\u00f8tte hver enkelt deltaker p\u00e5 sin vei mot et \u00f8nsket liv. <\/p>\n\n\n\n<h2 id=\"snakk-med-oss\"  class=\"wp-block-heading\" >Snakk med oss<\/h2>\n\n\n<div class=\"wp-block-blakors-person-cards\">\n\t\t\t\n<div class=\"t2-featured-single-post compact-card-template t2-featured-content is-post-type-person compact-card-template wp-block-t2-featured-single-post\"><figure style=\"--t2-focal-point: 50% 50%;\" class=\"t2-post-featured-image has-image-ratio-1-1 wp-block-t2-post-featured-image\"><img loading=\"lazy\" decoding=\"async\" width=\"1276\" height=\"1584\" src=\"https:\/\/www.blakors.no\/content\/uploads\/sites\/5\/2025\/01\/jostein-hagan.jpg\" class=\"attachment-post-thumbnail size-post-thumbnail wp-post-image\" alt=\"portrettbilde av Jostein H\u00e5gan\" srcset=\"https:\/\/www.blakors.no\/content\/uploads\/sites\/5\/2025\/01\/jostein-hagan.jpg 1276w, https:\/\/www.blakors.no\/content\/uploads\/sites\/5\/2025\/01\/jostein-hagan-242x300.jpg 242w, https:\/\/www.blakors.no\/content\/uploads\/sites\/5\/2025\/01\/jostein-hagan-825x1024.jpg 825w, https:\/\/www.blakors.no\/content\/uploads\/sites\/5\/2025\/01\/jostein-hagan-768x953.jpg 768w, https:\/\/www.blakors.no\/content\/uploads\/sites\/5\/2025\/01\/jostein-hagan-1237x1536.jpg 1237w, https:\/\/www.blakors.no\/content\/uploads\/sites\/5\/2025\/01\/jostein-hagan-1160x1440.jpg 1160w\" sizes=\"auto, (min-width: 782px) 768px, 100vw\" \/><\/figure>\n\n<div class=\"wp-block-group alignfull is-layout-flow wp-block-group-is-layout-flow\">\n\t<div class=\"t2-post-dynamic-part is-source-filter filter-person_card_meta post-meta wp-block-t2-post-dynamic-part\"><div class=\"title\"><h2 id=\"jostein-hagan\"  class=\"t2-post-title wp-block-t2-post-title\" >Jostein H\u00e5gan<\/h2><p class=\"position\">nasjonal leder<\/p><\/div><div class=\"contact-info\"><p class=\"phone\"><a href=\"tel:+4747337777\">+47 473 37 777<\/a><\/p><p class=\"email\"><a href=\"mailto:jostein.hagan@blakors.no\">jostein.hagan@blakors.no<\/a><\/p><\/div><\/div>\n<\/div>\n\n<\/div>\n\n\t\t<\/div>","protected":false},"excerpt":{"rendered":"<p>Sammensatte behov Brukerne har ofte sammensatte behov, og det er behov for nye l\u00f8sninger som g\u00e5r p\u00e5 tvers av strukturene i offentlig sektor (Ulfrstad 2007, Hansen mfl. 2013: 21-22). Flere rapporter har pekt p\u00e5 utfordringer knyttet til manglende sosial inkludering, deltakelse i arbeid og aktivitet, ensomhet som utfordringer for personer med rusproblemer (se f.eks. Hansen [&hellip;]<\/p>\n","protected":false},"author":10,"featured_media":395,"parent":0,"menu_order":0,"comment_status":"closed","ping_status":"closed","template":"","meta":{"_acf_changed":false,"_relevanssi_hide_post":"","_relevanssi_hide_content":"","_relevanssi_pin_for_all":"on","_relevanssi_pin_keywords":"Analyse og behov, ettervern, glippsoner","_relevanssi_unpin_keywords":"","_relevanssi_related_keywords":"","_relevanssi_related_include_ids":"","_relevanssi_related_exclude_ids":"","_relevanssi_related_no_append":"","_relevanssi_related_not_related":"","_relevanssi_related_posts":"1","_relevanssi_noindex_reason":"","_custom_cards_description":"","footnotes":""},"class_list":["post-92","page","type-page","status-publish","has-post-thumbnail","hentry"],"acf":[],"_links":{"self":[{"href":"https:\/\/www.blakors.no\/stegforsteg\/wp-json\/wp\/v2\/pages\/92","targetHints":{"allow":["GET"]}}],"collection":[{"href":"https:\/\/www.blakors.no\/stegforsteg\/wp-json\/wp\/v2\/pages"}],"about":[{"href":"https:\/\/www.blakors.no\/stegforsteg\/wp-json\/wp\/v2\/types\/page"}],"author":[{"embeddable":true,"href":"https:\/\/www.blakors.no\/stegforsteg\/wp-json\/wp\/v2\/users\/10"}],"replies":[{"embeddable":true,"href":"https:\/\/www.blakors.no\/stegforsteg\/wp-json\/wp\/v2\/comments?post=92"}],"version-history":[{"count":6,"href":"https:\/\/www.blakors.no\/stegforsteg\/wp-json\/wp\/v2\/pages\/92\/revisions"}],"predecessor-version":[{"id":2659,"href":"https:\/\/www.blakors.no\/stegforsteg\/wp-json\/wp\/v2\/pages\/92\/revisions\/2659"}],"wp:featuredmedia":[{"embeddable":true,"href":"https:\/\/www.blakors.no\/stegforsteg\/wp-json\/wp\/v2\/media\/395"}],"wp:attachment":[{"href":"https:\/\/www.blakors.no\/stegforsteg\/wp-json\/wp\/v2\/media?parent=92"}],"curies":[{"name":"wp","href":"https:\/\/api.w.org\/{rel}","templated":true}]}}