{"id":30,"date":"2023-04-28T09:50:27","date_gmt":"2023-04-28T09:50:27","guid":{"rendered":"https:\/\/www.blakors.no\/ung\/?page_id=30"},"modified":"2025-09-02T11:19:11","modified_gmt":"2025-09-02T11:19:11","slug":"kristiansand","status":"publish","type":"page","link":"https:\/\/www.blakors.no\/ung\/kristiansand\/","title":{"rendered":"Bl\u00e5 Kors Ung Kristiansand"},"content":{"rendered":"\n<div class=\"wp-block-media-text alignwide is-stacked-on-mobile is-image-fill has-lila-light-background-color has-background\"><figure class=\"wp-block-media-text__media\" style=\"background-image:url(https:\/\/v.imgi.no\/blakors-446-14ba674016fb4e8e488e400e4c5bfcb8-2048x1258\/WEB-Vision_Jenteskate-02559.jpg);background-position:50% 50%\"><img loading=\"lazy\" decoding=\"async\" width=\"2048\" height=\"1258\" srcset=\"https:\/\/v.imgi.no\/blakors-446-14ba674016fb4e8e488e400e4c5bfcb8-150x92\/2025_09_web-vision_jenteskate-02559.webp 150w, https:\/\/v.imgi.no\/blakors-446-14ba674016fb4e8e488e400e4c5bfcb8-300x184\/2025_09_web-vision_jenteskate-02559.webp 300w, https:\/\/v.imgi.no\/blakors-446-14ba674016fb4e8e488e400e4c5bfcb8-768x471\/2025_09_web-vision_jenteskate-02559.webp 768w, https:\/\/v.imgi.no\/blakors-446-14ba674016fb4e8e488e400e4c5bfcb8-1024x629\/2025_09_web-vision_jenteskate-02559.webp 1024w, https:\/\/v.imgi.no\/blakors-446-14ba674016fb4e8e488e400e4c5bfcb8-1536x944\/2025_09_web-vision_jenteskate-02559.webp 1536w, https:\/\/v.imgi.no\/blakors-446-14ba674016fb4e8e488e400e4c5bfcb8-2048x1258\/2025_09_web-vision_jenteskate-02559.webp 2048w, https:\/\/v.imgi.no\/blakors-446-14ba674016fb4e8e488e400e4c5bfcb8-300x184\/2025_09_web-vision_jenteskate-02559.webp 300w, https:\/\/v.imgi.no\/blakors-446-14ba674016fb4e8e488e400e4c5bfcb8-450x276\/2025_09_web-vision_jenteskate-02559.webp 450w, https:\/\/v.imgi.no\/blakors-446-14ba674016fb4e8e488e400e4c5bfcb8-200x123\/2025_09_web-vision_jenteskate-02559.webp 200w, https:\/\/v.imgi.no\/blakors-446-14ba674016fb4e8e488e400e4c5bfcb8-2048x1258\/2025_09_web-vision_jenteskate-02559.webp 2048w, https:\/\/v.imgi.no\/blakors-446-14ba674016fb4e8e488e400e4c5bfcb8-300x184\/2025_09_web-vision_jenteskate-02559.webp 300w, https:\/\/v.imgi.no\/blakors-446-14ba674016fb4e8e488e400e4c5bfcb8-400x246\/2025_09_web-vision_jenteskate-02559.webp 400w, https:\/\/v.imgi.no\/blakors-446-14ba674016fb4e8e488e400e4c5bfcb8-600x369\/2025_09_web-vision_jenteskate-02559.webp 600w, https:\/\/v.imgi.no\/blakors-446-14ba674016fb4e8e488e400e4c5bfcb8-2048x1258\/2025_09_web-vision_jenteskate-02559.webp 2048w, https:\/\/v.imgi.no\/blakors-446-14ba674016fb4e8e488e400e4c5bfcb8-2048x1258\/2025_09_web-vision_jenteskate-02559.webp 2048w\" sizes=\"(max-width: 2048px) 100vw, 2048px\" src=\"https:\/\/v.imgi.no\/blakors-446-14ba674016fb4e8e488e400e4c5bfcb8-2048x1258\/WEB-Vision_Jenteskate-02559.jpg\" alt=\"Travel kaf\u00e9 i samfunnshuset med voksne og barn samlet rundt disk og bord, sterkt opplyst interi\u00f8r med bl\u00e5 detaljer.\" class=\"imageshop-document-id-7663632 wp-image-446 size-full\"\/><\/figure><div class=\"wp-block-media-text__content\">\n<div style=\"height:50px\" aria-hidden=\"true\" class=\"wp-block-spacer\"><\/div>\n\n\n\n<h2 class=\"wp-block-heading\" id=\"h-velkommen-til-bla-kors-ung-akra\">Velkommen til Bl\u00e5 Kors Ung Kristiansand<\/h2>\n\n\n\n<p>Bl\u00e5 Kors Ung Kristiansand er en del av Bl\u00e5 Kors aktivitetspark p\u00e5 Lund. Her har vi stor skatehall, parkourhall og gamingsenter. Her har vi aktiviteter for store og sm\u00e5! Skate, scoot, blades, gaming, parkour m.m. Her kan du ogs\u00e5 arrangere bursdagsfester og spillkvelder.<\/p>\n\n\n\n<p>V\u00e5r kaf\u00e9 selger et hyggelig utvalg av varm mat, drikke og snacks. Se \u00e5pningstider av hallen p\u00e5 v\u00e5r hjemmeside.<\/p>\n\n\n\n<div style=\"height:10px\" aria-hidden=\"true\" class=\"wp-block-spacer\"><\/div>\n\n\n\n<div class=\"wp-block-buttons is-layout-flex wp-block-buttons-is-layout-flex\">\n<div class=\"wp-block-button\"><a class=\"wp-block-button__link has-white-color has-blue-background-color has-text-color has-background wp-element-button\" href=\"https:\/\/www.blakors.no\/kristiansand\/virksomheter\/bla-kors-aktivitetspark\/\"><strong>B<\/strong>l\u00e5 Kors aktivitetspark<\/a><\/div>\n<\/div>\n\n\n\n<div style=\"height:50px\" aria-hidden=\"true\" class=\"wp-block-spacer\"><\/div>\n<\/div><\/div>\n\n\n\n<div class=\"wp-block-lib-header alignfull hide\"><div class=\"image-wrapper\"><img decoding=\"async\" src=\"https:\/\/www.blakors.no\/content\/uploads\/sites\/35\/2023\/04\/bla-kors-ung-aktivitetspark-kristiansand.jpeg\" alt=\"header\"\/><\/div><div class=\"header-innercontent\"><\/div><\/div>\n\n\n\n<ul class=\"wp-block-social-links has-visible-labels is-style-pill-shape is-horizontal is-content-justification-center is-layout-flex wp-container-core-social-links-is-layout-499968f5 wp-block-social-links-is-layout-flex\"><li class=\"wp-social-link wp-social-link-instagram  wp-block-social-link\"><a href=\"https:\/\/www.instagram.com\/blakorsaktivitetspark\/\" class=\"wp-block-social-link-anchor\" target=\"_blank\" rel=\"noopener\"><svg width=\"24\" height=\"24\" viewBox=\"0 0 24 24\" version=\"1.1\" xmlns=\"http:\/\/www.w3.org\/2000\/svg\" aria-hidden=\"true\" focusable=\"false\"><path d=\"M12,4.622c2.403,0,2.688,0.009,3.637,0.052c0.877,0.04,1.354,0.187,1.671,0.31c0.42,0.163,0.72,0.358,1.035,0.673 c0.315,0.315,0.51,0.615,0.673,1.035c0.123,0.317,0.27,0.794,0.31,1.671c0.043,0.949,0.052,1.234,0.052,3.637 s-0.009,2.688-0.052,3.637c-0.04,0.877-0.187,1.354-0.31,1.671c-0.163,0.42-0.358,0.72-0.673,1.035 c-0.315,0.315-0.615,0.51-1.035,0.673c-0.317,0.123-0.794,0.27-1.671,0.31c-0.949,0.043-1.233,0.052-3.637,0.052 s-2.688-0.009-3.637-0.052c-0.877-0.04-1.354-0.187-1.671-0.31c-0.42-0.163-0.72-0.358-1.035-0.673 c-0.315-0.315-0.51-0.615-0.673-1.035c-0.123-0.317-0.27-0.794-0.31-1.671C4.631,14.688,4.622,14.403,4.622,12 s0.009-2.688,0.052-3.637c0.04-0.877,0.187-1.354,0.31-1.671c0.163-0.42,0.358-0.72,0.673-1.035 c0.315-0.315,0.615-0.51,1.035-0.673c0.317-0.123,0.794-0.27,1.671-0.31C9.312,4.631,9.597,4.622,12,4.622 M12,3 C9.556,3,9.249,3.01,8.289,3.054C7.331,3.098,6.677,3.25,6.105,3.472C5.513,3.702,5.011,4.01,4.511,4.511 c-0.5,0.5-0.808,1.002-1.038,1.594C3.25,6.677,3.098,7.331,3.054,8.289C3.01,9.249,3,9.556,3,12c0,2.444,0.01,2.751,0.054,3.711 c0.044,0.958,0.196,1.612,0.418,2.185c0.23,0.592,0.538,1.094,1.038,1.594c0.5,0.5,1.002,0.808,1.594,1.038 c0.572,0.222,1.227,0.375,2.185,0.418C9.249,20.99,9.556,21,12,21s2.751-0.01,3.711-0.054c0.958-0.044,1.612-0.196,2.185-0.418 c0.592-0.23,1.094-0.538,1.594-1.038c0.5-0.5,0.808-1.002,1.038-1.594c0.222-0.572,0.375-1.227,0.418-2.185 C20.99,14.751,21,14.444,21,12s-0.01-2.751-0.054-3.711c-0.044-0.958-0.196-1.612-0.418-2.185c-0.23-0.592-0.538-1.094-1.038-1.594 c-0.5-0.5-1.002-0.808-1.594-1.038c-0.572-0.222-1.227-0.375-2.185-0.418C14.751,3.01,14.444,3,12,3L12,3z M12,7.378 c-2.552,0-4.622,2.069-4.622,4.622S9.448,16.622,12,16.622s4.622-2.069,4.622-4.622S14.552,7.378,12,7.378z M12,15 c-1.657,0-3-1.343-3-3s1.343-3,3-3s3,1.343,3,3S13.657,15,12,15z M16.804,6.116c-0.596,0-1.08,0.484-1.08,1.08 s0.484,1.08,1.08,1.08c0.596,0,1.08-0.484,1.08-1.08S17.401,6.116,16.804,6.116z\"><\/path><\/svg><span class=\"wp-block-social-link-label\">Instagram<\/span><\/a><\/li>\n\n<li class=\"wp-social-link wp-social-link-facebook  wp-block-social-link\"><a href=\"https:\/\/www.facebook.com\/blakorsaktivitetspark\/\" class=\"wp-block-social-link-anchor\" target=\"_blank\" rel=\"noopener\"><svg width=\"24\" height=\"24\" viewBox=\"0 0 24 24\" version=\"1.1\" xmlns=\"http:\/\/www.w3.org\/2000\/svg\" aria-hidden=\"true\" focusable=\"false\"><path d=\"M12 2C6.5 2 2 6.5 2 12c0 5 3.7 9.1 8.4 9.9v-7H7.9V12h2.5V9.8c0-2.5 1.5-3.9 3.8-3.9 1.1 0 2.2.2 2.2.2v2.5h-1.3c-1.2 0-1.6.8-1.6 1.6V12h2.8l-.4 2.9h-2.3v7C18.3 21.1 22 17 22 12c0-5.5-4.5-10-10-10z\"><\/path><\/svg><span class=\"wp-block-social-link-label\">Facebook<\/span><\/a><\/li><\/ul>\n","protected":false},"excerpt":{"rendered":"","protected":false},"author":86,"featured_media":45,"parent":0,"menu_order":0,"comment_status":"closed","ping_status":"closed","template":"","meta":{"_acf_changed":false,"_relevanssi_hide_post":"","_relevanssi_hide_content":"","_relevanssi_pin_for_all":"","_relevanssi_pin_keywords":"","_relevanssi_unpin_keywords":"","_relevanssi_related_keywords":"","_relevanssi_related_include_ids":"","_relevanssi_related_exclude_ids":"","_relevanssi_related_no_append":"","_relevanssi_related_not_related":"","_relevanssi_related_posts":"","_relevanssi_noindex_reason":"","_custom_cards_description":"","footnotes":""},"class_list":["post-30","page","type-page","status-publish","has-post-thumbnail","hentry"],"acf":[],"_links":{"self":[{"href":"https:\/\/www.blakors.no\/ung\/wp-json\/wp\/v2\/pages\/30","targetHints":{"allow":["GET"]}}],"collection":[{"href":"https:\/\/www.blakors.no\/ung\/wp-json\/wp\/v2\/pages"}],"about":[{"href":"https:\/\/www.blakors.no\/ung\/wp-json\/wp\/v2\/types\/page"}],"author":[{"embeddable":true,"href":"https:\/\/www.blakors.no\/ung\/wp-json\/wp\/v2\/users\/86"}],"replies":[{"embeddable":true,"href":"https:\/\/www.blakors.no\/ung\/wp-json\/wp\/v2\/comments?post=30"}],"version-history":[{"count":5,"href":"https:\/\/www.blakors.no\/ung\/wp-json\/wp\/v2\/pages\/30\/revisions"}],"predecessor-version":[{"id":458,"href":"https:\/\/www.blakors.no\/ung\/wp-json\/wp\/v2\/pages\/30\/revisions\/458"}],"wp:featuredmedia":[{"embeddable":true,"href":"https:\/\/www.blakors.no\/ung\/wp-json\/wp\/v2\/media\/45"}],"wp:attachment":[{"href":"https:\/\/www.blakors.no\/ung\/wp-json\/wp\/v2\/media?parent=30"}],"curies":[{"name":"wp","href":"https:\/\/api.w.org\/{rel}","templated":true}]}}