{"id":79,"date":"2023-04-28T10:26:03","date_gmt":"2023-04-28T10:26:03","guid":{"rendered":"https:\/\/www.blakors.no\/ung\/?page_id=79"},"modified":"2023-04-28T10:26:03","modified_gmt":"2023-04-28T10:26:03","slug":"vennesla-speidere","status":"publish","type":"page","link":"https:\/\/www.blakors.no\/ung\/vennesla-speidere\/","title":{"rendered":"Vennesla Bl\u00e5 Kors speidere"},"content":{"rendered":"\n<div class=\"wp-block-lib-header alignfull hide\"><div class=\"header-innercontent\"><\/div><\/div>\n\n\n\n<div class=\"wp-block-media-text alignwide is-stacked-on-mobile has-lila-light-background-color has-background\"><figure class=\"wp-block-media-text__media\"><img loading=\"lazy\" decoding=\"async\" width=\"768\" height=\"1024\" src=\"https:\/\/www.blakors.no\/content\/uploads\/sites\/35\/2023\/04\/speidergutt-med-bla-tunge-vennesla-768x1024.jpg\" alt=\"speidergutt med bl\u00e5 tunge\" class=\"wp-image-80 size-full\" srcset=\"https:\/\/www.blakors.no\/content\/uploads\/sites\/35\/2023\/04\/speidergutt-med-bla-tunge-vennesla-768x1024.jpg 768w, https:\/\/www.blakors.no\/content\/uploads\/sites\/35\/2023\/04\/speidergutt-med-bla-tunge-vennesla-225x300.jpg 225w, https:\/\/www.blakors.no\/content\/uploads\/sites\/35\/2023\/04\/speidergutt-med-bla-tunge-vennesla.jpg 1050w\" sizes=\"auto, (max-width: 768px) 100vw, 768px\" \/><\/figure><div class=\"wp-block-media-text__content\">\n<p>Bl\u00e5 Kors speider i Vennesla er for deg som \u00f8nsker \u00e5 ha det g\u00f8y og l\u00e6re nye ting. Som speider vil du v\u00e6re med p\u00e5 morsomme aktiviteter som friluftsliv, overnattinger, h\u00e5ndverk og mer. Du vil ogs\u00e5 l\u00e6re verdier som samarbeid, respekt for naturen og selvstendighet. Bl\u00e5 Kors speider i Vennesla er en inkluderende gruppe som \u00f8nsker \u00e5 gi alle barn og unge muligheten til \u00e5 delta uavhengig av bakgrunn og forutsetninger. Bli med i speidergruppen og bli en del av et morsomt og l\u00e6rerikt fellesskap!\u00a0<\/p>\n<\/div><\/div>\n","protected":false},"excerpt":{"rendered":"<p>Bl\u00e5 Kors speider i Vennesla er for deg som \u00f8nsker \u00e5 ha det g\u00f8y og l\u00e6re nye ting. Som speider vil du v\u00e6re med p\u00e5 morsomme aktiviteter som friluftsliv, overnattinger, h\u00e5ndverk og mer. Du vil ogs\u00e5 l\u00e6re verdier som samarbeid, respekt for naturen og selvstendighet. Bl\u00e5 Kors speider i Vennesla er en inkluderende gruppe som [&hellip;]<\/p>\n","protected":false},"author":86,"featured_media":0,"parent":0,"menu_order":0,"comment_status":"closed","ping_status":"closed","template":"","meta":{"_acf_changed":false,"_relevanssi_hide_post":"","_relevanssi_hide_content":"","_relevanssi_pin_for_all":"","_relevanssi_pin_keywords":"","_relevanssi_unpin_keywords":"","_relevanssi_related_keywords":"","_relevanssi_related_include_ids":"","_relevanssi_related_exclude_ids":"","_relevanssi_related_no_append":"","_relevanssi_related_not_related":"","_relevanssi_related_posts":"","_relevanssi_noindex_reason":"","_custom_cards_description":"","footnotes":""},"class_list":["post-79","page","type-page","status-publish","hentry"],"acf":[],"_links":{"self":[{"href":"https:\/\/www.blakors.no\/ung\/wp-json\/wp\/v2\/pages\/79","targetHints":{"allow":["GET"]}}],"collection":[{"href":"https:\/\/www.blakors.no\/ung\/wp-json\/wp\/v2\/pages"}],"about":[{"href":"https:\/\/www.blakors.no\/ung\/wp-json\/wp\/v2\/types\/page"}],"author":[{"embeddable":true,"href":"https:\/\/www.blakors.no\/ung\/wp-json\/wp\/v2\/users\/86"}],"replies":[{"embeddable":true,"href":"https:\/\/www.blakors.no\/ung\/wp-json\/wp\/v2\/comments?post=79"}],"version-history":[{"count":1,"href":"https:\/\/www.blakors.no\/ung\/wp-json\/wp\/v2\/pages\/79\/revisions"}],"predecessor-version":[{"id":81,"href":"https:\/\/www.blakors.no\/ung\/wp-json\/wp\/v2\/pages\/79\/revisions\/81"}],"wp:attachment":[{"href":"https:\/\/www.blakors.no\/ung\/wp-json\/wp\/v2\/media?parent=79"}],"curies":[{"name":"wp","href":"https:\/\/api.w.org\/{rel}","templated":true}]}}