{"id":88,"date":"2023-04-28T10:33:26","date_gmt":"2023-04-28T10:33:26","guid":{"rendered":"https:\/\/www.blakors.no\/ung\/?page_id=88"},"modified":"2023-08-22T05:45:30","modified_gmt":"2023-08-22T05:45:30","slug":"kristiansand-speidere","status":"publish","type":"page","link":"https:\/\/www.blakors.no\/ung\/kristiansand-speidere\/","title":{"rendered":"Kristiansand Bl\u00e5 Kors speidere"},"content":{"rendered":"\n<div class=\"wp-block-lib-header alignfull hide\"><div class=\"header-innercontent\"><\/div><\/div>\n\n\n\n<div class=\"wp-block-media-text alignwide is-stacked-on-mobile has-lila-light-background-color has-background\"><figure class=\"wp-block-media-text__media\"><img loading=\"lazy\" decoding=\"async\" width=\"960\" height=\"540\" src=\"https:\/\/www.blakors.no\/content\/uploads\/sites\/35\/2023\/04\/bal-speider-kristiansand.jpg\" alt=\"b\u00e5l speider kristiansand\" class=\"wp-image-89 size-full\" srcset=\"https:\/\/www.blakors.no\/content\/uploads\/sites\/35\/2023\/04\/bal-speider-kristiansand.jpg 960w, https:\/\/www.blakors.no\/content\/uploads\/sites\/35\/2023\/04\/bal-speider-kristiansand-300x169.jpg 300w, https:\/\/www.blakors.no\/content\/uploads\/sites\/35\/2023\/04\/bal-speider-kristiansand-768x432.jpg 768w\" sizes=\"auto, (max-width: 960px) 100vw, 960px\" \/><\/figure><div class=\"wp-block-media-text__content\">\n<p>Kristiansand Bl\u00e5 Kors speidergruppe er for deg som \u00f8nsker \u00e5 ha det g\u00f8y og l\u00e6re nye ting samtidig. Som speider vil du v\u00e6re med p\u00e5 spennende aktiviteter som, alt fra \u00e5 tenne b\u00e5l, padle kano, bygge trehytter og mye mer! Du f\u00e5r oppleve mye moro sammen med andre som like \u00e5 v\u00e6re i naturen \u00e5ret rundt. Du vil ogs\u00e5 l\u00e6re verdier som samarbeid, respekt for naturen og selvstendighet. Bli med i speidergruppen, og bli en del av et flott felleskap. <\/p>\n<\/div><\/div>\n","protected":false},"excerpt":{"rendered":"<p>Kristiansand Bl\u00e5 Kors speidergruppe er for deg som \u00f8nsker \u00e5 ha det g\u00f8y og l\u00e6re nye ting samtidig. Som speider vil du v\u00e6re med p\u00e5 spennende aktiviteter som, alt fra \u00e5 tenne b\u00e5l, padle kano, bygge trehytter og mye mer! Du f\u00e5r oppleve mye moro sammen med andre som like \u00e5 v\u00e6re i naturen \u00e5ret [&hellip;]<\/p>\n","protected":false},"author":86,"featured_media":0,"parent":0,"menu_order":0,"comment_status":"closed","ping_status":"closed","template":"","meta":{"_acf_changed":false,"_relevanssi_hide_post":"","_relevanssi_hide_content":"","_relevanssi_pin_for_all":"","_relevanssi_pin_keywords":"","_relevanssi_unpin_keywords":"","_relevanssi_related_keywords":"","_relevanssi_related_include_ids":"","_relevanssi_related_exclude_ids":"","_relevanssi_related_no_append":"","_relevanssi_related_not_related":"","_relevanssi_related_posts":"","_relevanssi_noindex_reason":"","_custom_cards_description":"","footnotes":""},"class_list":["post-88","page","type-page","status-publish","hentry"],"acf":[],"_links":{"self":[{"href":"https:\/\/www.blakors.no\/ung\/wp-json\/wp\/v2\/pages\/88","targetHints":{"allow":["GET"]}}],"collection":[{"href":"https:\/\/www.blakors.no\/ung\/wp-json\/wp\/v2\/pages"}],"about":[{"href":"https:\/\/www.blakors.no\/ung\/wp-json\/wp\/v2\/types\/page"}],"author":[{"embeddable":true,"href":"https:\/\/www.blakors.no\/ung\/wp-json\/wp\/v2\/users\/86"}],"replies":[{"embeddable":true,"href":"https:\/\/www.blakors.no\/ung\/wp-json\/wp\/v2\/comments?post=88"}],"version-history":[{"count":3,"href":"https:\/\/www.blakors.no\/ung\/wp-json\/wp\/v2\/pages\/88\/revisions"}],"predecessor-version":[{"id":146,"href":"https:\/\/www.blakors.no\/ung\/wp-json\/wp\/v2\/pages\/88\/revisions\/146"}],"wp:attachment":[{"href":"https:\/\/www.blakors.no\/ung\/wp-json\/wp\/v2\/media?parent=88"}],"curies":[{"name":"wp","href":"https:\/\/api.w.org\/{rel}","templated":true}]}}