{"id":11,"date":"2021-08-24T08:54:52","date_gmt":"2021-08-24T06:54:52","guid":{"rendered":"https:\/\/www.blakors.no\/videregaende-skole-grimstad\/?page_id=11"},"modified":"2026-04-09T18:36:49","modified_gmt":"2026-04-09T16:36:49","slug":"om-skolen","status":"publish","type":"page","link":"https:\/\/www.blakors.no\/videregaende-skole-grimstad\/om-skolen\/","title":{"rendered":"Om skolen"},"content":{"rendered":"\n<div class=\"wp-block-lib-header alignfull hide\"><div class=\"header-innercontent\"><\/div><\/div>\n\n\n<div class=\"custom-block-banner alignwide contenthalf\"><div class=\"banner-image\" style=\"background-image:url(https:\/\/www.blakors.no\/content\/uploads\/sites\/24\/2021\/09\/IMG_09761-1024x768.jpg)\"><\/div><div class=\"banner-inner\"><div><h1 id=\"om-skolen\"  class=\"title large \" >Om skolen<\/h1><p>Dette er en skole for elever som av en eller annen grunn har behov for ekstra tilrettelagt oppl\u00e6ring. For \u00e5 kunne tas inn som elev m\u00e5 det framlegges sakkyndig dokumentasjon som synliggj\u00f8r dette. \r\n<\/p><\/div><\/div><\/div>\n\n\n<p>Skolen er godkjent etter Friskoleloven (\u00a72.1 A og \u00a72.1 F). <a href=\"https:\/\/www.blakors.no\/videregaende-skole-grimstad\/inntaksreglement\/\">Det er egne inntakskriterier.<\/a><\/p>\n\n\n\n<p>Skolen har plass til 108 elever.<\/p>\n\n\n\n<p>Vi tilbyr:<\/p>\n\n\n\n<ul class=\"wp-block-list\">\n<li>Vg1 Salg, service og reiseliv<\/li>\n\n\n\n<li>Vg1 Helse- og oppvekst <\/li>\n\n\n\n<li>Vg1 Bygg og anleggsteknikk<\/li>\n\n\n\n<li>Vg2 Salg og reiseliv<\/li>\n\n\n\n<li>Vg2 Barne- og ungdomsarbeider<\/li>\n\n\n\n<li>Vg2 Helsearbeiderfag<\/li>\n\n\n\n<li>Vg2 T\u00f8mrer<\/li>\n\n\n\n<li>Vg3 P\u00e5bygging til generell studiekompetanse<\/li>\n\n\n\n<li>Vg4 P\u00e5bygging til generell studiekompetanse<\/li>\n<\/ul>\n\n\n\n<h2 class=\"wp-block-heading\" id=\"h-hvorfor-soke-bla-kors-grimstad-videregaende-skole\">Hvorfor s\u00f8ke Bl\u00e5 Kors videreg\u00e5ende skole, Grimstad?<\/h2>\n\n\n\n<p>Skolen vil ha s\u00e6rlig fokus p\u00e5 elever med lese-, skrive- og spr\u00e5kvansker.<\/p>\n\n\n\n<p>M\u00e5lgruppen v\u00e5r er i utgangspunktet elever som vi tenker vil klare \u00e5 gjennomf\u00f8re til et fagbrev, men som da vil ha behov for s\u00e6rskilt tilrettelegging. <\/p>\n\n\n\n\t\t<div class=\"wp-block-blakors-expanding-fact-box\">\n\t\t\t<h3 id=\"de-fleste-elevene-er-a-finne-i-en-eller-flere-av-folgende-kategorier\"  class=\"blakors-fact-box__title\" >De fleste elevene er \u00e5 finne i en eller flere av f\u00f8lgende kategorier:<\/h3>\n\t\t\t<div class=\"blakors-fact-box__content\">\n\t\t\t\t\n\n<ul class=\"wp-block-list\">\n<li>Elever som mangler motivasjon og tro p\u00e5 egne evner<\/li>\n\n\n\n<li>Elever med d\u00e5rlig erfaring fra tidligere skolegang og manglende opplevelser av mestring<\/li>\n\n\n\n<li>Elever med stort frav\u00e6r og kunnskapshull fra tidligere skolegang<\/li>\n\n\n\n<li>Elever med skolevegring<\/li>\n\n\n\n<li>Elever som har lite struktur og manglende st\u00f8tte hjemmefra<\/li>\n\n\n\n<li>Elever med sammensatte l\u00e6revansker<\/li>\n\n\n\n<li>Elever med psykiske vansker<\/li>\n\n\n\n<li>Elever med nedsatt funksjonsevne<\/li>\n\n\n\n<li>Elever med sosiale og emosjonelle vansker<\/li>\n<\/ul>\n\n\n\t\t\t<\/div>\n\t\t\t<div class=\"blakors-fact-box__toggle\">\n\t\t\t\t<button class=\"blakors-fact-box__button\"><svg xmlns=\"http:\/\/www.w3.org\/2000\/svg\" viewBox=\"0 0 17.367 17.367\"><path d=\"M0-8.684v-2.133H13.2L7.16-16.91l1.523-1.523L17.367-9.75,8.684-1.066,7.109-2.59,13.2-8.684Z\" transform=\"translate(0 18.434)\" \/><\/svg><\/button>\n\t\t\t<\/div>\n\t\t<\/div>\n\n\n<p>Den pedagogiske plattformen p\u00e5 skolen er preget av et helhetlig elevsyn og verdier som respekt, anerkjennelse, inkludering og omsorg st\u00e5r sentralt. <\/p>\n\n\n\n\t\t<div class=\"wp-block-blakors-expanding-fact-box\">\n\t\t\t<h3 id=\"som-elev-pa-skolen-far-du-blant-annet\"  class=\"blakors-fact-box__title\" >Som elev p\u00e5 skolen f\u00e5r du blant annet:<\/h3>\n\t\t\t<div class=\"blakors-fact-box__content\">\n\t\t\t\t\n\n<ul class=\"wp-block-list\">\n<li>Sm\u00e5 klasser<\/li>\n\n\n\n<li>God faglig oppf\u00f8lging<\/li>\n\n\n\n<li>Undervisning tilpasset ditt niv\u00e5 og dine forutsetninger<\/li>\n\n\n\n<li>Tett oppf\u00f8lging av sosialr\u00e5dgiver<\/li>\n\n\n\n<li>Ikke lekser (gjelder ikke p\u00e5bygging til generell studiekompetanse)<\/li>\n\n\n\n<li>Gratis frokost og lunsj hver dag<\/li>\n\n\n\n<li>Stort fokus p\u00e5 l\u00e6ringsmilj\u00f8 og sosialpedagogisk arbeid<\/li>\n<\/ul>\n\n\n\t\t\t<\/div>\n\t\t\t<div class=\"blakors-fact-box__toggle\">\n\t\t\t\t<button class=\"blakors-fact-box__button\"><svg xmlns=\"http:\/\/www.w3.org\/2000\/svg\" viewBox=\"0 0 17.367 17.367\"><path d=\"M0-8.684v-2.133H13.2L7.16-16.91l1.523-1.523L17.367-9.75,8.684-1.066,7.109-2.59,13.2-8.684Z\" transform=\"translate(0 18.434)\" \/><\/svg><\/button>\n\t\t\t<\/div>\n\t\t<\/div>\n\n\n\t\t<div class=\"wp-block-lib-accentuated-link\">\n\t\t\t<a\n\t\t\t\tclass=\"lib-link__link\"\n\t\t\t\thref=\"https:\/\/www.blakors.no\/videregaende-skole-grimstad\/\"\n\t\t\t\ttarget=\"\"\n\t\t\t\trel=\"\"\n\t\t\t>\n\t\t\t\t\n\t\t\t\t<div class=\"lib-link__text-content\">\n\t\t\t\t\t<span class=\"lib-link__tagline\">\n\t\t\t\t\t\tLes ogs\u00e5\n\t\t\t\t\t<\/span>\n\n\t\t\t\t\t<h3 class=\"lib-link__title\">\n\t\t\t\t\t\tV\u00e5re studietilbud\n\t\t\t\t\t<\/h3>\n\n\t\t\t\t\t\n\t\t\t\t<\/div>\n\t\t\t<\/a>\n\t\t<\/div>\n\n<div class=\"no-image wp-block-blakors-person-cards\">\n\t\t\t\n<div class=\"t2-featured-single-post compact-card-template t2-featured-content is-post-type-person compact-card-template wp-block-t2-featured-single-post\"><figure class=\"t2-post-featured-image has-image-ratio-1-1 wp-block-t2-post-featured-image\"><img decoding=\"async\" sizes=\"(min-width: 782px) 768px, 100vw\" class=\"fallback\" loading=\"lazy\" src=\"https:\/\/www.blakors.no\/content\/themes\/blakors\/assets\/icons\/t2-post-featured-image.svg\"><\/figure>\n\n<div class=\"wp-block-group alignfull is-layout-flow wp-block-group-is-layout-flow\">\n\t<div class=\"t2-post-dynamic-part is-source-filter filter-person_card_meta post-meta wp-block-t2-post-dynamic-part\"><div class=\"title\"><h2 id=\"bla-kors-videregaende-skole-grimstad\"  class=\"t2-post-title wp-block-t2-post-title\" >Bl\u00e5 Kors videreg\u00e5ende skole, Grimstad<\/h2><p class=\"position\">Resepsjonen<\/p><\/div><div class=\"contact-info\"><p class=\"phone\"><a href=\"tel:+4740004124\">+47 400 04 124<\/a><\/p><p class=\"email\"><a href=\"mailto:grimstadvgs@blakors.no\">grimstadvgs@blakors.no<\/a><\/p><\/div><\/div>\n<\/div>\n\n<\/div>\n\n\t\t<\/div>\n\n\n<p>Skolen er lokalisert i 3. etasje i Grooseveien 36 i Grimstad. Det er kort vei til kollektivtransport.<\/p>\n\n\n\n<p><iframe src=\"https:\/\/www.google.com\/maps\/embed?pb=!1m18!1m12!1m3!1d2094.3141113148868!2d8.578550115905617!3d58.33750188132286!2m3!1f0!2f0!3f0!3m2!1i1024!2i768!4f13.1!3m3!1m2!1s0x4647ee686393936b%3A0xe0a1da93a76b1985!2sGrooseveien%2036%2C%204876%20Grimstad!5e0!3m2!1sen!2sno!4v1630579128082!5m2!1sen!2sno\" width=\"600\" height=\"450\" style=\"border:0;\" allowfullscreen=\"\" loading=\"lazy\"><\/iframe><\/p>\n\n\n\n<p><\/p>\n","protected":false},"excerpt":{"rendered":"<p>Skolen er godkjent etter Friskoleloven (\u00a72.1 A og \u00a72.1 F). Det er egne inntakskriterier. Skolen har plass til 108 elever. Vi tilbyr: Hvorfor s\u00f8ke Bl\u00e5 Kors videreg\u00e5ende skole, Grimstad? Skolen vil ha s\u00e6rlig fokus p\u00e5 elever med lese-, skrive- og spr\u00e5kvansker. M\u00e5lgruppen v\u00e5r er i utgangspunktet elever som vi tenker vil klare \u00e5 gjennomf\u00f8re til [&hellip;]<\/p>\n","protected":false},"author":23,"featured_media":0,"parent":0,"menu_order":0,"comment_status":"closed","ping_status":"closed","template":"","meta":{"_acf_changed":false,"_relevanssi_hide_post":"","_relevanssi_hide_content":"","_relevanssi_pin_for_all":"","_relevanssi_pin_keywords":"","_relevanssi_unpin_keywords":"","_relevanssi_related_keywords":"","_relevanssi_related_include_ids":"","_relevanssi_related_exclude_ids":"","_relevanssi_related_no_append":"","_relevanssi_related_not_related":"","_relevanssi_related_posts":"1","_relevanssi_noindex_reason":"","_custom_cards_description":"","footnotes":""},"class_list":["post-11","page","type-page","status-publish","hentry"],"acf":[],"_links":{"self":[{"href":"https:\/\/www.blakors.no\/videregaende-skole-grimstad\/wp-json\/wp\/v2\/pages\/11","targetHints":{"allow":["GET"]}}],"collection":[{"href":"https:\/\/www.blakors.no\/videregaende-skole-grimstad\/wp-json\/wp\/v2\/pages"}],"about":[{"href":"https:\/\/www.blakors.no\/videregaende-skole-grimstad\/wp-json\/wp\/v2\/types\/page"}],"author":[{"embeddable":true,"href":"https:\/\/www.blakors.no\/videregaende-skole-grimstad\/wp-json\/wp\/v2\/users\/23"}],"replies":[{"embeddable":true,"href":"https:\/\/www.blakors.no\/videregaende-skole-grimstad\/wp-json\/wp\/v2\/comments?post=11"}],"version-history":[{"count":5,"href":"https:\/\/www.blakors.no\/videregaende-skole-grimstad\/wp-json\/wp\/v2\/pages\/11\/revisions"}],"predecessor-version":[{"id":2426,"href":"https:\/\/www.blakors.no\/videregaende-skole-grimstad\/wp-json\/wp\/v2\/pages\/11\/revisions\/2426"}],"wp:attachment":[{"href":"https:\/\/www.blakors.no\/videregaende-skole-grimstad\/wp-json\/wp\/v2\/media?parent=11"}],"curies":[{"name":"wp","href":"https:\/\/api.w.org\/{rel}","templated":true}]}}