{"id":116,"date":"2021-08-24T11:58:38","date_gmt":"2021-08-24T09:58:38","guid":{"rendered":"https:\/\/www.blakors.no\/videregaende-skole-grimstad\/?page_id=116"},"modified":"2025-05-26T11:06:52","modified_gmt":"2025-05-26T09:06:52","slug":"bygg-og-anleggsteknikk","status":"publish","type":"page","link":"https:\/\/www.blakors.no\/videregaende-skole-grimstad\/bygg-og-anleggsteknikk\/","title":{"rendered":"Bygg- og anleggsteknikk"},"content":{"rendered":"\n<div class=\"wp-block-lib-header alignfull hide\"><div class=\"image-wrapper\"><img decoding=\"async\" src=\"https:\/\/www.blakors.no\/content\/uploads\/sites\/24\/2021\/08\/P1050843.jpg\"\/><\/div><div class=\"header-innercontent\">\n\n<\/div><\/div>\n\n\n\n<p>F\u00f8lgende programomr\u00e5der har plass til inntil 24 elever.<\/p>\n\n\n<div class=\"t2-featured-content-layout alignwide alignwide wp-block-t2-featured-content-layout\" role=\"list\">\n<div class=\"t2-featured-single-post t2-featured-content is-post-type-page wp-block-t2-featured-single-post t2-featured-content-layout-col-6\" role=\"listitem\"><a class=\"t2-post-link wp-block-t2-post-link\" href=\"https:\/\/www.blakors.no\/videregaende-skole-grimstad\/vg1-bygg-og-anleggsteknikk\/\">\n<figure style=\"--t2-focal-point: 50% 50%;\" class=\"t2-post-featured-image has-image-ratio-16-9 wp-block-t2-post-featured-image\"><img loading=\"lazy\" decoding=\"async\" width=\"1080\" height=\"720\" src=\"https:\/\/www.blakors.no\/content\/uploads\/sites\/24\/2021\/08\/P1050843.jpg\" class=\"attachment-post-thumbnail size-post-thumbnail wp-post-image\" alt=\"Elever i vernekl\u00e6r setter opp en vekk p\u00e5 et bygg. De har hjelm p\u00e5 hodet\" srcset=\"https:\/\/www.blakors.no\/content\/uploads\/sites\/24\/2021\/08\/P1050843.jpg 1080w, https:\/\/www.blakors.no\/content\/uploads\/sites\/24\/2021\/08\/P1050843-300x200.jpg 300w, https:\/\/www.blakors.no\/content\/uploads\/sites\/24\/2021\/08\/P1050843-1024x683.jpg 1024w, https:\/\/www.blakors.no\/content\/uploads\/sites\/24\/2021\/08\/P1050843-768x512.jpg 768w\" sizes=\"auto, (min-width: 782px) 650px, 100vw\" \/><\/figure>\n\n<div class=\"wp-block-group alignfull is-layout-flow wp-block-group-is-layout-flow\">\n\t<h2 id=\"vg1-bygg-og-anleggsteknikk\"  class=\"t2-post-title wp-block-t2-post-title\" >Vg1 Bygg- og anleggsteknikk<\/h2>\n\t<div class=\"wp-block-post-date__modified-date wp-block-post-date\"><time datetime=\"2025-03-05T14:11:13+01:00\">5. mars 2025<\/time><\/div>\n\t\t\t<div class=\"single-meta t2-post-excerpt card-description wp-block-blakors-meta-display\"><\/div>\n\t\n<\/div>\n\n<\/a>\n<\/div>\n\n<div class=\"t2-featured-single-post t2-featured-content is-post-type-page wp-block-t2-featured-single-post t2-featured-content-layout-col-6\" role=\"listitem\"><a class=\"t2-post-link wp-block-t2-post-link\" href=\"https:\/\/www.blakors.no\/videregaende-skole-grimstad\/vg2-tomrer-nytt-studietilbud\/\">\n<figure style=\"--t2-focal-point: 50% 50%;\" class=\"t2-post-featured-image has-image-ratio-16-9 wp-block-t2-post-featured-image\"><img loading=\"lazy\" decoding=\"async\" width=\"2048\" height=\"1365\" src=\"https:\/\/www.blakors.no\/content\/uploads\/sites\/24\/2021\/08\/P1020829-scaled.jpg\" class=\"attachment-post-thumbnail size-post-thumbnail wp-post-image\" alt=\"Tre elever og en l\u00e6rer i arbeidskl\u00e6r og med h\u00f8rselvern monterer en vegg i et verkstedlokale\" srcset=\"https:\/\/www.blakors.no\/content\/uploads\/sites\/24\/2021\/08\/P1020829-scaled.jpg 2048w, https:\/\/www.blakors.no\/content\/uploads\/sites\/24\/2021\/08\/P1020829-300x200.jpg 300w, https:\/\/www.blakors.no\/content\/uploads\/sites\/24\/2021\/08\/P1020829-1024x683.jpg 1024w, https:\/\/www.blakors.no\/content\/uploads\/sites\/24\/2021\/08\/P1020829-768x512.jpg 768w, https:\/\/www.blakors.no\/content\/uploads\/sites\/24\/2021\/08\/P1020829-1536x1024.jpg 1536w\" sizes=\"auto, (min-width: 782px) 650px, 100vw\" \/><\/figure>\n\n<div class=\"wp-block-group alignfull is-layout-flow wp-block-group-is-layout-flow\">\n\t<h2 id=\"vg2-tomrer\"  class=\"t2-post-title wp-block-t2-post-title\" >Vg2 T\u00f8mrer<\/h2>\n\t<div class=\"wp-block-post-date__modified-date wp-block-post-date\"><time datetime=\"2023-09-25T19:47:11+02:00\">25. september 2023<\/time><\/div>\n\t\t\t<div class=\"single-meta t2-post-excerpt card-description wp-block-blakors-meta-display\"><\/div>\n\t\n<\/div>\n\n<\/a>\n<\/div>\n<\/div>","protected":false},"excerpt":{"rendered":"<p>F\u00f8lgende programomr\u00e5der har plass til inntil 24 elever.<\/p>\n","protected":false},"author":23,"featured_media":201,"parent":0,"menu_order":0,"comment_status":"closed","ping_status":"closed","template":"","meta":{"_acf_changed":false,"_relevanssi_hide_post":"","_relevanssi_hide_content":"","_relevanssi_pin_for_all":"","_relevanssi_pin_keywords":"","_relevanssi_unpin_keywords":"","_relevanssi_related_keywords":"","_relevanssi_related_include_ids":"","_relevanssi_related_exclude_ids":"","_relevanssi_related_no_append":"","_relevanssi_related_not_related":"","_relevanssi_related_posts":"1","_relevanssi_noindex_reason":"","_custom_cards_description":"","footnotes":""},"class_list":["post-116","page","type-page","status-publish","has-post-thumbnail","hentry"],"acf":[],"_links":{"self":[{"href":"https:\/\/www.blakors.no\/videregaende-skole-grimstad\/wp-json\/wp\/v2\/pages\/116","targetHints":{"allow":["GET"]}}],"collection":[{"href":"https:\/\/www.blakors.no\/videregaende-skole-grimstad\/wp-json\/wp\/v2\/pages"}],"about":[{"href":"https:\/\/www.blakors.no\/videregaende-skole-grimstad\/wp-json\/wp\/v2\/types\/page"}],"author":[{"embeddable":true,"href":"https:\/\/www.blakors.no\/videregaende-skole-grimstad\/wp-json\/wp\/v2\/users\/23"}],"replies":[{"embeddable":true,"href":"https:\/\/www.blakors.no\/videregaende-skole-grimstad\/wp-json\/wp\/v2\/comments?post=116"}],"version-history":[{"count":6,"href":"https:\/\/www.blakors.no\/videregaende-skole-grimstad\/wp-json\/wp\/v2\/pages\/116\/revisions"}],"predecessor-version":[{"id":2251,"href":"https:\/\/www.blakors.no\/videregaende-skole-grimstad\/wp-json\/wp\/v2\/pages\/116\/revisions\/2251"}],"wp:featuredmedia":[{"embeddable":true,"href":"https:\/\/www.blakors.no\/videregaende-skole-grimstad\/wp-json\/wp\/v2\/media\/201"}],"wp:attachment":[{"href":"https:\/\/www.blakors.no\/videregaende-skole-grimstad\/wp-json\/wp\/v2\/media?parent=116"}],"curies":[{"name":"wp","href":"https:\/\/api.w.org\/{rel}","templated":true}]}}