{"id":118,"date":"2021-08-24T11:58:51","date_gmt":"2021-08-24T09:58:51","guid":{"rendered":"https:\/\/www.blakors.no\/videregaende-skole-grimstad\/?page_id=118"},"modified":"2025-06-10T14:51:08","modified_gmt":"2025-06-10T12:51:08","slug":"helse-og-oppvekstfag","status":"publish","type":"page","link":"https:\/\/www.blakors.no\/videregaende-skole-grimstad\/helse-og-oppvekstfag\/","title":{"rendered":"Helse- og oppvekstfag"},"content":{"rendered":"\n<p>&nbsp;F\u00f8lgende programomr\u00e5der har plass til inntil 48 elever.<\/p>\n\n\n<div class=\"t2-featured-content-layout alignwide alignwide wp-block-t2-featured-content-layout\" role=\"list\">\n<div class=\"t2-featured-single-post t2-featured-content is-post-type-page wp-block-t2-featured-single-post\" role=\"listitem\"><a class=\"t2-post-link wp-block-t2-post-link\" href=\"https:\/\/www.blakors.no\/videregaende-skole-grimstad\/vg1-helse-og-oppvekstfag\/\">\n<figure style=\"--t2-focal-point: 50% 50%;\" class=\"t2-post-featured-image has-image-ratio-16-9 wp-block-t2-post-featured-image\"><img loading=\"lazy\" decoding=\"async\" width=\"1500\" height=\"844\" src=\"https:\/\/www.blakors.no\/content\/uploads\/sites\/24\/2021\/09\/Grooseveien-36.jpg\" class=\"attachment-post-thumbnail size-post-thumbnail wp-post-image\" alt=\"Bilde av Grooseveien 36 sett fra s\u00f8r-\u00f8st. Bildet er l\u00e5nt med tillatelse fra Grimstad adressetidene.\" srcset=\"https:\/\/www.blakors.no\/content\/uploads\/sites\/24\/2021\/09\/Grooseveien-36.jpg 1500w, https:\/\/www.blakors.no\/content\/uploads\/sites\/24\/2021\/09\/Grooseveien-36-300x169.jpg 300w, https:\/\/www.blakors.no\/content\/uploads\/sites\/24\/2021\/09\/Grooseveien-36-1024x576.jpg 1024w, https:\/\/www.blakors.no\/content\/uploads\/sites\/24\/2021\/09\/Grooseveien-36-768x432.jpg 768w\" sizes=\"auto, (min-width: 782px) 768px, 100vw\" \/><\/figure>\n\n<div class=\"wp-block-group alignfull is-layout-flow wp-block-group-is-layout-flow\">\n\t<h2 id=\"vg1-helse-og-oppvekstfag\"  class=\"t2-post-title wp-block-t2-post-title\" >Vg1 Helse- og oppvekstfag<\/h2>\n\t<div class=\"wp-block-post-date__modified-date wp-block-post-date\"><time datetime=\"2025-06-10T14:51:48+02:00\">10. juni 2025<\/time><\/div>\n\t\t\t<div class=\"single-meta t2-post-excerpt card-description wp-block-blakors-meta-display\"><\/div>\n\t\n<\/div>\n\n<\/a>\n<\/div>\n\n<div class=\"t2-featured-single-post t2-featured-content is-post-type-page wp-block-t2-featured-single-post\" role=\"listitem\"><a class=\"t2-post-link wp-block-t2-post-link\" href=\"https:\/\/www.blakors.no\/videregaende-skole-grimstad\/vg2-barne-og-ungdomsarbeiderfag\/\">\n<figure style=\"--t2-focal-point: 50% 50%;\" class=\"t2-post-featured-image has-image-ratio-16-9 wp-block-t2-post-featured-image\"><img loading=\"lazy\" decoding=\"async\" width=\"1500\" height=\"844\" src=\"https:\/\/www.blakors.no\/content\/uploads\/sites\/24\/2021\/09\/Grooseveien-36.jpg\" class=\"attachment-post-thumbnail size-post-thumbnail wp-post-image\" alt=\"Bilde av Grooseveien 36 sett fra s\u00f8r-\u00f8st. Bildet er l\u00e5nt med tillatelse fra Grimstad adressetidene.\" srcset=\"https:\/\/www.blakors.no\/content\/uploads\/sites\/24\/2021\/09\/Grooseveien-36.jpg 1500w, https:\/\/www.blakors.no\/content\/uploads\/sites\/24\/2021\/09\/Grooseveien-36-300x169.jpg 300w, https:\/\/www.blakors.no\/content\/uploads\/sites\/24\/2021\/09\/Grooseveien-36-1024x576.jpg 1024w, https:\/\/www.blakors.no\/content\/uploads\/sites\/24\/2021\/09\/Grooseveien-36-768x432.jpg 768w\" sizes=\"auto, (min-width: 782px) 768px, 100vw\" \/><\/figure>\n\n<div class=\"wp-block-group alignfull is-layout-flow wp-block-group-is-layout-flow\">\n\t<h2 id=\"vg2-barne-og-ungdomsarbeiderfag\"  class=\"t2-post-title wp-block-t2-post-title\" >Vg2 Barne- og ungdomsarbeiderfag<\/h2>\n\t<div class=\"wp-block-post-date__modified-date wp-block-post-date\"><time datetime=\"2025-06-10T14:22:39+02:00\">10. juni 2025<\/time><\/div>\n\t\t\t<div class=\"single-meta t2-post-excerpt card-description wp-block-blakors-meta-display\"><\/div>\n\t\n<\/div>\n\n<\/a>\n<\/div>\n\n<div class=\"t2-featured-single-post t2-featured-content is-post-type-page wp-block-t2-featured-single-post\" role=\"listitem\"><a class=\"t2-post-link wp-block-t2-post-link\" href=\"https:\/\/www.blakors.no\/videregaende-skole-grimstad\/vg2-helsearbeiderfag\/\">\n<figure style=\"--t2-focal-point: 50% 50%;\" class=\"t2-post-featured-image has-image-ratio-16-9 wp-block-t2-post-featured-image\"><img loading=\"lazy\" decoding=\"async\" width=\"1225\" height=\"841\" src=\"https:\/\/www.blakors.no\/content\/uploads\/sites\/24\/2021\/08\/hob.jpg\" class=\"attachment-post-thumbnail size-post-thumbnail wp-post-image\" alt=\"To elever kladd i arbeidsantrekk klargj\u00f8r en sykeseng\" srcset=\"https:\/\/www.blakors.no\/content\/uploads\/sites\/24\/2021\/08\/hob.jpg 1225w, https:\/\/www.blakors.no\/content\/uploads\/sites\/24\/2021\/08\/hob-300x206.jpg 300w, https:\/\/www.blakors.no\/content\/uploads\/sites\/24\/2021\/08\/hob-1024x703.jpg 1024w, https:\/\/www.blakors.no\/content\/uploads\/sites\/24\/2021\/08\/hob-768x527.jpg 768w\" sizes=\"auto, (min-width: 782px) 768px, 100vw\" \/><\/figure>\n\n<div class=\"wp-block-group alignfull is-layout-flow wp-block-group-is-layout-flow\">\n\t<h2 id=\"vg2-helsearbeiderfag\"  class=\"t2-post-title wp-block-t2-post-title\" >Vg2 Helsearbeiderfag<\/h2>\n\t<div class=\"wp-block-post-date__modified-date wp-block-post-date\"><time datetime=\"2021-11-04T08:06:27+01:00\">4. november 2021<\/time><\/div>\n\t\t\t<div class=\"single-meta t2-post-excerpt card-description wp-block-blakors-meta-display\"><\/div>\n\t\n<\/div>\n\n<\/a>\n<\/div>\n<\/div>","protected":false},"excerpt":{"rendered":"<p>&nbsp;F\u00f8lgende programomr\u00e5der har plass til inntil 48 elever.<\/p>\n","protected":false},"author":23,"featured_media":647,"parent":0,"menu_order":0,"comment_status":"closed","ping_status":"closed","template":"","meta":{"_acf_changed":false,"_relevanssi_hide_post":"","_relevanssi_hide_content":"","_relevanssi_pin_for_all":"on","_relevanssi_pin_keywords":"Helse- og oppvekstfag, hvilke fag innen helse, helsefag","_relevanssi_unpin_keywords":"","_relevanssi_related_keywords":"","_relevanssi_related_include_ids":"","_relevanssi_related_exclude_ids":"","_relevanssi_related_no_append":"","_relevanssi_related_not_related":"","_relevanssi_related_posts":"1","_relevanssi_noindex_reason":"","_custom_cards_description":"","footnotes":""},"class_list":["post-118","page","type-page","status-publish","has-post-thumbnail","hentry"],"acf":[],"_links":{"self":[{"href":"https:\/\/www.blakors.no\/videregaende-skole-grimstad\/wp-json\/wp\/v2\/pages\/118","targetHints":{"allow":["GET"]}}],"collection":[{"href":"https:\/\/www.blakors.no\/videregaende-skole-grimstad\/wp-json\/wp\/v2\/pages"}],"about":[{"href":"https:\/\/www.blakors.no\/videregaende-skole-grimstad\/wp-json\/wp\/v2\/types\/page"}],"author":[{"embeddable":true,"href":"https:\/\/www.blakors.no\/videregaende-skole-grimstad\/wp-json\/wp\/v2\/users\/23"}],"replies":[{"embeddable":true,"href":"https:\/\/www.blakors.no\/videregaende-skole-grimstad\/wp-json\/wp\/v2\/comments?post=118"}],"version-history":[{"count":4,"href":"https:\/\/www.blakors.no\/videregaende-skole-grimstad\/wp-json\/wp\/v2\/pages\/118\/revisions"}],"predecessor-version":[{"id":2163,"href":"https:\/\/www.blakors.no\/videregaende-skole-grimstad\/wp-json\/wp\/v2\/pages\/118\/revisions\/2163"}],"wp:featuredmedia":[{"embeddable":true,"href":"https:\/\/www.blakors.no\/videregaende-skole-grimstad\/wp-json\/wp\/v2\/media\/647"}],"wp:attachment":[{"href":"https:\/\/www.blakors.no\/videregaende-skole-grimstad\/wp-json\/wp\/v2\/media?parent=118"}],"curies":[{"name":"wp","href":"https:\/\/api.w.org\/{rel}","templated":true}]}}