{"id":1635,"date":"2022-09-19T15:13:54","date_gmt":"2022-09-19T13:13:54","guid":{"rendered":"https:\/\/www.blakors.no\/videregaende-skole-grimstad\/?page_id=1635"},"modified":"2022-09-19T20:37:13","modified_gmt":"2022-09-19T18:37:13","slug":"pagaende-byggearbeider-pa-skole-2","status":"publish","type":"page","link":"https:\/\/www.blakors.no\/videregaende-skole-grimstad\/pagaende-byggearbeider-pa-skole-2\/","title":{"rendered":"P\u00e5g\u00e5ende byggearbeider p\u00e5 skolen"},"content":{"rendered":"\n<div class=\"wp-block-lib-header alignfull hide\"><div class=\"header-innercontent\"><\/div><\/div>\n\n\n\n<p>Status pr. september. <\/p>\n\n\n\n<p>Vi h\u00e5per byggearbeidet snart tar slutt, men det blir ikke enda.<\/p>\n\n\n\n<div class=\"wp-block-media-text alignwide is-stacked-on-mobile\"><figure class=\"wp-block-media-text__media\"><img loading=\"lazy\" decoding=\"async\" width=\"1024\" height=\"768\" src=\"https:\/\/www.blakors.no\/content\/uploads\/sites\/24\/2022\/09\/IMG_29301-1-1024x768.jpg\" alt=\"\" class=\"wp-image-1639 size-full\" srcset=\"https:\/\/www.blakors.no\/content\/uploads\/sites\/24\/2022\/09\/IMG_29301-1-1024x768.jpg 1024w, https:\/\/www.blakors.no\/content\/uploads\/sites\/24\/2022\/09\/IMG_29301-1-300x225.jpg 300w, https:\/\/www.blakors.no\/content\/uploads\/sites\/24\/2022\/09\/IMG_29301-1-768x576.jpg 768w, https:\/\/www.blakors.no\/content\/uploads\/sites\/24\/2022\/09\/IMG_29301-1-1536x1152.jpg 1536w, https:\/\/www.blakors.no\/content\/uploads\/sites\/24\/2022\/09\/IMG_29301-1-scaled.jpg 2048w\" sizes=\"auto, (max-width: 1024px) 100vw, 1024px\" \/><\/figure><div class=\"wp-block-media-text__content\">\n<p>Inngangspartiet er under ombygging og vil ferdigstilles i l\u00f8pet av september. Verkstedhallen tar det lengre tid med, den har fem til seks m\u00e5neders byggetid, s\u00e5 den er ikke ferdig f\u00f8r til nytt\u00e5r. Da h\u00e5per vi bygg- og anleggsteknikk kommer inn i nye og tidsriktige lokaler. <\/p>\n<\/div><\/div>\n\n\n\n<div class=\"wp-block-media-text alignwide is-stacked-on-mobile\"><figure class=\"wp-block-media-text__media\"><img loading=\"lazy\" decoding=\"async\" width=\"768\" height=\"1024\" src=\"https:\/\/www.blakors.no\/content\/uploads\/sites\/24\/2022\/09\/IMG_29841-768x1024.jpg\" alt=\"\" class=\"wp-image-1645 size-full\" srcset=\"https:\/\/www.blakors.no\/content\/uploads\/sites\/24\/2022\/09\/IMG_29841-768x1024.jpg 768w, https:\/\/www.blakors.no\/content\/uploads\/sites\/24\/2022\/09\/IMG_29841-225x300.jpg 225w, https:\/\/www.blakors.no\/content\/uploads\/sites\/24\/2022\/09\/IMG_29841-1152x1536.jpg 1152w, https:\/\/www.blakors.no\/content\/uploads\/sites\/24\/2022\/09\/IMG_29841-scaled.jpg 1536w\" sizes=\"auto, (max-width: 768px) 100vw, 768px\" \/><\/figure><div class=\"wp-block-media-text__content\">\n<p>I disse dager kommer det skilter p\u00e5 d\u00f8rene i bygget, s\u00e5 n\u00e5 skal det bli lettere \u00e5 finne fram, blant annet til toalettene.<\/p>\n<\/div><\/div>\n","protected":false},"excerpt":{"rendered":"<p>Status pr. september. Vi h\u00e5per byggearbeidet snart tar slutt, men det blir ikke enda. Inngangspartiet er under ombygging og vil ferdigstilles i l\u00f8pet av september. Verkstedhallen tar det lengre tid med, den har fem til seks m\u00e5neders byggetid, s\u00e5 den er ikke ferdig f\u00f8r til nytt\u00e5r. Da h\u00e5per vi bygg- og anleggsteknikk kommer inn i [&hellip;]<\/p>\n","protected":false},"author":46,"featured_media":0,"parent":0,"menu_order":0,"comment_status":"closed","ping_status":"closed","template":"","meta":{"_acf_changed":false,"_relevanssi_hide_post":"","_relevanssi_hide_content":"","_relevanssi_pin_for_all":"","_relevanssi_pin_keywords":"","_relevanssi_unpin_keywords":"","_relevanssi_related_keywords":"","_relevanssi_related_include_ids":"","_relevanssi_related_exclude_ids":"","_relevanssi_related_no_append":"","_relevanssi_related_not_related":"","_relevanssi_related_posts":"1577,1626,1607,1596,1471,1520","_relevanssi_noindex_reason":"","_custom_cards_description":"","footnotes":""},"class_list":["post-1635","page","type-page","status-publish","hentry"],"acf":[],"_links":{"self":[{"href":"https:\/\/www.blakors.no\/videregaende-skole-grimstad\/wp-json\/wp\/v2\/pages\/1635","targetHints":{"allow":["GET"]}}],"collection":[{"href":"https:\/\/www.blakors.no\/videregaende-skole-grimstad\/wp-json\/wp\/v2\/pages"}],"about":[{"href":"https:\/\/www.blakors.no\/videregaende-skole-grimstad\/wp-json\/wp\/v2\/types\/page"}],"author":[{"embeddable":true,"href":"https:\/\/www.blakors.no\/videregaende-skole-grimstad\/wp-json\/wp\/v2\/users\/46"}],"replies":[{"embeddable":true,"href":"https:\/\/www.blakors.no\/videregaende-skole-grimstad\/wp-json\/wp\/v2\/comments?post=1635"}],"version-history":[{"count":5,"href":"https:\/\/www.blakors.no\/videregaende-skole-grimstad\/wp-json\/wp\/v2\/pages\/1635\/revisions"}],"predecessor-version":[{"id":1655,"href":"https:\/\/www.blakors.no\/videregaende-skole-grimstad\/wp-json\/wp\/v2\/pages\/1635\/revisions\/1655"}],"wp:attachment":[{"href":"https:\/\/www.blakors.no\/videregaende-skole-grimstad\/wp-json\/wp\/v2\/media?parent=1635"}],"curies":[{"name":"wp","href":"https:\/\/api.w.org\/{rel}","templated":true}]}}