{"id":1688,"date":"2022-09-28T12:44:56","date_gmt":"2022-09-28T10:44:56","guid":{"rendered":"https:\/\/www.blakors.no\/videregaende-skole-grimstad\/?page_id=1688"},"modified":"2024-04-11T14:36:02","modified_gmt":"2024-04-11T12:36:02","slug":"meld-fra-om-mobbing","status":"publish","type":"page","link":"https:\/\/www.blakors.no\/videregaende-skole-grimstad\/meld-fra-om-mobbing\/","title":{"rendered":"Meld fra om mobbing eller d\u00e5rlig skolemilj\u00f8"},"content":{"rendered":"\n<p>Alle barn og unge har rett til et trygt og godt skolemilj\u00f8 uten mobbing og krenkelser. Hvis du som elev ikke har det trygt og godt p\u00e5 skolen, skal skolen hjelpe til. Hvis skolen ikke hjelper til, kan du kontakte Statsforvalteren. <\/p>\n\n\n\n\n\n<div class=\"wp-block-lib-header alignfull hide\"><div class=\"header-innercontent\"><\/div><\/div>\n\n\n\n<div class=\"wp-block-group is-content-justification-left is-layout-constrained wp-container-core-group-is-layout-8c890d92 wp-block-group-is-layout-constrained\">\n<div class=\"custom-block-cta is-style-green no-icon\">\n\t<div class=\"text-button-container\"><div class=\"text\">Er du mellom 9-19 \u00e5r og trenger noen \u00e5 snakke med om mobbing og utenforskap? Ta kontakt med Bl\u00e5 Kors sin chat-tjeneste SnakkOmMobbing.no<\/div><div class=\"wp-block-button is-style-primary\"><a class=\"wp-block-button__link\" href=\"https:\/\/snakkommobbing.no\/\" target=\"\" rel=\"noopener\">Chat anonymt med en voksen<\/a><\/div><\/div><\/div>\n<\/div>\n\n\n\n\t\t<div class=\"wp-block-lib-accentuated-link\">\n\t\t\t<a class=\"lib-link__link\" href=\"https:\/\/www.blakors.no\/fagside\/mobbing-og-utenforskap\/\" target=\"\" rel=\"\">\n\t\t\t\t\n\t\t\t\t<div class=\"lib-link__text-content\">\n\t\t\t\t\t<span class=\"lib-link__tagline\">\n\t\t\t\t\t\tLes ogs\u00e5\n\t\t\t\t\t<\/span>\n\n\t\t\t\t\t<h3 class=\"lib-link__title\">\n\t\t\t\t\t\tTips og r\u00e5d om mobbing og utenforskap\n\t\t\t\t\t<\/h3>\n\n\t\t\t\t\t\n\t\t\t\t<\/div>\n\t\t\t<\/a>\n\t\t<\/div>","protected":false},"excerpt":{"rendered":"<p>Alle barn og unge har rett til et trygt og godt skolemilj\u00f8 uten mobbing og krenkelser. Hvis du som elev ikke har det trygt og godt p\u00e5 skolen, skal skolen hjelpe til. Hvis skolen ikke hjelper til, kan du kontakte Statsforvalteren.<\/p>\n","protected":false},"author":46,"featured_media":0,"parent":0,"menu_order":0,"comment_status":"closed","ping_status":"closed","template":"","meta":{"_acf_changed":false,"_relevanssi_hide_post":"","_relevanssi_hide_content":"","_relevanssi_pin_for_all":"","_relevanssi_pin_keywords":"","_relevanssi_unpin_keywords":"","_relevanssi_related_keywords":"","_relevanssi_related_include_ids":"","_relevanssi_related_exclude_ids":"","_relevanssi_related_no_append":"","_relevanssi_related_not_related":"","_relevanssi_related_posts":"1617,1596,1520,1664,1607,1471","_relevanssi_noindex_reason":"","_custom_cards_description":"","footnotes":""},"class_list":["post-1688","page","type-page","status-publish","hentry"],"acf":[],"_links":{"self":[{"href":"https:\/\/www.blakors.no\/videregaende-skole-grimstad\/wp-json\/wp\/v2\/pages\/1688","targetHints":{"allow":["GET"]}}],"collection":[{"href":"https:\/\/www.blakors.no\/videregaende-skole-grimstad\/wp-json\/wp\/v2\/pages"}],"about":[{"href":"https:\/\/www.blakors.no\/videregaende-skole-grimstad\/wp-json\/wp\/v2\/types\/page"}],"author":[{"embeddable":true,"href":"https:\/\/www.blakors.no\/videregaende-skole-grimstad\/wp-json\/wp\/v2\/users\/46"}],"replies":[{"embeddable":true,"href":"https:\/\/www.blakors.no\/videregaende-skole-grimstad\/wp-json\/wp\/v2\/comments?post=1688"}],"version-history":[{"count":5,"href":"https:\/\/www.blakors.no\/videregaende-skole-grimstad\/wp-json\/wp\/v2\/pages\/1688\/revisions"}],"predecessor-version":[{"id":2035,"href":"https:\/\/www.blakors.no\/videregaende-skole-grimstad\/wp-json\/wp\/v2\/pages\/1688\/revisions\/2035"}],"wp:attachment":[{"href":"https:\/\/www.blakors.no\/videregaende-skole-grimstad\/wp-json\/wp\/v2\/media?parent=1688"}],"curies":[{"name":"wp","href":"https:\/\/api.w.org\/{rel}","templated":true}]}}