{"id":19,"date":"2021-08-24T08:56:03","date_gmt":"2021-08-24T06:56:03","guid":{"rendered":"https:\/\/www.blakors.no\/videregaende-skole-grimstad\/?page_id=19"},"modified":"2025-10-24T10:48:39","modified_gmt":"2025-10-24T08:48:39","slug":"ofte-stilte-sporsmal","status":"publish","type":"page","link":"https:\/\/www.blakors.no\/videregaende-skole-grimstad\/ofte-stilte-sporsmal\/","title":{"rendered":"Ofte stilte sp\u00f8rsm\u00e5l"},"content":{"rendered":"<div class=\"t2-accordion t2-faq wp-block-t2-faq\" role=\"list\">\n\n\t\t<div class=\"has-background has-green-light-background-color t2-faq-item t2-accordion-item wp-block-t2-faq-item\" role=\"listitem\">\n\t\t\t<h3 class=\"t2-faq-title t2-accordion-title\" id=\"oppstart-h\u00f8st-2025\">\n\t\t\t\t<button\n\t\t\t\t\taria-controls=\"faq-panel\"\n\t\t\t\t\taria-expanded=\"false\"\n\t\t\t\t\tclass=\"t2-faq-trigger t2-accordion-trigger\"\n\t\t\t\t\tid=\"faq-item\"\n\t\t\t\t\ttype=\"button\"\n\t\t\t\t>\n\t\t\t\t\tOppstart h\u00f8st 2025\n\t\t\t\t\t<span class=\"t2-faq-icon t2-accordion-icon is-closed-icon\"><svg xmlns=\"http:\/\/www.w3.org\/2000\/svg\" viewBox=\"0 0 24 24\" height=\"24\" width=\"24\" class=\"t2-icon t2-icon-chevrondown\" aria-hidden=\"true\" focusable=\"false\"><path d=\"M12 14.9c-.1 0-.3 0-.4-.1-.1 0-.2-.1-.3-.2L6.7 10c-.2-.1-.3-.4-.3-.6 0-.3.1-.5.3-.7.2-.2.4-.3.7-.3s.5.1.7.3l3.9 3.9 3.9-3.9c.2-.2.4-.3.7-.3.3 0 .5.1.7.3.2.2.3.4.3.7s-.1.5-.3.7l-4.6 4.6c-.1.1-.2.2-.3.2H12z\" fill=\"currentColor\" \/><\/svg><\/span>\n\t\t\t\t\t<span class=\"t2-faq-icon t2-accordion-icon is-open-icon\"><svg xmlns=\"http:\/\/www.w3.org\/2000\/svg\" viewBox=\"0 0 24 24\" height=\"24\" width=\"24\" class=\"t2-icon t2-icon-chevronup\" aria-hidden=\"true\" focusable=\"false\"><path d=\"M6.7 14.7c-.2-.2-.3-.4-.3-.7s.1-.5.3-.7l4.6-4.6c.1-.1.2-.2.3-.2.1 0 .2-.1.4-.1.1 0 .3 0 .4.1.1 0 .2.1.3.2l4.6 4.6c.2.2.3.4.3.7s-.1.5-.3.7c-.2.2-.4.3-.7.3s-.5-.1-.7-.3L12 10.8l-3.9 3.9c-.2.2-.4.3-.7.3s-.5-.1-.7-.3z\" fill=\"currentColor\" \/><\/svg><\/span>\n\t\t\t\t<\/button>\n\t\t\t<\/h3>\n\t\t\t<div\n\t\t\t\taria-labelledby=\"faq-item\"\n\t\t\t\tclass=\"t2-faq-item__inner-container t2-accordion-item__inner-container is-layout-flow\"\n\t\t\t\tid=\"faq-panel\"\n\t\t\t\trole=\"region\"\n\t\t\t\thidden\n\t\t\t>\n\t\t\t\t\n\n<p>14 august \u00f8nsker vi alle velkommen til skolestart.<\/p>\n\n\n\n<p>Kl 11:00 &#8211; 12:00 Vg1<\/p>\n\n\n\n<p>Kl 09:30 &#8211; 10:30 Vg2 og Vg3.<\/p>\n\n\n\t\t\t<\/div>\n\t\t<\/div>\n\t\t\n\n\n\t\t<div class=\"has-background has-green-light-background-color t2-faq-item t2-accordion-item wp-block-t2-faq-item\" role=\"listitem\">\n\t\t\t<h3 class=\"t2-faq-title t2-accordion-title\" id=\"hvem-har-rettighet-p\u00e5-gratis-skoleplass?\">\n\t\t\t\t<button\n\t\t\t\t\taria-controls=\"faq-panel-1\"\n\t\t\t\t\taria-expanded=\"false\"\n\t\t\t\t\tclass=\"t2-faq-trigger t2-accordion-trigger\"\n\t\t\t\t\tid=\"faq-item-1\"\n\t\t\t\t\ttype=\"button\"\n\t\t\t\t>\n\t\t\t\t\tHvem har rettighet p\u00e5 gratis skoleplass?\n\t\t\t\t\t<span class=\"t2-faq-icon t2-accordion-icon is-closed-icon\"><svg xmlns=\"http:\/\/www.w3.org\/2000\/svg\" viewBox=\"0 0 24 24\" height=\"24\" width=\"24\" class=\"t2-icon t2-icon-chevrondown\" aria-hidden=\"true\" focusable=\"false\"><path d=\"M12 14.9c-.1 0-.3 0-.4-.1-.1 0-.2-.1-.3-.2L6.7 10c-.2-.1-.3-.4-.3-.6 0-.3.1-.5.3-.7.2-.2.4-.3.7-.3s.5.1.7.3l3.9 3.9 3.9-3.9c.2-.2.4-.3.7-.3.3 0 .5.1.7.3.2.2.3.4.3.7s-.1.5-.3.7l-4.6 4.6c-.1.1-.2.2-.3.2H12z\" fill=\"currentColor\" \/><\/svg><\/span>\n\t\t\t\t\t<span class=\"t2-faq-icon t2-accordion-icon is-open-icon\"><svg xmlns=\"http:\/\/www.w3.org\/2000\/svg\" viewBox=\"0 0 24 24\" height=\"24\" width=\"24\" class=\"t2-icon t2-icon-chevronup\" aria-hidden=\"true\" focusable=\"false\"><path d=\"M6.7 14.7c-.2-.2-.3-.4-.3-.7s.1-.5.3-.7l4.6-4.6c.1-.1.2-.2.3-.2.1 0 .2-.1.4-.1.1 0 .3 0 .4.1.1 0 .2.1.3.2l4.6 4.6c.2.2.3.4.3.7s-.1.5-.3.7c-.2.2-.4.3-.7.3s-.5-.1-.7-.3L12 10.8l-3.9 3.9c-.2.2-.4.3-.7.3s-.5-.1-.7-.3z\" fill=\"currentColor\" \/><\/svg><\/span>\n\t\t\t\t<\/button>\n\t\t\t<\/h3>\n\t\t\t<div\n\t\t\t\taria-labelledby=\"faq-item-1\"\n\t\t\t\tclass=\"t2-faq-item__inner-container t2-accordion-item__inner-container is-layout-flow\"\n\t\t\t\tid=\"faq-panel-1\"\n\t\t\t\trole=\"region\"\n\t\t\t\thidden\n\t\t\t>\n\t\t\t\t\n\n<p>Skolen er gratis for dem som har rettigheter til \u00e5 s\u00f8ke skolen.<\/p>\n\n\n\t\t\t<\/div>\n\t\t<\/div>\n\t\t\n\n\n\t\t<div class=\"has-background has-green-light-background-color t2-faq-item t2-accordion-item wp-block-t2-faq-item\" role=\"listitem\">\n\t\t\t<h3 class=\"t2-faq-title t2-accordion-title\" id=\"trenger-jeg-h\u00f8yt-karaktersnitt?\">\n\t\t\t\t<button\n\t\t\t\t\taria-controls=\"faq-panel-2\"\n\t\t\t\t\taria-expanded=\"false\"\n\t\t\t\t\tclass=\"t2-faq-trigger t2-accordion-trigger\"\n\t\t\t\t\tid=\"faq-item-2\"\n\t\t\t\t\ttype=\"button\"\n\t\t\t\t>\n\t\t\t\t\tTrenger jeg h\u00f8yt karaktersnitt?\n\t\t\t\t\t<span class=\"t2-faq-icon t2-accordion-icon is-closed-icon\"><svg xmlns=\"http:\/\/www.w3.org\/2000\/svg\" viewBox=\"0 0 24 24\" height=\"24\" width=\"24\" class=\"t2-icon t2-icon-chevrondown\" aria-hidden=\"true\" focusable=\"false\"><path d=\"M12 14.9c-.1 0-.3 0-.4-.1-.1 0-.2-.1-.3-.2L6.7 10c-.2-.1-.3-.4-.3-.6 0-.3.1-.5.3-.7.2-.2.4-.3.7-.3s.5.1.7.3l3.9 3.9 3.9-3.9c.2-.2.4-.3.7-.3.3 0 .5.1.7.3.2.2.3.4.3.7s-.1.5-.3.7l-4.6 4.6c-.1.1-.2.2-.3.2H12z\" fill=\"currentColor\" \/><\/svg><\/span>\n\t\t\t\t\t<span class=\"t2-faq-icon t2-accordion-icon is-open-icon\"><svg xmlns=\"http:\/\/www.w3.org\/2000\/svg\" viewBox=\"0 0 24 24\" height=\"24\" width=\"24\" class=\"t2-icon t2-icon-chevronup\" aria-hidden=\"true\" focusable=\"false\"><path d=\"M6.7 14.7c-.2-.2-.3-.4-.3-.7s.1-.5.3-.7l4.6-4.6c.1-.1.2-.2.3-.2.1 0 .2-.1.4-.1.1 0 .3 0 .4.1.1 0 .2.1.3.2l4.6 4.6c.2.2.3.4.3.7s-.1.5-.3.7c-.2.2-.4.3-.7.3s-.5-.1-.7-.3L12 10.8l-3.9 3.9c-.2.2-.4.3-.7.3s-.5-.1-.7-.3z\" fill=\"currentColor\" \/><\/svg><\/span>\n\t\t\t\t<\/button>\n\t\t\t<\/h3>\n\t\t\t<div\n\t\t\t\taria-labelledby=\"faq-item-2\"\n\t\t\t\tclass=\"t2-faq-item__inner-container t2-accordion-item__inner-container is-layout-flow\"\n\t\t\t\tid=\"faq-panel-2\"\n\t\t\t\trole=\"region\"\n\t\t\t\thidden\n\t\t\t>\n\t\t\t\t\n\n<p>Nei. Bl\u00e5 Kors videreg\u00e5ende skole, Grimstad tar ikke inn elever p\u00e5 bakgrunn av karakterer. Vi tar inn elever som har behov for ekstra oppf\u00f8lging for \u00e5 fullf\u00f8re skolegang.<\/p>\n\n\n\t\t\t<\/div>\n\t\t<\/div>\n\t\t\n\n\n\t\t<div class=\"has-background has-green-light-background-color t2-faq-item t2-accordion-item wp-block-t2-faq-item\" role=\"listitem\">\n\t\t\t<h3 class=\"t2-faq-title t2-accordion-title\" id=\"hvordan-s\u00f8ker-jeg-skoleplass?\">\n\t\t\t\t<button\n\t\t\t\t\taria-controls=\"faq-panel-3\"\n\t\t\t\t\taria-expanded=\"false\"\n\t\t\t\t\tclass=\"t2-faq-trigger t2-accordion-trigger\"\n\t\t\t\t\tid=\"faq-item-3\"\n\t\t\t\t\ttype=\"button\"\n\t\t\t\t>\n\t\t\t\t\tHvordan s\u00f8ker jeg skoleplass?\n\t\t\t\t\t<span class=\"t2-faq-icon t2-accordion-icon is-closed-icon\"><svg xmlns=\"http:\/\/www.w3.org\/2000\/svg\" viewBox=\"0 0 24 24\" height=\"24\" width=\"24\" class=\"t2-icon t2-icon-chevrondown\" aria-hidden=\"true\" focusable=\"false\"><path d=\"M12 14.9c-.1 0-.3 0-.4-.1-.1 0-.2-.1-.3-.2L6.7 10c-.2-.1-.3-.4-.3-.6 0-.3.1-.5.3-.7.2-.2.4-.3.7-.3s.5.1.7.3l3.9 3.9 3.9-3.9c.2-.2.4-.3.7-.3.3 0 .5.1.7.3.2.2.3.4.3.7s-.1.5-.3.7l-4.6 4.6c-.1.1-.2.2-.3.2H12z\" fill=\"currentColor\" \/><\/svg><\/span>\n\t\t\t\t\t<span class=\"t2-faq-icon t2-accordion-icon is-open-icon\"><svg xmlns=\"http:\/\/www.w3.org\/2000\/svg\" viewBox=\"0 0 24 24\" height=\"24\" width=\"24\" class=\"t2-icon t2-icon-chevronup\" aria-hidden=\"true\" focusable=\"false\"><path d=\"M6.7 14.7c-.2-.2-.3-.4-.3-.7s.1-.5.3-.7l4.6-4.6c.1-.1.2-.2.3-.2.1 0 .2-.1.4-.1.1 0 .3 0 .4.1.1 0 .2.1.3.2l4.6 4.6c.2.2.3.4.3.7s-.1.5-.3.7c-.2.2-.4.3-.7.3s-.5-.1-.7-.3L12 10.8l-3.9 3.9c-.2.2-.4.3-.7.3s-.5-.1-.7-.3z\" fill=\"currentColor\" \/><\/svg><\/span>\n\t\t\t\t<\/button>\n\t\t\t<\/h3>\n\t\t\t<div\n\t\t\t\taria-labelledby=\"faq-item-3\"\n\t\t\t\tclass=\"t2-faq-item__inner-container t2-accordion-item__inner-container is-layout-flow\"\n\t\t\t\tid=\"faq-panel-3\"\n\t\t\t\trole=\"region\"\n\t\t\t\thidden\n\t\t\t>\n\t\t\t\t\n\n<p>S\u00f8kerportalen iSkole<\/p>\n\n\n\n<p>Du kan s\u00f8ke p\u00e5 to m\u00e5ter. Du trenger kun \u00e5 g\u00e5 til punkt 1, s\u00e5 f\u00e5r du hjelp av skolen (Bl\u00e5 Kors Grimstad vgs) eller av din r\u00e5dgiver p\u00e5 ungdomsskolen, eller av dine foresatte.<\/p>\n\n\n\n<ol class=\"wp-block-list\">\n<li>Forenklet s\u00f8knadsskjema &#8211; fyll inn din kontaktinformasjon og Bl\u00e5 Kors videreg\u00e5ende skole, Grimstad kontakter deg og fyller ut en fullstendig s\u00f8knad p\u00e5 v\u00e5r egen s\u00f8kerportal <strong>iSkole<\/strong>. Du m\u00e5 huske \u00e5 velge programfag. (<a href=\"https:\/\/www.blakors.no\/videregaende-skole-grimstad\/sok-skoleplass\/\">Lenke til forenklet s\u00f8knad<\/a>)<\/li>\n\n\n\n<li>Eller g\u00e5 direkte til s\u00f8kerportalen i <strong>iSkole<\/strong> og fyll inn s\u00f8knadsdataene der (dette er litt mer omfattende enn den forenklede m\u00e5ten). <a href=\"https:\/\/blakorsgrimstad.iskole.net\/soker\/\" target=\"_blank\" rel=\"noopener\">S\u00f8knadsportal iSkole<\/a><\/li>\n<\/ol>\n\n\n\n<p><strong>Viktig \u00e5 huske<\/strong><\/p>\n\n\n\n<p>For \u00e5 v\u00e6re en reell s\u00f8ker, m\u00e5 du ogs\u00e5 sende dokumentasjon p\u00e5 behov for tilrettelegging og utskrift av karakterer fra tidligere skoler innen 1 april.<\/p>\n\n\n\n<p>Dette kan du gj\u00f8re digitalt i <a href=\"https:\/\/blakorsgrimstad.iskole.net\/soker\/\" target=\"_blank\" rel=\"noopener\">lenke 2 over<\/a>, eventuelt per post til:<a href=\"mailto:grimstadvgs@blakors.no\"> grimstadvgs@blakors.no&nbsp;<\/a><\/p>\n\n\n\n<p>Eller sende den i papirform til postadressen:<\/p>\n\n\n\n<p>Bl\u00e5 Kors videreg\u00e5ende skole, Grimstad, Grooseveien 36, 4876 Grimstad<\/p>\n\n\n\n<p><strong>Tilleggsskjema<\/strong><\/p>\n\n\n\n<p>Her ligger tilleggsskjema for inns\u00f8king til Bl\u00e5 Kors Grimstad vgs. Fylles ut av PPT, r\u00e5dgiver, ABUP, sosiall\u00e6rer, helsesykepleier eller andre instanser<\/p>\n\n\n\t\t\t<\/div>\n\t\t<\/div>\n\t\t\n\n\n\t\t<div class=\"has-background has-green-light-background-color t2-faq-item t2-accordion-item wp-block-t2-faq-item\" role=\"listitem\">\n\t\t\t<h3 class=\"t2-faq-title t2-accordion-title\" id=\"n\u00e5r-er-s\u00f8knadsfristene?\">\n\t\t\t\t<button\n\t\t\t\t\taria-controls=\"faq-panel-4\"\n\t\t\t\t\taria-expanded=\"false\"\n\t\t\t\t\tclass=\"t2-faq-trigger t2-accordion-trigger\"\n\t\t\t\t\tid=\"faq-item-4\"\n\t\t\t\t\ttype=\"button\"\n\t\t\t\t>\n\t\t\t\t\tN\u00e5r er s\u00f8knadsfristene?\n\t\t\t\t\t<span class=\"t2-faq-icon t2-accordion-icon is-closed-icon\"><svg xmlns=\"http:\/\/www.w3.org\/2000\/svg\" viewBox=\"0 0 24 24\" height=\"24\" width=\"24\" class=\"t2-icon t2-icon-chevrondown\" aria-hidden=\"true\" focusable=\"false\"><path d=\"M12 14.9c-.1 0-.3 0-.4-.1-.1 0-.2-.1-.3-.2L6.7 10c-.2-.1-.3-.4-.3-.6 0-.3.1-.5.3-.7.2-.2.4-.3.7-.3s.5.1.7.3l3.9 3.9 3.9-3.9c.2-.2.4-.3.7-.3.3 0 .5.1.7.3.2.2.3.4.3.7s-.1.5-.3.7l-4.6 4.6c-.1.1-.2.2-.3.2H12z\" fill=\"currentColor\" \/><\/svg><\/span>\n\t\t\t\t\t<span class=\"t2-faq-icon t2-accordion-icon is-open-icon\"><svg xmlns=\"http:\/\/www.w3.org\/2000\/svg\" viewBox=\"0 0 24 24\" height=\"24\" width=\"24\" class=\"t2-icon t2-icon-chevronup\" aria-hidden=\"true\" focusable=\"false\"><path d=\"M6.7 14.7c-.2-.2-.3-.4-.3-.7s.1-.5.3-.7l4.6-4.6c.1-.1.2-.2.3-.2.1 0 .2-.1.4-.1.1 0 .3 0 .4.1.1 0 .2.1.3.2l4.6 4.6c.2.2.3.4.3.7s-.1.5-.3.7c-.2.2-.4.3-.7.3s-.5-.1-.7-.3L12 10.8l-3.9 3.9c-.2.2-.4.3-.7.3s-.5-.1-.7-.3z\" fill=\"currentColor\" \/><\/svg><\/span>\n\t\t\t\t<\/button>\n\t\t\t<\/h3>\n\t\t\t<div\n\t\t\t\taria-labelledby=\"faq-item-4\"\n\t\t\t\tclass=\"t2-faq-item__inner-container t2-accordion-item__inner-container is-layout-flow\"\n\t\t\t\tid=\"faq-panel-4\"\n\t\t\t\trole=\"region\"\n\t\t\t\thidden\n\t\t\t>\n\t\t\t\t\n\n<p>Skolen har f\u00f8rste inntak 1 april. Om vi har flere ledige plasser etter et inntak er fullf\u00f8rt, ser vi p\u00e5 s\u00f8kere fortl\u00f8pende.<\/p>\n\n\n\n<p>V\u00e6r oppmerksom p\u00e5 at en s\u00f8knad ikke er fullstendig f\u00f8r vi har mottatt gyldig dokumentasjon. Om vi mottar dokumentasjon etter s\u00f8knadsfrist blir s\u00f8knad flyttet over til neste inntak.<\/p>\n\n\n\t\t\t<\/div>\n\t\t<\/div>\n\t\t\n\n\n\t\t<div class=\"has-background has-green-light-background-color t2-faq-item t2-accordion-item wp-block-t2-faq-item\" role=\"listitem\">\n\t\t\t<h3 class=\"t2-faq-title t2-accordion-title\" id=\"hva-trenger-jeg-av-dokumentasjon?\">\n\t\t\t\t<button\n\t\t\t\t\taria-controls=\"faq-panel-5\"\n\t\t\t\t\taria-expanded=\"false\"\n\t\t\t\t\tclass=\"t2-faq-trigger t2-accordion-trigger\"\n\t\t\t\t\tid=\"faq-item-5\"\n\t\t\t\t\ttype=\"button\"\n\t\t\t\t>\n\t\t\t\t\tHva trenger jeg av dokumentasjon?\n\t\t\t\t\t<span class=\"t2-faq-icon t2-accordion-icon is-closed-icon\"><svg xmlns=\"http:\/\/www.w3.org\/2000\/svg\" viewBox=\"0 0 24 24\" height=\"24\" width=\"24\" class=\"t2-icon t2-icon-chevrondown\" aria-hidden=\"true\" focusable=\"false\"><path d=\"M12 14.9c-.1 0-.3 0-.4-.1-.1 0-.2-.1-.3-.2L6.7 10c-.2-.1-.3-.4-.3-.6 0-.3.1-.5.3-.7.2-.2.4-.3.7-.3s.5.1.7.3l3.9 3.9 3.9-3.9c.2-.2.4-.3.7-.3.3 0 .5.1.7.3.2.2.3.4.3.7s-.1.5-.3.7l-4.6 4.6c-.1.1-.2.2-.3.2H12z\" fill=\"currentColor\" \/><\/svg><\/span>\n\t\t\t\t\t<span class=\"t2-faq-icon t2-accordion-icon is-open-icon\"><svg xmlns=\"http:\/\/www.w3.org\/2000\/svg\" viewBox=\"0 0 24 24\" height=\"24\" width=\"24\" class=\"t2-icon t2-icon-chevronup\" aria-hidden=\"true\" focusable=\"false\"><path d=\"M6.7 14.7c-.2-.2-.3-.4-.3-.7s.1-.5.3-.7l4.6-4.6c.1-.1.2-.2.3-.2.1 0 .2-.1.4-.1.1 0 .3 0 .4.1.1 0 .2.1.3.2l4.6 4.6c.2.2.3.4.3.7s-.1.5-.3.7c-.2.2-.4.3-.7.3s-.5-.1-.7-.3L12 10.8l-3.9 3.9c-.2.2-.4.3-.7.3s-.5-.1-.7-.3z\" fill=\"currentColor\" \/><\/svg><\/span>\n\t\t\t\t<\/button>\n\t\t\t<\/h3>\n\t\t\t<div\n\t\t\t\taria-labelledby=\"faq-item-5\"\n\t\t\t\tclass=\"t2-faq-item__inner-container t2-accordion-item__inner-container is-layout-flow\"\n\t\t\t\tid=\"faq-panel-5\"\n\t\t\t\trole=\"region\"\n\t\t\t\thidden\n\t\t\t>\n\t\t\t\t\n\n<p>Behov for tilrettelagt oppl\u00e6ring m\u00e5 kunne dokumenteres av en kompetent instans utenfor skolen, som for eksempel r\u00e5dgivere p\u00e5 n\u00e5v\u00e6rende skole, fastlege, spesialisthelsetjenesten, BUP, DPS, OT\/PPT, psykolog, NAV (ved sakkyndig) eller lignende.<\/p>\n\n\n\n<p>Vitnem\u00e5l fra grunnskolen eller kompetansebevis fra tidligere gjennomf\u00f8rt videreg\u00e5ende oppl\u00e6ring. S\u00f8ker du Vg2 er et kriterium at du har st\u00e5karakter i de fleste avsluttende Vg1 fag.<\/p>\n\n\n\t\t\t<\/div>\n\t\t<\/div>\n\t\t\n\n\n\t\t<div class=\"has-background has-green-light-background-color t2-faq-item t2-accordion-item wp-block-t2-faq-item\" role=\"listitem\">\n\t\t\t<h3 class=\"t2-faq-title t2-accordion-title\" id=\"hvor-lang-er-skoledagen?\">\n\t\t\t\t<button\n\t\t\t\t\taria-controls=\"faq-panel-6\"\n\t\t\t\t\taria-expanded=\"false\"\n\t\t\t\t\tclass=\"t2-faq-trigger t2-accordion-trigger\"\n\t\t\t\t\tid=\"faq-item-6\"\n\t\t\t\t\ttype=\"button\"\n\t\t\t\t>\n\t\t\t\t\tHvor lang er skoledagen?\n\t\t\t\t\t<span class=\"t2-faq-icon t2-accordion-icon is-closed-icon\"><svg xmlns=\"http:\/\/www.w3.org\/2000\/svg\" viewBox=\"0 0 24 24\" height=\"24\" width=\"24\" class=\"t2-icon t2-icon-chevrondown\" aria-hidden=\"true\" focusable=\"false\"><path d=\"M12 14.9c-.1 0-.3 0-.4-.1-.1 0-.2-.1-.3-.2L6.7 10c-.2-.1-.3-.4-.3-.6 0-.3.1-.5.3-.7.2-.2.4-.3.7-.3s.5.1.7.3l3.9 3.9 3.9-3.9c.2-.2.4-.3.7-.3.3 0 .5.1.7.3.2.2.3.4.3.7s-.1.5-.3.7l-4.6 4.6c-.1.1-.2.2-.3.2H12z\" fill=\"currentColor\" \/><\/svg><\/span>\n\t\t\t\t\t<span class=\"t2-faq-icon t2-accordion-icon is-open-icon\"><svg xmlns=\"http:\/\/www.w3.org\/2000\/svg\" viewBox=\"0 0 24 24\" height=\"24\" width=\"24\" class=\"t2-icon t2-icon-chevronup\" aria-hidden=\"true\" focusable=\"false\"><path d=\"M6.7 14.7c-.2-.2-.3-.4-.3-.7s.1-.5.3-.7l4.6-4.6c.1-.1.2-.2.3-.2.1 0 .2-.1.4-.1.1 0 .3 0 .4.1.1 0 .2.1.3.2l4.6 4.6c.2.2.3.4.3.7s-.1.5-.3.7c-.2.2-.4.3-.7.3s-.5-.1-.7-.3L12 10.8l-3.9 3.9c-.2.2-.4.3-.7.3s-.5-.1-.7-.3z\" fill=\"currentColor\" \/><\/svg><\/span>\n\t\t\t\t<\/button>\n\t\t\t<\/h3>\n\t\t\t<div\n\t\t\t\taria-labelledby=\"faq-item-6\"\n\t\t\t\tclass=\"t2-faq-item__inner-container t2-accordion-item__inner-container is-layout-flow\"\n\t\t\t\tid=\"faq-panel-6\"\n\t\t\t\trole=\"region\"\n\t\t\t\thidden\n\t\t\t>\n\t\t\t\t\n\n<p>Undervisningen starter kl. 08:20 og avslutter kl. 15:10.<\/p>\n\n\n\n<p>Vi har delt undervisningen opp i 30 minutters bolker, og s\u00f8rger for at du f\u00e5r pauser og mat i l\u00f8pet av skoledagen.<\/p>\n\n\n\t\t\t<\/div>\n\t\t<\/div>\n\t\t\n\n\n\t\t<div class=\"has-background has-green-light-background-color t2-faq-item t2-accordion-item wp-block-t2-faq-item\" role=\"listitem\">\n\t\t\t<h3 class=\"t2-faq-title t2-accordion-title\" id=\"skoleskyss\">\n\t\t\t\t<button\n\t\t\t\t\taria-controls=\"faq-panel-7\"\n\t\t\t\t\taria-expanded=\"false\"\n\t\t\t\t\tclass=\"t2-faq-trigger t2-accordion-trigger\"\n\t\t\t\t\tid=\"faq-item-7\"\n\t\t\t\t\ttype=\"button\"\n\t\t\t\t>\n\t\t\t\t\tSkoleskyss\n\t\t\t\t\t<span class=\"t2-faq-icon t2-accordion-icon is-closed-icon\"><svg xmlns=\"http:\/\/www.w3.org\/2000\/svg\" viewBox=\"0 0 24 24\" height=\"24\" width=\"24\" class=\"t2-icon t2-icon-chevrondown\" aria-hidden=\"true\" focusable=\"false\"><path d=\"M12 14.9c-.1 0-.3 0-.4-.1-.1 0-.2-.1-.3-.2L6.7 10c-.2-.1-.3-.4-.3-.6 0-.3.1-.5.3-.7.2-.2.4-.3.7-.3s.5.1.7.3l3.9 3.9 3.9-3.9c.2-.2.4-.3.7-.3.3 0 .5.1.7.3.2.2.3.4.3.7s-.1.5-.3.7l-4.6 4.6c-.1.1-.2.2-.3.2H12z\" fill=\"currentColor\" \/><\/svg><\/span>\n\t\t\t\t\t<span class=\"t2-faq-icon t2-accordion-icon is-open-icon\"><svg xmlns=\"http:\/\/www.w3.org\/2000\/svg\" viewBox=\"0 0 24 24\" height=\"24\" width=\"24\" class=\"t2-icon t2-icon-chevronup\" aria-hidden=\"true\" focusable=\"false\"><path d=\"M6.7 14.7c-.2-.2-.3-.4-.3-.7s.1-.5.3-.7l4.6-4.6c.1-.1.2-.2.3-.2.1 0 .2-.1.4-.1.1 0 .3 0 .4.1.1 0 .2.1.3.2l4.6 4.6c.2.2.3.4.3.7s-.1.5-.3.7c-.2.2-.4.3-.7.3s-.5-.1-.7-.3L12 10.8l-3.9 3.9c-.2.2-.4.3-.7.3s-.5-.1-.7-.3z\" fill=\"currentColor\" \/><\/svg><\/span>\n\t\t\t\t<\/button>\n\t\t\t<\/h3>\n\t\t\t<div\n\t\t\t\taria-labelledby=\"faq-item-7\"\n\t\t\t\tclass=\"t2-faq-item__inner-container t2-accordion-item__inner-container is-layout-flow\"\n\t\t\t\tid=\"faq-panel-7\"\n\t\t\t\trole=\"region\"\n\t\t\t\thidden\n\t\t\t>\n\t\t\t\t\n\n<p><strong>Hvordan s\u00f8ke om gratis skoleskyss?<\/strong><\/p>\n\n\n\n<p>Oppl\u00e6ringsloven gir elever i videreg\u00e5ende skoler rett til gratis skoleskyss n\u00e5r avstand mellom hjem og skole er mer enn 6 km. Elevene skal selv s\u00f8ke om ordin\u00e6r skoleskyss til videreg\u00e5ende skole via den digitale skoleskyssl\u00f8sningen F-skyss.<\/p>\n\n\n\n<p><a href=\"https:\/\/skoleskyss.akt.no\/Account\/Login?ReturnUrl=\/\" target=\"_blank\" rel=\"noopener\">Velkommen til AKT Skoleskyss! &#8211; AKT Skoleskyss<\/a><\/p>\n\n\n\n<p><strong>Skysstilskudd<\/strong><\/p>\n\n\n\n<p>Der det ikke er grunnlag for \u00e5 sette opp skolebuss, eller i tilfeller hvor det ikke er mulig for eleven \u00e5 benytte ordin\u00e6rt kollektivtilbud, kan det s\u00f8kes om skysstilskudd p\u00e5 hele eller deler av skoleveien. Det kan innvilges skysstilskudd dersom avstanden mellom hjem og n\u00e6rmeste holdeplass er 3 km, eller mer eller samlet reise og ventetid ved bruk av buss blir urimelig lang. Skysstilskudd skal alltid godkjennes p\u00e5 forh\u00e5nd i et vedtak.<\/p>\n\n\n\t\t\t<\/div>\n\t\t<\/div>\n\t\t\n\n\n\t\t<div class=\"has-background has-green-light-background-color t2-faq-item t2-accordion-item wp-block-t2-faq-item\" role=\"listitem\">\n\t\t\t<h3 class=\"t2-faq-title t2-accordion-title\" id=\"jeg-lurer-p\u00e5-noe-annet?\">\n\t\t\t\t<button\n\t\t\t\t\taria-controls=\"faq-panel-8\"\n\t\t\t\t\taria-expanded=\"false\"\n\t\t\t\t\tclass=\"t2-faq-trigger t2-accordion-trigger\"\n\t\t\t\t\tid=\"faq-item-8\"\n\t\t\t\t\ttype=\"button\"\n\t\t\t\t>\n\t\t\t\t\tJeg lurer p\u00e5 noe annet?\n\t\t\t\t\t<span class=\"t2-faq-icon t2-accordion-icon is-closed-icon\"><svg xmlns=\"http:\/\/www.w3.org\/2000\/svg\" viewBox=\"0 0 24 24\" height=\"24\" width=\"24\" class=\"t2-icon t2-icon-chevrondown\" aria-hidden=\"true\" focusable=\"false\"><path d=\"M12 14.9c-.1 0-.3 0-.4-.1-.1 0-.2-.1-.3-.2L6.7 10c-.2-.1-.3-.4-.3-.6 0-.3.1-.5.3-.7.2-.2.4-.3.7-.3s.5.1.7.3l3.9 3.9 3.9-3.9c.2-.2.4-.3.7-.3.3 0 .5.1.7.3.2.2.3.4.3.7s-.1.5-.3.7l-4.6 4.6c-.1.1-.2.2-.3.2H12z\" fill=\"currentColor\" \/><\/svg><\/span>\n\t\t\t\t\t<span class=\"t2-faq-icon t2-accordion-icon is-open-icon\"><svg xmlns=\"http:\/\/www.w3.org\/2000\/svg\" viewBox=\"0 0 24 24\" height=\"24\" width=\"24\" class=\"t2-icon t2-icon-chevronup\" aria-hidden=\"true\" focusable=\"false\"><path d=\"M6.7 14.7c-.2-.2-.3-.4-.3-.7s.1-.5.3-.7l4.6-4.6c.1-.1.2-.2.3-.2.1 0 .2-.1.4-.1.1 0 .3 0 .4.1.1 0 .2.1.3.2l4.6 4.6c.2.2.3.4.3.7s-.1.5-.3.7c-.2.2-.4.3-.7.3s-.5-.1-.7-.3L12 10.8l-3.9 3.9c-.2.2-.4.3-.7.3s-.5-.1-.7-.3z\" fill=\"currentColor\" \/><\/svg><\/span>\n\t\t\t\t<\/button>\n\t\t\t<\/h3>\n\t\t\t<div\n\t\t\t\taria-labelledby=\"faq-item-8\"\n\t\t\t\tclass=\"t2-faq-item__inner-container t2-accordion-item__inner-container is-layout-flow\"\n\t\t\t\tid=\"faq-panel-8\"\n\t\t\t\trole=\"region\"\n\t\t\t\thidden\n\t\t\t>\n\t\t\t\t\n\n<p>Kontakt oss gjerne p\u00e5 telefon 400 04 124 eller p\u00e5 epost til <a href=\"mailto:frode.stiansen@blakors.no\">grimstadvgs@blakors.no<\/a><\/p>\n\n\n\t\t\t<\/div>\n\t\t<\/div>\n\t\t\n<\/div>\n\n\n<div class=\"wp-block-lib-header alignfull hide\"><div class=\"header-innercontent\"><\/div><\/div>\n","protected":false},"excerpt":{"rendered":"","protected":false},"author":23,"featured_media":0,"parent":0,"menu_order":0,"comment_status":"closed","ping_status":"closed","template":"","meta":{"_acf_changed":false,"_relevanssi_hide_post":"","_relevanssi_hide_content":"","_relevanssi_pin_for_all":"on","_relevanssi_pin_keywords":"Ofte stilte sp\u00f8rsm\u00e5l, sosiale medier","_relevanssi_unpin_keywords":"","_relevanssi_related_keywords":"","_relevanssi_related_include_ids":"","_relevanssi_related_exclude_ids":"","_relevanssi_related_no_append":"","_relevanssi_related_not_related":"","_relevanssi_related_posts":"1","_relevanssi_noindex_reason":"","_custom_cards_description":"","footnotes":""},"class_list":["post-19","page","type-page","status-publish","hentry"],"acf":[],"_links":{"self":[{"href":"https:\/\/www.blakors.no\/videregaende-skole-grimstad\/wp-json\/wp\/v2\/pages\/19","targetHints":{"allow":["GET"]}}],"collection":[{"href":"https:\/\/www.blakors.no\/videregaende-skole-grimstad\/wp-json\/wp\/v2\/pages"}],"about":[{"href":"https:\/\/www.blakors.no\/videregaende-skole-grimstad\/wp-json\/wp\/v2\/types\/page"}],"author":[{"embeddable":true,"href":"https:\/\/www.blakors.no\/videregaende-skole-grimstad\/wp-json\/wp\/v2\/users\/23"}],"replies":[{"embeddable":true,"href":"https:\/\/www.blakors.no\/videregaende-skole-grimstad\/wp-json\/wp\/v2\/comments?post=19"}],"version-history":[{"count":5,"href":"https:\/\/www.blakors.no\/videregaende-skole-grimstad\/wp-json\/wp\/v2\/pages\/19\/revisions"}],"predecessor-version":[{"id":2250,"href":"https:\/\/www.blakors.no\/videregaende-skole-grimstad\/wp-json\/wp\/v2\/pages\/19\/revisions\/2250"}],"wp:attachment":[{"href":"https:\/\/www.blakors.no\/videregaende-skole-grimstad\/wp-json\/wp\/v2\/media?parent=19"}],"curies":[{"name":"wp","href":"https:\/\/api.w.org\/{rel}","templated":true}]}}