{"id":23,"date":"2021-08-24T08:56:31","date_gmt":"2021-08-24T06:56:31","guid":{"rendered":"https:\/\/www.blakors.no\/videregaende-skole-grimstad\/?page_id=23"},"modified":"2024-03-21T10:39:25","modified_gmt":"2024-03-21T09:39:25","slug":"elevrad","status":"publish","type":"page","link":"https:\/\/www.blakors.no\/videregaende-skole-grimstad\/elevrad\/","title":{"rendered":"Elevr\u00e5d ved Bl\u00e5 Kors videreg\u00e5ende skole Grimstad"},"content":{"rendered":"\n<p>Elevr\u00e5det ved Bl\u00e5 Kors videreg\u00e5ende skole Grimstad best\u00e5r av en representant fra hver klasse. Arbeidet blir organisert med noe bistand fra l\u00e6rerne. Elevr\u00e5dsleder blir valgt i starten av hvert skole\u00e5r. <br><br>Det holdes jevnlige m\u00f8ter gjennom \u00e5ret hvor det blir skrevet referat fra m\u00f8tene med kopi til rektor. Ved behov blir rektor invitert til m\u00f8tene. <br><br>Elevr\u00e5dsleder blir ogs\u00e5 innkalt til m\u00f8tene i Styret for Bl\u00e5 Kors videreg\u00e5ende skole, Grimstad AS, hvor elevr\u00e5dsleder har talerett. I tillegg inviteres elevr\u00e5dsleder til \u00e5 delta p\u00e5 skolens vedlikeholdsm\u00f8ter.<\/p>\n\n\n\n<p><\/p>\n\n\n\n<div class=\"wp-block-lib-header alignfull hide\"><div class=\"header-innercontent\"><\/div><\/div>\n","protected":false},"excerpt":{"rendered":"<p>Elevr\u00e5det ved Bl\u00e5 Kors videreg\u00e5ende skole Grimstad best\u00e5r av en representant fra hver klasse. Arbeidet blir organisert med noe bistand fra l\u00e6rerne. Elevr\u00e5dsleder blir valgt i starten av hvert skole\u00e5r. Det holdes jevnlige m\u00f8ter gjennom \u00e5ret hvor det blir skrevet referat fra m\u00f8tene med kopi til rektor. Ved behov blir rektor invitert til m\u00f8tene. Elevr\u00e5dsleder [&hellip;]<\/p>\n","protected":false},"author":23,"featured_media":0,"parent":0,"menu_order":0,"comment_status":"closed","ping_status":"closed","template":"","meta":{"_acf_changed":false,"_relevanssi_hide_post":"","_relevanssi_hide_content":"","_relevanssi_pin_for_all":"on","_relevanssi_pin_keywords":"Elevr\u00e5d, elevr\u00e5det, elevr\u00e5dsrepresentant","_relevanssi_unpin_keywords":"","_relevanssi_related_keywords":"","_relevanssi_related_include_ids":"","_relevanssi_related_exclude_ids":"","_relevanssi_related_no_append":"","_relevanssi_related_not_related":"","_relevanssi_related_posts":"1","_relevanssi_noindex_reason":"","_custom_cards_description":"","footnotes":""},"class_list":["post-23","page","type-page","status-publish","hentry"],"acf":[],"_links":{"self":[{"href":"https:\/\/www.blakors.no\/videregaende-skole-grimstad\/wp-json\/wp\/v2\/pages\/23","targetHints":{"allow":["GET"]}}],"collection":[{"href":"https:\/\/www.blakors.no\/videregaende-skole-grimstad\/wp-json\/wp\/v2\/pages"}],"about":[{"href":"https:\/\/www.blakors.no\/videregaende-skole-grimstad\/wp-json\/wp\/v2\/types\/page"}],"author":[{"embeddable":true,"href":"https:\/\/www.blakors.no\/videregaende-skole-grimstad\/wp-json\/wp\/v2\/users\/23"}],"replies":[{"embeddable":true,"href":"https:\/\/www.blakors.no\/videregaende-skole-grimstad\/wp-json\/wp\/v2\/comments?post=23"}],"version-history":[{"count":4,"href":"https:\/\/www.blakors.no\/videregaende-skole-grimstad\/wp-json\/wp\/v2\/pages\/23\/revisions"}],"predecessor-version":[{"id":2015,"href":"https:\/\/www.blakors.no\/videregaende-skole-grimstad\/wp-json\/wp\/v2\/pages\/23\/revisions\/2015"}],"wp:attachment":[{"href":"https:\/\/www.blakors.no\/videregaende-skole-grimstad\/wp-json\/wp\/v2\/media?parent=23"}],"curies":[{"name":"wp","href":"https:\/\/api.w.org\/{rel}","templated":true}]}}