{"id":25,"date":"2021-08-24T08:56:38","date_gmt":"2021-08-24T06:56:38","guid":{"rendered":"https:\/\/www.blakors.no\/videregaende-skole-grimstad\/?page_id=25"},"modified":"2024-05-23T09:09:12","modified_gmt":"2024-05-23T07:09:12","slug":"kantine","status":"publish","type":"page","link":"https:\/\/www.blakors.no\/videregaende-skole-grimstad\/kantine\/","title":{"rendered":"Skolekj\u00f8kken"},"content":{"rendered":"\n<div class=\"wp-block-lib-header alignfull hide\"><div class=\"header-innercontent\"><\/div><\/div>\n\n\n\n<p>Hver dag f\u00e5r elevene tilbud om <strong>gratis frokost og lunsj<\/strong>. Noen klasserom har grupperom hvor det ogs\u00e5 er et minikj\u00f8kken. Dette rommet brukes som spiserom for elevene. Normalt vil man f\u00e5 tilbud om br\u00f8dskiver med diverse p\u00e5legg til.<\/p>\n\n\n\n<h2 class=\"wp-block-heading\" id=\"h-kantine-fellesareal\">Skolekj\u00f8kken\/fellesareal<\/h2>\n\n\n\n<p>Skolen har ogs\u00e5 skolekj\u00f8kken i et fellesareal hvor man kan velge \u00e5 spise. Her er det mulighet for \u00e5 varme opp mat. Skolekj\u00f8kkenet vil ikke v\u00e6re betjent. I tilknytning til dette arealet vil det v\u00e6re kontorer til sosialr\u00e5dgivere som vil v\u00e6re tilgjengelige for elevene. <\/p>\n","protected":false},"excerpt":{"rendered":"<p>Hver dag f\u00e5r elevene tilbud om gratis frokost og lunsj. Noen klasserom har grupperom hvor det ogs\u00e5 er et minikj\u00f8kken. Dette rommet brukes som spiserom for elevene. Normalt vil man f\u00e5 tilbud om br\u00f8dskiver med diverse p\u00e5legg til. Skolekj\u00f8kken\/fellesareal Skolen har ogs\u00e5 skolekj\u00f8kken i et fellesareal hvor man kan velge \u00e5 spise. Her er det [&hellip;]<\/p>\n","protected":false},"author":23,"featured_media":0,"parent":0,"menu_order":0,"comment_status":"closed","ping_status":"closed","template":"","meta":{"_acf_changed":false,"_relevanssi_hide_post":"","_relevanssi_hide_content":"","_relevanssi_pin_for_all":"on","_relevanssi_pin_keywords":"Kantine, fellesareal, gratis mat, lunsj, frokost","_relevanssi_unpin_keywords":"","_relevanssi_related_keywords":"","_relevanssi_related_include_ids":"","_relevanssi_related_exclude_ids":"","_relevanssi_related_no_append":"","_relevanssi_related_not_related":"","_relevanssi_related_posts":"1","_relevanssi_noindex_reason":"","_custom_cards_description":"","footnotes":""},"class_list":["post-25","page","type-page","status-publish","hentry"],"acf":[],"_links":{"self":[{"href":"https:\/\/www.blakors.no\/videregaende-skole-grimstad\/wp-json\/wp\/v2\/pages\/25","targetHints":{"allow":["GET"]}}],"collection":[{"href":"https:\/\/www.blakors.no\/videregaende-skole-grimstad\/wp-json\/wp\/v2\/pages"}],"about":[{"href":"https:\/\/www.blakors.no\/videregaende-skole-grimstad\/wp-json\/wp\/v2\/types\/page"}],"author":[{"embeddable":true,"href":"https:\/\/www.blakors.no\/videregaende-skole-grimstad\/wp-json\/wp\/v2\/users\/23"}],"replies":[{"embeddable":true,"href":"https:\/\/www.blakors.no\/videregaende-skole-grimstad\/wp-json\/wp\/v2\/comments?post=25"}],"version-history":[{"count":5,"href":"https:\/\/www.blakors.no\/videregaende-skole-grimstad\/wp-json\/wp\/v2\/pages\/25\/revisions"}],"predecessor-version":[{"id":2037,"href":"https:\/\/www.blakors.no\/videregaende-skole-grimstad\/wp-json\/wp\/v2\/pages\/25\/revisions\/2037"}],"wp:attachment":[{"href":"https:\/\/www.blakors.no\/videregaende-skole-grimstad\/wp-json\/wp\/v2\/media?parent=25"}],"curies":[{"name":"wp","href":"https:\/\/api.w.org\/{rel}","templated":true}]}}