{"id":29,"date":"2021-08-24T08:57:00","date_gmt":"2021-08-24T06:57:00","guid":{"rendered":"https:\/\/www.blakors.no\/videregaende-skole-grimstad\/?page_id=29"},"modified":"2025-10-06T10:12:26","modified_gmt":"2025-10-06T08:12:26","slug":"eksamen","status":"publish","type":"page","link":"https:\/\/www.blakors.no\/videregaende-skole-grimstad\/eksamen\/","title":{"rendered":"Eksamen &#8211; Bl\u00e5 Kors videreg\u00e5ende skole Grimstad"},"content":{"rendered":"\n<div class=\"wp-block-lib-header alignfull hide\"><div class=\"header-innercontent\"><\/div><\/div>\n\n\n\n<p>Alle elever meldes automatisk opp til eksamen.<\/p>\n\n\n\n<h2 class=\"wp-block-heading\" id=\"h-har-du-behov-for-tilrettelegging-p-eksamen\">Har du behov for tilrettelegging p\u00e5 eksamen?<\/h2>\n\n\n\n<p>Du&nbsp;kan s\u00f8ke rektor om s\u00e6rskilt tilrettelegging av eksamen, hvis du trenger det for \u00e5 f\u00e5 vist kompetansen din i faget.<\/p>\n\n\n\n<p>Har du nedsatt funksjonsevne, sykdom, skade eller&nbsp;allergi som gj\u00f8r det n\u00f8dvendig med spesiell tilrettelegging ved eksamen, kan du s\u00f8ke om dette.<\/p>\n\n\n\n<p>Tilrettelegging skal ikke gi deg fordeler sammenlignet med elever som ikke f\u00e5r s\u00e6rskilt tilrettelegging av eksamen. Den skal ikke v\u00e6re s\u00e5 omfattende at du ikke blir pr\u00f8vd i kompetansem\u00e5lene i faget. Dersom&nbsp; l\u00e6replanen krever skriftlige, muntlige eller praktiske&nbsp;ferdigheter, kan ikke den s\u00e6rskilte tilretteleggingen f\u00f8re til&nbsp;at disse ferdighetene ikke blir pr\u00f8vd.&nbsp;Manglende ferdigheter i norsk er ikke grunnlag for s\u00e6rskilt tilrettelegging av eksamen.<\/p>\n\n\n\n<h2 id=\"tilrettelegging-kan-vaere\"  class=\"wp-block-heading\" >Tilrettelegging kan v\u00e6re:<\/h2>\n\n\n\n<ul class=\"wp-block-list\">\n<li>forlenget tid<\/li>\n\n\n\n<li>opplest\/ forklart tekst<\/li>\n\n\n\n<li>oppgaveteksten forst\u00f8rret<\/li>\n\n\n\n<li>endre eksamensform (eksempelvis fra skriftlig til muntlig)<\/li>\n\n\n\n<li>mindre\/eget rom<\/li>\n\n\n\n<li>sekret\u00e6rhjelp<\/li>\n<\/ul>\n\n\n\n<p>Det er viktig at du s\u00f8ker om den s\u00e6rskilte tilretteleggingen av eksamen i god tid. Skolen skal i l\u00f8pet av&nbsp;skole\u00e5ret arbeide for \u00e5 finne ut hvilken tilrettelegging som er riktig for deg.<\/p>\n\n\n\n<p>Hvis endret eksamensform brukes som tilrettelegging, skal du ha den samme eksamensoppgaven som de andre elevene.<\/p>\n\n\n\n<p>Se forskrift \u00a7 3-32<\/p>\n\n\n\n<h2 id=\"klage\"  class=\"wp-block-heading\" >Klage<\/h2>\n\n\n\n<p>Som elev i videreg\u00e5ende skole kan du <a href=\"https:\/\/www.blakors.no\/videregaende-skole-grimstad\/klage-pa-karakterer\/\">klage p\u00e5 alle karakterer<\/a>. Du kan ogs\u00e5 klage p\u00e5 at du ikke har f\u00e5tt karakter i et fag (IV).<\/p>\n\n\n\n<p>Elever har ogs\u00e5 rett til \u00e5 klage p\u00e5 enkeltvedtak. Det gjelder for eksempel enkeltvedtak om inntak, og enkeltvedtak om spesialundervisning.<\/p>\n","protected":false},"excerpt":{"rendered":"<p>Alle elever meldes automatisk opp til eksamen. Har du behov for tilrettelegging p\u00e5 eksamen? Du&nbsp;kan s\u00f8ke rektor om s\u00e6rskilt tilrettelegging av eksamen, hvis du trenger det for \u00e5 f\u00e5 vist kompetansen din i faget. Har du nedsatt funksjonsevne, sykdom, skade eller&nbsp;allergi som gj\u00f8r det n\u00f8dvendig med spesiell tilrettelegging ved eksamen, kan du s\u00f8ke om dette. [&hellip;]<\/p>\n","protected":false},"author":23,"featured_media":0,"parent":0,"menu_order":0,"comment_status":"closed","ping_status":"closed","template":"","meta":{"_acf_changed":false,"_relevanssi_hide_post":"","_relevanssi_hide_content":"","_relevanssi_pin_for_all":"","_relevanssi_pin_keywords":"","_relevanssi_unpin_keywords":"","_relevanssi_related_keywords":"","_relevanssi_related_include_ids":"","_relevanssi_related_exclude_ids":"","_relevanssi_related_no_append":"","_relevanssi_related_not_related":"","_relevanssi_related_posts":"1","_relevanssi_noindex_reason":"","_custom_cards_description":"","footnotes":""},"class_list":["post-29","page","type-page","status-publish","hentry"],"acf":[],"_links":{"self":[{"href":"https:\/\/www.blakors.no\/videregaende-skole-grimstad\/wp-json\/wp\/v2\/pages\/29","targetHints":{"allow":["GET"]}}],"collection":[{"href":"https:\/\/www.blakors.no\/videregaende-skole-grimstad\/wp-json\/wp\/v2\/pages"}],"about":[{"href":"https:\/\/www.blakors.no\/videregaende-skole-grimstad\/wp-json\/wp\/v2\/types\/page"}],"author":[{"embeddable":true,"href":"https:\/\/www.blakors.no\/videregaende-skole-grimstad\/wp-json\/wp\/v2\/users\/23"}],"replies":[{"embeddable":true,"href":"https:\/\/www.blakors.no\/videregaende-skole-grimstad\/wp-json\/wp\/v2\/comments?post=29"}],"version-history":[{"count":5,"href":"https:\/\/www.blakors.no\/videregaende-skole-grimstad\/wp-json\/wp\/v2\/pages\/29\/revisions"}],"predecessor-version":[{"id":2240,"href":"https:\/\/www.blakors.no\/videregaende-skole-grimstad\/wp-json\/wp\/v2\/pages\/29\/revisions\/2240"}],"wp:attachment":[{"href":"https:\/\/www.blakors.no\/videregaende-skole-grimstad\/wp-json\/wp\/v2\/media?parent=29"}],"curies":[{"name":"wp","href":"https:\/\/api.w.org\/{rel}","templated":true}]}}