{"id":31,"date":"2021-08-24T08:59:24","date_gmt":"2021-08-24T06:59:24","guid":{"rendered":"https:\/\/www.blakors.no\/videregaende-skole-grimstad\/?page_id=31"},"modified":"2025-09-30T12:35:52","modified_gmt":"2025-09-30T10:35:52","slug":"radgivertjeneste","status":"publish","type":"page","link":"https:\/\/www.blakors.no\/videregaende-skole-grimstad\/radgivertjeneste\/","title":{"rendered":"Sosialr\u00e5dgiver"},"content":{"rendered":"\n<div class=\"wp-block-lib-header alignfull hide\"><div class=\"header-innercontent\"><\/div><\/div>\n\n\n\n<p>Det er r\u00e5dgivere knyttet til hver avdeling, som er lett tilgjengelig for elever og l\u00e6rer. <\/p>\n\n\n\n<h2 class=\"wp-block-heading\" id=\"h-radgivernes-oppgaver\">Sosialr\u00e5dgivernes oppgaver:<\/h2>\n\n\n\n<ul class=\"wp-block-list\">\n<li>St\u00f8tte kontaktl\u00e6rerne<\/li>\n\n\n\n<li>Bidra med dokumentasjon, blant annet IOP\u2019er (individuelle oppl\u00e6ringsplaner)<\/li>\n\n\n\n<li>V\u00e6re en samtalepartner for elevene<\/li>\n\n\n\n<li>Avdelingens bindeledd til eksterne samarbeidspartnere (som PPT, PUT med flere)<\/li>\n\n\n\n<li>Koordinering opp mot Ungdomskontakten i kommunen<\/li>\n\n\n\n<li>Yrkes- og utdanningsveiledning.<\/li>\n<\/ul>\n\n\n<div class=\"no-image wp-block-blakors-person-cards\">\n\t\t\t\n<div class=\"t2-featured-single-post compact-card-template t2-featured-content is-post-type-person compact-card-template wp-block-t2-featured-single-post\"><figure class=\"t2-post-featured-image has-image-ratio-1-1 wp-block-t2-post-featured-image\"><img decoding=\"async\" sizes=\"(min-width: 782px) 768px, 100vw\" class=\"fallback\" loading=\"lazy\" src=\"https:\/\/www.blakors.no\/content\/themes\/blakors\/assets\/icons\/t2-post-featured-image.svg\"><\/figure>\n\n<div class=\"wp-block-group alignfull is-layout-flow wp-block-group-is-layout-flow\">\n\t<div class=\"t2-post-dynamic-part is-source-filter filter-person_card_meta post-meta wp-block-t2-post-dynamic-part\"><div class=\"title\"><h2 id=\"thomas-bjerkeng-nielsen\"  class=\"t2-post-title wp-block-t2-post-title\" >Thomas Bjerkeng Nielsen<\/h2><p class=\"position\">Sosialr\u00e5dgiver<\/p><\/div><div class=\"contact-info\"><p class=\"phone\"><a href=\"tel:+4793064610\">93064610<\/a><\/p><p class=\"email\"><a href=\"mailto:thomas.nielsen@blakors.no\">thomas.nielsen@blakors.no<\/a><\/p><\/div><\/div>\n<\/div>\n\n<\/div>\n\n<div class=\"t2-featured-single-post compact-card-template t2-featured-content is-post-type-person compact-card-template wp-block-t2-featured-single-post\"><figure class=\"t2-post-featured-image has-image-ratio-1-1 wp-block-t2-post-featured-image\"><img decoding=\"async\" sizes=\"(min-width: 782px) 768px, 100vw\" class=\"fallback\" loading=\"lazy\" src=\"https:\/\/www.blakors.no\/content\/themes\/blakors\/assets\/icons\/t2-post-featured-image.svg\"><\/figure>\n\n<div class=\"wp-block-group alignfull is-layout-flow wp-block-group-is-layout-flow\">\n\t<div class=\"t2-post-dynamic-part is-source-filter filter-person_card_meta post-meta wp-block-t2-post-dynamic-part\"><div class=\"title\"><h2 id=\"elisabeth-lindboe\"  class=\"t2-post-title wp-block-t2-post-title\" >Elisabeth Lindboe<\/h2><p class=\"position\">Permisjon<\/p><\/div><div class=\"contact-info\"><p class=\"email\"><a href=\"mailto:elisabeth.lindboe@blakors.no\">elisabeth.lindboe@blakors.no<\/a><\/p><\/div><\/div>\n<\/div>\n\n<\/div>\n\n<div class=\"t2-featured-single-post compact-card-template t2-featured-content is-post-type-person compact-card-template wp-block-t2-featured-single-post\"><figure class=\"t2-post-featured-image has-image-ratio-1-1 wp-block-t2-post-featured-image\"><img decoding=\"async\" sizes=\"(min-width: 782px) 768px, 100vw\" class=\"fallback\" loading=\"lazy\" src=\"https:\/\/www.blakors.no\/content\/themes\/blakors\/assets\/icons\/t2-post-featured-image.svg\"><\/figure>\n\n<div class=\"wp-block-group alignfull is-layout-flow wp-block-group-is-layout-flow\">\n\t<div class=\"t2-post-dynamic-part is-source-filter filter-person_card_meta post-meta wp-block-t2-post-dynamic-part\"><div class=\"title\"><h2 id=\"marlene-rosenborg-johnsen\"  class=\"t2-post-title wp-block-t2-post-title\" >Marlene Rosenborg-Johnsen<\/h2><p class=\"position\">Sosialr\u00e5dgiver\/Merkantil &#8211; Buss og taxi ansvarlig<\/p><\/div><div class=\"contact-info\"><p class=\"phone\"><a href=\"tel:+4797622688\">97622688<\/a><\/p><p class=\"email\"><a href=\"mailto:marlene.rosenborg@blakors.no\">marlene.rosenborg@blakors.no<\/a><\/p><\/div><\/div>\n<\/div>\n\n<\/div>\n\n<div class=\"t2-featured-single-post compact-card-template t2-featured-content is-post-type-person compact-card-template wp-block-t2-featured-single-post\"><figure class=\"t2-post-featured-image has-image-ratio-1-1 wp-block-t2-post-featured-image\"><img decoding=\"async\" sizes=\"(min-width: 782px) 768px, 100vw\" class=\"fallback\" loading=\"lazy\" src=\"https:\/\/www.blakors.no\/content\/themes\/blakors\/assets\/icons\/t2-post-featured-image.svg\"><\/figure>\n\n<div class=\"wp-block-group alignfull is-layout-flow wp-block-group-is-layout-flow\">\n\t<div class=\"t2-post-dynamic-part is-source-filter filter-person_card_meta post-meta wp-block-t2-post-dynamic-part\"><div class=\"title\"><h2 id=\"marte-larsen\"  class=\"t2-post-title wp-block-t2-post-title\" >Marte Larsen<\/h2><p class=\"position\">Sosialr\u00e5dgiver<\/p><\/div><div class=\"contact-info\"><p class=\"email\"><a href=\"mailto:marte.larsen@blakors.no\">marte.larsen@blakors.no<\/a><\/p><\/div><\/div>\n<\/div>\n\n<\/div>\n\n\t\t<\/div>","protected":false},"excerpt":{"rendered":"<p>Det er r\u00e5dgivere knyttet til hver avdeling, som er lett tilgjengelig for elever og l\u00e6rer. Sosialr\u00e5dgivernes oppgaver:<\/p>\n","protected":false},"author":23,"featured_media":0,"parent":0,"menu_order":0,"comment_status":"closed","ping_status":"closed","template":"","meta":{"_acf_changed":false,"_relevanssi_hide_post":"","_relevanssi_hide_content":"","_relevanssi_pin_for_all":"on","_relevanssi_pin_keywords":"R\u00e5dgivertjenesten, r\u00e5dgivere, samtalepartner, utdanningsveiledning, yrkesveiledning, r\u00e5dgivertjeneste","_relevanssi_unpin_keywords":"","_relevanssi_related_keywords":"","_relevanssi_related_include_ids":"","_relevanssi_related_exclude_ids":"","_relevanssi_related_no_append":"","_relevanssi_related_not_related":"","_relevanssi_related_posts":"1","_relevanssi_noindex_reason":"","_custom_cards_description":"","footnotes":""},"class_list":["post-31","page","type-page","status-publish","hentry"],"acf":[],"_links":{"self":[{"href":"https:\/\/www.blakors.no\/videregaende-skole-grimstad\/wp-json\/wp\/v2\/pages\/31","targetHints":{"allow":["GET"]}}],"collection":[{"href":"https:\/\/www.blakors.no\/videregaende-skole-grimstad\/wp-json\/wp\/v2\/pages"}],"about":[{"href":"https:\/\/www.blakors.no\/videregaende-skole-grimstad\/wp-json\/wp\/v2\/types\/page"}],"author":[{"embeddable":true,"href":"https:\/\/www.blakors.no\/videregaende-skole-grimstad\/wp-json\/wp\/v2\/users\/23"}],"replies":[{"embeddable":true,"href":"https:\/\/www.blakors.no\/videregaende-skole-grimstad\/wp-json\/wp\/v2\/comments?post=31"}],"version-history":[{"count":4,"href":"https:\/\/www.blakors.no\/videregaende-skole-grimstad\/wp-json\/wp\/v2\/pages\/31\/revisions"}],"predecessor-version":[{"id":2239,"href":"https:\/\/www.blakors.no\/videregaende-skole-grimstad\/wp-json\/wp\/v2\/pages\/31\/revisions\/2239"}],"wp:attachment":[{"href":"https:\/\/www.blakors.no\/videregaende-skole-grimstad\/wp-json\/wp\/v2\/media?parent=31"}],"curies":[{"name":"wp","href":"https:\/\/api.w.org\/{rel}","templated":true}]}}