{"id":35,"date":"2021-08-24T08:59:43","date_gmt":"2021-08-24T06:59:43","guid":{"rendered":"https:\/\/www.blakors.no\/videregaende-skole-grimstad\/?page_id=35"},"modified":"2026-01-20T16:38:19","modified_gmt":"2026-01-20T15:38:19","slug":"fridager","status":"publish","type":"page","link":"https:\/\/www.blakors.no\/videregaende-skole-grimstad\/fridager\/","title":{"rendered":"Skolerute"},"content":{"rendered":"\n<div class=\"wp-block-lib-header alignfull hide\"><div class=\"header-innercontent\"><\/div><\/div>\n\n\n\n<p>Skolerute 2025\/2026<\/p>\n\n\n\n<figure class=\"wp-block-table\"><table><thead><tr><th>M\u00e5ned<\/th><th>Merknader<\/th><\/tr><\/thead><tbody><tr><td><strong>August<\/strong><\/td><td>Skolestart torsdag 14. august<\/td><\/tr><tr><td><strong>September<\/strong><\/td><td><\/td><\/tr><tr><td><strong>Oktober<\/strong><\/td><td>H\u00f8stferie uke 40. <\/td><\/tr><tr><td><strong>November<\/strong><\/td><td>Skolefri fredag 7. november (S\u00f8rlandsk l\u00e6rerstevne)<\/td><\/tr><tr><td><strong>Desember<\/strong><\/td><td>Siste skoledag f\u00f8r jul fredag 19. desember<\/td><\/tr><tr><td><\/td><td><em>Skoledager h\u00f8sten 2025: 86<\/em><\/td><\/tr><tr><td><strong>Januar<\/strong><\/td><td>Skolestart mandag 5. januar<\/td><\/tr><tr><td><strong>Februar<\/strong><\/td><td>Vinterferie uke 8.<\/td><\/tr><tr><td><strong>Mars<\/strong><\/td><td><\/td><\/tr><tr><td><strong>April<\/strong><\/td><td>P\u00e5skeferie f.o.m mandag 30. mars t.o.m tirsdag 7. april<\/td><\/tr><tr><td><strong>Mai<\/strong><\/td><td>Fri fredag 1. mai, torsdag 14. mai (Kristi himmelfartsdag), 15. mai (inneklemt dag) og mandag 25. mai (andre pinsedag).<\/td><\/tr><tr><td><strong>Juni<\/strong><\/td><td>Siste skoledag fredag 19. juni<\/td><\/tr><tr><td><\/td><td><em>Skoledager v\u00e5ren 2026: 104<\/em><\/td><\/tr><\/tbody><\/table><figcaption class=\"wp-element-caption\">Skolerute like Agder Fylkeskommune<\/figcaption><\/figure>\n\n\n\n<p>Skolerute 2026\/2027<\/p>\n\n\n\n<figure class=\"wp-block-table\"><table><thead><tr><th>M\u00e5ned<\/th><th>Merknader<\/th><\/tr><\/thead><tbody><tr><td><strong>August<\/strong><\/td><td>Skolestart torsdag 13. august<\/td><\/tr><tr><td><strong>September<\/strong><\/td><td><\/td><\/tr><tr><td><strong>Oktober<\/strong><\/td><td>H\u00f8stferie uke 40. <\/td><\/tr><tr><td><strong>November<\/strong><\/td><td>Skolefri fredag 6. november (S\u00f8rlandsk l\u00e6rerstevne)<\/td><\/tr><tr><td><strong>Desember<\/strong><\/td><td>Siste skoledag f\u00f8r jul fredag 18. desember<\/td><\/tr><tr><td><\/td><td><\/td><\/tr><tr><td><strong>Januar<\/strong><\/td><td>Skolestart tirsdag 5. januar<\/td><\/tr><tr><td><strong>Februar<\/strong><\/td><td>Vinterferie uke 8.<\/td><\/tr><tr><td><strong>Mars<\/strong><\/td><td>P\u00e5skeferie f.o.m mandag 22. mars t.o.m tirsdag 30. mars.<\/td><\/tr><tr><td><strong>April<\/strong><\/td><td><\/td><\/tr><tr><td><strong>Mai<\/strong><\/td><td>Fri: fredag 6. mai (Kristi himmelfartsdag), 7. mai (inneklemt dag) og mandag 17. mai (andre pinsedag og grunnlovsdagen).<\/td><\/tr><tr><td><strong>Juni<\/strong><\/td><td>Siste skoledag fredag 18. juni<\/td><\/tr><tr><td><\/td><td><\/td><\/tr><\/tbody><\/table><figcaption class=\"wp-element-caption\">Skolerute like Agder Fylkeskommune<\/figcaption><\/figure>\n","protected":false},"excerpt":{"rendered":"<p>Skolerute 2025\/2026 M\u00e5ned Merknader August Skolestart torsdag 14. august September Oktober H\u00f8stferie uke 40. November Skolefri fredag 7. november (S\u00f8rlandsk l\u00e6rerstevne) Desember Siste skoledag f\u00f8r jul fredag 19. desember Skoledager h\u00f8sten 2025: 86 Januar Skolestart mandag 5. januar Februar Vinterferie uke 8. Mars April P\u00e5skeferie f.o.m mandag 30. mars t.o.m tirsdag 7. april Mai Fri [&hellip;]<\/p>\n","protected":false},"author":23,"featured_media":0,"parent":0,"menu_order":0,"comment_status":"closed","ping_status":"closed","template":"","meta":{"_acf_changed":false,"_relevanssi_hide_post":"","_relevanssi_hide_content":"","_relevanssi_pin_for_all":"","_relevanssi_pin_keywords":"","_relevanssi_unpin_keywords":"","_relevanssi_related_keywords":"","_relevanssi_related_include_ids":"","_relevanssi_related_exclude_ids":"","_relevanssi_related_no_append":"","_relevanssi_related_not_related":"","_relevanssi_related_posts":"1","_relevanssi_noindex_reason":"","_custom_cards_description":"","footnotes":""},"class_list":["post-35","page","type-page","status-publish","hentry"],"acf":[],"_links":{"self":[{"href":"https:\/\/www.blakors.no\/videregaende-skole-grimstad\/wp-json\/wp\/v2\/pages\/35","targetHints":{"allow":["GET"]}}],"collection":[{"href":"https:\/\/www.blakors.no\/videregaende-skole-grimstad\/wp-json\/wp\/v2\/pages"}],"about":[{"href":"https:\/\/www.blakors.no\/videregaende-skole-grimstad\/wp-json\/wp\/v2\/types\/page"}],"author":[{"embeddable":true,"href":"https:\/\/www.blakors.no\/videregaende-skole-grimstad\/wp-json\/wp\/v2\/users\/23"}],"replies":[{"embeddable":true,"href":"https:\/\/www.blakors.no\/videregaende-skole-grimstad\/wp-json\/wp\/v2\/comments?post=35"}],"version-history":[{"count":4,"href":"https:\/\/www.blakors.no\/videregaende-skole-grimstad\/wp-json\/wp\/v2\/pages\/35\/revisions"}],"predecessor-version":[{"id":2390,"href":"https:\/\/www.blakors.no\/videregaende-skole-grimstad\/wp-json\/wp\/v2\/pages\/35\/revisions\/2390"}],"wp:attachment":[{"href":"https:\/\/www.blakors.no\/videregaende-skole-grimstad\/wp-json\/wp\/v2\/media?parent=35"}],"curies":[{"name":"wp","href":"https:\/\/api.w.org\/{rel}","templated":true}]}}