{"id":37,"date":"2021-08-24T08:59:50","date_gmt":"2021-08-24T06:59:50","guid":{"rendered":"https:\/\/www.blakors.no\/videregaende-skole-grimstad\/?page_id=37"},"modified":"2021-09-01T15:20:20","modified_gmt":"2021-09-01T13:20:20","slug":"vitnemal","status":"publish","type":"page","link":"https:\/\/www.blakors.no\/videregaende-skole-grimstad\/vitnemal\/","title":{"rendered":"Vitnem\u00e5l"},"content":{"rendered":"\n<div class=\"wp-block-lib-header alignfull hide\"><div class=\"header-innercontent\"><\/div><\/div>\n\n\n\n<ul class=\"wp-block-list\"><li>Vitnem\u00e5l er dokumentasjon p\u00e5 et fullf\u00f8rt og best\u00e5tt videreg\u00e5ende oppl\u00e6ringsl\u00f8p, som gir studie- og\/eller yrkeskompetanse. Med yrkeskompetanse mener vi b\u00e5de best\u00e5tt yrkeskompetanse i skole og best\u00e5tt fagoppl\u00e6ring.<\/li><li>Skolen vil gi karakterutskrift og vitnem\u00e5l fra fag som er best\u00e5tt. Fagbrev utdeles i eget hjemfylke etter best\u00e5tt l\u00e6retid og fagpr\u00f8ve. De som tar p\u00e5bygg studiespesialisering f\u00e5r vitnem\u00e5l fra skolen.<\/li><li>Samme vitnem\u00e5l kan b\u00e5de gi studiekompetanse og yrkeskompetanse og\/eller best\u00e5tt fagoppl\u00e6ring.<\/li><li>Under omtalen av yrkesfaglige utdanningsprogram punkt 9.2 beskriver vi unntak fra kravet om best\u00e5tt i inntil to fellesfag.<\/li><li>Vitnem\u00e5let skal vise b\u00e5de standpunktkarakterer og eksamenskarakterer i fag, standpunktkarakterer i orden og i adferd og frav\u00e6r. Fag kan ogs\u00e5 v\u00e6re godkjent etter realkompetansevurdering og i bestemte tilfeller kan det v\u00e6re gitt fritak for oppl\u00e6ring\/vurdering.<br><br><em>Oppl\u00e6ringsloven \u00a7 3-1 ellevte ledd. Forskrift til oppl\u00e6ringsloven \u00a7\u00a7\u00a03-39,\u00a03-41, 3-42, 3-44, 3-45 og 4-13.<\/em><\/li><\/ul>\n\n\n\n<div class=\"wp-block-lib-accentuated-link\"><a class=\"lib-link__link\" href=\"https:\/\/www.udir.no\/eksamen-og-prover\/dokumentasjon\/vitnemal-og-kompetansebevis\/foring-vitnemal-kompetansebevis-vgs\/\" rel=\"noreferrer noopener\" target=\"_blank\"><div class=\"lib-link__text-content\"><h6 id=\"les-mer\"  class=\"lib-link__tagline\" >les mer<\/h6><h3 id=\"utdanningsdirektoratets-retningslinjer-for-vitnemal\"  class=\"lib-link__title\" >Utdanningsdirektoratets retningslinjer for vitnem\u00e5l<\/h3><span class=\"lib-link__link-source\">www.udir.no<SVG viewBox=\"0 0 13 13\" xmlns=\"http:\/\/www.w3.org\/2000\/svg\" width=\"16\" height=\"16\">\n\t\t<Path d=\"M12.5,0h.15l0,0,0,0,0,0,0,0,0,0v0h0l0,0L12.85.15a.27.27,0,0,1,.07.08.08.08,0,0,1,0,0,.08.08,0,0,1,0,0s0,0,0,0A.43.43,0,0,1,13,.4h0v0a.09.09,0,0,1,0,0v4a.5.5,0,0,1-1,.09V1.71L5.52,8.19a.51.51,0,0,1-.71,0,.5.5,0,0,1,0-.64l0-.07L11.29,1H8.5A.5.5,0,0,1,8,.59V.5A.5.5,0,0,1,8.41,0H12.5ZM5.83,2a.5.5,0,0,1,.5.5A.49.49,0,0,1,5.92,3H1.83a.87.87,0,0,0-.59.24A.8.8,0,0,0,1,3.72v7.45a.87.87,0,0,0,.24.59.8.8,0,0,0,.48.23H9.17a.87.87,0,0,0,.59-.24.8.8,0,0,0,.23-.48V7.17a.5.5,0,0,1,.5-.5.49.49,0,0,1,.49.41v4.09a1.8,1.8,0,0,1-.54,1.29A1.76,1.76,0,0,1,9.33,13H1.83a1.8,1.8,0,0,1-1.29-.54A1.76,1.76,0,0,1,0,11.33V3.83A1.8,1.8,0,0,1,.54,2.54,1.76,1.76,0,0,1,1.67,2H5.83Z\"\/>\n<\/SVG>\n<\/span><\/div><\/a><\/div>\n","protected":false},"excerpt":{"rendered":"<p>Vitnem\u00e5l er dokumentasjon p\u00e5 et fullf\u00f8rt og best\u00e5tt videreg\u00e5ende oppl\u00e6ringsl\u00f8p, som gir studie- og\/eller yrkeskompetanse. Med yrkeskompetanse mener vi b\u00e5de best\u00e5tt yrkeskompetanse i skole og best\u00e5tt fagoppl\u00e6ring. Skolen vil gi karakterutskrift og vitnem\u00e5l fra fag som er best\u00e5tt. Fagbrev utdeles i eget hjemfylke etter best\u00e5tt l\u00e6retid og fagpr\u00f8ve. De som tar p\u00e5bygg studiespesialisering f\u00e5r vitnem\u00e5l [&hellip;]<\/p>\n","protected":false},"author":23,"featured_media":0,"parent":0,"menu_order":0,"comment_status":"closed","ping_status":"closed","template":"","meta":{"_acf_changed":false,"_relevanssi_hide_post":"","_relevanssi_hide_content":"","_relevanssi_pin_for_all":"","_relevanssi_pin_keywords":"","_relevanssi_unpin_keywords":"","_relevanssi_related_keywords":"","_relevanssi_related_include_ids":"","_relevanssi_related_exclude_ids":"","_relevanssi_related_no_append":"","_relevanssi_related_not_related":"","_relevanssi_related_posts":"1","_relevanssi_noindex_reason":"","_custom_cards_description":"","footnotes":""},"class_list":["post-37","page","type-page","status-publish","hentry"],"acf":[],"_links":{"self":[{"href":"https:\/\/www.blakors.no\/videregaende-skole-grimstad\/wp-json\/wp\/v2\/pages\/37","targetHints":{"allow":["GET"]}}],"collection":[{"href":"https:\/\/www.blakors.no\/videregaende-skole-grimstad\/wp-json\/wp\/v2\/pages"}],"about":[{"href":"https:\/\/www.blakors.no\/videregaende-skole-grimstad\/wp-json\/wp\/v2\/types\/page"}],"author":[{"embeddable":true,"href":"https:\/\/www.blakors.no\/videregaende-skole-grimstad\/wp-json\/wp\/v2\/users\/23"}],"replies":[{"embeddable":true,"href":"https:\/\/www.blakors.no\/videregaende-skole-grimstad\/wp-json\/wp\/v2\/comments?post=37"}],"version-history":[{"count":7,"href":"https:\/\/www.blakors.no\/videregaende-skole-grimstad\/wp-json\/wp\/v2\/pages\/37\/revisions"}],"predecessor-version":[{"id":678,"href":"https:\/\/www.blakors.no\/videregaende-skole-grimstad\/wp-json\/wp\/v2\/pages\/37\/revisions\/678"}],"wp:attachment":[{"href":"https:\/\/www.blakors.no\/videregaende-skole-grimstad\/wp-json\/wp\/v2\/media?parent=37"}],"curies":[{"name":"wp","href":"https:\/\/api.w.org\/{rel}","templated":true}]}}