{"id":43,"date":"2021-08-24T09:00:32","date_gmt":"2021-08-24T07:00:32","guid":{"rendered":"https:\/\/www.blakors.no\/videregaende-skole-grimstad\/?page_id=43"},"modified":"2024-03-21T10:46:37","modified_gmt":"2024-03-21T09:46:37","slug":"fravaer","status":"publish","type":"page","link":"https:\/\/www.blakors.no\/videregaende-skole-grimstad\/fravaer\/","title":{"rendered":"Frav\u00e6r hos Bl\u00e5 Kors videreg\u00e5ende skole Grimstad"},"content":{"rendered":"\n<div class=\"wp-block-lib-header alignfull hide\"><div class=\"image-wrapper\"><img decoding=\"async\" src=\"https:\/\/www.blakors.no\/content\/uploads\/sites\/24\/2021\/08\/untitled_-24-scaled.jpg\"\/><\/div><div class=\"header-innercontent\">\n\n<\/div><\/div>\n\n\n\n<p>N\u00e5r du begynner p\u00e5 videreg\u00e5ende skole er det viktig \u00e5 v\u00e6re til stede p\u00e5 skolen. Derfor er vi p\u00e5 Bl\u00e5 Kors videreg\u00e5ende skole, Grimstad bevisste p\u00e5 \u00e5 f\u00f8lge opp frav\u00e6ret til elevene v\u00e5re. Kort oppsummert kan en si at m\u00e5let med frav\u00e6rsreglene er \u00e5 begrense udokumentert frav\u00e6r.<\/p>\n\n\n\n<h2 class=\"wp-block-heading\" id=\"h-fravaersgrensene-kan-oppsummeres-slik\">Frav\u00e6rsgrensene kan oppsummeres slik:<\/h2>\n\n\n\n<p>\u2022&nbsp;&nbsp; &nbsp;Elever i videreg\u00e5ende skole skal m\u00f8te opp og delta aktivt i oppl\u00e6ringen.<br>\u2022&nbsp;&nbsp; &nbsp;Frav\u00e6rsgrense p\u00e5 10 %.<\/p>\n\n\n\n<div class=\"custom-block-factbox\">\n\t<p>Hvis en elev har mer enn ti prosent udokumentert frav\u00e6r i et fag, vil han eller hun som hovedregel ikke ha rett til \u00e5 f\u00e5 vurdering med karakter eller standpunktkarakter i faget, og l\u00e6reren har heller ikke lov til \u00e5 sette slike karakterer<\/p>\n<ul>\n<li>Eleven m\u00e5 legge fram relevant dokumentasjon for \u00e5 f\u00e5 frav\u00e6r unntatt fra frav\u00e6rsgrensen<\/li>\n<li>Hvis eleven har mellom 10 og 15 prosent udokumentert frav\u00e6r og frav\u00e6rs\u00e5rsaken gj\u00f8r det klart urimelig at eleven ikke skal kunne f\u00e5 karakter, kan rektor bestemme at han eller hun likevel f\u00e5r karakter.<\/li>\n<li>Frav\u00e6rsgrensen gjelder timefrav\u00e6r i enkeltfag, ikke elevenes totale frav\u00e6r.<\/li>\n<li>Eleven skal f\u00e5 et varsel om han eller hun st\u00e5r i fare for \u00e5 ikke f\u00e5 karakter p\u00e5 grunn av frav\u00e6r.Forskrift til Privatskoleloven \u00a75.1-2<\/li>\n<\/ul>\n<\/div>\n\n\n\n<h2 id=\"gyldig-grunn-til-fravaer\"  class=\"wp-block-heading\" >Gyldig grunn til frav\u00e6r:<\/h2>\n\n\n\n<p>\u2022&nbsp;&nbsp; &nbsp;Helse og velferdsgrunner<br>\u2022&nbsp;&nbsp; &nbsp;arbeid som tillitsvalgt<br>\u2022&nbsp;&nbsp; &nbsp;politisk arbeid<br>\u2022&nbsp;&nbsp; &nbsp;hjelpearbeid<br>\u2022&nbsp;&nbsp; &nbsp;lovp\u00e5lagt oppm\u00f8te<br>\u2022&nbsp;&nbsp; &nbsp;representasjon i arrangement p\u00e5 nasjonalt eller internasjonalt niv\u00e5, f.eks. idrett&nbsp;<\/p>\n\n\n\n<p>Frav\u00e6ret m\u00e5 dokumenteres med for eksempel legeattest eller innkalling.&nbsp;Ikke glem at dokumentene m\u00e5 v\u00e6re signert\/stemplet.<\/p>\n\n\n\n<p>Er det tvil om hvordan reglene skal forst\u00e5s kan dette tas opp med kontaktl\u00e6rer.<\/p>\n","protected":false},"excerpt":{"rendered":"<p>N\u00e5r du begynner p\u00e5 videreg\u00e5ende skole er det viktig \u00e5 v\u00e6re til stede p\u00e5 skolen. Derfor er vi p\u00e5 Bl\u00e5 Kors videreg\u00e5ende skole, Grimstad bevisste p\u00e5 \u00e5 f\u00f8lge opp frav\u00e6ret til elevene v\u00e5re. Kort oppsummert kan en si at m\u00e5let med frav\u00e6rsreglene er \u00e5 begrense udokumentert frav\u00e6r. Frav\u00e6rsgrensene kan oppsummeres slik: \u2022&nbsp;&nbsp; &nbsp;Elever i videreg\u00e5ende [&hellip;]<\/p>\n","protected":false},"author":23,"featured_media":539,"parent":0,"menu_order":0,"comment_status":"closed","ping_status":"closed","template":"","meta":{"_acf_changed":false,"_relevanssi_hide_post":"","_relevanssi_hide_content":"","_relevanssi_pin_for_all":"on","_relevanssi_pin_keywords":"Frav\u00e6r, frav\u00e6rsgrensen, gyldig frav\u00e6r","_relevanssi_unpin_keywords":"","_relevanssi_related_keywords":"","_relevanssi_related_include_ids":"","_relevanssi_related_exclude_ids":"","_relevanssi_related_no_append":"","_relevanssi_related_not_related":"","_relevanssi_related_posts":"1","_relevanssi_noindex_reason":"","_custom_cards_description":"","footnotes":""},"class_list":["post-43","page","type-page","status-publish","has-post-thumbnail","hentry"],"acf":[],"_links":{"self":[{"href":"https:\/\/www.blakors.no\/videregaende-skole-grimstad\/wp-json\/wp\/v2\/pages\/43","targetHints":{"allow":["GET"]}}],"collection":[{"href":"https:\/\/www.blakors.no\/videregaende-skole-grimstad\/wp-json\/wp\/v2\/pages"}],"about":[{"href":"https:\/\/www.blakors.no\/videregaende-skole-grimstad\/wp-json\/wp\/v2\/types\/page"}],"author":[{"embeddable":true,"href":"https:\/\/www.blakors.no\/videregaende-skole-grimstad\/wp-json\/wp\/v2\/users\/23"}],"replies":[{"embeddable":true,"href":"https:\/\/www.blakors.no\/videregaende-skole-grimstad\/wp-json\/wp\/v2\/comments?post=43"}],"version-history":[{"count":4,"href":"https:\/\/www.blakors.no\/videregaende-skole-grimstad\/wp-json\/wp\/v2\/pages\/43\/revisions"}],"predecessor-version":[{"id":2025,"href":"https:\/\/www.blakors.no\/videregaende-skole-grimstad\/wp-json\/wp\/v2\/pages\/43\/revisions\/2025"}],"wp:featuredmedia":[{"embeddable":true,"href":"https:\/\/www.blakors.no\/videregaende-skole-grimstad\/wp-json\/wp\/v2\/media\/539"}],"wp:attachment":[{"href":"https:\/\/www.blakors.no\/videregaende-skole-grimstad\/wp-json\/wp\/v2\/media?parent=43"}],"curies":[{"name":"wp","href":"https:\/\/api.w.org\/{rel}","templated":true}]}}