{"id":47,"date":"2021-08-24T09:00:55","date_gmt":"2021-08-24T07:00:55","guid":{"rendered":"https:\/\/www.blakors.no\/videregaende-skole-grimstad\/?page_id=47"},"modified":"2025-10-21T12:59:17","modified_gmt":"2025-10-21T10:59:17","slug":"lanekassen","status":"publish","type":"page","link":"https:\/\/www.blakors.no\/videregaende-skole-grimstad\/lanekassen\/","title":{"rendered":"L\u00e5nekassen og Bl\u00e5 Kors videreg\u00e5ende skole Grimstad"},"content":{"rendered":"\n<div class=\"wp-block-lib-header alignfull hide\"><div class=\"header-innercontent\"><\/div><\/div>\n\n\n\n<p>Som elev ved en videreg\u00e5ende skole kan du ha rett til ulike stipend og l\u00e5n. Dette avhenger blant annet av om du bor hjemme eller borte, om du fors\u00f8rger noen og om du har brukt opp retten din eller ikke.<\/p>\n\n\n\n<p>Alle elever med&nbsp;<strong>ungdomsrett i videreg\u00e5ende oppl\u00e6ring<\/strong>&nbsp;kan f\u00e5 utstyrsstipend. Unntakene er l\u00e6rlinger, l\u00e6rekandidater og praksisbrevkandidater.<\/p>\n\n\n\n<p>Du m\u00e5 selv s\u00f8ke om stipend, og du kan s\u00f8ke f\u00f8rst etter at du har f\u00e5tt skoleplass. N\u00e5r du s\u00f8ker om stipend, vurderer L\u00e5nekassen om det er andre typer stipend du har rett til.<\/p>\n\n\n\n<h2 class=\"wp-block-heading\" id=\"h-slik-soker-du-om-stipend\"><strong>Slik s\u00f8ker du om stipend<\/strong><\/h2>\n\n\n\n<p>Det f\u00f8rste du gj\u00f8r er \u00e5 starte s\u00f8knadsprosessen ved \u00e5 <strong>logge deg inn og opprette s\u00f8knad.<\/strong> N\u00e5r det er gjort, skal du finne Bl\u00e5 Kors vgs Grimstad. Da lages det en s\u00f8knad du finner p\u00e5\u00a0<strong>Dine sider<\/strong>\u00a0p\u00e5\u00a0<strong><a href=\"https:\/\/lanekassen.no\/\" target=\"_blank\" rel=\"noreferrer noopener\">lanekassen.no.<\/a><\/strong><\/p>\n\n\n\n\t\t<div class=\"wp-block-lib-accentuated-link\">\n\t\t\t<a class=\"lib-link__link\" href=\"https:\/\/lanekassen.no\/\" target=\"\" rel=\"noopener\">\n\t\t\t\t\n\t\t\t\t<div class=\"lib-link__text-content\">\n\t\t\t\t\t<span class=\"lib-link__tagline\">\n\t\t\t\t\t\tles ogs\u00e5\n\t\t\t\t\t<\/span>\n\n\t\t\t\t\t<h3 class=\"lib-link__title\">\n\t\t\t\t\t\tS\u00f8k studiefinanisering\n\t\t\t\t\t<\/h3>\n\n\t\t\t\t\t\n\t\t\t<span class=\"lib-link__link-source\">\n\t\t\t\tlanekassen.no\n\t\t\t\t<svg xmlns=\"http:\/\/www.w3.org\/2000\/svg\" viewBox=\"0 0 24 24\" height=\"24\" width=\"24\" class=\"t2-icon t2-icon-linkexternal\" aria-hidden=\"true\" focusable=\"false\"><path d=\"M5 21c-.5 0-1-.2-1.4-.6S3 19.6 3 19V5c0-.6.2-1 .6-1.4S4.5 3 5 3h6c.3 0 .5.1.7.3.2.2.3.4.3.7 0 .3-.1.5-.3.7-.2.2-.4.3-.7.3H5v14h14v-6c0-.3.1-.5.3-.7.2-.2.4-.3.7-.3s.5.1.7.3c.2.2.3.4.3.7v6c0 .6-.2 1-.6 1.4s-.8.6-1.4.6H5zm4-6c-.2-.2-.3-.4-.3-.7s.1-.5.3-.7L17.6 5H15c-.3 0-.5-.1-.7-.3-.2-.2-.3-.4-.3-.7 0-.3.1-.5.3-.7.2-.2.4-.3.7-.3h5c.3 0 .5.1.7.3.2.2.3.4.3.7v5c0 .3-.1.5-.3.7-.2.2-.4.3-.7.3s-.5-.1-.7-.3c-.2-.2-.3-.4-.3-.7V6.4L10.4 15c-.2.2-.4.3-.7.3s-.5-.1-.7-.3z\" fill=\"currentColor\" \/><\/svg>\n\t\t\t<\/span>\n\t\t\t\t<\/div>\n\t\t\t<\/a>\n\t\t<\/div>\n\n\n<h2 id=\"hoyt-fravaer\"  class=\"wp-block-heading\" >H\u00f8yt frav\u00e6r<\/h2>\n\n\n\n<p>Pass p\u00e5 hvis du har h\u00f8yt frav\u00e6r, endrer fag eller avbryter utdanningen. Du m\u00e5 melde fra til L\u00e5nekassen med en gang hvis du<\/p>\n\n\n\n<ul class=\"wp-block-list\">\n<li>Slutter eller tar en pause i utdanningen.<\/li>\n\n\n\n<li>Bytter skole eller studieretning.<\/li>\n\n\n\n<li>Flytter hjem til foreldrene dine.<\/li>\n<\/ul>\n\n\n\n<h2 id=\"skolen-melder-fra-til-lanekassen-hvis-du\"  class=\"wp-block-heading\" ><strong>Skolen melder fra til L\u00e5nekassen hvis du<\/strong><\/h2>\n\n\n\n<ul class=\"wp-block-list\">\n<li>Har stort frav\u00e6r.<\/li>\n\n\n\n<li>Slutter i et fag.<\/li>\n\n\n\n<li>F\u00e5r fritak fra et fag.<\/li>\n<\/ul>\n\n\n\n<p>Hvis du har for stort frav\u00e6r, slutter i fag eller f\u00e5r fritak for fag, kan det p\u00e5virke hvor mye stipend du f\u00e5r.<\/p>\n\n\n\n<h2 id=\"skal-du-pa-utveksling\"  class=\"wp-block-heading\" ><strong>Skal du p\u00e5 utveksling?<\/strong><\/h2>\n\n\n\n<p>Da m\u00e5 du sende inn bekreftelse fra skolen din i Norge og fra utvekslingsorganisasjonen. Du finner mer informasjon om utveksling i utlandet p\u00e5 L\u00e5nekassen sine nettsider. Du finner mer informasjon om stipend og l\u00e5n p\u00e5 lanekassen.no og p\u00e5 L\u00e5nekassen sin side p\u00e5 <a href=\"https:\/\/www.facebook.com\/lanekassen.no\" target=\"_blank\" rel=\"noopener\">Facebook<\/a> for deg p\u00e5 videreg\u00e5ende skole.<\/p>\n\n\n\n<p><strong>Hvis du trenger hjelp i s\u00f8keprosessen kan du kontakte resepsjonen<\/strong><\/p>\n","protected":false},"excerpt":{"rendered":"<p>Som elev ved en videreg\u00e5ende skole kan du ha rett til ulike stipend og l\u00e5n. Dette avhenger blant annet av om du bor hjemme eller borte, om du fors\u00f8rger noen og om du har brukt opp retten din eller ikke. Alle elever med&nbsp;ungdomsrett i videreg\u00e5ende oppl\u00e6ring&nbsp;kan f\u00e5 utstyrsstipend. Unntakene er l\u00e6rlinger, l\u00e6rekandidater og praksisbrevkandidater. Du [&hellip;]<\/p>\n","protected":false},"author":23,"featured_media":0,"parent":0,"menu_order":0,"comment_status":"closed","ping_status":"closed","template":"","meta":{"_acf_changed":false,"_relevanssi_hide_post":"","_relevanssi_hide_content":"","_relevanssi_pin_for_all":"on","_relevanssi_pin_keywords":"L\u00e5nekassen, studiefinansiering, s\u00f8k om stipend, stipend","_relevanssi_unpin_keywords":"","_relevanssi_related_keywords":"","_relevanssi_related_include_ids":"","_relevanssi_related_exclude_ids":"","_relevanssi_related_no_append":"","_relevanssi_related_not_related":"","_relevanssi_related_posts":"1","_relevanssi_noindex_reason":"","_custom_cards_description":"","footnotes":""},"class_list":["post-47","page","type-page","status-publish","hentry"],"acf":[],"_links":{"self":[{"href":"https:\/\/www.blakors.no\/videregaende-skole-grimstad\/wp-json\/wp\/v2\/pages\/47","targetHints":{"allow":["GET"]}}],"collection":[{"href":"https:\/\/www.blakors.no\/videregaende-skole-grimstad\/wp-json\/wp\/v2\/pages"}],"about":[{"href":"https:\/\/www.blakors.no\/videregaende-skole-grimstad\/wp-json\/wp\/v2\/types\/page"}],"author":[{"embeddable":true,"href":"https:\/\/www.blakors.no\/videregaende-skole-grimstad\/wp-json\/wp\/v2\/users\/23"}],"replies":[{"embeddable":true,"href":"https:\/\/www.blakors.no\/videregaende-skole-grimstad\/wp-json\/wp\/v2\/comments?post=47"}],"version-history":[{"count":5,"href":"https:\/\/www.blakors.no\/videregaende-skole-grimstad\/wp-json\/wp\/v2\/pages\/47\/revisions"}],"predecessor-version":[{"id":2241,"href":"https:\/\/www.blakors.no\/videregaende-skole-grimstad\/wp-json\/wp\/v2\/pages\/47\/revisions\/2241"}],"wp:attachment":[{"href":"https:\/\/www.blakors.no\/videregaende-skole-grimstad\/wp-json\/wp\/v2\/media?parent=47"}],"curies":[{"name":"wp","href":"https:\/\/api.w.org\/{rel}","templated":true}]}}