{"id":50,"date":"2021-08-24T09:01:54","date_gmt":"2021-08-24T07:01:54","guid":{"rendered":"https:\/\/www.blakors.no\/videregaende-skole-grimstad\/?page_id=50"},"modified":"2025-10-24T10:37:41","modified_gmt":"2025-10-24T08:37:41","slug":"forside","status":"publish","type":"page","link":"https:\/\/www.blakors.no\/videregaende-skole-grimstad\/","title":{"rendered":"Bl\u00e5 Kors videreg\u00e5ende skole Grimstad"},"content":{"rendered":"\n\t<div style=\"--t2-hero-dim:0;\" class=\"t2-hero t2-hero-content-position-center-left t2-hero-has-dim-0 t2-hero-image-position-right t2-hero-has-image alignfull wp-block-t2-hero has-background has-lila-light-background-color\">\n\t\t<img decoding=\"async\" width=\"2880\" height=\"3840\" src=\"https:\/\/www.blakors.no\/content\/uploads\/sites\/24\/2025\/03\/Ansatte-scaled.jpg\" class=\"t2-hero__image\" alt=\"\" style=\"object-position: 50% 50%;\" loading=\"eager\" fetchpriority=\"high\" srcset=\"https:\/\/www.blakors.no\/content\/uploads\/sites\/24\/2025\/03\/Ansatte-scaled.jpg 2880w, https:\/\/www.blakors.no\/content\/uploads\/sites\/24\/2025\/03\/Ansatte-225x300.jpg 225w, https:\/\/www.blakors.no\/content\/uploads\/sites\/24\/2025\/03\/Ansatte-768x1024.jpg 768w, https:\/\/www.blakors.no\/content\/uploads\/sites\/24\/2025\/03\/Ansatte-1152x1536.jpg 1152w, https:\/\/www.blakors.no\/content\/uploads\/sites\/24\/2025\/03\/Ansatte-1536x2048.jpg 1536w, https:\/\/www.blakors.no\/content\/uploads\/sites\/24\/2025\/03\/Ansatte-1080x1440.jpg 1080w\" sizes=\"(max-width: 2880px) 100vw, 2880px\" \/>\n\t\t<div class=\"t2-hero__header\"><div class=\"t2-hero__header__content\">\n\n<h1 id=\"trygghet-og-trivsel\"  class=\"wp-block-heading\" >Trygghet og trivsel <\/h1>\n\n\n\n<p><strong>Fokuset v\u00e5rt handler om trivsel, trygghet, tilh\u00f8righet og tett oppf\u00f8lging<\/strong>!<\/p>\n\n\n\n<p>Som elev p\u00e5 skolen f\u00e5r du blant annet: <\/p>\n\n\n\n<p>\u2022 Stort fokus p\u00e5 l\u00e6ringsmilj\u00f8 og sosialpedagogisk arbeid<\/p>\n\n\n\n<p>\u2022 Sm\u00e5 klasser <\/p>\n\n\n\n<p>\u2022 Faglig engasjerte l\u00e6rere med hjerte for elevene<\/p>\n\n\n\n<p>\u2022 Tett oppf\u00f8lging av voksne<\/p>\n\n\n\n<p>\u2022 Ikke lekser (gjelder ikke p\u00e5byggslinjen)<\/p>\n\n\n\n<p>\u2022 Det serveres frokost og lunsj<\/p>\n\n\n\n<p>\u2022 Skolen er helt gratis \u00e5 g\u00e5 p\u00e5<\/p>\n\n\n\n<div class=\"wp-block-buttons is-layout-flex wp-block-buttons-is-layout-flex\">\n<div class=\"wp-block-button\"><a class=\"wp-block-button__link wp-element-button\" href=\"https:\/\/www.blakors.no\/videregaende-skole-grimstad\/sok-skoleplass\/\">S\u00f8k skoleplass<\/a><\/div>\n<\/div>\n\n<\/div><\/div>\n\t<\/div>\n\n\n<div class=\"wp-block-lib-header alignfull hide\"><div class=\"image-wrapper\"><img decoding=\"async\" src=\"https:\/\/www.blakors.no\/content\/uploads\/sites\/24\/2021\/09\/Salg-service-og-reiseliv.jpg\" alt=\"header\"\/><\/div><div class=\"header-innercontent\"><\/div><\/div>\n\n\n\n<p>Vi er en vanlig videreg\u00e5ende skole der du kan bli l\u00e6rling innenfor linjene <br>Helse- og oppvekst, Salg- og reiseliv, samt Bygg- og anleggsteknikk. <br>Vi f\u00f8lger ordin\u00e6re kompetansem\u00e5l p\u00e5 veien mot et fagbrev.<br>Vi har ogs\u00e5 Vg3 P\u00e5byggslinje for \u00e5 oppn\u00e5 generell studiekompetanse.<\/p>\n\n\n\n<div class=\"wp-block-group is-layout-constrained wp-block-group-is-layout-constrained\">\n<iframe loading=\"lazy\" src=\"https:\/\/www.facebook.com\/plugins\/video.php?height=314&#038;href=https%3A%2F%2Fwww.facebook.com%2FElevplassBKVG%2Fvideos%2F591870617002801%2F&#038;show_text=false&#038;width=560&#038;t=0\" width=\"100%\" height=\"314\" style=\"border:none;overflow:hidden\" scrolling=\"no\" frameborder=\"0\" allowfullscreen=\"true\" allow=\"autoplay; clipboard-write; encrypted-media; picture-in-picture; web-share\" allowFullScreen=\"true\"><\/iframe>\n\n\n\n<p class=\"has-text-align-center\"><\/p>\n<\/div>\n\n\n\n<h2 class=\"wp-block-heading has-text-align-center\" id=\"h-vare-studietilbud\">V\u00e5re studietilbud:<\/h2>\n\n\n<div class=\"t2-featured-content-layout alignwide alignwide wp-block-t2-featured-content-layout\" role=\"list\">\n<div class=\"t2-featured-single-post t2-featured-content is-post-type-page wp-block-t2-featured-single-post t2-featured-content-layout-col-6\" role=\"listitem\"><a class=\"t2-post-link wp-block-t2-post-link\" href=\"https:\/\/www.blakors.no\/videregaende-skole-grimstad\/bygg-og-anleggsteknikk\/\">\n<figure style=\"--t2-focal-point: 50% 50%;\" class=\"t2-post-featured-image has-image-ratio-16-9 wp-block-t2-post-featured-image\"><img loading=\"lazy\" decoding=\"async\" width=\"1080\" height=\"720\" src=\"https:\/\/www.blakors.no\/content\/uploads\/sites\/24\/2021\/08\/P1050843.jpg\" class=\"attachment-post-thumbnail size-post-thumbnail wp-post-image\" alt=\"Elever i vernekl\u00e6r setter opp en vekk p\u00e5 et bygg. De har hjelm p\u00e5 hodet\" srcset=\"https:\/\/www.blakors.no\/content\/uploads\/sites\/24\/2021\/08\/P1050843.jpg 1080w, https:\/\/www.blakors.no\/content\/uploads\/sites\/24\/2021\/08\/P1050843-300x200.jpg 300w, https:\/\/www.blakors.no\/content\/uploads\/sites\/24\/2021\/08\/P1050843-1024x683.jpg 1024w, https:\/\/www.blakors.no\/content\/uploads\/sites\/24\/2021\/08\/P1050843-768x512.jpg 768w\" sizes=\"auto, (min-width: 782px) 650px, 100vw\" \/><\/figure>\n\n<div class=\"wp-block-group alignfull is-layout-flow wp-block-group-is-layout-flow\">\n\t<h2 id=\"bygg-og-anleggsteknikk\"  class=\"t2-post-title wp-block-t2-post-title\" >Bygg- og anleggsteknikk<\/h2>\n\t<div class=\"wp-block-post-date__modified-date wp-block-post-date\"><time datetime=\"2025-05-26T11:06:52+02:00\">26. mai 2025<\/time><\/div>\n\t\t\t<div class=\"single-meta t2-post-excerpt card-description wp-block-blakors-meta-display\"><\/div>\n\t\n<\/div>\n\n<\/a>\n<\/div>\n\n<div class=\"t2-featured-single-post t2-featured-content is-post-type-page wp-block-t2-featured-single-post t2-featured-content-layout-col-6\" role=\"listitem\"><a class=\"t2-post-link wp-block-t2-post-link\" href=\"https:\/\/www.blakors.no\/videregaende-skole-grimstad\/helse-og-oppvekstfag\/\">\n<figure style=\"--t2-focal-point: 50% 50%;\" class=\"t2-post-featured-image has-image-ratio-16-9 wp-block-t2-post-featured-image\"><img loading=\"lazy\" decoding=\"async\" width=\"1500\" height=\"844\" src=\"https:\/\/www.blakors.no\/content\/uploads\/sites\/24\/2021\/09\/Grooseveien-36.jpg\" class=\"attachment-post-thumbnail size-post-thumbnail wp-post-image\" alt=\"Bilde av Grooseveien 36 sett fra s\u00f8r-\u00f8st. Bildet er l\u00e5nt med tillatelse fra Grimstad adressetidene.\" srcset=\"https:\/\/www.blakors.no\/content\/uploads\/sites\/24\/2021\/09\/Grooseveien-36.jpg 1500w, https:\/\/www.blakors.no\/content\/uploads\/sites\/24\/2021\/09\/Grooseveien-36-300x169.jpg 300w, https:\/\/www.blakors.no\/content\/uploads\/sites\/24\/2021\/09\/Grooseveien-36-1024x576.jpg 1024w, https:\/\/www.blakors.no\/content\/uploads\/sites\/24\/2021\/09\/Grooseveien-36-768x432.jpg 768w\" sizes=\"auto, (min-width: 782px) 650px, 100vw\" \/><\/figure>\n\n<div class=\"wp-block-group alignfull is-layout-flow wp-block-group-is-layout-flow\">\n\t<h2 id=\"helse-og-oppvekstfag\"  class=\"t2-post-title wp-block-t2-post-title\" >Helse- og oppvekstfag<\/h2>\n\t<div class=\"wp-block-post-date__modified-date wp-block-post-date\"><time datetime=\"2025-06-10T14:51:08+02:00\">10. juni 2025<\/time><\/div>\n\t\t\t<div class=\"single-meta t2-post-excerpt card-description wp-block-blakors-meta-display\"><\/div>\n\t\n<\/div>\n\n<\/a>\n<\/div>\n\n<div class=\"t2-featured-single-post t2-featured-content is-post-type-page wp-block-t2-featured-single-post t2-featured-content-layout-col-6\" role=\"listitem\"><a class=\"t2-post-link wp-block-t2-post-link\" href=\"https:\/\/www.blakors.no\/videregaende-skole-grimstad\/salg-service-og-reiseliv\/\">\n<figure style=\"--t2-focal-point: 50% 50%;\" class=\"t2-post-featured-image has-image-ratio-16-9 wp-block-t2-post-featured-image\"><img loading=\"lazy\" decoding=\"async\" width=\"1280\" height=\"853\" src=\"https:\/\/www.blakors.no\/content\/uploads\/sites\/24\/2021\/09\/Salg-service-og-reiseliv.jpg\" class=\"attachment-post-thumbnail size-post-thumbnail wp-post-image\" alt=\"En ung kvinne lager kaffe. Hun har p\u00e5 lue og smiler bredt\" srcset=\"https:\/\/www.blakors.no\/content\/uploads\/sites\/24\/2021\/09\/Salg-service-og-reiseliv.jpg 1280w, https:\/\/www.blakors.no\/content\/uploads\/sites\/24\/2021\/09\/Salg-service-og-reiseliv-300x200.jpg 300w, https:\/\/www.blakors.no\/content\/uploads\/sites\/24\/2021\/09\/Salg-service-og-reiseliv-1024x682.jpg 1024w, https:\/\/www.blakors.no\/content\/uploads\/sites\/24\/2021\/09\/Salg-service-og-reiseliv-768x512.jpg 768w\" sizes=\"auto, (min-width: 782px) 650px, 100vw\" \/><\/figure>\n\n<div class=\"wp-block-group alignfull is-layout-flow wp-block-group-is-layout-flow\">\n\t<h2 id=\"salg-service-og-reiseliv\"  class=\"t2-post-title wp-block-t2-post-title\" >Salg, service og reiseliv<\/h2>\n\t<div class=\"wp-block-post-date__modified-date wp-block-post-date\"><time datetime=\"2025-05-26T11:10:44+02:00\">26. mai 2025<\/time><\/div>\n\t\t\t<div class=\"single-meta t2-post-excerpt card-description wp-block-blakors-meta-display\"><\/div>\n\t\n<\/div>\n\n<\/a>\n<\/div>\n\n<div class=\"t2-featured-single-post t2-featured-content is-post-type-page wp-block-t2-featured-single-post t2-featured-content-layout-col-6\" role=\"listitem\"><a class=\"t2-post-link wp-block-t2-post-link\" href=\"https:\/\/www.blakors.no\/videregaende-skole-grimstad\/vg3-pabygging-til-generell-studiekompetanse\/\">\n<figure style=\"--t2-focal-point: 50% 50%;\" class=\"t2-post-featured-image has-image-ratio-16-9 wp-block-t2-post-featured-image\"><img loading=\"lazy\" decoding=\"async\" width=\"2048\" height=\"1366\" src=\"https:\/\/www.blakors.no\/content\/uploads\/sites\/24\/2021\/09\/Generell-studiekompetanse-scaled.jpg\" class=\"attachment-post-thumbnail size-post-thumbnail wp-post-image\" alt=\"Ung mann smiler og tar seg til lua\" srcset=\"https:\/\/www.blakors.no\/content\/uploads\/sites\/24\/2021\/09\/Generell-studiekompetanse-scaled.jpg 2048w, https:\/\/www.blakors.no\/content\/uploads\/sites\/24\/2021\/09\/Generell-studiekompetanse-300x200.jpg 300w, https:\/\/www.blakors.no\/content\/uploads\/sites\/24\/2021\/09\/Generell-studiekompetanse-1024x683.jpg 1024w, https:\/\/www.blakors.no\/content\/uploads\/sites\/24\/2021\/09\/Generell-studiekompetanse-768x512.jpg 768w, https:\/\/www.blakors.no\/content\/uploads\/sites\/24\/2021\/09\/Generell-studiekompetanse-1536x1025.jpg 1536w\" sizes=\"auto, (min-width: 782px) 650px, 100vw\" \/><\/figure>\n\n<div class=\"wp-block-group alignfull is-layout-flow wp-block-group-is-layout-flow\">\n\t<h2 id=\"vg3vg4-pabygging-til-generell-studiekompetanse\"  class=\"t2-post-title wp-block-t2-post-title\" >Vg3&#038;Vg4 p\u00e5bygging til generell studiekompetanse<\/h2>\n\t<div class=\"wp-block-post-date__modified-date wp-block-post-date\"><time datetime=\"2025-07-30T08:54:23+02:00\">30. juli 2025<\/time><\/div>\n\t\t\t<div class=\"single-meta t2-post-excerpt card-description wp-block-blakors-meta-display\"><\/div>\n\t\n<\/div>\n\n<\/a>\n<\/div>\n<\/div>\n\n\n<div class=\"wp-block-group alignwide has-brown-light-background-color has-background is-layout-constrained wp-block-group-is-layout-constrained\">\n<h2 id=\"les-mer-om\"  class=\"wp-block-heading\" >Les mer om:<\/h2>\n\n\n<ul class=\"t2-link-list has-3-items has-auto-columns wp-block-t2-link-list\">\n\t<li class=\"has-background has-white-background-color t2-link-list-item wp-block-t2-link-list-item\">\n\t\t<a\n\t\t\thref=\"https:\/\/www.blakors.no\/videregaende-skole-grimstad\/hva-skal-du-bli\/\"\n\t\t\tclass=\"t2-link-list-item__link t2-link-list__icon--right\"\n\t\t\t\t\t>\n\t\t\t<span class=\"t2-link-list-item__icon\"><span class=\"t2-link-list-item__icon-box\"><\/span><svg xmlns=\"http:\/\/www.w3.org\/2000\/svg\" viewBox=\"0 0 24 24\" height=\"24\" width=\"24\" class=\"t2-icon t2-icon-arrowforward\" aria-hidden=\"true\" focusable=\"false\"><path d=\"M11.3 19.3c-.2-.2-.3-.4-.3-.7 0-.3.1-.5.3-.7l4.9-4.9H5c-.3 0-.5-.1-.7-.3-.2-.2-.3-.4-.3-.7s.1-.5.3-.7c.2-.2.4-.3.7-.3h11.2l-4.9-4.9c-.2-.2-.3-.4-.3-.7 0-.3.1-.5.3-.7.2-.2.4-.3.7-.3s.5.1.7.3l6.6 6.6c.1.1.2.2.2.3 0 .1.1.3.1.4 0 .1 0 .3-.1.4 0 .1-.1.2-.2.3l-6.6 6.6c-.2.2-.4.3-.7.3s-.5-.1-.7-.3z\" fill=\"currentColor\" \/><\/svg><\/span>\t\t\t<div class=\"t2-link-list-item__content\">\n\n\t\t\t\t\n\t\t\t\t<span id=\"link-list-item-text\" class=\"t2-link-list-item__text\">\n\t\t\t\t\tHva skal du bli?\t\t\t\t<\/span>\n\t\t\t\t\t\t\t<\/div>\n\t\t<\/a>\n\t<\/li>\n\t\n\n\t<li class=\"has-background has-white-background-color t2-link-list-item wp-block-t2-link-list-item\">\n\t\t<a\n\t\t\thref=\"https:\/\/www.blakors.no\/videregaende-skole-grimstad\/studieteknikk\/\"\n\t\t\tclass=\"t2-link-list-item__link t2-link-list__icon--right\"\n\t\t\t\t\t>\n\t\t\t<span class=\"t2-link-list-item__icon\"><span class=\"t2-link-list-item__icon-box\"><\/span><svg xmlns=\"http:\/\/www.w3.org\/2000\/svg\" viewBox=\"0 0 24 24\" height=\"24\" width=\"24\" class=\"t2-icon t2-icon-arrowforward\" aria-hidden=\"true\" focusable=\"false\"><path d=\"M11.3 19.3c-.2-.2-.3-.4-.3-.7 0-.3.1-.5.3-.7l4.9-4.9H5c-.3 0-.5-.1-.7-.3-.2-.2-.3-.4-.3-.7s.1-.5.3-.7c.2-.2.4-.3.7-.3h11.2l-4.9-4.9c-.2-.2-.3-.4-.3-.7 0-.3.1-.5.3-.7.2-.2.4-.3.7-.3s.5.1.7.3l6.6 6.6c.1.1.2.2.2.3 0 .1.1.3.1.4 0 .1 0 .3-.1.4 0 .1-.1.2-.2.3l-6.6 6.6c-.2.2-.4.3-.7.3s-.5-.1-.7-.3z\" fill=\"currentColor\" \/><\/svg><\/span>\t\t\t<div class=\"t2-link-list-item__content\">\n\n\t\t\t\t\n\t\t\t\t<span id=\"link-list-item-text-1\" class=\"t2-link-list-item__text\">\n\t\t\t\t\tStudieteknikk\t\t\t\t<\/span>\n\t\t\t\t\t\t\t<\/div>\n\t\t<\/a>\n\t<\/li>\n\t\n\n\t<li class=\"has-background has-white-background-color t2-link-list-item wp-block-t2-link-list-item\">\n\t\t<a\n\t\t\thref=\"https:\/\/www.blakors.no\/videregaende-skole-grimstad\/meld-fra-om-mobbing\/\"\n\t\t\tclass=\"t2-link-list-item__link t2-link-list__icon--right\"\n\t\t\t\t\t>\n\t\t\t<span class=\"t2-link-list-item__icon\"><span class=\"t2-link-list-item__icon-box\"><\/span><svg xmlns=\"http:\/\/www.w3.org\/2000\/svg\" viewBox=\"0 0 24 24\" height=\"24\" width=\"24\" class=\"t2-icon t2-icon-arrowforward\" aria-hidden=\"true\" focusable=\"false\"><path d=\"M11.3 19.3c-.2-.2-.3-.4-.3-.7 0-.3.1-.5.3-.7l4.9-4.9H5c-.3 0-.5-.1-.7-.3-.2-.2-.3-.4-.3-.7s.1-.5.3-.7c.2-.2.4-.3.7-.3h11.2l-4.9-4.9c-.2-.2-.3-.4-.3-.7 0-.3.1-.5.3-.7.2-.2.4-.3.7-.3s.5.1.7.3l6.6 6.6c.1.1.2.2.2.3 0 .1.1.3.1.4 0 .1 0 .3-.1.4 0 .1-.1.2-.2.3l-6.6 6.6c-.2.2-.4.3-.7.3s-.5-.1-.7-.3z\" fill=\"currentColor\" \/><\/svg><\/span>\t\t\t<div class=\"t2-link-list-item__content\">\n\n\t\t\t\t\n\t\t\t\t<span id=\"link-list-item-text-2\" class=\"t2-link-list-item__text\">\n\t\t\t\t\tMeld fra om mobbing eller d\u00e5rlig skolemilj\u00f8\t\t\t\t<\/span>\n\t\t\t\t\t\t\t<\/div>\n\t\t<\/a>\n\t<\/li>\n\t\n<\/ul><\/div>\n","protected":false},"excerpt":{"rendered":"<p>Vi er en vanlig videreg\u00e5ende skole der du kan bli l\u00e6rling innenfor linjene Helse- og oppvekst, Salg- og reiseliv, samt Bygg- og anleggsteknikk. Vi f\u00f8lger ordin\u00e6re kompetansem\u00e5l p\u00e5 veien mot et fagbrev.Vi har ogs\u00e5 Vg3 P\u00e5byggslinje for \u00e5 oppn\u00e5 generell studiekompetanse. V\u00e5re studietilbud: Les mer om:<\/p>\n","protected":false},"author":23,"featured_media":900,"parent":0,"menu_order":0,"comment_status":"closed","ping_status":"closed","template":"","meta":{"_acf_changed":false,"_relevanssi_hide_post":"","_relevanssi_hide_content":"","_relevanssi_pin_for_all":"","_relevanssi_pin_keywords":"","_relevanssi_unpin_keywords":"","_relevanssi_related_keywords":"","_relevanssi_related_include_ids":"","_relevanssi_related_exclude_ids":"","_relevanssi_related_no_append":"","_relevanssi_related_not_related":"","_relevanssi_related_posts":"1","_relevanssi_noindex_reason":"","_custom_cards_description":"","footnotes":""},"class_list":["post-50","page","type-page","status-publish","has-post-thumbnail","hentry"],"acf":[],"_links":{"self":[{"href":"https:\/\/www.blakors.no\/videregaende-skole-grimstad\/wp-json\/wp\/v2\/pages\/50","targetHints":{"allow":["GET"]}}],"collection":[{"href":"https:\/\/www.blakors.no\/videregaende-skole-grimstad\/wp-json\/wp\/v2\/pages"}],"about":[{"href":"https:\/\/www.blakors.no\/videregaende-skole-grimstad\/wp-json\/wp\/v2\/types\/page"}],"author":[{"embeddable":true,"href":"https:\/\/www.blakors.no\/videregaende-skole-grimstad\/wp-json\/wp\/v2\/users\/23"}],"replies":[{"embeddable":true,"href":"https:\/\/www.blakors.no\/videregaende-skole-grimstad\/wp-json\/wp\/v2\/comments?post=50"}],"version-history":[{"count":5,"href":"https:\/\/www.blakors.no\/videregaende-skole-grimstad\/wp-json\/wp\/v2\/pages\/50\/revisions"}],"predecessor-version":[{"id":2377,"href":"https:\/\/www.blakors.no\/videregaende-skole-grimstad\/wp-json\/wp\/v2\/pages\/50\/revisions\/2377"}],"wp:featuredmedia":[{"embeddable":true,"href":"https:\/\/www.blakors.no\/videregaende-skole-grimstad\/wp-json\/wp\/v2\/media\/900"}],"wp:attachment":[{"href":"https:\/\/www.blakors.no\/videregaende-skole-grimstad\/wp-json\/wp\/v2\/media?parent=50"}],"curies":[{"name":"wp","href":"https:\/\/api.w.org\/{rel}","templated":true}]}}